{"id":10614,"date":"2022-01-19T12:53:36","date_gmt":"2022-01-19T11:53:36","guid":{"rendered":"https:\/\/new.tiketi.com\/taxi-booking-in-lagos-nigeria-cheap-and-best-taxis-service\/"},"modified":"2022-02-22T12:01:37","modified_gmt":"2022-02-22T11:01:37","slug":"taxi-booking-lagos-nigeria-services","status":"publish","type":"page","link":"https:\/\/tiketi.com\/fr-fr\/taxi-booking-lagos-nigeria-services\/","title":{"rendered":"Taxi \u00e0 Lagos Nigeria R\u00e9servation en ligne - Meilleur service de taxis"},"content":{"rendered":"<h2>Application de taxi bon march\u00e9 et meilleure \u00e0 Lagos au Nigeria<\/h2>\n<h3>Utilisez la meilleure application de taxi \u00e0 Lagos Nigeria pour r\u00e9server en ligne les services de taxi bon march\u00e9 de Lagos Nigeria simples et faciles.<\/h3>\n<p>Taxi pas cher \u00e0 Lagos Nigeria r\u00e9servation en ligne facile. L&#039;un des moyens les plus simples de se d\u00e9placer est d&#039;utiliser les services de taxi de Lagos Nigeria. Il existe de nombreuses compagnies de taxis s\u00fbres \u00e0 Lagos, au Nigeria, utilisant \u00e0 la fois des tarifs fixes et des tarifs mesur\u00e9s, et elles acceptent g\u00e9n\u00e9ralement les esp\u00e8ces. Voici les avantages d&#039;utiliser une meilleure application de taxi \u00e0 Lagos au Nigeria sur votre smartphone et comment vous pouvez r\u00e9server en ligne les meilleurs services de taxi \u00e0 Johannesburg :<\/p>\n<h2>Taxi \u00e0 Lagos Nigeria R\u00e9servation en ligne, itin\u00e9raires et tarifs FAQ<\/h2>\n<h3>Combien co\u00fbte le taxi \u00e0 Lagos Nigeria?<\/h3>\n<p>Le tarif du taxi \u00e0 Lagos au Nigeria de l&#039;a\u00e9roport Murtala Muhammad de Lagos \u00e0 la place Tinubu sur l&#039;\u00eele de Lagos est d&#039;environ 5 000 NGN. G\u00e9n\u00e9ralement, le temps de trajet est de quarante-cinq minutes.<\/p>\n<h3>Conseils pour louer un taxi Lagos Nigeria<\/h3>\n<p>Il peut \u00eatre difficile de trouver un taxi dans une ville anim\u00e9e et au rythme rapide comme Lagos, principalement pour les visiteurs novices, alors utilisez la meilleure application de taxi \u00e0 Lagos, au Nigeria, pour r\u00e9server les meilleurs services de taxi \u00e0 Lagos, au Nigeria, simple et facile en ligne . Il y a des centaines d&#039;op\u00e9rateurs de taxis s\u00fbrs \u00e0 Lagos, au Nigeria, dans la ville, et vous n&#039;aurez peut-\u00eatre que l&#039;embarras du choix.<\/p>\n<h3>Ils sont peints \u00e0 la couleur de Lagos<\/h3>\n<p>La couleur de Lagos pour les bus commerciaux et les taxis est le jaune, si vous visitez d&#039;autres \u00c9tats, ils ont \u00e9galement leurs couleurs d&#039;op\u00e9rateur de transport. Habituellement, les taxis commerciaux qui ne sont pas rev\u00eatus de jaune ne doivent pas circuler. Mais, Lagos est la ville des arnaqueurs, donc n&#039;importe quelle couleur de taxi peut fonctionner. Si vous avez besoin d&#039;un taxi, il est pr\u00e9f\u00e9rable d&#039;opter pour celui peint en jaune. Ce n&#039;est pas seulement s\u00fbr, mais il peut simplement suivre le conducteur jusqu&#039;\u00e0 son parc si vous avez des plaintes ou si vous oubliez quelque chose dans son v\u00e9hicule.<\/p>\n<h3>Ne sois pas trop bavard<\/h3>\n<p>Vous \u00eates-vous d\u00e9j\u00e0 demand\u00e9 pourquoi certains chauffeurs de taxi du m\u00e9tro de Lagos, au Nigeria, sont bavards ? Ils veulent toujours entamer une conversation avec vous. Si vous envisagez peut-\u00eatre de discuter avec eux, ne montrez pas trop d&#039;informations sur vous-m\u00eame.<\/p>\n<h3>La meilleure application de taxi \u00e0 Lagos au Nigeria vous aide \u00e0 r\u00e9server avant de monter \u00e0 bord<\/h3>\n<p>Sauf si vous avez un chauffeur de taxi particulier, vous devez n\u00e9gocier. N&#039;en concluez pas qu&#039;ils admettront un prix alors que vous n&#039;avez pas n\u00e9goci\u00e9. Si vous le faites, ils vous humilient ou vous engagent dans une bataille d&#039;esprit. Sinon, t\u00e9l\u00e9chargez notre meilleure application de taxi \u00e0 Lagos Nigeria et r\u00e9servez votre taxi pas cher et facile en ligne.<\/p>\n<h2>Meilleurs conseils pour les services de taxi \u00e0 Lagos au Nigeria<\/h2>\n<p>La r\u00e9servation d&#039;un taxi \u00e0 Lagos au Nigeria co\u00fbte g\u00e9n\u00e9ralement plus cher que les bus. Avec les taxis plus anciens, il est conseill\u00e9 de n\u00e9gocier le prix avant d&#039;entrer et de payer \u00e0 l&#039;arriv\u00e9e. Les taxis sont relativement s\u00e9curis\u00e9s. L&#039;\u00c9tat s&#039;est lanc\u00e9 dans le remplacement progressif des bus branlants et des services de taxi de Lagos Nigeria par des services modernes, dot\u00e9s des meilleures installations pour am\u00e9liorer le confort.<\/p>\n<p>Gr\u00e2ce \u00e0 des partenariats public-priv\u00e9, de nouveaux taxis sont r\u00e9guli\u00e8rement introduits par des chauffeurs de taxi professionnels. Avec des tarifs de taxi \u00e0 Lagos, au Nigeria, aussi bas que N400, selon la distance, les nouveaux taxis AC cr\u00e9ent d\u00e9j\u00e0 une nouvelle image pour Lagos. Les taxis peuvent \u00eatre trouv\u00e9s presque partout, et tous les nouveaux taxis ont des num\u00e9ros sur eux que vous pouvez appeler pour une prise en charge.<\/p>","protected":false},"excerpt":{"rendered":"<p>Cheap and Best Taxi App in Lagos Nigeria Use the best taxi app in Lagos Nigeria to book the cheap Lagos Nigeria taxi services simple and easy online. Cheap taxi in Lagos Nigeria online booking made easy. One of the simplest ways to get around is by Lagos Nigeria taxi services. There are many safe [&hellip;]<\/p>\n","protected":false},"author":1,"featured_media":14664,"parent":0,"menu_order":0,"comment_status":"open","ping_status":"closed","template":"template-home-modern.php","meta":{"footnotes":""},"class_list":["post-10614","page","type-page","status-publish","has-post-thumbnail","hentry"],"yoast_head":"<!-- This site is optimized with the Yoast SEO plugin v27.2 - https:\/\/yoast.com\/product\/yoast-seo-wordpress\/ -->\n<title>Taxi in Lagos Nigeria Online Booking - Best Taxis Service<\/title>\n<meta name=\"description\" content=\"Looking for safest taxi in Lagos Nigeria online booking? Use the best taxi app in Lagos Nigeria and book cheap and best cab services in Lagos online\" \/>\n<meta name=\"robots\" content=\"index, follow, max-snippet:-1, max-image-preview:large, max-video-preview:-1\" \/>\n<link rel=\"canonical\" href=\"https:\/\/tiketi.com\/fr-fr\/taxi-booking-lagos-nigeria-services\/\" \/>\n<meta property=\"og:locale\" content=\"fr_FR\" \/>\n<meta property=\"og:type\" content=\"article\" \/>\n<meta property=\"og:title\" content=\"Taxi in Lagos Nigeria Online Booking - Best Taxis Service\" \/>\n<meta property=\"og:description\" content=\"Looking for safest taxi in Lagos Nigeria online booking? Use the best taxi app in Lagos Nigeria and book cheap and best cab services in Lagos online\" \/>\n<meta property=\"og:url\" content=\"https:\/\/tiketi.com\/fr-fr\/taxi-booking-lagos-nigeria-services\/\" \/>\n<meta property=\"og:site_name\" content=\"Tiketi.com\" \/>\n<meta property=\"article:publisher\" content=\"https:\/\/www.facebook.com\/TiketiCom\/\" \/>\n<meta property=\"article:modified_time\" content=\"2022-02-22T11:01:37+00:00\" \/>\n<meta property=\"og:image\" content=\"https:\/\/tiketi.com\/wp-content\/uploads\/2022\/01\/taxi-booking-5440936_1280.jpg\" \/>\n\t<meta property=\"og:image:width\" content=\"1200\" \/>\n\t<meta property=\"og:image:height\" content=\"205\" \/>\n\t<meta property=\"og:image:type\" content=\"image\/jpeg\" \/>\n<meta name=\"twitter:card\" content=\"summary_large_image\" \/>\n<meta name=\"twitter:label1\" content=\"Dur\u00e9e de lecture estim\u00e9e\" \/>\n\t<meta name=\"twitter:data1\" content=\"3 minutes\" \/>\n<script type=\"application\/ld+json\" class=\"yoast-schema-graph\">{\"@context\":\"https:\/\/schema.org\",\"@graph\":[{\"@type\":\"WebPage\",\"@id\":\"https:\/\/tiketi.com\/taxi-booking-lagos-nigeria-services\/\",\"url\":\"https:\/\/tiketi.com\/taxi-booking-lagos-nigeria-services\/\",\"name\":\"Taxi in Lagos Nigeria Online Booking - Best Taxis Service\",\"isPartOf\":{\"@id\":\"https:\/\/tiketi.com\/#website\"},\"primaryImageOfPage\":{\"@id\":\"https:\/\/tiketi.com\/taxi-booking-lagos-nigeria-services\/#primaryimage\"},\"image\":{\"@id\":\"https:\/\/tiketi.com\/taxi-booking-lagos-nigeria-services\/#primaryimage\"},\"thumbnailUrl\":\"https:\/\/tiketi.com\/wp-content\/uploads\/2022\/01\/taxi-booking-5440936_1280.jpg\",\"datePublished\":\"2022-01-19T11:53:36+00:00\",\"dateModified\":\"2022-02-22T11:01:37+00:00\",\"description\":\"Looking for safest taxi in Lagos Nigeria online booking? Use the best taxi app in Lagos Nigeria and book cheap and best cab services in Lagos online\",\"breadcrumb\":{\"@id\":\"https:\/\/tiketi.com\/taxi-booking-lagos-nigeria-services\/#breadcrumb\"},\"inLanguage\":\"fr-FR\",\"potentialAction\":[{\"@type\":\"ReadAction\",\"target\":[\"https:\/\/tiketi.com\/taxi-booking-lagos-nigeria-services\/\"]}]},{\"@type\":\"ImageObject\",\"inLanguage\":\"fr-FR\",\"@id\":\"https:\/\/tiketi.com\/taxi-booking-lagos-nigeria-services\/#primaryimage\",\"url\":\"https:\/\/tiketi.com\/wp-content\/uploads\/2022\/01\/taxi-booking-5440936_1280.jpg\",\"contentUrl\":\"https:\/\/tiketi.com\/wp-content\/uploads\/2022\/01\/taxi-booking-5440936_1280.jpg\",\"width\":1200,\"height\":205,\"caption\":\"Book a Taxi \/ Robotaxi\"},{\"@type\":\"BreadcrumbList\",\"@id\":\"https:\/\/tiketi.com\/taxi-booking-lagos-nigeria-services\/#breadcrumb\",\"itemListElement\":[{\"@type\":\"ListItem\",\"position\":1,\"name\":\"Home\",\"item\":\"https:\/\/tiketi.com\/\"},{\"@type\":\"ListItem\",\"position\":2,\"name\":\"Taxi in Lagos Nigeria Online Booking &#8211; Best Taxis Service\"}]},{\"@type\":\"WebSite\",\"@id\":\"https:\/\/tiketi.com\/#website\",\"url\":\"https:\/\/tiketi.com\/\",\"name\":\"Flight & Bus Tickets, Tour Packages & Activitites - Tiketi.com\",\"description\":\"Flight &amp; Bus Tickets, Tours, Activitites\",\"publisher\":{\"@id\":\"https:\/\/tiketi.com\/#organization\"},\"potentialAction\":[{\"@type\":\"SearchAction\",\"target\":{\"@type\":\"EntryPoint\",\"urlTemplate\":\"https:\/\/tiketi.com\/?s={search_term_string}\"},\"query-input\":{\"@type\":\"PropertyValueSpecification\",\"valueRequired\":true,\"valueName\":\"search_term_string\"}}],\"inLanguage\":\"fr-FR\"},{\"@type\":\"Organization\",\"@id\":\"https:\/\/tiketi.com\/#organization\",\"name\":\"Tiketi.com\",\"alternateName\":\"Tiketi\",\"url\":\"https:\/\/tiketi.com\/\",\"logo\":{\"@type\":\"ImageObject\",\"inLanguage\":\"fr-FR\",\"@id\":\"https:\/\/tiketi.com\/#\/schema\/logo\/image\/\",\"url\":\"https:\/\/tiketi.com\/wp-content\/uploads\/2019\/05\/tiketi-logo-696.png\",\"contentUrl\":\"https:\/\/tiketi.com\/wp-content\/uploads\/2019\/05\/tiketi-logo-696.png\",\"width\":696,\"height\":696,\"caption\":\"Tiketi.com\"},\"image\":{\"@id\":\"https:\/\/tiketi.com\/#\/schema\/logo\/image\/\"},\"sameAs\":[\"https:\/\/www.facebook.com\/TiketiCom\/\"]}]}<\/script>\n<!-- \/ Yoast SEO plugin. -->","yoast_head_json":{"title":"Taxi \u00e0 Lagos Nigeria R\u00e9servation en ligne - Meilleur service de taxis","description":"Vous recherchez la r\u00e9servation en ligne du taxi le plus s\u00fbr \u00e0 Lagos au Nigeria? Utilisez la meilleure application de taxi \u00e0 Lagos au Nigeria et r\u00e9servez en ligne les meilleurs services de taxi \u00e0 Lagos","robots":{"index":"index","follow":"follow","max-snippet":"max-snippet:-1","max-image-preview":"max-image-preview:large","max-video-preview":"max-video-preview:-1"},"canonical":"https:\/\/tiketi.com\/fr-fr\/taxi-booking-lagos-nigeria-services\/","og_locale":"fr_FR","og_type":"article","og_title":"Taxi in Lagos Nigeria Online Booking - Best Taxis Service","og_description":"Looking for safest taxi in Lagos Nigeria online booking? Use the best taxi app in Lagos Nigeria and book cheap and best cab services in Lagos online","og_url":"https:\/\/tiketi.com\/fr-fr\/taxi-booking-lagos-nigeria-services\/","og_site_name":"Tiketi.com","article_publisher":"https:\/\/www.facebook.com\/TiketiCom\/","article_modified_time":"2022-02-22T11:01:37+00:00","og_image":[{"width":1200,"height":205,"url":"https:\/\/tiketi.com\/wp-content\/uploads\/2022\/01\/taxi-booking-5440936_1280.jpg","type":"image\/jpeg"}],"twitter_card":"summary_large_image","twitter_misc":{"Dur\u00e9e de lecture estim\u00e9e":"3 minutes"},"schema":{"@context":"https:\/\/schema.org","@graph":[{"@type":"WebPage","@id":"https:\/\/tiketi.com\/taxi-booking-lagos-nigeria-services\/","url":"https:\/\/tiketi.com\/taxi-booking-lagos-nigeria-services\/","name":"Taxi \u00e0 Lagos Nigeria R\u00e9servation en ligne - Meilleur service de taxis","isPartOf":{"@id":"https:\/\/tiketi.com\/#website"},"primaryImageOfPage":{"@id":"https:\/\/tiketi.com\/taxi-booking-lagos-nigeria-services\/#primaryimage"},"image":{"@id":"https:\/\/tiketi.com\/taxi-booking-lagos-nigeria-services\/#primaryimage"},"thumbnailUrl":"https:\/\/tiketi.com\/wp-content\/uploads\/2022\/01\/taxi-booking-5440936_1280.jpg","datePublished":"2022-01-19T11:53:36+00:00","dateModified":"2022-02-22T11:01:37+00:00","description":"Vous recherchez la r\u00e9servation en ligne du taxi le plus s\u00fbr \u00e0 Lagos au Nigeria? Utilisez la meilleure application de taxi \u00e0 Lagos au Nigeria et r\u00e9servez en ligne les meilleurs services de taxi \u00e0 Lagos","breadcrumb":{"@id":"https:\/\/tiketi.com\/taxi-booking-lagos-nigeria-services\/#breadcrumb"},"inLanguage":"fr-FR","potentialAction":[{"@type":"ReadAction","target":["https:\/\/tiketi.com\/taxi-booking-lagos-nigeria-services\/"]}]},{"@type":"ImageObject","inLanguage":"fr-FR","@id":"https:\/\/tiketi.com\/taxi-booking-lagos-nigeria-services\/#primaryimage","url":"https:\/\/tiketi.com\/wp-content\/uploads\/2022\/01\/taxi-booking-5440936_1280.jpg","contentUrl":"https:\/\/tiketi.com\/wp-content\/uploads\/2022\/01\/taxi-booking-5440936_1280.jpg","width":1200,"height":205,"caption":"Book a Taxi \/ Robotaxi"},{"@type":"BreadcrumbList","@id":"https:\/\/tiketi.com\/taxi-booking-lagos-nigeria-services\/#breadcrumb","itemListElement":[{"@type":"ListItem","position":1,"name":"Home","item":"https:\/\/tiketi.com\/"},{"@type":"ListItem","position":2,"name":"Taxi in Lagos Nigeria Online Booking &#8211; Best Taxis Service"}]},{"@type":"WebSite","@id":"https:\/\/tiketi.com\/#website","url":"https:\/\/tiketi.com\/","name":"Billets d&#039;avion et de bus, forfaits touristiques et activit\u00e9s - Tiketi.com","description":"Billets d&#039;avion et de bus, Tours, Activit\u00e9s","publisher":{"@id":"https:\/\/tiketi.com\/#organization"},"potentialAction":[{"@type":"SearchAction","target":{"@type":"EntryPoint","urlTemplate":"https:\/\/tiketi.com\/?s={search_term_string}"},"query-input":{"@type":"PropertyValueSpecification","valueRequired":true,"valueName":"search_term_string"}}],"inLanguage":"fr-FR"},{"@type":"Organization","@id":"https:\/\/tiketi.com\/#organization","name":"Tiketi.com","alternateName":"Tiketi","url":"https:\/\/tiketi.com\/","logo":{"@type":"ImageObject","inLanguage":"fr-FR","@id":"https:\/\/tiketi.com\/#\/schema\/logo\/image\/","url":"https:\/\/tiketi.com\/wp-content\/uploads\/2019\/05\/tiketi-logo-696.png","contentUrl":"https:\/\/tiketi.com\/wp-content\/uploads\/2019\/05\/tiketi-logo-696.png","width":696,"height":696,"caption":"Tiketi.com"},"image":{"@id":"https:\/\/tiketi.com\/#\/schema\/logo\/image\/"},"sameAs":["https:\/\/www.facebook.com\/TiketiCom\/"]}]}},"_links":{"self":[{"href":"https:\/\/tiketi.com\/fr-fr\/wp-json\/wp\/v2\/pages\/10614","targetHints":{"allow":["GET"]}}],"collection":[{"href":"https:\/\/tiketi.com\/fr-fr\/wp-json\/wp\/v2\/pages"}],"about":[{"href":"https:\/\/tiketi.com\/fr-fr\/wp-json\/wp\/v2\/types\/page"}],"author":[{"embeddable":true,"href":"https:\/\/tiketi.com\/fr-fr\/wp-json\/wp\/v2\/users\/1"}],"replies":[{"embeddable":true,"href":"https:\/\/tiketi.com\/fr-fr\/wp-json\/wp\/v2\/comments?post=10614"}],"version-history":[{"count":0,"href":"https:\/\/tiketi.com\/fr-fr\/wp-json\/wp\/v2\/pages\/10614\/revisions"}],"wp:featuredmedia":[{"embeddable":true,"href":"https:\/\/tiketi.com\/fr-fr\/wp-json\/wp\/v2\/media\/14664"}],"wp:attachment":[{"href":"https:\/\/tiketi.com\/fr-fr\/wp-json\/wp\/v2\/media?parent=10614"}],"curies":[{"name":"wp","href":"https:\/\/api.w.org\/{rel}","templated":true}]}}