{"id":10624,"date":"2022-01-19T12:53:36","date_gmt":"2022-01-19T11:53:36","guid":{"rendered":"https:\/\/new.tiketi.com\/how-to-get-data-plan-of-inwi-morocco-internet-package-bundles\/"},"modified":"2022-07-14T13:02:06","modified_gmt":"2022-07-14T12:02:06","slug":"data-inwi-morocco-internet-package","status":"publish","type":"page","link":"https:\/\/tiketi.com\/fr-fr\/data-inwi-morocco-internet-package\/","title":{"rendered":"Comment obtenir le plan de donn\u00e9es du forfait \/ forfaits Internet Inwi Maroc"},"content":{"rendered":"<p><strong>Un d:\u00a0<\/strong><\/p>\n<p><strong><a href=\"https:\/\/fiymo.com\/register\" target=\"_blank\" rel=\"noopener\"><\/a><\/strong><\/p>\n<h2>Forfaits de donn\u00e9es Inwi, plan de donn\u00e9es, codes d&#039;abonnement et prix<\/h2>\n<p>Vous trouverez ci-dessous la liste de tous les forfaits de donn\u00e9es et prix Inwi \/ Forfait Internet Inwi Maroc. Inwi est le petit fournisseur au Maroc mais reste raisonnable, si vous restez principalement en ville. Effectuez une analyse du r\u00e9seau, si vous souhaitez l&#039;utiliser \u00e0 un emplacement particulier. Ils vendent leur carte SIM pr\u00e9pay\u00e9e connue sous le nom de Tic Tac dans leurs points de vente et magasins. Tic Tac est le nom de leur forfait de base et vendu pour vingt DH avec le m\u00eame cr\u00e9dit pr\u00e9charg\u00e9. Trouvez ci-dessous le prix des forfaits de donn\u00e9es Inwi pas chers au Maroc :<\/p>\n<h2>Voici comment obtenir les forfaits de donn\u00e9es Inwi, les plans et les prix \/ Forfait Internet Inwi Maroc<\/h2>\n<h3>Forfaits de donn\u00e9es et prix Inwi<\/h3>\n<p>Donn\u00e9es par d\u00e9faut par Un DH par Mo. Pour activer les forfaits de donn\u00e9es Inwi, vous devez recharger sp\u00e9cifiquement votre compte de donn\u00e9es en entrant le code de recharge dans le montant respectif suivi de trois.<br \/>\nLes pass internet sur mobile pour Tic Tac sont accessibles :<\/p>\n<table>\n<tbody>\n<tr>\n<th scope=\"col\">\n<h3><strong>Recharger<\/strong><\/h3>\n<\/th>\n<th scope=\"col\">\n<h3><strong>Donn\u00e9es<\/strong><\/h3>\n<\/th>\n<th scope=\"col\">\n<h3><strong>Temps<\/strong><\/h3>\n<\/th>\n<\/tr>\n<tr>\n<td>\n<h3>5 EDS<\/h3>\n<\/td>\n<td>\n<h3>500 Mo<\/h3>\n<\/td>\n<td>\n<h3>Forfaits de donn\u00e9es Inwi\u00a0: 1\u00a0jour<\/h3>\n<\/td>\n<\/tr>\n<tr>\n<td>\n<h3>10 DHS<\/h3>\n<\/td>\n<td>\n<h3>1 Go<\/h3>\n<\/td>\n<td>\n<h3>Forfaits de donn\u00e9es Inwi : 3 jours<\/h3>\n<\/td>\n<\/tr>\n<tr>\n<td>\n<h3>20 DHS<\/h3>\n<\/td>\n<td>\n<h3>2 Go<\/h3>\n<\/td>\n<td>\n<h3>Forfaits de donn\u00e9es hebdomadaires Inwi\u00a0: 7\u00a0jours<\/h3>\n<\/td>\n<\/tr>\n<tr>\n<td>\n<h3>50 DHS<\/h3>\n<\/td>\n<td>\n<h3>5 Go<\/h3>\n<\/td>\n<td>\n<h3>Forfaits de donn\u00e9es mensuels Inwi\u00a0: 30\u00a0jours<\/h3>\n<\/td>\n<\/tr>\n<tr>\n<td>\n<h3>100 DHS<\/h3>\n<\/td>\n<td>\n<h3>10 Go<\/h3>\n<\/td>\n<td>\n<h3>Forfaits de donn\u00e9es mensuels Inwi\u00a0: 30\u00a0jours<\/h3>\n<\/td>\n<\/tr>\n<\/tbody>\n<\/table>\n<h2>Vitesse Internet Inwi<\/h2>\n<p><strong>Signal<\/strong><br \/>\n<strong>Vitesse de pointe\u00a0:<\/strong><br \/>\n<strong>Vitesse moyenne de navigation sur Internet\u00a0:<\/strong><\/p>\n<p>Inwi Maroc regroupe les informations ci-dessus, les prix et les codes d&#039;abonnement sont valables selon notre derni\u00e8re mise \u00e0 jour 2020.<\/p>","protected":false},"excerpt":{"rendered":"<p>Ad:\u00a0 Inwi Data Bundles,\u00a0Data Plan, Subscription Codes and Prices Below is the list of every Inwi data plans and prices\u00a0\/ Inwi Morocco internet package. Inwi is the little provider in Morocco but still reasonable, \u00a0if you stick to the town mainly. Make a network scan, \u00a0if you want to use it at a particular location.\u00a0They [&hellip;]<\/p>\n","protected":false},"author":1,"featured_media":19675,"parent":0,"menu_order":0,"comment_status":"open","ping_status":"closed","template":"template-home-modern.php","meta":{"footnotes":""},"class_list":["post-10624","page","type-page","status-publish","has-post-thumbnail","hentry"],"yoast_head":"<!-- This site is optimized with the Yoast SEO plugin v27.5 - https:\/\/yoast.com\/product\/yoast-seo-wordpress\/ -->\n<title>How to get data plan of Inwi Morocco internet package \/ bundles<\/title>\n<meta name=\"description\" content=\"Are you looking for cheap data plans of inwi data plans, speed, subscription codes and prices? Here is how to get data plan of Inwi Morocco internet package\" \/>\n<meta name=\"robots\" content=\"index, follow, max-snippet:-1, max-image-preview:large, max-video-preview:-1\" \/>\n<link rel=\"canonical\" href=\"https:\/\/tiketi.com\/fr-fr\/data-inwi-morocco-internet-package\/\" \/>\n<meta property=\"og:locale\" content=\"fr_FR\" \/>\n<meta property=\"og:type\" content=\"article\" \/>\n<meta property=\"og:title\" content=\"How to get data plan of Inwi Morocco internet package \/ bundles\" \/>\n<meta property=\"og:description\" content=\"Are you looking for cheap data plans of inwi data plans, speed, subscription codes and prices? Here is how to get data plan of Inwi Morocco internet package\" \/>\n<meta property=\"og:url\" content=\"https:\/\/tiketi.com\/fr-fr\/data-inwi-morocco-internet-package\/\" \/>\n<meta property=\"og:site_name\" content=\"Tiketi.com\" \/>\n<meta property=\"article:publisher\" content=\"https:\/\/www.facebook.com\/TiketiCom\/\" \/>\n<meta property=\"article:modified_time\" content=\"2022-07-14T12:02:06+00:00\" \/>\n<meta property=\"og:image\" content=\"https:\/\/tiketi.com\/wp-content\/uploads\/2019\/05\/data-packages-2029825_1280.jpg\" \/>\n\t<meta property=\"og:image:width\" content=\"1200\" \/>\n\t<meta property=\"og:image:height\" content=\"200\" \/>\n\t<meta property=\"og:image:type\" content=\"image\/jpeg\" \/>\n<meta name=\"twitter:card\" content=\"summary_large_image\" \/>\n<meta name=\"twitter:label1\" content=\"Dur\u00e9e de lecture estim\u00e9e\" \/>\n\t<meta name=\"twitter:data1\" content=\"2 minutes\" \/>\n<script type=\"application\/ld+json\" class=\"yoast-schema-graph\">{\"@context\":\"https:\\\/\\\/schema.org\",\"@graph\":[{\"@type\":\"WebPage\",\"@id\":\"https:\\\/\\\/tiketi.com\\\/data-inwi-morocco-internet-package\\\/\",\"url\":\"https:\\\/\\\/tiketi.com\\\/data-inwi-morocco-internet-package\\\/\",\"name\":\"How to get data plan of Inwi Morocco internet package \\\/ bundles\",\"isPartOf\":{\"@id\":\"https:\\\/\\\/tiketi.com\\\/#website\"},\"primaryImageOfPage\":{\"@id\":\"https:\\\/\\\/tiketi.com\\\/data-inwi-morocco-internet-package\\\/#primaryimage\"},\"image\":{\"@id\":\"https:\\\/\\\/tiketi.com\\\/data-inwi-morocco-internet-package\\\/#primaryimage\"},\"thumbnailUrl\":\"https:\\\/\\\/tiketi.com\\\/wp-content\\\/uploads\\\/2019\\\/05\\\/data-packages-2029825_1280.jpg\",\"datePublished\":\"2022-01-19T11:53:36+00:00\",\"dateModified\":\"2022-07-14T12:02:06+00:00\",\"description\":\"Are you looking for cheap data plans of inwi data plans, speed, subscription codes and prices? Here is how to get data plan of Inwi Morocco internet package\",\"breadcrumb\":{\"@id\":\"https:\\\/\\\/tiketi.com\\\/data-inwi-morocco-internet-package\\\/#breadcrumb\"},\"inLanguage\":\"fr-FR\",\"potentialAction\":[{\"@type\":\"ReadAction\",\"target\":[\"https:\\\/\\\/tiketi.com\\\/data-inwi-morocco-internet-package\\\/\"]}]},{\"@type\":\"ImageObject\",\"inLanguage\":\"fr-FR\",\"@id\":\"https:\\\/\\\/tiketi.com\\\/data-inwi-morocco-internet-package\\\/#primaryimage\",\"url\":\"https:\\\/\\\/tiketi.com\\\/wp-content\\\/uploads\\\/2019\\\/05\\\/data-packages-2029825_1280.jpg\",\"contentUrl\":\"https:\\\/\\\/tiketi.com\\\/wp-content\\\/uploads\\\/2019\\\/05\\\/data-packages-2029825_1280.jpg\",\"width\":1200,\"height\":200,\"caption\":\"How to get Data Plan \\\/ Packages \\\/ Top Up\"},{\"@type\":\"BreadcrumbList\",\"@id\":\"https:\\\/\\\/tiketi.com\\\/data-inwi-morocco-internet-package\\\/#breadcrumb\",\"itemListElement\":[{\"@type\":\"ListItem\",\"position\":1,\"name\":\"Home\",\"item\":\"https:\\\/\\\/tiketi.com\\\/\"},{\"@type\":\"ListItem\",\"position\":2,\"name\":\"How to get data plan of Inwi Morocco internet package \\\/ bundles\"}]},{\"@type\":\"WebSite\",\"@id\":\"https:\\\/\\\/tiketi.com\\\/#website\",\"url\":\"https:\\\/\\\/tiketi.com\\\/\",\"name\":\"Flight & Bus Tickets, Tour Packages & Activitites - Tiketi.com\",\"description\":\"Flight &amp; Bus Tickets, Tours, Activitites\",\"publisher\":{\"@id\":\"https:\\\/\\\/tiketi.com\\\/#organization\"},\"potentialAction\":[{\"@type\":\"SearchAction\",\"target\":{\"@type\":\"EntryPoint\",\"urlTemplate\":\"https:\\\/\\\/tiketi.com\\\/?s={search_term_string}\"},\"query-input\":{\"@type\":\"PropertyValueSpecification\",\"valueRequired\":true,\"valueName\":\"search_term_string\"}}],\"inLanguage\":\"fr-FR\"},{\"@type\":\"Organization\",\"@id\":\"https:\\\/\\\/tiketi.com\\\/#organization\",\"name\":\"Tiketi.com\",\"alternateName\":\"Tiketi\",\"url\":\"https:\\\/\\\/tiketi.com\\\/\",\"logo\":{\"@type\":\"ImageObject\",\"inLanguage\":\"fr-FR\",\"@id\":\"https:\\\/\\\/tiketi.com\\\/#\\\/schema\\\/logo\\\/image\\\/\",\"url\":\"https:\\\/\\\/tiketi.com\\\/wp-content\\\/uploads\\\/2019\\\/05\\\/tiketi-logo-696.png\",\"contentUrl\":\"https:\\\/\\\/tiketi.com\\\/wp-content\\\/uploads\\\/2019\\\/05\\\/tiketi-logo-696.png\",\"width\":696,\"height\":696,\"caption\":\"Tiketi.com\"},\"image\":{\"@id\":\"https:\\\/\\\/tiketi.com\\\/#\\\/schema\\\/logo\\\/image\\\/\"},\"sameAs\":[\"https:\\\/\\\/www.facebook.com\\\/TiketiCom\\\/\"]}]}<\/script>\n<!-- \/ Yoast SEO plugin. -->","yoast_head_json":{"title":"Comment obtenir le plan de donn\u00e9es du forfait \/ forfaits Internet Inwi Maroc","description":"\u00cates-vous \u00e0 la recherche de forfaits de donn\u00e9es bon march\u00e9 parmi les forfaits de donn\u00e9es inwi, la vitesse, les codes d&#039;abonnement et les prix\u00a0? Voici comment obtenir le forfait data du forfait internet Inwi Maroc","robots":{"index":"index","follow":"follow","max-snippet":"max-snippet:-1","max-image-preview":"max-image-preview:large","max-video-preview":"max-video-preview:-1"},"canonical":"https:\/\/tiketi.com\/fr-fr\/data-inwi-morocco-internet-package\/","og_locale":"fr_FR","og_type":"article","og_title":"How to get data plan of Inwi Morocco internet package \/ bundles","og_description":"Are you looking for cheap data plans of inwi data plans, speed, subscription codes and prices? Here is how to get data plan of Inwi Morocco internet package","og_url":"https:\/\/tiketi.com\/fr-fr\/data-inwi-morocco-internet-package\/","og_site_name":"Tiketi.com","article_publisher":"https:\/\/www.facebook.com\/TiketiCom\/","article_modified_time":"2022-07-14T12:02:06+00:00","og_image":[{"width":1200,"height":200,"url":"https:\/\/tiketi.com\/wp-content\/uploads\/2019\/05\/data-packages-2029825_1280.jpg","type":"image\/jpeg"}],"twitter_card":"summary_large_image","twitter_misc":{"Dur\u00e9e de lecture estim\u00e9e":"2 minutes"},"schema":{"@context":"https:\/\/schema.org","@graph":[{"@type":"WebPage","@id":"https:\/\/tiketi.com\/data-inwi-morocco-internet-package\/","url":"https:\/\/tiketi.com\/data-inwi-morocco-internet-package\/","name":"Comment obtenir le plan de donn\u00e9es du forfait \/ forfaits Internet Inwi Maroc","isPartOf":{"@id":"https:\/\/tiketi.com\/#website"},"primaryImageOfPage":{"@id":"https:\/\/tiketi.com\/data-inwi-morocco-internet-package\/#primaryimage"},"image":{"@id":"https:\/\/tiketi.com\/data-inwi-morocco-internet-package\/#primaryimage"},"thumbnailUrl":"https:\/\/tiketi.com\/wp-content\/uploads\/2019\/05\/data-packages-2029825_1280.jpg","datePublished":"2022-01-19T11:53:36+00:00","dateModified":"2022-07-14T12:02:06+00:00","description":"\u00cates-vous \u00e0 la recherche de forfaits de donn\u00e9es bon march\u00e9 parmi les forfaits de donn\u00e9es inwi, la vitesse, les codes d&#039;abonnement et les prix\u00a0? Voici comment obtenir le forfait data du forfait internet Inwi Maroc","breadcrumb":{"@id":"https:\/\/tiketi.com\/data-inwi-morocco-internet-package\/#breadcrumb"},"inLanguage":"fr-FR","potentialAction":[{"@type":"ReadAction","target":["https:\/\/tiketi.com\/data-inwi-morocco-internet-package\/"]}]},{"@type":"ImageObject","inLanguage":"fr-FR","@id":"https:\/\/tiketi.com\/data-inwi-morocco-internet-package\/#primaryimage","url":"https:\/\/tiketi.com\/wp-content\/uploads\/2019\/05\/data-packages-2029825_1280.jpg","contentUrl":"https:\/\/tiketi.com\/wp-content\/uploads\/2019\/05\/data-packages-2029825_1280.jpg","width":1200,"height":200,"caption":"How to get Data Plan \/ Packages \/ Top Up"},{"@type":"BreadcrumbList","@id":"https:\/\/tiketi.com\/data-inwi-morocco-internet-package\/#breadcrumb","itemListElement":[{"@type":"ListItem","position":1,"name":"Home","item":"https:\/\/tiketi.com\/"},{"@type":"ListItem","position":2,"name":"How to get data plan of Inwi Morocco internet package \/ bundles"}]},{"@type":"WebSite","@id":"https:\/\/tiketi.com\/#website","url":"https:\/\/tiketi.com\/","name":"Billets d&#039;avion et de bus, forfaits touristiques et activit\u00e9s - Tiketi.com","description":"Billets d&#039;avion et de bus, Tours, Activit\u00e9s","publisher":{"@id":"https:\/\/tiketi.com\/#organization"},"potentialAction":[{"@type":"SearchAction","target":{"@type":"EntryPoint","urlTemplate":"https:\/\/tiketi.com\/?s={search_term_string}"},"query-input":{"@type":"PropertyValueSpecification","valueRequired":true,"valueName":"search_term_string"}}],"inLanguage":"fr-FR"},{"@type":"Organization","@id":"https:\/\/tiketi.com\/#organization","name":"Tiketi.com","alternateName":"Tiketi","url":"https:\/\/tiketi.com\/","logo":{"@type":"ImageObject","inLanguage":"fr-FR","@id":"https:\/\/tiketi.com\/#\/schema\/logo\/image\/","url":"https:\/\/tiketi.com\/wp-content\/uploads\/2019\/05\/tiketi-logo-696.png","contentUrl":"https:\/\/tiketi.com\/wp-content\/uploads\/2019\/05\/tiketi-logo-696.png","width":696,"height":696,"caption":"Tiketi.com"},"image":{"@id":"https:\/\/tiketi.com\/#\/schema\/logo\/image\/"},"sameAs":["https:\/\/www.facebook.com\/TiketiCom\/"]}]}},"_links":{"self":[{"href":"https:\/\/tiketi.com\/fr-fr\/wp-json\/wp\/v2\/pages\/10624","targetHints":{"allow":["GET"]}}],"collection":[{"href":"https:\/\/tiketi.com\/fr-fr\/wp-json\/wp\/v2\/pages"}],"about":[{"href":"https:\/\/tiketi.com\/fr-fr\/wp-json\/wp\/v2\/types\/page"}],"author":[{"embeddable":true,"href":"https:\/\/tiketi.com\/fr-fr\/wp-json\/wp\/v2\/users\/1"}],"replies":[{"embeddable":true,"href":"https:\/\/tiketi.com\/fr-fr\/wp-json\/wp\/v2\/comments?post=10624"}],"version-history":[{"count":0,"href":"https:\/\/tiketi.com\/fr-fr\/wp-json\/wp\/v2\/pages\/10624\/revisions"}],"wp:featuredmedia":[{"embeddable":true,"href":"https:\/\/tiketi.com\/fr-fr\/wp-json\/wp\/v2\/media\/19675"}],"wp:attachment":[{"href":"https:\/\/tiketi.com\/fr-fr\/wp-json\/wp\/v2\/media?parent=10624"}],"curies":[{"name":"wp","href":"https:\/\/api.w.org\/{rel}","templated":true}]}}