{"id":10627,"date":"2022-01-19T12:53:36","date_gmt":"2022-01-19T11:53:36","guid":{"rendered":"https:\/\/new.tiketi.com\/how-to-get-data-plan-of-ethio-telecom-internet-packages-bundles\/"},"modified":"2022-07-14T13:02:05","modified_gmt":"2022-07-14T12:02:05","slug":"internet-mobile-ethio-telecom-data-bundles","status":"publish","type":"page","link":"https:\/\/tiketi.com\/fr-fr\/internet-mobile-ethio-telecom-data-bundles\/","title":{"rendered":"Comment obtenir le plan de donn\u00e9es des forfaits \/ forfaits Internet Ethio Telecom"},"content":{"rendered":"<p><strong>Un d:&nbsp;<\/strong><\/p>\n<p><strong><a href=\"https:\/\/fiymo.com\/register\" target=\"_blank\" rel=\"noopener\"><\/a><\/strong><\/p>\n<h2>Forfaits de donn\u00e9es Ethio Telecom, plan de donn\u00e9es, codes d&#039;abonnement et prix<\/h2>\n<p>Vous trouverez ci-dessous la liste de tous les forfaits de donn\u00e9es et tarifs Ethio Telecom \/ forfaits Internet Ethio Telecom. Ethio Telecom reste le seul acteur du pays. La 3G jusqu&#039;\u00e0 HSPA+ est sur 2100 MHz. La 4G\/LTE n&#039;est sortie \u00e0 Addis Abeba qu&#039;en 2015 sur 1800 MHz. La LTE\/4G est accessible en pr\u00e9pay\u00e9 dans la capitale. Ethio exploite \u00e9galement un r\u00e9seau en technologie EVDO\/CDMA, non compatible avec la technologie GSM.<\/p>\n<h2>Voici comment obtenir les forfaits de donn\u00e9es Ethio Telecom, les plans et les prix \/ Forfaits Internet Ethio Telecom<\/h2>\n<p>Une carte SIM co\u00fbte 30 Br. et contient un cr\u00e9dit d\u00e9butant de 15 Br. Il est accessible dans les boutiques t\u00e9l\u00e9com Ethio. Pour l&#039;enregistrement obligatoire, vous avez besoin d&#039;une copie de la page cl\u00e9 de votre passeport et de l&#039;image de votre passeport. Certains magasins sont capables de prendre une image et de copier une page, mais vous ne devez pas vous y fier et vous pouvez passer le processus en apportant le v\u00f4tre.<\/p>\n<h3>Forfaits et tarifs de donn\u00e9es Ethio telecom<\/h3>\n<p>Le taux par d\u00e9faut est Br. 0,20 par Mo et vous pouvez activer ces plans de donn\u00e9es\u00a0:<\/p>\n<table>\n<tbody>\n<tr>\n<th>\n<h3><strong>Forfait de donn\u00e9es t\u00e9l\u00e9com Ethio&nbsp; &nbsp; &nbsp; &nbsp;&nbsp;<\/strong><\/h3>\n<\/th>\n<th>\n<h3><strong>Temps&nbsp; &nbsp; &nbsp; &nbsp; &nbsp; &nbsp; &nbsp; &nbsp; &nbsp;<\/strong><\/h3>\n<\/th>\n<th>\n<h3><strong>Prix<\/strong><\/h3>\n<\/th>\n<\/tr>\n<tr>\n<td>\n<h3>25 Mo<\/h3>\n<\/td>\n<td rowspan=\"5\">\n<h3>Forfaits de donn\u00e9es Ethio Telecom\u00a0: 24\u00a0heures<\/h3>\n<\/td>\n<td>\n<h3>Br. 3<\/h3>\n<\/td>\n<\/tr>\n<tr>\n<td>\n<h3>45 Mo<\/h3>\n<\/td>\n<td>\n<h3>Br. 5<\/h3>\n<\/td>\n<\/tr>\n<tr>\n<td>\n<h3>100 Mo<\/h3>\n<\/td>\n<td>\n<h3>Br. dix<\/h3>\n<\/td>\n<\/tr>\n<tr>\n<td>\n<h3>200 Mo<\/h3>\n<\/td>\n<td>\n<h3>Br. 15<\/h3>\n<\/td>\n<\/tr>\n<tr>\n<td>\n<h3>500 Mo<\/h3>\n<\/td>\n<td>\n<h3>Br. 35<\/h3>\n<\/td>\n<\/tr>\n<tr>\n<td>\n<h3>500 Mo<\/h3>\n<\/td>\n<td rowspan=\"3\">\n<h3>Forfaits de donn\u00e9es hebdomadaires Ethio Telecom\u00a0: 7\u00a0jours<\/h3>\n<\/td>\n<td>\n<h3>Br. 50<\/h3>\n<\/td>\n<\/tr>\n<tr>\n<td>\n<h3>700 Mo<\/h3>\n<\/td>\n<td>\n<h3>Br. 60<\/h3>\n<\/td>\n<\/tr>\n<tr>\n<td>\n<h3>1 Go<\/h3>\n<\/td>\n<td>\n<h3>Br. 80<\/h3>\n<\/td>\n<\/tr>\n<tr>\n<td>\n<h3>1 Go<\/h3>\n<\/td>\n<td rowspan=\"8\">\n<h3>\nForfaits de donn\u00e9es mensuels Ethio Telecom\u00a0: 30\u00a0jours<\/h3>\n<\/td>\n<td>\n<h3>Br. 100<\/h3>\n<\/td>\n<\/tr>\n<tr>\n<td>\n<h3>2 Go<\/h3>\n<\/td>\n<td>\n<h3>Br. 190<\/h3>\n<\/td>\n<\/tr>\n<tr>\n<td>\n<h3>4 GO<\/h3>\n<\/td>\n<td>\n<h3>Br. 350<\/h3>\n<\/td>\n<\/tr>\n<tr>\n<td>\n<h3>8 Go<\/h3>\n<\/td>\n<td>\n<h3>Br. 600<\/h3>\n<\/td>\n<\/tr>\n<tr>\n<td>\n<h3>10 Go<\/h3>\n<\/td>\n<td>\n<h3>Br. 700<\/h3>\n<\/td>\n<\/tr>\n<tr>\n<td>\n<h3>20 Go<\/h3>\n<\/td>\n<td>\n<h3>Br. 1\u00a0300<\/h3>\n<\/td>\n<\/tr>\n<tr>\n<td>\n<h3>30 Go<\/h3>\n<\/td>\n<td>\n<h3>Br. 1 800<\/h3>\n<\/td>\n<\/tr>\n<tr>\n<td>\n<h3>&quot;illimit\u00e9&quot;<\/h3>\n<\/td>\n<td>\n<h3>Br. 1\u00a0900<\/h3>\n<\/td>\n<\/tr>\n<\/tbody>\n<\/table>\n<h2>Fournisseurs d&#039;acc\u00e8s Internet en \u00c9thiopie<\/h2>\n<h3>Forfaits et tarifs de donn\u00e9es Ethio telecom<\/h3>\n<p>1. Avec ce plan de donn\u00e9es Ethio telecom, Ethio telecom vous fournit 45 Mo de donn\u00e9es pour seulement Br5 et sa validit\u00e9 est d&#039;un jour.<\/p>\n<p>2. Avec ce plan de donn\u00e9es Ethio telecom, Ethio telecom vous fournit 100 Mo de donn\u00e9es pour seulement Br10 et sa validit\u00e9 est d&#039;un jour.<\/p>\n<p>3. Avec ce plan de donn\u00e9es Ethio telecom, Ethio telecom vous fournit 25 Mo de donn\u00e9es pour seulement Br3 et sa validit\u00e9 est d&#039;un jour.<\/p>\n<p>4. Avec ce plan de donn\u00e9es Ethio telecom, Ethio telecom vous fournit 100 Mo de donn\u00e9es pour seulement Br5 et sa validit\u00e9 est d&#039;une nuit.<\/p>\n<p>5. Avec ce plan de donn\u00e9es Ethio telecom, Ethio telecom vous fournit 160 Mo de donn\u00e9es pour seulement Br7 et sa validit\u00e9 est d&#039;une nuit.<\/p>\n<p>6. Avec ce plan de donn\u00e9es Ethio telecom, Ethio telecom vous fournit 3 Go de donn\u00e9es pour seulement Br1800 et sa validit\u00e9 est de trente jours.<\/p>\n<p>7. Avec ce plan de donn\u00e9es Ethio telecom, Ethio telecom vous fournit 10 Go de donn\u00e9es pour seulement 700 Br et sa validit\u00e9 est de trente jours.<\/p>\n<h2>Vitesse Internet Ethio Telecom<\/h2>\n<p><strong>Signal<\/strong><br \/>\n<strong>Vitesse de pointe\u00a0:<\/strong><br \/>\n<strong>Vitesse moyenne de navigation sur Internet\u00a0:<\/strong><\/p>\n<p>Les informations sur les forfaits de donn\u00e9es Ethio Telecom ci-dessus, les prix et les codes d&#039;abonnement sont valables selon notre derni\u00e8re mise \u00e0 jour 2020.<\/p>","protected":false},"excerpt":{"rendered":"<p>Ad:&nbsp; Ethio Telecom Data Bundles,&nbsp;Data Plan, Subscription Codes and Prices Below is the list of every Ethio Telecom data plans and prices&nbsp;\/ Ethio Telecom internet packages. Ethio Telecom remains the just player in the country. 3G up to HSPA + is on 2100 MHz. 4G\/LTE was released in Addis Abeba only in 2015 on 1800 [&hellip;]<\/p>\n","protected":false},"author":1,"featured_media":19675,"parent":0,"menu_order":0,"comment_status":"open","ping_status":"closed","template":"template-home-modern.php","meta":{"footnotes":""},"class_list":["post-10627","page","type-page","status-publish","has-post-thumbnail","hentry"],"yoast_head":"<!-- This site is optimized with the Yoast SEO plugin v27.2 - https:\/\/yoast.com\/product\/yoast-seo-wordpress\/ -->\n<title>How to get data plan of Ethio Telecom internet packages \/ bundles<\/title>\n<meta name=\"description\" content=\"Are you looking for cheap data plans of Ethio Telecom data bundles, speed, subscription codes and prices? Here is how to get data plan of Ethio Telecom internet packages\" \/>\n<meta name=\"robots\" content=\"index, follow, max-snippet:-1, max-image-preview:large, max-video-preview:-1\" \/>\n<link rel=\"canonical\" href=\"https:\/\/tiketi.com\/fr-fr\/internet-mobile-ethio-telecom-data-bundles\/\" \/>\n<meta property=\"og:locale\" content=\"fr_FR\" \/>\n<meta property=\"og:type\" content=\"article\" \/>\n<meta property=\"og:title\" content=\"How to get data plan of Ethio Telecom internet packages \/ bundles\" \/>\n<meta property=\"og:description\" content=\"Are you looking for cheap data plans of Ethio Telecom data bundles, speed, subscription codes and prices? Here is how to get data plan of Ethio Telecom internet packages\" \/>\n<meta property=\"og:url\" content=\"https:\/\/tiketi.com\/fr-fr\/internet-mobile-ethio-telecom-data-bundles\/\" \/>\n<meta property=\"og:site_name\" content=\"Tiketi.com\" \/>\n<meta property=\"article:publisher\" content=\"https:\/\/www.facebook.com\/TiketiCom\/\" \/>\n<meta property=\"article:modified_time\" content=\"2022-07-14T12:02:05+00:00\" \/>\n<meta property=\"og:image\" content=\"https:\/\/tiketi.com\/wp-content\/uploads\/2019\/05\/data-packages-2029825_1280.jpg\" \/>\n\t<meta property=\"og:image:width\" content=\"1200\" \/>\n\t<meta property=\"og:image:height\" content=\"200\" \/>\n\t<meta property=\"og:image:type\" content=\"image\/jpeg\" \/>\n<meta name=\"twitter:card\" content=\"summary_large_image\" \/>\n<meta name=\"twitter:label1\" content=\"Dur\u00e9e de lecture estim\u00e9e\" \/>\n\t<meta name=\"twitter:data1\" content=\"3 minutes\" \/>\n<script type=\"application\/ld+json\" class=\"yoast-schema-graph\">{\"@context\":\"https:\/\/schema.org\",\"@graph\":[{\"@type\":\"WebPage\",\"@id\":\"https:\/\/tiketi.com\/internet-mobile-ethio-telecom-data-bundles\/\",\"url\":\"https:\/\/tiketi.com\/internet-mobile-ethio-telecom-data-bundles\/\",\"name\":\"How to get data plan of Ethio Telecom internet packages \/ bundles\",\"isPartOf\":{\"@id\":\"https:\/\/tiketi.com\/#website\"},\"primaryImageOfPage\":{\"@id\":\"https:\/\/tiketi.com\/internet-mobile-ethio-telecom-data-bundles\/#primaryimage\"},\"image\":{\"@id\":\"https:\/\/tiketi.com\/internet-mobile-ethio-telecom-data-bundles\/#primaryimage\"},\"thumbnailUrl\":\"https:\/\/tiketi.com\/wp-content\/uploads\/2019\/05\/data-packages-2029825_1280.jpg\",\"datePublished\":\"2022-01-19T11:53:36+00:00\",\"dateModified\":\"2022-07-14T12:02:05+00:00\",\"description\":\"Are you looking for cheap data plans of Ethio Telecom data bundles, speed, subscription codes and prices? Here is how to get data plan of Ethio Telecom internet packages\",\"breadcrumb\":{\"@id\":\"https:\/\/tiketi.com\/internet-mobile-ethio-telecom-data-bundles\/#breadcrumb\"},\"inLanguage\":\"fr-FR\",\"potentialAction\":[{\"@type\":\"ReadAction\",\"target\":[\"https:\/\/tiketi.com\/internet-mobile-ethio-telecom-data-bundles\/\"]}]},{\"@type\":\"ImageObject\",\"inLanguage\":\"fr-FR\",\"@id\":\"https:\/\/tiketi.com\/internet-mobile-ethio-telecom-data-bundles\/#primaryimage\",\"url\":\"https:\/\/tiketi.com\/wp-content\/uploads\/2019\/05\/data-packages-2029825_1280.jpg\",\"contentUrl\":\"https:\/\/tiketi.com\/wp-content\/uploads\/2019\/05\/data-packages-2029825_1280.jpg\",\"width\":1200,\"height\":200,\"caption\":\"How to get Data Plan \/ Packages \/ Top Up\"},{\"@type\":\"BreadcrumbList\",\"@id\":\"https:\/\/tiketi.com\/internet-mobile-ethio-telecom-data-bundles\/#breadcrumb\",\"itemListElement\":[{\"@type\":\"ListItem\",\"position\":1,\"name\":\"Home\",\"item\":\"https:\/\/tiketi.com\/\"},{\"@type\":\"ListItem\",\"position\":2,\"name\":\"How to get data plan of Ethio Telecom internet packages \/ bundles\"}]},{\"@type\":\"WebSite\",\"@id\":\"https:\/\/tiketi.com\/#website\",\"url\":\"https:\/\/tiketi.com\/\",\"name\":\"Flight & Bus Tickets, Tour Packages & Activitites - Tiketi.com\",\"description\":\"Flight &amp; Bus Tickets, Tours, Activitites\",\"publisher\":{\"@id\":\"https:\/\/tiketi.com\/#organization\"},\"potentialAction\":[{\"@type\":\"SearchAction\",\"target\":{\"@type\":\"EntryPoint\",\"urlTemplate\":\"https:\/\/tiketi.com\/?s={search_term_string}\"},\"query-input\":{\"@type\":\"PropertyValueSpecification\",\"valueRequired\":true,\"valueName\":\"search_term_string\"}}],\"inLanguage\":\"fr-FR\"},{\"@type\":\"Organization\",\"@id\":\"https:\/\/tiketi.com\/#organization\",\"name\":\"Tiketi.com\",\"alternateName\":\"Tiketi\",\"url\":\"https:\/\/tiketi.com\/\",\"logo\":{\"@type\":\"ImageObject\",\"inLanguage\":\"fr-FR\",\"@id\":\"https:\/\/tiketi.com\/#\/schema\/logo\/image\/\",\"url\":\"https:\/\/tiketi.com\/wp-content\/uploads\/2019\/05\/tiketi-logo-696.png\",\"contentUrl\":\"https:\/\/tiketi.com\/wp-content\/uploads\/2019\/05\/tiketi-logo-696.png\",\"width\":696,\"height\":696,\"caption\":\"Tiketi.com\"},\"image\":{\"@id\":\"https:\/\/tiketi.com\/#\/schema\/logo\/image\/\"},\"sameAs\":[\"https:\/\/www.facebook.com\/TiketiCom\/\"]}]}<\/script>\n<!-- \/ Yoast SEO plugin. -->","yoast_head_json":{"title":"Comment obtenir le plan de donn\u00e9es des forfaits \/ forfaits Internet Ethio Telecom","description":"\u00cates-vous \u00e0 la recherche de forfaits de donn\u00e9es bon march\u00e9 parmi les forfaits de donn\u00e9es Ethio Telecom, la vitesse, les codes d&#039;abonnement et les prix\u00a0? Voici comment obtenir le forfait data des forfaits internet Ethio Telecom","robots":{"index":"index","follow":"follow","max-snippet":"max-snippet:-1","max-image-preview":"max-image-preview:large","max-video-preview":"max-video-preview:-1"},"canonical":"https:\/\/tiketi.com\/fr-fr\/internet-mobile-ethio-telecom-data-bundles\/","og_locale":"fr_FR","og_type":"article","og_title":"How to get data plan of Ethio Telecom internet packages \/ bundles","og_description":"Are you looking for cheap data plans of Ethio Telecom data bundles, speed, subscription codes and prices? Here is how to get data plan of Ethio Telecom internet packages","og_url":"https:\/\/tiketi.com\/fr-fr\/internet-mobile-ethio-telecom-data-bundles\/","og_site_name":"Tiketi.com","article_publisher":"https:\/\/www.facebook.com\/TiketiCom\/","article_modified_time":"2022-07-14T12:02:05+00:00","og_image":[{"width":1200,"height":200,"url":"https:\/\/tiketi.com\/wp-content\/uploads\/2019\/05\/data-packages-2029825_1280.jpg","type":"image\/jpeg"}],"twitter_card":"summary_large_image","twitter_misc":{"Dur\u00e9e de lecture estim\u00e9e":"3 minutes"},"schema":{"@context":"https:\/\/schema.org","@graph":[{"@type":"WebPage","@id":"https:\/\/tiketi.com\/internet-mobile-ethio-telecom-data-bundles\/","url":"https:\/\/tiketi.com\/internet-mobile-ethio-telecom-data-bundles\/","name":"Comment obtenir le plan de donn\u00e9es des forfaits \/ forfaits Internet Ethio Telecom","isPartOf":{"@id":"https:\/\/tiketi.com\/#website"},"primaryImageOfPage":{"@id":"https:\/\/tiketi.com\/internet-mobile-ethio-telecom-data-bundles\/#primaryimage"},"image":{"@id":"https:\/\/tiketi.com\/internet-mobile-ethio-telecom-data-bundles\/#primaryimage"},"thumbnailUrl":"https:\/\/tiketi.com\/wp-content\/uploads\/2019\/05\/data-packages-2029825_1280.jpg","datePublished":"2022-01-19T11:53:36+00:00","dateModified":"2022-07-14T12:02:05+00:00","description":"\u00cates-vous \u00e0 la recherche de forfaits de donn\u00e9es bon march\u00e9 parmi les forfaits de donn\u00e9es Ethio Telecom, la vitesse, les codes d&#039;abonnement et les prix\u00a0? Voici comment obtenir le forfait data des forfaits internet Ethio Telecom","breadcrumb":{"@id":"https:\/\/tiketi.com\/internet-mobile-ethio-telecom-data-bundles\/#breadcrumb"},"inLanguage":"fr-FR","potentialAction":[{"@type":"ReadAction","target":["https:\/\/tiketi.com\/internet-mobile-ethio-telecom-data-bundles\/"]}]},{"@type":"ImageObject","inLanguage":"fr-FR","@id":"https:\/\/tiketi.com\/internet-mobile-ethio-telecom-data-bundles\/#primaryimage","url":"https:\/\/tiketi.com\/wp-content\/uploads\/2019\/05\/data-packages-2029825_1280.jpg","contentUrl":"https:\/\/tiketi.com\/wp-content\/uploads\/2019\/05\/data-packages-2029825_1280.jpg","width":1200,"height":200,"caption":"How to get Data Plan \/ Packages \/ Top Up"},{"@type":"BreadcrumbList","@id":"https:\/\/tiketi.com\/internet-mobile-ethio-telecom-data-bundles\/#breadcrumb","itemListElement":[{"@type":"ListItem","position":1,"name":"Home","item":"https:\/\/tiketi.com\/"},{"@type":"ListItem","position":2,"name":"How to get data plan of Ethio Telecom internet packages \/ bundles"}]},{"@type":"WebSite","@id":"https:\/\/tiketi.com\/#website","url":"https:\/\/tiketi.com\/","name":"Billets d&#039;avion et de bus, forfaits touristiques et activit\u00e9s - Tiketi.com","description":"Billets d&#039;avion et de bus, Tours, Activit\u00e9s","publisher":{"@id":"https:\/\/tiketi.com\/#organization"},"potentialAction":[{"@type":"SearchAction","target":{"@type":"EntryPoint","urlTemplate":"https:\/\/tiketi.com\/?s={search_term_string}"},"query-input":{"@type":"PropertyValueSpecification","valueRequired":true,"valueName":"search_term_string"}}],"inLanguage":"fr-FR"},{"@type":"Organization","@id":"https:\/\/tiketi.com\/#organization","name":"Tiketi.com","alternateName":"Tiketi","url":"https:\/\/tiketi.com\/","logo":{"@type":"ImageObject","inLanguage":"fr-FR","@id":"https:\/\/tiketi.com\/#\/schema\/logo\/image\/","url":"https:\/\/tiketi.com\/wp-content\/uploads\/2019\/05\/tiketi-logo-696.png","contentUrl":"https:\/\/tiketi.com\/wp-content\/uploads\/2019\/05\/tiketi-logo-696.png","width":696,"height":696,"caption":"Tiketi.com"},"image":{"@id":"https:\/\/tiketi.com\/#\/schema\/logo\/image\/"},"sameAs":["https:\/\/www.facebook.com\/TiketiCom\/"]}]}},"_links":{"self":[{"href":"https:\/\/tiketi.com\/fr-fr\/wp-json\/wp\/v2\/pages\/10627","targetHints":{"allow":["GET"]}}],"collection":[{"href":"https:\/\/tiketi.com\/fr-fr\/wp-json\/wp\/v2\/pages"}],"about":[{"href":"https:\/\/tiketi.com\/fr-fr\/wp-json\/wp\/v2\/types\/page"}],"author":[{"embeddable":true,"href":"https:\/\/tiketi.com\/fr-fr\/wp-json\/wp\/v2\/users\/1"}],"replies":[{"embeddable":true,"href":"https:\/\/tiketi.com\/fr-fr\/wp-json\/wp\/v2\/comments?post=10627"}],"version-history":[{"count":0,"href":"https:\/\/tiketi.com\/fr-fr\/wp-json\/wp\/v2\/pages\/10627\/revisions"}],"wp:featuredmedia":[{"embeddable":true,"href":"https:\/\/tiketi.com\/fr-fr\/wp-json\/wp\/v2\/media\/19675"}],"wp:attachment":[{"href":"https:\/\/tiketi.com\/fr-fr\/wp-json\/wp\/v2\/media?parent=10627"}],"curies":[{"name":"wp","href":"https:\/\/api.w.org\/{rel}","templated":true}]}}