{"id":10628,"date":"2022-01-19T12:53:36","date_gmt":"2022-01-19T11:53:36","guid":{"rendered":"https:\/\/new.tiketi.com\/how-to-get-data-plan-of-lebara-mobile-saudi-arabia-internet-packages-bundles\/"},"modified":"2022-02-15T09:21:04","modified_gmt":"2022-02-15T08:21:04","slug":"internet-lebara-mobile-saudi-arabia-data-bundles","status":"publish","type":"page","link":"https:\/\/tiketi.com\/fr-fr\/internet-lebara-mobile-saudi-arabia-data-bundles\/","title":{"rendered":"Comment obtenir le plan de donn\u00e9es des forfaits \/ forfaits Internet Lebara Mobile Arabie Saoudite"},"content":{"rendered":"<h2>Forfaits de donn\u00e9es mobiles Lebara, plan de donn\u00e9es, codes d&#039;abonnement et prix<\/h2>\n<p>Vous trouverez ci-dessous la liste de tous les forfaits de donn\u00e9es et prix Lebara Mobile \/ Forfaits Internet Lebara Mobile Arabie Saoudite. En 2014, Lebara mobile, le grand fournisseur ethno du Royaume-Uni, a lanc\u00e9 son premier MVNO non occidental en Arabie saoudite. Elle op\u00e8re sur le r\u00e9seau Mobily en 2G, 3G et maintenant en 4G\/LTE et concentre en grande partie les travailleurs migrants. Trouvez ci-dessous le prix des forfaits de donn\u00e9es Lebara Mobile bon march\u00e9:<\/p>\n<h2>Voici comment obtenir les forfaits de donn\u00e9es, les plans et les prix de Lebara Mobile \/ Forfaits Internet Lebara Mobile Arabie Saoudite<\/h2>\n<h2>Forfaits et tarifs de donn\u00e9es mobiles Lebara<\/h2>\n<p>Le taux par d\u00e9faut est de 0,15 SAR par Mo. Vous pouvez inclure ces forfaits mensuels de forfaits de donn\u00e9es Lebara Mobile appel\u00e9s Mobile Net Savers\u00a0:<\/p>\n<table border=\"0\" cellspacing=\"1\" cellpadding=\"1\">\n<tbody>\n<tr>\n<th scope=\"col\">\n<h3><strong>Donn\u00e9es<\/strong><\/h3>\n<\/th>\n<th scope=\"col\">\n<h3><strong>Validit\u00e9<\/strong><\/h3>\n<\/th>\n<th scope=\"col\">\n<h3><strong>Prix<\/strong><\/h3>\n<\/th>\n<th scope=\"col\">\n<h3><strong>Activation<\/strong><\/h3>\n<\/th>\n<\/tr>\n<tr>\n<td>\n<h3>100 Mo<\/h3>\n<\/td>\n<td>\n<h3>Forfaits de donn\u00e9es mobiles Lebara : 7 jours<\/h3>\n<\/td>\n<td>\n<h3>SR 5<\/h3>\n<\/td>\n<td>\n<h3>*777*080#<\/h3>\n<\/td>\n<\/tr>\n<tr>\n<td>\n<h3>300 Mo<\/h3>\n<\/td>\n<td>\n<h3>Forfaits de donn\u00e9es mobiles Lebara : 7 jours<\/h3>\n<\/td>\n<td>\n<h3>SR 9<\/h3>\n<\/td>\n<td>\n<h3>*777*200#<\/h3>\n<\/td>\n<\/tr>\n<tr>\n<td>\n<h3>700 Mo<\/h3>\n<\/td>\n<td>\n<h3>Forfaits de donn\u00e9es mensuels Lebara Mobile : 30 jours<\/h3>\n<\/td>\n<td>\n<h3>SR 19<\/h3>\n<\/td>\n<td>\n<h3>*777*700#<\/h3>\n<\/td>\n<\/tr>\n<tr>\n<td>\n<h3>1,5 Go<\/h3>\n<\/td>\n<td>\n<h3>Forfaits de donn\u00e9es mensuels Lebara Mobile : 30 jours<\/h3>\n<\/td>\n<td>\n<h3>SR 25<\/h3>\n<\/td>\n<td>\n<h3>*777*1000#<\/h3>\n<\/td>\n<\/tr>\n<tr>\n<td>\n<h3>3 Go<\/h3>\n<\/td>\n<td>\n<h3>Forfaits de donn\u00e9es mensuels Lebara Mobile : 30 jours<\/h3>\n<\/td>\n<td>\n<h3>SR 45<\/h3>\n<\/td>\n<td>\n<h3>*777*2000#<\/h3>\n<\/td>\n<\/tr>\n<tr>\n<td>\n<h3>7 Go<\/h3>\n<\/td>\n<td>\n<h3>Forfaits de donn\u00e9es mensuels Lebara Mobile : 30 jours<\/h3>\n<\/td>\n<td>\n<h3>SR 65<\/h3>\n<\/td>\n<td>\n<h3>*777*5000#<\/h3>\n<\/td>\n<\/tr>\n<tr>\n<td>\n<h3>10 Go<\/h3>\n<\/td>\n<td>\n<h3>Forfaits de donn\u00e9es mensuels Lebara Mobile : 30 jours<\/h3>\n<\/td>\n<td>\n<h3>SR 110<\/h3>\n<\/td>\n<td>\n<h3>*777*10000#<\/h3>\n<\/td>\n<\/tr>\n<tr>\n<td>\n<h3>20 Go<\/h3>\n<\/td>\n<td>\n<h3>Forfaits de donn\u00e9es mensuels Lebara Mobile : 30 jours<\/h3>\n<\/td>\n<td>\n<h3>SR 189<\/h3>\n<\/td>\n<td>\n<h3>*777*20000#<\/h3>\n<\/td>\n<\/tr>\n<tr>\n<td>\n<h3>50 Go<\/h3>\n<\/td>\n<td>\n<h3>Forfaits de donn\u00e9es mensuels Lebara Mobile : 30 jours<\/h3>\n<\/td>\n<td>\n<h3>SR 260<\/h3>\n<\/td>\n<td>\n<h3>*777*50000#<\/h3>\n<\/td>\n<\/tr>\n<\/tbody>\n<\/table>\n<h2>Vitesse Internet Mobile Lebara<\/h2>\n<p><strong>Signal<\/strong><br \/>\n<strong>Vitesse de pointe\u00a0:<\/strong><br \/>\n<strong>Vitesse moyenne de navigation sur Internet\u00a0:<\/strong><\/p>\n<p>Les informations sur les forfaits de donn\u00e9es Lebara Mobile ci-dessus, les prix et les codes d&#039;abonnement sont valables selon notre derni\u00e8re mise \u00e0 jour 2020.<\/p>","protected":false},"excerpt":{"rendered":"<p>Lebara Mobile Data Bundles,\u00a0Data Plan, Subscription Codes and Prices Below is the list of every Lebara Mobile data plans and prices\u00a0\/ Lebara Mobile Saudi Arabia internet packages. In 2014, Lebara mobile, the big ethno provider from the UK, started its first non-Western MVNO in Saudi Arabia. It operates on the Mobily network in 2G, 3G [&hellip;]<\/p>\n","protected":false},"author":1,"featured_media":19675,"parent":0,"menu_order":0,"comment_status":"open","ping_status":"closed","template":"template-home-modern.php","meta":{"footnotes":""},"class_list":["post-10628","page","type-page","status-publish","has-post-thumbnail","hentry"],"yoast_head":"<!-- This site is optimized with the Yoast SEO plugin v27.5 - https:\/\/yoast.com\/product\/yoast-seo-wordpress\/ -->\n<title>How to get data plan of Lebara Mobile Saudi Arabia internet packages<\/title>\n<meta name=\"description\" content=\"Are you looking for cheap plans of Lebara Mobile data bundles, speed, subscription codes and prices? Here is how to get data plan of Lebara Mobile Saudi Arabia internet packages \/ bundles\" \/>\n<meta name=\"robots\" content=\"index, follow, max-snippet:-1, max-image-preview:large, max-video-preview:-1\" \/>\n<link rel=\"canonical\" href=\"https:\/\/tiketi.com\/fr-fr\/internet-lebara-mobile-saudi-arabia-data-bundles\/\" \/>\n<meta property=\"og:locale\" content=\"fr_FR\" \/>\n<meta property=\"og:type\" content=\"article\" \/>\n<meta property=\"og:title\" content=\"How to get data plan of Lebara Mobile Saudi Arabia internet packages\" \/>\n<meta property=\"og:description\" content=\"Are you looking for cheap plans of Lebara Mobile data bundles, speed, subscription codes and prices? Here is how to get data plan of Lebara Mobile Saudi Arabia internet packages \/ bundles\" \/>\n<meta property=\"og:url\" content=\"https:\/\/tiketi.com\/fr-fr\/internet-lebara-mobile-saudi-arabia-data-bundles\/\" \/>\n<meta property=\"og:site_name\" content=\"Tiketi.com\" \/>\n<meta property=\"article:publisher\" content=\"https:\/\/www.facebook.com\/TiketiCom\/\" \/>\n<meta property=\"article:modified_time\" content=\"2022-02-15T08:21:04+00:00\" \/>\n<meta property=\"og:image\" content=\"https:\/\/tiketi.com\/wp-content\/uploads\/2019\/05\/data-packages-2029825_1280.jpg\" \/>\n\t<meta property=\"og:image:width\" content=\"1200\" \/>\n\t<meta property=\"og:image:height\" content=\"200\" \/>\n\t<meta property=\"og:image:type\" content=\"image\/jpeg\" \/>\n<meta name=\"twitter:card\" content=\"summary_large_image\" \/>\n<meta name=\"twitter:label1\" content=\"Dur\u00e9e de lecture estim\u00e9e\" \/>\n\t<meta name=\"twitter:data1\" content=\"2 minutes\" \/>\n<script type=\"application\/ld+json\" class=\"yoast-schema-graph\">{\"@context\":\"https:\\\/\\\/schema.org\",\"@graph\":[{\"@type\":\"WebPage\",\"@id\":\"https:\\\/\\\/tiketi.com\\\/internet-lebara-mobile-saudi-arabia-data-bundles\\\/\",\"url\":\"https:\\\/\\\/tiketi.com\\\/internet-lebara-mobile-saudi-arabia-data-bundles\\\/\",\"name\":\"How to get data plan of Lebara Mobile Saudi Arabia internet packages\",\"isPartOf\":{\"@id\":\"https:\\\/\\\/tiketi.com\\\/#website\"},\"primaryImageOfPage\":{\"@id\":\"https:\\\/\\\/tiketi.com\\\/internet-lebara-mobile-saudi-arabia-data-bundles\\\/#primaryimage\"},\"image\":{\"@id\":\"https:\\\/\\\/tiketi.com\\\/internet-lebara-mobile-saudi-arabia-data-bundles\\\/#primaryimage\"},\"thumbnailUrl\":\"https:\\\/\\\/tiketi.com\\\/wp-content\\\/uploads\\\/2019\\\/05\\\/data-packages-2029825_1280.jpg\",\"datePublished\":\"2022-01-19T11:53:36+00:00\",\"dateModified\":\"2022-02-15T08:21:04+00:00\",\"description\":\"Are you looking for cheap plans of Lebara Mobile data bundles, speed, subscription codes and prices? Here is how to get data plan of Lebara Mobile Saudi Arabia internet packages \\\/ bundles\",\"breadcrumb\":{\"@id\":\"https:\\\/\\\/tiketi.com\\\/internet-lebara-mobile-saudi-arabia-data-bundles\\\/#breadcrumb\"},\"inLanguage\":\"fr-FR\",\"potentialAction\":[{\"@type\":\"ReadAction\",\"target\":[\"https:\\\/\\\/tiketi.com\\\/internet-lebara-mobile-saudi-arabia-data-bundles\\\/\"]}]},{\"@type\":\"ImageObject\",\"inLanguage\":\"fr-FR\",\"@id\":\"https:\\\/\\\/tiketi.com\\\/internet-lebara-mobile-saudi-arabia-data-bundles\\\/#primaryimage\",\"url\":\"https:\\\/\\\/tiketi.com\\\/wp-content\\\/uploads\\\/2019\\\/05\\\/data-packages-2029825_1280.jpg\",\"contentUrl\":\"https:\\\/\\\/tiketi.com\\\/wp-content\\\/uploads\\\/2019\\\/05\\\/data-packages-2029825_1280.jpg\",\"width\":1200,\"height\":200,\"caption\":\"How to get Data Plan \\\/ Packages \\\/ Top Up\"},{\"@type\":\"BreadcrumbList\",\"@id\":\"https:\\\/\\\/tiketi.com\\\/internet-lebara-mobile-saudi-arabia-data-bundles\\\/#breadcrumb\",\"itemListElement\":[{\"@type\":\"ListItem\",\"position\":1,\"name\":\"Home\",\"item\":\"https:\\\/\\\/tiketi.com\\\/\"},{\"@type\":\"ListItem\",\"position\":2,\"name\":\"How to get data plan of Lebara Mobile Saudi Arabia internet packages \\\/ bundles\"}]},{\"@type\":\"WebSite\",\"@id\":\"https:\\\/\\\/tiketi.com\\\/#website\",\"url\":\"https:\\\/\\\/tiketi.com\\\/\",\"name\":\"Flight & Bus Tickets, Tour Packages & Activitites - Tiketi.com\",\"description\":\"Flight &amp; Bus Tickets, Tours, Activitites\",\"publisher\":{\"@id\":\"https:\\\/\\\/tiketi.com\\\/#organization\"},\"potentialAction\":[{\"@type\":\"SearchAction\",\"target\":{\"@type\":\"EntryPoint\",\"urlTemplate\":\"https:\\\/\\\/tiketi.com\\\/?s={search_term_string}\"},\"query-input\":{\"@type\":\"PropertyValueSpecification\",\"valueRequired\":true,\"valueName\":\"search_term_string\"}}],\"inLanguage\":\"fr-FR\"},{\"@type\":\"Organization\",\"@id\":\"https:\\\/\\\/tiketi.com\\\/#organization\",\"name\":\"Tiketi.com\",\"alternateName\":\"Tiketi\",\"url\":\"https:\\\/\\\/tiketi.com\\\/\",\"logo\":{\"@type\":\"ImageObject\",\"inLanguage\":\"fr-FR\",\"@id\":\"https:\\\/\\\/tiketi.com\\\/#\\\/schema\\\/logo\\\/image\\\/\",\"url\":\"https:\\\/\\\/tiketi.com\\\/wp-content\\\/uploads\\\/2019\\\/05\\\/tiketi-logo-696.png\",\"contentUrl\":\"https:\\\/\\\/tiketi.com\\\/wp-content\\\/uploads\\\/2019\\\/05\\\/tiketi-logo-696.png\",\"width\":696,\"height\":696,\"caption\":\"Tiketi.com\"},\"image\":{\"@id\":\"https:\\\/\\\/tiketi.com\\\/#\\\/schema\\\/logo\\\/image\\\/\"},\"sameAs\":[\"https:\\\/\\\/www.facebook.com\\\/TiketiCom\\\/\"]}]}<\/script>\n<!-- \/ Yoast SEO plugin. -->","yoast_head_json":{"title":"Comment obtenir le plan de donn\u00e9es des forfaits Internet Lebara Mobile Arabie Saoudite","description":"\u00cates-vous \u00e0 la recherche de forfaits bon march\u00e9 de forfaits de donn\u00e9es Lebara Mobile, de vitesse, de codes d&#039;abonnement et de prix\u00a0? Voici comment obtenir le plan de donn\u00e9es des forfaits \/ forfaits Internet Lebara Mobile Arabie Saoudite","robots":{"index":"index","follow":"follow","max-snippet":"max-snippet:-1","max-image-preview":"max-image-preview:large","max-video-preview":"max-video-preview:-1"},"canonical":"https:\/\/tiketi.com\/fr-fr\/internet-lebara-mobile-saudi-arabia-data-bundles\/","og_locale":"fr_FR","og_type":"article","og_title":"How to get data plan of Lebara Mobile Saudi Arabia internet packages","og_description":"Are you looking for cheap plans of Lebara Mobile data bundles, speed, subscription codes and prices? Here is how to get data plan of Lebara Mobile Saudi Arabia internet packages \/ bundles","og_url":"https:\/\/tiketi.com\/fr-fr\/internet-lebara-mobile-saudi-arabia-data-bundles\/","og_site_name":"Tiketi.com","article_publisher":"https:\/\/www.facebook.com\/TiketiCom\/","article_modified_time":"2022-02-15T08:21:04+00:00","og_image":[{"width":1200,"height":200,"url":"https:\/\/tiketi.com\/wp-content\/uploads\/2019\/05\/data-packages-2029825_1280.jpg","type":"image\/jpeg"}],"twitter_card":"summary_large_image","twitter_misc":{"Dur\u00e9e de lecture estim\u00e9e":"2 minutes"},"schema":{"@context":"https:\/\/schema.org","@graph":[{"@type":"WebPage","@id":"https:\/\/tiketi.com\/internet-lebara-mobile-saudi-arabia-data-bundles\/","url":"https:\/\/tiketi.com\/internet-lebara-mobile-saudi-arabia-data-bundles\/","name":"Comment obtenir le plan de donn\u00e9es des forfaits Internet Lebara Mobile Arabie Saoudite","isPartOf":{"@id":"https:\/\/tiketi.com\/#website"},"primaryImageOfPage":{"@id":"https:\/\/tiketi.com\/internet-lebara-mobile-saudi-arabia-data-bundles\/#primaryimage"},"image":{"@id":"https:\/\/tiketi.com\/internet-lebara-mobile-saudi-arabia-data-bundles\/#primaryimage"},"thumbnailUrl":"https:\/\/tiketi.com\/wp-content\/uploads\/2019\/05\/data-packages-2029825_1280.jpg","datePublished":"2022-01-19T11:53:36+00:00","dateModified":"2022-02-15T08:21:04+00:00","description":"\u00cates-vous \u00e0 la recherche de forfaits bon march\u00e9 de forfaits de donn\u00e9es Lebara Mobile, de vitesse, de codes d&#039;abonnement et de prix\u00a0? Voici comment obtenir le plan de donn\u00e9es des forfaits \/ forfaits Internet Lebara Mobile Arabie Saoudite","breadcrumb":{"@id":"https:\/\/tiketi.com\/internet-lebara-mobile-saudi-arabia-data-bundles\/#breadcrumb"},"inLanguage":"fr-FR","potentialAction":[{"@type":"ReadAction","target":["https:\/\/tiketi.com\/internet-lebara-mobile-saudi-arabia-data-bundles\/"]}]},{"@type":"ImageObject","inLanguage":"fr-FR","@id":"https:\/\/tiketi.com\/internet-lebara-mobile-saudi-arabia-data-bundles\/#primaryimage","url":"https:\/\/tiketi.com\/wp-content\/uploads\/2019\/05\/data-packages-2029825_1280.jpg","contentUrl":"https:\/\/tiketi.com\/wp-content\/uploads\/2019\/05\/data-packages-2029825_1280.jpg","width":1200,"height":200,"caption":"How to get Data Plan \/ Packages \/ Top Up"},{"@type":"BreadcrumbList","@id":"https:\/\/tiketi.com\/internet-lebara-mobile-saudi-arabia-data-bundles\/#breadcrumb","itemListElement":[{"@type":"ListItem","position":1,"name":"Home","item":"https:\/\/tiketi.com\/"},{"@type":"ListItem","position":2,"name":"How to get data plan of Lebara Mobile Saudi Arabia internet packages \/ bundles"}]},{"@type":"WebSite","@id":"https:\/\/tiketi.com\/#website","url":"https:\/\/tiketi.com\/","name":"Billets d&#039;avion et de bus, forfaits touristiques et activit\u00e9s - Tiketi.com","description":"Billets d&#039;avion et de bus, Tours, Activit\u00e9s","publisher":{"@id":"https:\/\/tiketi.com\/#organization"},"potentialAction":[{"@type":"SearchAction","target":{"@type":"EntryPoint","urlTemplate":"https:\/\/tiketi.com\/?s={search_term_string}"},"query-input":{"@type":"PropertyValueSpecification","valueRequired":true,"valueName":"search_term_string"}}],"inLanguage":"fr-FR"},{"@type":"Organization","@id":"https:\/\/tiketi.com\/#organization","name":"Tiketi.com","alternateName":"Tiketi","url":"https:\/\/tiketi.com\/","logo":{"@type":"ImageObject","inLanguage":"fr-FR","@id":"https:\/\/tiketi.com\/#\/schema\/logo\/image\/","url":"https:\/\/tiketi.com\/wp-content\/uploads\/2019\/05\/tiketi-logo-696.png","contentUrl":"https:\/\/tiketi.com\/wp-content\/uploads\/2019\/05\/tiketi-logo-696.png","width":696,"height":696,"caption":"Tiketi.com"},"image":{"@id":"https:\/\/tiketi.com\/#\/schema\/logo\/image\/"},"sameAs":["https:\/\/www.facebook.com\/TiketiCom\/"]}]}},"_links":{"self":[{"href":"https:\/\/tiketi.com\/fr-fr\/wp-json\/wp\/v2\/pages\/10628","targetHints":{"allow":["GET"]}}],"collection":[{"href":"https:\/\/tiketi.com\/fr-fr\/wp-json\/wp\/v2\/pages"}],"about":[{"href":"https:\/\/tiketi.com\/fr-fr\/wp-json\/wp\/v2\/types\/page"}],"author":[{"embeddable":true,"href":"https:\/\/tiketi.com\/fr-fr\/wp-json\/wp\/v2\/users\/1"}],"replies":[{"embeddable":true,"href":"https:\/\/tiketi.com\/fr-fr\/wp-json\/wp\/v2\/comments?post=10628"}],"version-history":[{"count":0,"href":"https:\/\/tiketi.com\/fr-fr\/wp-json\/wp\/v2\/pages\/10628\/revisions"}],"wp:featuredmedia":[{"embeddable":true,"href":"https:\/\/tiketi.com\/fr-fr\/wp-json\/wp\/v2\/media\/19675"}],"wp:attachment":[{"href":"https:\/\/tiketi.com\/fr-fr\/wp-json\/wp\/v2\/media?parent=10628"}],"curies":[{"name":"wp","href":"https:\/\/api.w.org\/{rel}","templated":true}]}}