{"id":10632,"date":"2022-01-19T12:53:37","date_gmt":"2022-01-19T11:53:37","guid":{"rendered":"https:\/\/new.tiketi.com\/how-to-get-data-plan-of-mobily-saudi-arabia-internet-packages-bundles\/"},"modified":"2022-02-15T09:35:48","modified_gmt":"2022-02-15T08:35:48","slug":"internet-etisalat-saudi-arabia-data-bundles","status":"publish","type":"page","link":"https:\/\/tiketi.com\/fr-fr\/internet-etisalat-saudi-arabia-data-bundles\/","title":{"rendered":"Comment obtenir le plan de donn\u00e9es des forfaits \/ forfaits Internet Mobily Saudi Arabia"},"content":{"rendered":"<h2>Forfaits de donn\u00e9es, forfaits, codes d&#039;abonnement et prix de Mobily Saudi Arabia<\/h2>\n<p>Vous trouverez ci-dessous la liste de tous les plans de donn\u00e9es et prix de Mobily Saudi Arabia \/ Forfaits Internet Mobily Saudi Arabia. Mobily, en partie d\u00e9tenue par Etisalat, est le deuxi\u00e8me fournisseur en Arabie saoudite. Il offre toujours la meilleure couverture et les meilleures vitesses dans les zones peupl\u00e9es. Mobily a d\u00e9clar\u00e9 que la validit\u00e9 de la carte SIM pr\u00e9pay\u00e9e ne sera pas bas\u00e9e sur l&#039;activit\u00e9 plut\u00f4t que sur les recharges uniquement. Cela s&#039;appliquera aux abonn\u00e9s existants et aux nouveaux abonn\u00e9s. Les clients pr\u00e9pay\u00e9s doivent d\u00e9sormais utiliser leur forfait au moins une fois dans les quatre-vingt-dix jours pour maintenir la validit\u00e9 de la carte SIM, que ce soit pour les SMS, les appels vocaux, Internet, les recharges de cr\u00e9dit ou l&#039;itin\u00e9rance. Cela vous offre une plus grande flexibilit\u00e9 aux clients et \u00e9vite la perte de leurs lignes si elles ne sont pas recharg\u00e9es. Trouvez ci-dessous le prix des forfaits de donn\u00e9es Mobily bon march\u00e9:<\/p>\n<h2>Voici comment obtenir les forfaits de donn\u00e9es Mobily, les plans et les prix \/ Forfaits Internet Mobily Arabie Saoudite<\/h2>\n<h2>Forfaits de donn\u00e9es Mobily Arabie Saoudite<\/h2>\n<table>\n<tbody>\n<tr>\n<th>\n<h3><strong>Forfaits de donn\u00e9es Mobily<\/strong><\/h3>\n<\/th>\n<th>\n<h3><strong>Validit\u00e9<\/strong><\/h3>\n<\/th>\n<th>\n<h3><strong>Prix<\/strong><\/h3>\n<\/th>\n<th>\n<h3><strong>Activation<\/strong><\/h3>\n<\/th>\n<th>\n<h3><strong>D\u00e9sactivation<\/strong><\/h3>\n<\/th>\n<\/tr>\n<tr>\n<td>\n<h3>150 Mo<\/h3>\n<\/td>\n<td>\n<h3>Forfaits de donn\u00e9es hebdomadaires Mobily Saudi Arabia : 14 jours<\/h3>\n<\/td>\n<td>\n<h3>SR 5<\/h3>\n<\/td>\n<td>\n<h3>750<\/h3>\n<\/td>\n<td>\n<h3>0750<\/h3>\n<\/td>\n<\/tr>\n<tr>\n<td>\n<h3>500 Mo<\/h3>\n<\/td>\n<td>\n<h3>Forfaits de donn\u00e9es mensuels Mobily Saudi Arabia : 30 jours<\/h3>\n<\/td>\n<td>\n<h3>SR 20<\/h3>\n<\/td>\n<td>\n<h3>6090<\/h3>\n<\/td>\n<td>\n<h3>6092<\/h3>\n<\/td>\n<\/tr>\n<tr>\n<td>\n<h3>1 Go<\/h3>\n<\/td>\n<td>\n<h3>Forfaits de donn\u00e9es mensuels Mobily Saudi Arabia : 30 jours<\/h3>\n<\/td>\n<td>\n<h3>SR 30<\/h3>\n<\/td>\n<td>\n<h3>6100<\/h3>\n<\/td>\n<td>\n<h3>6102<\/h3>\n<\/td>\n<\/tr>\n<tr>\n<td>\n<h3>2 Go<\/h3>\n<\/td>\n<td>\n<h3>Forfaits de donn\u00e9es mensuels Mobily Saudi Arabia : 30 jours<\/h3>\n<\/td>\n<td>\n<h3>SR 50<\/h3>\n<\/td>\n<td>\n<h3>7200<\/h3>\n<\/td>\n<td>\n<h3>7202<\/h3>\n<\/td>\n<\/tr>\n<tr>\n<td>\n<h3>5 Go<\/h3>\n<\/td>\n<td>\n<h3>Forfaits de donn\u00e9es mensuels Mobily Saudi Arabia : 30 jours<\/h3>\n<\/td>\n<td>\n<h3>75\u00a0SR<\/h3>\n<\/td>\n<td>\n<h3>7300<\/h3>\n<\/td>\n<td>\n<h3>7302<\/h3>\n<\/td>\n<\/tr>\n<tr>\n<td>\n<h3>15 Go<\/h3>\n<\/td>\n<td>\n<h3>Forfaits de donn\u00e9es mensuels Mobily Saudi Arabia : 30 jours<\/h3>\n<\/td>\n<td>\n<h3>SR 95<\/h3>\n<\/td>\n<td>\n<h3>7050<\/h3>\n<\/td>\n<td>\n<h3>7052<\/h3>\n<\/td>\n<\/tr>\n<tr>\n<td>\n<h3>20 Go<\/h3>\n<\/td>\n<td>\n<h3>Forfaits de donn\u00e9es mensuels Mobily Saudi Arabia : 30 jours<\/h3>\n<\/td>\n<td>\n<h3>SR 135<\/h3>\n<\/td>\n<td>\n<h3>6300<\/h3>\n<\/td>\n<td>\n<h3>6302<\/h3>\n<\/td>\n<\/tr>\n<tr>\n<td>\n<h3>30 Go<\/h3>\n<\/td>\n<td>\n<h3>Forfaits de donn\u00e9es mensuels Mobily Saudi Arabia : 90 jours<\/h3>\n<\/td>\n<td>\n<h3>SR 165<\/h3>\n<\/td>\n<td>\n<h3>6070<\/h3>\n<\/td>\n<td>\n<h3>6072<\/h3>\n<\/td>\n<\/tr>\n<tr>\n<td>\n<h3>40 Go<\/h3>\n<\/td>\n<td>\n<h3>Forfaits de donn\u00e9es mensuels Mobily Saudi Arabia : 90 jours<\/h3>\n<\/td>\n<td>\n<h3>SR 220<\/h3>\n<\/td>\n<td>\n<h3>8200<\/h3>\n<\/td>\n<td>\n<h3>8202<\/h3>\n<\/td>\n<\/tr>\n<tr>\n<td>\n<h3>50 Go<\/h3>\n<\/td>\n<td>\n<h3>Forfaits de donn\u00e9es Mobily Saudi Arabia : 60 jours<\/h3>\n<\/td>\n<td>\n<h3>SR 210<\/h3>\n<\/td>\n<td>\n<h3>7090<\/h3>\n<\/td>\n<td>\n<h3>7902<\/h3>\n<\/td>\n<\/tr>\n<tr>\n<td>\n<h3>100 Go<\/h3>\n<\/td>\n<td>\n<h3>Forfaits de donn\u00e9es mensuels Mobily Saudi Arabia : 30 jours<\/h3>\n<\/td>\n<td>\n<h3>SR 160<\/h3>\n<\/td>\n<td>\n<h3>7080<\/h3>\n<\/td>\n<td>\n<h3>7802<\/h3>\n<\/td>\n<\/tr>\n<tr>\n<td>\n<h3>150 Go<\/h3>\n<\/td>\n<td>\n<h3>Forfaits de donn\u00e9es mensuels Mobily Saudi Arabia : 90 jours<\/h3>\n<\/td>\n<td>\n<h3>SR 320<\/h3>\n<\/td>\n<td>\n<h3>8080<\/h3>\n<\/td>\n<td>\n<h3>8080<\/h3>\n<\/td>\n<\/tr>\n<tr>\n<td>\n<h3>300 Go<\/h3>\n<\/td>\n<td>\n<h3>Forfaits de donn\u00e9es mensuels Mobily Saudi Arabia : 90 jours<\/h3>\n<\/td>\n<td>\n<h3>SR 450<\/h3>\n<\/td>\n<td>\n<h3>300<\/h3>\n<\/td>\n<td>\n<h3><\/h3>\n<\/td>\n<\/tr>\n<tr>\n<td>\n<h3>600 Go<\/h3>\n<\/td>\n<td>\n<h3>Forfaits de donn\u00e9es mensuels Mobily Saudi Arabia : 6 mois<\/h3>\n<\/td>\n<td>\n<h3>SR 900<\/h3>\n<\/td>\n<td>\n<h3>606<\/h3>\n<\/td>\n<td><\/td>\n<\/tr>\n<\/tbody>\n<\/table>\n<h2>Vitesse Internet Mobily Arabie Saoudite<\/h2>\n<p><strong>Signal<\/strong><br \/>\n<strong>Vitesse de pointe\u00a0:<\/strong><br \/>\n<strong>Vitesse moyenne de navigation sur Internet\u00a0:<\/strong><\/p>\n<p>Les informations sur les packages de donn\u00e9es Mobily Saudi Arabia ci-dessus, les prix et les codes d&#039;abonnement sont valables selon notre derni\u00e8re mise \u00e0 jour 2020.<\/p>","protected":false},"excerpt":{"rendered":"<p>Mobily Saudi Arabia Data Plans, Bundles, Subscription Codes and Prices Below is the list of every Mobily Saudi Arabia data plans and prices\u00a0\/ Mobily Saudi Arabia internet packages. Mobily, partly owned by Etisalat, is the second provider in Saudi-Arabia. It still provides best coverage and speeds in populated areas.\u00a0Mobily has declared that prepaid SIM validity [&hellip;]<\/p>\n","protected":false},"author":1,"featured_media":19675,"parent":0,"menu_order":0,"comment_status":"open","ping_status":"closed","template":"template-home-modern.php","meta":{"footnotes":""},"class_list":["post-10632","page","type-page","status-publish","has-post-thumbnail","hentry"],"yoast_head":"<!-- This site is optimized with the Yoast SEO plugin v27.2 - https:\/\/yoast.com\/product\/yoast-seo-wordpress\/ -->\n<title>How to get data plan of Mobily Saudi Arabia internet packages \/ bundles<\/title>\n<meta name=\"description\" content=\"Are you looking for cheap data plans of Mobily Saudi Arabia data plans, speed, codes and prices? Here is how to get data plan of Mobily Saudi Arabia internet packages \/ bundles\" \/>\n<meta name=\"robots\" content=\"index, follow, max-snippet:-1, max-image-preview:large, max-video-preview:-1\" \/>\n<link rel=\"canonical\" href=\"https:\/\/tiketi.com\/fr-fr\/internet-etisalat-saudi-arabia-data-bundles\/\" \/>\n<meta property=\"og:locale\" content=\"fr_FR\" \/>\n<meta property=\"og:type\" content=\"article\" \/>\n<meta property=\"og:title\" content=\"How to get data plan of Mobily Saudi Arabia internet packages \/ bundles\" \/>\n<meta property=\"og:description\" content=\"Are you looking for cheap data plans of Mobily Saudi Arabia data plans, speed, codes and prices? Here is how to get data plan of Mobily Saudi Arabia internet packages \/ bundles\" \/>\n<meta property=\"og:url\" content=\"https:\/\/tiketi.com\/fr-fr\/internet-etisalat-saudi-arabia-data-bundles\/\" \/>\n<meta property=\"og:site_name\" content=\"Tiketi.com\" \/>\n<meta property=\"article:publisher\" content=\"https:\/\/www.facebook.com\/TiketiCom\/\" \/>\n<meta property=\"article:modified_time\" content=\"2022-02-15T08:35:48+00:00\" \/>\n<meta property=\"og:image\" content=\"https:\/\/tiketi.com\/wp-content\/uploads\/2019\/05\/data-packages-2029825_1280.jpg\" \/>\n\t<meta property=\"og:image:width\" content=\"1200\" \/>\n\t<meta property=\"og:image:height\" content=\"200\" \/>\n\t<meta property=\"og:image:type\" content=\"image\/jpeg\" \/>\n<meta name=\"twitter:card\" content=\"summary_large_image\" \/>\n<meta name=\"twitter:label1\" content=\"Dur\u00e9e de lecture estim\u00e9e\" \/>\n\t<meta name=\"twitter:data1\" content=\"2 minutes\" \/>\n<script type=\"application\/ld+json\" class=\"yoast-schema-graph\">{\"@context\":\"https:\/\/schema.org\",\"@graph\":[{\"@type\":\"WebPage\",\"@id\":\"https:\/\/tiketi.com\/internet-etisalat-saudi-arabia-data-bundles\/\",\"url\":\"https:\/\/tiketi.com\/internet-etisalat-saudi-arabia-data-bundles\/\",\"name\":\"How to get data plan of Mobily Saudi Arabia internet packages \/ bundles\",\"isPartOf\":{\"@id\":\"https:\/\/tiketi.com\/#website\"},\"primaryImageOfPage\":{\"@id\":\"https:\/\/tiketi.com\/internet-etisalat-saudi-arabia-data-bundles\/#primaryimage\"},\"image\":{\"@id\":\"https:\/\/tiketi.com\/internet-etisalat-saudi-arabia-data-bundles\/#primaryimage\"},\"thumbnailUrl\":\"https:\/\/tiketi.com\/wp-content\/uploads\/2019\/05\/data-packages-2029825_1280.jpg\",\"datePublished\":\"2022-01-19T11:53:37+00:00\",\"dateModified\":\"2022-02-15T08:35:48+00:00\",\"description\":\"Are you looking for cheap data plans of Mobily Saudi Arabia data plans, speed, codes and prices? Here is how to get data plan of Mobily Saudi Arabia internet packages \/ bundles\",\"breadcrumb\":{\"@id\":\"https:\/\/tiketi.com\/internet-etisalat-saudi-arabia-data-bundles\/#breadcrumb\"},\"inLanguage\":\"fr-FR\",\"potentialAction\":[{\"@type\":\"ReadAction\",\"target\":[\"https:\/\/tiketi.com\/internet-etisalat-saudi-arabia-data-bundles\/\"]}]},{\"@type\":\"ImageObject\",\"inLanguage\":\"fr-FR\",\"@id\":\"https:\/\/tiketi.com\/internet-etisalat-saudi-arabia-data-bundles\/#primaryimage\",\"url\":\"https:\/\/tiketi.com\/wp-content\/uploads\/2019\/05\/data-packages-2029825_1280.jpg\",\"contentUrl\":\"https:\/\/tiketi.com\/wp-content\/uploads\/2019\/05\/data-packages-2029825_1280.jpg\",\"width\":1200,\"height\":200,\"caption\":\"How to get Data Plan \/ Packages \/ Top Up\"},{\"@type\":\"BreadcrumbList\",\"@id\":\"https:\/\/tiketi.com\/internet-etisalat-saudi-arabia-data-bundles\/#breadcrumb\",\"itemListElement\":[{\"@type\":\"ListItem\",\"position\":1,\"name\":\"Home\",\"item\":\"https:\/\/tiketi.com\/\"},{\"@type\":\"ListItem\",\"position\":2,\"name\":\"How to get data plan of Mobily Saudi Arabia internet packages \/ bundles\"}]},{\"@type\":\"WebSite\",\"@id\":\"https:\/\/tiketi.com\/#website\",\"url\":\"https:\/\/tiketi.com\/\",\"name\":\"Flight & Bus Tickets, Tour Packages & Activitites - Tiketi.com\",\"description\":\"Flight &amp; Bus Tickets, Tours, Activitites\",\"publisher\":{\"@id\":\"https:\/\/tiketi.com\/#organization\"},\"potentialAction\":[{\"@type\":\"SearchAction\",\"target\":{\"@type\":\"EntryPoint\",\"urlTemplate\":\"https:\/\/tiketi.com\/?s={search_term_string}\"},\"query-input\":{\"@type\":\"PropertyValueSpecification\",\"valueRequired\":true,\"valueName\":\"search_term_string\"}}],\"inLanguage\":\"fr-FR\"},{\"@type\":\"Organization\",\"@id\":\"https:\/\/tiketi.com\/#organization\",\"name\":\"Tiketi.com\",\"alternateName\":\"Tiketi\",\"url\":\"https:\/\/tiketi.com\/\",\"logo\":{\"@type\":\"ImageObject\",\"inLanguage\":\"fr-FR\",\"@id\":\"https:\/\/tiketi.com\/#\/schema\/logo\/image\/\",\"url\":\"https:\/\/tiketi.com\/wp-content\/uploads\/2019\/05\/tiketi-logo-696.png\",\"contentUrl\":\"https:\/\/tiketi.com\/wp-content\/uploads\/2019\/05\/tiketi-logo-696.png\",\"width\":696,\"height\":696,\"caption\":\"Tiketi.com\"},\"image\":{\"@id\":\"https:\/\/tiketi.com\/#\/schema\/logo\/image\/\"},\"sameAs\":[\"https:\/\/www.facebook.com\/TiketiCom\/\"]}]}<\/script>\n<!-- \/ Yoast SEO plugin. -->","yoast_head_json":{"title":"Comment obtenir le plan de donn\u00e9es des forfaits \/ forfaits Internet Mobily Saudi Arabia","description":"\u00cates-vous \u00e0 la recherche de forfaits de donn\u00e9es bon march\u00e9 parmi les forfaits de donn\u00e9es, la vitesse, les codes et les prix de Mobily Saudi Arabia? Voici comment obtenir le plan de donn\u00e9es des forfaits \/ forfaits Internet Mobily Saudi Arabia","robots":{"index":"index","follow":"follow","max-snippet":"max-snippet:-1","max-image-preview":"max-image-preview:large","max-video-preview":"max-video-preview:-1"},"canonical":"https:\/\/tiketi.com\/fr-fr\/internet-etisalat-saudi-arabia-data-bundles\/","og_locale":"fr_FR","og_type":"article","og_title":"How to get data plan of Mobily Saudi Arabia internet packages \/ bundles","og_description":"Are you looking for cheap data plans of Mobily Saudi Arabia data plans, speed, codes and prices? Here is how to get data plan of Mobily Saudi Arabia internet packages \/ bundles","og_url":"https:\/\/tiketi.com\/fr-fr\/internet-etisalat-saudi-arabia-data-bundles\/","og_site_name":"Tiketi.com","article_publisher":"https:\/\/www.facebook.com\/TiketiCom\/","article_modified_time":"2022-02-15T08:35:48+00:00","og_image":[{"width":1200,"height":200,"url":"https:\/\/tiketi.com\/wp-content\/uploads\/2019\/05\/data-packages-2029825_1280.jpg","type":"image\/jpeg"}],"twitter_card":"summary_large_image","twitter_misc":{"Dur\u00e9e de lecture estim\u00e9e":"2 minutes"},"schema":{"@context":"https:\/\/schema.org","@graph":[{"@type":"WebPage","@id":"https:\/\/tiketi.com\/internet-etisalat-saudi-arabia-data-bundles\/","url":"https:\/\/tiketi.com\/internet-etisalat-saudi-arabia-data-bundles\/","name":"Comment obtenir le plan de donn\u00e9es des forfaits \/ forfaits Internet Mobily Saudi Arabia","isPartOf":{"@id":"https:\/\/tiketi.com\/#website"},"primaryImageOfPage":{"@id":"https:\/\/tiketi.com\/internet-etisalat-saudi-arabia-data-bundles\/#primaryimage"},"image":{"@id":"https:\/\/tiketi.com\/internet-etisalat-saudi-arabia-data-bundles\/#primaryimage"},"thumbnailUrl":"https:\/\/tiketi.com\/wp-content\/uploads\/2019\/05\/data-packages-2029825_1280.jpg","datePublished":"2022-01-19T11:53:37+00:00","dateModified":"2022-02-15T08:35:48+00:00","description":"\u00cates-vous \u00e0 la recherche de forfaits de donn\u00e9es bon march\u00e9 parmi les forfaits de donn\u00e9es, la vitesse, les codes et les prix de Mobily Saudi Arabia? Voici comment obtenir le plan de donn\u00e9es des forfaits \/ forfaits Internet Mobily Saudi Arabia","breadcrumb":{"@id":"https:\/\/tiketi.com\/internet-etisalat-saudi-arabia-data-bundles\/#breadcrumb"},"inLanguage":"fr-FR","potentialAction":[{"@type":"ReadAction","target":["https:\/\/tiketi.com\/internet-etisalat-saudi-arabia-data-bundles\/"]}]},{"@type":"ImageObject","inLanguage":"fr-FR","@id":"https:\/\/tiketi.com\/internet-etisalat-saudi-arabia-data-bundles\/#primaryimage","url":"https:\/\/tiketi.com\/wp-content\/uploads\/2019\/05\/data-packages-2029825_1280.jpg","contentUrl":"https:\/\/tiketi.com\/wp-content\/uploads\/2019\/05\/data-packages-2029825_1280.jpg","width":1200,"height":200,"caption":"How to get Data Plan \/ Packages \/ Top Up"},{"@type":"BreadcrumbList","@id":"https:\/\/tiketi.com\/internet-etisalat-saudi-arabia-data-bundles\/#breadcrumb","itemListElement":[{"@type":"ListItem","position":1,"name":"Home","item":"https:\/\/tiketi.com\/"},{"@type":"ListItem","position":2,"name":"How to get data plan of Mobily Saudi Arabia internet packages \/ bundles"}]},{"@type":"WebSite","@id":"https:\/\/tiketi.com\/#website","url":"https:\/\/tiketi.com\/","name":"Billets d&#039;avion et de bus, forfaits touristiques et activit\u00e9s - Tiketi.com","description":"Billets d&#039;avion et de bus, Tours, Activit\u00e9s","publisher":{"@id":"https:\/\/tiketi.com\/#organization"},"potentialAction":[{"@type":"SearchAction","target":{"@type":"EntryPoint","urlTemplate":"https:\/\/tiketi.com\/?s={search_term_string}"},"query-input":{"@type":"PropertyValueSpecification","valueRequired":true,"valueName":"search_term_string"}}],"inLanguage":"fr-FR"},{"@type":"Organization","@id":"https:\/\/tiketi.com\/#organization","name":"Tiketi.com","alternateName":"Tiketi","url":"https:\/\/tiketi.com\/","logo":{"@type":"ImageObject","inLanguage":"fr-FR","@id":"https:\/\/tiketi.com\/#\/schema\/logo\/image\/","url":"https:\/\/tiketi.com\/wp-content\/uploads\/2019\/05\/tiketi-logo-696.png","contentUrl":"https:\/\/tiketi.com\/wp-content\/uploads\/2019\/05\/tiketi-logo-696.png","width":696,"height":696,"caption":"Tiketi.com"},"image":{"@id":"https:\/\/tiketi.com\/#\/schema\/logo\/image\/"},"sameAs":["https:\/\/www.facebook.com\/TiketiCom\/"]}]}},"_links":{"self":[{"href":"https:\/\/tiketi.com\/fr-fr\/wp-json\/wp\/v2\/pages\/10632","targetHints":{"allow":["GET"]}}],"collection":[{"href":"https:\/\/tiketi.com\/fr-fr\/wp-json\/wp\/v2\/pages"}],"about":[{"href":"https:\/\/tiketi.com\/fr-fr\/wp-json\/wp\/v2\/types\/page"}],"author":[{"embeddable":true,"href":"https:\/\/tiketi.com\/fr-fr\/wp-json\/wp\/v2\/users\/1"}],"replies":[{"embeddable":true,"href":"https:\/\/tiketi.com\/fr-fr\/wp-json\/wp\/v2\/comments?post=10632"}],"version-history":[{"count":0,"href":"https:\/\/tiketi.com\/fr-fr\/wp-json\/wp\/v2\/pages\/10632\/revisions"}],"wp:featuredmedia":[{"embeddable":true,"href":"https:\/\/tiketi.com\/fr-fr\/wp-json\/wp\/v2\/media\/19675"}],"wp:attachment":[{"href":"https:\/\/tiketi.com\/fr-fr\/wp-json\/wp\/v2\/media?parent=10632"}],"curies":[{"name":"wp","href":"https:\/\/api.w.org\/{rel}","templated":true}]}}