{"id":10634,"date":"2022-01-19T12:53:37","date_gmt":"2022-01-19T11:53:37","guid":{"rendered":"https:\/\/new.tiketi.com\/how-to-get-data-plan-of-stc-saudi-arabia-internet-packages-bundles\/"},"modified":"2022-09-23T13:50:44","modified_gmt":"2022-09-23T12:50:44","slug":"internet-mobile-stc-saudi-arabia-data-bundles","status":"publish","type":"page","link":"https:\/\/tiketi.com\/fr-fr\/internet-mobile-stc-saudi-arabia-data-bundles\/","title":{"rendered":"Comment obtenir le plan de donn\u00e9es des forfaits \/ forfaits Internet STC Arabie saoudite"},"content":{"rendered":"<h2>Forfaits Internet pr\u00e9pay\u00e9s STC en Arabie saoudite, plan de donn\u00e9es, codes d&#039;abonnement et prix<\/h2>\n<p>Vous trouverez ci-dessous la liste de tous les plans de donn\u00e9es STC Arabie Saoudite et prix \/ forfaits Internet STC Arabie Saoudite. STC pour la soci\u00e9t\u00e9 Saudi Telecom, d\u00e9tenue en grande partie par l&#039;\u00c9tat, est un monstre du march\u00e9 en Arabie saoudite avec la meilleure couverture et la meilleure vitesse dans tout le pays\u00a0: la couverture mobile. Il a commenc\u00e9 avec LTE en 2010 et couvre environ 90 % de la population d&#039;ici 2015, qui se concentre uniquement dans quelques villes sur 1800 MHz et 2300 MHz en TD-LTE. D\u00e9couvrez ci-dessous les forfaits Internet pr\u00e9pay\u00e9s STC pas chers en Arabie Saoudite:<\/p>\n<h2>Voici comment obtenir des forfaits de donn\u00e9es, des forfaits et des tarifs STC Arabie saoudite \/ Forfaits Internet STC Arabie saoudite<\/h2>\n<h3><strong>Forfaits internet pr\u00e9pay\u00e9s STC en Arabie Saoudite<\/strong><\/h3>\n<p>Les donn\u00e9es par d\u00e9faut sont de 2 SR par Mo, connues sous le nom d&#039;EasyNet. Cela peut \u00eatre activ\u00e9 en envoyant un SMS au 2002 au 900 et d\u00e9sactiv\u00e9 au 2001 au 900.<br \/>\nCes forfaits de donn\u00e9es STC Arabie Saoudite peuvent \u00eatre activ\u00e9s sur la carte pr\u00e9pay\u00e9e SAWA\u00a0:<\/p>\n<table>\n<tbody>\n<tr>\n<th>\n<h3>Forfaits de donn\u00e9es et prix de STC Arabie saoudite<\/h3>\n<\/th>\n<th>\n<h3><strong>Donn\u00e9es<\/strong><\/h3>\n<\/th>\n<th>\n<h3><strong>Wifi<\/strong><\/h3>\n<\/th>\n<th>\n<h3><strong>Soc. M\u00e9d.<\/strong><\/h3>\n<\/th>\n<th>\n<h3><strong>Voix<\/strong><\/h3>\n<\/th>\n<th>\n<h3><strong>Temps<\/strong><\/h3>\n<\/th>\n<th>\n<h3><strong>Prix<\/strong><\/h3>\n<\/th>\n<th>\n<h3><strong>Activation<\/strong><\/h3>\n<\/th>\n<\/tr>\n<tr>\n<td>\n<h3>15<\/h3>\n<\/td>\n<td>\n<h3>400 Mo<\/h3>\n<\/td>\n<td>\n<h3><\/h3>\n<\/td>\n<td>\n<h3><\/h3>\n<\/td>\n<td>\n<h3>400 minutes<\/h3>\n<\/td>\n<td>\n<h3>Forfait de donn\u00e9es STC Arabie Saoudite : 1 jour<\/h3>\n<\/td>\n<td>\n<h3>SR 15<\/h3>\n<\/td>\n<td>\n<h3>7015<\/h3>\n<\/td>\n<\/tr>\n<tr>\n<td>\n<h3>Quotidien<\/h3>\n<\/td>\n<td>\n<h3>200 Mo<\/h3>\n<\/td>\n<td>\n<h3><\/h3>\n<\/td>\n<td>\n<h3><\/h3>\n<\/td>\n<td>\n<h3>200 minutes<\/h3>\n<\/td>\n<td>\n<h3>Forfait de donn\u00e9es STC Arabie Saoudite : 1 jour<\/h3>\n<\/td>\n<td>\n<h3>SR 10<\/h3>\n<\/td>\n<td>\n<h3>8111<\/h3>\n<\/td>\n<\/tr>\n<tr>\n<td>\n<h3>Comme<\/h3>\n<\/td>\n<td>\n<h3>2 Go<\/h3>\n<\/td>\n<td>\n<h3>2 Go<\/h3>\n<\/td>\n<td>\n<h3>5 Go<\/h3>\n<\/td>\n<td>\n<h3>500 minutes<\/h3>\n<\/td>\n<td>\n<h3>Forfait de donn\u00e9es mensuel STC Arabie saoudite\u00a0: 28\u00a0jours<\/h3>\n<\/td>\n<td>\n<h3>SR 65<\/h3>\n<\/td>\n<td>\n<h3>7065<\/h3>\n<\/td>\n<\/tr>\n<tr>\n<td>\n<h3>Fl\u00e9chir<\/h3>\n<\/td>\n<td>\n<h3>8 Go<\/h3>\n<\/td>\n<td>\n<h3><\/h3>\n<\/td>\n<td>\n<h3><\/h3>\n<\/td>\n<td>\n<h3>200 minutes<\/h3>\n<\/td>\n<td>\n<h3>Forfait de donn\u00e9es mensuel STC Arabie saoudite\u00a0: 28\u00a0jours<\/h3>\n<\/td>\n<td>\n<h3>90\u00a0SR<\/h3>\n<\/td>\n<td>\n<h3>7090<\/h3>\n<\/td>\n<\/tr>\n<tr>\n<td>\n<h3>Partager<\/h3>\n<\/td>\n<td>\n<h3>5 Go<\/h3>\n<\/td>\n<td>\n<h3>5 Go<\/h3>\n<\/td>\n<td>\n<h3>10 Go<\/h3>\n<\/td>\n<td>\n<h3>illimit\u00e9<\/h3>\n<\/td>\n<td>\n<h3>Forfait de donn\u00e9es mensuel STC Arabie saoudite\u00a0: 28\u00a0jours<\/h3>\n<\/td>\n<td>\n<h3>SR 110<\/h3>\n<\/td>\n<td>\n<h3>7110<\/h3>\n<\/td>\n<\/tr>\n<tr>\n<td>\n<h3>Poste<\/h3>\n<\/td>\n<td>\n<h3>10 Go<\/h3>\n<\/td>\n<td>\n<h3>10 Go<\/h3>\n<\/td>\n<td>\n<h3>illimit\u00e9<\/h3>\n<\/td>\n<td>\n<h3>illimit\u00e9<\/h3>\n<\/td>\n<td>\n<h3>Forfait de donn\u00e9es mensuel STC Arabie saoudite\u00a0: 28\u00a0jours<\/h3>\n<\/td>\n<td>\n<h3>SR 160<\/h3>\n<\/td>\n<td>\n<h3>7160<\/h3>\n<\/td>\n<\/tr>\n<tr>\n<td>\n<h3>\u00c9toile<\/h3>\n<\/td>\n<td>\n<h3>100 Go<\/h3>\n<\/td>\n<td>\n<h3><\/h3>\n<\/td>\n<td>\n<h3>illimit\u00e9<\/h3>\n<\/td>\n<td>\n<h3>illimit\u00e9<\/h3>\n<\/td>\n<td>\n<h3>Forfait de donn\u00e9es mensuel STC Arabie saoudite\u00a0: 28\u00a0jours<\/h3>\n<\/td>\n<td>\n<h3>SR 220<\/h3>\n<\/td>\n<td>\n<h3>7220<\/h3>\n<\/td>\n<\/tr>\n<\/tbody>\n<\/table>\n<h2>\u00a0STC Arabie Saoudite Vitesse Internet<\/h2>\n<p><strong>Signal<\/strong><br \/>\n<strong>Vitesse de pointe\u00a0:<\/strong><br \/>\n<strong>Vitesse moyenne de navigation sur Internet\u00a0:<\/strong><\/p>\n<p>Les informations sur les forfaits Internet pr\u00e9pay\u00e9s STC en Arabie saoudite ci-dessus, les prix et les codes d&#039;abonnement sont valables selon notre derni\u00e8re mise \u00e0 jour 2020.<\/p>","protected":false},"excerpt":{"rendered":"<p>STC prepaid internet packages in Saudi Arabia, Data Plan, Subscription Codes and Prices Below is the list of every STC Saudi Arabia data plan and price \/ STC Saudi Arabia internet packages. STC for Saudi Telecom company, largely owned by state, is market monster in Saudi Arabia with the top coverage and speed all through [&hellip;]<\/p>\n","protected":false},"author":1,"featured_media":19675,"parent":0,"menu_order":0,"comment_status":"open","ping_status":"closed","template":"template-home-modern.php","meta":{"footnotes":""},"class_list":["post-10634","page","type-page","status-publish","has-post-thumbnail","hentry"],"yoast_head":"<!-- This site is optimized with the Yoast SEO plugin v27.2 - https:\/\/yoast.com\/product\/yoast-seo-wordpress\/ -->\n<title>How to get data plan of STC Saudi Arabia internet packages \/ bundles<\/title>\n<meta name=\"description\" content=\"Are you looking for cheap data plans of STC Saudi Arabia data bundles, speed, subscription codes and prices? Here is how to get data plan of STC Saudi Arabia internet packages \/ bundles\" \/>\n<meta name=\"robots\" content=\"index, follow, max-snippet:-1, max-image-preview:large, max-video-preview:-1\" \/>\n<link rel=\"canonical\" href=\"https:\/\/tiketi.com\/fr-fr\/internet-mobile-stc-saudi-arabia-data-bundles\/\" \/>\n<meta property=\"og:locale\" content=\"fr_FR\" \/>\n<meta property=\"og:type\" content=\"article\" \/>\n<meta property=\"og:title\" content=\"How to get data plan of STC Saudi Arabia internet packages \/ bundles\" \/>\n<meta property=\"og:description\" content=\"Are you looking for cheap data plans of STC Saudi Arabia data bundles, speed, subscription codes and prices? Here is how to get data plan of STC Saudi Arabia internet packages \/ bundles\" \/>\n<meta property=\"og:url\" content=\"https:\/\/tiketi.com\/fr-fr\/internet-mobile-stc-saudi-arabia-data-bundles\/\" \/>\n<meta property=\"og:site_name\" content=\"Tiketi.com\" \/>\n<meta property=\"article:publisher\" content=\"https:\/\/www.facebook.com\/TiketiCom\/\" \/>\n<meta property=\"article:modified_time\" content=\"2022-09-23T12:50:44+00:00\" \/>\n<meta property=\"og:image\" content=\"https:\/\/tiketi.com\/wp-content\/uploads\/2019\/05\/data-packages-2029825_1280.jpg\" \/>\n\t<meta property=\"og:image:width\" content=\"1200\" \/>\n\t<meta property=\"og:image:height\" content=\"200\" \/>\n\t<meta property=\"og:image:type\" content=\"image\/jpeg\" \/>\n<meta name=\"twitter:card\" content=\"summary_large_image\" \/>\n<meta name=\"twitter:label1\" content=\"Dur\u00e9e de lecture estim\u00e9e\" \/>\n\t<meta name=\"twitter:data1\" content=\"2 minutes\" \/>\n<script type=\"application\/ld+json\" class=\"yoast-schema-graph\">{\"@context\":\"https:\/\/schema.org\",\"@graph\":[{\"@type\":\"WebPage\",\"@id\":\"https:\/\/tiketi.com\/internet-mobile-stc-saudi-arabia-data-bundles\/\",\"url\":\"https:\/\/tiketi.com\/internet-mobile-stc-saudi-arabia-data-bundles\/\",\"name\":\"How to get data plan of STC Saudi Arabia internet packages \/ bundles\",\"isPartOf\":{\"@id\":\"https:\/\/tiketi.com\/#website\"},\"primaryImageOfPage\":{\"@id\":\"https:\/\/tiketi.com\/internet-mobile-stc-saudi-arabia-data-bundles\/#primaryimage\"},\"image\":{\"@id\":\"https:\/\/tiketi.com\/internet-mobile-stc-saudi-arabia-data-bundles\/#primaryimage\"},\"thumbnailUrl\":\"https:\/\/tiketi.com\/wp-content\/uploads\/2019\/05\/data-packages-2029825_1280.jpg\",\"datePublished\":\"2022-01-19T11:53:37+00:00\",\"dateModified\":\"2022-09-23T12:50:44+00:00\",\"description\":\"Are you looking for cheap data plans of STC Saudi Arabia data bundles, speed, subscription codes and prices? Here is how to get data plan of STC Saudi Arabia internet packages \/ bundles\",\"breadcrumb\":{\"@id\":\"https:\/\/tiketi.com\/internet-mobile-stc-saudi-arabia-data-bundles\/#breadcrumb\"},\"inLanguage\":\"fr-FR\",\"potentialAction\":[{\"@type\":\"ReadAction\",\"target\":[\"https:\/\/tiketi.com\/internet-mobile-stc-saudi-arabia-data-bundles\/\"]}]},{\"@type\":\"ImageObject\",\"inLanguage\":\"fr-FR\",\"@id\":\"https:\/\/tiketi.com\/internet-mobile-stc-saudi-arabia-data-bundles\/#primaryimage\",\"url\":\"https:\/\/tiketi.com\/wp-content\/uploads\/2019\/05\/data-packages-2029825_1280.jpg\",\"contentUrl\":\"https:\/\/tiketi.com\/wp-content\/uploads\/2019\/05\/data-packages-2029825_1280.jpg\",\"width\":1200,\"height\":200,\"caption\":\"How to get Data Plan \/ Packages \/ Top Up\"},{\"@type\":\"BreadcrumbList\",\"@id\":\"https:\/\/tiketi.com\/internet-mobile-stc-saudi-arabia-data-bundles\/#breadcrumb\",\"itemListElement\":[{\"@type\":\"ListItem\",\"position\":1,\"name\":\"Home\",\"item\":\"https:\/\/tiketi.com\/\"},{\"@type\":\"ListItem\",\"position\":2,\"name\":\"How to get data plan of STC Saudi Arabia internet packages \/ bundles\"}]},{\"@type\":\"WebSite\",\"@id\":\"https:\/\/tiketi.com\/#website\",\"url\":\"https:\/\/tiketi.com\/\",\"name\":\"Flight & Bus Tickets, Tour Packages & Activitites - Tiketi.com\",\"description\":\"Flight &amp; Bus Tickets, Tours, Activitites\",\"publisher\":{\"@id\":\"https:\/\/tiketi.com\/#organization\"},\"potentialAction\":[{\"@type\":\"SearchAction\",\"target\":{\"@type\":\"EntryPoint\",\"urlTemplate\":\"https:\/\/tiketi.com\/?s={search_term_string}\"},\"query-input\":{\"@type\":\"PropertyValueSpecification\",\"valueRequired\":true,\"valueName\":\"search_term_string\"}}],\"inLanguage\":\"fr-FR\"},{\"@type\":\"Organization\",\"@id\":\"https:\/\/tiketi.com\/#organization\",\"name\":\"Tiketi.com\",\"alternateName\":\"Tiketi\",\"url\":\"https:\/\/tiketi.com\/\",\"logo\":{\"@type\":\"ImageObject\",\"inLanguage\":\"fr-FR\",\"@id\":\"https:\/\/tiketi.com\/#\/schema\/logo\/image\/\",\"url\":\"https:\/\/tiketi.com\/wp-content\/uploads\/2019\/05\/tiketi-logo-696.png\",\"contentUrl\":\"https:\/\/tiketi.com\/wp-content\/uploads\/2019\/05\/tiketi-logo-696.png\",\"width\":696,\"height\":696,\"caption\":\"Tiketi.com\"},\"image\":{\"@id\":\"https:\/\/tiketi.com\/#\/schema\/logo\/image\/\"},\"sameAs\":[\"https:\/\/www.facebook.com\/TiketiCom\/\"]}]}<\/script>\n<!-- \/ Yoast SEO plugin. -->","yoast_head_json":{"title":"Comment obtenir le plan de donn\u00e9es des forfaits \/ forfaits Internet STC Arabie saoudite","description":"\u00cates-vous \u00e0 la recherche de forfaits de donn\u00e9es bon march\u00e9 pour les forfaits de donn\u00e9es STC Arabie Saoudite, la vitesse, les codes d&#039;abonnement et les prix\u00a0? Voici comment obtenir le plan de donn\u00e9es des forfaits \/ forfaits Internet STC Arabie saoudite","robots":{"index":"index","follow":"follow","max-snippet":"max-snippet:-1","max-image-preview":"max-image-preview:large","max-video-preview":"max-video-preview:-1"},"canonical":"https:\/\/tiketi.com\/fr-fr\/internet-mobile-stc-saudi-arabia-data-bundles\/","og_locale":"fr_FR","og_type":"article","og_title":"How to get data plan of STC Saudi Arabia internet packages \/ bundles","og_description":"Are you looking for cheap data plans of STC Saudi Arabia data bundles, speed, subscription codes and prices? Here is how to get data plan of STC Saudi Arabia internet packages \/ bundles","og_url":"https:\/\/tiketi.com\/fr-fr\/internet-mobile-stc-saudi-arabia-data-bundles\/","og_site_name":"Tiketi.com","article_publisher":"https:\/\/www.facebook.com\/TiketiCom\/","article_modified_time":"2022-09-23T12:50:44+00:00","og_image":[{"width":1200,"height":200,"url":"https:\/\/tiketi.com\/wp-content\/uploads\/2019\/05\/data-packages-2029825_1280.jpg","type":"image\/jpeg"}],"twitter_card":"summary_large_image","twitter_misc":{"Dur\u00e9e de lecture estim\u00e9e":"2 minutes"},"schema":{"@context":"https:\/\/schema.org","@graph":[{"@type":"WebPage","@id":"https:\/\/tiketi.com\/internet-mobile-stc-saudi-arabia-data-bundles\/","url":"https:\/\/tiketi.com\/internet-mobile-stc-saudi-arabia-data-bundles\/","name":"Comment obtenir le plan de donn\u00e9es des forfaits \/ forfaits Internet STC Arabie saoudite","isPartOf":{"@id":"https:\/\/tiketi.com\/#website"},"primaryImageOfPage":{"@id":"https:\/\/tiketi.com\/internet-mobile-stc-saudi-arabia-data-bundles\/#primaryimage"},"image":{"@id":"https:\/\/tiketi.com\/internet-mobile-stc-saudi-arabia-data-bundles\/#primaryimage"},"thumbnailUrl":"https:\/\/tiketi.com\/wp-content\/uploads\/2019\/05\/data-packages-2029825_1280.jpg","datePublished":"2022-01-19T11:53:37+00:00","dateModified":"2022-09-23T12:50:44+00:00","description":"\u00cates-vous \u00e0 la recherche de forfaits de donn\u00e9es bon march\u00e9 pour les forfaits de donn\u00e9es STC Arabie Saoudite, la vitesse, les codes d&#039;abonnement et les prix\u00a0? Voici comment obtenir le plan de donn\u00e9es des forfaits \/ forfaits Internet STC Arabie saoudite","breadcrumb":{"@id":"https:\/\/tiketi.com\/internet-mobile-stc-saudi-arabia-data-bundles\/#breadcrumb"},"inLanguage":"fr-FR","potentialAction":[{"@type":"ReadAction","target":["https:\/\/tiketi.com\/internet-mobile-stc-saudi-arabia-data-bundles\/"]}]},{"@type":"ImageObject","inLanguage":"fr-FR","@id":"https:\/\/tiketi.com\/internet-mobile-stc-saudi-arabia-data-bundles\/#primaryimage","url":"https:\/\/tiketi.com\/wp-content\/uploads\/2019\/05\/data-packages-2029825_1280.jpg","contentUrl":"https:\/\/tiketi.com\/wp-content\/uploads\/2019\/05\/data-packages-2029825_1280.jpg","width":1200,"height":200,"caption":"How to get Data Plan \/ Packages \/ Top Up"},{"@type":"BreadcrumbList","@id":"https:\/\/tiketi.com\/internet-mobile-stc-saudi-arabia-data-bundles\/#breadcrumb","itemListElement":[{"@type":"ListItem","position":1,"name":"Home","item":"https:\/\/tiketi.com\/"},{"@type":"ListItem","position":2,"name":"How to get data plan of STC Saudi Arabia internet packages \/ bundles"}]},{"@type":"WebSite","@id":"https:\/\/tiketi.com\/#website","url":"https:\/\/tiketi.com\/","name":"Billets d&#039;avion et de bus, forfaits touristiques et activit\u00e9s - Tiketi.com","description":"Billets d&#039;avion et de bus, Tours, Activit\u00e9s","publisher":{"@id":"https:\/\/tiketi.com\/#organization"},"potentialAction":[{"@type":"SearchAction","target":{"@type":"EntryPoint","urlTemplate":"https:\/\/tiketi.com\/?s={search_term_string}"},"query-input":{"@type":"PropertyValueSpecification","valueRequired":true,"valueName":"search_term_string"}}],"inLanguage":"fr-FR"},{"@type":"Organization","@id":"https:\/\/tiketi.com\/#organization","name":"Tiketi.com","alternateName":"Tiketi","url":"https:\/\/tiketi.com\/","logo":{"@type":"ImageObject","inLanguage":"fr-FR","@id":"https:\/\/tiketi.com\/#\/schema\/logo\/image\/","url":"https:\/\/tiketi.com\/wp-content\/uploads\/2019\/05\/tiketi-logo-696.png","contentUrl":"https:\/\/tiketi.com\/wp-content\/uploads\/2019\/05\/tiketi-logo-696.png","width":696,"height":696,"caption":"Tiketi.com"},"image":{"@id":"https:\/\/tiketi.com\/#\/schema\/logo\/image\/"},"sameAs":["https:\/\/www.facebook.com\/TiketiCom\/"]}]}},"_links":{"self":[{"href":"https:\/\/tiketi.com\/fr-fr\/wp-json\/wp\/v2\/pages\/10634","targetHints":{"allow":["GET"]}}],"collection":[{"href":"https:\/\/tiketi.com\/fr-fr\/wp-json\/wp\/v2\/pages"}],"about":[{"href":"https:\/\/tiketi.com\/fr-fr\/wp-json\/wp\/v2\/types\/page"}],"author":[{"embeddable":true,"href":"https:\/\/tiketi.com\/fr-fr\/wp-json\/wp\/v2\/users\/1"}],"replies":[{"embeddable":true,"href":"https:\/\/tiketi.com\/fr-fr\/wp-json\/wp\/v2\/comments?post=10634"}],"version-history":[{"count":0,"href":"https:\/\/tiketi.com\/fr-fr\/wp-json\/wp\/v2\/pages\/10634\/revisions"}],"wp:featuredmedia":[{"embeddable":true,"href":"https:\/\/tiketi.com\/fr-fr\/wp-json\/wp\/v2\/media\/19675"}],"wp:attachment":[{"href":"https:\/\/tiketi.com\/fr-fr\/wp-json\/wp\/v2\/media?parent=10634"}],"curies":[{"name":"wp","href":"https:\/\/api.w.org\/{rel}","templated":true}]}}