{"id":10636,"date":"2022-01-19T12:53:37","date_gmt":"2022-01-19T11:53:37","guid":{"rendered":"https:\/\/new.tiketi.com\/how-to-get-data-plan-of-airtel-rwanda-internet-packages-bundles\/"},"modified":"2022-07-14T13:02:04","modified_gmt":"2022-07-14T12:02:04","slug":"internet-mobile-airtel-rwanda-data-bundles","status":"publish","type":"page","link":"https:\/\/tiketi.com\/fr-fr\/internet-mobile-airtel-rwanda-data-bundles\/","title":{"rendered":"Comment obtenir le plan de donn\u00e9es des forfaits \/ forfaits Internet Airtel Rwanda"},"content":{"rendered":"<p><strong>Un d:\u00a0<\/strong><\/p>\n<p><strong><a href=\"https:\/\/fiymo.com\/register\" target=\"_blank\" rel=\"noopener\"><\/a><\/strong><\/p>\n<h2>Forfaits de donn\u00e9es Airtel Rwanda, plan de donn\u00e9es, codes d&#039;abonnement et prix<\/h2>\n<p>Vous trouverez ci-dessous la liste de tous les plans de donn\u00e9es et prix Airtel Rwanda \/ forfaits Internet Airtel Rwanda. Tigo a remplac\u00e9 le jeu lorsqu&#039;il est entr\u00e9 sur le march\u00e9 au Rwanda en 2008. Leur couverture \u00e9tait aussi bonne que celle des MTN, mais ils offraient des tarifs assez inf\u00e9rieurs. Airtel a achet\u00e9 Tigo en 2017 et Tigo a fusionn\u00e9 avec Airtel. \u00c0 l&#039;\u00e9poque interm\u00e9diaire, il \u00e9tait connu sous le nom d&#039;Airtel-Tigo. En 2017, Airtel a \u00e9tendu la validit\u00e9 de la carte SIM pour tous les clients pr\u00e9pay\u00e9s de six mois \u00e0 deux ans. Auparavant, tous les clients devaient recharger leur cr\u00e9dit tous les six mois pour garder leurs cartes SIM actives. Trouvez ci-dessous le prix des forfaits de donn\u00e9es Airtel Rwanda bon march\u00e9:<\/p>\n<h2>Voici comment obtenir des forfaits de donn\u00e9es Airtel Rwanda, des plans et des prix \/ Forfaits Internet Airtel Rwanda<\/h2>\n<h3>Forfaits de donn\u00e9es et prix d&#039;Airtel Rwanda<\/h3>\n<p>Le tarif par d\u00e9faut des forfaits de donn\u00e9es Airtel Rwanda est abaiss\u00e9 \u00e0 dix RWF par Mo. Ils fournissent ces plans de donn\u00e9es promotionnels Airtel Rwanda pour le nouveau r\u00e9seau combin\u00e9 sur 3G et 2G\u00a0:<\/p>\n<table>\n<tbody>\n<tr>\n<th>\n<h3><strong>Forfaits de donn\u00e9es Airtel Rwanda\u00a0<\/strong><\/h3>\n<\/th>\n<th>\n<h3>\u00a0 \u00a0 <strong>\u00a0Temps\u00a0 \u00a0 \u00a0 \u00a0 <\/strong><\/h3>\n<\/th>\n<th>\n<h3><strong>Prix<\/strong><\/h3>\n<\/th>\n<\/tr>\n<tr>\n<td>\n<h3>50 Mo<\/h3>\n<\/td>\n<td rowspan=\"4\">\n<h3>Forfaits de donn\u00e9es Airtel Rwanda: 24 heures<\/h3>\n<\/td>\n<td>\n<h3>100 RWF<\/h3>\n<\/td>\n<\/tr>\n<tr>\n<td>\n<h3>120 Mo<\/h3>\n<\/td>\n<td>\n<h3>200 RWF<\/h3>\n<\/td>\n<\/tr>\n<tr>\n<td>\n<h3>500 Mo<\/h3>\n<\/td>\n<td>\n<h3>500 RWF<\/h3>\n<\/td>\n<\/tr>\n<tr>\n<td>\n<h3>1,5 Go<\/h3>\n<\/td>\n<td>\n<h3>1000 RWF<\/h3>\n<\/td>\n<\/tr>\n<tr>\n<td>\n<h3>1 Go<\/h3>\n<\/td>\n<td rowspan=\"3\">\n<h3>Forfaits de donn\u00e9es hebdomadaires Airtel Rwanda: 7 jours<\/h3>\n<\/td>\n<td>\n<h3>1000 RWF<\/h3>\n<\/td>\n<\/tr>\n<tr>\n<td>\n<h3>3 Go<\/h3>\n<\/td>\n<td>\n<h3>2000 RWF<\/h3>\n<\/td>\n<\/tr>\n<tr>\n<td>\n<h3>10 Go<\/h3>\n<\/td>\n<td>\n<h3>5000 RWF<\/h3>\n<\/td>\n<\/tr>\n<tr>\n<td>\n<h3>1,5 Go<\/h3>\n<\/td>\n<td rowspan=\"7\">\n<h3>Forfaits de donn\u00e9es mensuels Airtel Rwanda: 30 jours<\/h3>\n<\/td>\n<td>\n<h3>2000 RWF<\/h3>\n<\/td>\n<\/tr>\n<tr>\n<td>\n<h3>3,5 Go<\/h3>\n<\/td>\n<td>\n<h3>3000 RWF<\/h3>\n<\/td>\n<\/tr>\n<tr>\n<td>\n<h3>7 Go<\/h3>\n<\/td>\n<td>\n<h3>5000 RWF<\/h3>\n<\/td>\n<\/tr>\n<tr>\n<td>\n<h3>30 Go<\/h3>\n<\/td>\n<td>\n<h3>10 000 RWF<\/h3>\n<\/td>\n<\/tr>\n<tr>\n<td>\n<h3>65 Go<\/h3>\n<\/td>\n<td>\n<h3>21 000 RWF<\/h3>\n<\/td>\n<\/tr>\n<tr>\n<td>\n<h3>95 Go<\/h3>\n<\/td>\n<td>\n<h3>30 000 RWF<\/h3>\n<\/td>\n<\/tr>\n<tr>\n<td>\n<h3>125 Go<\/h3>\n<\/td>\n<td>\n<h3>40 000 RWF<\/h3>\n<\/td>\n<\/tr>\n<\/tbody>\n<\/table>\n<h2>Vitesse Internet Airtel Rwanda<\/h2>\n<p><strong>Signal<\/strong><br \/>\n<strong>Vitesse de pointe\u00a0:<\/strong><br \/>\n<strong>Vitesse moyenne de navigation sur Internet\u00a0:<\/strong><\/p>\n<p>Les informations sur les forfaits Internet Airtel Rwanda ci-dessus, les prix et les codes d&#039;abonnement sont valables selon notre derni\u00e8re mise \u00e0 jour 2020.<\/p>","protected":false},"excerpt":{"rendered":"<p>Ad:\u00a0 Airtel Rwanda Data Bundles,\u00a0Data Plan, Subscription Codes and Prices Below is the list of every Airtel Rwanda data plans and prices\u00a0\/ Airtel Rwanda internet packages. Tigo replaced the game when it entered the market in Rwanda in 2008. Their coverage it was as best as MTNs, but they offered pretty lower rates.\u00a0Airtel Bought Tigo [&hellip;]<\/p>\n","protected":false},"author":1,"featured_media":19675,"parent":0,"menu_order":0,"comment_status":"open","ping_status":"closed","template":"template-home-modern.php","meta":{"footnotes":""},"class_list":["post-10636","page","type-page","status-publish","has-post-thumbnail","hentry"],"yoast_head":"<!-- This site is optimized with the Yoast SEO plugin v27.2 - https:\/\/yoast.com\/product\/yoast-seo-wordpress\/ -->\n<title>How to get data plan of Airtel Rwanda internet packages \/ bundles<\/title>\n<meta name=\"description\" content=\"Are you looking for cheap data plans of Airtel Rwanda data bundles, internet speed, subscription codes and prices? Here is how to get data plan of Airtel Rwanda internet packages \/ bundles\" \/>\n<meta name=\"robots\" content=\"index, follow, max-snippet:-1, max-image-preview:large, max-video-preview:-1\" \/>\n<link rel=\"canonical\" href=\"https:\/\/tiketi.com\/fr-fr\/internet-mobile-airtel-rwanda-data-bundles\/\" \/>\n<meta property=\"og:locale\" content=\"fr_FR\" \/>\n<meta property=\"og:type\" content=\"article\" \/>\n<meta property=\"og:title\" content=\"How to get data plan of Airtel Rwanda internet packages \/ bundles\" \/>\n<meta property=\"og:description\" content=\"Are you looking for cheap data plans of Airtel Rwanda data bundles, internet speed, subscription codes and prices? Here is how to get data plan of Airtel Rwanda internet packages \/ bundles\" \/>\n<meta property=\"og:url\" content=\"https:\/\/tiketi.com\/fr-fr\/internet-mobile-airtel-rwanda-data-bundles\/\" \/>\n<meta property=\"og:site_name\" content=\"Tiketi.com\" \/>\n<meta property=\"article:publisher\" content=\"https:\/\/www.facebook.com\/TiketiCom\/\" \/>\n<meta property=\"article:modified_time\" content=\"2022-07-14T12:02:04+00:00\" \/>\n<meta property=\"og:image\" content=\"https:\/\/tiketi.com\/wp-content\/uploads\/2019\/05\/data-packages-2029825_1280.jpg\" \/>\n\t<meta property=\"og:image:width\" content=\"1200\" \/>\n\t<meta property=\"og:image:height\" content=\"200\" \/>\n\t<meta property=\"og:image:type\" content=\"image\/jpeg\" \/>\n<meta name=\"twitter:card\" content=\"summary_large_image\" \/>\n<meta name=\"twitter:label1\" content=\"Dur\u00e9e de lecture estim\u00e9e\" \/>\n\t<meta name=\"twitter:data1\" content=\"2 minutes\" \/>\n<script type=\"application\/ld+json\" class=\"yoast-schema-graph\">{\"@context\":\"https:\/\/schema.org\",\"@graph\":[{\"@type\":\"WebPage\",\"@id\":\"https:\/\/tiketi.com\/internet-mobile-airtel-rwanda-data-bundles\/\",\"url\":\"https:\/\/tiketi.com\/internet-mobile-airtel-rwanda-data-bundles\/\",\"name\":\"How to get data plan of Airtel Rwanda internet packages \/ bundles\",\"isPartOf\":{\"@id\":\"https:\/\/tiketi.com\/#website\"},\"primaryImageOfPage\":{\"@id\":\"https:\/\/tiketi.com\/internet-mobile-airtel-rwanda-data-bundles\/#primaryimage\"},\"image\":{\"@id\":\"https:\/\/tiketi.com\/internet-mobile-airtel-rwanda-data-bundles\/#primaryimage\"},\"thumbnailUrl\":\"https:\/\/tiketi.com\/wp-content\/uploads\/2019\/05\/data-packages-2029825_1280.jpg\",\"datePublished\":\"2022-01-19T11:53:37+00:00\",\"dateModified\":\"2022-07-14T12:02:04+00:00\",\"description\":\"Are you looking for cheap data plans of Airtel Rwanda data bundles, internet speed, subscription codes and prices? Here is how to get data plan of Airtel Rwanda internet packages \/ bundles\",\"breadcrumb\":{\"@id\":\"https:\/\/tiketi.com\/internet-mobile-airtel-rwanda-data-bundles\/#breadcrumb\"},\"inLanguage\":\"fr-FR\",\"potentialAction\":[{\"@type\":\"ReadAction\",\"target\":[\"https:\/\/tiketi.com\/internet-mobile-airtel-rwanda-data-bundles\/\"]}]},{\"@type\":\"ImageObject\",\"inLanguage\":\"fr-FR\",\"@id\":\"https:\/\/tiketi.com\/internet-mobile-airtel-rwanda-data-bundles\/#primaryimage\",\"url\":\"https:\/\/tiketi.com\/wp-content\/uploads\/2019\/05\/data-packages-2029825_1280.jpg\",\"contentUrl\":\"https:\/\/tiketi.com\/wp-content\/uploads\/2019\/05\/data-packages-2029825_1280.jpg\",\"width\":1200,\"height\":200,\"caption\":\"How to get Data Plan \/ Packages \/ Top Up\"},{\"@type\":\"BreadcrumbList\",\"@id\":\"https:\/\/tiketi.com\/internet-mobile-airtel-rwanda-data-bundles\/#breadcrumb\",\"itemListElement\":[{\"@type\":\"ListItem\",\"position\":1,\"name\":\"Home\",\"item\":\"https:\/\/tiketi.com\/\"},{\"@type\":\"ListItem\",\"position\":2,\"name\":\"How to get data plan of Airtel Rwanda internet packages \/ bundles\"}]},{\"@type\":\"WebSite\",\"@id\":\"https:\/\/tiketi.com\/#website\",\"url\":\"https:\/\/tiketi.com\/\",\"name\":\"Flight & Bus Tickets, Tour Packages & Activitites - Tiketi.com\",\"description\":\"Flight &amp; Bus Tickets, Tours, Activitites\",\"publisher\":{\"@id\":\"https:\/\/tiketi.com\/#organization\"},\"potentialAction\":[{\"@type\":\"SearchAction\",\"target\":{\"@type\":\"EntryPoint\",\"urlTemplate\":\"https:\/\/tiketi.com\/?s={search_term_string}\"},\"query-input\":{\"@type\":\"PropertyValueSpecification\",\"valueRequired\":true,\"valueName\":\"search_term_string\"}}],\"inLanguage\":\"fr-FR\"},{\"@type\":\"Organization\",\"@id\":\"https:\/\/tiketi.com\/#organization\",\"name\":\"Tiketi.com\",\"alternateName\":\"Tiketi\",\"url\":\"https:\/\/tiketi.com\/\",\"logo\":{\"@type\":\"ImageObject\",\"inLanguage\":\"fr-FR\",\"@id\":\"https:\/\/tiketi.com\/#\/schema\/logo\/image\/\",\"url\":\"https:\/\/tiketi.com\/wp-content\/uploads\/2019\/05\/tiketi-logo-696.png\",\"contentUrl\":\"https:\/\/tiketi.com\/wp-content\/uploads\/2019\/05\/tiketi-logo-696.png\",\"width\":696,\"height\":696,\"caption\":\"Tiketi.com\"},\"image\":{\"@id\":\"https:\/\/tiketi.com\/#\/schema\/logo\/image\/\"},\"sameAs\":[\"https:\/\/www.facebook.com\/TiketiCom\/\"]}]}<\/script>\n<!-- \/ Yoast SEO plugin. -->","yoast_head_json":{"title":"Comment obtenir le plan de donn\u00e9es des forfaits \/ forfaits Internet Airtel Rwanda","description":"Recherchez-vous des forfaits de donn\u00e9es bon march\u00e9 pour les forfaits de donn\u00e9es Airtel Rwanda, la vitesse Internet, les codes d&#039;abonnement et les prix? Voici comment obtenir le plan de donn\u00e9es des forfaits \/ forfaits Internet Airtel Rwanda","robots":{"index":"index","follow":"follow","max-snippet":"max-snippet:-1","max-image-preview":"max-image-preview:large","max-video-preview":"max-video-preview:-1"},"canonical":"https:\/\/tiketi.com\/fr-fr\/internet-mobile-airtel-rwanda-data-bundles\/","og_locale":"fr_FR","og_type":"article","og_title":"How to get data plan of Airtel Rwanda internet packages \/ bundles","og_description":"Are you looking for cheap data plans of Airtel Rwanda data bundles, internet speed, subscription codes and prices? Here is how to get data plan of Airtel Rwanda internet packages \/ bundles","og_url":"https:\/\/tiketi.com\/fr-fr\/internet-mobile-airtel-rwanda-data-bundles\/","og_site_name":"Tiketi.com","article_publisher":"https:\/\/www.facebook.com\/TiketiCom\/","article_modified_time":"2022-07-14T12:02:04+00:00","og_image":[{"width":1200,"height":200,"url":"https:\/\/tiketi.com\/wp-content\/uploads\/2019\/05\/data-packages-2029825_1280.jpg","type":"image\/jpeg"}],"twitter_card":"summary_large_image","twitter_misc":{"Dur\u00e9e de lecture estim\u00e9e":"2 minutes"},"schema":{"@context":"https:\/\/schema.org","@graph":[{"@type":"WebPage","@id":"https:\/\/tiketi.com\/internet-mobile-airtel-rwanda-data-bundles\/","url":"https:\/\/tiketi.com\/internet-mobile-airtel-rwanda-data-bundles\/","name":"Comment obtenir le plan de donn\u00e9es des forfaits \/ forfaits Internet Airtel Rwanda","isPartOf":{"@id":"https:\/\/tiketi.com\/#website"},"primaryImageOfPage":{"@id":"https:\/\/tiketi.com\/internet-mobile-airtel-rwanda-data-bundles\/#primaryimage"},"image":{"@id":"https:\/\/tiketi.com\/internet-mobile-airtel-rwanda-data-bundles\/#primaryimage"},"thumbnailUrl":"https:\/\/tiketi.com\/wp-content\/uploads\/2019\/05\/data-packages-2029825_1280.jpg","datePublished":"2022-01-19T11:53:37+00:00","dateModified":"2022-07-14T12:02:04+00:00","description":"Recherchez-vous des forfaits de donn\u00e9es bon march\u00e9 pour les forfaits de donn\u00e9es Airtel Rwanda, la vitesse Internet, les codes d&#039;abonnement et les prix? Voici comment obtenir le plan de donn\u00e9es des forfaits \/ forfaits Internet Airtel Rwanda","breadcrumb":{"@id":"https:\/\/tiketi.com\/internet-mobile-airtel-rwanda-data-bundles\/#breadcrumb"},"inLanguage":"fr-FR","potentialAction":[{"@type":"ReadAction","target":["https:\/\/tiketi.com\/internet-mobile-airtel-rwanda-data-bundles\/"]}]},{"@type":"ImageObject","inLanguage":"fr-FR","@id":"https:\/\/tiketi.com\/internet-mobile-airtel-rwanda-data-bundles\/#primaryimage","url":"https:\/\/tiketi.com\/wp-content\/uploads\/2019\/05\/data-packages-2029825_1280.jpg","contentUrl":"https:\/\/tiketi.com\/wp-content\/uploads\/2019\/05\/data-packages-2029825_1280.jpg","width":1200,"height":200,"caption":"How to get Data Plan \/ Packages \/ Top Up"},{"@type":"BreadcrumbList","@id":"https:\/\/tiketi.com\/internet-mobile-airtel-rwanda-data-bundles\/#breadcrumb","itemListElement":[{"@type":"ListItem","position":1,"name":"Home","item":"https:\/\/tiketi.com\/"},{"@type":"ListItem","position":2,"name":"How to get data plan of Airtel Rwanda internet packages \/ bundles"}]},{"@type":"WebSite","@id":"https:\/\/tiketi.com\/#website","url":"https:\/\/tiketi.com\/","name":"Billets d&#039;avion et de bus, forfaits touristiques et activit\u00e9s - Tiketi.com","description":"Billets d&#039;avion et de bus, Tours, Activit\u00e9s","publisher":{"@id":"https:\/\/tiketi.com\/#organization"},"potentialAction":[{"@type":"SearchAction","target":{"@type":"EntryPoint","urlTemplate":"https:\/\/tiketi.com\/?s={search_term_string}"},"query-input":{"@type":"PropertyValueSpecification","valueRequired":true,"valueName":"search_term_string"}}],"inLanguage":"fr-FR"},{"@type":"Organization","@id":"https:\/\/tiketi.com\/#organization","name":"Tiketi.com","alternateName":"Tiketi","url":"https:\/\/tiketi.com\/","logo":{"@type":"ImageObject","inLanguage":"fr-FR","@id":"https:\/\/tiketi.com\/#\/schema\/logo\/image\/","url":"https:\/\/tiketi.com\/wp-content\/uploads\/2019\/05\/tiketi-logo-696.png","contentUrl":"https:\/\/tiketi.com\/wp-content\/uploads\/2019\/05\/tiketi-logo-696.png","width":696,"height":696,"caption":"Tiketi.com"},"image":{"@id":"https:\/\/tiketi.com\/#\/schema\/logo\/image\/"},"sameAs":["https:\/\/www.facebook.com\/TiketiCom\/"]}]}},"_links":{"self":[{"href":"https:\/\/tiketi.com\/fr-fr\/wp-json\/wp\/v2\/pages\/10636","targetHints":{"allow":["GET"]}}],"collection":[{"href":"https:\/\/tiketi.com\/fr-fr\/wp-json\/wp\/v2\/pages"}],"about":[{"href":"https:\/\/tiketi.com\/fr-fr\/wp-json\/wp\/v2\/types\/page"}],"author":[{"embeddable":true,"href":"https:\/\/tiketi.com\/fr-fr\/wp-json\/wp\/v2\/users\/1"}],"replies":[{"embeddable":true,"href":"https:\/\/tiketi.com\/fr-fr\/wp-json\/wp\/v2\/comments?post=10636"}],"version-history":[{"count":0,"href":"https:\/\/tiketi.com\/fr-fr\/wp-json\/wp\/v2\/pages\/10636\/revisions"}],"wp:featuredmedia":[{"embeddable":true,"href":"https:\/\/tiketi.com\/fr-fr\/wp-json\/wp\/v2\/media\/19675"}],"wp:attachment":[{"href":"https:\/\/tiketi.com\/fr-fr\/wp-json\/wp\/v2\/media?parent=10636"}],"curies":[{"name":"wp","href":"https:\/\/api.w.org\/{rel}","templated":true}]}}