{"id":10640,"date":"2022-01-19T12:53:37","date_gmt":"2022-01-19T11:53:37","guid":{"rendered":"https:\/\/new.tiketi.com\/how-to-get-data-plan-of-smart-telecom-uganda-internet-packages-bundles\/"},"modified":"2022-07-14T13:02:06","modified_gmt":"2022-07-14T12:02:06","slug":"internet-smart-telecom-uganda-data-bundles","status":"publish","type":"page","link":"https:\/\/tiketi.com\/fr-fr\/internet-smart-telecom-uganda-data-bundles\/","title":{"rendered":"Comment obtenir le plan de donn\u00e9es des forfaits \/ forfaits Internet de Smart Telecom Ouganda"},"content":{"rendered":"<p><strong>Un d:\u00a0<\/strong><\/p>\n<p><strong><a href=\"https:\/\/fiymo.com\/register\" target=\"_blank\" rel=\"noopener\"><\/a><\/strong><\/p>\n<h2>Forfaits de donn\u00e9es Smart Telecom Ouganda, plan de donn\u00e9es, codes d&#039;abonnement et prix<\/h2>\n<p>Vous trouverez ci-dessous la liste de tous les plans de donn\u00e9es et prix de Smart Telecom Ouganda \/ forfaits Internet Smart Telecom Ouganda. Smart Telecom, propri\u00e9t\u00e9 des services de promotion industrielle, un d\u00e9veloppeur d&#039;infrastructures bas\u00e9 au Kenya, a lanc\u00e9 des r\u00e9seaux mobiles en Ouganda, en Tanzanie et au Burundi. En Ouganda, ils ont lanc\u00e9 un r\u00e9seau 3G sur 2100 MHz en 2014 avec une couverture assez restreinte jusqu&#039;\u00e0 pr\u00e9sent. Bien qu&#039;ils offrent des prix abordables en ce moment, c&#039;est juste jusqu&#039;\u00e0 3G\/HSPA. Trouvez ci-dessous le prix des forfaits de donn\u00e9es Smart Telecom Ouganda bon march\u00e9:<\/p>\n<h2>Voici comment obtenir les forfaits de donn\u00e9es, les plans et les prix de Smart Telecom Ouganda \/ Forfaits Internet Smart Telecom Ouganda<\/h2>\n<h3>Forfaits de donn\u00e9es et prix de Smart Telecom Ouganda<\/h3>\n<p>Vous pouvez inclure ces plans de donn\u00e9es Smart Telecom Uganda avec les prix abordables dans le pays.<\/p>\n<table>\n<tbody>\n<tr>\n<th>\n<h3>Forfaits de donn\u00e9es Smart Telecom Ouganda<\/h3>\n<\/th>\n<th>\n<h3>Temps<\/h3>\n<\/th>\n<th>\n<h3>Prix<\/h3>\n<\/th>\n<th>\n<h3>Activation<\/h3>\n<\/th>\n<\/tr>\n<tr>\n<td>\n<h3>25 Mo<\/h3>\n<\/td>\n<td rowspan=\"7\">\n<h3>Forfaits de donn\u00e9es Smart Telecom Ouganda: 24 heures<\/h3>\n<\/td>\n<td>\n<h3>449 UGX<\/h3>\n<\/td>\n<td>\n<h3>*100*5*1*1*1#<\/h3>\n<\/td>\n<\/tr>\n<tr>\n<td>\n<h3>50 Mo<\/h3>\n<\/td>\n<td>\n<h3>599 UGX<\/h3>\n<\/td>\n<td>\n<h3>*100*5*1*1*2#<\/h3>\n<\/td>\n<\/tr>\n<tr>\n<td>\n<h3>120 Mo<\/h3>\n<\/td>\n<td>\n<h3>699\u00a0UGX<\/h3>\n<\/td>\n<td>\n<h3>*100*5*1*1*3#<\/h3>\n<\/td>\n<\/tr>\n<tr>\n<td>\n<h3>250 Mo<\/h3>\n<\/td>\n<td>\n<h3>999 UGX<\/h3>\n<\/td>\n<td>\n<h3>*100*5*1*1*4#<\/h3>\n<\/td>\n<\/tr>\n<tr>\n<td>\n<h3>500 Mo<\/h3>\n<\/td>\n<td>\n<h3>1 199 UGX<\/h3>\n<\/td>\n<td>\n<h3>*100*5*1*1*5#<\/h3>\n<\/td>\n<\/tr>\n<tr>\n<td>\n<h3>800 Mo<\/h3>\n<\/td>\n<td>\n<h3>1\u00a0599 UGX<\/h3>\n<\/td>\n<td>\n<h3>*100*5*1*1*6#<\/h3>\n<\/td>\n<\/tr>\n<tr>\n<td>\n<h3>1 Go<\/h3>\n<\/td>\n<td>\n<h3>2 199 UGX<\/h3>\n<\/td>\n<td>\n<h3>*100*5*1*1*7#<\/h3>\n<\/td>\n<\/tr>\n<tr>\n<td>\n<h3>50 Mo<\/h3>\n<\/td>\n<td rowspan=\"4\">\n<h3>Forfaits de donn\u00e9es hebdomadaires de Smart Telecom Ouganda\u00a0: 7\u00a0jours<\/h3>\n<\/td>\n<td>\n<h3>2\u00a0699 UGX<\/h3>\n<\/td>\n<td>\n<h3>*100*5*1*2*1#<\/h3>\n<\/td>\n<\/tr>\n<tr>\n<td>\n<h3>120 Mo<\/h3>\n<\/td>\n<td>\n<h3>3\u00a0399 UGX<\/h3>\n<\/td>\n<td>\n<h3>*100*5*1*2*2#<\/h3>\n<\/td>\n<\/tr>\n<tr>\n<td>\n<h3>500 Mo<\/h3>\n<\/td>\n<td>\n<h3>4\u00a0399 UGX<\/h3>\n<\/td>\n<td>\n<h3>*100*5*1*2*3#<\/h3>\n<\/td>\n<\/tr>\n<tr>\n<td>\n<h3>1 Go<\/h3>\n<\/td>\n<td>\n<h3>6\u00a0399 UGX<\/h3>\n<\/td>\n<td>\n<h3>*100*5*1*2*4#<\/h3>\n<\/td>\n<\/tr>\n<tr>\n<td>\n<h3>120 Mo<\/h3>\n<\/td>\n<td rowspan=\"6\">\n<h3>Forfaits de donn\u00e9es mensuels de Smart Telecom Ouganda\u00a0: 30\u00a0jours<\/h3>\n<\/td>\n<td>\n<h3>6\u00a0499 UGX<\/h3>\n<\/td>\n<td>\n<h3>*100*5*1*3*1#<\/h3>\n<\/td>\n<\/tr>\n<tr>\n<td>\n<h3>400 Mo<\/h3>\n<\/td>\n<td>\n<h3>8\u00a0499 UGX<\/h3>\n<\/td>\n<td>\n<h3>*100*5*1*3*2#<\/h3>\n<\/td>\n<\/tr>\n<tr>\n<td>\n<h3>1 Go<\/h3>\n<\/td>\n<td>\n<h3>9\u00a0999 UGX<\/h3>\n<\/td>\n<td>\n<h3>*100*5*1*3*3#<\/h3>\n<\/td>\n<\/tr>\n<tr>\n<td>\n<h3>2 Go<\/h3>\n<\/td>\n<td>\n<h3>18 999 UGX<\/h3>\n<\/td>\n<td>\n<h3>*100*5*1*3*4#<\/h3>\n<\/td>\n<\/tr>\n<tr>\n<td>\n<h3>5 Go<\/h3>\n<\/td>\n<td>\n<h3>24 999 UGX<\/h3>\n<\/td>\n<td>\n<h3>*100*5*1*3*5#<\/h3>\n<\/td>\n<\/tr>\n<tr>\n<td>\n<h3>10 Go<\/h3>\n<\/td>\n<td>\n<h3>48 999 UGX<\/h3>\n<\/td>\n<td>\n<h3>*100*5*1*3*6#<\/h3>\n<\/td>\n<\/tr>\n<\/tbody>\n<\/table>\n<h2>Smart Telecom Ouganda Vitesse Internet<\/h2>\n<p><strong>Signal<\/strong><br \/>\n<strong>Vitesse de pointe\u00a0:<\/strong><br \/>\n<strong>Vitesse moyenne de navigation sur Internet\u00a0:<\/strong><\/p>\n<p>Les informations ci-dessus sur les forfaits de donn\u00e9es Smart Telecom Ouganda, les prix et les codes d&#039;abonnement sont valables selon notre derni\u00e8re mise \u00e0 jour 2020.<\/p>","protected":false},"excerpt":{"rendered":"<p>Ad:\u00a0 Smart Telecom Uganda Data Bundles,\u00a0Data Plan, Subscription Codes and Prices Below is the list of every Smart Telecom Uganda\u00a0data plans and prices\u00a0\/ Smart Telecom Uganda internet packages. Smart Telecom owned by industrial promotion services, a Kenyan-based infrastructure developer, released mobile networks in Uganda, Tanzania, and Burundi. In Uganda they begun a 3G network on [&hellip;]<\/p>\n","protected":false},"author":1,"featured_media":19675,"parent":0,"menu_order":0,"comment_status":"open","ping_status":"closed","template":"template-home-modern.php","meta":{"footnotes":""},"class_list":["post-10640","page","type-page","status-publish","has-post-thumbnail","hentry"],"yoast_head":"<!-- This site is optimized with the Yoast SEO plugin v27.3 - https:\/\/yoast.com\/product\/yoast-seo-wordpress\/ -->\n<title>How to get data plan of Smart Telecom Uganda internet packages<\/title>\n<meta name=\"description\" content=\"Are you looking for cheap data plans of Smart Telecom Uganda data bundles, speed, subscription codes and prices? Here is how to get data plan of Smart Telecom Uganda internet packages \/ bundles\" \/>\n<meta name=\"robots\" content=\"index, follow, max-snippet:-1, max-image-preview:large, max-video-preview:-1\" \/>\n<link rel=\"canonical\" href=\"https:\/\/tiketi.com\/fr-fr\/internet-smart-telecom-uganda-data-bundles\/\" \/>\n<meta property=\"og:locale\" content=\"fr_FR\" \/>\n<meta property=\"og:type\" content=\"article\" \/>\n<meta property=\"og:title\" content=\"How to get data plan of Smart Telecom Uganda internet packages\" \/>\n<meta property=\"og:description\" content=\"Are you looking for cheap data plans of Smart Telecom Uganda data bundles, speed, subscription codes and prices? Here is how to get data plan of Smart Telecom Uganda internet packages \/ bundles\" \/>\n<meta property=\"og:url\" content=\"https:\/\/tiketi.com\/fr-fr\/internet-smart-telecom-uganda-data-bundles\/\" \/>\n<meta property=\"og:site_name\" content=\"Tiketi.com\" \/>\n<meta property=\"article:publisher\" content=\"https:\/\/www.facebook.com\/TiketiCom\/\" \/>\n<meta property=\"article:modified_time\" content=\"2022-07-14T12:02:06+00:00\" \/>\n<meta property=\"og:image\" content=\"https:\/\/tiketi.com\/wp-content\/uploads\/2019\/05\/data-packages-2029825_1280.jpg\" \/>\n\t<meta property=\"og:image:width\" content=\"1200\" \/>\n\t<meta property=\"og:image:height\" content=\"200\" \/>\n\t<meta property=\"og:image:type\" content=\"image\/jpeg\" \/>\n<meta name=\"twitter:card\" content=\"summary_large_image\" \/>\n<meta name=\"twitter:label1\" content=\"Dur\u00e9e de lecture estim\u00e9e\" \/>\n\t<meta name=\"twitter:data1\" content=\"2 minutes\" \/>\n<script type=\"application\/ld+json\" class=\"yoast-schema-graph\">{\"@context\":\"https:\\\/\\\/schema.org\",\"@graph\":[{\"@type\":\"WebPage\",\"@id\":\"https:\\\/\\\/tiketi.com\\\/internet-smart-telecom-uganda-data-bundles\\\/\",\"url\":\"https:\\\/\\\/tiketi.com\\\/internet-smart-telecom-uganda-data-bundles\\\/\",\"name\":\"How to get data plan of Smart Telecom Uganda internet packages\",\"isPartOf\":{\"@id\":\"https:\\\/\\\/tiketi.com\\\/#website\"},\"primaryImageOfPage\":{\"@id\":\"https:\\\/\\\/tiketi.com\\\/internet-smart-telecom-uganda-data-bundles\\\/#primaryimage\"},\"image\":{\"@id\":\"https:\\\/\\\/tiketi.com\\\/internet-smart-telecom-uganda-data-bundles\\\/#primaryimage\"},\"thumbnailUrl\":\"https:\\\/\\\/tiketi.com\\\/wp-content\\\/uploads\\\/2019\\\/05\\\/data-packages-2029825_1280.jpg\",\"datePublished\":\"2022-01-19T11:53:37+00:00\",\"dateModified\":\"2022-07-14T12:02:06+00:00\",\"description\":\"Are you looking for cheap data plans of Smart Telecom Uganda data bundles, speed, subscription codes and prices? Here is how to get data plan of Smart Telecom Uganda internet packages \\\/ bundles\",\"breadcrumb\":{\"@id\":\"https:\\\/\\\/tiketi.com\\\/internet-smart-telecom-uganda-data-bundles\\\/#breadcrumb\"},\"inLanguage\":\"fr-FR\",\"potentialAction\":[{\"@type\":\"ReadAction\",\"target\":[\"https:\\\/\\\/tiketi.com\\\/internet-smart-telecom-uganda-data-bundles\\\/\"]}]},{\"@type\":\"ImageObject\",\"inLanguage\":\"fr-FR\",\"@id\":\"https:\\\/\\\/tiketi.com\\\/internet-smart-telecom-uganda-data-bundles\\\/#primaryimage\",\"url\":\"https:\\\/\\\/tiketi.com\\\/wp-content\\\/uploads\\\/2019\\\/05\\\/data-packages-2029825_1280.jpg\",\"contentUrl\":\"https:\\\/\\\/tiketi.com\\\/wp-content\\\/uploads\\\/2019\\\/05\\\/data-packages-2029825_1280.jpg\",\"width\":1200,\"height\":200,\"caption\":\"How to get Data Plan \\\/ Packages \\\/ Top Up\"},{\"@type\":\"BreadcrumbList\",\"@id\":\"https:\\\/\\\/tiketi.com\\\/internet-smart-telecom-uganda-data-bundles\\\/#breadcrumb\",\"itemListElement\":[{\"@type\":\"ListItem\",\"position\":1,\"name\":\"Home\",\"item\":\"https:\\\/\\\/tiketi.com\\\/\"},{\"@type\":\"ListItem\",\"position\":2,\"name\":\"How to get data plan of Smart Telecom Uganda internet packages \\\/ bundles\"}]},{\"@type\":\"WebSite\",\"@id\":\"https:\\\/\\\/tiketi.com\\\/#website\",\"url\":\"https:\\\/\\\/tiketi.com\\\/\",\"name\":\"Flight & Bus Tickets, Tour Packages & Activitites - Tiketi.com\",\"description\":\"Flight &amp; Bus Tickets, Tours, Activitites\",\"publisher\":{\"@id\":\"https:\\\/\\\/tiketi.com\\\/#organization\"},\"potentialAction\":[{\"@type\":\"SearchAction\",\"target\":{\"@type\":\"EntryPoint\",\"urlTemplate\":\"https:\\\/\\\/tiketi.com\\\/?s={search_term_string}\"},\"query-input\":{\"@type\":\"PropertyValueSpecification\",\"valueRequired\":true,\"valueName\":\"search_term_string\"}}],\"inLanguage\":\"fr-FR\"},{\"@type\":\"Organization\",\"@id\":\"https:\\\/\\\/tiketi.com\\\/#organization\",\"name\":\"Tiketi.com\",\"alternateName\":\"Tiketi\",\"url\":\"https:\\\/\\\/tiketi.com\\\/\",\"logo\":{\"@type\":\"ImageObject\",\"inLanguage\":\"fr-FR\",\"@id\":\"https:\\\/\\\/tiketi.com\\\/#\\\/schema\\\/logo\\\/image\\\/\",\"url\":\"https:\\\/\\\/tiketi.com\\\/wp-content\\\/uploads\\\/2019\\\/05\\\/tiketi-logo-696.png\",\"contentUrl\":\"https:\\\/\\\/tiketi.com\\\/wp-content\\\/uploads\\\/2019\\\/05\\\/tiketi-logo-696.png\",\"width\":696,\"height\":696,\"caption\":\"Tiketi.com\"},\"image\":{\"@id\":\"https:\\\/\\\/tiketi.com\\\/#\\\/schema\\\/logo\\\/image\\\/\"},\"sameAs\":[\"https:\\\/\\\/www.facebook.com\\\/TiketiCom\\\/\"]}]}<\/script>\n<!-- \/ Yoast SEO plugin. -->","yoast_head_json":{"title":"Comment obtenir le plan de donn\u00e9es des forfaits Internet Smart Telecom Ouganda","description":"\u00cates-vous \u00e0 la recherche de forfaits de donn\u00e9es bon march\u00e9 parmi les forfaits de donn\u00e9es Smart Telecom Uganda, la vitesse, les codes d&#039;abonnement et les prix\u00a0? Voici comment obtenir le plan de donn\u00e9es des forfaits \/ forfaits Internet de Smart Telecom Uganda","robots":{"index":"index","follow":"follow","max-snippet":"max-snippet:-1","max-image-preview":"max-image-preview:large","max-video-preview":"max-video-preview:-1"},"canonical":"https:\/\/tiketi.com\/fr-fr\/internet-smart-telecom-uganda-data-bundles\/","og_locale":"fr_FR","og_type":"article","og_title":"How to get data plan of Smart Telecom Uganda internet packages","og_description":"Are you looking for cheap data plans of Smart Telecom Uganda data bundles, speed, subscription codes and prices? Here is how to get data plan of Smart Telecom Uganda internet packages \/ bundles","og_url":"https:\/\/tiketi.com\/fr-fr\/internet-smart-telecom-uganda-data-bundles\/","og_site_name":"Tiketi.com","article_publisher":"https:\/\/www.facebook.com\/TiketiCom\/","article_modified_time":"2022-07-14T12:02:06+00:00","og_image":[{"width":1200,"height":200,"url":"https:\/\/tiketi.com\/wp-content\/uploads\/2019\/05\/data-packages-2029825_1280.jpg","type":"image\/jpeg"}],"twitter_card":"summary_large_image","twitter_misc":{"Dur\u00e9e de lecture estim\u00e9e":"2 minutes"},"schema":{"@context":"https:\/\/schema.org","@graph":[{"@type":"WebPage","@id":"https:\/\/tiketi.com\/internet-smart-telecom-uganda-data-bundles\/","url":"https:\/\/tiketi.com\/internet-smart-telecom-uganda-data-bundles\/","name":"Comment obtenir le plan de donn\u00e9es des forfaits Internet Smart Telecom Ouganda","isPartOf":{"@id":"https:\/\/tiketi.com\/#website"},"primaryImageOfPage":{"@id":"https:\/\/tiketi.com\/internet-smart-telecom-uganda-data-bundles\/#primaryimage"},"image":{"@id":"https:\/\/tiketi.com\/internet-smart-telecom-uganda-data-bundles\/#primaryimage"},"thumbnailUrl":"https:\/\/tiketi.com\/wp-content\/uploads\/2019\/05\/data-packages-2029825_1280.jpg","datePublished":"2022-01-19T11:53:37+00:00","dateModified":"2022-07-14T12:02:06+00:00","description":"\u00cates-vous \u00e0 la recherche de forfaits de donn\u00e9es bon march\u00e9 parmi les forfaits de donn\u00e9es Smart Telecom Uganda, la vitesse, les codes d&#039;abonnement et les prix\u00a0? Voici comment obtenir le plan de donn\u00e9es des forfaits \/ forfaits Internet de Smart Telecom Uganda","breadcrumb":{"@id":"https:\/\/tiketi.com\/internet-smart-telecom-uganda-data-bundles\/#breadcrumb"},"inLanguage":"fr-FR","potentialAction":[{"@type":"ReadAction","target":["https:\/\/tiketi.com\/internet-smart-telecom-uganda-data-bundles\/"]}]},{"@type":"ImageObject","inLanguage":"fr-FR","@id":"https:\/\/tiketi.com\/internet-smart-telecom-uganda-data-bundles\/#primaryimage","url":"https:\/\/tiketi.com\/wp-content\/uploads\/2019\/05\/data-packages-2029825_1280.jpg","contentUrl":"https:\/\/tiketi.com\/wp-content\/uploads\/2019\/05\/data-packages-2029825_1280.jpg","width":1200,"height":200,"caption":"How to get Data Plan \/ Packages \/ Top Up"},{"@type":"BreadcrumbList","@id":"https:\/\/tiketi.com\/internet-smart-telecom-uganda-data-bundles\/#breadcrumb","itemListElement":[{"@type":"ListItem","position":1,"name":"Home","item":"https:\/\/tiketi.com\/"},{"@type":"ListItem","position":2,"name":"How to get data plan of Smart Telecom Uganda internet packages \/ bundles"}]},{"@type":"WebSite","@id":"https:\/\/tiketi.com\/#website","url":"https:\/\/tiketi.com\/","name":"Billets d&#039;avion et de bus, forfaits touristiques et activit\u00e9s - Tiketi.com","description":"Billets d&#039;avion et de bus, Tours, Activit\u00e9s","publisher":{"@id":"https:\/\/tiketi.com\/#organization"},"potentialAction":[{"@type":"SearchAction","target":{"@type":"EntryPoint","urlTemplate":"https:\/\/tiketi.com\/?s={search_term_string}"},"query-input":{"@type":"PropertyValueSpecification","valueRequired":true,"valueName":"search_term_string"}}],"inLanguage":"fr-FR"},{"@type":"Organization","@id":"https:\/\/tiketi.com\/#organization","name":"Tiketi.com","alternateName":"Tiketi","url":"https:\/\/tiketi.com\/","logo":{"@type":"ImageObject","inLanguage":"fr-FR","@id":"https:\/\/tiketi.com\/#\/schema\/logo\/image\/","url":"https:\/\/tiketi.com\/wp-content\/uploads\/2019\/05\/tiketi-logo-696.png","contentUrl":"https:\/\/tiketi.com\/wp-content\/uploads\/2019\/05\/tiketi-logo-696.png","width":696,"height":696,"caption":"Tiketi.com"},"image":{"@id":"https:\/\/tiketi.com\/#\/schema\/logo\/image\/"},"sameAs":["https:\/\/www.facebook.com\/TiketiCom\/"]}]}},"_links":{"self":[{"href":"https:\/\/tiketi.com\/fr-fr\/wp-json\/wp\/v2\/pages\/10640","targetHints":{"allow":["GET"]}}],"collection":[{"href":"https:\/\/tiketi.com\/fr-fr\/wp-json\/wp\/v2\/pages"}],"about":[{"href":"https:\/\/tiketi.com\/fr-fr\/wp-json\/wp\/v2\/types\/page"}],"author":[{"embeddable":true,"href":"https:\/\/tiketi.com\/fr-fr\/wp-json\/wp\/v2\/users\/1"}],"replies":[{"embeddable":true,"href":"https:\/\/tiketi.com\/fr-fr\/wp-json\/wp\/v2\/comments?post=10640"}],"version-history":[{"count":0,"href":"https:\/\/tiketi.com\/fr-fr\/wp-json\/wp\/v2\/pages\/10640\/revisions"}],"wp:featuredmedia":[{"embeddable":true,"href":"https:\/\/tiketi.com\/fr-fr\/wp-json\/wp\/v2\/media\/19675"}],"wp:attachment":[{"href":"https:\/\/tiketi.com\/fr-fr\/wp-json\/wp\/v2\/media?parent=10640"}],"curies":[{"name":"wp","href":"https:\/\/api.w.org\/{rel}","templated":true}]}}