{"id":10644,"date":"2022-01-19T12:53:37","date_gmt":"2022-01-19T11:53:37","guid":{"rendered":"https:\/\/new.tiketi.com\/how-to-get-data-plan-of-mtn-uganda-internet-packages-bundles\/"},"modified":"2022-07-14T13:02:06","modified_gmt":"2022-07-14T12:02:06","slug":"internet-mobile-mtn-uganda-data-bundles","status":"publish","type":"page","link":"https:\/\/tiketi.com\/fr-fr\/internet-mobile-mtn-uganda-data-bundles\/","title":{"rendered":"Comment obtenir le plan de donn\u00e9es des forfaits \/ forfaits Internet MTN Ouganda"},"content":{"rendered":"<p><strong>Un d:\u00a0<\/strong><\/p>\n<p><strong><a href=\"https:\/\/fiymo.com\/register\" target=\"_blank\" rel=\"noopener\"><\/a><\/strong><\/p>\n<h2>Forfaits de donn\u00e9es MTN Ouganda, plan de donn\u00e9es, codes d&#039;abonnement et prix<\/h2>\n<p>Vous trouverez ci-dessous la liste de tous les plans de donn\u00e9es et prix de MTN Ouganda \/ forfaits Internet MTN Ouganda. MTN est le monstre du march\u00e9 en Ouganda avec plus de dix millions de clients, soit environ la moiti\u00e9 de la base d&#039;utilisateurs nationale. Les cartes SIM pr\u00e9pay\u00e9es sont accessibles dans les magasins et points de vente MTN du pays. Il y a un stand\/boutique \u00e0 l&#039;a\u00e9roport d&#039;Entebbe dans le hall o\u00f9 vous r\u00e9cup\u00e9rez vos bagages. Ils scanneront votre passeport, prendront une image de vous, vous exigerez de l&#039;argent domestique. Trouvez ci-dessous le prix des forfaits de donn\u00e9es MTN Ouganda bon march\u00e9:<\/p>\n<h2>Voici comment obtenir des forfaits de donn\u00e9es, des plans et des prix MTN Ouganda \/ Forfaits Internet MTN Ouganda<\/h2>\n<h3>Forfaits de donn\u00e9es et prix de MTN Ouganda<\/h3>\n<p>Le tarif par d\u00e9faut du plan de donn\u00e9es MTN Ouganda est de 0,8 UGX par Ko. Un data mensuel de 15 Ko est gratuit pour tous les clients qui utilisent leurs trente premiers Mo du mois. Pour en savoir plus, incluez l&#039;un de ces forfaits de donn\u00e9es MTN Ouganda\u00a0:<\/p>\n<table>\n<tbody>\n<tr>\n<th>\n<h3>Forfaits de donn\u00e9es MTN Ouganda<\/h3>\n<\/th>\n<th>\n<h3>Temps<\/h3>\n<\/th>\n<th>\n<h3>Prix<\/h3>\n<\/th>\n<th>\n<h3>Activation<\/h3>\n<\/th>\n<\/tr>\n<tr>\n<td>\n<h3>60 Mo<\/h3>\n<\/td>\n<td>\n<h3>Plans de donn\u00e9es MTN Ouganda: 60 minutes<\/h3>\n<\/td>\n<td>\n<h3>500 UGX<\/h3>\n<\/td>\n<td>\n<h3>*150*14#<\/h3>\n<\/td>\n<\/tr>\n<tr>\n<td>\n<h3>1 Go<\/h3>\n<\/td>\n<td>\n<h3>Plans de donn\u00e9es MTN Ouganda: 0-6h du matin<\/h3>\n<\/td>\n<td>\n<h3>2 000 UGX<\/h3>\n<\/td>\n<td>\n<h3>*150*1#<\/h3>\n<\/td>\n<\/tr>\n<tr>\n<td>\n<h3>15 Mo<\/h3>\n<\/td>\n<td rowspan=\"5\">\n<h3>Plans de donn\u00e9es MTN Ouganda: 24 heures<\/h3>\n<\/td>\n<td>\n<h3>250 UGX<\/h3>\n<\/td>\n<td>\n<h3>*150*1*1*1*1#<\/h3>\n<\/td>\n<\/tr>\n<tr>\n<td>\n<h3>40 Mo<\/h3>\n<\/td>\n<td>\n<h3>500 UGX<\/h3>\n<\/td>\n<td>\n<h3>*150*1*1*1*2#<\/h3>\n<\/td>\n<\/tr>\n<tr>\n<td>\n<h3>100 Mo<\/h3>\n<\/td>\n<td>\n<h3>1 000 UGX<\/h3>\n<\/td>\n<td>\n<h3>*150*1*1*1*3#<\/h3>\n<\/td>\n<\/tr>\n<tr>\n<td>\n<h3>300 Mo<\/h3>\n<\/td>\n<td>\n<h3>2 000 UGX<\/h3>\n<\/td>\n<td>\n<h3>*150*1*1*1*4#<\/h3>\n<\/td>\n<\/tr>\n<tr>\n<td>\n<h3>1 Go<\/h3>\n<\/td>\n<td>\n<h3>5 000 UGX<\/h3>\n<\/td>\n<td>\n<h3>*150*1*1*1*5#<\/h3>\n<\/td>\n<\/tr>\n<tr>\n<td>\n<h3>25 Mo<\/h3>\n<\/td>\n<td rowspan=\"6\">\n<h3>Forfaits de donn\u00e9es mensuels MTN Ouganda\u00a0: 30\u00a0jours<\/h3>\n<\/td>\n<td>\n<h3>1 500 UGX<\/h3>\n<\/td>\n<td>\n<h3>*150*1*1*3#<\/h3>\n<\/td>\n<\/tr>\n<tr>\n<td>\n<h3>300 Mo<\/h3>\n<\/td>\n<td>\n<h3>5 500 UGX<\/h3>\n<\/td>\n<td>\n<h3>*150*1*1*3#<\/h3>\n<\/td>\n<\/tr>\n<tr>\n<td>\n<h3>600 Mo<\/h3>\n<\/td>\n<td>\n<h3>10 000 UGX<\/h3>\n<\/td>\n<td>\n<h3>*150*1*1*3#<\/h3>\n<\/td>\n<\/tr>\n<tr>\n<td>\n<h3>3 Go<\/h3>\n<\/td>\n<td>\n<h3>20 000 UGX<\/h3>\n<\/td>\n<td>\n<h3>*150*1*1*3#<\/h3>\n<\/td>\n<\/tr>\n<tr>\n<td>\n<h3>10 Go<\/h3>\n<\/td>\n<td>\n<h3>50 000 UGX<\/h3>\n<\/td>\n<td>\n<h3>*150*6*1*2#<\/h3>\n<\/td>\n<\/tr>\n<tr>\n<td>\n<h3>30 Go<\/h3>\n<\/td>\n<td>\n<h3>100 000 UGX<\/h3>\n<\/td>\n<td>\n<h3>*150*6*1*3#<\/h3>\n<\/td>\n<\/tr>\n<tr>\n<td>\n<h3>2 Go<\/h3>\n<\/td>\n<td rowspan=\"3\">\n<h3>Forfaits de donn\u00e9es mensuels MTN Ouganda\u00a0: 90\u00a0jours<\/h3>\n<\/td>\n<td>\n<h3>30 000 UGX<\/h3>\n<\/td>\n<td>\n<h3>*150*1*1*4*1#<\/h3>\n<\/td>\n<\/tr>\n<tr>\n<td>\n<h3>10 Go<\/h3>\n<\/td>\n<td>\n<h3>75 000 UGX<\/h3>\n<\/td>\n<td>\n<h3>*150*1*1*4*2#<\/h3>\n<\/td>\n<\/tr>\n<tr>\n<td>\n<h3>30 Go<\/h3>\n<\/td>\n<td>\n<h3>150 000 UGX<\/h3>\n<\/td>\n<td>\n<h3>*150*1*1*4*3#<\/h3>\n<\/td>\n<\/tr>\n<\/tbody>\n<\/table>\n<p>&nbsp;<\/p>\n<h2>Vitesse Internet MTN Ouganda<\/h2>\n<p><strong>Signal<\/strong><br \/>\n<strong>Vitesse de pointe\u00a0:<\/strong><br \/>\n<strong>Vitesse moyenne de navigation sur Internet\u00a0:<\/strong><\/p>\n<p>Les informations sur les forfaits de donn\u00e9es MTN Ouganda ci-dessus, les prix et les codes d&#039;abonnement sont valables selon notre derni\u00e8re mise \u00e0 jour 2020.<\/p>","protected":false},"excerpt":{"rendered":"<p>Ad:\u00a0 MTN Uganda\u00a0Data Bundles,\u00a0Data Plan, Subscription Codes and Prices Below is the list of every MTN Uganda\u00a0data plans and prices\u00a0\/ MTN Uganda internet packages. MTN is the market monster in Uganda with more than ten million customers, roughly half of the national user base.\u00a0Prepaid SIM cards are accessible in MTN store and sales outlets in [&hellip;]<\/p>\n","protected":false},"author":1,"featured_media":19675,"parent":0,"menu_order":0,"comment_status":"open","ping_status":"closed","template":"template-home-modern.php","meta":{"footnotes":""},"class_list":["post-10644","page","type-page","status-publish","has-post-thumbnail","hentry"],"yoast_head":"<!-- This site is optimized with the Yoast SEO plugin v27.2 - https:\/\/yoast.com\/product\/yoast-seo-wordpress\/ -->\n<title>How to get data plan of MTN Uganda internet packages \/ bundles<\/title>\n<meta name=\"description\" content=\"Are you looking for cheap data plans of MTN Uganda data bundles, speed, subscription codes and prices? Here is how to get data plan of MTN Uganda internet packages \/ bundles\" \/>\n<meta name=\"robots\" content=\"index, follow, max-snippet:-1, max-image-preview:large, max-video-preview:-1\" \/>\n<link rel=\"canonical\" href=\"https:\/\/tiketi.com\/fr-fr\/internet-mobile-mtn-uganda-data-bundles\/\" \/>\n<meta property=\"og:locale\" content=\"fr_FR\" \/>\n<meta property=\"og:type\" content=\"article\" \/>\n<meta property=\"og:title\" content=\"How to get data plan of MTN Uganda internet packages \/ bundles\" \/>\n<meta property=\"og:description\" content=\"Are you looking for cheap data plans of MTN Uganda data bundles, speed, subscription codes and prices? Here is how to get data plan of MTN Uganda internet packages \/ bundles\" \/>\n<meta property=\"og:url\" content=\"https:\/\/tiketi.com\/fr-fr\/internet-mobile-mtn-uganda-data-bundles\/\" \/>\n<meta property=\"og:site_name\" content=\"Tiketi.com\" \/>\n<meta property=\"article:publisher\" content=\"https:\/\/www.facebook.com\/TiketiCom\/\" \/>\n<meta property=\"article:modified_time\" content=\"2022-07-14T12:02:06+00:00\" \/>\n<meta property=\"og:image\" content=\"https:\/\/tiketi.com\/wp-content\/uploads\/2019\/05\/data-packages-2029825_1280.jpg\" \/>\n\t<meta property=\"og:image:width\" content=\"1200\" \/>\n\t<meta property=\"og:image:height\" content=\"200\" \/>\n\t<meta property=\"og:image:type\" content=\"image\/jpeg\" \/>\n<meta name=\"twitter:card\" content=\"summary_large_image\" \/>\n<meta name=\"twitter:label1\" content=\"Dur\u00e9e de lecture estim\u00e9e\" \/>\n\t<meta name=\"twitter:data1\" content=\"2 minutes\" \/>\n<script type=\"application\/ld+json\" class=\"yoast-schema-graph\">{\"@context\":\"https:\/\/schema.org\",\"@graph\":[{\"@type\":\"WebPage\",\"@id\":\"https:\/\/tiketi.com\/internet-mobile-mtn-uganda-data-bundles\/\",\"url\":\"https:\/\/tiketi.com\/internet-mobile-mtn-uganda-data-bundles\/\",\"name\":\"How to get data plan of MTN Uganda internet packages \/ bundles\",\"isPartOf\":{\"@id\":\"https:\/\/tiketi.com\/#website\"},\"primaryImageOfPage\":{\"@id\":\"https:\/\/tiketi.com\/internet-mobile-mtn-uganda-data-bundles\/#primaryimage\"},\"image\":{\"@id\":\"https:\/\/tiketi.com\/internet-mobile-mtn-uganda-data-bundles\/#primaryimage\"},\"thumbnailUrl\":\"https:\/\/tiketi.com\/wp-content\/uploads\/2019\/05\/data-packages-2029825_1280.jpg\",\"datePublished\":\"2022-01-19T11:53:37+00:00\",\"dateModified\":\"2022-07-14T12:02:06+00:00\",\"description\":\"Are you looking for cheap data plans of MTN Uganda data bundles, speed, subscription codes and prices? Here is how to get data plan of MTN Uganda internet packages \/ bundles\",\"breadcrumb\":{\"@id\":\"https:\/\/tiketi.com\/internet-mobile-mtn-uganda-data-bundles\/#breadcrumb\"},\"inLanguage\":\"fr-FR\",\"potentialAction\":[{\"@type\":\"ReadAction\",\"target\":[\"https:\/\/tiketi.com\/internet-mobile-mtn-uganda-data-bundles\/\"]}]},{\"@type\":\"ImageObject\",\"inLanguage\":\"fr-FR\",\"@id\":\"https:\/\/tiketi.com\/internet-mobile-mtn-uganda-data-bundles\/#primaryimage\",\"url\":\"https:\/\/tiketi.com\/wp-content\/uploads\/2019\/05\/data-packages-2029825_1280.jpg\",\"contentUrl\":\"https:\/\/tiketi.com\/wp-content\/uploads\/2019\/05\/data-packages-2029825_1280.jpg\",\"width\":1200,\"height\":200,\"caption\":\"How to get Data Plan \/ Packages \/ Top Up\"},{\"@type\":\"BreadcrumbList\",\"@id\":\"https:\/\/tiketi.com\/internet-mobile-mtn-uganda-data-bundles\/#breadcrumb\",\"itemListElement\":[{\"@type\":\"ListItem\",\"position\":1,\"name\":\"Home\",\"item\":\"https:\/\/tiketi.com\/\"},{\"@type\":\"ListItem\",\"position\":2,\"name\":\"How to get data plan of MTN Uganda internet packages \/ bundles\"}]},{\"@type\":\"WebSite\",\"@id\":\"https:\/\/tiketi.com\/#website\",\"url\":\"https:\/\/tiketi.com\/\",\"name\":\"Flight & Bus Tickets, Tour Packages & Activitites - Tiketi.com\",\"description\":\"Flight &amp; Bus Tickets, Tours, Activitites\",\"publisher\":{\"@id\":\"https:\/\/tiketi.com\/#organization\"},\"potentialAction\":[{\"@type\":\"SearchAction\",\"target\":{\"@type\":\"EntryPoint\",\"urlTemplate\":\"https:\/\/tiketi.com\/?s={search_term_string}\"},\"query-input\":{\"@type\":\"PropertyValueSpecification\",\"valueRequired\":true,\"valueName\":\"search_term_string\"}}],\"inLanguage\":\"fr-FR\"},{\"@type\":\"Organization\",\"@id\":\"https:\/\/tiketi.com\/#organization\",\"name\":\"Tiketi.com\",\"alternateName\":\"Tiketi\",\"url\":\"https:\/\/tiketi.com\/\",\"logo\":{\"@type\":\"ImageObject\",\"inLanguage\":\"fr-FR\",\"@id\":\"https:\/\/tiketi.com\/#\/schema\/logo\/image\/\",\"url\":\"https:\/\/tiketi.com\/wp-content\/uploads\/2019\/05\/tiketi-logo-696.png\",\"contentUrl\":\"https:\/\/tiketi.com\/wp-content\/uploads\/2019\/05\/tiketi-logo-696.png\",\"width\":696,\"height\":696,\"caption\":\"Tiketi.com\"},\"image\":{\"@id\":\"https:\/\/tiketi.com\/#\/schema\/logo\/image\/\"},\"sameAs\":[\"https:\/\/www.facebook.com\/TiketiCom\/\"]}]}<\/script>\n<!-- \/ Yoast SEO plugin. -->","yoast_head_json":{"title":"Comment obtenir le plan de donn\u00e9es des forfaits \/ forfaits Internet MTN Ouganda","description":"\u00cates-vous \u00e0 la recherche de forfaits de donn\u00e9es bon march\u00e9 pour les forfaits de donn\u00e9es MTN Ouganda, la vitesse, les codes d&#039;abonnement et les prix\u00a0? Voici comment obtenir le plan de donn\u00e9es des forfaits \/ forfaits Internet MTN Ouganda","robots":{"index":"index","follow":"follow","max-snippet":"max-snippet:-1","max-image-preview":"max-image-preview:large","max-video-preview":"max-video-preview:-1"},"canonical":"https:\/\/tiketi.com\/fr-fr\/internet-mobile-mtn-uganda-data-bundles\/","og_locale":"fr_FR","og_type":"article","og_title":"How to get data plan of MTN Uganda internet packages \/ bundles","og_description":"Are you looking for cheap data plans of MTN Uganda data bundles, speed, subscription codes and prices? Here is how to get data plan of MTN Uganda internet packages \/ bundles","og_url":"https:\/\/tiketi.com\/fr-fr\/internet-mobile-mtn-uganda-data-bundles\/","og_site_name":"Tiketi.com","article_publisher":"https:\/\/www.facebook.com\/TiketiCom\/","article_modified_time":"2022-07-14T12:02:06+00:00","og_image":[{"width":1200,"height":200,"url":"https:\/\/tiketi.com\/wp-content\/uploads\/2019\/05\/data-packages-2029825_1280.jpg","type":"image\/jpeg"}],"twitter_card":"summary_large_image","twitter_misc":{"Dur\u00e9e de lecture estim\u00e9e":"2 minutes"},"schema":{"@context":"https:\/\/schema.org","@graph":[{"@type":"WebPage","@id":"https:\/\/tiketi.com\/internet-mobile-mtn-uganda-data-bundles\/","url":"https:\/\/tiketi.com\/internet-mobile-mtn-uganda-data-bundles\/","name":"Comment obtenir le plan de donn\u00e9es des forfaits \/ forfaits Internet MTN Ouganda","isPartOf":{"@id":"https:\/\/tiketi.com\/#website"},"primaryImageOfPage":{"@id":"https:\/\/tiketi.com\/internet-mobile-mtn-uganda-data-bundles\/#primaryimage"},"image":{"@id":"https:\/\/tiketi.com\/internet-mobile-mtn-uganda-data-bundles\/#primaryimage"},"thumbnailUrl":"https:\/\/tiketi.com\/wp-content\/uploads\/2019\/05\/data-packages-2029825_1280.jpg","datePublished":"2022-01-19T11:53:37+00:00","dateModified":"2022-07-14T12:02:06+00:00","description":"\u00cates-vous \u00e0 la recherche de forfaits de donn\u00e9es bon march\u00e9 pour les forfaits de donn\u00e9es MTN Ouganda, la vitesse, les codes d&#039;abonnement et les prix\u00a0? Voici comment obtenir le plan de donn\u00e9es des forfaits \/ forfaits Internet MTN Ouganda","breadcrumb":{"@id":"https:\/\/tiketi.com\/internet-mobile-mtn-uganda-data-bundles\/#breadcrumb"},"inLanguage":"fr-FR","potentialAction":[{"@type":"ReadAction","target":["https:\/\/tiketi.com\/internet-mobile-mtn-uganda-data-bundles\/"]}]},{"@type":"ImageObject","inLanguage":"fr-FR","@id":"https:\/\/tiketi.com\/internet-mobile-mtn-uganda-data-bundles\/#primaryimage","url":"https:\/\/tiketi.com\/wp-content\/uploads\/2019\/05\/data-packages-2029825_1280.jpg","contentUrl":"https:\/\/tiketi.com\/wp-content\/uploads\/2019\/05\/data-packages-2029825_1280.jpg","width":1200,"height":200,"caption":"How to get Data Plan \/ Packages \/ Top Up"},{"@type":"BreadcrumbList","@id":"https:\/\/tiketi.com\/internet-mobile-mtn-uganda-data-bundles\/#breadcrumb","itemListElement":[{"@type":"ListItem","position":1,"name":"Home","item":"https:\/\/tiketi.com\/"},{"@type":"ListItem","position":2,"name":"How to get data plan of MTN Uganda internet packages \/ bundles"}]},{"@type":"WebSite","@id":"https:\/\/tiketi.com\/#website","url":"https:\/\/tiketi.com\/","name":"Billets d&#039;avion et de bus, forfaits touristiques et activit\u00e9s - Tiketi.com","description":"Billets d&#039;avion et de bus, Tours, Activit\u00e9s","publisher":{"@id":"https:\/\/tiketi.com\/#organization"},"potentialAction":[{"@type":"SearchAction","target":{"@type":"EntryPoint","urlTemplate":"https:\/\/tiketi.com\/?s={search_term_string}"},"query-input":{"@type":"PropertyValueSpecification","valueRequired":true,"valueName":"search_term_string"}}],"inLanguage":"fr-FR"},{"@type":"Organization","@id":"https:\/\/tiketi.com\/#organization","name":"Tiketi.com","alternateName":"Tiketi","url":"https:\/\/tiketi.com\/","logo":{"@type":"ImageObject","inLanguage":"fr-FR","@id":"https:\/\/tiketi.com\/#\/schema\/logo\/image\/","url":"https:\/\/tiketi.com\/wp-content\/uploads\/2019\/05\/tiketi-logo-696.png","contentUrl":"https:\/\/tiketi.com\/wp-content\/uploads\/2019\/05\/tiketi-logo-696.png","width":696,"height":696,"caption":"Tiketi.com"},"image":{"@id":"https:\/\/tiketi.com\/#\/schema\/logo\/image\/"},"sameAs":["https:\/\/www.facebook.com\/TiketiCom\/"]}]}},"_links":{"self":[{"href":"https:\/\/tiketi.com\/fr-fr\/wp-json\/wp\/v2\/pages\/10644","targetHints":{"allow":["GET"]}}],"collection":[{"href":"https:\/\/tiketi.com\/fr-fr\/wp-json\/wp\/v2\/pages"}],"about":[{"href":"https:\/\/tiketi.com\/fr-fr\/wp-json\/wp\/v2\/types\/page"}],"author":[{"embeddable":true,"href":"https:\/\/tiketi.com\/fr-fr\/wp-json\/wp\/v2\/users\/1"}],"replies":[{"embeddable":true,"href":"https:\/\/tiketi.com\/fr-fr\/wp-json\/wp\/v2\/comments?post=10644"}],"version-history":[{"count":0,"href":"https:\/\/tiketi.com\/fr-fr\/wp-json\/wp\/v2\/pages\/10644\/revisions"}],"wp:featuredmedia":[{"embeddable":true,"href":"https:\/\/tiketi.com\/fr-fr\/wp-json\/wp\/v2\/media\/19675"}],"wp:attachment":[{"href":"https:\/\/tiketi.com\/fr-fr\/wp-json\/wp\/v2\/media?parent=10644"}],"curies":[{"name":"wp","href":"https:\/\/api.w.org\/{rel}","templated":true}]}}