{"id":10655,"date":"2022-01-19T12:53:39","date_gmt":"2022-01-19T11:53:39","guid":{"rendered":"https:\/\/new.tiketi.com\/how-to-get-data-plan-of-lycamobile-south-africa-internet-packages-bundles\/"},"modified":"2022-07-14T13:02:06","modified_gmt":"2022-07-14T12:02:06","slug":"internet-mobile-lycamobile-south-africa-data-bundles","status":"publish","type":"page","link":"https:\/\/tiketi.com\/fr-fr\/internet-mobile-lycamobile-south-africa-data-bundles\/","title":{"rendered":"Comment obtenir le plan de donn\u00e9es des forfaits \/ forfaits Internet Lycamobile Afrique du Sud"},"content":{"rendered":"<p><strong>Un d:\u00a0<\/strong><\/p>\n<p><strong><a href=\"https:\/\/fiymo.com\/register\" target=\"_blank\" rel=\"noopener\"><\/a><\/strong><\/p>\n<h2>Forfaits de donn\u00e9es Lycamobile Afrique du Sud, forfait de donn\u00e9es, codes d&#039;abonnement et prix<\/h2>\n<p>Vous trouverez ci-dessous la liste de tous les forfaits de donn\u00e9es et prix Lycamobile Afrique du Sud \/ forfaits Internet Lycamobile Afrique du Sud. Le fournisseur britannique Lycamobile a lanc\u00e9 une version logicielle en Afrique du Sud en 2017 dans vingt et un pays. Elle op\u00e8re sur le r\u00e9seau Cell C avec du roaming 2G\/3G sur Vodacom. Le kit de d\u00e9marrage est g\u00e9n\u00e9ralement distribu\u00e9 gratuitement dans leurs points de vente. Vous devriez pouvoir y faire votre inscription RICA. Vous pouvez \u00e9galement le commander via Internet et l&#039;envoyer \u00e0 une adresse postale sud-africaine, mais cela n\u00e9cessite que vous vous rendiez chez un agent RICA pour l&#039;enregistrement. D\u00e9couvrez ci-dessous les prix des forfaits de donn\u00e9es Lycamobile Afrique du Sud bon march\u00e9\u00a0:<\/p>\n<h2>Voici comment obtenir les forfaits de donn\u00e9es, les forfaits et les prix Lycamobile Afrique du Sud \/ Forfaits Internet Lycamobile Afrique du Sud<\/h2>\n<h3>Forfaits et tarifs de donn\u00e9es Lycamobile Afrique du Sud<\/h3>\n<p>Le tarif par d\u00e9faut sans forfait de donn\u00e9es Lycamobile activ\u00e9 ou en cas de surutilisation est de 0,99 R par Mo. Vous avez le choix entre ces forfaits data Lycamobile tous valables trente jours :<\/p>\n<h4><strong>Activation du prix des donn\u00e9es\u00a0<\/strong><\/h4>\n<h4>100 Mo R10 *139*2701#<br \/>\n300 Mo R19 *139*2702#<br \/>\n2 Go R79 *139*2703#<br \/>\n6 Go R149 *139*2704#<br \/>\n8 Go R245 *139*2705#<br \/>\n15 Go R299 *139*2706#<br \/>\n20 Go R399 *139*2707#<br \/>\n35 Go R599 *139*2708#<\/h4>\n<h2>Vitesse Internet Lycamobile Afrique du Sud<\/h2>\n<p><strong>Signal<\/strong><br \/>\n<strong>Vitesse de pointe\u00a0:<\/strong><br \/>\n<strong>Vitesse moyenne de navigation sur Internet\u00a0:<\/strong><\/p>\n<p>Les informations sur les forfaits de donn\u00e9es Lycamobile Afrique du Sud ci-dessus, les prix et les codes d&#039;abonnement sont valables selon notre derni\u00e8re mise \u00e0 jour 2020.<\/p>","protected":false},"excerpt":{"rendered":"<p>Ad:\u00a0 Lycamobile South Africa Data Bundles,\u00a0Data Plan, Subscription Codes and Prices Below is the list of every Lycamobile South Africa\u00a0data plans and prices\u00a0\/ Lycamobile South Africa internet packages.\u00a0The UK-based provider Lycamobile has soft-released in South Africa in 2017 as twenty-one country. It operates on the network of Cell C with some 2G\/3G roaming on Vodacom.\u00a0The [&hellip;]<\/p>\n","protected":false},"author":1,"featured_media":19675,"parent":0,"menu_order":0,"comment_status":"open","ping_status":"closed","template":"template-home-modern.php","meta":{"footnotes":""},"class_list":["post-10655","page","type-page","status-publish","has-post-thumbnail","hentry"],"yoast_head":"<!-- This site is optimized with the Yoast SEO plugin v27.3 - https:\/\/yoast.com\/product\/yoast-seo-wordpress\/ -->\n<title>How to get data plan of Lycamobile South Africa internet packages<\/title>\n<meta name=\"description\" content=\"Are you looking for cheap data plans of Lycamobile South Africa data bundles, speed, subscription codes and prices? Here is how to get data plan of Lycamobile South Africa internet packages \/ bundles\" \/>\n<meta name=\"robots\" content=\"index, follow, max-snippet:-1, max-image-preview:large, max-video-preview:-1\" \/>\n<link rel=\"canonical\" href=\"https:\/\/tiketi.com\/fr-fr\/internet-mobile-lycamobile-south-africa-data-bundles\/\" \/>\n<meta property=\"og:locale\" content=\"fr_FR\" \/>\n<meta property=\"og:type\" content=\"article\" \/>\n<meta property=\"og:title\" content=\"How to get data plan of Lycamobile South Africa internet packages\" \/>\n<meta property=\"og:description\" content=\"Are you looking for cheap data plans of Lycamobile South Africa data bundles, speed, subscription codes and prices? Here is how to get data plan of Lycamobile South Africa internet packages \/ bundles\" \/>\n<meta property=\"og:url\" content=\"https:\/\/tiketi.com\/fr-fr\/internet-mobile-lycamobile-south-africa-data-bundles\/\" \/>\n<meta property=\"og:site_name\" content=\"Tiketi.com\" \/>\n<meta property=\"article:publisher\" content=\"https:\/\/www.facebook.com\/TiketiCom\/\" \/>\n<meta property=\"article:modified_time\" content=\"2022-07-14T12:02:06+00:00\" \/>\n<meta property=\"og:image\" content=\"https:\/\/tiketi.com\/wp-content\/uploads\/2019\/05\/data-packages-2029825_1280.jpg\" \/>\n\t<meta property=\"og:image:width\" content=\"1200\" \/>\n\t<meta property=\"og:image:height\" content=\"200\" \/>\n\t<meta property=\"og:image:type\" content=\"image\/jpeg\" \/>\n<meta name=\"twitter:card\" content=\"summary_large_image\" \/>\n<meta name=\"twitter:label1\" content=\"Dur\u00e9e de lecture estim\u00e9e\" \/>\n\t<meta name=\"twitter:data1\" content=\"2 minutes\" \/>\n<script type=\"application\/ld+json\" class=\"yoast-schema-graph\">{\"@context\":\"https:\\\/\\\/schema.org\",\"@graph\":[{\"@type\":\"WebPage\",\"@id\":\"https:\\\/\\\/tiketi.com\\\/internet-mobile-lycamobile-south-africa-data-bundles\\\/\",\"url\":\"https:\\\/\\\/tiketi.com\\\/internet-mobile-lycamobile-south-africa-data-bundles\\\/\",\"name\":\"How to get data plan of Lycamobile South Africa internet packages\",\"isPartOf\":{\"@id\":\"https:\\\/\\\/tiketi.com\\\/#website\"},\"primaryImageOfPage\":{\"@id\":\"https:\\\/\\\/tiketi.com\\\/internet-mobile-lycamobile-south-africa-data-bundles\\\/#primaryimage\"},\"image\":{\"@id\":\"https:\\\/\\\/tiketi.com\\\/internet-mobile-lycamobile-south-africa-data-bundles\\\/#primaryimage\"},\"thumbnailUrl\":\"https:\\\/\\\/tiketi.com\\\/wp-content\\\/uploads\\\/2019\\\/05\\\/data-packages-2029825_1280.jpg\",\"datePublished\":\"2022-01-19T11:53:39+00:00\",\"dateModified\":\"2022-07-14T12:02:06+00:00\",\"description\":\"Are you looking for cheap data plans of Lycamobile South Africa data bundles, speed, subscription codes and prices? Here is how to get data plan of Lycamobile South Africa internet packages \\\/ bundles\",\"breadcrumb\":{\"@id\":\"https:\\\/\\\/tiketi.com\\\/internet-mobile-lycamobile-south-africa-data-bundles\\\/#breadcrumb\"},\"inLanguage\":\"fr-FR\",\"potentialAction\":[{\"@type\":\"ReadAction\",\"target\":[\"https:\\\/\\\/tiketi.com\\\/internet-mobile-lycamobile-south-africa-data-bundles\\\/\"]}]},{\"@type\":\"ImageObject\",\"inLanguage\":\"fr-FR\",\"@id\":\"https:\\\/\\\/tiketi.com\\\/internet-mobile-lycamobile-south-africa-data-bundles\\\/#primaryimage\",\"url\":\"https:\\\/\\\/tiketi.com\\\/wp-content\\\/uploads\\\/2019\\\/05\\\/data-packages-2029825_1280.jpg\",\"contentUrl\":\"https:\\\/\\\/tiketi.com\\\/wp-content\\\/uploads\\\/2019\\\/05\\\/data-packages-2029825_1280.jpg\",\"width\":1200,\"height\":200,\"caption\":\"How to get Data Plan \\\/ Packages \\\/ Top Up\"},{\"@type\":\"BreadcrumbList\",\"@id\":\"https:\\\/\\\/tiketi.com\\\/internet-mobile-lycamobile-south-africa-data-bundles\\\/#breadcrumb\",\"itemListElement\":[{\"@type\":\"ListItem\",\"position\":1,\"name\":\"Home\",\"item\":\"https:\\\/\\\/tiketi.com\\\/\"},{\"@type\":\"ListItem\",\"position\":2,\"name\":\"How to get data plan of Lycamobile South Africa internet packages \\\/ bundles\"}]},{\"@type\":\"WebSite\",\"@id\":\"https:\\\/\\\/tiketi.com\\\/#website\",\"url\":\"https:\\\/\\\/tiketi.com\\\/\",\"name\":\"Flight & Bus Tickets, Tour Packages & Activitites - Tiketi.com\",\"description\":\"Flight &amp; Bus Tickets, Tours, Activitites\",\"publisher\":{\"@id\":\"https:\\\/\\\/tiketi.com\\\/#organization\"},\"potentialAction\":[{\"@type\":\"SearchAction\",\"target\":{\"@type\":\"EntryPoint\",\"urlTemplate\":\"https:\\\/\\\/tiketi.com\\\/?s={search_term_string}\"},\"query-input\":{\"@type\":\"PropertyValueSpecification\",\"valueRequired\":true,\"valueName\":\"search_term_string\"}}],\"inLanguage\":\"fr-FR\"},{\"@type\":\"Organization\",\"@id\":\"https:\\\/\\\/tiketi.com\\\/#organization\",\"name\":\"Tiketi.com\",\"alternateName\":\"Tiketi\",\"url\":\"https:\\\/\\\/tiketi.com\\\/\",\"logo\":{\"@type\":\"ImageObject\",\"inLanguage\":\"fr-FR\",\"@id\":\"https:\\\/\\\/tiketi.com\\\/#\\\/schema\\\/logo\\\/image\\\/\",\"url\":\"https:\\\/\\\/tiketi.com\\\/wp-content\\\/uploads\\\/2019\\\/05\\\/tiketi-logo-696.png\",\"contentUrl\":\"https:\\\/\\\/tiketi.com\\\/wp-content\\\/uploads\\\/2019\\\/05\\\/tiketi-logo-696.png\",\"width\":696,\"height\":696,\"caption\":\"Tiketi.com\"},\"image\":{\"@id\":\"https:\\\/\\\/tiketi.com\\\/#\\\/schema\\\/logo\\\/image\\\/\"},\"sameAs\":[\"https:\\\/\\\/www.facebook.com\\\/TiketiCom\\\/\"]}]}<\/script>\n<!-- \/ Yoast SEO plugin. -->","yoast_head_json":{"title":"Comment obtenir le plan de donn\u00e9es des forfaits Internet Lycamobile Afrique du Sud","description":"Recherchez-vous des forfaits de donn\u00e9es bon march\u00e9 comprenant des forfaits de donn\u00e9es Lycamobile Afrique du Sud, des vitesses, des codes d&#039;abonnement et des prix\u00a0? Voici comment obtenir le plan de donn\u00e9es des forfaits \/ forfaits Internet Lycamobile Afrique du Sud","robots":{"index":"index","follow":"follow","max-snippet":"max-snippet:-1","max-image-preview":"max-image-preview:large","max-video-preview":"max-video-preview:-1"},"canonical":"https:\/\/tiketi.com\/fr-fr\/internet-mobile-lycamobile-south-africa-data-bundles\/","og_locale":"fr_FR","og_type":"article","og_title":"How to get data plan of Lycamobile South Africa internet packages","og_description":"Are you looking for cheap data plans of Lycamobile South Africa data bundles, speed, subscription codes and prices? Here is how to get data plan of Lycamobile South Africa internet packages \/ bundles","og_url":"https:\/\/tiketi.com\/fr-fr\/internet-mobile-lycamobile-south-africa-data-bundles\/","og_site_name":"Tiketi.com","article_publisher":"https:\/\/www.facebook.com\/TiketiCom\/","article_modified_time":"2022-07-14T12:02:06+00:00","og_image":[{"width":1200,"height":200,"url":"https:\/\/tiketi.com\/wp-content\/uploads\/2019\/05\/data-packages-2029825_1280.jpg","type":"image\/jpeg"}],"twitter_card":"summary_large_image","twitter_misc":{"Dur\u00e9e de lecture estim\u00e9e":"2 minutes"},"schema":{"@context":"https:\/\/schema.org","@graph":[{"@type":"WebPage","@id":"https:\/\/tiketi.com\/internet-mobile-lycamobile-south-africa-data-bundles\/","url":"https:\/\/tiketi.com\/internet-mobile-lycamobile-south-africa-data-bundles\/","name":"Comment obtenir le plan de donn\u00e9es des forfaits Internet Lycamobile Afrique du Sud","isPartOf":{"@id":"https:\/\/tiketi.com\/#website"},"primaryImageOfPage":{"@id":"https:\/\/tiketi.com\/internet-mobile-lycamobile-south-africa-data-bundles\/#primaryimage"},"image":{"@id":"https:\/\/tiketi.com\/internet-mobile-lycamobile-south-africa-data-bundles\/#primaryimage"},"thumbnailUrl":"https:\/\/tiketi.com\/wp-content\/uploads\/2019\/05\/data-packages-2029825_1280.jpg","datePublished":"2022-01-19T11:53:39+00:00","dateModified":"2022-07-14T12:02:06+00:00","description":"Recherchez-vous des forfaits de donn\u00e9es bon march\u00e9 comprenant des forfaits de donn\u00e9es Lycamobile Afrique du Sud, des vitesses, des codes d&#039;abonnement et des prix\u00a0? Voici comment obtenir le plan de donn\u00e9es des forfaits \/ forfaits Internet Lycamobile Afrique du Sud","breadcrumb":{"@id":"https:\/\/tiketi.com\/internet-mobile-lycamobile-south-africa-data-bundles\/#breadcrumb"},"inLanguage":"fr-FR","potentialAction":[{"@type":"ReadAction","target":["https:\/\/tiketi.com\/internet-mobile-lycamobile-south-africa-data-bundles\/"]}]},{"@type":"ImageObject","inLanguage":"fr-FR","@id":"https:\/\/tiketi.com\/internet-mobile-lycamobile-south-africa-data-bundles\/#primaryimage","url":"https:\/\/tiketi.com\/wp-content\/uploads\/2019\/05\/data-packages-2029825_1280.jpg","contentUrl":"https:\/\/tiketi.com\/wp-content\/uploads\/2019\/05\/data-packages-2029825_1280.jpg","width":1200,"height":200,"caption":"How to get Data Plan \/ Packages \/ Top Up"},{"@type":"BreadcrumbList","@id":"https:\/\/tiketi.com\/internet-mobile-lycamobile-south-africa-data-bundles\/#breadcrumb","itemListElement":[{"@type":"ListItem","position":1,"name":"Home","item":"https:\/\/tiketi.com\/"},{"@type":"ListItem","position":2,"name":"How to get data plan of Lycamobile South Africa internet packages \/ bundles"}]},{"@type":"WebSite","@id":"https:\/\/tiketi.com\/#website","url":"https:\/\/tiketi.com\/","name":"Billets d&#039;avion et de bus, forfaits touristiques et activit\u00e9s - Tiketi.com","description":"Billets d&#039;avion et de bus, Tours, Activit\u00e9s","publisher":{"@id":"https:\/\/tiketi.com\/#organization"},"potentialAction":[{"@type":"SearchAction","target":{"@type":"EntryPoint","urlTemplate":"https:\/\/tiketi.com\/?s={search_term_string}"},"query-input":{"@type":"PropertyValueSpecification","valueRequired":true,"valueName":"search_term_string"}}],"inLanguage":"fr-FR"},{"@type":"Organization","@id":"https:\/\/tiketi.com\/#organization","name":"Tiketi.com","alternateName":"Tiketi","url":"https:\/\/tiketi.com\/","logo":{"@type":"ImageObject","inLanguage":"fr-FR","@id":"https:\/\/tiketi.com\/#\/schema\/logo\/image\/","url":"https:\/\/tiketi.com\/wp-content\/uploads\/2019\/05\/tiketi-logo-696.png","contentUrl":"https:\/\/tiketi.com\/wp-content\/uploads\/2019\/05\/tiketi-logo-696.png","width":696,"height":696,"caption":"Tiketi.com"},"image":{"@id":"https:\/\/tiketi.com\/#\/schema\/logo\/image\/"},"sameAs":["https:\/\/www.facebook.com\/TiketiCom\/"]}]}},"_links":{"self":[{"href":"https:\/\/tiketi.com\/fr-fr\/wp-json\/wp\/v2\/pages\/10655","targetHints":{"allow":["GET"]}}],"collection":[{"href":"https:\/\/tiketi.com\/fr-fr\/wp-json\/wp\/v2\/pages"}],"about":[{"href":"https:\/\/tiketi.com\/fr-fr\/wp-json\/wp\/v2\/types\/page"}],"author":[{"embeddable":true,"href":"https:\/\/tiketi.com\/fr-fr\/wp-json\/wp\/v2\/users\/1"}],"replies":[{"embeddable":true,"href":"https:\/\/tiketi.com\/fr-fr\/wp-json\/wp\/v2\/comments?post=10655"}],"version-history":[{"count":0,"href":"https:\/\/tiketi.com\/fr-fr\/wp-json\/wp\/v2\/pages\/10655\/revisions"}],"wp:featuredmedia":[{"embeddable":true,"href":"https:\/\/tiketi.com\/fr-fr\/wp-json\/wp\/v2\/media\/19675"}],"wp:attachment":[{"href":"https:\/\/tiketi.com\/fr-fr\/wp-json\/wp\/v2\/media?parent=10655"}],"curies":[{"name":"wp","href":"https:\/\/api.w.org\/{rel}","templated":true}]}}