{"id":10657,"date":"2022-01-19T12:53:39","date_gmt":"2022-01-19T11:53:39","guid":{"rendered":"https:\/\/new.tiketi.com\/how-to-get-data-plan-of-hello-mobile-internet-packages-bundles\/"},"modified":"2022-07-14T13:02:06","modified_gmt":"2022-07-14T12:02:06","slug":"internet-hello-mobile-south-africa-data-bundles","status":"publish","type":"page","link":"https:\/\/tiketi.com\/fr-fr\/internet-hello-mobile-south-africa-data-bundles\/","title":{"rendered":"Comment obtenir le plan de donn\u00e9es des forfaits \/ forfaits Internet Hello Mobile"},"content":{"rendered":"<p><strong>Un d:&nbsp;<\/strong><\/p>\n<p><strong><a href=\"https:\/\/fiymo.com\/register\" target=\"_blank\" rel=\"noopener\"><\/a><\/strong><\/p>\n<h2>Forfaits de donn\u00e9es Hello Mobile Afrique du Sud, plan de donn\u00e9es, codes d&#039;abonnement et prix<\/h2>\n<p>Vous trouverez ci-dessous la liste de tous les plans de donn\u00e9es et tarifs de Hello Mobile Afrique du Sud \/ forfaits Internet Hello Mobile. Hello Mobile du groupe Hello est aujourd&#039;hui le plus grand MVNO du pays avec 1,4 million d&#039;abonn\u00e9s. \u00c0 partir de 2009, il utilise le r\u00e9seau de Cell C avec Vodacom en itin\u00e9rance en 3G et 2G. Quatre-vingt-dix pour cent de leurs clients sont des pays \u00e9trangers, qui l&#039;utilisent pour leurs faibles tarifs d&#039;appels internationaux. Mais il a aussi les meilleurs tarifs pour les donn\u00e9es, si vous n&#039;avez pas besoin de 4G\/LTE partout. Leur carte SIM est vendue dans les magasins Hello Paisa et Hello Mobile et d&#039;autres magasins de marque, o\u00f9 vous voyez leur enseigne. Ils ne sont peut-\u00eatre pas si simples \u00e0 trouver. Essayez de faire l&#039;enregistrement RICA l\u00e0 aussi. Trouvez ci-dessous le prix des forfaits de donn\u00e9es bon march\u00e9 Hello Mobile Afrique du Sud\u00a0:<\/p>\n<h2>Voici comment obtenir les forfaits de donn\u00e9es, les plans et les prix de Hello Mobile Afrique du Sud \/ Forfaits Internet Hello Mobile<\/h2>\n<h3>Forfaits de donn\u00e9es Hello Mobile et prix<\/h3>\n<p>Les donn\u00e9es sont \u00e0 R0,99 par Mo par d\u00e9faut. Vous pouvez inclure ces forfaits dans tous les forfaits\u00a0:<\/p>\n<h3>Forfaits quotidiens Hello Mobile Afrique du Sud (valables jusqu&#039;\u00e0 minuit)\u00a0:<\/h3>\n<p>\u2022 25\u00a0Mo\u00a0: R4<br \/>\n\u2022 65\u00a0Mo\u00a0: R9<br \/>\n\u2022 120\u00a0Mo\u00a0: R14<br \/>\n\u2022 500\u00a0Mo\u00a0: R17<br \/>\n\u2022 1\u00a0Go\u00a0: R20<\/p>\n<h3>Forfaits nocturnes Hello Mobile Afrique du Sud (valables de 1h \u00e0 7h uniquement)\u00a0:<\/h3>\n<p>\u2022 250\u00a0Mo\u00a0: R6<br \/>\n\u2022 1 Go\u00a0: R15<br \/>\n\u2022 Forfaits de 5\u00a0jours\u00a0:<br \/>\n\u2022 45\u00a0Mo\u00a0: R8<br \/>\n\u2022 80\u00a0Mo\u00a0: R12<br \/>\n\u2022 250\u00a0Mo\u00a0: R25<br \/>\n\u2022 600\u00a0Mo\u00a0: R50<br \/>\n\u2022 1,2 Go\u00a0: R80<br \/>\n\u2022 2,2\u00a0Go\u00a0: R100<\/p>\n<h3>Forfaits mensuels Hello Mobile Afrique du Sud (valables 30 jours) incluant un quota sp\u00e9cial valable la nuit de 1h \u00e0 7h :<\/h3>\n<p>\u2022\u00a0750\u00a0Mo + 1\u00a0Go de nuit\u00a0: R85<br \/>\n\u2022 1\u00a0Go + 2\u00a0Go de nuit\u00a0: 100\u00a0rands<br \/>\n\u2022 1,5 Go + 3 Go nuit : R149<br \/>\n\u2022 2\u00a0Go + 4\u00a0Go nuit\u00a0:\u00a0199\u00a0R<br \/>\n\u2022 3 Go + 5 Go nuit\u00a0: R249<br \/>\n\u2022 6\u00a0Go + 7\u00a0Go nuit\u00a0:\u00a0299\u00a0R<br \/>\n\u2022 7\u00a0Go + 10\u00a0Go nuit\u00a0:\u00a0399\u00a0R<\/p>\n<h2>Hello Mobile Afrique du Sud Vitesse Internet<\/h2>\n<p><strong>Signal<\/strong><br \/>\n<strong>Vitesse de pointe\u00a0:<\/strong><br \/>\n<strong>Vitesse moyenne de navigation sur Internet\u00a0:<\/strong><\/p>\n<p>Les informations sur les forfaits de donn\u00e9es Hello Mobile Afrique du Sud ci-dessus, les prix et les codes d&#039;abonnement sont valables selon notre derni\u00e8re mise \u00e0 jour 2020.<\/p>","protected":false},"excerpt":{"rendered":"<p>Ad:&nbsp; Hello Mobile South Africa Data Bundles,&nbsp;Data Plan, Subscription Codes and Prices Below is the list of every Hello Mobile South Africa&nbsp;data plans and prices&nbsp;\/ Hello Mobile&nbsp;internet packages.&nbsp;Hello Mobile by the Hello Group is the biggest MVNO in the country today with 1.4 million subscribers. Starting in 2009 it uses the network of Cell C [&hellip;]<\/p>\n","protected":false},"author":1,"featured_media":19675,"parent":0,"menu_order":0,"comment_status":"open","ping_status":"closed","template":"template-home-modern.php","meta":{"footnotes":""},"class_list":["post-10657","page","type-page","status-publish","has-post-thumbnail","hentry"],"yoast_head":"<!-- This site is optimized with the Yoast SEO plugin v27.2 - https:\/\/yoast.com\/product\/yoast-seo-wordpress\/ -->\n<title>How to get data plan of Hello Mobile internet packages \/ bundles<\/title>\n<meta name=\"description\" content=\"Are you looking for cheap data plans of Hello Mobile South Africa data bundles, speed, subscription codes and prices? Here is how to get data plan of Hello Mobile South Africa internet packages \/ bundles\" \/>\n<meta name=\"robots\" content=\"index, follow, max-snippet:-1, max-image-preview:large, max-video-preview:-1\" \/>\n<link rel=\"canonical\" href=\"https:\/\/tiketi.com\/fr-fr\/internet-hello-mobile-south-africa-data-bundles\/\" \/>\n<meta property=\"og:locale\" content=\"fr_FR\" \/>\n<meta property=\"og:type\" content=\"article\" \/>\n<meta property=\"og:title\" content=\"How to get data plan of Hello Mobile internet packages \/ bundles\" \/>\n<meta property=\"og:description\" content=\"Are you looking for cheap data plans of Hello Mobile South Africa data bundles, speed, subscription codes and prices? Here is how to get data plan of Hello Mobile South Africa internet packages \/ bundles\" \/>\n<meta property=\"og:url\" content=\"https:\/\/tiketi.com\/fr-fr\/internet-hello-mobile-south-africa-data-bundles\/\" \/>\n<meta property=\"og:site_name\" content=\"Tiketi.com\" \/>\n<meta property=\"article:publisher\" content=\"https:\/\/www.facebook.com\/TiketiCom\/\" \/>\n<meta property=\"article:modified_time\" content=\"2022-07-14T12:02:06+00:00\" \/>\n<meta property=\"og:image\" content=\"https:\/\/tiketi.com\/wp-content\/uploads\/2019\/05\/data-packages-2029825_1280.jpg\" \/>\n\t<meta property=\"og:image:width\" content=\"1200\" \/>\n\t<meta property=\"og:image:height\" content=\"200\" \/>\n\t<meta property=\"og:image:type\" content=\"image\/jpeg\" \/>\n<meta name=\"twitter:card\" content=\"summary_large_image\" \/>\n<meta name=\"twitter:label1\" content=\"Dur\u00e9e de lecture estim\u00e9e\" \/>\n\t<meta name=\"twitter:data1\" content=\"2 minutes\" \/>\n<script type=\"application\/ld+json\" class=\"yoast-schema-graph\">{\"@context\":\"https:\/\/schema.org\",\"@graph\":[{\"@type\":\"WebPage\",\"@id\":\"https:\/\/tiketi.com\/internet-hello-mobile-south-africa-data-bundles\/\",\"url\":\"https:\/\/tiketi.com\/internet-hello-mobile-south-africa-data-bundles\/\",\"name\":\"How to get data plan of Hello Mobile internet packages \/ bundles\",\"isPartOf\":{\"@id\":\"https:\/\/tiketi.com\/#website\"},\"primaryImageOfPage\":{\"@id\":\"https:\/\/tiketi.com\/internet-hello-mobile-south-africa-data-bundles\/#primaryimage\"},\"image\":{\"@id\":\"https:\/\/tiketi.com\/internet-hello-mobile-south-africa-data-bundles\/#primaryimage\"},\"thumbnailUrl\":\"https:\/\/tiketi.com\/wp-content\/uploads\/2019\/05\/data-packages-2029825_1280.jpg\",\"datePublished\":\"2022-01-19T11:53:39+00:00\",\"dateModified\":\"2022-07-14T12:02:06+00:00\",\"description\":\"Are you looking for cheap data plans of Hello Mobile South Africa data bundles, speed, subscription codes and prices? Here is how to get data plan of Hello Mobile South Africa internet packages \/ bundles\",\"breadcrumb\":{\"@id\":\"https:\/\/tiketi.com\/internet-hello-mobile-south-africa-data-bundles\/#breadcrumb\"},\"inLanguage\":\"fr-FR\",\"potentialAction\":[{\"@type\":\"ReadAction\",\"target\":[\"https:\/\/tiketi.com\/internet-hello-mobile-south-africa-data-bundles\/\"]}]},{\"@type\":\"ImageObject\",\"inLanguage\":\"fr-FR\",\"@id\":\"https:\/\/tiketi.com\/internet-hello-mobile-south-africa-data-bundles\/#primaryimage\",\"url\":\"https:\/\/tiketi.com\/wp-content\/uploads\/2019\/05\/data-packages-2029825_1280.jpg\",\"contentUrl\":\"https:\/\/tiketi.com\/wp-content\/uploads\/2019\/05\/data-packages-2029825_1280.jpg\",\"width\":1200,\"height\":200,\"caption\":\"How to get Data Plan \/ Packages \/ Top Up\"},{\"@type\":\"BreadcrumbList\",\"@id\":\"https:\/\/tiketi.com\/internet-hello-mobile-south-africa-data-bundles\/#breadcrumb\",\"itemListElement\":[{\"@type\":\"ListItem\",\"position\":1,\"name\":\"Home\",\"item\":\"https:\/\/tiketi.com\/\"},{\"@type\":\"ListItem\",\"position\":2,\"name\":\"How to get data plan of Hello Mobile internet packages \/ bundles\"}]},{\"@type\":\"WebSite\",\"@id\":\"https:\/\/tiketi.com\/#website\",\"url\":\"https:\/\/tiketi.com\/\",\"name\":\"Flight & Bus Tickets, Tour Packages & Activitites - Tiketi.com\",\"description\":\"Flight &amp; Bus Tickets, Tours, Activitites\",\"publisher\":{\"@id\":\"https:\/\/tiketi.com\/#organization\"},\"potentialAction\":[{\"@type\":\"SearchAction\",\"target\":{\"@type\":\"EntryPoint\",\"urlTemplate\":\"https:\/\/tiketi.com\/?s={search_term_string}\"},\"query-input\":{\"@type\":\"PropertyValueSpecification\",\"valueRequired\":true,\"valueName\":\"search_term_string\"}}],\"inLanguage\":\"fr-FR\"},{\"@type\":\"Organization\",\"@id\":\"https:\/\/tiketi.com\/#organization\",\"name\":\"Tiketi.com\",\"alternateName\":\"Tiketi\",\"url\":\"https:\/\/tiketi.com\/\",\"logo\":{\"@type\":\"ImageObject\",\"inLanguage\":\"fr-FR\",\"@id\":\"https:\/\/tiketi.com\/#\/schema\/logo\/image\/\",\"url\":\"https:\/\/tiketi.com\/wp-content\/uploads\/2019\/05\/tiketi-logo-696.png\",\"contentUrl\":\"https:\/\/tiketi.com\/wp-content\/uploads\/2019\/05\/tiketi-logo-696.png\",\"width\":696,\"height\":696,\"caption\":\"Tiketi.com\"},\"image\":{\"@id\":\"https:\/\/tiketi.com\/#\/schema\/logo\/image\/\"},\"sameAs\":[\"https:\/\/www.facebook.com\/TiketiCom\/\"]}]}<\/script>\n<!-- \/ Yoast SEO plugin. -->","yoast_head_json":{"title":"Comment obtenir le plan de donn\u00e9es des forfaits \/ forfaits Internet Hello Mobile","description":"\u00cates-vous \u00e0 la recherche de forfaits de donn\u00e9es bon march\u00e9 pour les forfaits de donn\u00e9es Hello Mobile Afrique du Sud, la vitesse, les codes d&#039;abonnement et les prix\u00a0? Voici comment obtenir le plan de donn\u00e9es des forfaits \/ forfaits Internet de Hello Mobile Afrique du Sud","robots":{"index":"index","follow":"follow","max-snippet":"max-snippet:-1","max-image-preview":"max-image-preview:large","max-video-preview":"max-video-preview:-1"},"canonical":"https:\/\/tiketi.com\/fr-fr\/internet-hello-mobile-south-africa-data-bundles\/","og_locale":"fr_FR","og_type":"article","og_title":"How to get data plan of Hello Mobile internet packages \/ bundles","og_description":"Are you looking for cheap data plans of Hello Mobile South Africa data bundles, speed, subscription codes and prices? Here is how to get data plan of Hello Mobile South Africa internet packages \/ bundles","og_url":"https:\/\/tiketi.com\/fr-fr\/internet-hello-mobile-south-africa-data-bundles\/","og_site_name":"Tiketi.com","article_publisher":"https:\/\/www.facebook.com\/TiketiCom\/","article_modified_time":"2022-07-14T12:02:06+00:00","og_image":[{"width":1200,"height":200,"url":"https:\/\/tiketi.com\/wp-content\/uploads\/2019\/05\/data-packages-2029825_1280.jpg","type":"image\/jpeg"}],"twitter_card":"summary_large_image","twitter_misc":{"Dur\u00e9e de lecture estim\u00e9e":"2 minutes"},"schema":{"@context":"https:\/\/schema.org","@graph":[{"@type":"WebPage","@id":"https:\/\/tiketi.com\/internet-hello-mobile-south-africa-data-bundles\/","url":"https:\/\/tiketi.com\/internet-hello-mobile-south-africa-data-bundles\/","name":"Comment obtenir le plan de donn\u00e9es des forfaits \/ forfaits Internet Hello Mobile","isPartOf":{"@id":"https:\/\/tiketi.com\/#website"},"primaryImageOfPage":{"@id":"https:\/\/tiketi.com\/internet-hello-mobile-south-africa-data-bundles\/#primaryimage"},"image":{"@id":"https:\/\/tiketi.com\/internet-hello-mobile-south-africa-data-bundles\/#primaryimage"},"thumbnailUrl":"https:\/\/tiketi.com\/wp-content\/uploads\/2019\/05\/data-packages-2029825_1280.jpg","datePublished":"2022-01-19T11:53:39+00:00","dateModified":"2022-07-14T12:02:06+00:00","description":"\u00cates-vous \u00e0 la recherche de forfaits de donn\u00e9es bon march\u00e9 pour les forfaits de donn\u00e9es Hello Mobile Afrique du Sud, la vitesse, les codes d&#039;abonnement et les prix\u00a0? Voici comment obtenir le plan de donn\u00e9es des forfaits \/ forfaits Internet de Hello Mobile Afrique du Sud","breadcrumb":{"@id":"https:\/\/tiketi.com\/internet-hello-mobile-south-africa-data-bundles\/#breadcrumb"},"inLanguage":"fr-FR","potentialAction":[{"@type":"ReadAction","target":["https:\/\/tiketi.com\/internet-hello-mobile-south-africa-data-bundles\/"]}]},{"@type":"ImageObject","inLanguage":"fr-FR","@id":"https:\/\/tiketi.com\/internet-hello-mobile-south-africa-data-bundles\/#primaryimage","url":"https:\/\/tiketi.com\/wp-content\/uploads\/2019\/05\/data-packages-2029825_1280.jpg","contentUrl":"https:\/\/tiketi.com\/wp-content\/uploads\/2019\/05\/data-packages-2029825_1280.jpg","width":1200,"height":200,"caption":"How to get Data Plan \/ Packages \/ Top Up"},{"@type":"BreadcrumbList","@id":"https:\/\/tiketi.com\/internet-hello-mobile-south-africa-data-bundles\/#breadcrumb","itemListElement":[{"@type":"ListItem","position":1,"name":"Home","item":"https:\/\/tiketi.com\/"},{"@type":"ListItem","position":2,"name":"How to get data plan of Hello Mobile internet packages \/ bundles"}]},{"@type":"WebSite","@id":"https:\/\/tiketi.com\/#website","url":"https:\/\/tiketi.com\/","name":"Billets d&#039;avion et de bus, forfaits touristiques et activit\u00e9s - Tiketi.com","description":"Billets d&#039;avion et de bus, Tours, Activit\u00e9s","publisher":{"@id":"https:\/\/tiketi.com\/#organization"},"potentialAction":[{"@type":"SearchAction","target":{"@type":"EntryPoint","urlTemplate":"https:\/\/tiketi.com\/?s={search_term_string}"},"query-input":{"@type":"PropertyValueSpecification","valueRequired":true,"valueName":"search_term_string"}}],"inLanguage":"fr-FR"},{"@type":"Organization","@id":"https:\/\/tiketi.com\/#organization","name":"Tiketi.com","alternateName":"Tiketi","url":"https:\/\/tiketi.com\/","logo":{"@type":"ImageObject","inLanguage":"fr-FR","@id":"https:\/\/tiketi.com\/#\/schema\/logo\/image\/","url":"https:\/\/tiketi.com\/wp-content\/uploads\/2019\/05\/tiketi-logo-696.png","contentUrl":"https:\/\/tiketi.com\/wp-content\/uploads\/2019\/05\/tiketi-logo-696.png","width":696,"height":696,"caption":"Tiketi.com"},"image":{"@id":"https:\/\/tiketi.com\/#\/schema\/logo\/image\/"},"sameAs":["https:\/\/www.facebook.com\/TiketiCom\/"]}]}},"_links":{"self":[{"href":"https:\/\/tiketi.com\/fr-fr\/wp-json\/wp\/v2\/pages\/10657","targetHints":{"allow":["GET"]}}],"collection":[{"href":"https:\/\/tiketi.com\/fr-fr\/wp-json\/wp\/v2\/pages"}],"about":[{"href":"https:\/\/tiketi.com\/fr-fr\/wp-json\/wp\/v2\/types\/page"}],"author":[{"embeddable":true,"href":"https:\/\/tiketi.com\/fr-fr\/wp-json\/wp\/v2\/users\/1"}],"replies":[{"embeddable":true,"href":"https:\/\/tiketi.com\/fr-fr\/wp-json\/wp\/v2\/comments?post=10657"}],"version-history":[{"count":0,"href":"https:\/\/tiketi.com\/fr-fr\/wp-json\/wp\/v2\/pages\/10657\/revisions"}],"wp:featuredmedia":[{"embeddable":true,"href":"https:\/\/tiketi.com\/fr-fr\/wp-json\/wp\/v2\/media\/19675"}],"wp:attachment":[{"href":"https:\/\/tiketi.com\/fr-fr\/wp-json\/wp\/v2\/media?parent=10657"}],"curies":[{"name":"wp","href":"https:\/\/api.w.org\/{rel}","templated":true}]}}