{"id":10661,"date":"2022-01-19T12:53:39","date_gmt":"2022-01-19T11:53:39","guid":{"rendered":"https:\/\/new.tiketi.com\/how-to-get-data-plan-of-vodafone-south-africa-internet-packages-bundles\/"},"modified":"2022-07-14T13:02:08","modified_gmt":"2022-07-14T12:02:08","slug":"internet-mobile-vodacom-south-africa-data-bundles","status":"publish","type":"page","link":"https:\/\/tiketi.com\/fr-fr\/internet-mobile-vodacom-south-africa-data-bundles\/","title":{"rendered":"Comment obtenir le plan de donn\u00e9es des forfaits \/ forfaits Internet de Vodacom Afrique du Sud"},"content":{"rendered":"<p><strong>Un d:\u00a0<\/strong><\/p>\n<p><strong><a href=\"https:\/\/fiymo.com\/register\" target=\"_blank\" rel=\"noopener\"><\/a><\/strong><\/p>\n<h2>Forfaits de donn\u00e9es Vodacom Afrique du Sud, plan de donn\u00e9es, codes d&#039;abonnement et prix<\/h2>\n<p>Vous trouverez ci-dessous la liste de tous les plans de donn\u00e9es et prix de Vodacom Afrique du Sud \/ forfaits Internet Vodacom Afrique du Sud. Vodacom est le plus grand fournisseur de t\u00e9l\u00e9phonie mobile d&#039;Afrique du Sud et appartient \u00e0 50 % \u00e0 la soci\u00e9t\u00e9 britannique Vodafone. C&#039;est le monstre du march\u00e9 avec le plus de clients et la meilleure couverture aux prix les plus \u00e9lev\u00e9s. Lors d&#039;un test de r\u00e9seau ind\u00e9pendant en 2017, Vodacom s&#039;est class\u00e9 premier dans 6 cat\u00e9gories et a obtenu le score le plus \u00e9lev\u00e9. Le r\u00e9seau Vodacom 2G couvre quatre-vingt-dix-neuf pour cent de la population du pays, avec la 3G \u00e0 quatre-vingt-dix-neuf pour cent et la 4G \u00e0 quatre-vingts pour cent en 2018, ce qui est la plus grande couverture des op\u00e9rateurs de r\u00e9seaux mobiles du pays. Trouvez ci-dessous le prix des forfaits de donn\u00e9es Vodacom Afrique du Sud bon march\u00e9\u00a0:<\/p>\n<h2>Voici comment obtenir les forfaits de donn\u00e9es, les plans et les prix de Vodacom Afrique du Sud \/ Forfaits Internet Vodacom Afrique du Sud<\/h2>\n<h3>Forfaits de donn\u00e9es et prix de Vodacom Afrique du Sud<\/h3>\n<p>Une gamme de packs mensuels pour la data est accessible et propos\u00e9e en version ponctuelle et r\u00e9currente au m\u00eame prix.<\/p>\n<table border=\"0\" cellspacing=\"1\" cellpadding=\"1\">\n<tbody>\n<tr>\n<th scope=\"col\">\n<h3>Prix du plan de donn\u00e9es Vodacom Afrique du Sud<\/h3>\n<\/th>\n<th scope=\"col\">\n<h3>Donn\u00e9es<\/h3>\n<\/th>\n<th scope=\"col\">\n<h3>Temps<\/h3>\n<\/th>\n<th scope=\"col\">\n<h3><\/h3>\n<\/th>\n<\/tr>\n<tr>\n<td>\n<h3>R 5<\/h3>\n<\/td>\n<td>\n<h3>20 Mo<\/h3>\n<\/td>\n<td>\n<h3>Plans de donn\u00e9es Vodacom Afrique du Sud\u00a0: Dailly (valable jusqu&#039;\u00e0 minuit)<\/h3>\n<\/td>\n<td>\n<h3><\/h3>\n<\/td>\n<\/tr>\n<tr>\n<td>\n<h3>R27<\/h3>\n<\/td>\n<td>\n<h3>250 Mo<\/h3>\n<\/td>\n<td>\n<h3>Plans de donn\u00e9es Vodacom Afrique du Sud\u00a0: Dailly (valable jusqu&#039;\u00e0 minuit)<\/h3>\n<\/td>\n<td>\n<h3><\/h3>\n<\/td>\n<\/tr>\n<tr>\n<td>\n<h3>R29<\/h3>\n<\/td>\n<td>\n<h3>1 Go<\/h3>\n<\/td>\n<td>\n<h3>Plans de donn\u00e9es Vodacom Afrique du Sud\u00a0: Dailly (valable jusqu&#039;\u00e0 minuit)<\/h3>\n<\/td>\n<td>\n<h3><\/h3>\n<\/td>\n<\/tr>\n<tr>\n<td>\n<h3>R 17<\/h3>\n<\/td>\n<td>\n<h3>100 Mo<\/h3>\n<\/td>\n<td rowspan=\"3\">\n<h3>Forfaits de donn\u00e9es hebdomadaires Vodacom Afrique du Sud\u00a0: 7\u00a0jours<\/h3>\n<\/td>\n<td>\n<h3><\/h3>\n<\/td>\n<\/tr>\n<tr>\n<td>\n<h3>R 60<\/h3>\n<\/td>\n<td>\n<h3>500 Mo<\/h3>\n<\/td>\n<td>\n<h3><\/h3>\n<\/td>\n<\/tr>\n<tr>\n<td>\n<h3>R 100<\/h3>\n<\/td>\n<td>\n<h3>1 Go<\/h3>\n<\/td>\n<td>\n<h3><\/h3>\n<\/td>\n<\/tr>\n<tr>\n<td>\n<h3>R 12<\/h3>\n<\/td>\n<td>\n<h3>50 Mo<\/h3>\n<\/td>\n<td rowspan=\"11\">\n<h3>Forfaits de donn\u00e9es mensuels de Vodacom Afrique du Sud\u00a0: 28\u00a0jours<\/h3>\n<\/td>\n<td>\n<h3><\/h3>\n<\/td>\n<\/tr>\n<tr>\n<td>\n<h3>R29<\/h3>\n<\/td>\n<td>\n<h3>150 Mo<\/h3>\n<\/td>\n<td>\n<h3><\/h3>\n<\/td>\n<\/tr>\n<tr>\n<td>\n<h3>R 55<\/h3>\n<\/td>\n<td>\n<h3>325 Mo<\/h3>\n<\/td>\n<td>\n<h3><\/h3>\n<\/td>\n<\/tr>\n<tr>\n<td>\n<h3>R 79<\/h3>\n<\/td>\n<td>\n<h3>500 Mo<\/h3>\n<\/td>\n<td>\n<h3><\/h3>\n<\/td>\n<\/tr>\n<tr>\n<td>\n<h3>R 99<\/h3>\n<\/td>\n<td>\n<h3>1 Go<\/h3>\n<\/td>\n<td>\n<h3><\/h3>\n<\/td>\n<\/tr>\n<tr>\n<td>\n<h3>R229<\/h3>\n<\/td>\n<td>\n<h3>3 Go<\/h3>\n<\/td>\n<td>\n<h3><\/h3>\n<\/td>\n<\/tr>\n<tr>\n<td>\n<h3>R 349<\/h3>\n<\/td>\n<td>\n<h3>5 Go<\/h3>\n<\/td>\n<td>\n<h3><\/h3>\n<\/td>\n<\/tr>\n<tr>\n<td>\n<h3>R 469<\/h3>\n<\/td>\n<td>\n<h3>10 Go<\/h3>\n<\/td>\n<td>\n<h3><\/h3>\n<\/td>\n<\/tr>\n<tr>\n<td>\n<h3>R 699<\/h3>\n<\/td>\n<td>\n<h3>20 Go<\/h3>\n<\/td>\n<td>\n<h3><\/h3>\n<\/td>\n<\/tr>\n<tr>\n<td>\n<h3><\/h3>\n<\/td>\n<td>\n<h3><\/h3>\n<\/td>\n<td>\n<h3><\/h3>\n<\/td>\n<\/tr>\n<tr>\n<td>\n<h3><\/h3>\n<\/td>\n<td>\n<h3><\/h3>\n<\/td>\n<td>\n<h3><\/h3>\n<\/td>\n<\/tr>\n<\/tbody>\n<\/table>\n<h2>Vodacom Afrique du Sud Vitesse Internet<\/h2>\n<p><strong>Signal<\/strong><br \/>\n<strong>Vitesse de pointe\u00a0:<\/strong><br \/>\n<strong>Vitesse moyenne de navigation sur Internet\u00a0:<\/strong><\/p>\n<p>Les informations ci-dessus sur les forfaits de donn\u00e9es Vodacom Afrique du Sud, les prix et les codes d&#039;abonnement sont valables selon notre derni\u00e8re mise \u00e0 jour 2020.<\/p>","protected":false},"excerpt":{"rendered":"<p>Ad:\u00a0 Vodacom South Africa Data Bundles,\u00a0Data Plan, Subscription Codes and Prices Below is the list of every Vodacom South Africa\u00a0data plans and prices\u00a0\/ Vodacom South Africa internet packages. Vodacom is the largest mobile provider in South Africa and is fifty percent owned by UK-based Vodafone. It is the market monster with most customers, and best [&hellip;]<\/p>\n","protected":false},"author":1,"featured_media":19675,"parent":0,"menu_order":0,"comment_status":"open","ping_status":"closed","template":"template-home-modern.php","meta":{"footnotes":""},"class_list":["post-10661","page","type-page","status-publish","has-post-thumbnail","hentry"],"yoast_head":"<!-- This site is optimized with the Yoast SEO plugin v27.2 - https:\/\/yoast.com\/product\/yoast-seo-wordpress\/ -->\n<title>How to get data plan of Vodafone South Africa internet packages \/ bundles<\/title>\n<meta name=\"description\" content=\"Are you looking for cheap monthly or weekly data plans of Vodafone South Africa data bundles, speed, subscription codes and prices? Here is how to get data plan of Vodafone South Africa internet packages \/ bundles\" \/>\n<meta name=\"robots\" content=\"index, follow, max-snippet:-1, max-image-preview:large, max-video-preview:-1\" \/>\n<link rel=\"canonical\" href=\"https:\/\/tiketi.com\/fr-fr\/internet-mobile-vodacom-south-africa-data-bundles\/\" \/>\n<meta property=\"og:locale\" content=\"fr_FR\" \/>\n<meta property=\"og:type\" content=\"article\" \/>\n<meta property=\"og:title\" content=\"How to get data plan of Vodafone South Africa internet packages \/ bundles\" \/>\n<meta property=\"og:description\" content=\"Are you looking for cheap monthly or weekly data plans of Vodafone South Africa data bundles, speed, subscription codes and prices? Here is how to get data plan of Vodafone South Africa internet packages \/ bundles\" \/>\n<meta property=\"og:url\" content=\"https:\/\/tiketi.com\/fr-fr\/internet-mobile-vodacom-south-africa-data-bundles\/\" \/>\n<meta property=\"og:site_name\" content=\"Tiketi.com\" \/>\n<meta property=\"article:publisher\" content=\"https:\/\/www.facebook.com\/TiketiCom\/\" \/>\n<meta property=\"article:modified_time\" content=\"2022-07-14T12:02:08+00:00\" \/>\n<meta property=\"og:image\" content=\"https:\/\/tiketi.com\/wp-content\/uploads\/2019\/05\/data-packages-2029825_1280.jpg\" \/>\n\t<meta property=\"og:image:width\" content=\"1200\" \/>\n\t<meta property=\"og:image:height\" content=\"200\" \/>\n\t<meta property=\"og:image:type\" content=\"image\/jpeg\" \/>\n<meta name=\"twitter:card\" content=\"summary_large_image\" \/>\n<meta name=\"twitter:label1\" content=\"Dur\u00e9e de lecture estim\u00e9e\" \/>\n\t<meta name=\"twitter:data1\" content=\"2 minutes\" \/>\n<script type=\"application\/ld+json\" class=\"yoast-schema-graph\">{\"@context\":\"https:\/\/schema.org\",\"@graph\":[{\"@type\":\"WebPage\",\"@id\":\"https:\/\/tiketi.com\/fr-fr\/internet-mobile-vodacom-south-africa-data-bundles\/\",\"url\":\"https:\/\/tiketi.com\/fr-fr\/internet-mobile-vodacom-south-africa-data-bundles\/\",\"name\":\"How to get data plan of Vodafone South Africa internet packages \/ bundles\",\"isPartOf\":{\"@id\":\"https:\/\/tiketi.com\/#website\"},\"primaryImageOfPage\":{\"@id\":\"https:\/\/tiketi.com\/fr-fr\/internet-mobile-vodacom-south-africa-data-bundles\/#primaryimage\"},\"image\":{\"@id\":\"https:\/\/tiketi.com\/fr-fr\/internet-mobile-vodacom-south-africa-data-bundles\/#primaryimage\"},\"thumbnailUrl\":\"https:\/\/tiketi.com\/wp-content\/uploads\/2019\/05\/data-packages-2029825_1280.jpg\",\"datePublished\":\"2022-01-19T11:53:39+00:00\",\"dateModified\":\"2022-07-14T12:02:08+00:00\",\"description\":\"Are you looking for cheap monthly or weekly data plans of Vodafone South Africa data bundles, speed, subscription codes and prices? Here is how to get data plan of Vodafone South Africa internet packages \/ bundles\",\"breadcrumb\":{\"@id\":\"https:\/\/tiketi.com\/fr-fr\/internet-mobile-vodacom-south-africa-data-bundles\/#breadcrumb\"},\"inLanguage\":\"fr-FR\",\"potentialAction\":[{\"@type\":\"ReadAction\",\"target\":[\"https:\/\/tiketi.com\/fr-fr\/internet-mobile-vodacom-south-africa-data-bundles\/\"]}]},{\"@type\":\"ImageObject\",\"inLanguage\":\"fr-FR\",\"@id\":\"https:\/\/tiketi.com\/fr-fr\/internet-mobile-vodacom-south-africa-data-bundles\/#primaryimage\",\"url\":\"https:\/\/tiketi.com\/wp-content\/uploads\/2019\/05\/data-packages-2029825_1280.jpg\",\"contentUrl\":\"https:\/\/tiketi.com\/wp-content\/uploads\/2019\/05\/data-packages-2029825_1280.jpg\",\"width\":1200,\"height\":200,\"caption\":\"How to get Data Plan \/ Packages \/ Top Up\"},{\"@type\":\"BreadcrumbList\",\"@id\":\"https:\/\/tiketi.com\/fr-fr\/internet-mobile-vodacom-south-africa-data-bundles\/#breadcrumb\",\"itemListElement\":[{\"@type\":\"ListItem\",\"position\":1,\"name\":\"Home\",\"item\":\"https:\/\/tiketi.com\/\"},{\"@type\":\"ListItem\",\"position\":2,\"name\":\"How to get data plan of Vodacom South Africa internet packages \/ bundles\"}]},{\"@type\":\"WebSite\",\"@id\":\"https:\/\/tiketi.com\/#website\",\"url\":\"https:\/\/tiketi.com\/\",\"name\":\"Flight & Bus Tickets, Tour Packages & Activitites - Tiketi.com\",\"description\":\"Flight &amp; Bus Tickets, Tours, Activitites\",\"publisher\":{\"@id\":\"https:\/\/tiketi.com\/#organization\"},\"potentialAction\":[{\"@type\":\"SearchAction\",\"target\":{\"@type\":\"EntryPoint\",\"urlTemplate\":\"https:\/\/tiketi.com\/?s={search_term_string}\"},\"query-input\":{\"@type\":\"PropertyValueSpecification\",\"valueRequired\":true,\"valueName\":\"search_term_string\"}}],\"inLanguage\":\"fr-FR\"},{\"@type\":\"Organization\",\"@id\":\"https:\/\/tiketi.com\/#organization\",\"name\":\"Tiketi.com\",\"alternateName\":\"Tiketi\",\"url\":\"https:\/\/tiketi.com\/\",\"logo\":{\"@type\":\"ImageObject\",\"inLanguage\":\"fr-FR\",\"@id\":\"https:\/\/tiketi.com\/#\/schema\/logo\/image\/\",\"url\":\"https:\/\/tiketi.com\/wp-content\/uploads\/2019\/05\/tiketi-logo-696.png\",\"contentUrl\":\"https:\/\/tiketi.com\/wp-content\/uploads\/2019\/05\/tiketi-logo-696.png\",\"width\":696,\"height\":696,\"caption\":\"Tiketi.com\"},\"image\":{\"@id\":\"https:\/\/tiketi.com\/#\/schema\/logo\/image\/\"},\"sameAs\":[\"https:\/\/www.facebook.com\/TiketiCom\/\"]}]}<\/script>\n<!-- \/ Yoast SEO plugin. -->","yoast_head_json":{"title":"Comment obtenir le plan de donn\u00e9es des forfaits \/ forfaits Internet de Vodafone Afrique du Sud","description":"\u00cates-vous \u00e0 la recherche de forfaits de donn\u00e9es mensuels ou hebdomadaires bon march\u00e9 pour les forfaits de donn\u00e9es Vodafone Afrique du Sud, la vitesse, les codes d&#039;abonnement et les prix\u00a0? Voici comment obtenir le plan de donn\u00e9es des forfaits \/ forfaits Internet de Vodafone Afrique du Sud","robots":{"index":"index","follow":"follow","max-snippet":"max-snippet:-1","max-image-preview":"max-image-preview:large","max-video-preview":"max-video-preview:-1"},"canonical":"https:\/\/tiketi.com\/fr-fr\/internet-mobile-vodacom-south-africa-data-bundles\/","og_locale":"fr_FR","og_type":"article","og_title":"How to get data plan of Vodafone South Africa internet packages \/ bundles","og_description":"Are you looking for cheap monthly or weekly data plans of Vodafone South Africa data bundles, speed, subscription codes and prices? Here is how to get data plan of Vodafone South Africa internet packages \/ bundles","og_url":"https:\/\/tiketi.com\/fr-fr\/internet-mobile-vodacom-south-africa-data-bundles\/","og_site_name":"Tiketi.com","article_publisher":"https:\/\/www.facebook.com\/TiketiCom\/","article_modified_time":"2022-07-14T12:02:08+00:00","og_image":[{"width":1200,"height":200,"url":"https:\/\/tiketi.com\/wp-content\/uploads\/2019\/05\/data-packages-2029825_1280.jpg","type":"image\/jpeg"}],"twitter_card":"summary_large_image","twitter_misc":{"Dur\u00e9e de lecture estim\u00e9e":"2 minutes"},"schema":{"@context":"https:\/\/schema.org","@graph":[{"@type":"WebPage","@id":"https:\/\/tiketi.com\/fr-fr\/internet-mobile-vodacom-south-africa-data-bundles\/","url":"https:\/\/tiketi.com\/fr-fr\/internet-mobile-vodacom-south-africa-data-bundles\/","name":"Comment obtenir le plan de donn\u00e9es des forfaits \/ forfaits Internet de Vodafone Afrique du Sud","isPartOf":{"@id":"https:\/\/tiketi.com\/#website"},"primaryImageOfPage":{"@id":"https:\/\/tiketi.com\/fr-fr\/internet-mobile-vodacom-south-africa-data-bundles\/#primaryimage"},"image":{"@id":"https:\/\/tiketi.com\/fr-fr\/internet-mobile-vodacom-south-africa-data-bundles\/#primaryimage"},"thumbnailUrl":"https:\/\/tiketi.com\/wp-content\/uploads\/2019\/05\/data-packages-2029825_1280.jpg","datePublished":"2022-01-19T11:53:39+00:00","dateModified":"2022-07-14T12:02:08+00:00","description":"\u00cates-vous \u00e0 la recherche de forfaits de donn\u00e9es mensuels ou hebdomadaires bon march\u00e9 pour les forfaits de donn\u00e9es Vodafone Afrique du Sud, la vitesse, les codes d&#039;abonnement et les prix\u00a0? Voici comment obtenir le plan de donn\u00e9es des forfaits \/ forfaits Internet de Vodafone Afrique du Sud","breadcrumb":{"@id":"https:\/\/tiketi.com\/fr-fr\/internet-mobile-vodacom-south-africa-data-bundles\/#breadcrumb"},"inLanguage":"fr-FR","potentialAction":[{"@type":"ReadAction","target":["https:\/\/tiketi.com\/fr-fr\/internet-mobile-vodacom-south-africa-data-bundles\/"]}]},{"@type":"ImageObject","inLanguage":"fr-FR","@id":"https:\/\/tiketi.com\/fr-fr\/internet-mobile-vodacom-south-africa-data-bundles\/#primaryimage","url":"https:\/\/tiketi.com\/wp-content\/uploads\/2019\/05\/data-packages-2029825_1280.jpg","contentUrl":"https:\/\/tiketi.com\/wp-content\/uploads\/2019\/05\/data-packages-2029825_1280.jpg","width":1200,"height":200,"caption":"How to get Data Plan \/ Packages \/ Top Up"},{"@type":"BreadcrumbList","@id":"https:\/\/tiketi.com\/fr-fr\/internet-mobile-vodacom-south-africa-data-bundles\/#breadcrumb","itemListElement":[{"@type":"ListItem","position":1,"name":"Home","item":"https:\/\/tiketi.com\/"},{"@type":"ListItem","position":2,"name":"How to get data plan of Vodacom South Africa internet packages \/ bundles"}]},{"@type":"WebSite","@id":"https:\/\/tiketi.com\/#website","url":"https:\/\/tiketi.com\/","name":"Billets d&#039;avion et de bus, forfaits touristiques et activit\u00e9s - Tiketi.com","description":"Billets d&#039;avion et de bus, Tours, Activit\u00e9s","publisher":{"@id":"https:\/\/tiketi.com\/#organization"},"potentialAction":[{"@type":"SearchAction","target":{"@type":"EntryPoint","urlTemplate":"https:\/\/tiketi.com\/?s={search_term_string}"},"query-input":{"@type":"PropertyValueSpecification","valueRequired":true,"valueName":"search_term_string"}}],"inLanguage":"fr-FR"},{"@type":"Organization","@id":"https:\/\/tiketi.com\/#organization","name":"Tiketi.com","alternateName":"Tiketi","url":"https:\/\/tiketi.com\/","logo":{"@type":"ImageObject","inLanguage":"fr-FR","@id":"https:\/\/tiketi.com\/#\/schema\/logo\/image\/","url":"https:\/\/tiketi.com\/wp-content\/uploads\/2019\/05\/tiketi-logo-696.png","contentUrl":"https:\/\/tiketi.com\/wp-content\/uploads\/2019\/05\/tiketi-logo-696.png","width":696,"height":696,"caption":"Tiketi.com"},"image":{"@id":"https:\/\/tiketi.com\/#\/schema\/logo\/image\/"},"sameAs":["https:\/\/www.facebook.com\/TiketiCom\/"]}]}},"_links":{"self":[{"href":"https:\/\/tiketi.com\/fr-fr\/wp-json\/wp\/v2\/pages\/10661","targetHints":{"allow":["GET"]}}],"collection":[{"href":"https:\/\/tiketi.com\/fr-fr\/wp-json\/wp\/v2\/pages"}],"about":[{"href":"https:\/\/tiketi.com\/fr-fr\/wp-json\/wp\/v2\/types\/page"}],"author":[{"embeddable":true,"href":"https:\/\/tiketi.com\/fr-fr\/wp-json\/wp\/v2\/users\/1"}],"replies":[{"embeddable":true,"href":"https:\/\/tiketi.com\/fr-fr\/wp-json\/wp\/v2\/comments?post=10661"}],"version-history":[{"count":0,"href":"https:\/\/tiketi.com\/fr-fr\/wp-json\/wp\/v2\/pages\/10661\/revisions"}],"wp:featuredmedia":[{"embeddable":true,"href":"https:\/\/tiketi.com\/fr-fr\/wp-json\/wp\/v2\/media\/19675"}],"wp:attachment":[{"href":"https:\/\/tiketi.com\/fr-fr\/wp-json\/wp\/v2\/media?parent=10661"}],"curies":[{"name":"wp","href":"https:\/\/api.w.org\/{rel}","templated":true}]}}