{"id":10664,"date":"2022-01-19T12:53:39","date_gmt":"2022-01-19T11:53:39","guid":{"rendered":"https:\/\/new.tiketi.com\/kuala-lumpur-air-taxi-booking-app-electric-flying-taxis\/"},"modified":"2025-07-11T15:54:43","modified_gmt":"2025-07-11T14:54:43","slug":"kuala-lumpur","status":"publish","type":"page","link":"https:\/\/tiketi.com\/fr-fr\/volants\/taxi-aerien\/kuala-lumpur\/","title":{"rendered":"Fly Over Kuala Lumpur\u2019s Roads \u2013 Easy Air Taxi Kuala Lumpur Online Bookings"},"content":{"rendered":"<h2 id=\"electric-dubai-air-taxi-booking-app\" class=\"wp-block-heading\">Book a Flying Taxi in Kuala Lumpur\u00a0\u2013 Fast, Green, and Affordable Urban Travel<\/h2>\r\n<h2><span style=\"color: initial; font-size: revert;\"><!-- \/wp:post-content -->\r\n\r\n<!-- wp:paragraph --><\/span><\/h2>\r\n<p>The Cheap air taxi in Kuala Lumpur online booking app allows users to easily reserve helicopter and flying taxi flight tickets. Air taxis in Kuala Lumpur make it possible to travel quickly and affordably across the city.<span style=\"font-size: 16px;\"> The capital city Kuala Lumpur is a big area that includes Chinese, Tamil, and Malay inhabitants. The most populous city in the nation, Kuala Lumpur is spread over two-hundred square kilometers and now merges with neighboring suburbs to make a hub of commerce and activity. Tourism is a central target in Kuala Lumpur and as such there are a big range of attractions for visitors to pick from, ranging from the more traditional to more new depending on your flavors. There are mosques and temples to reflect the diversity of the city, amazing futuristic skyscrapers and towers, domestic market and street food. As with so many other things you will be able to make anytime and anywhere drone Kuala Lumpur air taxi booking for your electric air taxi flight.<\/span><\/p>\r\n<h2>Pourquoi choisir un taxi volant ?<\/h2>\r\n<ul>\r\n<li><strong>Save hours every week<\/strong> \u2013 go from a 60-minute slog to an 8-minute skyride<\/li>\r\n<li><strong>Peaceful &amp; planet-friendly<\/strong> \u2013 up to 100x quieter than helicopters, with zero emissions<\/li>\r\n<li><strong>Certified safety<\/strong> \u2013 flown by licensed pilots, with built-in safety redundancies<\/li>\r\n<li><strong>Effortless luxury<\/strong> \u2013 just tap to book and take off<\/li>\r\n<\/ul>\r\n<p><!-- \/wp:paragraph --><!-- \/wp:heading -->\r\n\r\n<!-- wp:paragraph --><\/p>\r\n<h2>How Our Air Taxi Kuala Lumpur Booking Service Works<\/h2>\r\n<p>Booking your air taxi is as simple as ordering a rideshare:<\/p>\r\n<ol>\r\n<li><strong>Ouvrez le <a href=\"https:\/\/tiketi.com\/fr-fr\/download-tiketi-app\/\" target=\"_blank\" rel=\"noopener\">Application Tiketi<\/a> ou site Web<\/strong><\/li>\r\n<li><strong>Choose your departure<\/strong> from one of Kuala Lumpur\u2019s many vertiports (e.g., Kuala Lumpur International Airport, KLCC, Mid Valley)<\/li>\r\n<li>Pick Your Aircraft \u2013 Choose from a sleek, all-electric 2- or 4-seater air taxi<\/li>\r\n<li>Confirm &amp; Go \u2013 Your flight is booked in real-time, and your skyport is ready when you are.<\/li>\r\n<\/ol>\r\n<p>In just a few minutes, you\u2019ll be airborne\u2014gliding over Kuala Lumpur\u2019s iconic skyline, from the Petronas Twin Towers to the lush greenery surrounding the city, all while bypassing the road traffic below.<\/p>\r\n<h2>Flying Taxi Routes in Kuala Lumpur &#8211; Sky High in Minutes<\/h2>\r\n<p>Kuala Lumpur\u2019s aerial transport network is rapidly developing, with several key routes already under consideration:<\/p>\r\n<ul>\r\n<li><strong>Kuala Lumpur International Airport \u2192 KLCC<\/strong> \u2013 ~15 minutes (vs. 45-60 minutes by road)<\/li>\r\n<li><strong>KL Sentral \u2192 Mid Valley<\/strong> \u2013 5\u20137 minutes<\/li>\r\n<\/ul>\r\n<p>\u00a0Les itin\u00e9raires futurs comprennent\u00a0:<\/p>\r\n<ul>\r\n<li><strong>Kuala Lumpur \u2192 Putrajaya<\/strong> (~20 minutes)<\/li>\r\n<li><strong>Kuala Lumpur \u2192 Penang<\/strong> (~50 minutes)<\/li>\r\n<\/ul>\r\n<p>With support from Malaysia\u2019s aviation authorities, we expect these flying taxi routes to be operational in the coming years.<\/p>\r\n<h2>Options de tarification et de r\u00e9servation des taxis volants<\/h2>\r\n<p>Nos prix sont comp\u00e9titifs et con\u00e7us pour offrir un rapport qualit\u00e9-prix maximal\u00a0:<\/p>\r\n<p>\u2022 <strong>Tarifs actuels\u00a0:<\/strong> ~$5.50 per passenger-mile (with prices expected to drop to ~$2.50 as demand increases)<br \/>\u2022 <strong>Example: Kuala Lumpur International Airport to KLCC<\/strong> (~30 km) = $90\u2013$180, comparable to high-end taxi services.<\/p>\r\n<p>\u00c0 venir:<\/p>\r\n<ul>\r\n<li><strong>Plans de transport en commun<\/strong><\/li>\r\n<li><strong>forfaits de groupe et d&#039;entreprise<\/strong><\/li>\r\n<li><strong>Remises sur volume<\/strong><\/li>\r\n<\/ul>\r\n<p>R\u00e9servez votre vol facilement via l&#039;application, en ligne ou avec notre service de conciergerie. Besoin de services suppl\u00e9mentaires comme un si\u00e8ge enfant ou un transfert\u00a0? Nous nous occupons de tout.<\/p>\r\n<h2>Qui est \u00e0 l&#039;avant-garde ?<\/h2>\r\n<p>Meet the pioneers bringing aerial mobility to Kuala Lumpur:<\/p>\r\n<ul>\r\n<li><strong>Joby Aviation + Malaysia Airlines:<\/strong> Launching 200 mph eVTOL flights from Kuala Lumpur\u2019s airports, priced similarly to premium car services.<\/li>\r\n<li><strong>Vertical Aerospace (Malaysia):<\/strong> Certifying its VX4 aircraft for 2028 flights\u2014projected fares as low as MYR 400.<\/li>\r\n<li><strong>Skyports :<\/strong> Developing vertiports and charging hubs across Kuala Lumpur and the Klang Valley region.<\/li>\r\n<li><strong>Malaysian Government:<\/strong> Investing heavily in Malaysia\u2019s aerial mobility infrastructure, paving the way for sustainable, high-tech air travel.<\/li>\r\n<\/ul>\r\n<h2>Foire aux questions<\/h2>\r\n<h3>Pourquoi prendre un taxi a\u00e9rien ?<\/h3>\r\n<p>Rush hour in Kuala Lumpur can feel like a marathon: packed Tube stations, endless traffic jams, and frustrating delays. Our eVTOL (electric vertical takeoff and landing) air taxis cut through the chaos\u2014getting you across the city in under 10 minutes. It\u2019s not just faster travel\u2014it\u2019s time, reclaimed.<\/p>\r\n<h3>Est-ce s\u00fbr?<\/h3>\r\n<p>Yes. All flights are piloted, certified by the CAA, and use redundant safety systems.<\/p>\r\n<h3>Les vols peuvent-ils \u00eatre assur\u00e9s par mauvais temps\u00a0?<\/h3>\r\n<p>Safety is our priority. In case of poor weather, we\u2019ll notify you instantly and assist with rescheduling or refunds.<\/p>\r\n<h3>Puis-je apporter des bagages ?<\/h3>\r\n<p>Carry-ons are welcome. For larger items, we\u2019ll coordinate ground delivery at your destination.<\/p>\r\n<h2>Voici quelques-uns des avantages du taxi volant \u00e9lectrique \u00e0 Kuala Lumpur<\/h2>\r\n<!-- \/wp:heading -->\r\n\r\n<!-- wp:heading {\"level\":3} -->\r\n<h3>Are there electric flying taxi in Kuala Lumpur?<\/h3>\r\n<!-- \/wp:heading -->\r\n\r\n<!-- wp:paragraph -->\r\n<p>Kuala Lumpur has one of the first big projects to make flying taxis in Kuala Lumpur a reality. The autonomous drone taxis in Kuala Lumpur is an eighteen rotor drone taxi that took to the skies recently. The AAT comes as a partnership between German firm Volocopter and Kuala Lumpur. The firm claims to be the world first self-air taxi service.<\/p>\r\n<h3>Are electric air taxis in Kuala Lumpur anticipated to be more energy-efficient?<\/h3>\r\n<!-- \/wp:heading -->\r\n\r\n<!-- wp:paragraph -->\r\n<p>Pour comprendre de quelle puissance ces taxis volants \u00e9lectriques dans les v\u00e9hicules de Kuala Lumpur auraient besoin, les experts ont utilis\u00e9 des donn\u00e9es accessibles provenant d&#039;autres rapports scientifiques et industriels. Les mod\u00e8les de v\u00e9hicules qu&#039;ils consid\u00e9raient avaient un pilote et 4 si\u00e8ges passagers, volaient \u00e0 une altitude de 1 000 pieds et pouvaient zoomer jusqu&#039;\u00e0 150 miles par heure. Ils ont compar\u00e9 cet exemple \u00e0 2 v\u00e9hicules, un \u00e0 essence, roulant 34,1 miles par gallon, et un autre, \u00e9lectrique, qui a parcouru l&#039;\u00e9quivalent de 108,5 miles par gallon en fonction de sa consommation d&#039;\u00e9nergie. Les experts font correspondre l&#039;efficacit\u00e9 entre les 3 v\u00e9hicules \u00e0 des distances de trois \u00e0 155 milles.<\/p>\r\n<h3>Les taxis a\u00e9riens autonomes \u00e0 Kuala Lumpur sont-ils respectueux de l&#039;environnement ?<\/h3>\r\n<!-- \/wp:heading -->\r\n\r\n<!-- wp:paragraph -->\r\n<p>Un VTOL \u00e9met vingt-huit pour cent plus de gaz \u00e0 effet de serre qu&#039;un v\u00e9hicule \u00e9lectrique et trente-cinq pour cent moins de gaz \u00e0 effet de serre qu&#039;un v\u00e9hicule \u00e0 essence. Pour des trajets longue distance d&#039;une centaine de kilom\u00e8tres ou plus, un taxi drone \u00e0 Kuala Lumpur avec 1 pilote et 3 passagers \u00e9mettrait moins de gaz \u00e0 effet de serre par passager-mile qu&#039;un v\u00e9hicule avec une moyenne nationale de 1,54 occupants.<\/p>\r\n<h3>Combien co\u00fbtera un taxi volant \u00e9lectrique \u00e0 Kuala Lumpur ?<\/h3>\r\n<!-- \/wp:heading -->\r\n\r\n<!-- wp:paragraph -->\r\n<p>Initially, air taxis in Kuala Lumpur will cost approximately $5.73 per passenger mile. The flying taxis in Kuala Lumpur price will then plummet to $1.85 per passenger mile before finally hitting the customer amazing drone taxis in Kuala Lumpur fare rate of $0.44 per mile. You can easily book air taxi flight tickets through drone taxis in Kuala Lumpur app.<\/p>\r\n<!-- \/wp:paragraph -->\r\n\r\n<!-- wp:heading -->\r\n<h3>\u00a0What are the advantages of best electric Kuala Lumpur air taxi booking app?<\/h3>\r\n<!-- \/wp:heading -->\r\n\r\n<!-- wp:paragraph -->\r\n<p>Parmi ses autres avantages, les drones taxis \u00e9lectriques \u00e0 Kuala Lumpur pourraient assurer un boom \u00e9conomique en augmentant le nombre de personnes se dirigeant vers des lieux de loisirs et de tourisme \u00e9loign\u00e9s des grands a\u00e9roports.<\/p>\r\n<!-- \/wp:paragraph -->\r\n\r\n<!-- wp:heading {\"level\":3} -->\r\n<h3 id=\"would-drone-air-taxi-in-london-online-booking-app-be-used-to-book-a-electric-air-taxi-flight\" class=\"wp-block-heading\">Can the air taxis in Kuala Lumpur online booking app be used to reserve electric air taxi flight tickets?<\/h3>\r\n<!-- \/wp:heading -->\r\n\r\n<!-- wp:paragraph -->\r\n<p>Oui, les clients peuvent utiliser de mani\u00e8re transparente l&#039;application de r\u00e9servation de taxi a\u00e9rien \u00e9lectrique de Kuala Lumpur en ligne pour trouver le meilleur itin\u00e9raire et r\u00e9server un taxi volant avec drone dans les billets d&#039;avion de Kuala Lumpur \u00e0 tout moment et n&#039;importe o\u00f9.<\/p>\r\n<h2>Autres vols populaires en taxi a\u00e9rien<\/h2>\r\n<table border=\"0\" cellspacing=\"1\" cellpadding=\"1\">\r\n<tbody>\r\n<tr>\r\n<td>Bon march\u00e9 <a href=\"https:\/\/tiketi.com\/fr-fr\/volants\/taxi-aerien\/barcelona\/\" target=\"_blank\" rel=\"noopener\">air taxi in Barcelona<\/a><\/td>\r\n<td style=\"width: 30px;\">\u00a0<\/td>\r\n<td>Bon march\u00e9 <a href=\"https:\/\/tiketi.com\/fr-fr\/volants\/taxi-aerien\/uk-united-kingdom\/\" target=\"_blank\" rel=\"noopener\">air taxi in UK<\/a><\/td>\r\n<td style=\"width: 30px;\">\u00a0<\/td>\r\n<td>Bon march\u00e9 <a href=\"https:\/\/tiketi.com\/fr-fr\/volants\/taxi-aerien\/dubai\/\" target=\"_blank\" rel=\"noopener\">taxi a\u00e9rien \u00e0 Duba\u00ef<\/a><\/td>\r\n<\/tr>\r\n<tr>\r\n<td>Bon march\u00e9 <a href=\"https:\/\/tiketi.com\/fr-fr\/volants\/taxi-aerien\/singapore\/\" target=\"_blank\" rel=\"noopener\">taxi a\u00e9rien \u00e0 Singapour<\/a><\/td>\r\n<td style=\"width: 30px;\">\u00a0<\/td>\r\n<td>Bon march\u00e9 <a href=\"https:\/\/tiketi.com\/fr-fr\/volants\/taxi-aerien\/new-york-nyc\/\" target=\"_blank\" rel=\"noopener\">taxi a\u00e9rien \u00e0 New York<\/a><\/td>\r\n<td style=\"width: 30px;\">\u00a0<\/td>\r\n<td>Bon march\u00e9 <a href=\"https:\/\/tiketi.com\/fr-fr\/volants\/taxi-aerien\/paris\/\" target=\"_blank\" rel=\"noopener\">taxi a\u00e9rien \u00e0 Paris<\/a><\/td>\r\n<\/tr>\r\n<tr>\r\n<td>Bon march\u00e9 <a href=\"https:\/\/tiketi.com\/fr-fr\/volants\/taxi-aerien\/sydney\/\" target=\"_blank\" rel=\"noopener\">taxi a\u00e9rien \u00e0 Sydney<\/a><\/td>\r\n<td style=\"width: 30px;\">\u00a0<\/td>\r\n<td>Bon march\u00e9 <a href=\"https:\/\/tiketi.com\/fr-fr\/volants\/taxi-aerien\/berlin\/\" target=\"_blank\" rel=\"noopener\">taxi a\u00e9rien \u00e0 Berlin<\/a><\/td>\r\n<td style=\"width: 30px;\">\u00a0<\/td>\r\n<td>Bon march\u00e9 <a href=\"https:\/\/tiketi.com\/fr-fr\/volants\/taxi-aerien\/hong-kong\/\" target=\"_blank\" rel=\"noopener\">taxi a\u00e9rien \u00e0 Hong Kong<\/a><\/td>\r\n<\/tr>\r\n<\/tbody>\r\n<\/table>\r\n<p><!-- \/wp:paragraph --><!-- \/wp:post-content --><!-- \/wp:post-content -->\r\n\r\n<!-- wp:paragraph --><!-- \/wp:paragraph -->\r\n\r\n<!-- wp:paragraph --><!-- \/wp:paragraph -->\r\n\r\n<!-- wp:paragraph --><!-- \/wp:paragraph -->\r\n\r\n<!-- wp:paragraph --><!-- \/wp:paragraph --><\/p>\r\n<p>&nbsp;<\/p>\r\n<p>&nbsp;<\/p>","protected":false},"excerpt":{"rendered":"<p>Book a Flying Taxi in Kuala Lumpur\u00a0\u2013 Fast, Green, and Affordable Urban Travel The Cheap air taxi in Kuala Lumpur online booking app allows users to easily reserve helicopter and flying taxi flight tickets. Air taxis in Kuala Lumpur make it possible to travel quickly and affordably across the city. The capital city Kuala Lumpur [&hellip;]<\/p>\n","protected":false},"author":1,"featured_media":16955,"parent":25621,"menu_order":0,"comment_status":"open","ping_status":"closed","template":"template-home-modern.php","meta":{"footnotes":""},"class_list":["post-10664","page","type-page","status-publish","has-post-thumbnail","hentry"],"yoast_head":"<!-- This site is optimized with the Yoast SEO plugin v27.4 - https:\/\/yoast.com\/product\/yoast-seo-wordpress\/ -->\n<title>Book an Air Taxi in Kuala Lumpur Online | Cheap Flying Taxi Fares<\/title>\n<meta name=\"description\" content=\"Book an air taxi in Kuala Lumpur online with our app. Compare routes, fares, &amp; flight tickets for air taxis, &amp; find affordable flying taxi options\" \/>\n<meta name=\"robots\" content=\"index, follow, max-snippet:-1, max-image-preview:large, max-video-preview:-1\" \/>\n<link rel=\"canonical\" href=\"https:\/\/tiketi.com\/fr-fr\/volants\/taxi-aerien\/kuala-lumpur\/\" \/>\n<meta property=\"og:locale\" content=\"fr_FR\" \/>\n<meta property=\"og:type\" content=\"article\" \/>\n<meta property=\"og:title\" content=\"Book an Air Taxi in Kuala Lumpur Online | Cheap Flying Taxi Fares\" \/>\n<meta property=\"og:description\" content=\"Book an air taxi in Kuala Lumpur online with our app. Compare routes, fares, &amp; flight tickets for air taxis, &amp; find affordable flying taxi options\" \/>\n<meta property=\"og:url\" content=\"https:\/\/tiketi.com\/fr-fr\/volants\/taxi-aerien\/kuala-lumpur\/\" \/>\n<meta property=\"og:site_name\" content=\"Tiketi.com\" \/>\n<meta property=\"article:publisher\" content=\"https:\/\/www.facebook.com\/TiketiCom\/\" \/>\n<meta property=\"article:modified_time\" content=\"2025-07-11T14:54:43+00:00\" \/>\n<meta property=\"og:image\" content=\"https:\/\/tiketi.com\/wp-content\/uploads\/2022\/02\/kuala-lumpur-1896797_1280.jpg\" \/>\n\t<meta property=\"og:image:width\" content=\"1200\" \/>\n\t<meta property=\"og:image:height\" content=\"200\" \/>\n\t<meta property=\"og:image:type\" content=\"image\/jpeg\" \/>\n<meta name=\"twitter:card\" content=\"summary_large_image\" \/>\n<meta name=\"twitter:label1\" content=\"Dur\u00e9e de lecture estim\u00e9e\" \/>\n\t<meta name=\"twitter:data1\" content=\"6 minutes\" \/>\n<script type=\"application\/ld+json\" class=\"yoast-schema-graph\">{\"@context\":\"https:\\\/\\\/schema.org\",\"@graph\":[{\"@type\":\"WebPage\",\"@id\":\"https:\\\/\\\/tiketi.com\\\/flying\\\/air-taxi\\\/kuala-lumpur\\\/\",\"url\":\"https:\\\/\\\/tiketi.com\\\/flying\\\/air-taxi\\\/kuala-lumpur\\\/\",\"name\":\"Book an Air Taxi in Kuala Lumpur Online | Cheap Flying Taxi Fares\",\"isPartOf\":{\"@id\":\"https:\\\/\\\/tiketi.com\\\/#website\"},\"primaryImageOfPage\":{\"@id\":\"https:\\\/\\\/tiketi.com\\\/flying\\\/air-taxi\\\/kuala-lumpur\\\/#primaryimage\"},\"image\":{\"@id\":\"https:\\\/\\\/tiketi.com\\\/flying\\\/air-taxi\\\/kuala-lumpur\\\/#primaryimage\"},\"thumbnailUrl\":\"https:\\\/\\\/tiketi.com\\\/wp-content\\\/uploads\\\/2022\\\/02\\\/kuala-lumpur-1896797_1280.jpg\",\"datePublished\":\"2022-01-19T11:53:39+00:00\",\"dateModified\":\"2025-07-11T14:54:43+00:00\",\"description\":\"Book an air taxi in Kuala Lumpur online with our app. Compare routes, fares, & flight tickets for air taxis, & find affordable flying taxi options\",\"breadcrumb\":{\"@id\":\"https:\\\/\\\/tiketi.com\\\/flying\\\/air-taxi\\\/kuala-lumpur\\\/#breadcrumb\"},\"inLanguage\":\"fr-FR\",\"potentialAction\":[{\"@type\":\"ReadAction\",\"target\":[\"https:\\\/\\\/tiketi.com\\\/flying\\\/air-taxi\\\/kuala-lumpur\\\/\"]}]},{\"@type\":\"ImageObject\",\"inLanguage\":\"fr-FR\",\"@id\":\"https:\\\/\\\/tiketi.com\\\/flying\\\/air-taxi\\\/kuala-lumpur\\\/#primaryimage\",\"url\":\"https:\\\/\\\/tiketi.com\\\/wp-content\\\/uploads\\\/2022\\\/02\\\/kuala-lumpur-1896797_1280.jpg\",\"contentUrl\":\"https:\\\/\\\/tiketi.com\\\/wp-content\\\/uploads\\\/2022\\\/02\\\/kuala-lumpur-1896797_1280.jpg\",\"width\":1200,\"height\":200,\"caption\":\"Air Taxi in Kuala Lumpur\"},{\"@type\":\"BreadcrumbList\",\"@id\":\"https:\\\/\\\/tiketi.com\\\/flying\\\/air-taxi\\\/kuala-lumpur\\\/#breadcrumb\",\"itemListElement\":[{\"@type\":\"ListItem\",\"position\":1,\"name\":\"Home\",\"item\":\"https:\\\/\\\/tiketi.com\\\/\"},{\"@type\":\"ListItem\",\"position\":2,\"name\":\"Flying\",\"item\":\"https:\\\/\\\/tiketi.com\\\/fr-fr\\\/volants\\\/\"},{\"@type\":\"ListItem\",\"position\":3,\"name\":\"Air Taxi\",\"item\":\"https:\\\/\\\/tiketi.com\\\/flying\\\/air-taxi\\\/\"},{\"@type\":\"ListItem\",\"position\":4,\"name\":\"Fly Over Kuala Lumpur\u2019s Roads \u2013 Easy Air Taxi Kuala Lumpur Online Bookings\"}]},{\"@type\":\"WebSite\",\"@id\":\"https:\\\/\\\/tiketi.com\\\/#website\",\"url\":\"https:\\\/\\\/tiketi.com\\\/\",\"name\":\"Flight & Bus Tickets, Tour Packages & Activitites - Tiketi.com\",\"description\":\"Flight &amp; Bus Tickets, Tours, Activitites\",\"publisher\":{\"@id\":\"https:\\\/\\\/tiketi.com\\\/#organization\"},\"potentialAction\":[{\"@type\":\"SearchAction\",\"target\":{\"@type\":\"EntryPoint\",\"urlTemplate\":\"https:\\\/\\\/tiketi.com\\\/?s={search_term_string}\"},\"query-input\":{\"@type\":\"PropertyValueSpecification\",\"valueRequired\":true,\"valueName\":\"search_term_string\"}}],\"inLanguage\":\"fr-FR\"},{\"@type\":\"Organization\",\"@id\":\"https:\\\/\\\/tiketi.com\\\/#organization\",\"name\":\"Tiketi.com\",\"alternateName\":\"Tiketi\",\"url\":\"https:\\\/\\\/tiketi.com\\\/\",\"logo\":{\"@type\":\"ImageObject\",\"inLanguage\":\"fr-FR\",\"@id\":\"https:\\\/\\\/tiketi.com\\\/#\\\/schema\\\/logo\\\/image\\\/\",\"url\":\"https:\\\/\\\/tiketi.com\\\/wp-content\\\/uploads\\\/2019\\\/05\\\/tiketi-logo-696.png\",\"contentUrl\":\"https:\\\/\\\/tiketi.com\\\/wp-content\\\/uploads\\\/2019\\\/05\\\/tiketi-logo-696.png\",\"width\":696,\"height\":696,\"caption\":\"Tiketi.com\"},\"image\":{\"@id\":\"https:\\\/\\\/tiketi.com\\\/#\\\/schema\\\/logo\\\/image\\\/\"},\"sameAs\":[\"https:\\\/\\\/www.facebook.com\\\/TiketiCom\\\/\"]}]}<\/script>\n<!-- \/ Yoast SEO plugin. -->","yoast_head_json":{"title":"Book an Air Taxi in Kuala Lumpur Online | Cheap Flying Taxi Fares","description":"Book an air taxi in Kuala Lumpur online with our app. Compare routes, fares, & flight tickets for air taxis, & find affordable flying taxi options","robots":{"index":"index","follow":"follow","max-snippet":"max-snippet:-1","max-image-preview":"max-image-preview:large","max-video-preview":"max-video-preview:-1"},"canonical":"https:\/\/tiketi.com\/fr-fr\/volants\/taxi-aerien\/kuala-lumpur\/","og_locale":"fr_FR","og_type":"article","og_title":"Book an Air Taxi in Kuala Lumpur Online | Cheap Flying Taxi Fares","og_description":"Book an air taxi in Kuala Lumpur online with our app. Compare routes, fares, & flight tickets for air taxis, & find affordable flying taxi options","og_url":"https:\/\/tiketi.com\/fr-fr\/volants\/taxi-aerien\/kuala-lumpur\/","og_site_name":"Tiketi.com","article_publisher":"https:\/\/www.facebook.com\/TiketiCom\/","article_modified_time":"2025-07-11T14:54:43+00:00","og_image":[{"width":1200,"height":200,"url":"https:\/\/tiketi.com\/wp-content\/uploads\/2022\/02\/kuala-lumpur-1896797_1280.jpg","type":"image\/jpeg"}],"twitter_card":"summary_large_image","twitter_misc":{"Dur\u00e9e de lecture estim\u00e9e":"6 minutes"},"schema":{"@context":"https:\/\/schema.org","@graph":[{"@type":"WebPage","@id":"https:\/\/tiketi.com\/flying\/air-taxi\/kuala-lumpur\/","url":"https:\/\/tiketi.com\/flying\/air-taxi\/kuala-lumpur\/","name":"Book an Air Taxi in Kuala Lumpur Online | Cheap Flying Taxi Fares","isPartOf":{"@id":"https:\/\/tiketi.com\/#website"},"primaryImageOfPage":{"@id":"https:\/\/tiketi.com\/flying\/air-taxi\/kuala-lumpur\/#primaryimage"},"image":{"@id":"https:\/\/tiketi.com\/flying\/air-taxi\/kuala-lumpur\/#primaryimage"},"thumbnailUrl":"https:\/\/tiketi.com\/wp-content\/uploads\/2022\/02\/kuala-lumpur-1896797_1280.jpg","datePublished":"2022-01-19T11:53:39+00:00","dateModified":"2025-07-11T14:54:43+00:00","description":"Book an air taxi in Kuala Lumpur online with our app. Compare routes, fares, & flight tickets for air taxis, & find affordable flying taxi options","breadcrumb":{"@id":"https:\/\/tiketi.com\/flying\/air-taxi\/kuala-lumpur\/#breadcrumb"},"inLanguage":"fr-FR","potentialAction":[{"@type":"ReadAction","target":["https:\/\/tiketi.com\/flying\/air-taxi\/kuala-lumpur\/"]}]},{"@type":"ImageObject","inLanguage":"fr-FR","@id":"https:\/\/tiketi.com\/flying\/air-taxi\/kuala-lumpur\/#primaryimage","url":"https:\/\/tiketi.com\/wp-content\/uploads\/2022\/02\/kuala-lumpur-1896797_1280.jpg","contentUrl":"https:\/\/tiketi.com\/wp-content\/uploads\/2022\/02\/kuala-lumpur-1896797_1280.jpg","width":1200,"height":200,"caption":"Air Taxi in Kuala Lumpur"},{"@type":"BreadcrumbList","@id":"https:\/\/tiketi.com\/flying\/air-taxi\/kuala-lumpur\/#breadcrumb","itemListElement":[{"@type":"ListItem","position":1,"name":"Home","item":"https:\/\/tiketi.com\/"},{"@type":"ListItem","position":2,"name":"Flying","item":"https:\/\/tiketi.com\/fr-fr\/volants\/"},{"@type":"ListItem","position":3,"name":"Air Taxi","item":"https:\/\/tiketi.com\/flying\/air-taxi\/"},{"@type":"ListItem","position":4,"name":"Fly Over Kuala Lumpur\u2019s Roads \u2013 Easy Air Taxi Kuala Lumpur Online Bookings"}]},{"@type":"WebSite","@id":"https:\/\/tiketi.com\/#website","url":"https:\/\/tiketi.com\/","name":"Billets d&#039;avion et de bus, forfaits touristiques et activit\u00e9s - Tiketi.com","description":"Billets d&#039;avion et de bus, Tours, Activit\u00e9s","publisher":{"@id":"https:\/\/tiketi.com\/#organization"},"potentialAction":[{"@type":"SearchAction","target":{"@type":"EntryPoint","urlTemplate":"https:\/\/tiketi.com\/?s={search_term_string}"},"query-input":{"@type":"PropertyValueSpecification","valueRequired":true,"valueName":"search_term_string"}}],"inLanguage":"fr-FR"},{"@type":"Organization","@id":"https:\/\/tiketi.com\/#organization","name":"Tiketi.com","alternateName":"Tiketi","url":"https:\/\/tiketi.com\/","logo":{"@type":"ImageObject","inLanguage":"fr-FR","@id":"https:\/\/tiketi.com\/#\/schema\/logo\/image\/","url":"https:\/\/tiketi.com\/wp-content\/uploads\/2019\/05\/tiketi-logo-696.png","contentUrl":"https:\/\/tiketi.com\/wp-content\/uploads\/2019\/05\/tiketi-logo-696.png","width":696,"height":696,"caption":"Tiketi.com"},"image":{"@id":"https:\/\/tiketi.com\/#\/schema\/logo\/image\/"},"sameAs":["https:\/\/www.facebook.com\/TiketiCom\/"]}]}},"_links":{"self":[{"href":"https:\/\/tiketi.com\/fr-fr\/wp-json\/wp\/v2\/pages\/10664","targetHints":{"allow":["GET"]}}],"collection":[{"href":"https:\/\/tiketi.com\/fr-fr\/wp-json\/wp\/v2\/pages"}],"about":[{"href":"https:\/\/tiketi.com\/fr-fr\/wp-json\/wp\/v2\/types\/page"}],"author":[{"embeddable":true,"href":"https:\/\/tiketi.com\/fr-fr\/wp-json\/wp\/v2\/users\/1"}],"replies":[{"embeddable":true,"href":"https:\/\/tiketi.com\/fr-fr\/wp-json\/wp\/v2\/comments?post=10664"}],"version-history":[{"count":2,"href":"https:\/\/tiketi.com\/fr-fr\/wp-json\/wp\/v2\/pages\/10664\/revisions"}],"predecessor-version":[{"id":31938,"href":"https:\/\/tiketi.com\/fr-fr\/wp-json\/wp\/v2\/pages\/10664\/revisions\/31938"}],"up":[{"embeddable":true,"href":"https:\/\/tiketi.com\/fr-fr\/wp-json\/wp\/v2\/pages\/25621"}],"wp:featuredmedia":[{"embeddable":true,"href":"https:\/\/tiketi.com\/fr-fr\/wp-json\/wp\/v2\/media\/16955"}],"wp:attachment":[{"href":"https:\/\/tiketi.com\/fr-fr\/wp-json\/wp\/v2\/media?parent=10664"}],"curies":[{"name":"wp","href":"https:\/\/api.w.org\/{rel}","templated":true}]}}