{"id":10665,"date":"2022-01-19T12:53:39","date_gmt":"2022-01-19T11:53:39","guid":{"rendered":"https:\/\/new.tiketi.com\/toronto-air-taxi-booking-app-electric-flying-taxis\/"},"modified":"2025-07-21T12:52:21","modified_gmt":"2025-07-21T11:52:21","slug":"toronto","status":"publish","type":"page","link":"https:\/\/tiketi.com\/fr-fr\/volants\/taxi-aerien\/toronto\/","title":{"rendered":"Fly Over Toronto\u2019s Roads \u2013 Easy Air Taxi Toronto Online Bookings"},"content":{"rendered":"<h2 id=\"electric-dubai-air-taxi-booking-app\" class=\"wp-block-heading\">Book a Flying Taxi in Toronto \u2013 Fast, Green, and Affordable Urban Travel<\/h2>\r\n<h2><span style=\"font-size: 16px;\"><!-- \/wp:post-content -->\r\n\r\n<!-- wp:paragraph --><\/span><\/h2>\r\n<p>The Cheap air taxi in Toronto online booking app allows users to easily reserve helicopter and flying taxi flight tickets. Air taxis in Toronto make it possible to travel quickly and affordably across the city.<span style=\"font-size: 16px;\"> With more than 3.1 million people, Toronto is the biggest city in Canada, ensuring the Ontario province capital provides lots of things for visitors to do and view. \u00a0The list of visitor places in Toronto contains top-class museums, great shopping, a smorgasbord of dining choices, and winter and summer outdoors activities. The city is famous for its expert sporting teams, including baseball Blue Jays and hockey\u2019s Maple Leafs. Toronto is a dynamic city, with its big Chinatown, its restored Victorian buildings and its new-day skyscrapers. May is cooler and great, July is warm but there are patios, October is charming with colours, and January is cold but there is skating.<\/span><span style=\"font-size: 16px;\"> Just like many other services, you&#8217;ll be able to make a Toronto air taxi booking anytime, anywhere, through the app for your electric air taxi flight.<\/span><\/p>\r\n<h2>Why Choose a Flying Taxi in Toronto?<\/h2>\r\n<p>\u2022 <strong>Gagnez du temps<\/strong> \u2013 Avoid road delays and travel directly to your destination in minutes.<br \/>\u2022 <strong>\u00c9cologique<\/strong> \u2013 Our eVTOLs are fully electric with zero emissions, providing a cleaner alternative to traditional ground transportation.<br \/>\u2022 <strong>S\u00fbr et r\u00e9glement\u00e9<\/strong> \u2013 All flights are operated by licensed pilots and follow strict safety standards.<br \/>\u2022 <strong>Pratique<\/strong> \u2013 No waiting in traffic, no parking hassles\u2014just quick, easy, and comfortable air travel.<\/p>\r\n<h2>How It Works<\/h2>\r\n<p>R\u00e9server votre taxi a\u00e9rien est aussi simple que de r\u00e9server une course\u00a0:<\/p>\r\n<ol>\r\n<li><strong>Ouvrez le <a href=\"https:\/\/tiketi.com\/fr-fr\/download-tiketi-app\/\" target=\"_blank\" rel=\"noopener\">Application Tiketi<\/a> ou site Web<\/strong><\/li>\r\n<li><strong>\u00a0Select Your Departure<\/strong> \u2013 Choose from:<br \/><strong>\u25e6 Toronto Pearson International Airport (YYZ)<\/strong><br \/><strong>\u25e6 Downtown Toronto (CN Tower \/ Queen Street)<\/strong><br \/><strong>\u25e6 Union Station<\/strong><br \/><strong>\u25e6 Harbourfront Centre<\/strong><br \/><strong>\u25e6 Distillery District<\/strong><\/li>\r\n<li><strong>Choisissez votre avion<\/strong> \u2013 Choisissez un \u00e9l\u00e9gant taxi a\u00e9rien tout \u00e9lectrique \u00e0 2 ou 4 places<\/li>\r\n<li><strong>Confirmer et partir<\/strong> \u2013 Votre vol est r\u00e9serv\u00e9 en temps r\u00e9el et votre point d&#039;embarquement est pr\u00eat quand vous l&#039;\u00eates.<\/li>\r\n<\/ol>\r\n<p>Enjoy incredible aerial views of<strong> Toronto Islands, Lake Ontario<\/strong>, and the <strong>city\u2019s iconic skyline<\/strong>\u2014all while reducing your travel time.<\/p>\r\n<h2>Flying Taxi Routes in Toronto &#8211; High-Flying Connections<\/h2>\r\n<p>Toronto\u2019s roadways can be congested, but eVTOL air taxis make it easy to skip the traffic and enjoy a fast, direct flight to your destination. Some of the initial routes include:<\/p>\r\n<ul>\r\n<li><strong>Downtown Toronto \u2192 Toronto Pearson International Airport (YYZ)<\/strong> \u2013 ~10 minutes (compared to 30\u201345 minutes by road)<\/li>\r\n<li><strong>Downtown Toronto \u2192 Union Station<\/strong> \u2013 ~5 minutes (compared to 10\u201320 minutes by car)<\/li>\r\n<li><strong>Distillery District \u2192 Harbourfront Centre<\/strong> \u2013 ~4 minutes (compared to 15 minutes by road)<\/li>\r\n<li><strong>Toronto Islands \u2192 Downtown Toronto<\/strong> \u2013 ~5 minutes (compared to 20 minutes by ferry or road)<\/li>\r\n<\/ul>\r\n<p>Futures routes r\u00e9gionales\u00a0:<\/p>\r\n<ul>\r\n<li><strong>Toronto \u2192 Niagara Falls<\/strong> (~20 minutes)<\/li>\r\n<li><strong>Toronto \u2192 Markham<\/strong> (~10 minutes)<\/li>\r\n<li><strong>Toronto \u2192 Vaughan<\/strong> (~12 minutes)<\/li>\r\n<\/ul>\r\n<p>These new routes are designed to reduce the strain on Toronto\u2019s road networks and offer an exciting new way to travel efficiently.<\/p>\r\n<h2>Options de tarification et de r\u00e9servation des taxis volants<\/h2>\r\n<p>We want to make sure eVTOL air taxis are not just fast but affordable and competitive with premium ground transport. Here\u2019s what you can expect:<\/p>\r\n<ul>\r\n<li><strong>Tarifs actuels\u00a0:<\/strong> CAD 7\u201312 per passenger-kilometre<\/li>\r\n<li><strong>Exemple:<\/strong> <strong>Downtown Toronto \u2192 YYZ Airport<\/strong> (~30 km) = CAD 210\u2013360, similar to a premium taxi or ride-hailing service, but much faster.<\/li>\r\n<\/ul>\r\n<p>\u00c0 venir:<\/p>\r\n<ul>\r\n<li><strong>Abonnements de transport en commun<\/strong> for frequent flyers who travel between downtown and the airport or other key locations.<\/li>\r\n<li><strong>Corporate Packages<\/strong> for business professionals who need to quickly travel between meetings and events.<\/li>\r\n<li><strong>Transport pour \u00e9v\u00e9nements et festivals<\/strong> for major Toronto events like Toronto International Film Festival (TIFF), Caribana, or Pride Toronto.<\/li>\r\n<li><strong>Tourist Packages<\/strong> for scenic flights over Toronto Islands, Lake Ontario, and the CN Tower.<\/li>\r\n<li><strong>Hotel Pick-Up and Drop-Off<\/strong> services for tourists and business travelers.<\/li>\r\n<\/ul>\r\n<h2>Who\u2019s Powering Toronto\u2019s Skies?<\/h2>\r\n<p>Toronto is a city driven by innovation and sustainability, making it an ideal place for the introduction of eVTOL air taxis. We\u2019re working with industry leaders and local stakeholders to bring this revolutionary transportation to life:<\/p>\r\n<ul>\r\n<li><strong>Technologies b\u00eata<\/strong> \u2013 Innovating electric aviation to make air taxis a reality.<\/li>\r\n<li><strong>Volocopt\u00e8re<\/strong> \u2013 Partnering with Toronto to test and deploy eVTOL air taxis in the city.<\/li>\r\n<li><strong>City of Toronto<\/strong> \u2013 Supporting the development of vertiports and the necessary infrastructure for urban air mobility.<\/li>\r\n<li><strong>Toronto Pearson International Airport (YYZ)<\/strong> \u2013 Assisting with the integration of air taxis into the airport\u2019s transportation network.<\/li>\r\n<\/ul>\r\n<h2>Ready to Fly Above Toronto\u2019s Roads?<\/h2>\r\n<p>Whether you\u2019re heading to <strong>Toronto Pearson International Airport<\/strong>, catching a major <strong>festival<\/strong>, or simply commuting around the city, our eVTOL air taxis offer the fastest, greenest, and most stylish way to get around.<br \/>Download the app and book your flight today\u2014because in Toronto, your time deserves to fly.<\/p>\r\n<h2>Foire aux questions<\/h2>\r\n<h3>Pourquoi prendre un taxi a\u00e9rien ?<\/h3>\r\n<p>In a city known for its towering skyscrapers and rapid pace, traffic can often feel like a never-ending battle. Long commutes, jam-packed roads, and frustrating delays are the norm. But why sit in traffic when you can fly? Our eVTOL (electric vertical takeoff and landing) air taxis offer a faster, more efficient way to navigate Toronto\u2014whisking you from one side of the city to the other in under 10 minutes. It\u2019s not just about getting there faster; it\u2019s about reclaiming your time.<\/p>\r\n<h3>Est-ce s\u00fbr?<\/h3>\r\n<p>Oui. Tous les vols sont pilot\u00e9s par des professionnels certifi\u00e9s et respectent les normes de s\u00e9curit\u00e9 les plus strictes, avec de multiples syst\u00e8mes de s\u00e9curit\u00e9 redondants int\u00e9gr\u00e9s.<\/p>\r\n<h3>Les vols peuvent-ils \u00eatre assur\u00e9s par mauvais temps\u00a0?<\/h3>\r\n<p>Votre s\u00e9curit\u00e9 est notre priorit\u00e9 absolue. En cas d&#039;intemp\u00e9ries, nous vous en informerons imm\u00e9diatement et vous aiderons \u00e0 reporter votre r\u00e9servation ou \u00e0 obtenir un remboursement int\u00e9gral.<\/p>\r\n<h3>Puis-je apporter des bagages ?<\/h3>\r\n<p>Les bagages \u00e0 main sont les bienvenus. Pour les objets plus volumineux, nous organiserons leur transport terrestre jusqu&#039;\u00e0 votre destination.<\/p>\r\n<h2>Voici quelques-uns des avantages du taxi volant \u00e9lectrique \u00e0 Toronto, Ontario<\/h2>\r\n<!-- \/wp:paragraph -->\r\n\r\n<!-- wp:heading {\"level\":3} -->\r\n<h3>Est-ce que Toronto a un taxi volant \u00e9lectrique \u00e0 Toronto?<\/h3>\r\n<!-- \/wp:heading -->\r\n\r\n<!-- wp:paragraph -->\r\n<p>Toronto a l&#039;un des premiers grands projets pour faire des taxis-drones \u00e9lectriques \u00e0 Toronto une r\u00e9alit\u00e9. Les taxis-drones autonomes de Toronto sont un taxi-drone \u00e0 dix-huit rotors qui a pris son envol r\u00e9cemment. L&#039;AAT est un partenariat entre la firme allemande Volocopter et Toronto. L&#039;entreprise pr\u00e9tend \u00eatre le premier service de taxi a\u00e9rien autonome au monde.<\/p>\r\n<h3>Are electric air taxis in Toronto better efficiency for long travel?<\/h3>\r\n<!-- \/wp:paragraph -->\r\n\r\n<!-- wp:paragraph -->\r\n<p>Mais pour les longues distances, les taxis volants \u00e9lectriques \u00e0 Toronto sont plus efficaces. Pour un trajet sans escale de 62 milles, les taxis volants \u00e9lectriques utilis\u00e9s \u00e0 Toronto ont entra\u00een\u00e9 une r\u00e9duction de 35 % des \u00e9missions de gaz \u00e0 effet de serre par rapport au v\u00e9hicule \u00e0 essence. Mais compar\u00e9 \u00e0 une voiture \u00e9lectrique parcourant la m\u00eame distance, le taxi a\u00e9rien avait vingt-huit pour cent d&#039;\u00e9missions en plus. Ce sc\u00e9nario rejette les passagers, de toute fa\u00e7on, si vous chargez les taxis drones \u00e9lectriques \u00e0 Toronto avec 4 passagers et que vous les associez aux autres v\u00e9hicules avec une occupation moyenne - 1,55 personnes. Il para\u00eet encore plus vert.<\/p>\r\n<h3>Les taxis a\u00e9riens \u00e9lectriques \u00e0 Toronto sont-ils respectueux de l&#039;environnement?<\/h3>\r\n<!-- \/wp:paragraph -->\r\n\r\n<!-- wp:paragraph -->\r\n<p>Un VTOL \u00e9met vingt-huit pour cent plus de gaz \u00e0 effet de serre qu&#039;un v\u00e9hicule \u00e9lectrique et trente-cinq pour cent moins de gaz \u00e0 effet de serre qu&#039;un v\u00e9hicule \u00e0 essence. Pour des trajets longue distance d&#039;une centaine de kilom\u00e8tres ou plus, un drone taxi \u00e0 Toronto avec 1 pilote et 3 passagers \u00e9mettrait moins de gaz \u00e0 effet de serre par passager-mille qu&#039;un v\u00e9hicule avec une moyenne nationale de 1,54 occupants.<\/p>\r\n<h3>Combien co\u00fbtera un taxi volant \u00e9lectrique \u00e0 Toronto ?<\/h3>\r\n<!-- \/wp:paragraph -->\r\n\r\n<!-- wp:paragraph -->\r\n<p>Initialement, les taxis a\u00e9riens \u00e0 Toronto co\u00fbteront environ $5,73 par passager-mile. Le prix du taxi a\u00e9rien \u00e0 Toronto chutera ensuite \u00e0 $1,85 par passager-mile avant de finalement atteindre le tarif incroyable de $0,44 par mile pour le client. Vous pouvez facilement r\u00e9server des billets d&#039;avion en taxi a\u00e9rien gr\u00e2ce aux taxis volants \u00e9lectriques dans l&#039;application Toronto.<\/p>\r\n<!-- \/wp:paragraph -->\r\n\r\n<!-- wp:heading -->\r\n<h3>What are the advantages of electric air taxi in Toronto booking app?<\/h3>\r\n<!-- \/wp:heading -->\r\n\r\n<!-- wp:paragraph -->\r\n<p>Parmi ses autres avantages, la r\u00e9servation en ligne de taxis volants \u00e0 Toronto pourrait provoquer un boom \u00e9conomique en augmentant le nombre de personnes se dirigeant vers des lieux de loisirs et de tourisme \u00e9loign\u00e9s des grands a\u00e9roports.<\/p>\r\n<!-- \/wp:paragraph -->\r\n\r\n<!-- wp:heading {\"level\":3} -->\r\n<h3 id=\"would-drone-air-taxi-in-dubai-online-booking-app-be-used-to-book-a-electric-air-taxi-flight\" class=\"wp-block-heading\">Can the air taxis in Toronto online booking app be used to reserve electric air taxi flight tickets?<\/h3>\r\n<!-- \/wp:heading -->\r\n\r\n<!-- wp:paragraph -->\r\n<p>Oui, les clients peuvent utiliser en toute transparence l&#039;application de r\u00e9servation de taxi a\u00e9rien \u00e9lectrique de Toronto en ligne pour trouver le meilleur itin\u00e9raire et r\u00e9server un taxi drone \u00e0 Toronto, \u00e0 tout moment et n&#039;importe o\u00f9.<\/p>\r\n<h2>Autres vols populaires en taxi a\u00e9rien<\/h2>\r\n<table border=\"0\" cellspacing=\"1\" cellpadding=\"1\">\r\n<tbody>\r\n<tr>\r\n<td>Bon march\u00e9 <a href=\"https:\/\/tiketi.com\/fr-fr\/volants\/taxi-aerien\/new-york-nyc\/\" target=\"_blank\" rel=\"noopener\">taxi a\u00e9rien \u00e0 New York<\/a><\/td>\r\n<td style=\"width: 30px;\">\u00a0<\/td>\r\n<td>Bon march\u00e9 <a href=\"https:\/\/tiketi.com\/fr-fr\/volants\/taxi-aerien\/miami\/\" target=\"_blank\" rel=\"noopener\">taxi a\u00e9rien \u00e0 Miami<\/a><\/td>\r\n<td style=\"width: 30px;\">\u00a0<\/td>\r\n<td>Bon march\u00e9 <a href=\"https:\/\/tiketi.com\/fr-fr\/volants\/taxi-aerien\/los-angeles\/\" target=\"_blank\" rel=\"noopener\">taxi a\u00e9rien \u00e0 Los Angeles<\/a><\/td>\r\n<\/tr>\r\n<tr>\r\n<td>Bon march\u00e9 <a href=\"https:\/\/tiketi.com\/fr-fr\/volants\/taxi-aerien\/san-francisco\/\" target=\"_blank\" rel=\"noopener\">taxi a\u00e9rien \u00e0 San Francisco<\/a><\/td>\r\n<td style=\"width: 30px;\">\u00a0<\/td>\r\n<td>Bon march\u00e9 <a href=\"https:\/\/tiketi.com\/fr-fr\/volants\/taxi-aerien\/singapore\/\" target=\"_blank\" rel=\"noopener\">taxi a\u00e9rien \u00e0 Singapour<\/a><\/td>\r\n<td style=\"width: 30px;\">\u00a0<\/td>\r\n<td>Bon march\u00e9 <a href=\"https:\/\/tiketi.com\/fr-fr\/volants\/taxi-aerien\/paris\/\" target=\"_blank\" rel=\"noopener\">taxi a\u00e9rien \u00e0 Paris<\/a><\/td>\r\n<\/tr>\r\n<tr>\r\n<td>Bon march\u00e9 <a href=\"https:\/\/tiketi.com\/fr-fr\/volants\/taxi-aerien\/london\/\" target=\"_blank\" rel=\"noopener\">taxi a\u00e9rien \u00e0 Londres<\/a><\/td>\r\n<td style=\"width: 30px;\">\u00a0<\/td>\r\n<td>Bon march\u00e9 <a href=\"https:\/\/tiketi.com\/fr-fr\/volants\/taxi-aerien\/dubai\/\" target=\"_blank\" rel=\"noopener\">taxi a\u00e9rien \u00e0 Duba\u00ef<\/a><\/td>\r\n<td style=\"width: 30px;\">\u00a0<\/td>\r\n<td>Bon march\u00e9 <a href=\"https:\/\/tiketi.com\/fr-fr\/volants\/taxi-aerien\/hong-kong\/\" target=\"_blank\" rel=\"noopener\">taxi a\u00e9rien \u00e0 Hong Kong<\/a><\/td>\r\n<\/tr>\r\n<\/tbody>\r\n<\/table>\r\n<p>&nbsp;<\/p>\r\n<p>&nbsp;<\/p>","protected":false},"excerpt":{"rendered":"<p>Book a Flying Taxi in Toronto \u2013 Fast, Green, and Affordable Urban Travel The Cheap air taxi in Toronto online booking app allows users to easily reserve helicopter and flying taxi flight tickets. Air taxis in Toronto make it possible to travel quickly and affordably across the city. With more than 3.1 million people, Toronto [&hellip;]<\/p>\n","protected":false},"author":1,"featured_media":16144,"parent":25621,"menu_order":0,"comment_status":"open","ping_status":"closed","template":"template-home-modern.php","meta":{"footnotes":""},"class_list":["post-10665","page","type-page","status-publish","has-post-thumbnail","hentry"],"yoast_head":"<!-- This site is optimized with the Yoast SEO plugin v27.3 - https:\/\/yoast.com\/product\/yoast-seo-wordpress\/ -->\n<title>Book an Air Taxi in Toronto | Cheap Flying Taxi Fares<\/title>\n<meta name=\"description\" content=\"Book an air taxi in Toronto online with our app. Compare routes, fares, &amp; flight tickets for air taxis, &amp; find affordable flying taxi options\" \/>\n<meta name=\"robots\" content=\"index, follow, max-snippet:-1, max-image-preview:large, max-video-preview:-1\" \/>\n<link rel=\"canonical\" href=\"https:\/\/tiketi.com\/fr-fr\/volants\/taxi-aerien\/toronto\/\" \/>\n<meta property=\"og:locale\" content=\"fr_FR\" \/>\n<meta property=\"og:type\" content=\"article\" \/>\n<meta property=\"og:title\" content=\"Book an Air Taxi in Toronto | Cheap Flying Taxi Fares\" \/>\n<meta property=\"og:description\" content=\"Book an air taxi in Toronto online with our app. Compare routes, fares, &amp; flight tickets for air taxis, &amp; find affordable flying taxi options\" \/>\n<meta property=\"og:url\" content=\"https:\/\/tiketi.com\/fr-fr\/volants\/taxi-aerien\/toronto\/\" \/>\n<meta property=\"og:site_name\" content=\"Tiketi.com\" \/>\n<meta property=\"article:publisher\" content=\"https:\/\/www.facebook.com\/TiketiCom\/\" \/>\n<meta property=\"article:modified_time\" content=\"2025-07-21T11:52:21+00:00\" \/>\n<meta property=\"og:image\" content=\"https:\/\/tiketi.com\/wp-content\/uploads\/2022\/02\/toronto-73508_1280.jpg\" \/>\n\t<meta property=\"og:image:width\" content=\"1280\" \/>\n\t<meta property=\"og:image:height\" content=\"203\" \/>\n\t<meta property=\"og:image:type\" content=\"image\/jpeg\" \/>\n<meta name=\"twitter:card\" content=\"summary_large_image\" \/>\n<meta name=\"twitter:label1\" content=\"Dur\u00e9e de lecture estim\u00e9e\" \/>\n\t<meta name=\"twitter:data1\" content=\"7 minutes\" \/>\n<script type=\"application\/ld+json\" class=\"yoast-schema-graph\">{\"@context\":\"https:\\\/\\\/schema.org\",\"@graph\":[{\"@type\":\"WebPage\",\"@id\":\"https:\\\/\\\/tiketi.com\\\/flying\\\/air-taxi\\\/toronto\\\/\",\"url\":\"https:\\\/\\\/tiketi.com\\\/flying\\\/air-taxi\\\/toronto\\\/\",\"name\":\"Book an Air Taxi in Toronto | Cheap Flying Taxi Fares\",\"isPartOf\":{\"@id\":\"https:\\\/\\\/tiketi.com\\\/#website\"},\"primaryImageOfPage\":{\"@id\":\"https:\\\/\\\/tiketi.com\\\/flying\\\/air-taxi\\\/toronto\\\/#primaryimage\"},\"image\":{\"@id\":\"https:\\\/\\\/tiketi.com\\\/flying\\\/air-taxi\\\/toronto\\\/#primaryimage\"},\"thumbnailUrl\":\"https:\\\/\\\/tiketi.com\\\/wp-content\\\/uploads\\\/2022\\\/02\\\/toronto-73508_1280.jpg\",\"datePublished\":\"2022-01-19T11:53:39+00:00\",\"dateModified\":\"2025-07-21T11:52:21+00:00\",\"description\":\"Book an air taxi in Toronto online with our app. Compare routes, fares, & flight tickets for air taxis, & find affordable flying taxi options\",\"breadcrumb\":{\"@id\":\"https:\\\/\\\/tiketi.com\\\/flying\\\/air-taxi\\\/toronto\\\/#breadcrumb\"},\"inLanguage\":\"fr-FR\",\"potentialAction\":[{\"@type\":\"ReadAction\",\"target\":[\"https:\\\/\\\/tiketi.com\\\/flying\\\/air-taxi\\\/toronto\\\/\"]}]},{\"@type\":\"ImageObject\",\"inLanguage\":\"fr-FR\",\"@id\":\"https:\\\/\\\/tiketi.com\\\/flying\\\/air-taxi\\\/toronto\\\/#primaryimage\",\"url\":\"https:\\\/\\\/tiketi.com\\\/wp-content\\\/uploads\\\/2022\\\/02\\\/toronto-73508_1280.jpg\",\"contentUrl\":\"https:\\\/\\\/tiketi.com\\\/wp-content\\\/uploads\\\/2022\\\/02\\\/toronto-73508_1280.jpg\",\"width\":1280,\"height\":203,\"caption\":\"Air Taxi in Canada\"},{\"@type\":\"BreadcrumbList\",\"@id\":\"https:\\\/\\\/tiketi.com\\\/flying\\\/air-taxi\\\/toronto\\\/#breadcrumb\",\"itemListElement\":[{\"@type\":\"ListItem\",\"position\":1,\"name\":\"Home\",\"item\":\"https:\\\/\\\/tiketi.com\\\/\"},{\"@type\":\"ListItem\",\"position\":2,\"name\":\"Flying\",\"item\":\"https:\\\/\\\/tiketi.com\\\/fr-fr\\\/volants\\\/\"},{\"@type\":\"ListItem\",\"position\":3,\"name\":\"Air Taxi\",\"item\":\"https:\\\/\\\/tiketi.com\\\/flying\\\/air-taxi\\\/\"},{\"@type\":\"ListItem\",\"position\":4,\"name\":\"Fly Over Toronto\u2019s Roads \u2013 Easy Air Taxi Toronto Online Bookings\"}]},{\"@type\":\"WebSite\",\"@id\":\"https:\\\/\\\/tiketi.com\\\/#website\",\"url\":\"https:\\\/\\\/tiketi.com\\\/\",\"name\":\"Flight & Bus Tickets, Tour Packages & Activitites - Tiketi.com\",\"description\":\"Flight &amp; Bus Tickets, Tours, Activitites\",\"publisher\":{\"@id\":\"https:\\\/\\\/tiketi.com\\\/#organization\"},\"potentialAction\":[{\"@type\":\"SearchAction\",\"target\":{\"@type\":\"EntryPoint\",\"urlTemplate\":\"https:\\\/\\\/tiketi.com\\\/?s={search_term_string}\"},\"query-input\":{\"@type\":\"PropertyValueSpecification\",\"valueRequired\":true,\"valueName\":\"search_term_string\"}}],\"inLanguage\":\"fr-FR\"},{\"@type\":\"Organization\",\"@id\":\"https:\\\/\\\/tiketi.com\\\/#organization\",\"name\":\"Tiketi.com\",\"alternateName\":\"Tiketi\",\"url\":\"https:\\\/\\\/tiketi.com\\\/\",\"logo\":{\"@type\":\"ImageObject\",\"inLanguage\":\"fr-FR\",\"@id\":\"https:\\\/\\\/tiketi.com\\\/#\\\/schema\\\/logo\\\/image\\\/\",\"url\":\"https:\\\/\\\/tiketi.com\\\/wp-content\\\/uploads\\\/2019\\\/05\\\/tiketi-logo-696.png\",\"contentUrl\":\"https:\\\/\\\/tiketi.com\\\/wp-content\\\/uploads\\\/2019\\\/05\\\/tiketi-logo-696.png\",\"width\":696,\"height\":696,\"caption\":\"Tiketi.com\"},\"image\":{\"@id\":\"https:\\\/\\\/tiketi.com\\\/#\\\/schema\\\/logo\\\/image\\\/\"},\"sameAs\":[\"https:\\\/\\\/www.facebook.com\\\/TiketiCom\\\/\"]}]}<\/script>\n<!-- \/ Yoast SEO plugin. -->","yoast_head_json":{"title":"Book an Air Taxi in Toronto | Cheap Flying Taxi Fares","description":"Book an air taxi in Toronto online with our app. Compare routes, fares, & flight tickets for air taxis, & find affordable flying taxi options","robots":{"index":"index","follow":"follow","max-snippet":"max-snippet:-1","max-image-preview":"max-image-preview:large","max-video-preview":"max-video-preview:-1"},"canonical":"https:\/\/tiketi.com\/fr-fr\/volants\/taxi-aerien\/toronto\/","og_locale":"fr_FR","og_type":"article","og_title":"Book an Air Taxi in Toronto | Cheap Flying Taxi Fares","og_description":"Book an air taxi in Toronto online with our app. Compare routes, fares, & flight tickets for air taxis, & find affordable flying taxi options","og_url":"https:\/\/tiketi.com\/fr-fr\/volants\/taxi-aerien\/toronto\/","og_site_name":"Tiketi.com","article_publisher":"https:\/\/www.facebook.com\/TiketiCom\/","article_modified_time":"2025-07-21T11:52:21+00:00","og_image":[{"width":1280,"height":203,"url":"https:\/\/tiketi.com\/wp-content\/uploads\/2022\/02\/toronto-73508_1280.jpg","type":"image\/jpeg"}],"twitter_card":"summary_large_image","twitter_misc":{"Dur\u00e9e de lecture estim\u00e9e":"7 minutes"},"schema":{"@context":"https:\/\/schema.org","@graph":[{"@type":"WebPage","@id":"https:\/\/tiketi.com\/flying\/air-taxi\/toronto\/","url":"https:\/\/tiketi.com\/flying\/air-taxi\/toronto\/","name":"Book an Air Taxi in Toronto | Cheap Flying Taxi Fares","isPartOf":{"@id":"https:\/\/tiketi.com\/#website"},"primaryImageOfPage":{"@id":"https:\/\/tiketi.com\/flying\/air-taxi\/toronto\/#primaryimage"},"image":{"@id":"https:\/\/tiketi.com\/flying\/air-taxi\/toronto\/#primaryimage"},"thumbnailUrl":"https:\/\/tiketi.com\/wp-content\/uploads\/2022\/02\/toronto-73508_1280.jpg","datePublished":"2022-01-19T11:53:39+00:00","dateModified":"2025-07-21T11:52:21+00:00","description":"Book an air taxi in Toronto online with our app. Compare routes, fares, & flight tickets for air taxis, & find affordable flying taxi options","breadcrumb":{"@id":"https:\/\/tiketi.com\/flying\/air-taxi\/toronto\/#breadcrumb"},"inLanguage":"fr-FR","potentialAction":[{"@type":"ReadAction","target":["https:\/\/tiketi.com\/flying\/air-taxi\/toronto\/"]}]},{"@type":"ImageObject","inLanguage":"fr-FR","@id":"https:\/\/tiketi.com\/flying\/air-taxi\/toronto\/#primaryimage","url":"https:\/\/tiketi.com\/wp-content\/uploads\/2022\/02\/toronto-73508_1280.jpg","contentUrl":"https:\/\/tiketi.com\/wp-content\/uploads\/2022\/02\/toronto-73508_1280.jpg","width":1280,"height":203,"caption":"Air Taxi in Canada"},{"@type":"BreadcrumbList","@id":"https:\/\/tiketi.com\/flying\/air-taxi\/toronto\/#breadcrumb","itemListElement":[{"@type":"ListItem","position":1,"name":"Home","item":"https:\/\/tiketi.com\/"},{"@type":"ListItem","position":2,"name":"Flying","item":"https:\/\/tiketi.com\/fr-fr\/volants\/"},{"@type":"ListItem","position":3,"name":"Air Taxi","item":"https:\/\/tiketi.com\/flying\/air-taxi\/"},{"@type":"ListItem","position":4,"name":"Fly Over Toronto\u2019s Roads \u2013 Easy Air Taxi Toronto Online Bookings"}]},{"@type":"WebSite","@id":"https:\/\/tiketi.com\/#website","url":"https:\/\/tiketi.com\/","name":"Billets d&#039;avion et de bus, forfaits touristiques et activit\u00e9s - Tiketi.com","description":"Billets d&#039;avion et de bus, Tours, Activit\u00e9s","publisher":{"@id":"https:\/\/tiketi.com\/#organization"},"potentialAction":[{"@type":"SearchAction","target":{"@type":"EntryPoint","urlTemplate":"https:\/\/tiketi.com\/?s={search_term_string}"},"query-input":{"@type":"PropertyValueSpecification","valueRequired":true,"valueName":"search_term_string"}}],"inLanguage":"fr-FR"},{"@type":"Organization","@id":"https:\/\/tiketi.com\/#organization","name":"Tiketi.com","alternateName":"Tiketi","url":"https:\/\/tiketi.com\/","logo":{"@type":"ImageObject","inLanguage":"fr-FR","@id":"https:\/\/tiketi.com\/#\/schema\/logo\/image\/","url":"https:\/\/tiketi.com\/wp-content\/uploads\/2019\/05\/tiketi-logo-696.png","contentUrl":"https:\/\/tiketi.com\/wp-content\/uploads\/2019\/05\/tiketi-logo-696.png","width":696,"height":696,"caption":"Tiketi.com"},"image":{"@id":"https:\/\/tiketi.com\/#\/schema\/logo\/image\/"},"sameAs":["https:\/\/www.facebook.com\/TiketiCom\/"]}]}},"_links":{"self":[{"href":"https:\/\/tiketi.com\/fr-fr\/wp-json\/wp\/v2\/pages\/10665","targetHints":{"allow":["GET"]}}],"collection":[{"href":"https:\/\/tiketi.com\/fr-fr\/wp-json\/wp\/v2\/pages"}],"about":[{"href":"https:\/\/tiketi.com\/fr-fr\/wp-json\/wp\/v2\/types\/page"}],"author":[{"embeddable":true,"href":"https:\/\/tiketi.com\/fr-fr\/wp-json\/wp\/v2\/users\/1"}],"replies":[{"embeddable":true,"href":"https:\/\/tiketi.com\/fr-fr\/wp-json\/wp\/v2\/comments?post=10665"}],"version-history":[{"count":3,"href":"https:\/\/tiketi.com\/fr-fr\/wp-json\/wp\/v2\/pages\/10665\/revisions"}],"predecessor-version":[{"id":32027,"href":"https:\/\/tiketi.com\/fr-fr\/wp-json\/wp\/v2\/pages\/10665\/revisions\/32027"}],"up":[{"embeddable":true,"href":"https:\/\/tiketi.com\/fr-fr\/wp-json\/wp\/v2\/pages\/25621"}],"wp:featuredmedia":[{"embeddable":true,"href":"https:\/\/tiketi.com\/fr-fr\/wp-json\/wp\/v2\/media\/16144"}],"wp:attachment":[{"href":"https:\/\/tiketi.com\/fr-fr\/wp-json\/wp\/v2\/media?parent=10665"}],"curies":[{"name":"wp","href":"https:\/\/api.w.org\/{rel}","templated":true}]}}