{"id":10668,"date":"2022-01-19T12:53:39","date_gmt":"2022-01-19T11:53:39","guid":{"rendered":"https:\/\/new.tiketi.com\/brussels-air-taxi-booking-app-electric-flying-taxis\/"},"modified":"2025-07-09T11:04:14","modified_gmt":"2025-07-09T10:04:14","slug":"brussels","status":"publish","type":"page","link":"https:\/\/tiketi.com\/fr-fr\/volants\/taxi-aerien\/brussels\/","title":{"rendered":"Fly Over Brussels\u2019s Roads \u2013 Easy Air Taxi Brussels Online Bookings"},"content":{"rendered":"<h2 id=\"electric-india-air-taxi-booking-app\" class=\"wp-block-heading\">Book a Flying Taxi in Brussels \u2013 Fast, Green, and Affordable Urban Travel<\/h2>\r\n<p>The Cheap air taxi in Brussels online booking app allows users to easily reserve helicopter and flying taxi flight tickets. Air taxis in Brussels make it possible to travel quickly and affordably across the city. For sure, visitors to Brussels, the Belgium capital, would not lack for things to see and do. The city is a veritable smorgasbord of sounds and sights. It has a sweet Gothic churches as well as range of other medieval buildings. The historical visitor attractions in Brussels blend well with its twenty-one century attractions. There are many fine galleries and museums, historic statues and wonderful green parks. Visitors can shop till they drop at a nineteen century covered arcade. And last but not least, foodies will enjoy sampling the city beautiful delights, including Belgium\u2019s popular chocolates. Just like many other services, you&#8217;ll be able to make a Brussels air taxi booking anytime, anywhere, through the app for your electric air taxi flight.<\/p>\r\n<h2>Why Choose a Flying Taxi in Brussels?<\/h2>\r\n<ul>\r\n<li><strong>Gagnez du temps<\/strong> \u2013 Ce qui prenait 30 \u00e0 60 minutes en voiture peut d\u00e9sormais se faire en moins de 10 minutes par avion.<\/li>\r\n<li><strong>\u00c9cologique et silencieux<\/strong> \u2013 Nos avions \u00e9lectriques sont jusqu&#039;\u00e0 100 fois plus silencieux que les h\u00e9licopt\u00e8res traditionnels et ne produisent aucune \u00e9mission.<\/li>\r\n<li><strong>S\u00e9curit\u00e9 certifi\u00e9e<\/strong> \u2013 Nos avions sont pilot\u00e9s par des pilotes agr\u00e9\u00e9s et sont \u00e9quip\u00e9s de multiples syst\u00e8mes de s\u00e9curit\u00e9 redondants afin de garantir un voyage en toute s\u00e9curit\u00e9.<\/li>\r\n<li><strong>Comfortable Experience<\/strong> \u2013 D&#039;un simple clic, vous \u00eates parti \u2013 sans tracas, sans stress.<\/li>\r\n<li><strong>Effortless Booking<\/strong> \u2013 Book Your Flight in Just a Few Clicks \u2013 Anytime, Anywhere<\/li>\r\n<\/ul>\r\n<h2>How Our Brussels Air Taxi Booking Service Works<\/h2>\r\n<p>R\u00e9server votre taxi a\u00e9rien est aussi simple que de r\u00e9server une course\u00a0:<\/p>\r\n<ol>\r\n<li><strong>Ouvrez le <a href=\"https:\/\/tiketi.com\/fr-fr\/download-tiketi-app\/\" target=\"_blank\" rel=\"noopener\">Application Tiketi<\/a> ou site Web<\/strong><\/li>\r\n<li><strong>Choisissez votre d\u00e9part<\/strong> from one of Brussels\u2019s many helipads or upcoming vertiports (e.g., Downtown Brussels, Delhi International Airport, Mumbai International Airport)<\/li>\r\n<li><strong>Choisissez votre avion<\/strong> \u2013 Choisissez un \u00e9l\u00e9gant taxi a\u00e9rien tout \u00e9lectrique \u00e0 2 ou 4 places<\/li>\r\n<li><strong>Confirmer et partir<\/strong> \u2013 Votre vol est r\u00e9serv\u00e9 en temps r\u00e9el et votre point d&#039;embarquement est pr\u00eat quand vous l&#039;\u00eates.<\/li>\r\n<\/ol>\r\n<p>In just a few minutes, you&#8217;re airborne\u2014gliding over Brussels\u2019s iconic skyline and avoiding the gridlock below.<\/p>\r\n<h2>Foire aux questions<\/h2>\r\n<h3>Is it safe to fly in an air taxi?<\/h3>\r\n<p>Yes. All flights are piloted by certified professionals and follow stringent safety standards, with multiple safety redundancies to ensure a smooth, secure flight.<\/p>\r\n<h3>Les vols peuvent-ils \u00eatre assur\u00e9s par mauvais temps\u00a0?<\/h3>\r\n<p>Your safety is our priority. In case of adverse weather conditions, we will notify you immediately and assist with rescheduling or a full refund if needed.<\/p>\r\n<h3>Puis-je apporter des bagages ?<\/h3>\r\n<p>Yes, carry-on luggage is welcome. For larger items, we\u2019ll arrange for ground transport to deliver them to your destination.<\/p>\r\n<h2>Here are some of the advantages of electric flying\u00a0taxi in Brussels<\/h2>\r\n<!-- \/wp:post-content -->\r\n\r\n<!-- wp:heading {\"level\":3} -->\r\n<h3>Does Brussels have electric flying\u00a0taxi in Brussels?<\/h3>\r\n<!-- \/wp:heading -->\r\n\r\n<!-- wp:paragraph -->\r\n<p>Brussels has one of the first big projects to make electric flying taxis in Brussels a reality. The Autonomous air taxis in Brussels is an eighteen rotor drone taxi that took to the skies recently. The AAT comes as a partnership between German firm Volocopter and Brussels. The firm claims to be the world first self-air taxi service. Are drone taxi in Brussels environment friendly? A VTOL emits twenty-eight percent more greenhouses gases than an electric vehicle does and thirty-five percent less greenhouse gases than a gasoline run vehicle does. For long-distance trips of hundred kilometers or more, an air taxi in Frankfurt with 1 pilot and 3 passenger would emit less greenhouse gas per passenger mile than a vehicle with a national average 1.54 occupants.<\/p>\r\n<h3>Are electric air taxis in Brussels environment friendly?<\/h3>\r\n<!-- \/wp:paragraph -->\r\n\r\n<!-- wp:paragraph -->\r\n<p>A VTOL emits twenty-eight percent more greenhouses gases than an electric vehicle does and thirty-five percent less greenhouse gases than a gasoline run vehicle does. For long-distance trips of hundred kilometers or more, an drone taxi in Brussels with 1 pilot and 3 passenger would emit less greenhouse gas per passenger mile than a vehicle with a national average 1.54 occupants.<\/p>\r\n<h3>How much will an electric flying\u00a0taxis in Brussels cost?<\/h3>\r\n<!-- \/wp:paragraph -->\r\n\r\n<!-- wp:paragraph -->\r\n<p>Initially, air taxis in Brussels will cost approximately $5.73 per passenger mile. The flying taxis in Brussels price will then plummet to $1.85 per passenger mile before finally hitting the customer amazing fare rate of $0.44 per mile. You can easily book air taxi through drone taxi in Brussels app.<\/p>\r\n<!-- \/wp:paragraph -->\r\n\r\n<!-- wp:heading -->\r\n<h2>Advantages of electric Brussels air taxi booking app<\/h2>\r\n<!-- \/wp:heading -->\r\n\r\n<!-- wp:paragraph -->\r\n<p>Among its other advantages, flying taxi in Brussels online booking could provide a economic boom by rising the number of people heading for recreation and tourism places that are not near big airports.<\/p>\r\n<!-- \/wp:paragraph -->\r\n\r\n<!-- wp:heading {\"level\":3} -->\r\n<h3>Would drone air taxi\u00a0in\u00a0Brussels online booking app be used to book a electric air taxi flight?<\/h3>\r\n<!-- \/wp:heading -->\r\n\r\n<!-- wp:paragraph -->\r\n<p>Yes, customers can seamlessly use online electric Brussels air taxi booking app to find the best route and book a drone flying taxi in Brussels flight anytime and anywhere.<\/p>\r\n<h2>Autres vols populaires en taxi a\u00e9rien<\/h2>\r\n<table border=\"0\" cellspacing=\"1\" cellpadding=\"1\">\r\n<tbody>\r\n<tr>\r\n<td>Bon march\u00e9 <a href=\"https:\/\/tiketi.com\/fr-fr\/volants\/taxi-aerien\/berlin\/\" target=\"_blank\" rel=\"noopener\">taxi a\u00e9rien \u00e0 Berlin<\/a><\/td>\r\n<td style=\"width: 30px;\">\u00a0<\/td>\r\n<td>Bon march\u00e9 <a href=\"https:\/\/tiketi.com\/fr-fr\/volants\/taxi-aerien\/rome\/\" target=\"_blank\" rel=\"noopener\">taxi a\u00e9rien \u00e0 Rome<\/a><\/td>\r\n<td style=\"width: 30px;\">\u00a0<\/td>\r\n<td>Bon march\u00e9 <a href=\"https:\/\/tiketi.com\/fr-fr\/volants\/taxi-aerien\/paris\/\" target=\"_blank\" rel=\"noopener\">taxi a\u00e9rien \u00e0 Paris<\/a><\/td>\r\n<\/tr>\r\n<tr>\r\n<td>Bon march\u00e9 <a href=\"https:\/\/tiketi.com\/fr-fr\/volants\/taxi-aerien\/amsterdam\/\" target=\"_blank\" rel=\"noopener\">air taxi in Amsterdam<\/a><\/td>\r\n<td style=\"width: 30px;\">\u00a0<\/td>\r\n<td>Bon march\u00e9 <a href=\"https:\/\/tiketi.com\/fr-fr\/volants\/taxi-aerien\/prague\/\" target=\"_blank\" rel=\"noopener\">air taxi in Prag<\/a><\/td>\r\n<td style=\"width: 30px;\">\u00a0<\/td>\r\n<td>Bon march\u00e9 <a href=\"https:\/\/tiketi.com\/fr-fr\/volants\/taxi-aerien\/warsaw\/\" target=\"_blank\" rel=\"noopener\">air taxi in Warsaw<\/a><\/td>\r\n<\/tr>\r\n<tr>\r\n<td>Bon march\u00e9 <a href=\"https:\/\/tiketi.com\/fr-fr\/volants\/taxi-aerien\/oslo\/\" target=\"_blank\" rel=\"noopener\">air taxi in Oslo<\/a><\/td>\r\n<td style=\"width: 30px;\">\u00a0<\/td>\r\n<td>Bon march\u00e9 <a href=\"https:\/\/tiketi.com\/fr-fr\/volants\/taxi-aerien\/madrid\/\" target=\"_blank\" rel=\"noopener\">air taxi in Madrid<\/a><\/td>\r\n<td style=\"width: 30px;\">\u00a0<\/td>\r\n<td>Bon march\u00e9 <a href=\"https:\/\/tiketi.com\/fr-fr\/volants\/taxi-aerien\/lisbon\/\" target=\"_blank\" rel=\"noopener\">air taxi in Lisbon<\/a><\/td>\r\n<\/tr>\r\n<\/tbody>\r\n<\/table>\r\n<p>&nbsp;<\/p>\r\n<p>&nbsp;<\/p>","protected":false},"excerpt":{"rendered":"<p>Book a Flying Taxi in Brussels \u2013 Fast, Green, and Affordable Urban Travel The Cheap air taxi in Brussels online booking app allows users to easily reserve helicopter and flying taxi flight tickets. Air taxis in Brussels make it possible to travel quickly and affordably across the city. For sure, visitors to Brussels, the Belgium [&hellip;]<\/p>\n","protected":false},"author":1,"featured_media":14779,"parent":25621,"menu_order":0,"comment_status":"open","ping_status":"closed","template":"template-home-modern.php","meta":{"footnotes":""},"class_list":["post-10668","page","type-page","status-publish","has-post-thumbnail","hentry"],"yoast_head":"<!-- This site is optimized with the Yoast SEO plugin v27.2 - https:\/\/yoast.com\/product\/yoast-seo-wordpress\/ -->\n<title>Air Taxi in Brussels Booking - Flying Routes, Schedule &amp; Fares<\/title>\n<meta name=\"description\" content=\"Looking for drone air taxi in Brussels online booking app, routes, schedule and fares? Compare Brussels air taxis and book cheap flying taxi in Brussels\" \/>\n<meta name=\"robots\" content=\"index, follow, max-snippet:-1, max-image-preview:large, max-video-preview:-1\" \/>\n<link rel=\"canonical\" href=\"https:\/\/tiketi.com\/fr-fr\/volants\/taxi-aerien\/brussels\/\" \/>\n<meta property=\"og:locale\" content=\"fr_FR\" \/>\n<meta property=\"og:type\" content=\"article\" \/>\n<meta property=\"og:title\" content=\"Air Taxi in Brussels Booking - Flying Routes, Schedule &amp; Fares\" \/>\n<meta property=\"og:description\" content=\"Looking for drone air taxi in Brussels online booking app, routes, schedule and fares? Compare Brussels air taxis and book cheap flying taxi in Brussels\" \/>\n<meta property=\"og:url\" content=\"https:\/\/tiketi.com\/fr-fr\/volants\/taxi-aerien\/brussels\/\" \/>\n<meta property=\"og:site_name\" content=\"Tiketi.com\" \/>\n<meta property=\"article:publisher\" content=\"https:\/\/www.facebook.com\/TiketiCom\/\" \/>\n<meta property=\"article:modified_time\" content=\"2025-07-09T10:04:14+00:00\" \/>\n<meta property=\"og:image\" content=\"https:\/\/tiketi.com\/wp-content\/uploads\/2022\/01\/brussels-3626586_1280.jpg\" \/>\n\t<meta property=\"og:image:width\" content=\"1200\" \/>\n\t<meta property=\"og:image:height\" content=\"205\" \/>\n\t<meta property=\"og:image:type\" content=\"image\/jpeg\" \/>\n<meta name=\"twitter:card\" content=\"summary_large_image\" \/>\n<meta name=\"twitter:label1\" content=\"Dur\u00e9e de lecture estim\u00e9e\" \/>\n\t<meta name=\"twitter:data1\" content=\"4 minutes\" \/>\n<script type=\"application\/ld+json\" class=\"yoast-schema-graph\">{\"@context\":\"https:\/\/schema.org\",\"@graph\":[{\"@type\":\"WebPage\",\"@id\":\"https:\/\/tiketi.com\/flying\/air-taxi\/brussels\/\",\"url\":\"https:\/\/tiketi.com\/flying\/air-taxi\/brussels\/\",\"name\":\"Air Taxi in Brussels Booking - Flying Routes, Schedule & Fares\",\"isPartOf\":{\"@id\":\"https:\/\/tiketi.com\/#website\"},\"primaryImageOfPage\":{\"@id\":\"https:\/\/tiketi.com\/flying\/air-taxi\/brussels\/#primaryimage\"},\"image\":{\"@id\":\"https:\/\/tiketi.com\/flying\/air-taxi\/brussels\/#primaryimage\"},\"thumbnailUrl\":\"https:\/\/tiketi.com\/wp-content\/uploads\/2022\/01\/brussels-3626586_1280.jpg\",\"datePublished\":\"2022-01-19T11:53:39+00:00\",\"dateModified\":\"2025-07-09T10:04:14+00:00\",\"description\":\"Looking for drone air taxi in Brussels online booking app, routes, schedule and fares? Compare Brussels air taxis and book cheap flying taxi in Brussels\",\"breadcrumb\":{\"@id\":\"https:\/\/tiketi.com\/flying\/air-taxi\/brussels\/#breadcrumb\"},\"inLanguage\":\"fr-FR\",\"potentialAction\":[{\"@type\":\"ReadAction\",\"target\":[\"https:\/\/tiketi.com\/flying\/air-taxi\/brussels\/\"]}]},{\"@type\":\"ImageObject\",\"inLanguage\":\"fr-FR\",\"@id\":\"https:\/\/tiketi.com\/flying\/air-taxi\/brussels\/#primaryimage\",\"url\":\"https:\/\/tiketi.com\/wp-content\/uploads\/2022\/01\/brussels-3626586_1280.jpg\",\"contentUrl\":\"https:\/\/tiketi.com\/wp-content\/uploads\/2022\/01\/brussels-3626586_1280.jpg\",\"width\":1200,\"height\":205,\"caption\":\"Brussels Air Taxi\"},{\"@type\":\"BreadcrumbList\",\"@id\":\"https:\/\/tiketi.com\/flying\/air-taxi\/brussels\/#breadcrumb\",\"itemListElement\":[{\"@type\":\"ListItem\",\"position\":1,\"name\":\"Home\",\"item\":\"https:\/\/tiketi.com\/\"},{\"@type\":\"ListItem\",\"position\":2,\"name\":\"Flying\",\"item\":\"https:\/\/tiketi.com\/fr-fr\/volants\/\"},{\"@type\":\"ListItem\",\"position\":3,\"name\":\"Air Taxi\",\"item\":\"https:\/\/tiketi.com\/flying\/air-taxi\/\"},{\"@type\":\"ListItem\",\"position\":4,\"name\":\"Fly Over Brussels\u2019s Roads \u2013 Easy Air Taxi Brussels Online Bookings\"}]},{\"@type\":\"WebSite\",\"@id\":\"https:\/\/tiketi.com\/#website\",\"url\":\"https:\/\/tiketi.com\/\",\"name\":\"Flight & Bus Tickets, Tour Packages & Activitites - Tiketi.com\",\"description\":\"Flight &amp; Bus Tickets, Tours, Activitites\",\"publisher\":{\"@id\":\"https:\/\/tiketi.com\/#organization\"},\"potentialAction\":[{\"@type\":\"SearchAction\",\"target\":{\"@type\":\"EntryPoint\",\"urlTemplate\":\"https:\/\/tiketi.com\/?s={search_term_string}\"},\"query-input\":{\"@type\":\"PropertyValueSpecification\",\"valueRequired\":true,\"valueName\":\"search_term_string\"}}],\"inLanguage\":\"fr-FR\"},{\"@type\":\"Organization\",\"@id\":\"https:\/\/tiketi.com\/#organization\",\"name\":\"Tiketi.com\",\"alternateName\":\"Tiketi\",\"url\":\"https:\/\/tiketi.com\/\",\"logo\":{\"@type\":\"ImageObject\",\"inLanguage\":\"fr-FR\",\"@id\":\"https:\/\/tiketi.com\/#\/schema\/logo\/image\/\",\"url\":\"https:\/\/tiketi.com\/wp-content\/uploads\/2019\/05\/tiketi-logo-696.png\",\"contentUrl\":\"https:\/\/tiketi.com\/wp-content\/uploads\/2019\/05\/tiketi-logo-696.png\",\"width\":696,\"height\":696,\"caption\":\"Tiketi.com\"},\"image\":{\"@id\":\"https:\/\/tiketi.com\/#\/schema\/logo\/image\/\"},\"sameAs\":[\"https:\/\/www.facebook.com\/TiketiCom\/\"]}]}<\/script>\n<!-- \/ Yoast SEO plugin. -->","yoast_head_json":{"title":"Air Taxi in Brussels Booking - Flying Routes, Schedule & Fares","description":"Looking for drone air taxi in Brussels online booking app, routes, schedule and fares? Compare Brussels air taxis and book cheap flying taxi in Brussels","robots":{"index":"index","follow":"follow","max-snippet":"max-snippet:-1","max-image-preview":"max-image-preview:large","max-video-preview":"max-video-preview:-1"},"canonical":"https:\/\/tiketi.com\/fr-fr\/volants\/taxi-aerien\/brussels\/","og_locale":"fr_FR","og_type":"article","og_title":"Air Taxi in Brussels Booking - Flying Routes, Schedule & Fares","og_description":"Looking for drone air taxi in Brussels online booking app, routes, schedule and fares? Compare Brussels air taxis and book cheap flying taxi in Brussels","og_url":"https:\/\/tiketi.com\/fr-fr\/volants\/taxi-aerien\/brussels\/","og_site_name":"Tiketi.com","article_publisher":"https:\/\/www.facebook.com\/TiketiCom\/","article_modified_time":"2025-07-09T10:04:14+00:00","og_image":[{"width":1200,"height":205,"url":"https:\/\/tiketi.com\/wp-content\/uploads\/2022\/01\/brussels-3626586_1280.jpg","type":"image\/jpeg"}],"twitter_card":"summary_large_image","twitter_misc":{"Dur\u00e9e de lecture estim\u00e9e":"4 minutes"},"schema":{"@context":"https:\/\/schema.org","@graph":[{"@type":"WebPage","@id":"https:\/\/tiketi.com\/flying\/air-taxi\/brussels\/","url":"https:\/\/tiketi.com\/flying\/air-taxi\/brussels\/","name":"Air Taxi in Brussels Booking - Flying Routes, Schedule & Fares","isPartOf":{"@id":"https:\/\/tiketi.com\/#website"},"primaryImageOfPage":{"@id":"https:\/\/tiketi.com\/flying\/air-taxi\/brussels\/#primaryimage"},"image":{"@id":"https:\/\/tiketi.com\/flying\/air-taxi\/brussels\/#primaryimage"},"thumbnailUrl":"https:\/\/tiketi.com\/wp-content\/uploads\/2022\/01\/brussels-3626586_1280.jpg","datePublished":"2022-01-19T11:53:39+00:00","dateModified":"2025-07-09T10:04:14+00:00","description":"Looking for drone air taxi in Brussels online booking app, routes, schedule and fares? Compare Brussels air taxis and book cheap flying taxi in Brussels","breadcrumb":{"@id":"https:\/\/tiketi.com\/flying\/air-taxi\/brussels\/#breadcrumb"},"inLanguage":"fr-FR","potentialAction":[{"@type":"ReadAction","target":["https:\/\/tiketi.com\/flying\/air-taxi\/brussels\/"]}]},{"@type":"ImageObject","inLanguage":"fr-FR","@id":"https:\/\/tiketi.com\/flying\/air-taxi\/brussels\/#primaryimage","url":"https:\/\/tiketi.com\/wp-content\/uploads\/2022\/01\/brussels-3626586_1280.jpg","contentUrl":"https:\/\/tiketi.com\/wp-content\/uploads\/2022\/01\/brussels-3626586_1280.jpg","width":1200,"height":205,"caption":"Brussels Air Taxi"},{"@type":"BreadcrumbList","@id":"https:\/\/tiketi.com\/flying\/air-taxi\/brussels\/#breadcrumb","itemListElement":[{"@type":"ListItem","position":1,"name":"Home","item":"https:\/\/tiketi.com\/"},{"@type":"ListItem","position":2,"name":"Flying","item":"https:\/\/tiketi.com\/fr-fr\/volants\/"},{"@type":"ListItem","position":3,"name":"Air Taxi","item":"https:\/\/tiketi.com\/flying\/air-taxi\/"},{"@type":"ListItem","position":4,"name":"Fly Over Brussels\u2019s Roads \u2013 Easy Air Taxi Brussels Online Bookings"}]},{"@type":"WebSite","@id":"https:\/\/tiketi.com\/#website","url":"https:\/\/tiketi.com\/","name":"Billets d&#039;avion et de bus, forfaits touristiques et activit\u00e9s - Tiketi.com","description":"Billets d&#039;avion et de bus, Tours, Activit\u00e9s","publisher":{"@id":"https:\/\/tiketi.com\/#organization"},"potentialAction":[{"@type":"SearchAction","target":{"@type":"EntryPoint","urlTemplate":"https:\/\/tiketi.com\/?s={search_term_string}"},"query-input":{"@type":"PropertyValueSpecification","valueRequired":true,"valueName":"search_term_string"}}],"inLanguage":"fr-FR"},{"@type":"Organization","@id":"https:\/\/tiketi.com\/#organization","name":"Tiketi.com","alternateName":"Tiketi","url":"https:\/\/tiketi.com\/","logo":{"@type":"ImageObject","inLanguage":"fr-FR","@id":"https:\/\/tiketi.com\/#\/schema\/logo\/image\/","url":"https:\/\/tiketi.com\/wp-content\/uploads\/2019\/05\/tiketi-logo-696.png","contentUrl":"https:\/\/tiketi.com\/wp-content\/uploads\/2019\/05\/tiketi-logo-696.png","width":696,"height":696,"caption":"Tiketi.com"},"image":{"@id":"https:\/\/tiketi.com\/#\/schema\/logo\/image\/"},"sameAs":["https:\/\/www.facebook.com\/TiketiCom\/"]}]}},"_links":{"self":[{"href":"https:\/\/tiketi.com\/fr-fr\/wp-json\/wp\/v2\/pages\/10668","targetHints":{"allow":["GET"]}}],"collection":[{"href":"https:\/\/tiketi.com\/fr-fr\/wp-json\/wp\/v2\/pages"}],"about":[{"href":"https:\/\/tiketi.com\/fr-fr\/wp-json\/wp\/v2\/types\/page"}],"author":[{"embeddable":true,"href":"https:\/\/tiketi.com\/fr-fr\/wp-json\/wp\/v2\/users\/1"}],"replies":[{"embeddable":true,"href":"https:\/\/tiketi.com\/fr-fr\/wp-json\/wp\/v2\/comments?post=10668"}],"version-history":[{"count":2,"href":"https:\/\/tiketi.com\/fr-fr\/wp-json\/wp\/v2\/pages\/10668\/revisions"}],"predecessor-version":[{"id":31848,"href":"https:\/\/tiketi.com\/fr-fr\/wp-json\/wp\/v2\/pages\/10668\/revisions\/31848"}],"up":[{"embeddable":true,"href":"https:\/\/tiketi.com\/fr-fr\/wp-json\/wp\/v2\/pages\/25621"}],"wp:featuredmedia":[{"embeddable":true,"href":"https:\/\/tiketi.com\/fr-fr\/wp-json\/wp\/v2\/media\/14779"}],"wp:attachment":[{"href":"https:\/\/tiketi.com\/fr-fr\/wp-json\/wp\/v2\/media?parent=10668"}],"curies":[{"name":"wp","href":"https:\/\/api.w.org\/{rel}","templated":true}]}}