{"id":10670,"date":"2022-01-19T12:53:40","date_gmt":"2022-01-19T11:53:40","guid":{"rendered":"https:\/\/new.tiketi.com\/barcelona-air-taxi-booking-app-electric-flying-taxis\/"},"modified":"2025-07-25T18:35:01","modified_gmt":"2025-07-25T17:35:01","slug":"barcelona","status":"publish","type":"page","link":"https:\/\/tiketi.com\/fr-fr\/volants\/taxi-aerien\/barcelona\/","title":{"rendered":"Fly Over Barcelona\u2019s Roads \u2013 Easy Air Taxi Barcelona Online Bookings"},"content":{"rendered":"<h2 id=\"electric-dubai-air-taxi-booking-app\" class=\"wp-block-heading\">Book a Flying Taxi in Barcelona \u2013 Fast, Green, and Affordable Urban Travel<\/h2>\r\n<p>The Cheap air taxi in Barcelona online booking app allows users to easily reserve helicopter and flying taxi flight tickets. Air taxis in Barcelona make it possible to travel quickly and affordably across the city. Barcelona is one of the world\u2019s most popular visitor destinations, attracting millions upon millions of travelers each year. So why is it so famous? Well, it has almost everything any holidaymaker would want. Simple access, favorable weather situations, remarkable beaches and surrounding mountains, a buzzing nightlife, tasty domestic cuisine and it is steep in history and culture. It is also sight-viewing wonderland, housing many familiar monuments. Variety\u2019s the word with Barcelona and the city has something for every person; couples, families and singletons alike. As with so many other things you will be able to make anytime and anywhere drone taxi in Barcelona booking for your electric air taxi flight.<\/p>\r\n<h2>Pourquoi choisir un taxi volant ?<\/h2>\r\n<ul>\r\n<li><strong>Save hours every week<\/strong> \u2013 go from a 60-minute slog to an 8-minute skyride<\/li>\r\n<li><strong>Peaceful &amp; planet-friendly<\/strong> \u2013 up to 100x quieter than helicopters, with zero emissions<\/li>\r\n<li><strong>Certified safety<\/strong> \u2013 flown by licensed pilots, with built-in safety redundancies<\/li>\r\n<li><strong>Effortless luxury<\/strong> \u2013 just tap to book and take off<\/li>\r\n<\/ul>\r\n<p><!-- \/wp:post-content --><!-- \/wp:heading -->\r\n\r\n<!-- wp:paragraph --><\/p>\r\n<h2>How Our Air Taxi in Barcelona Booking Service Works<\/h2>\r\n<p>Booking your air taxi is as simple as ordering a rideshare:<\/p>\r\n<ol>\r\n<li><strong>Ouvrez le <a href=\"https:\/\/tiketi.com\/fr-fr\/download-tiketi-app\/\" target=\"_blank\" rel=\"noopener\">Application Tiketi<\/a> ou site Web<\/strong><\/li>\r\n<li>\u00a0<strong>Choisissez votre d\u00e9part<\/strong> from one of Barcelona\u2019s many vertiports (e.g., Barcelona El Prat Airport, Pla\u00e7a de Catalunya, Montju\u00efc)<\/li>\r\n<li><strong>Choisissez votre avion<\/strong> \u2013 Choisissez un \u00e9l\u00e9gant taxi a\u00e9rien tout \u00e9lectrique \u00e0 2 ou 4 places<\/li>\r\n<li><strong>Confirmer et partir<\/strong> \u2013 Votre vol est r\u00e9serv\u00e9 en temps r\u00e9el et votre point d&#039;embarquement est pr\u00eat quand vous l&#039;\u00eates.<\/li>\r\n<\/ol>\r\n<p>In just a few minutes, you&#8217;ll be airborne\u2014gliding above the vibrant streets of Barcelona, from the Mediterranean coastline to the breathtaking views of the Sagrada Fam\u00edlia, all while avoiding the traffic below.<\/p>\r\n<h2>Flying Taxi Routes in Barcelona &#8211; Sky High in Minutes<\/h2>\r\n<p>Barcelona\u2019s aerial transport network is rapidly developing, with several key routes already in the works:<\/p>\r\n<ul>\r\n<li><strong>Barcelona El Prat Airport \u2192 Pla\u00e7a de Catalunya<\/strong> \u2013 ~8 minutes (vs. 25-45 minutes by road)<\/li>\r\n<li><strong>Montju\u00efc \u2192 Barcelona El Prat Airport<\/strong> \u2013 10 \u00e0 12 minutes<\/li>\r\n<\/ul>\r\n<p>Les itin\u00e9raires futurs comprennent\u00a0:<\/p>\r\n<ul>\r\n<li><strong>Barcelona \u2192 Sitges (~25 minutes)<\/strong><\/li>\r\n<li><strong>Barcelona \u2192 Tarragona (~35 minutes)<\/strong><\/li>\r\n<\/ul>\r\n<p>With strong backing from Barcelona\u2019s aviation authorities, we expect these flying taxi routes to be operational within the next few years.<\/p>\r\n<h2>Options de tarification et de r\u00e9servation des taxis volants<\/h2>\r\n<p>Nos prix sont comp\u00e9titifs et con\u00e7us pour offrir un rapport qualit\u00e9-prix maximal\u00a0:<\/p>\r\n<ul>\r\n<li><strong>Tarifs actuels\u00a0:<\/strong> ~$6.00 per passenger-mile (with prices expected to drop to ~$2.50 as demand increases)<\/li>\r\n<li><strong>Exemple:<\/strong> <strong>Barcelona El Prat Airport to Pla\u00e7a de Catalunya<\/strong> (~9 miles) = $60\u2013$120, comparable to high-end taxi services.<\/li>\r\n<\/ul>\r\n<p>\u00c0 venir:<\/p>\r\n<ul>\r\n<li><strong>Plans de transport en commun<\/strong><\/li>\r\n<li><strong>forfaits de groupe et d&#039;entreprise<\/strong><\/li>\r\n<li><strong>Remises sur volume<\/strong><\/li>\r\n<\/ul>\r\n<p>R\u00e9servez votre vol facilement via l&#039;application, en ligne ou avec notre service de conciergerie. Besoin de services suppl\u00e9mentaires comme un si\u00e8ge enfant ou un transfert\u00a0? Nous nous occupons de tout.<\/p>\r\n<h2>Qui est \u00e0 l&#039;avant-garde ?<\/h2>\r\n<p>Meet the pioneers bringing aerial mobility to Barcelona:<\/p>\r\n<ul>\r\n<li><strong>Joby Aviation + Vueling:<\/strong> Launching 200 mph eVTOL flights from Barcelona\u2019s airports, priced similarly to premium car services.<\/li>\r\n<li><strong>Vertical Aerospace (Spain):<\/strong> Certifying its VX4 aircraft for 2028 flights\u2014projected fares as low as \u20ac120.<\/li>\r\n<li><strong>Skyports :<\/strong> Developing vertiports and charging hubs across Barcelona and Catalonia.<\/li>\r\n<li><strong>Spanish Government:<\/strong> Investir massivement dans l&#039;infrastructure de mobilit\u00e9 a\u00e9rienne de la ville ouvre la voie \u00e0 un transport a\u00e9rien durable et de haute technologie.<\/li>\r\n<\/ul>\r\n<h2>Foire aux questions<\/h2>\r\n<h3>Pourquoi prendre un taxi a\u00e9rien ?<\/h3>\r\n<p>Rush hour in Barcelona can feel like a marathon: packed Tube stations, endless traffic jams, and frustrating delays. Our eVTOL (electric vertical takeoff and landing) air taxis cut through the chaos\u2014getting you across the city in under 10 minutes. It\u2019s not just faster travel\u2014it\u2019s time, reclaimed.<\/p>\r\n<h3>Est-ce s\u00fbr?<\/h3>\r\n<p>Yes. All flights are piloted, certified by the CAA, and use redundant safety systems.<\/p>\r\n<h3>Les vols peuvent-ils \u00eatre assur\u00e9s par mauvais temps\u00a0?<\/h3>\r\n<p>Safety is our priority. In case of poor weather, we\u2019ll notify you instantly and assist with rescheduling or refunds.<\/p>\r\n<h3>Puis-je apporter des bagages ?<\/h3>\r\n<p>Carry-ons are welcome. For larger items, we\u2019ll coordinate ground delivery at your destination.<\/p>\r\n<h2>Voici quelques-uns des avantages du taxi volant \u00e9lectrique \u00e0 Barcelone<\/h2>\r\n<!-- \/wp:heading -->\r\n\r\n<!-- wp:heading {\"level\":3} -->\r\n<h3>Est-ce que Barcelone a des taxis a\u00e9riens \u00e9lectriques \u00e0 Barcelone ?<\/h3>\r\n<!-- \/wp:heading -->\r\n\r\n<!-- wp:paragraph -->\r\n<p>Barcelone a l&#039;un des premiers grands projets pour faire des taxis volants \u00e0 Barcelone une r\u00e9alit\u00e9. Les taxis a\u00e9riens autonomes de Barcelone sont un drone taxi \u00e0 dix-huit rotors qui a pris son envol r\u00e9cemment. L&#039;AAT est un partenariat entre la firme Volocopter et Barcelone. L&#039;entreprise pr\u00e9tend \u00eatre le premier service de taxi a\u00e9rien autonome au monde.<\/p>\r\n<h3>Di electric flying taxi in Barcelona reduce delays?<\/h3>\r\n<!-- \/wp:heading -->\r\n\r\n<!-- wp:paragraph -->\r\n<p>Les taxis a\u00e9riens \u00e9lectriques dans le drone de Barcelone peuvent offrir une solution r\u00e9alisable aux probl\u00e8mes de circulation actuels. Et, les taxis volants \u00e9lectriques \u00e0 Barcelone sont certainement beaucoup plus rapides que les d\u00e9placements routiers. En rassemblant ces facteurs, on peut savoir que la r\u00e9servation en ligne de taxi volant par drone \u00e0 Barcelone peut offrir au public un trajet plus rapide.<\/p>\r\n<h3>Les taxis a\u00e9riens \u00e9lectriques \u00e0 Barcelone sont-ils respectueux de l&#039;environnement ?<\/h3>\r\n<!-- \/wp:heading -->\r\n\r\n<!-- wp:paragraph -->\r\n<p>Un VTOL \u00e9met vingt-huit pour cent plus de gaz \u00e0 effet de serre qu&#039;un v\u00e9hicule \u00e9lectrique et trente-cinq pour cent moins de gaz \u00e0 effet de serre qu&#039;un v\u00e9hicule \u00e0 essence. Pour des trajets longue distance d&#039;une centaine de kilom\u00e8tres ou plus, un taxi drone \u00e0 Barcelone avec 1 pilote et 3 passagers \u00e9mettrait moins de gaz \u00e0 effet de serre par passager-mile qu&#039;un v\u00e9hicule avec une moyenne nationale de 1,54 occupants.<\/p>\r\n<h3>Combien co\u00fbtera un taxi volant \u00e9lectrique \u00e0 Barcelone ?<\/h3>\r\n<!-- \/wp:heading -->\r\n\r\n<!-- wp:paragraph -->\r\n<p>Au d\u00e9part, les taxis volants avec drone \u00e0 Barcelone co\u00fbteront environ $5,73 par passager-mile. Le taxi drone \u00e0 Barcelone chutera ensuite \u00e0 $1,85 par mile passager avant de finalement atteindre le tarif incroyable du client de $0,44 par mile. Vous pouvez facilement r\u00e9server un taxi a\u00e9rien via des taxis volants \u00e9lectriques dans l&#039;application Barcelone.<\/p>\r\n<!-- \/wp:paragraph -->\r\n\r\n<!-- wp:heading -->\r\n<h3>\u00a0What are the advantages of best electric Barcelona air taxi booking app?<\/h3>\r\n<!-- \/wp:heading -->\r\n\r\n<!-- wp:paragraph -->\r\n<p>Parmi ses autres avantages, la r\u00e9servation en ligne de taxi \u00e9lectrique par drone \u00e0 Barcelone pourrait fournir un boom \u00e9conomique en augmentant le nombre de personnes se dirigeant vers des lieux de loisirs et de tourisme qui ne sont pas \u00e0 proximit\u00e9 des grands a\u00e9roports.<\/p>\r\n<!-- \/wp:paragraph -->\r\n\r\n<!-- wp:heading {\"level\":3} -->\r\n<h3 id=\"would-drone-air-taxi-in-london-online-booking-app-be-used-to-book-a-electric-air-taxi-flight\" class=\"wp-block-heading\">Can the air taxis in Barcelona online booking app be used to reserve electric air taxi flight tickets?<\/h3>\r\n<!-- \/wp:heading -->\r\n\r\n<!-- wp:paragraph -->\r\n<p>Oui, les clients peuvent utiliser de mani\u00e8re transparente l&#039;application de r\u00e9servation de taxi a\u00e9rien \u00e9lectrique de Barcelone en ligne pour trouver le meilleur itin\u00e9raire et r\u00e9server un taxi volant \u00e9lectrique \u00e0 Barcelone \u00e0 tout moment et n&#039;importe o\u00f9.<\/p>\r\n<h2>Autres vols populaires en taxi a\u00e9rien<\/h2>\r\n<table style=\"width: 87.3307%; height: 72px;\" border=\"0\" cellspacing=\"1\" cellpadding=\"1\">\r\n<tbody>\r\n<tr style=\"height: 24px;\">\r\n<td style=\"height: 24px;\">Bon march\u00e9 <a href=\"https:\/\/tiketi.com\/fr-fr\/volants\/taxi-aerien\/madrid\/\" target=\"_blank\" rel=\"noopener\">air taxi in Madrid<\/a><\/td>\r\n<td style=\"width: 30px; height: 24px;\">\u00a0<\/td>\r\n<td style=\"height: 24px;\">Bon march\u00e9 <a href=\"https:\/\/tiketi.com\/fr-fr\/volants\/taxi-aerien\/spain\/\">air taxi in Spain<\/a><\/td>\r\n<td style=\"width: 30px; height: 24px;\">\u00a0<\/td>\r\n<td style=\"height: 24px;\">Bon march\u00e9 <a href=\"https:\/\/tiketi.com\/fr-fr\/volants\/taxi-aerien\/malaga\/\">air taxi in Malaga<\/a><\/td>\r\n<\/tr>\r\n<tr style=\"height: 24px;\">\r\n<td style=\"height: 24px;\">Bon march\u00e9 <a href=\"https:\/\/tiketi.com\/fr-fr\/volants\/taxi-aerien\/rome\/\" target=\"_blank\" rel=\"noopener\">taxi a\u00e9rien \u00e0 Rome<\/a><\/td>\r\n<td style=\"width: 30px; height: 24px;\">\u00a0<\/td>\r\n<td style=\"height: 24px;\">Bon march\u00e9 <a href=\"https:\/\/tiketi.com\/fr-fr\/volants\/taxi-aerien\/lisbon\/\" target=\"_blank\" rel=\"noopener\">air taxi in Lisbon<\/a><\/td>\r\n<td style=\"width: 30px; height: 24px;\">\u00a0<\/td>\r\n<td style=\"height: 24px;\">Bon march\u00e9 <a href=\"https:\/\/tiketi.com\/fr-fr\/volants\/taxi-aerien\/london\/\" target=\"_blank\" rel=\"noopener\">taxi a\u00e9rien \u00e0 Londres<\/a><\/td>\r\n<\/tr>\r\n<tr style=\"height: 24px;\">\r\n<td style=\"height: 24px;\">Bon march\u00e9 <a href=\"https:\/\/tiketi.com\/fr-fr\/volants\/taxi-aerien\/paris\/\" target=\"_blank\" rel=\"noopener\">taxi a\u00e9rien \u00e0 Paris<\/a><\/td>\r\n<td style=\"width: 30px; height: 24px;\">\u00a0<\/td>\r\n<td style=\"height: 24px;\">Bon march\u00e9 <a href=\"https:\/\/tiketi.com\/fr-fr\/volants\/taxi-aerien\/berlin\/\" target=\"_blank\" rel=\"noopener\">taxi a\u00e9rien \u00e0 Berlin<\/a><\/td>\r\n<td style=\"width: 30px; height: 24px;\">\u00a0<\/td>\r\n<td style=\"height: 24px;\">Bon march\u00e9 <a href=\"https:\/\/tiketi.com\/fr-fr\/volants\/taxi-aerien\/athens\/\" target=\"_blank\" rel=\"noopener\">air taxi in Athens<\/a><\/td>\r\n<\/tr>\r\n<\/tbody>\r\n<\/table>\r\n<p>&nbsp;<\/p>\r\n<p>&nbsp;<\/p>\r\n<p>&nbsp;<\/p>","protected":false},"excerpt":{"rendered":"<p>Book a Flying Taxi in Barcelona \u2013 Fast, Green, and Affordable Urban Travel The Cheap air taxi in Barcelona online booking app allows users to easily reserve helicopter and flying taxi flight tickets. Air taxis in Barcelona make it possible to travel quickly and affordably across the city. Barcelona is one of the world\u2019s most [&hellip;]<\/p>\n","protected":false},"author":1,"featured_media":14481,"parent":25621,"menu_order":0,"comment_status":"open","ping_status":"closed","template":"template-home-modern.php","meta":{"footnotes":""},"class_list":["post-10670","page","type-page","status-publish","has-post-thumbnail","hentry"],"yoast_head":"<!-- This site is optimized with the Yoast SEO plugin v27.2 - https:\/\/yoast.com\/product\/yoast-seo-wordpress\/ -->\n<title>Book an Air Taxi in Barcelona Online | Cheap Flying Taxi Fares<\/title>\n<meta name=\"description\" content=\"Book an air taxi in Barcelona online with our app. Compare routes, fares, &amp; flight tickets for air taxis, &amp; find affordable flying taxi options\" \/>\n<meta name=\"robots\" content=\"index, follow, max-snippet:-1, max-image-preview:large, max-video-preview:-1\" \/>\n<link rel=\"canonical\" href=\"https:\/\/tiketi.com\/fr-fr\/volants\/taxi-aerien\/barcelona\/\" \/>\n<meta property=\"og:locale\" content=\"fr_FR\" \/>\n<meta property=\"og:type\" content=\"article\" \/>\n<meta property=\"og:title\" content=\"Book an Air Taxi in Barcelona Online | Cheap Flying Taxi Fares\" \/>\n<meta property=\"og:description\" content=\"Book an air taxi in Barcelona online with our app. Compare routes, fares, &amp; flight tickets for air taxis, &amp; find affordable flying taxi options\" \/>\n<meta property=\"og:url\" content=\"https:\/\/tiketi.com\/fr-fr\/volants\/taxi-aerien\/barcelona\/\" \/>\n<meta property=\"og:site_name\" content=\"Tiketi.com\" \/>\n<meta property=\"article:publisher\" content=\"https:\/\/www.facebook.com\/TiketiCom\/\" \/>\n<meta property=\"article:modified_time\" content=\"2025-07-25T17:35:01+00:00\" \/>\n<meta property=\"og:image\" content=\"https:\/\/tiketi.com\/wp-content\/uploads\/2022\/01\/barcelona-3226639_1280.jpg\" \/>\n\t<meta property=\"og:image:width\" content=\"1200\" \/>\n\t<meta property=\"og:image:height\" content=\"219\" \/>\n\t<meta property=\"og:image:type\" content=\"image\/jpeg\" \/>\n<meta name=\"twitter:card\" content=\"summary_large_image\" \/>\n<meta name=\"twitter:label1\" content=\"Dur\u00e9e de lecture estim\u00e9e\" \/>\n\t<meta name=\"twitter:data1\" content=\"5 minutes\" \/>\n<script type=\"application\/ld+json\" class=\"yoast-schema-graph\">{\"@context\":\"https:\/\/schema.org\",\"@graph\":[{\"@type\":\"WebPage\",\"@id\":\"https:\/\/tiketi.com\/flying\/air-taxi\/barcelona\/\",\"url\":\"https:\/\/tiketi.com\/flying\/air-taxi\/barcelona\/\",\"name\":\"Book an Air Taxi in Barcelona Online | Cheap Flying Taxi Fares\",\"isPartOf\":{\"@id\":\"https:\/\/tiketi.com\/#website\"},\"primaryImageOfPage\":{\"@id\":\"https:\/\/tiketi.com\/flying\/air-taxi\/barcelona\/#primaryimage\"},\"image\":{\"@id\":\"https:\/\/tiketi.com\/flying\/air-taxi\/barcelona\/#primaryimage\"},\"thumbnailUrl\":\"https:\/\/tiketi.com\/wp-content\/uploads\/2022\/01\/barcelona-3226639_1280.jpg\",\"datePublished\":\"2022-01-19T11:53:40+00:00\",\"dateModified\":\"2025-07-25T17:35:01+00:00\",\"description\":\"Book an air taxi in Barcelona online with our app. Compare routes, fares, & flight tickets for air taxis, & find affordable flying taxi options\",\"breadcrumb\":{\"@id\":\"https:\/\/tiketi.com\/flying\/air-taxi\/barcelona\/#breadcrumb\"},\"inLanguage\":\"fr-FR\",\"potentialAction\":[{\"@type\":\"ReadAction\",\"target\":[\"https:\/\/tiketi.com\/flying\/air-taxi\/barcelona\/\"]}]},{\"@type\":\"ImageObject\",\"inLanguage\":\"fr-FR\",\"@id\":\"https:\/\/tiketi.com\/flying\/air-taxi\/barcelona\/#primaryimage\",\"url\":\"https:\/\/tiketi.com\/wp-content\/uploads\/2022\/01\/barcelona-3226639_1280.jpg\",\"contentUrl\":\"https:\/\/tiketi.com\/wp-content\/uploads\/2022\/01\/barcelona-3226639_1280.jpg\",\"width\":1200,\"height\":219,\"caption\":\"Air Taxi in Barcelona Booking\"},{\"@type\":\"BreadcrumbList\",\"@id\":\"https:\/\/tiketi.com\/flying\/air-taxi\/barcelona\/#breadcrumb\",\"itemListElement\":[{\"@type\":\"ListItem\",\"position\":1,\"name\":\"Home\",\"item\":\"https:\/\/tiketi.com\/\"},{\"@type\":\"ListItem\",\"position\":2,\"name\":\"Flying\",\"item\":\"https:\/\/tiketi.com\/fr-fr\/volants\/\"},{\"@type\":\"ListItem\",\"position\":3,\"name\":\"Air Taxi\",\"item\":\"https:\/\/tiketi.com\/flying\/air-taxi\/\"},{\"@type\":\"ListItem\",\"position\":4,\"name\":\"Fly Over Barcelona\u2019s Roads \u2013 Easy Air Taxi Barcelona Online Bookings\"}]},{\"@type\":\"WebSite\",\"@id\":\"https:\/\/tiketi.com\/#website\",\"url\":\"https:\/\/tiketi.com\/\",\"name\":\"Flight & Bus Tickets, Tour Packages & Activitites - Tiketi.com\",\"description\":\"Flight &amp; Bus Tickets, Tours, Activitites\",\"publisher\":{\"@id\":\"https:\/\/tiketi.com\/#organization\"},\"potentialAction\":[{\"@type\":\"SearchAction\",\"target\":{\"@type\":\"EntryPoint\",\"urlTemplate\":\"https:\/\/tiketi.com\/?s={search_term_string}\"},\"query-input\":{\"@type\":\"PropertyValueSpecification\",\"valueRequired\":true,\"valueName\":\"search_term_string\"}}],\"inLanguage\":\"fr-FR\"},{\"@type\":\"Organization\",\"@id\":\"https:\/\/tiketi.com\/#organization\",\"name\":\"Tiketi.com\",\"alternateName\":\"Tiketi\",\"url\":\"https:\/\/tiketi.com\/\",\"logo\":{\"@type\":\"ImageObject\",\"inLanguage\":\"fr-FR\",\"@id\":\"https:\/\/tiketi.com\/#\/schema\/logo\/image\/\",\"url\":\"https:\/\/tiketi.com\/wp-content\/uploads\/2019\/05\/tiketi-logo-696.png\",\"contentUrl\":\"https:\/\/tiketi.com\/wp-content\/uploads\/2019\/05\/tiketi-logo-696.png\",\"width\":696,\"height\":696,\"caption\":\"Tiketi.com\"},\"image\":{\"@id\":\"https:\/\/tiketi.com\/#\/schema\/logo\/image\/\"},\"sameAs\":[\"https:\/\/www.facebook.com\/TiketiCom\/\"]}]}<\/script>\n<!-- \/ Yoast SEO plugin. -->","yoast_head_json":{"title":"Book an Air Taxi in Barcelona Online | Cheap Flying Taxi Fares","description":"Book an air taxi in Barcelona online with our app. Compare routes, fares, & flight tickets for air taxis, & find affordable flying taxi options","robots":{"index":"index","follow":"follow","max-snippet":"max-snippet:-1","max-image-preview":"max-image-preview:large","max-video-preview":"max-video-preview:-1"},"canonical":"https:\/\/tiketi.com\/fr-fr\/volants\/taxi-aerien\/barcelona\/","og_locale":"fr_FR","og_type":"article","og_title":"Book an Air Taxi in Barcelona Online | Cheap Flying Taxi Fares","og_description":"Book an air taxi in Barcelona online with our app. Compare routes, fares, & flight tickets for air taxis, & find affordable flying taxi options","og_url":"https:\/\/tiketi.com\/fr-fr\/volants\/taxi-aerien\/barcelona\/","og_site_name":"Tiketi.com","article_publisher":"https:\/\/www.facebook.com\/TiketiCom\/","article_modified_time":"2025-07-25T17:35:01+00:00","og_image":[{"width":1200,"height":219,"url":"https:\/\/tiketi.com\/wp-content\/uploads\/2022\/01\/barcelona-3226639_1280.jpg","type":"image\/jpeg"}],"twitter_card":"summary_large_image","twitter_misc":{"Dur\u00e9e de lecture estim\u00e9e":"5 minutes"},"schema":{"@context":"https:\/\/schema.org","@graph":[{"@type":"WebPage","@id":"https:\/\/tiketi.com\/flying\/air-taxi\/barcelona\/","url":"https:\/\/tiketi.com\/flying\/air-taxi\/barcelona\/","name":"Book an Air Taxi in Barcelona Online | Cheap Flying Taxi Fares","isPartOf":{"@id":"https:\/\/tiketi.com\/#website"},"primaryImageOfPage":{"@id":"https:\/\/tiketi.com\/flying\/air-taxi\/barcelona\/#primaryimage"},"image":{"@id":"https:\/\/tiketi.com\/flying\/air-taxi\/barcelona\/#primaryimage"},"thumbnailUrl":"https:\/\/tiketi.com\/wp-content\/uploads\/2022\/01\/barcelona-3226639_1280.jpg","datePublished":"2022-01-19T11:53:40+00:00","dateModified":"2025-07-25T17:35:01+00:00","description":"Book an air taxi in Barcelona online with our app. Compare routes, fares, & flight tickets for air taxis, & find affordable flying taxi options","breadcrumb":{"@id":"https:\/\/tiketi.com\/flying\/air-taxi\/barcelona\/#breadcrumb"},"inLanguage":"fr-FR","potentialAction":[{"@type":"ReadAction","target":["https:\/\/tiketi.com\/flying\/air-taxi\/barcelona\/"]}]},{"@type":"ImageObject","inLanguage":"fr-FR","@id":"https:\/\/tiketi.com\/flying\/air-taxi\/barcelona\/#primaryimage","url":"https:\/\/tiketi.com\/wp-content\/uploads\/2022\/01\/barcelona-3226639_1280.jpg","contentUrl":"https:\/\/tiketi.com\/wp-content\/uploads\/2022\/01\/barcelona-3226639_1280.jpg","width":1200,"height":219,"caption":"Air Taxi in Barcelona Booking"},{"@type":"BreadcrumbList","@id":"https:\/\/tiketi.com\/flying\/air-taxi\/barcelona\/#breadcrumb","itemListElement":[{"@type":"ListItem","position":1,"name":"Home","item":"https:\/\/tiketi.com\/"},{"@type":"ListItem","position":2,"name":"Flying","item":"https:\/\/tiketi.com\/fr-fr\/volants\/"},{"@type":"ListItem","position":3,"name":"Air Taxi","item":"https:\/\/tiketi.com\/flying\/air-taxi\/"},{"@type":"ListItem","position":4,"name":"Fly Over Barcelona\u2019s Roads \u2013 Easy Air Taxi Barcelona Online Bookings"}]},{"@type":"WebSite","@id":"https:\/\/tiketi.com\/#website","url":"https:\/\/tiketi.com\/","name":"Billets d&#039;avion et de bus, forfaits touristiques et activit\u00e9s - Tiketi.com","description":"Billets d&#039;avion et de bus, Tours, Activit\u00e9s","publisher":{"@id":"https:\/\/tiketi.com\/#organization"},"potentialAction":[{"@type":"SearchAction","target":{"@type":"EntryPoint","urlTemplate":"https:\/\/tiketi.com\/?s={search_term_string}"},"query-input":{"@type":"PropertyValueSpecification","valueRequired":true,"valueName":"search_term_string"}}],"inLanguage":"fr-FR"},{"@type":"Organization","@id":"https:\/\/tiketi.com\/#organization","name":"Tiketi.com","alternateName":"Tiketi","url":"https:\/\/tiketi.com\/","logo":{"@type":"ImageObject","inLanguage":"fr-FR","@id":"https:\/\/tiketi.com\/#\/schema\/logo\/image\/","url":"https:\/\/tiketi.com\/wp-content\/uploads\/2019\/05\/tiketi-logo-696.png","contentUrl":"https:\/\/tiketi.com\/wp-content\/uploads\/2019\/05\/tiketi-logo-696.png","width":696,"height":696,"caption":"Tiketi.com"},"image":{"@id":"https:\/\/tiketi.com\/#\/schema\/logo\/image\/"},"sameAs":["https:\/\/www.facebook.com\/TiketiCom\/"]}]}},"_links":{"self":[{"href":"https:\/\/tiketi.com\/fr-fr\/wp-json\/wp\/v2\/pages\/10670","targetHints":{"allow":["GET"]}}],"collection":[{"href":"https:\/\/tiketi.com\/fr-fr\/wp-json\/wp\/v2\/pages"}],"about":[{"href":"https:\/\/tiketi.com\/fr-fr\/wp-json\/wp\/v2\/types\/page"}],"author":[{"embeddable":true,"href":"https:\/\/tiketi.com\/fr-fr\/wp-json\/wp\/v2\/users\/1"}],"replies":[{"embeddable":true,"href":"https:\/\/tiketi.com\/fr-fr\/wp-json\/wp\/v2\/comments?post=10670"}],"version-history":[{"count":4,"href":"https:\/\/tiketi.com\/fr-fr\/wp-json\/wp\/v2\/pages\/10670\/revisions"}],"predecessor-version":[{"id":31976,"href":"https:\/\/tiketi.com\/fr-fr\/wp-json\/wp\/v2\/pages\/10670\/revisions\/31976"}],"up":[{"embeddable":true,"href":"https:\/\/tiketi.com\/fr-fr\/wp-json\/wp\/v2\/pages\/25621"}],"wp:featuredmedia":[{"embeddable":true,"href":"https:\/\/tiketi.com\/fr-fr\/wp-json\/wp\/v2\/media\/14481"}],"wp:attachment":[{"href":"https:\/\/tiketi.com\/fr-fr\/wp-json\/wp\/v2\/media?parent=10670"}],"curies":[{"name":"wp","href":"https:\/\/api.w.org\/{rel}","templated":true}]}}