{"id":10672,"date":"2022-01-19T12:53:40","date_gmt":"2022-01-19T11:53:40","guid":{"rendered":"https:\/\/new.tiketi.com\/rome-air-taxi-booking-app-electric-flying-taxis\/"},"modified":"2025-07-11T14:00:59","modified_gmt":"2025-07-11T13:00:59","slug":"rome","status":"publish","type":"page","link":"https:\/\/tiketi.com\/fr-fr\/volants\/taxi-aerien\/rome\/","title":{"rendered":"Fly Over Rome\u2019s Roads \u2013 Easy Air Taxi Rome Online Bookings"},"content":{"rendered":"<h2 id=\"electric-dubai-air-taxi-booking-app\" class=\"wp-block-heading\">Book a Flying Taxi in Rome \u2013 Fast, Green, and Affordable Urban Travel<\/h2>\r\n<p><!-- \/wp:post-content --><\/p>\r\n<p><!-- wp:paragraph --><\/p>\r\n<p>The Cheap air taxi in Rome online booking app allows users to easily reserve helicopter and flying taxi flight tickets. Air taxis in Rome make it possible to travel quickly and affordably across the city. Rome is a city full of Roman landmarks, squares, museums, and other highlights. The Italian city has to more to provide than just the main Rome visitor attractions like the Pantheon, the Colosseum, and St. Peter Basilica. Rome is a city drenched in Christianity and history. First-time visitors may be simply overwhelmed by all this wonderful city has to provide. After all, one can find art and history on almost every street corner. That is why visitors may want to perform their homework to narrow down what they want to view and do before they get a train or plane bound for the Italian capital. As with so many other things you will be able to make anytime and anywhere drone Rome air taxi booking for your electric air taxi flight.<\/p>\r\n<h2>Pourquoi choisir un taxi volant ?<\/h2>\r\n<ul>\r\n<li><strong>Save hours every week<\/strong> \u2013 go from a 60-minute slog to an 8-minute skyride<\/li>\r\n<li><strong>Peaceful &amp; planet-friendly<\/strong> \u2013 up to 100x quieter than helicopters, with zero emissions<\/li>\r\n<li><strong>Certified safety<\/strong> \u2013 flown by licensed pilots, with built-in safety redundancies<\/li>\r\n<li><strong>Effortless luxury<\/strong> \u2013 just tap to book and take off<\/li>\r\n<\/ul>\r\n<p><!-- \/wp:paragraph --><!-- \/wp:heading -->\r\n\r\n<!-- wp:paragraph --><\/p>\r\n<h2>Comment fonctionne notre service de taxi a\u00e9rien ?<\/h2>\r\n<p>Booking your air taxi is as simple as ordering a rideshare:<\/p>\r\n<ol>\r\n<li><strong>Ouvrez le <a href=\"https:\/\/tiketi.com\/fr-fr\/download-tiketi-app\/\" target=\"_blank\" rel=\"noopener\">Application Tiketi<\/a> ou site Web<\/strong><\/li>\r\n<li><strong>Choose your departure<\/strong> from one of Rome\u2019s many vertiports (e.g., Fiumicino Airport, Piazza del Popolo, Vatican City)<\/li>\r\n<li><strong>Select your aircraft<\/strong> \u2013 choose a sleek, all-electric 2- or 4-seater<\/li>\r\n<li><strong>Confirm and go<\/strong> \u2013 your flight is booked in real time, and your skyport is ready to welcome you.<\/li>\r\n<\/ol>\r\n<p>In just a few minutes, you&#8217;re airborne\u2014gliding above Rome\u2019s iconic landmarks and avoiding the gridlock below.<\/p>\r\n<h2>Flying Taxi Routes in Rome &#8211; Sky High in Minutes<\/h2>\r\n<p>Rome\u2019s aerial transport network is taking shape, with several major routes already under development:<\/p>\r\n<ul>\r\n<li><strong>Fiumicino Airport \u2192 Piazza del Popolo<\/strong> \u2013 ~10 minutes (vs. 30-45 minutes by road)<\/li>\r\n<li><strong>Vatican City \u2192 Fiumicino Airport<\/strong> \u2013 10 \u00e0 12 minutes<\/li>\r\n<\/ul>\r\n<p>\u00a0Les itin\u00e9raires futurs comprennent\u00a0:<\/p>\r\n<ul>\r\n<li><strong>Rome \u2192 Ostia<\/strong> (~20 minutes)<br \/><strong>Rome \u2192 Tivoli<\/strong> (~30 minutes)<\/li>\r\n<\/ul>\r\n<p>With strong backing from Rome\u2019s aviation authorities, we expect these flying taxi routes to be operational in the next few years.<\/p>\r\n<h2>Options de tarification et de r\u00e9servation des taxis volants<\/h2>\r\n<p>Nos prix sont comp\u00e9titifs et con\u00e7us pour offrir un rapport qualit\u00e9-prix maximal\u00a0:<\/p>\r\n<ul>\r\n<li><strong>Tarifs actuels\u00a0:<\/strong> ~$6.00 per passenger-mile (with prices expected to drop to ~$2.50 as demand increases)<\/li>\r\n<li><strong>Exemple:<\/strong> Fiumicino Airport to Piazza del Popolo (~16 miles) = $95\u2013$190, comparable to high-end taxi services.<\/li>\r\n<\/ul>\r\n<p>\u00c0 venir:<\/p>\r\n<ul>\r\n<li><strong>Plans de transport en commun<\/strong><\/li>\r\n<li><strong>forfaits de groupe et d&#039;entreprise<\/strong><\/li>\r\n<li><strong>\u00a0Remises sur volume<\/strong><\/li>\r\n<\/ul>\r\n<p>R\u00e9servez votre vol facilement via l&#039;application, en ligne ou avec notre service de conciergerie. Besoin de services suppl\u00e9mentaires comme un si\u00e8ge enfant ou un transfert\u00a0? Nous nous occupons de tout.<\/p>\r\n<h2>Qui est \u00e0 l&#039;avant-garde ?<\/h2>\r\n<p>Meet the pioneers bringing aerial mobility to Rome:<\/p>\r\n<ul>\r\n<li><strong>Joby Aviation + Alitalia:<\/strong> Launching 200 mph eVTOL flights from Rome\u2019s airports, priced similarly to premium car services.<\/li>\r\n<li><strong>Vertical Aerospace (Italy):<\/strong> Certifying its VX4 aircraft for 2028 flights\u2014projected fares as low as \u20ac130.<\/li>\r\n<li><strong>Skyports :<\/strong> Developing vertiports and charging hubs across Rome and the Lazio region.<\/li>\r\n<li><strong>Italian Government:<\/strong> Investir massivement dans l&#039;infrastructure de mobilit\u00e9 a\u00e9rienne de la ville ouvre la voie \u00e0 un transport a\u00e9rien durable et de haute technologie.<\/li>\r\n<\/ul>\r\n<h2>Foire aux questions<\/h2>\r\n<h3>Pourquoi prendre un taxi a\u00e9rien ?<\/h3>\r\n<p>Rome, a city famous for its ancient history, stunning architecture, and vibrant culture, is also known for its frustrating traffic. Long commutes, heavy congestion, and endless delays make getting around the city a challenge. But why sit in traffic when you can fly? Our eVTOL (electric vertical takeoff and landing) air taxis offer a faster, more efficient way to navigate Rome\u2014whisking you from one part of the city to another in under 10 minutes. It\u2019s not just about getting there faster; it\u2019s about reclaiming your time and experiencing a new level of convenience and comfort.<\/p>\r\n<h3>Est-ce s\u00fbr?<\/h3>\r\n<p>Yes. All flights are piloted, certified by the CAA, and use redundant safety systems.<\/p>\r\n<h3>Les vols peuvent-ils \u00eatre assur\u00e9s par mauvais temps\u00a0?<\/h3>\r\n<p>Safety is our priority. In case of poor weather, we\u2019ll notify you instantly and assist with rescheduling or refunds.<\/p>\r\n<h3>Puis-je apporter des bagages ?<\/h3>\r\n<p>Carry-ons are welcome. For larger items, we\u2019ll coordinate ground delivery at your destination.<\/p>\r\n<h2>Voici quelques-uns des avantages du taxi volant \u00e9lectrique \u00e0 Rome<\/h2>\r\n<!-- \/wp:heading -->\r\n\r\n<!-- wp:heading {\"level\":3} -->\r\n<h3>Est-ce que Rome a des taxis a\u00e9riens \u00e9lectriques \u00e0 Rome ?<\/h3>\r\n<!-- \/wp:heading -->\r\n\r\n<!-- wp:paragraph -->\r\n<p>Rome a l&#039;un des premiers grands projets pour faire des drones taxis a\u00e9riens \u00e0 Rome une r\u00e9alit\u00e9. Les taxis a\u00e9riens autonomes de Rome sont un drone taxi \u00e0 dix-huit rotors qui a pris son envol r\u00e9cemment. L&#039;AAT est un partenariat entre la firme allemande Volocopter et Rome. L&#039;entreprise pr\u00e9tend \u00eatre le premier service de taxi a\u00e9rien autonome au monde.<\/p>\r\n<h3>Quelles sont les caract\u00e9ristiques du taxi volant \u00e9lectrique \u00e0 Rome ?<\/h3>\r\n<!-- \/wp:heading -->\r\n\r\n<!-- wp:paragraph -->\r\n<p>L&#039;un des avantages des taxis volants \u00e9lectriques \u00e0 Rome par rapport aux v\u00e9hicules est la capacit\u00e9 de voyager directement d&#039;un point \u00e0 un autre. Les voitures empruntent les r\u00e9seaux routiers. Dans les villes et villages, les itin\u00e9raires sont rarement directs ou sans trafic. Un autre facteur est la dur\u00e9e de la tourn\u00e9e. Plus un voyage VTOL est long, plus la fraction de temps qu&#039;un VTOL consacre \u00e0 la puissance, \u00e0 l&#039;escalade et au vol stationnaire est courte. Des facteurs plus sp\u00e9cifiques contiennent la vitesse du vent, le nombre de passagers, l&#039;intensit\u00e9 en carbone du r\u00e9seau local, ainsi que la masse et la puissance sp\u00e9cifique des batteries.<\/p>\r\n<h3>Quelle est la vitesse et la derni\u00e8re technologie des taxis volants \u00e9lectriques \u00e0 Rome ?<\/h3>\r\n<!-- \/wp:heading -->\r\n\r\n<!-- wp:paragraph -->\r\n<p>Le taxi a\u00e9rien \u00e0 Rome pourrait devenir le meilleur mode de transport urbain \u00e0 l&#039;avenir, en retirant les voitures de la route, en gardant le temps et en effa\u00e7ant les fronti\u00e8res urbaines. Le nouveau v\u00e9hicule de taxis volants \u00e0 Rome arborant l&#039;apparence d&#039;un drone hybride h\u00e9licopt\u00e8re naviguera principalement \u00e0 une vitesse de 180 mph, avec la capacit\u00e9 d&#039;accueillir quelques passagers, y compris un pilote. Il serait n\u00e9cessaire avec plusieurs rotors, une s\u00e9curit\u00e9 accrue en cas de panne d&#039;un rotor individuel et un syst\u00e8me de parachute en cas d&#039;urgence.<\/p>\r\n<h3>Combien co\u00fbtera un taxi volant \u00e9lectrique \u00e0 Rome ?<\/h3>\r\n<!-- \/wp:heading -->\r\n\r\n<!-- wp:paragraph -->\r\n<p>Au d\u00e9part, les drones taxis a\u00e9riens \u00e0 Rome co\u00fbteront environ $5,73 par passager-mile. Le prix du taxi drone \u00e0 Rome chutera ensuite \u00e0 $1,85 par mile passager avant d&#039;atteindre finalement le tarif incroyable du client de $0,44 par mile. Vous pouvez facilement r\u00e9server un taxi a\u00e9rien via des taxis volants \u00e9lectriques dans l&#039;application Rome.<\/p>\r\n<h2>Avantages de l&#039;application de r\u00e9servation de taxi a\u00e9rien \u00e9lectrique \u00e0 Rome<\/h2>\r\n<!-- \/wp:heading -->\r\n\r\n<!-- wp:paragraph -->\r\n<p>Parmi ses autres avantages, les taxis volants avec drones \u00e0 Rome pourraient fournir un boom \u00e9conomique en augmentant le nombre de personnes se dirigeant vers des lieux de loisirs et de tourisme qui ne sont pas \u00e0 proximit\u00e9 des grands a\u00e9roports.<\/p>\r\n<!-- \/wp:paragraph -->\r\n\r\n<!-- wp:heading {\"level\":3} -->\r\n<h3 id=\"would-drone-air-taxi-in-london-online-booking-app-be-used-to-book-a-electric-air-taxi-flight\" class=\"wp-block-heading\">Can the air taxis in Rome online booking app be used to reserve electric air taxi flight tickets?<\/h3>\r\n<!-- \/wp:heading -->\r\n\r\n<!-- wp:paragraph -->\r\n<p>Oui, les clients peuvent utiliser de mani\u00e8re transparente l&#039;application de r\u00e9servation de taxi a\u00e9rien \u00e9lectrique \u00e0 Rome en ligne pour trouver le meilleur itin\u00e9raire et r\u00e9server un vol en taxi volant \u00e0 Rome \u00e0 tout moment et n&#039;importe o\u00f9.<\/p>\r\n<p><!-- \/wp:paragraph --><!-- \/wp:post-content --><!-- \/wp:post-content --><!-- \/wp:heading --><\/p>\r\n<h2>Autres vols populaires en taxi a\u00e9rien<\/h2>\r\n<table border=\"0\" cellspacing=\"1\" cellpadding=\"1\">\r\n<tbody>\r\n<tr>\r\n<td>Bon march\u00e9 <a href=\"https:\/\/tiketi.com\/fr-fr\/volants\/taxi-aerien\/barcelona\/\" target=\"_blank\" rel=\"noopener\">air taxi in Barcelona<\/a><\/td>\r\n<td style=\"width: 30px;\">\u00a0<\/td>\r\n<td>Bon march\u00e9 <a href=\"https:\/\/tiketi.com\/fr-fr\/volants\/taxi-aerien\/london\/\" target=\"_blank\" rel=\"noopener\">taxi a\u00e9rien \u00e0 Londres<\/a><\/td>\r\n<td style=\"width: 30px;\">\u00a0<\/td>\r\n<td>Bon march\u00e9 <a href=\"https:\/\/tiketi.com\/fr-fr\/volants\/taxi-aerien\/dubai\/\" target=\"_blank\" rel=\"noopener\">taxi a\u00e9rien \u00e0 Duba\u00ef<\/a><\/td>\r\n<\/tr>\r\n<tr>\r\n<td>Bon march\u00e9 <a href=\"https:\/\/tiketi.com\/fr-fr\/volants\/taxi-aerien\/singapore\/\" target=\"_blank\" rel=\"noopener\">taxi a\u00e9rien \u00e0 Singapour<\/a><\/td>\r\n<td style=\"width: 30px;\">\u00a0<\/td>\r\n<td>Bon march\u00e9 <a href=\"https:\/\/tiketi.com\/fr-fr\/volants\/taxi-aerien\/new-york-nyc\/\" target=\"_blank\" rel=\"noopener\">taxi a\u00e9rien \u00e0 New York<\/a><\/td>\r\n<td style=\"width: 30px;\">\u00a0<\/td>\r\n<td>Bon march\u00e9 <a href=\"https:\/\/tiketi.com\/fr-fr\/volants\/taxi-aerien\/paris\/\" target=\"_blank\" rel=\"noopener\">taxi a\u00e9rien \u00e0 Paris<\/a><\/td>\r\n<\/tr>\r\n<tr>\r\n<td>Bon march\u00e9 <a href=\"https:\/\/tiketi.com\/fr-fr\/volants\/taxi-aerien\/sydney\/\" target=\"_blank\" rel=\"noopener\">taxi a\u00e9rien \u00e0 Sydney<\/a><\/td>\r\n<td style=\"width: 30px;\">\u00a0<\/td>\r\n<td>Bon march\u00e9 <a href=\"https:\/\/tiketi.com\/fr-fr\/volants\/taxi-aerien\/berlin\/\" target=\"_blank\" rel=\"noopener\">taxi a\u00e9rien \u00e0 Berlin<\/a><\/td>\r\n<td style=\"width: 30px;\">\u00a0<\/td>\r\n<td>Bon march\u00e9 <a href=\"https:\/\/tiketi.com\/fr-fr\/volants\/taxi-aerien\/hong-kong\/\" target=\"_blank\" rel=\"noopener\">taxi a\u00e9rien \u00e0 Hong Kong<\/a><\/td>\r\n<\/tr>\r\n<\/tbody>\r\n<\/table>\r\n<p><!-- \/wp:paragraph --><!-- \/wp:post-content --><!-- \/wp:post-content -->\r\n\r\n<!-- wp:paragraph --><!-- \/wp:paragraph -->\r\n\r\n<!-- wp:paragraph --><!-- \/wp:paragraph -->\r\n\r\n<!-- wp:paragraph --><!-- \/wp:paragraph -->\r\n\r\n<!-- wp:paragraph --><!-- \/wp:paragraph --><\/p>\r\n<p>&nbsp;<\/p>\r\n<p>&nbsp;<\/p>","protected":false},"excerpt":{"rendered":"<p>Book a Flying Taxi in Rome \u2013 Fast, Green, and Affordable Urban Travel The Cheap air taxi in Rome online booking app allows users to easily reserve helicopter and flying taxi flight tickets. Air taxis in Rome make it possible to travel quickly and affordably across the city. Rome is a city full of Roman [&hellip;]<\/p>\n","protected":false},"author":1,"featured_media":20119,"parent":25621,"menu_order":0,"comment_status":"open","ping_status":"closed","template":"template-home-modern.php","meta":{"footnotes":""},"class_list":["post-10672","page","type-page","status-publish","has-post-thumbnail","hentry"],"yoast_head":"<!-- This site is optimized with the Yoast SEO plugin v27.2 - https:\/\/yoast.com\/product\/yoast-seo-wordpress\/ -->\n<title>Book an Air Taxi in Rome Online | Cheap Flying Taxi Fares<\/title>\n<meta name=\"description\" content=\"Book an air taxi in Rome online with our app. Compare routes, fares, &amp; flight tickets for air taxis, &amp; find affordable flying taxi options\" \/>\n<meta name=\"robots\" content=\"index, follow, max-snippet:-1, max-image-preview:large, max-video-preview:-1\" \/>\n<link rel=\"canonical\" href=\"https:\/\/tiketi.com\/fr-fr\/volants\/taxi-aerien\/rome\/\" \/>\n<meta property=\"og:locale\" content=\"fr_FR\" \/>\n<meta property=\"og:type\" content=\"article\" \/>\n<meta property=\"og:title\" content=\"Book an Air Taxi in Rome Online | Cheap Flying Taxi Fares\" \/>\n<meta property=\"og:description\" content=\"Book an air taxi in Rome online with our app. Compare routes, fares, &amp; flight tickets for air taxis, &amp; find affordable flying taxi options\" \/>\n<meta property=\"og:url\" content=\"https:\/\/tiketi.com\/fr-fr\/volants\/taxi-aerien\/rome\/\" \/>\n<meta property=\"og:site_name\" content=\"Tiketi.com\" \/>\n<meta property=\"article:publisher\" content=\"https:\/\/www.facebook.com\/TiketiCom\/\" \/>\n<meta property=\"article:modified_time\" content=\"2025-07-11T13:00:59+00:00\" \/>\n<meta property=\"og:image\" content=\"https:\/\/tiketi.com\/wp-content\/uploads\/2019\/05\/rome-3021586_1280.jpg\" \/>\n\t<meta property=\"og:image:width\" content=\"1200\" \/>\n\t<meta property=\"og:image:height\" content=\"200\" \/>\n\t<meta property=\"og:image:type\" content=\"image\/jpeg\" \/>\n<meta name=\"twitter:card\" content=\"summary_large_image\" \/>\n<meta name=\"twitter:label1\" content=\"Dur\u00e9e de lecture estim\u00e9e\" \/>\n\t<meta name=\"twitter:data1\" content=\"6 minutes\" \/>\n<script type=\"application\/ld+json\" class=\"yoast-schema-graph\">{\"@context\":\"https:\/\/schema.org\",\"@graph\":[{\"@type\":\"WebPage\",\"@id\":\"https:\/\/tiketi.com\/flying\/air-taxi\/rome\/\",\"url\":\"https:\/\/tiketi.com\/flying\/air-taxi\/rome\/\",\"name\":\"Book an Air Taxi in Rome Online | Cheap Flying Taxi Fares\",\"isPartOf\":{\"@id\":\"https:\/\/tiketi.com\/#website\"},\"primaryImageOfPage\":{\"@id\":\"https:\/\/tiketi.com\/flying\/air-taxi\/rome\/#primaryimage\"},\"image\":{\"@id\":\"https:\/\/tiketi.com\/flying\/air-taxi\/rome\/#primaryimage\"},\"thumbnailUrl\":\"https:\/\/tiketi.com\/wp-content\/uploads\/2019\/05\/rome-3021586_1280.jpg\",\"datePublished\":\"2022-01-19T11:53:40+00:00\",\"dateModified\":\"2025-07-11T13:00:59+00:00\",\"description\":\"Book an air taxi in Rome online with our app. Compare routes, fares, & flight tickets for air taxis, & find affordable flying taxi options\",\"breadcrumb\":{\"@id\":\"https:\/\/tiketi.com\/flying\/air-taxi\/rome\/#breadcrumb\"},\"inLanguage\":\"fr-FR\",\"potentialAction\":[{\"@type\":\"ReadAction\",\"target\":[\"https:\/\/tiketi.com\/flying\/air-taxi\/rome\/\"]}]},{\"@type\":\"ImageObject\",\"inLanguage\":\"fr-FR\",\"@id\":\"https:\/\/tiketi.com\/flying\/air-taxi\/rome\/#primaryimage\",\"url\":\"https:\/\/tiketi.com\/wp-content\/uploads\/2019\/05\/rome-3021586_1280.jpg\",\"contentUrl\":\"https:\/\/tiketi.com\/wp-content\/uploads\/2019\/05\/rome-3021586_1280.jpg\",\"width\":1200,\"height\":200,\"caption\":\"Air Taxi in Rome Booking\"},{\"@type\":\"BreadcrumbList\",\"@id\":\"https:\/\/tiketi.com\/flying\/air-taxi\/rome\/#breadcrumb\",\"itemListElement\":[{\"@type\":\"ListItem\",\"position\":1,\"name\":\"Home\",\"item\":\"https:\/\/tiketi.com\/\"},{\"@type\":\"ListItem\",\"position\":2,\"name\":\"Flying\",\"item\":\"https:\/\/tiketi.com\/fr-fr\/volants\/\"},{\"@type\":\"ListItem\",\"position\":3,\"name\":\"Air Taxi\",\"item\":\"https:\/\/tiketi.com\/flying\/air-taxi\/\"},{\"@type\":\"ListItem\",\"position\":4,\"name\":\"Fly Over Rome\u2019s Roads \u2013 Easy Air Taxi Rome Online Bookings\"}]},{\"@type\":\"WebSite\",\"@id\":\"https:\/\/tiketi.com\/#website\",\"url\":\"https:\/\/tiketi.com\/\",\"name\":\"Flight & Bus Tickets, Tour Packages & Activitites - Tiketi.com\",\"description\":\"Flight &amp; Bus Tickets, Tours, Activitites\",\"publisher\":{\"@id\":\"https:\/\/tiketi.com\/#organization\"},\"potentialAction\":[{\"@type\":\"SearchAction\",\"target\":{\"@type\":\"EntryPoint\",\"urlTemplate\":\"https:\/\/tiketi.com\/?s={search_term_string}\"},\"query-input\":{\"@type\":\"PropertyValueSpecification\",\"valueRequired\":true,\"valueName\":\"search_term_string\"}}],\"inLanguage\":\"fr-FR\"},{\"@type\":\"Organization\",\"@id\":\"https:\/\/tiketi.com\/#organization\",\"name\":\"Tiketi.com\",\"alternateName\":\"Tiketi\",\"url\":\"https:\/\/tiketi.com\/\",\"logo\":{\"@type\":\"ImageObject\",\"inLanguage\":\"fr-FR\",\"@id\":\"https:\/\/tiketi.com\/#\/schema\/logo\/image\/\",\"url\":\"https:\/\/tiketi.com\/wp-content\/uploads\/2019\/05\/tiketi-logo-696.png\",\"contentUrl\":\"https:\/\/tiketi.com\/wp-content\/uploads\/2019\/05\/tiketi-logo-696.png\",\"width\":696,\"height\":696,\"caption\":\"Tiketi.com\"},\"image\":{\"@id\":\"https:\/\/tiketi.com\/#\/schema\/logo\/image\/\"},\"sameAs\":[\"https:\/\/www.facebook.com\/TiketiCom\/\"]}]}<\/script>\n<!-- \/ Yoast SEO plugin. -->","yoast_head_json":{"title":"Book an Air Taxi in Rome Online | Cheap Flying Taxi Fares","description":"Book an air taxi in Rome online with our app. Compare routes, fares, & flight tickets for air taxis, & find affordable flying taxi options","robots":{"index":"index","follow":"follow","max-snippet":"max-snippet:-1","max-image-preview":"max-image-preview:large","max-video-preview":"max-video-preview:-1"},"canonical":"https:\/\/tiketi.com\/fr-fr\/volants\/taxi-aerien\/rome\/","og_locale":"fr_FR","og_type":"article","og_title":"Book an Air Taxi in Rome Online | Cheap Flying Taxi Fares","og_description":"Book an air taxi in Rome online with our app. Compare routes, fares, & flight tickets for air taxis, & find affordable flying taxi options","og_url":"https:\/\/tiketi.com\/fr-fr\/volants\/taxi-aerien\/rome\/","og_site_name":"Tiketi.com","article_publisher":"https:\/\/www.facebook.com\/TiketiCom\/","article_modified_time":"2025-07-11T13:00:59+00:00","og_image":[{"width":1200,"height":200,"url":"https:\/\/tiketi.com\/wp-content\/uploads\/2019\/05\/rome-3021586_1280.jpg","type":"image\/jpeg"}],"twitter_card":"summary_large_image","twitter_misc":{"Dur\u00e9e de lecture estim\u00e9e":"6 minutes"},"schema":{"@context":"https:\/\/schema.org","@graph":[{"@type":"WebPage","@id":"https:\/\/tiketi.com\/flying\/air-taxi\/rome\/","url":"https:\/\/tiketi.com\/flying\/air-taxi\/rome\/","name":"Book an Air Taxi in Rome Online | Cheap Flying Taxi Fares","isPartOf":{"@id":"https:\/\/tiketi.com\/#website"},"primaryImageOfPage":{"@id":"https:\/\/tiketi.com\/flying\/air-taxi\/rome\/#primaryimage"},"image":{"@id":"https:\/\/tiketi.com\/flying\/air-taxi\/rome\/#primaryimage"},"thumbnailUrl":"https:\/\/tiketi.com\/wp-content\/uploads\/2019\/05\/rome-3021586_1280.jpg","datePublished":"2022-01-19T11:53:40+00:00","dateModified":"2025-07-11T13:00:59+00:00","description":"Book an air taxi in Rome online with our app. Compare routes, fares, & flight tickets for air taxis, & find affordable flying taxi options","breadcrumb":{"@id":"https:\/\/tiketi.com\/flying\/air-taxi\/rome\/#breadcrumb"},"inLanguage":"fr-FR","potentialAction":[{"@type":"ReadAction","target":["https:\/\/tiketi.com\/flying\/air-taxi\/rome\/"]}]},{"@type":"ImageObject","inLanguage":"fr-FR","@id":"https:\/\/tiketi.com\/flying\/air-taxi\/rome\/#primaryimage","url":"https:\/\/tiketi.com\/wp-content\/uploads\/2019\/05\/rome-3021586_1280.jpg","contentUrl":"https:\/\/tiketi.com\/wp-content\/uploads\/2019\/05\/rome-3021586_1280.jpg","width":1200,"height":200,"caption":"Air Taxi in Rome Booking"},{"@type":"BreadcrumbList","@id":"https:\/\/tiketi.com\/flying\/air-taxi\/rome\/#breadcrumb","itemListElement":[{"@type":"ListItem","position":1,"name":"Home","item":"https:\/\/tiketi.com\/"},{"@type":"ListItem","position":2,"name":"Flying","item":"https:\/\/tiketi.com\/fr-fr\/volants\/"},{"@type":"ListItem","position":3,"name":"Air Taxi","item":"https:\/\/tiketi.com\/flying\/air-taxi\/"},{"@type":"ListItem","position":4,"name":"Fly Over Rome\u2019s Roads \u2013 Easy Air Taxi Rome Online Bookings"}]},{"@type":"WebSite","@id":"https:\/\/tiketi.com\/#website","url":"https:\/\/tiketi.com\/","name":"Billets d&#039;avion et de bus, forfaits touristiques et activit\u00e9s - Tiketi.com","description":"Billets d&#039;avion et de bus, Tours, Activit\u00e9s","publisher":{"@id":"https:\/\/tiketi.com\/#organization"},"potentialAction":[{"@type":"SearchAction","target":{"@type":"EntryPoint","urlTemplate":"https:\/\/tiketi.com\/?s={search_term_string}"},"query-input":{"@type":"PropertyValueSpecification","valueRequired":true,"valueName":"search_term_string"}}],"inLanguage":"fr-FR"},{"@type":"Organization","@id":"https:\/\/tiketi.com\/#organization","name":"Tiketi.com","alternateName":"Tiketi","url":"https:\/\/tiketi.com\/","logo":{"@type":"ImageObject","inLanguage":"fr-FR","@id":"https:\/\/tiketi.com\/#\/schema\/logo\/image\/","url":"https:\/\/tiketi.com\/wp-content\/uploads\/2019\/05\/tiketi-logo-696.png","contentUrl":"https:\/\/tiketi.com\/wp-content\/uploads\/2019\/05\/tiketi-logo-696.png","width":696,"height":696,"caption":"Tiketi.com"},"image":{"@id":"https:\/\/tiketi.com\/#\/schema\/logo\/image\/"},"sameAs":["https:\/\/www.facebook.com\/TiketiCom\/"]}]}},"_links":{"self":[{"href":"https:\/\/tiketi.com\/fr-fr\/wp-json\/wp\/v2\/pages\/10672","targetHints":{"allow":["GET"]}}],"collection":[{"href":"https:\/\/tiketi.com\/fr-fr\/wp-json\/wp\/v2\/pages"}],"about":[{"href":"https:\/\/tiketi.com\/fr-fr\/wp-json\/wp\/v2\/types\/page"}],"author":[{"embeddable":true,"href":"https:\/\/tiketi.com\/fr-fr\/wp-json\/wp\/v2\/users\/1"}],"replies":[{"embeddable":true,"href":"https:\/\/tiketi.com\/fr-fr\/wp-json\/wp\/v2\/comments?post=10672"}],"version-history":[{"count":3,"href":"https:\/\/tiketi.com\/fr-fr\/wp-json\/wp\/v2\/pages\/10672\/revisions"}],"predecessor-version":[{"id":31926,"href":"https:\/\/tiketi.com\/fr-fr\/wp-json\/wp\/v2\/pages\/10672\/revisions\/31926"}],"up":[{"embeddable":true,"href":"https:\/\/tiketi.com\/fr-fr\/wp-json\/wp\/v2\/pages\/25621"}],"wp:featuredmedia":[{"embeddable":true,"href":"https:\/\/tiketi.com\/fr-fr\/wp-json\/wp\/v2\/media\/20119"}],"wp:attachment":[{"href":"https:\/\/tiketi.com\/fr-fr\/wp-json\/wp\/v2\/media?parent=10672"}],"curies":[{"name":"wp","href":"https:\/\/api.w.org\/{rel}","templated":true}]}}