{"id":10673,"date":"2022-01-19T12:53:40","date_gmt":"2022-01-19T11:53:40","guid":{"rendered":"https:\/\/new.tiketi.com\/madrid-air-taxi-booking-app-electric-flying-taxis\/"},"modified":"2025-07-25T18:33:35","modified_gmt":"2025-07-25T17:33:35","slug":"madrid","status":"publish","type":"page","link":"https:\/\/tiketi.com\/fr-fr\/volants\/taxi-aerien\/madrid\/","title":{"rendered":"Fly Over Madrid\u2019s Roads \u2013 Easy Air Taxi Madrid Online Bookings"},"content":{"rendered":"<h2>Book a Flying Taxi in Madrid \u2013 Fast, Green, and Affordable Urban Travel<\/h2>\r\n<p>The Cheap air taxi in Madrid online booking app allows users to easily reserve helicopter and flying taxi flight tickets. Air taxis in Madrid make it possible to travel quickly and affordably across the city. Madrid is the capital of Spain and home to approximately 3.3 million people. It is the economic, political and cultural center of Spain and it is placed right at the heart of the country. The city also houses the headquarters of the UNWTO, a special agency of the United Nations. The Prado Museum specs works by some of Spain most famed artists, including Goya and Velazquez. The Palacio Real is open to the public and the El Rastro Market or the wonderful shops in Salamanca offers hours of shopping. Madrid is a city of life and joy. Once you visit, you will definitely wish to go back. Just like many other services, you&#8217;ll be able to make a Madrid air taxi booking anytime, anywhere, through the app for your electric air taxi flight.<\/p>\r\n<h2>Pourquoi choisir un taxi volant ?<\/h2>\r\n<ul>\r\n<li><strong>Save hours <\/strong>\u2013 What would take 30\u201360 minutes by car can now be done in under 10 minutes by air.<\/li>\r\n<li><strong>Peaceful &amp; planet-friendly<\/strong> \u2013 up to 100x quieter than helicopters, with zero emissions<\/li>\r\n<li><strong>Certified safety<\/strong> \u2013 flown by licensed pilots, with built-in safety redundancies<\/li>\r\n<li><strong>Effortless luxury<\/strong> \u2013 A few taps, and you\u2019re on your way\u2014no waiting, no stress, just pure convenience.<\/li>\r\n<\/ul>\r\n<h2>How Our Air Taxi in Madrid Booking Service Works<\/h2>\r\n<p>R\u00e9server votre taxi a\u00e9rien est aussi simple que de r\u00e9server une course\u00a0:<\/p>\r\n<ol>\r\n<li><strong>Ouvrez le <a href=\"https:\/\/tiketi.com\/fr-fr\/download-tiketi-app\/\" target=\"_blank\" rel=\"noopener\">Application Tiketi<\/a> ou site Web<\/strong><\/li>\r\n<li><strong>Choisissez votre d\u00e9part<\/strong> rom one of Madrid\u2019s many vertiports (e.g., Adolfo Su\u00e1rez Madrid-Barajas Airport, Atocha Station, Plaza de Castilla)<\/li>\r\n<li><strong>Choisissez votre avion<\/strong> \u2013 Choisissez un \u00e9l\u00e9gant taxi a\u00e9rien tout \u00e9lectrique \u00e0 2 ou 4 places<\/li>\r\n<li><strong>Confirmer et partir<\/strong> \u2013 Votre vol est r\u00e9serv\u00e9 en temps r\u00e9el et votre point d&#039;embarquement est pr\u00eat quand vous l&#039;\u00eates.<\/li>\r\n<\/ol>\r\n<p>In just minutes, you\u2019ll be airborne\u2014gliding over Madrid\u2019s beautiful boulevards, world-class landmarks, and iconic squares, bypassing the traffic below.<\/p>\r\n<h2>Flying Taxi Routes in Madrid &#8211; High-Flying Connections<\/h2>\r\n<p>Urban air mobility is growing fast across Spain. Initial and upcoming routes include:<\/p>\r\n<ul>\r\n<li><strong>Madrid Barajas \u2192 Cuatro Torres Business Area<\/strong> \u2013 ~10 minutes (vs. 45+ minutes by road)<\/li>\r\n<li><strong>Barcelona El Prat \u2192 Passeig de Gr\u00e0cia<\/strong> \u2013 environ 8 minutes<\/li>\r\n<li><strong>Valencia Central \u2192 Manises Airport<\/strong> \u2013 environ 12 minutes<\/li>\r\n<\/ul>\r\n<p>Future intercity routes in planning:<\/p>\r\n<ul>\r\n<li><strong>Madrid \u2192 Toledo<\/strong> (~20 minutes)<\/li>\r\n<li><strong>Barcelona \u2192 Girona<\/strong> (~30 minutes)<\/li>\r\n<li><strong>Valencia \u2192 Alicante<\/strong> (~30 minutes)<\/li>\r\n<\/ul>\r\n<p>With strong backing from Spain\u2019s Ministry of Transport and local governments, full-scale operations in major metropolitan areas like Madrid, Barcelona, and Valencia are set to launch within the next 2\u20133 years.<\/p>\r\n<h2>Transparent Pricing, Flexible Booking<\/h2>\r\n<p>Our pricing is competitive and designed to offer maximum value for your travel:<\/p>\r\n<ul>\r\n<li><strong>Tarifs actuels\u00a0:<\/strong> ~$5.50 per passenger-mile (with prices expected to drop to ~$2.50 as demand grows)<\/li>\r\n<li><strong>Example: Adolfo Su\u00e1rez Madrid-Barajas Airport to Atocha Station<\/strong> (~9 miles) = $55\u2013$110, similar to high-end taxi services.<\/li>\r\n<\/ul>\r\n<p>\u00c0 venir:<\/p>\r\n<ul>\r\n<li><strong>Plans de transport en commun<\/strong><\/li>\r\n<li><strong>\u00a0forfaits de groupe et d&#039;entreprise<\/strong><\/li>\r\n<li><strong>Remises sur volume<\/strong><\/li>\r\n<\/ul>\r\n<p>Book your flight easily via the app, online, or with our concierge service. Need special services like a child seat or private car transfer? We\u2019ve got you covered.<\/p>\r\n<h2>Qui est \u00e0 l&#039;avant-garde ?<\/h2>\r\n<p>Meet the innovators bringing aerial mobility to Madrid:<\/p>\r\n<ul>\r\n<li><strong>Joby Aviation + Iberia:<\/strong> Launching 200 mph eVTOL flights from Madrid\u2019s airports, with pricing comparable to premium car services.<\/li>\r\n<li><strong>Vertical Aerospace (Spain):<\/strong> Certifying its VX4 aircraft for 2028 flights, with fares projected as low as \u20ac150.<\/li>\r\n<li><strong>Skyports :<\/strong> Developing vertiports and charging hubs across Madrid and beyond.<\/li>\r\n<li><strong>Spanish Government:<\/strong> Investing heavily in Spain\u2019s aerial mobility infrastructure, paving the way for greener and more efficient air travel.<\/li>\r\n<\/ul>\r\n<h2>Foire aux questions<\/h2>\r\n<h3>Pourquoi prendre un taxi a\u00e9rien ?<\/h3>\r\n<p>Madrid, Spain\u2019s vibrant capital, is known for its rich history, stunning architecture, and bustling streets. However, like many major cities, Madrid&#8217;s traffic congestion has become increasingly problematic. With narrow roads, a growing population, and frequent construction, navigating the city\u2019s busy streets can feel like a never-ending challenge. Why spend your precious time stuck in traffic when you could soar above it? Our eVTOL (electric vertical takeoff and landing) air taxis offer a quick, efficient, and luxurious alternative to city traffic\u2014allowing you to travel across Madrid in just minutes.<br \/>It\u2019s not just about getting there faster; it\u2019s about experiencing the future of travel with comfort and style.<\/p>\r\n<h3>Est-ce s\u00fbr?<\/h3>\r\n<p>Oui. Tous les vols sont pilot\u00e9s par des professionnels certifi\u00e9s et respectent les normes de s\u00e9curit\u00e9 les plus strictes, avec de multiples syst\u00e8mes de s\u00e9curit\u00e9 redondants int\u00e9gr\u00e9s.<\/p>\r\n<h3>Les vols peuvent-ils \u00eatre assur\u00e9s par mauvais temps\u00a0?<\/h3>\r\n<p>Votre s\u00e9curit\u00e9 est notre priorit\u00e9 absolue. En cas d&#039;intemp\u00e9ries, nous vous en informerons imm\u00e9diatement et vous aiderons \u00e0 reporter votre r\u00e9servation ou \u00e0 obtenir un remboursement int\u00e9gral.<\/p>\r\n<h3>Puis-je apporter des bagages ?<\/h3>\r\n<p>Les bagages \u00e0 main sont les bienvenus. Pour les objets plus volumineux, nous organiserons leur transport terrestre jusqu&#039;\u00e0 votre destination.<\/p>\r\n<h2>Voici quelques-uns des avantages du taxi volant \u00e9lectrique \u00e0 Madrid<\/h2>\r\n<!-- \/wp:post-content -->\r\n\r\n<!-- wp:heading {\"level\":3} -->\r\n<h3>Madrid a-t-il un taxi volant \u00e9lectrique \u00e0 Madrid ?<\/h3>\r\n<!-- \/wp:heading -->\r\n\r\n<!-- wp:paragraph -->\r\n<p>Madrid a l&#039;un des premiers grands projets pour faire des taxis a\u00e9riens \u00e0 Madrid une r\u00e9alit\u00e9. Les taxis volants autonomes de Madrid sont un taxi drone \u00e0 dix-huit rotors qui a pris son envol r\u00e9cemment. L&#039;AAT est un partenariat entre la firme allemande Volocopter et Madrid. L&#039;entreprise pr\u00e9tend \u00eatre le premier service de taxi a\u00e9rien autonome au monde.<\/p>\r\n<h3>Are electric air taxis in Madrid short-haul flights?<\/h3>\r\n<!-- \/wp:paragraph -->\r\n\r\n<!-- wp:paragraph -->\r\n<p>L&#039;opinion accept\u00e9e est que les avions \u00e9lectriques seront toujours parfaits pour les vols court-courriers. C&#039;est la densit\u00e9 de puissance qui compte, mesur\u00e9e en wattheures par kilogramme. \u00c0 l&#039;heure actuelle, les meilleures batteries offrent environ 250 Wh\/kg, une simple ombre de carbur\u00e9acteur et 12 000 Wh\/kg d&#039;essence. Les batteries pourraient grimper jusqu&#039;\u00e0 800 Wh\/kg d&#039;ici le milieu de ce si\u00e8cle, portant leur port\u00e9e r\u00e9alisable \u00e0 1100 kilom\u00e8tres - la moiti\u00e9 de tous les vols internationaux se situent \u00e0 cette distance. Mais sans une cr\u00e9ation plus spectaculaire dans la technologie des batteries, les biocarburants et les carburants liquides issus de la capture du CO2 dans l&#039;air devront probablement jouer un r\u00f4le important dans les voyages a\u00e9riens long-courriers.<\/p>\r\n<h3>Quelle est la vitesse et la derni\u00e8re technologie des taxis a\u00e9riens \u00e9lectriques \u00e0 Madrid ?<\/h3>\r\n<!-- \/wp:paragraph -->\r\n\r\n<!-- wp:paragraph -->\r\n<p>Les taxis volants \u00e9lectriques \u00e0 Madrid pourraient devenir un meilleur mode de transport urbain \u00e0 l&#039;avenir, en retirant les voitures de la route, en gardant le temps et en effa\u00e7ant les fronti\u00e8res urbaines. Les nouveaux taxis a\u00e9riens du v\u00e9hicule madril\u00e8ne arborant l&#039;apparence d&#039;un drone hybride h\u00e9licopt\u00e8re navigueront principalement \u00e0 une vitesse de 180 mph, avec la capacit\u00e9 d&#039;accueillir quelques passagers, y compris un pilote. Il serait n\u00e9cessaire avec plusieurs rotors, une s\u00e9curit\u00e9 accrue en cas de panne d&#039;un rotor individuel et un syst\u00e8me de parachute en cas d&#039;urgence.<\/p>\r\n<h3>Combien co\u00fbtera un taxi volant \u00e9lectrique \u00e0 Madrid ?<\/h3>\r\n<!-- \/wp:paragraph -->\r\n\r\n<!-- wp:paragraph -->\r\n<p>Au d\u00e9part, les taxis volants avec drone \u00e0 Madrid co\u00fbteront environ $5,73 par passager-mile. Le prix du taxi drone \u00e0 Madrid chutera ensuite \u00e0 $1,85 par mile passager avant d&#039;atteindre finalement le tarif incroyable du client de $0,44 par mile. Vous pouvez facilement r\u00e9server un taxi a\u00e9rien via des taxis volants \u00e9lectriques dans l&#039;application Madrid.<\/p>\r\n<h3>What are the advantages of electric Madrid air taxi booking app?<\/h3>\r\n<!-- \/wp:paragraph -->\r\n\r\n<!-- wp:paragraph -->\r\n<p>Parmi ses autres avantages, la r\u00e9servation en ligne de taxis drones \u00e0 Madrid pourrait g\u00e9n\u00e9rer un boom \u00e9conomique en augmentant le nombre de personnes se dirigeant vers des lieux de loisirs et de tourisme \u00e9loign\u00e9s des grands a\u00e9roports.<\/p>\r\n<!-- \/wp:paragraph -->\r\n\r\n<!-- wp:heading {\"level\":3} -->\r\n<h3 id=\"would-drone-air-taxi-in-dubai-online-booking-app-be-used-to-book-a-electric-air-taxi-flight\" class=\"wp-block-heading\">Can the air taxis in Madrid online booking app be used to reserve electric air taxi flight tickets?<\/h3>\r\n<!-- \/wp:heading -->\r\n\r\n<!-- wp:paragraph -->\r\n<p>Oui, les clients peuvent utiliser de mani\u00e8re transparente l&#039;application de r\u00e9servation de taxi a\u00e9rien \u00e9lectrique de Madrid en ligne pour trouver le meilleur itin\u00e9raire et r\u00e9server un vol de taxi volant \u00e0 Madrid \u00e0 tout moment et n&#039;importe o\u00f9.<\/p>\r\n<h2>Autres vols populaires en taxi a\u00e9rien<\/h2>\r\n<table style=\"width: 87.3307%; height: 72px;\" border=\"0\" cellspacing=\"1\" cellpadding=\"1\">\r\n<tbody>\r\n<tr style=\"height: 24px;\">\r\n<td style=\"height: 24px;\">Bon march\u00e9 <a href=\"https:\/\/tiketi.com\/fr-fr\/volants\/taxi-aerien\/spain\/\" target=\"_blank\" rel=\"noopener\">air taxi in Spain<\/a><\/td>\r\n<td style=\"width: 30px; height: 24px;\">\u00a0<\/td>\r\n<td style=\"height: 24px;\">Bon march\u00e9 <a href=\"https:\/\/tiketi.com\/fr-fr\/volants\/taxi-aerien\/barcelona\/\">air taxi in Barcelona<\/a><\/td>\r\n<td style=\"width: 30px; height: 24px;\">\u00a0<\/td>\r\n<td style=\"height: 24px;\">Bon march\u00e9 <a href=\"https:\/\/tiketi.com\/fr-fr\/volants\/taxi-aerien\/malaga\/\">air taxi in Malaga<\/a><\/td>\r\n<\/tr>\r\n<tr style=\"height: 24px;\">\r\n<td style=\"height: 24px;\">Bon march\u00e9 <a href=\"https:\/\/tiketi.com\/fr-fr\/volants\/taxi-aerien\/rome\/\" target=\"_blank\" rel=\"noopener\">taxi a\u00e9rien \u00e0 Rome<\/a><\/td>\r\n<td style=\"width: 30px; height: 24px;\">\u00a0<\/td>\r\n<td style=\"height: 24px;\">Bon march\u00e9 <a href=\"https:\/\/tiketi.com\/fr-fr\/volants\/taxi-aerien\/lisbon\/\" target=\"_blank\" rel=\"noopener\">air taxi in Lisbon<\/a><\/td>\r\n<td style=\"width: 30px; height: 24px;\">\u00a0<\/td>\r\n<td style=\"height: 24px;\">Bon march\u00e9 <a href=\"https:\/\/tiketi.com\/fr-fr\/volants\/taxi-aerien\/london\/\" target=\"_blank\" rel=\"noopener\">taxi a\u00e9rien \u00e0 Londres<\/a><\/td>\r\n<\/tr>\r\n<tr style=\"height: 24px;\">\r\n<td style=\"height: 24px;\">Bon march\u00e9 <a href=\"https:\/\/tiketi.com\/fr-fr\/volants\/taxi-aerien\/paris\/\" target=\"_blank\" rel=\"noopener\">taxi a\u00e9rien \u00e0 Paris<\/a><\/td>\r\n<td style=\"width: 30px; height: 24px;\">\u00a0<\/td>\r\n<td style=\"height: 24px;\">Bon march\u00e9 <a href=\"https:\/\/tiketi.com\/fr-fr\/volants\/taxi-aerien\/berlin\/\" target=\"_blank\" rel=\"noopener\">taxi a\u00e9rien \u00e0 Berlin<\/a><\/td>\r\n<td style=\"width: 30px; height: 24px;\">\u00a0<\/td>\r\n<td style=\"height: 24px;\">Bon march\u00e9 <a href=\"https:\/\/tiketi.com\/fr-fr\/volants\/taxi-aerien\/athens\/\" target=\"_blank\" rel=\"noopener\">air taxi in Athens<\/a><\/td>\r\n<\/tr>\r\n<\/tbody>\r\n<\/table>\r\n<p>&nbsp;<\/p>","protected":false},"excerpt":{"rendered":"<p>Book a Flying Taxi in Madrid \u2013 Fast, Green, and Affordable Urban Travel The Cheap air taxi in Madrid online booking app allows users to easily reserve helicopter and flying taxi flight tickets. Air taxis in Madrid make it possible to travel quickly and affordably across the city. Madrid is the capital of Spain and [&hellip;]<\/p>\n","protected":false},"author":1,"featured_media":20339,"parent":25621,"menu_order":0,"comment_status":"open","ping_status":"closed","template":"template-home-modern.php","meta":{"footnotes":""},"class_list":["post-10673","page","type-page","status-publish","has-post-thumbnail","hentry"],"yoast_head":"<!-- This site is optimized with the Yoast SEO plugin v27.2 - https:\/\/yoast.com\/product\/yoast-seo-wordpress\/ -->\n<title>Book an Air Taxi in Madrid Online | Cheap Flying Taxi Fares<\/title>\n<meta name=\"description\" content=\"Book an air taxi in Madrid online with our app. Compare routes, fares, &amp; flight tickets for air taxis, &amp; find affordable flying taxi options\" \/>\n<meta name=\"robots\" content=\"index, follow, max-snippet:-1, max-image-preview:large, max-video-preview:-1\" \/>\n<link rel=\"canonical\" href=\"https:\/\/tiketi.com\/fr-fr\/volants\/taxi-aerien\/madrid\/\" \/>\n<meta property=\"og:locale\" content=\"fr_FR\" \/>\n<meta property=\"og:type\" content=\"article\" \/>\n<meta property=\"og:title\" content=\"Book an Air Taxi in Madrid Online | Cheap Flying Taxi Fares\" \/>\n<meta property=\"og:description\" content=\"Book an air taxi in Madrid online with our app. Compare routes, fares, &amp; flight tickets for air taxis, &amp; find affordable flying taxi options\" \/>\n<meta property=\"og:url\" content=\"https:\/\/tiketi.com\/fr-fr\/volants\/taxi-aerien\/madrid\/\" \/>\n<meta property=\"og:site_name\" content=\"Tiketi.com\" \/>\n<meta property=\"article:publisher\" content=\"https:\/\/www.facebook.com\/TiketiCom\/\" \/>\n<meta property=\"article:modified_time\" content=\"2025-07-25T17:33:35+00:00\" \/>\n<meta property=\"og:image\" content=\"https:\/\/tiketi.com\/wp-content\/uploads\/2019\/05\/madrid-dawn-2714571_1280.jpg\" \/>\n\t<meta property=\"og:image:width\" content=\"1200\" \/>\n\t<meta property=\"og:image:height\" content=\"200\" \/>\n\t<meta property=\"og:image:type\" content=\"image\/jpeg\" \/>\n<meta name=\"twitter:card\" content=\"summary_large_image\" \/>\n<meta name=\"twitter:label1\" content=\"Dur\u00e9e de lecture estim\u00e9e\" \/>\n\t<meta name=\"twitter:data1\" content=\"6 minutes\" \/>\n<script type=\"application\/ld+json\" class=\"yoast-schema-graph\">{\"@context\":\"https:\/\/schema.org\",\"@graph\":[{\"@type\":\"WebPage\",\"@id\":\"https:\/\/tiketi.com\/flying\/air-taxi\/madrid\/\",\"url\":\"https:\/\/tiketi.com\/flying\/air-taxi\/madrid\/\",\"name\":\"Book an Air Taxi in Madrid Online | Cheap Flying Taxi Fares\",\"isPartOf\":{\"@id\":\"https:\/\/tiketi.com\/#website\"},\"primaryImageOfPage\":{\"@id\":\"https:\/\/tiketi.com\/flying\/air-taxi\/madrid\/#primaryimage\"},\"image\":{\"@id\":\"https:\/\/tiketi.com\/flying\/air-taxi\/madrid\/#primaryimage\"},\"thumbnailUrl\":\"https:\/\/tiketi.com\/wp-content\/uploads\/2019\/05\/madrid-dawn-2714571_1280.jpg\",\"datePublished\":\"2022-01-19T11:53:40+00:00\",\"dateModified\":\"2025-07-25T17:33:35+00:00\",\"description\":\"Book an air taxi in Madrid online with our app. Compare routes, fares, & flight tickets for air taxis, & find affordable flying taxi options\",\"breadcrumb\":{\"@id\":\"https:\/\/tiketi.com\/flying\/air-taxi\/madrid\/#breadcrumb\"},\"inLanguage\":\"fr-FR\",\"potentialAction\":[{\"@type\":\"ReadAction\",\"target\":[\"https:\/\/tiketi.com\/flying\/air-taxi\/madrid\/\"]}]},{\"@type\":\"ImageObject\",\"inLanguage\":\"fr-FR\",\"@id\":\"https:\/\/tiketi.com\/flying\/air-taxi\/madrid\/#primaryimage\",\"url\":\"https:\/\/tiketi.com\/wp-content\/uploads\/2019\/05\/madrid-dawn-2714571_1280.jpg\",\"contentUrl\":\"https:\/\/tiketi.com\/wp-content\/uploads\/2019\/05\/madrid-dawn-2714571_1280.jpg\",\"width\":1200,\"height\":200,\"caption\":\"Air Taxi in Madrid\"},{\"@type\":\"BreadcrumbList\",\"@id\":\"https:\/\/tiketi.com\/flying\/air-taxi\/madrid\/#breadcrumb\",\"itemListElement\":[{\"@type\":\"ListItem\",\"position\":1,\"name\":\"Home\",\"item\":\"https:\/\/tiketi.com\/\"},{\"@type\":\"ListItem\",\"position\":2,\"name\":\"Flying\",\"item\":\"https:\/\/tiketi.com\/fr-fr\/volants\/\"},{\"@type\":\"ListItem\",\"position\":3,\"name\":\"Air Taxi\",\"item\":\"https:\/\/tiketi.com\/flying\/air-taxi\/\"},{\"@type\":\"ListItem\",\"position\":4,\"name\":\"Fly Over Madrid\u2019s Roads \u2013 Easy Air Taxi Madrid Online Bookings\"}]},{\"@type\":\"WebSite\",\"@id\":\"https:\/\/tiketi.com\/#website\",\"url\":\"https:\/\/tiketi.com\/\",\"name\":\"Flight & Bus Tickets, Tour Packages & Activitites - Tiketi.com\",\"description\":\"Flight &amp; Bus Tickets, Tours, Activitites\",\"publisher\":{\"@id\":\"https:\/\/tiketi.com\/#organization\"},\"potentialAction\":[{\"@type\":\"SearchAction\",\"target\":{\"@type\":\"EntryPoint\",\"urlTemplate\":\"https:\/\/tiketi.com\/?s={search_term_string}\"},\"query-input\":{\"@type\":\"PropertyValueSpecification\",\"valueRequired\":true,\"valueName\":\"search_term_string\"}}],\"inLanguage\":\"fr-FR\"},{\"@type\":\"Organization\",\"@id\":\"https:\/\/tiketi.com\/#organization\",\"name\":\"Tiketi.com\",\"alternateName\":\"Tiketi\",\"url\":\"https:\/\/tiketi.com\/\",\"logo\":{\"@type\":\"ImageObject\",\"inLanguage\":\"fr-FR\",\"@id\":\"https:\/\/tiketi.com\/#\/schema\/logo\/image\/\",\"url\":\"https:\/\/tiketi.com\/wp-content\/uploads\/2019\/05\/tiketi-logo-696.png\",\"contentUrl\":\"https:\/\/tiketi.com\/wp-content\/uploads\/2019\/05\/tiketi-logo-696.png\",\"width\":696,\"height\":696,\"caption\":\"Tiketi.com\"},\"image\":{\"@id\":\"https:\/\/tiketi.com\/#\/schema\/logo\/image\/\"},\"sameAs\":[\"https:\/\/www.facebook.com\/TiketiCom\/\"]}]}<\/script>\n<!-- \/ Yoast SEO plugin. -->","yoast_head_json":{"title":"Book an Air Taxi in Madrid Online | Cheap Flying Taxi Fares","description":"Book an air taxi in Madrid online with our app. Compare routes, fares, & flight tickets for air taxis, & find affordable flying taxi options","robots":{"index":"index","follow":"follow","max-snippet":"max-snippet:-1","max-image-preview":"max-image-preview:large","max-video-preview":"max-video-preview:-1"},"canonical":"https:\/\/tiketi.com\/fr-fr\/volants\/taxi-aerien\/madrid\/","og_locale":"fr_FR","og_type":"article","og_title":"Book an Air Taxi in Madrid Online | Cheap Flying Taxi Fares","og_description":"Book an air taxi in Madrid online with our app. Compare routes, fares, & flight tickets for air taxis, & find affordable flying taxi options","og_url":"https:\/\/tiketi.com\/fr-fr\/volants\/taxi-aerien\/madrid\/","og_site_name":"Tiketi.com","article_publisher":"https:\/\/www.facebook.com\/TiketiCom\/","article_modified_time":"2025-07-25T17:33:35+00:00","og_image":[{"width":1200,"height":200,"url":"https:\/\/tiketi.com\/wp-content\/uploads\/2019\/05\/madrid-dawn-2714571_1280.jpg","type":"image\/jpeg"}],"twitter_card":"summary_large_image","twitter_misc":{"Dur\u00e9e de lecture estim\u00e9e":"6 minutes"},"schema":{"@context":"https:\/\/schema.org","@graph":[{"@type":"WebPage","@id":"https:\/\/tiketi.com\/flying\/air-taxi\/madrid\/","url":"https:\/\/tiketi.com\/flying\/air-taxi\/madrid\/","name":"Book an Air Taxi in Madrid Online | Cheap Flying Taxi Fares","isPartOf":{"@id":"https:\/\/tiketi.com\/#website"},"primaryImageOfPage":{"@id":"https:\/\/tiketi.com\/flying\/air-taxi\/madrid\/#primaryimage"},"image":{"@id":"https:\/\/tiketi.com\/flying\/air-taxi\/madrid\/#primaryimage"},"thumbnailUrl":"https:\/\/tiketi.com\/wp-content\/uploads\/2019\/05\/madrid-dawn-2714571_1280.jpg","datePublished":"2022-01-19T11:53:40+00:00","dateModified":"2025-07-25T17:33:35+00:00","description":"Book an air taxi in Madrid online with our app. Compare routes, fares, & flight tickets for air taxis, & find affordable flying taxi options","breadcrumb":{"@id":"https:\/\/tiketi.com\/flying\/air-taxi\/madrid\/#breadcrumb"},"inLanguage":"fr-FR","potentialAction":[{"@type":"ReadAction","target":["https:\/\/tiketi.com\/flying\/air-taxi\/madrid\/"]}]},{"@type":"ImageObject","inLanguage":"fr-FR","@id":"https:\/\/tiketi.com\/flying\/air-taxi\/madrid\/#primaryimage","url":"https:\/\/tiketi.com\/wp-content\/uploads\/2019\/05\/madrid-dawn-2714571_1280.jpg","contentUrl":"https:\/\/tiketi.com\/wp-content\/uploads\/2019\/05\/madrid-dawn-2714571_1280.jpg","width":1200,"height":200,"caption":"Air Taxi in Madrid"},{"@type":"BreadcrumbList","@id":"https:\/\/tiketi.com\/flying\/air-taxi\/madrid\/#breadcrumb","itemListElement":[{"@type":"ListItem","position":1,"name":"Home","item":"https:\/\/tiketi.com\/"},{"@type":"ListItem","position":2,"name":"Flying","item":"https:\/\/tiketi.com\/fr-fr\/volants\/"},{"@type":"ListItem","position":3,"name":"Air Taxi","item":"https:\/\/tiketi.com\/flying\/air-taxi\/"},{"@type":"ListItem","position":4,"name":"Fly Over Madrid\u2019s Roads \u2013 Easy Air Taxi Madrid Online Bookings"}]},{"@type":"WebSite","@id":"https:\/\/tiketi.com\/#website","url":"https:\/\/tiketi.com\/","name":"Billets d&#039;avion et de bus, forfaits touristiques et activit\u00e9s - Tiketi.com","description":"Billets d&#039;avion et de bus, Tours, Activit\u00e9s","publisher":{"@id":"https:\/\/tiketi.com\/#organization"},"potentialAction":[{"@type":"SearchAction","target":{"@type":"EntryPoint","urlTemplate":"https:\/\/tiketi.com\/?s={search_term_string}"},"query-input":{"@type":"PropertyValueSpecification","valueRequired":true,"valueName":"search_term_string"}}],"inLanguage":"fr-FR"},{"@type":"Organization","@id":"https:\/\/tiketi.com\/#organization","name":"Tiketi.com","alternateName":"Tiketi","url":"https:\/\/tiketi.com\/","logo":{"@type":"ImageObject","inLanguage":"fr-FR","@id":"https:\/\/tiketi.com\/#\/schema\/logo\/image\/","url":"https:\/\/tiketi.com\/wp-content\/uploads\/2019\/05\/tiketi-logo-696.png","contentUrl":"https:\/\/tiketi.com\/wp-content\/uploads\/2019\/05\/tiketi-logo-696.png","width":696,"height":696,"caption":"Tiketi.com"},"image":{"@id":"https:\/\/tiketi.com\/#\/schema\/logo\/image\/"},"sameAs":["https:\/\/www.facebook.com\/TiketiCom\/"]}]}},"_links":{"self":[{"href":"https:\/\/tiketi.com\/fr-fr\/wp-json\/wp\/v2\/pages\/10673","targetHints":{"allow":["GET"]}}],"collection":[{"href":"https:\/\/tiketi.com\/fr-fr\/wp-json\/wp\/v2\/pages"}],"about":[{"href":"https:\/\/tiketi.com\/fr-fr\/wp-json\/wp\/v2\/types\/page"}],"author":[{"embeddable":true,"href":"https:\/\/tiketi.com\/fr-fr\/wp-json\/wp\/v2\/users\/1"}],"replies":[{"embeddable":true,"href":"https:\/\/tiketi.com\/fr-fr\/wp-json\/wp\/v2\/comments?post=10673"}],"version-history":[{"count":4,"href":"https:\/\/tiketi.com\/fr-fr\/wp-json\/wp\/v2\/pages\/10673\/revisions"}],"predecessor-version":[{"id":32091,"href":"https:\/\/tiketi.com\/fr-fr\/wp-json\/wp\/v2\/pages\/10673\/revisions\/32091"}],"up":[{"embeddable":true,"href":"https:\/\/tiketi.com\/fr-fr\/wp-json\/wp\/v2\/pages\/25621"}],"wp:featuredmedia":[{"embeddable":true,"href":"https:\/\/tiketi.com\/fr-fr\/wp-json\/wp\/v2\/media\/20339"}],"wp:attachment":[{"href":"https:\/\/tiketi.com\/fr-fr\/wp-json\/wp\/v2\/media?parent=10673"}],"curies":[{"name":"wp","href":"https:\/\/api.w.org\/{rel}","templated":true}]}}