{"id":10683,"date":"2022-01-19T12:53:40","date_gmt":"2022-01-19T11:53:40","guid":{"rendered":"https:\/\/new.tiketi.com\/how-to-get-data-plan-of-orange-egypt-internet-packages-bundles\/"},"modified":"2022-10-11T08:52:50","modified_gmt":"2022-10-11T07:52:50","slug":"how-to-get-data-plan-of-orange-egypt-internet-packages-bundles","status":"publish","type":"page","link":"https:\/\/tiketi.com\/fr-fr\/how-to-get-data-plan-of-orange-egypt-internet-packages-bundles\/","title":{"rendered":"Comment obtenir le plan de donn\u00e9es des forfaits \/ forfaits Internet Orange Egypt"},"content":{"rendered":"<p>Un d:<\/p>\n<h2>Forfaits de donn\u00e9es Orange Egypt, plan de donn\u00e9es, codes d&#039;abonnement et prix<\/h2>\n<p>Vous trouverez ci-dessous la liste de tous les forfaits de donn\u00e9es et tarifs d&#039;Orange Egypt \/ forfaits Internet Orange Egypt. Orange \u00e9tait le plus grand fournisseur de t\u00e9l\u00e9phonie mobile en \u00c9gypte \u00e0 l&#039;\u00e9poque o\u00f9 il \u00e9tait encore connu sous le nom de Mobinil. En 2016, ils ont \u00e9t\u00e9 renomm\u00e9s sous le label Orange. Trouvez ci-dessous le prix des forfaits de donn\u00e9es Orange Egypte pas chers:<\/p>\n<h2>Voici comment obtenir les forfaits de donn\u00e9es, les plans et les prix d&#039;Orange Egypt \/ Forfaits Internet Orange Egypt<\/h2>\n<h3>Forfaits de donn\u00e9es et prix Orange \u00c9gypte<\/h3>\n<p>Tous les clients sont sur Payer comme consommer par d\u00e9faut. Il vous sera propos\u00e9 12 Mo pour 1,5 LE\/jour, apr\u00e8s quoi vous serez factur\u00e9 environ 0,50 \u00e0 0,25 LE par Mo selon le forfait de donn\u00e9es Orange Egypt.<\/p>\n<h3>Ces forfaits de donn\u00e9es et tarifs Orange Egypt sont accessibles\u00a0:<\/h3>\n<h3>Prix du forfait de donn\u00e9es Orange \u00c9gypte<\/h3>\n<p>Donn\u00e9es<\/p>\n<p>Temps<\/p>\n<p>Activation<\/p>\n<p>LE 0,75<\/p>\n<p>10 Mo<\/p>\n<h3>Forfaits de donn\u00e9es horaires Vodafone Egypt\u00a0: 1\u00a0heure<\/h3>\n<p>*2000*01#<\/p>\n<p>LE 1,50<\/p>\n<p>30 Mo<\/p>\n<h3>Forfaits de donn\u00e9es horaires Vodafone Egypt\u00a0: 3\u00a0heures<\/h3>\n<p>*2000*03#<\/p>\n<p>LE 2.50<\/p>\n<p>60 Mo<\/p>\n<h3>Forfaits de donn\u00e9es horaires Vodafone Egypt\u00a0: 6\u00a0heures<\/h3>\n<p>*2000*06#<\/p>\n<p>LE 2<\/p>\n<p>50 Mo<\/p>\n<h3>Forfaits de donn\u00e9es hebdomadaires Vodafone Egypt\u00a0: 7\u00a0jours<\/h3>\n<p>*2000*72#<\/p>\n<p>LE 3<\/p>\n<p>100 Mo<\/p>\n<p>*2000*73#<\/p>\n<p>LE 7<\/p>\n<p>350 Mo<\/p>\n<p>*2000*77#<\/p>\n<p>LE 5<\/p>\n<p>150 Mo<\/p>\n<h3>Forfaits de donn\u00e9es mensuels Vodafone Egypt\u00a0: 28\u00a0jours<\/h3>\n<p>*2000*5#<\/p>\n<p>LE 10<\/p>\n<p>500 Mo<\/p>\n<p>*2000*10#<\/p>\n<p>LE 20<\/p>\n<p>1,1 Go<\/p>\n<p>*2000*20#<\/p>\n<p>LE 30<\/p>\n<p>1,8 Go<\/p>\n<p>*2000*30#<\/p>\n<p>LE 40<\/p>\n<p>2,5 Go<\/p>\n<p>*2000*40#<\/p>\n<p>LE 60<\/p>\n<p>4 GO<\/p>\n<p>*2000*60#<\/p>\n<p>LE 80<\/p>\n<p>6 Go<\/p>\n<p>*2000*80#<\/p>\n<p>LE 100<\/p>\n<p>8 Go<\/p>\n<p>*2000*100#<\/p>\n<p>LE 150<\/p>\n<p>12 Go<\/p>\n<p>*2000*150#<\/p>\n<p>LE 250<\/p>\n<p>20 Go<\/p>\n<p>*2000*250#<\/p>\n<p>LE 400<\/p>\n<p>40 Go<\/p>\n<p>*2000*400#<\/p>\n<h2>D\u00e9bit Internet Orange Egypte<\/h2>\n<p>Signal<br \/>\nVitesse de pointe\u00a0:<br \/>\nVitesse moyenne de navigation sur Internet\u00a0:<\/p>\n<p>Les informations ci-dessus sur les forfaits de donn\u00e9es Orange Egypt, les prix et les codes d&#039;abonnement sont valables selon notre derni\u00e8re mise \u00e0 jour 2020.<\/p>","protected":false},"excerpt":{"rendered":"<p>Ad: Orange Egypt Data Bundles, Data Plan, Subscription Codes and Prices Below is the list of every Orange Egypt\u00a0data plans and prices\u00a0\/ Orange Egypt internet packages. Orange used to be the largest mobile provider in Egypt back in the days when it was still known as Mobinil. In 2016 they were rebranded to the Orange [&hellip;]<\/p>\n","protected":false},"author":1,"featured_media":19675,"parent":0,"menu_order":0,"comment_status":"open","ping_status":"closed","template":"","meta":{"footnotes":""},"class_list":["post-10683","page","type-page","status-publish","has-post-thumbnail","hentry"],"yoast_head":"<!-- This site is optimized with the Yoast SEO plugin v27.5 - https:\/\/yoast.com\/product\/yoast-seo-wordpress\/ -->\n<title>How to get data plan of Orange Egypt internet packages \/ bundles<\/title>\n<meta name=\"description\" content=\"Are you looking for cheap unlimited monthly or weekly data plans of Orange Egypt data bundles, internet speed, subscription codes and prices? Here is how to get data plan of Orange Egypt internet packages \/ bundles\" \/>\n<meta name=\"robots\" content=\"index, follow, max-snippet:-1, max-image-preview:large, max-video-preview:-1\" \/>\n<link rel=\"canonical\" href=\"https:\/\/tiketi.com\/fr-fr\/how-to-get-data-plan-of-orange-egypt-internet-packages-bundles\/\" \/>\n<meta property=\"og:locale\" content=\"fr_FR\" \/>\n<meta property=\"og:type\" content=\"article\" \/>\n<meta property=\"og:title\" content=\"How to get data plan of Orange Egypt internet packages \/ bundles\" \/>\n<meta property=\"og:description\" content=\"Are you looking for cheap unlimited monthly or weekly data plans of Orange Egypt data bundles, internet speed, subscription codes and prices? Here is how to get data plan of Orange Egypt internet packages \/ bundles\" \/>\n<meta property=\"og:url\" content=\"https:\/\/tiketi.com\/fr-fr\/how-to-get-data-plan-of-orange-egypt-internet-packages-bundles\/\" \/>\n<meta property=\"og:site_name\" content=\"Tiketi.com\" \/>\n<meta property=\"article:publisher\" content=\"https:\/\/www.facebook.com\/TiketiCom\/\" \/>\n<meta property=\"article:modified_time\" content=\"2022-10-11T07:52:50+00:00\" \/>\n<meta property=\"og:image\" content=\"https:\/\/tiketi.com\/wp-content\/uploads\/2019\/05\/data-packages-2029825_1280.jpg\" \/>\n\t<meta property=\"og:image:width\" content=\"1200\" \/>\n\t<meta property=\"og:image:height\" content=\"200\" \/>\n\t<meta property=\"og:image:type\" content=\"image\/jpeg\" \/>\n<meta name=\"twitter:card\" content=\"summary_large_image\" \/>\n<meta name=\"twitter:label1\" content=\"Dur\u00e9e de lecture estim\u00e9e\" \/>\n\t<meta name=\"twitter:data1\" content=\"2 minutes\" \/>\n<script type=\"application\/ld+json\" class=\"yoast-schema-graph\">{\"@context\":\"https:\\\/\\\/schema.org\",\"@graph\":[{\"@type\":\"WebPage\",\"@id\":\"https:\\\/\\\/tiketi.com\\\/how-to-get-data-plan-of-orange-egypt-internet-packages-bundles\\\/\",\"url\":\"https:\\\/\\\/tiketi.com\\\/how-to-get-data-plan-of-orange-egypt-internet-packages-bundles\\\/\",\"name\":\"How to get data plan of Orange Egypt internet packages \\\/ bundles\",\"isPartOf\":{\"@id\":\"https:\\\/\\\/tiketi.com\\\/#website\"},\"primaryImageOfPage\":{\"@id\":\"https:\\\/\\\/tiketi.com\\\/how-to-get-data-plan-of-orange-egypt-internet-packages-bundles\\\/#primaryimage\"},\"image\":{\"@id\":\"https:\\\/\\\/tiketi.com\\\/how-to-get-data-plan-of-orange-egypt-internet-packages-bundles\\\/#primaryimage\"},\"thumbnailUrl\":\"https:\\\/\\\/tiketi.com\\\/wp-content\\\/uploads\\\/2019\\\/05\\\/data-packages-2029825_1280.jpg\",\"datePublished\":\"2022-01-19T11:53:40+00:00\",\"dateModified\":\"2022-10-11T07:52:50+00:00\",\"description\":\"Are you looking for cheap unlimited monthly or weekly data plans of Orange Egypt data bundles, internet speed, subscription codes and prices? Here is how to get data plan of Orange Egypt internet packages \\\/ bundles\",\"breadcrumb\":{\"@id\":\"https:\\\/\\\/tiketi.com\\\/how-to-get-data-plan-of-orange-egypt-internet-packages-bundles\\\/#breadcrumb\"},\"inLanguage\":\"fr-FR\",\"potentialAction\":[{\"@type\":\"ReadAction\",\"target\":[\"https:\\\/\\\/tiketi.com\\\/how-to-get-data-plan-of-orange-egypt-internet-packages-bundles\\\/\"]}]},{\"@type\":\"ImageObject\",\"inLanguage\":\"fr-FR\",\"@id\":\"https:\\\/\\\/tiketi.com\\\/how-to-get-data-plan-of-orange-egypt-internet-packages-bundles\\\/#primaryimage\",\"url\":\"https:\\\/\\\/tiketi.com\\\/wp-content\\\/uploads\\\/2019\\\/05\\\/data-packages-2029825_1280.jpg\",\"contentUrl\":\"https:\\\/\\\/tiketi.com\\\/wp-content\\\/uploads\\\/2019\\\/05\\\/data-packages-2029825_1280.jpg\",\"width\":1200,\"height\":200,\"caption\":\"How to get Data Plan \\\/ Packages \\\/ Top Up\"},{\"@type\":\"BreadcrumbList\",\"@id\":\"https:\\\/\\\/tiketi.com\\\/how-to-get-data-plan-of-orange-egypt-internet-packages-bundles\\\/#breadcrumb\",\"itemListElement\":[{\"@type\":\"ListItem\",\"position\":1,\"name\":\"Home\",\"item\":\"https:\\\/\\\/tiketi.com\\\/\"},{\"@type\":\"ListItem\",\"position\":2,\"name\":\"How to get data plan of Orange Egypt internet packages \\\/ bundles\"}]},{\"@type\":\"WebSite\",\"@id\":\"https:\\\/\\\/tiketi.com\\\/#website\",\"url\":\"https:\\\/\\\/tiketi.com\\\/\",\"name\":\"Flight & Bus Tickets, Tour Packages & Activitites - Tiketi.com\",\"description\":\"Flight &amp; Bus Tickets, Tours, Activitites\",\"publisher\":{\"@id\":\"https:\\\/\\\/tiketi.com\\\/#organization\"},\"potentialAction\":[{\"@type\":\"SearchAction\",\"target\":{\"@type\":\"EntryPoint\",\"urlTemplate\":\"https:\\\/\\\/tiketi.com\\\/?s={search_term_string}\"},\"query-input\":{\"@type\":\"PropertyValueSpecification\",\"valueRequired\":true,\"valueName\":\"search_term_string\"}}],\"inLanguage\":\"fr-FR\"},{\"@type\":\"Organization\",\"@id\":\"https:\\\/\\\/tiketi.com\\\/#organization\",\"name\":\"Tiketi.com\",\"alternateName\":\"Tiketi\",\"url\":\"https:\\\/\\\/tiketi.com\\\/\",\"logo\":{\"@type\":\"ImageObject\",\"inLanguage\":\"fr-FR\",\"@id\":\"https:\\\/\\\/tiketi.com\\\/#\\\/schema\\\/logo\\\/image\\\/\",\"url\":\"https:\\\/\\\/tiketi.com\\\/wp-content\\\/uploads\\\/2019\\\/05\\\/tiketi-logo-696.png\",\"contentUrl\":\"https:\\\/\\\/tiketi.com\\\/wp-content\\\/uploads\\\/2019\\\/05\\\/tiketi-logo-696.png\",\"width\":696,\"height\":696,\"caption\":\"Tiketi.com\"},\"image\":{\"@id\":\"https:\\\/\\\/tiketi.com\\\/#\\\/schema\\\/logo\\\/image\\\/\"},\"sameAs\":[\"https:\\\/\\\/www.facebook.com\\\/TiketiCom\\\/\"]}]}<\/script>\n<!-- \/ Yoast SEO plugin. -->","yoast_head_json":{"title":"Comment obtenir le plan de donn\u00e9es des forfaits \/ forfaits Internet Orange Egypt","description":"\u00cates-vous \u00e0 la recherche de forfaits de donn\u00e9es mensuels ou hebdomadaires illimit\u00e9s bon march\u00e9 parmi les forfaits de donn\u00e9es Orange Egypt, la vitesse Internet, les codes d&#039;abonnement et les prix\u00a0? Voici comment obtenir le plan de donn\u00e9es des forfaits \/ forfaits Internet Orange Egypt","robots":{"index":"index","follow":"follow","max-snippet":"max-snippet:-1","max-image-preview":"max-image-preview:large","max-video-preview":"max-video-preview:-1"},"canonical":"https:\/\/tiketi.com\/fr-fr\/how-to-get-data-plan-of-orange-egypt-internet-packages-bundles\/","og_locale":"fr_FR","og_type":"article","og_title":"How to get data plan of Orange Egypt internet packages \/ bundles","og_description":"Are you looking for cheap unlimited monthly or weekly data plans of Orange Egypt data bundles, internet speed, subscription codes and prices? Here is how to get data plan of Orange Egypt internet packages \/ bundles","og_url":"https:\/\/tiketi.com\/fr-fr\/how-to-get-data-plan-of-orange-egypt-internet-packages-bundles\/","og_site_name":"Tiketi.com","article_publisher":"https:\/\/www.facebook.com\/TiketiCom\/","article_modified_time":"2022-10-11T07:52:50+00:00","og_image":[{"width":1200,"height":200,"url":"https:\/\/tiketi.com\/wp-content\/uploads\/2019\/05\/data-packages-2029825_1280.jpg","type":"image\/jpeg"}],"twitter_card":"summary_large_image","twitter_misc":{"Dur\u00e9e de lecture estim\u00e9e":"2 minutes"},"schema":{"@context":"https:\/\/schema.org","@graph":[{"@type":"WebPage","@id":"https:\/\/tiketi.com\/how-to-get-data-plan-of-orange-egypt-internet-packages-bundles\/","url":"https:\/\/tiketi.com\/how-to-get-data-plan-of-orange-egypt-internet-packages-bundles\/","name":"Comment obtenir le plan de donn\u00e9es des forfaits \/ forfaits Internet Orange Egypt","isPartOf":{"@id":"https:\/\/tiketi.com\/#website"},"primaryImageOfPage":{"@id":"https:\/\/tiketi.com\/how-to-get-data-plan-of-orange-egypt-internet-packages-bundles\/#primaryimage"},"image":{"@id":"https:\/\/tiketi.com\/how-to-get-data-plan-of-orange-egypt-internet-packages-bundles\/#primaryimage"},"thumbnailUrl":"https:\/\/tiketi.com\/wp-content\/uploads\/2019\/05\/data-packages-2029825_1280.jpg","datePublished":"2022-01-19T11:53:40+00:00","dateModified":"2022-10-11T07:52:50+00:00","description":"\u00cates-vous \u00e0 la recherche de forfaits de donn\u00e9es mensuels ou hebdomadaires illimit\u00e9s bon march\u00e9 parmi les forfaits de donn\u00e9es Orange Egypt, la vitesse Internet, les codes d&#039;abonnement et les prix\u00a0? Voici comment obtenir le plan de donn\u00e9es des forfaits \/ forfaits Internet Orange Egypt","breadcrumb":{"@id":"https:\/\/tiketi.com\/how-to-get-data-plan-of-orange-egypt-internet-packages-bundles\/#breadcrumb"},"inLanguage":"fr-FR","potentialAction":[{"@type":"ReadAction","target":["https:\/\/tiketi.com\/how-to-get-data-plan-of-orange-egypt-internet-packages-bundles\/"]}]},{"@type":"ImageObject","inLanguage":"fr-FR","@id":"https:\/\/tiketi.com\/how-to-get-data-plan-of-orange-egypt-internet-packages-bundles\/#primaryimage","url":"https:\/\/tiketi.com\/wp-content\/uploads\/2019\/05\/data-packages-2029825_1280.jpg","contentUrl":"https:\/\/tiketi.com\/wp-content\/uploads\/2019\/05\/data-packages-2029825_1280.jpg","width":1200,"height":200,"caption":"How to get Data Plan \/ Packages \/ Top Up"},{"@type":"BreadcrumbList","@id":"https:\/\/tiketi.com\/how-to-get-data-plan-of-orange-egypt-internet-packages-bundles\/#breadcrumb","itemListElement":[{"@type":"ListItem","position":1,"name":"Home","item":"https:\/\/tiketi.com\/"},{"@type":"ListItem","position":2,"name":"How to get data plan of Orange Egypt internet packages \/ bundles"}]},{"@type":"WebSite","@id":"https:\/\/tiketi.com\/#website","url":"https:\/\/tiketi.com\/","name":"Billets d&#039;avion et de bus, forfaits touristiques et activit\u00e9s - Tiketi.com","description":"Billets d&#039;avion et de bus, Tours, Activit\u00e9s","publisher":{"@id":"https:\/\/tiketi.com\/#organization"},"potentialAction":[{"@type":"SearchAction","target":{"@type":"EntryPoint","urlTemplate":"https:\/\/tiketi.com\/?s={search_term_string}"},"query-input":{"@type":"PropertyValueSpecification","valueRequired":true,"valueName":"search_term_string"}}],"inLanguage":"fr-FR"},{"@type":"Organization","@id":"https:\/\/tiketi.com\/#organization","name":"Tiketi.com","alternateName":"Tiketi","url":"https:\/\/tiketi.com\/","logo":{"@type":"ImageObject","inLanguage":"fr-FR","@id":"https:\/\/tiketi.com\/#\/schema\/logo\/image\/","url":"https:\/\/tiketi.com\/wp-content\/uploads\/2019\/05\/tiketi-logo-696.png","contentUrl":"https:\/\/tiketi.com\/wp-content\/uploads\/2019\/05\/tiketi-logo-696.png","width":696,"height":696,"caption":"Tiketi.com"},"image":{"@id":"https:\/\/tiketi.com\/#\/schema\/logo\/image\/"},"sameAs":["https:\/\/www.facebook.com\/TiketiCom\/"]}]}},"_links":{"self":[{"href":"https:\/\/tiketi.com\/fr-fr\/wp-json\/wp\/v2\/pages\/10683","targetHints":{"allow":["GET"]}}],"collection":[{"href":"https:\/\/tiketi.com\/fr-fr\/wp-json\/wp\/v2\/pages"}],"about":[{"href":"https:\/\/tiketi.com\/fr-fr\/wp-json\/wp\/v2\/types\/page"}],"author":[{"embeddable":true,"href":"https:\/\/tiketi.com\/fr-fr\/wp-json\/wp\/v2\/users\/1"}],"replies":[{"embeddable":true,"href":"https:\/\/tiketi.com\/fr-fr\/wp-json\/wp\/v2\/comments?post=10683"}],"version-history":[{"count":0,"href":"https:\/\/tiketi.com\/fr-fr\/wp-json\/wp\/v2\/pages\/10683\/revisions"}],"wp:featuredmedia":[{"embeddable":true,"href":"https:\/\/tiketi.com\/fr-fr\/wp-json\/wp\/v2\/media\/19675"}],"wp:attachment":[{"href":"https:\/\/tiketi.com\/fr-fr\/wp-json\/wp\/v2\/media?parent=10683"}],"curies":[{"name":"wp","href":"https:\/\/api.w.org\/{rel}","templated":true}]}}