{"id":10684,"date":"2022-01-19T12:53:40","date_gmt":"2022-01-19T11:53:40","guid":{"rendered":"https:\/\/new.tiketi.com\/how-to-get-data-plan-of-vodafone-egypt-internet-packages-bundles\/"},"modified":"2022-07-14T13:02:08","modified_gmt":"2022-07-14T12:02:08","slug":"internet-mobile-vodafone-egypt-data-bundles","status":"publish","type":"page","link":"https:\/\/tiketi.com\/fr-fr\/internet-mobile-vodafone-egypt-data-bundles\/","title":{"rendered":"Comment obtenir le plan de donn\u00e9es des forfaits \/ forfaits Internet Vodafone Egypt"},"content":{"rendered":"<p><strong>Un d:\u00a0<\/strong><\/p>\n<p><strong><a href=\"https:\/\/fiymo.com\/register\" target=\"_blank\" rel=\"noopener\"><\/a><\/strong><\/p>\n<h2>Forfaits de donn\u00e9es Vodafone Egypt, plan de donn\u00e9es, codes d&#039;abonnement et prix<\/h2>\n<p>Vous trouverez ci-dessous la liste de tous les plans de donn\u00e9es et prix de Vodafone Egypt \/ Forfaits Internet Vodafone Egypt. Vodafone Egypt, d\u00e9tenue \u00e0 moiti\u00e9 par Telecom Egypt, est devenu le plus grand fournisseur d&#039;Egypte avec une part de march\u00e9 de quarante-quatre pour cent. Il a d\u00e9pass\u00e9 Mobinil en 2011 et offre la meilleure couverture \u00e0 des tarifs assez \u00e9lev\u00e9s. Trouvez ci-dessous le prix des forfaits de donn\u00e9es Vodafone Egypt bon march\u00e9:<\/p>\n<h2>Voici comment obtenir les forfaits de donn\u00e9es, les plans et les prix de Vodafone Egypt \/ Forfaits Internet Vodafone Egypt<\/h2>\n<h3>Forfaits de donn\u00e9es et prix de Vodafone Egypt<\/h3>\n<p>Le tarif par d\u00e9faut en dehors des forfaits est de 0,25 LE par Mo sur la plupart des cartes SIM nationales. Ils fournissent les forfaits de donn\u00e9es mensuels suivants de Vodafone Egypt en tant que modules compl\u00e9mentaires \u00e0 toutes leurs lignes pr\u00e9pay\u00e9es\u00a0:<\/p>\n<table border=\"0\" cellspacing=\"1\" cellpadding=\"1\">\n<tbody>\n<tr>\n<th scope=\"col\">\n<h3>Prix du forfait de donn\u00e9es Vodafone \u00c9gypte<\/h3>\n<\/th>\n<th scope=\"col\">\n<h3>Donn\u00e9es<\/h3>\n<\/th>\n<th scope=\"col\">\n<h3>Temps<\/h3>\n<\/th>\n<th scope=\"col\">\n<h3>Activation<\/h3>\n<\/th>\n<\/tr>\n<tr>\n<td>\n<h3>LE 0,75<\/h3>\n<\/td>\n<td>\n<h3>10 Mo<\/h3>\n<\/td>\n<td>\n<h3>Forfaits de donn\u00e9es horaires Vodafone Egypt\u00a0: 1\u00a0heure<\/h3>\n<\/td>\n<td>\n<h3>*2000*01#<\/h3>\n<\/td>\n<\/tr>\n<tr>\n<td>\n<h3>LE 1,50<\/h3>\n<\/td>\n<td>\n<h3>30 Mo<\/h3>\n<\/td>\n<td>\n<h3>Forfaits de donn\u00e9es horaires Vodafone Egypt\u00a0: 3\u00a0heures<\/h3>\n<\/td>\n<td>\n<h3>*2000*03#<\/h3>\n<\/td>\n<\/tr>\n<tr>\n<td>\n<h3>LE 2.50<\/h3>\n<\/td>\n<td>\n<h3>60 Mo<\/h3>\n<\/td>\n<td>\n<h3>Forfaits de donn\u00e9es horaires Vodafone Egypt\u00a0: 6\u00a0heures<\/h3>\n<\/td>\n<td>\n<h3>*2000*06#<\/h3>\n<\/td>\n<\/tr>\n<tr>\n<td>\n<h3>LE 2<\/h3>\n<\/td>\n<td>\n<h3>50 Mo<\/h3>\n<\/td>\n<td rowspan=\"3\">\n<h3>Forfaits de donn\u00e9es hebdomadaires Vodafone Egypt\u00a0: 7\u00a0jours<\/h3>\n<\/td>\n<td>\n<h3>*2000*72#<\/h3>\n<\/td>\n<\/tr>\n<tr>\n<td>\n<h3>LE 3<\/h3>\n<\/td>\n<td>\n<h3>100 Mo<\/h3>\n<\/td>\n<td>\n<h3>*2000*73#<\/h3>\n<\/td>\n<\/tr>\n<tr>\n<td>\n<h3>LE 7<\/h3>\n<\/td>\n<td>\n<h3>350 Mo<\/h3>\n<\/td>\n<td>\n<h3>*2000*77#<\/h3>\n<\/td>\n<\/tr>\n<tr>\n<td>\n<h3>LE 5<\/h3>\n<\/td>\n<td>\n<h3>150 Mo<\/h3>\n<\/td>\n<td rowspan=\"11\">\n<h3>Forfaits de donn\u00e9es mensuels Vodafone Egypt\u00a0: 28\u00a0jours<\/h3>\n<\/td>\n<td>\n<h3>*2000*5#<\/h3>\n<\/td>\n<\/tr>\n<tr>\n<td>\n<h3>LE 10<\/h3>\n<\/td>\n<td>\n<h3>500 Mo<\/h3>\n<\/td>\n<td>\n<h3>*2000*10#<\/h3>\n<\/td>\n<\/tr>\n<tr>\n<td>\n<h3>LE 20<\/h3>\n<\/td>\n<td>\n<h3>1,1 Go<\/h3>\n<\/td>\n<td>\n<h3>*2000*20#<\/h3>\n<\/td>\n<\/tr>\n<tr>\n<td>\n<h3>LE 30<\/h3>\n<\/td>\n<td>\n<h3>1,8 Go<\/h3>\n<\/td>\n<td>\n<h3>*2000*30#<\/h3>\n<\/td>\n<\/tr>\n<tr>\n<td>\n<h3>LE 40<\/h3>\n<\/td>\n<td>\n<h3>2,5 Go<\/h3>\n<\/td>\n<td>\n<h3>*2000*40#<\/h3>\n<\/td>\n<\/tr>\n<tr>\n<td>\n<h3>LE 60<\/h3>\n<\/td>\n<td>\n<h3>4 GO<\/h3>\n<\/td>\n<td>\n<h3>*2000*60#<\/h3>\n<\/td>\n<\/tr>\n<tr>\n<td>\n<h3>LE 80<\/h3>\n<\/td>\n<td>\n<h3>6 Go<\/h3>\n<\/td>\n<td>\n<h3>*2000*80#<\/h3>\n<\/td>\n<\/tr>\n<tr>\n<td>\n<h3>LE 100<\/h3>\n<\/td>\n<td>\n<h3>8 Go<\/h3>\n<\/td>\n<td>\n<h3>*2000*100#<\/h3>\n<\/td>\n<\/tr>\n<tr>\n<td>\n<h3>LE 150<\/h3>\n<\/td>\n<td>\n<h3>12 Go<\/h3>\n<\/td>\n<td>\n<h3>*2000*150#<\/h3>\n<\/td>\n<\/tr>\n<tr>\n<td>\n<h3>LE 250<\/h3>\n<\/td>\n<td>\n<h3>20 Go<\/h3>\n<\/td>\n<td>\n<h3>*2000*250#<\/h3>\n<\/td>\n<\/tr>\n<tr>\n<td>\n<h3>LE 400<\/h3>\n<\/td>\n<td>\n<h3>40 Go<\/h3>\n<\/td>\n<td>\n<h3>*2000*400#<\/h3>\n<\/td>\n<\/tr>\n<\/tbody>\n<\/table>\n<h2>Vodafone \u00c9gypte Vitesse Internet<\/h2>\n<p><strong>Signal<\/strong><br \/>\n<strong>Vitesse de pointe\u00a0:<\/strong><br \/>\n<strong>Vitesse moyenne de navigation sur Internet\u00a0:<\/strong><\/p>\n<p>Les informations ci-dessus sur les forfaits de donn\u00e9es Vodafone Egypt, les prix et les codes d&#039;abonnement sont valables selon notre derni\u00e8re mise \u00e0 jour 2020.<\/p>","protected":false},"excerpt":{"rendered":"<p>Ad:\u00a0 Vodafone Egypt Data Bundles,\u00a0Data Plan, Subscription Codes and Prices Below is the list of every Vodafone Egypt\u00a0data plans and prices\u00a0\/ Vodafone Egypt internet packages. Vodafone Egypt, half owned by Telecom Egypt, has become the largest provider in Egypt with a forty-four percent share of the market. It overtook Mobinil in 2011 and provides a [&hellip;]<\/p>\n","protected":false},"author":1,"featured_media":19675,"parent":0,"menu_order":0,"comment_status":"open","ping_status":"closed","template":"template-home-modern.php","meta":{"footnotes":""},"class_list":["post-10684","page","type-page","status-publish","has-post-thumbnail","hentry"],"yoast_head":"<!-- This site is optimized with the Yoast SEO plugin v27.2 - https:\/\/yoast.com\/product\/yoast-seo-wordpress\/ -->\n<title>How to get data plan of Vodafone Egypt internet packages \/ bundles<\/title>\n<meta name=\"description\" content=\"Are you looking for cheap data plans of Vodafone Egypt data bundles, speed, subscription codes and prices? Here is how to get data plan of Vodafone Egypt internet packages \/ bundles\" \/>\n<meta name=\"robots\" content=\"index, follow, max-snippet:-1, max-image-preview:large, max-video-preview:-1\" \/>\n<link rel=\"canonical\" href=\"https:\/\/tiketi.com\/fr-fr\/internet-mobile-vodafone-egypt-data-bundles\/\" \/>\n<meta property=\"og:locale\" content=\"fr_FR\" \/>\n<meta property=\"og:type\" content=\"article\" \/>\n<meta property=\"og:title\" content=\"How to get data plan of Vodafone Egypt internet packages \/ bundles\" \/>\n<meta property=\"og:description\" content=\"Are you looking for cheap data plans of Vodafone Egypt data bundles, speed, subscription codes and prices? Here is how to get data plan of Vodafone Egypt internet packages \/ bundles\" \/>\n<meta property=\"og:url\" content=\"https:\/\/tiketi.com\/fr-fr\/internet-mobile-vodafone-egypt-data-bundles\/\" \/>\n<meta property=\"og:site_name\" content=\"Tiketi.com\" \/>\n<meta property=\"article:publisher\" content=\"https:\/\/www.facebook.com\/TiketiCom\/\" \/>\n<meta property=\"article:modified_time\" content=\"2022-07-14T12:02:08+00:00\" \/>\n<meta property=\"og:image\" content=\"https:\/\/tiketi.com\/wp-content\/uploads\/2019\/05\/data-packages-2029825_1280.jpg\" \/>\n\t<meta property=\"og:image:width\" content=\"1200\" \/>\n\t<meta property=\"og:image:height\" content=\"200\" \/>\n\t<meta property=\"og:image:type\" content=\"image\/jpeg\" \/>\n<meta name=\"twitter:card\" content=\"summary_large_image\" \/>\n<meta name=\"twitter:label1\" content=\"Dur\u00e9e de lecture estim\u00e9e\" \/>\n\t<meta name=\"twitter:data1\" content=\"2 minutes\" \/>\n<script type=\"application\/ld+json\" class=\"yoast-schema-graph\">{\"@context\":\"https:\/\/schema.org\",\"@graph\":[{\"@type\":\"WebPage\",\"@id\":\"https:\/\/tiketi.com\/internet-mobile-vodafone-egypt-data-bundles\/\",\"url\":\"https:\/\/tiketi.com\/internet-mobile-vodafone-egypt-data-bundles\/\",\"name\":\"How to get data plan of Vodafone Egypt internet packages \/ bundles\",\"isPartOf\":{\"@id\":\"https:\/\/tiketi.com\/#website\"},\"primaryImageOfPage\":{\"@id\":\"https:\/\/tiketi.com\/internet-mobile-vodafone-egypt-data-bundles\/#primaryimage\"},\"image\":{\"@id\":\"https:\/\/tiketi.com\/internet-mobile-vodafone-egypt-data-bundles\/#primaryimage\"},\"thumbnailUrl\":\"https:\/\/tiketi.com\/wp-content\/uploads\/2019\/05\/data-packages-2029825_1280.jpg\",\"datePublished\":\"2022-01-19T11:53:40+00:00\",\"dateModified\":\"2022-07-14T12:02:08+00:00\",\"description\":\"Are you looking for cheap data plans of Vodafone Egypt data bundles, speed, subscription codes and prices? Here is how to get data plan of Vodafone Egypt internet packages \/ bundles\",\"breadcrumb\":{\"@id\":\"https:\/\/tiketi.com\/internet-mobile-vodafone-egypt-data-bundles\/#breadcrumb\"},\"inLanguage\":\"fr-FR\",\"potentialAction\":[{\"@type\":\"ReadAction\",\"target\":[\"https:\/\/tiketi.com\/internet-mobile-vodafone-egypt-data-bundles\/\"]}]},{\"@type\":\"ImageObject\",\"inLanguage\":\"fr-FR\",\"@id\":\"https:\/\/tiketi.com\/internet-mobile-vodafone-egypt-data-bundles\/#primaryimage\",\"url\":\"https:\/\/tiketi.com\/wp-content\/uploads\/2019\/05\/data-packages-2029825_1280.jpg\",\"contentUrl\":\"https:\/\/tiketi.com\/wp-content\/uploads\/2019\/05\/data-packages-2029825_1280.jpg\",\"width\":1200,\"height\":200,\"caption\":\"How to get Data Plan \/ Packages \/ Top Up\"},{\"@type\":\"BreadcrumbList\",\"@id\":\"https:\/\/tiketi.com\/internet-mobile-vodafone-egypt-data-bundles\/#breadcrumb\",\"itemListElement\":[{\"@type\":\"ListItem\",\"position\":1,\"name\":\"Home\",\"item\":\"https:\/\/tiketi.com\/\"},{\"@type\":\"ListItem\",\"position\":2,\"name\":\"How to get data plan of Vodafone Egypt internet packages \/ bundles\"}]},{\"@type\":\"WebSite\",\"@id\":\"https:\/\/tiketi.com\/#website\",\"url\":\"https:\/\/tiketi.com\/\",\"name\":\"Flight & Bus Tickets, Tour Packages & Activitites - Tiketi.com\",\"description\":\"Flight &amp; Bus Tickets, Tours, Activitites\",\"publisher\":{\"@id\":\"https:\/\/tiketi.com\/#organization\"},\"potentialAction\":[{\"@type\":\"SearchAction\",\"target\":{\"@type\":\"EntryPoint\",\"urlTemplate\":\"https:\/\/tiketi.com\/?s={search_term_string}\"},\"query-input\":{\"@type\":\"PropertyValueSpecification\",\"valueRequired\":true,\"valueName\":\"search_term_string\"}}],\"inLanguage\":\"fr-FR\"},{\"@type\":\"Organization\",\"@id\":\"https:\/\/tiketi.com\/#organization\",\"name\":\"Tiketi.com\",\"alternateName\":\"Tiketi\",\"url\":\"https:\/\/tiketi.com\/\",\"logo\":{\"@type\":\"ImageObject\",\"inLanguage\":\"fr-FR\",\"@id\":\"https:\/\/tiketi.com\/#\/schema\/logo\/image\/\",\"url\":\"https:\/\/tiketi.com\/wp-content\/uploads\/2019\/05\/tiketi-logo-696.png\",\"contentUrl\":\"https:\/\/tiketi.com\/wp-content\/uploads\/2019\/05\/tiketi-logo-696.png\",\"width\":696,\"height\":696,\"caption\":\"Tiketi.com\"},\"image\":{\"@id\":\"https:\/\/tiketi.com\/#\/schema\/logo\/image\/\"},\"sameAs\":[\"https:\/\/www.facebook.com\/TiketiCom\/\"]}]}<\/script>\n<!-- \/ Yoast SEO plugin. -->","yoast_head_json":{"title":"Comment obtenir le plan de donn\u00e9es des forfaits \/ forfaits Internet Vodafone Egypt","description":"\u00cates-vous \u00e0 la recherche de forfaits de donn\u00e9es bon march\u00e9 pour les forfaits de donn\u00e9es Vodafone Egypt, la vitesse, les codes d&#039;abonnement et les prix\u00a0? Voici comment obtenir le plan de donn\u00e9es des forfaits \/ forfaits Internet de Vodafone Egypt","robots":{"index":"index","follow":"follow","max-snippet":"max-snippet:-1","max-image-preview":"max-image-preview:large","max-video-preview":"max-video-preview:-1"},"canonical":"https:\/\/tiketi.com\/fr-fr\/internet-mobile-vodafone-egypt-data-bundles\/","og_locale":"fr_FR","og_type":"article","og_title":"How to get data plan of Vodafone Egypt internet packages \/ bundles","og_description":"Are you looking for cheap data plans of Vodafone Egypt data bundles, speed, subscription codes and prices? Here is how to get data plan of Vodafone Egypt internet packages \/ bundles","og_url":"https:\/\/tiketi.com\/fr-fr\/internet-mobile-vodafone-egypt-data-bundles\/","og_site_name":"Tiketi.com","article_publisher":"https:\/\/www.facebook.com\/TiketiCom\/","article_modified_time":"2022-07-14T12:02:08+00:00","og_image":[{"width":1200,"height":200,"url":"https:\/\/tiketi.com\/wp-content\/uploads\/2019\/05\/data-packages-2029825_1280.jpg","type":"image\/jpeg"}],"twitter_card":"summary_large_image","twitter_misc":{"Dur\u00e9e de lecture estim\u00e9e":"2 minutes"},"schema":{"@context":"https:\/\/schema.org","@graph":[{"@type":"WebPage","@id":"https:\/\/tiketi.com\/internet-mobile-vodafone-egypt-data-bundles\/","url":"https:\/\/tiketi.com\/internet-mobile-vodafone-egypt-data-bundles\/","name":"Comment obtenir le plan de donn\u00e9es des forfaits \/ forfaits Internet Vodafone Egypt","isPartOf":{"@id":"https:\/\/tiketi.com\/#website"},"primaryImageOfPage":{"@id":"https:\/\/tiketi.com\/internet-mobile-vodafone-egypt-data-bundles\/#primaryimage"},"image":{"@id":"https:\/\/tiketi.com\/internet-mobile-vodafone-egypt-data-bundles\/#primaryimage"},"thumbnailUrl":"https:\/\/tiketi.com\/wp-content\/uploads\/2019\/05\/data-packages-2029825_1280.jpg","datePublished":"2022-01-19T11:53:40+00:00","dateModified":"2022-07-14T12:02:08+00:00","description":"\u00cates-vous \u00e0 la recherche de forfaits de donn\u00e9es bon march\u00e9 pour les forfaits de donn\u00e9es Vodafone Egypt, la vitesse, les codes d&#039;abonnement et les prix\u00a0? Voici comment obtenir le plan de donn\u00e9es des forfaits \/ forfaits Internet de Vodafone Egypt","breadcrumb":{"@id":"https:\/\/tiketi.com\/internet-mobile-vodafone-egypt-data-bundles\/#breadcrumb"},"inLanguage":"fr-FR","potentialAction":[{"@type":"ReadAction","target":["https:\/\/tiketi.com\/internet-mobile-vodafone-egypt-data-bundles\/"]}]},{"@type":"ImageObject","inLanguage":"fr-FR","@id":"https:\/\/tiketi.com\/internet-mobile-vodafone-egypt-data-bundles\/#primaryimage","url":"https:\/\/tiketi.com\/wp-content\/uploads\/2019\/05\/data-packages-2029825_1280.jpg","contentUrl":"https:\/\/tiketi.com\/wp-content\/uploads\/2019\/05\/data-packages-2029825_1280.jpg","width":1200,"height":200,"caption":"How to get Data Plan \/ Packages \/ Top Up"},{"@type":"BreadcrumbList","@id":"https:\/\/tiketi.com\/internet-mobile-vodafone-egypt-data-bundles\/#breadcrumb","itemListElement":[{"@type":"ListItem","position":1,"name":"Home","item":"https:\/\/tiketi.com\/"},{"@type":"ListItem","position":2,"name":"How to get data plan of Vodafone Egypt internet packages \/ bundles"}]},{"@type":"WebSite","@id":"https:\/\/tiketi.com\/#website","url":"https:\/\/tiketi.com\/","name":"Billets d&#039;avion et de bus, forfaits touristiques et activit\u00e9s - Tiketi.com","description":"Billets d&#039;avion et de bus, Tours, Activit\u00e9s","publisher":{"@id":"https:\/\/tiketi.com\/#organization"},"potentialAction":[{"@type":"SearchAction","target":{"@type":"EntryPoint","urlTemplate":"https:\/\/tiketi.com\/?s={search_term_string}"},"query-input":{"@type":"PropertyValueSpecification","valueRequired":true,"valueName":"search_term_string"}}],"inLanguage":"fr-FR"},{"@type":"Organization","@id":"https:\/\/tiketi.com\/#organization","name":"Tiketi.com","alternateName":"Tiketi","url":"https:\/\/tiketi.com\/","logo":{"@type":"ImageObject","inLanguage":"fr-FR","@id":"https:\/\/tiketi.com\/#\/schema\/logo\/image\/","url":"https:\/\/tiketi.com\/wp-content\/uploads\/2019\/05\/tiketi-logo-696.png","contentUrl":"https:\/\/tiketi.com\/wp-content\/uploads\/2019\/05\/tiketi-logo-696.png","width":696,"height":696,"caption":"Tiketi.com"},"image":{"@id":"https:\/\/tiketi.com\/#\/schema\/logo\/image\/"},"sameAs":["https:\/\/www.facebook.com\/TiketiCom\/"]}]}},"_links":{"self":[{"href":"https:\/\/tiketi.com\/fr-fr\/wp-json\/wp\/v2\/pages\/10684","targetHints":{"allow":["GET"]}}],"collection":[{"href":"https:\/\/tiketi.com\/fr-fr\/wp-json\/wp\/v2\/pages"}],"about":[{"href":"https:\/\/tiketi.com\/fr-fr\/wp-json\/wp\/v2\/types\/page"}],"author":[{"embeddable":true,"href":"https:\/\/tiketi.com\/fr-fr\/wp-json\/wp\/v2\/users\/1"}],"replies":[{"embeddable":true,"href":"https:\/\/tiketi.com\/fr-fr\/wp-json\/wp\/v2\/comments?post=10684"}],"version-history":[{"count":0,"href":"https:\/\/tiketi.com\/fr-fr\/wp-json\/wp\/v2\/pages\/10684\/revisions"}],"wp:featuredmedia":[{"embeddable":true,"href":"https:\/\/tiketi.com\/fr-fr\/wp-json\/wp\/v2\/media\/19675"}],"wp:attachment":[{"href":"https:\/\/tiketi.com\/fr-fr\/wp-json\/wp\/v2\/media?parent=10684"}],"curies":[{"name":"wp","href":"https:\/\/api.w.org\/{rel}","templated":true}]}}