{"id":10685,"date":"2022-01-19T12:53:40","date_gmt":"2022-01-19T11:53:40","guid":{"rendered":"https:\/\/new.tiketi.com\/how-to-pay-for-things-in-nigeria-and-safe-online-payment-methods\/"},"modified":"2023-02-17T09:12:15","modified_gmt":"2023-02-17T08:12:15","slug":"pay-for-things-online-payment-methods-in-nigeria","status":"publish","type":"page","link":"https:\/\/tiketi.com\/fr-fr\/pay-for-things-online-payment-methods-in-nigeria\/","title":{"rendered":"Modes de paiement au Nigeria et comment effectuer des paiements en ligne"},"content":{"rendered":"<h2>Comment payer pour des choses au Nigeria<\/h2>\n<h3>Vous cherchez le meilleur moyen de payer vos achats au Nigeria ?<\/h3>\n<p>Voici les m\u00e9thodes de paiement au Nigeria et comment effectuer des paiements en ligne au Nigeria. Quelle est la meilleure fa\u00e7on de payer pour les choses au Nigeria ?<\/p>\n<h2>Paiements hors ligne, mobiles et en ligne au Nigeria<\/h2>\n<p>L&#039;argent liquide a longtemps \u00e9t\u00e9 roi au Nigeria malgr\u00e9 plus d&#039;une d\u00e9cennie d&#039;efforts pour offrir aux consommateurs des choix sans argent liquide.<\/p>\n<p>La raison \u00e9tait simple\u00a0: les esp\u00e8ces sont fiables et connues, et les consommateurs pr\u00e9f\u00e8rent payer leurs factures en personne avec de l&#039;argent. C&#039;est jusqu&#039;\u00e0 ce que COVID-19 frappe.<\/p>\n<p>Dans cette section, nous allons vous montrer les 7 options de paiement au Nigeria pour payer des biens et services en ligne en tant que Nig\u00e9rian. Ce sont les principales techniques de paiement pour les acheteurs nig\u00e9rians en ligne.<\/p>\n<h2>Meilleur moyen de payer pour des choses au Nigeria<\/h2>\n<h3>Modes de paiement au Nigeria avec cartes de cr\u00e9dit<\/h3>\n<p>Les cartes de cr\u00e9dit sont de plus en plus accept\u00e9es dans les restaurants et h\u00f4tels touristiques haut de gamme et milieu de gamme, ainsi que comme syst\u00e8mes de paiement en ligne pr\u00e9f\u00e9r\u00e9s dans les syst\u00e8mes de paiement nig\u00e9rians au Nig\u00e9ria. G\u00e9n\u00e9ralement, les cartes Visa\/Master Debit sont les cartes \u00e9mises par le Nigeria par leurs diff\u00e9rentes banques. Il est \u00e9galement connu sous le nom de cartes ATM. Oui, vous pouvez les utiliser pour payer le produit que vous souhaitez acheter en ligne. Les cartes MasterCard et Visa sont prises en charge par plus de quatre-vingt pour cent des sites d&#039;achat en ligne.<\/p>\n<h3>Cartes jetables\/de cr\u00e9dit<\/h3>\n<p>L&#039;utilisation d&#039;une carte virtuelle ou de cr\u00e9dit pour payer des marchandises en ligne est l&#039;une des techniques de paiement les plus s\u00fbres. Les cartes virtuelles ne peuvent \u00eatre utilis\u00e9es qu&#039;une seule fois, puis elles expirent, de cette fa\u00e7on, personne ne peut \u00eatre en mesure de retrouver les d\u00e9tails de votre carte-cl\u00e9 ou de les utiliser pour des activit\u00e9s frauduleuses.<\/p>\n<h3>Cartes en dollars<\/h3>\n<p>Ceci est similaire \u00e0 la Master Card et au Visa pour savoir comment payer des choses au Nigeria. Quoi qu&#039;il en soit, la diff\u00e9rence est que toutes les banques ne proposent pas \u00e0 leurs clients ce type de carte particulier. Les cartes en dollars sont g\u00e9n\u00e9ralement li\u00e9es \u00e0 des comptes domiciliaires, vous devez avoir un compte dortoir pour avoir une carte en dollars.<\/p>\n<h3>Pay Pal<\/h3>\n<p>Il s&#039;agit de la technique de paiement s\u00e9curis\u00e9 la plus g\u00e9n\u00e9rale et la plus largement utilis\u00e9e. PayPal est s\u00fbr \u00e0 cent pour cent comme technique de paiement lorsque vous effectuez des achats en ligne.<br \/>\nPresque tous les sites d&#039;achat en ligne dans le monde prennent en charge l&#039;utilisation de PayPal comme technique de paiement. Pour l&#039;utiliser comme technique de paiement pr\u00e9f\u00e9r\u00e9e, choisissez simplement &quot;PayPal&quot; lors du processus de paiement.<\/p>\n<h3>Payeur<\/h3>\n<p>Si vous avez un compte Payoneer avec des fonds dans lesquels vous avez l&#039;intention d&#039;utiliser et de payer les biens que vous achetez en ligne, vous pouvez utiliser la Payoneer Mastercard pour effectuer tous vos paiements sur Internet.<\/p>\n<h3>VCC (carte de cr\u00e9dit virtuelle)<\/h3>\n<p>Une autre technique c\u00e9l\u00e8bre pour effectuer le paiement des services et des biens est l&#039;utilisation de cartes de cr\u00e9dit virtuelles. Vous pouvez obtenir un VCC digne de confiance, le financer et l&#039;utiliser pour payer les choses que vous achetez en ligne.<\/p>\n<h3>Paiements en ligne au Nigeria<\/h3>\n<p>Cartes de cr\u00e9dit et de d\u00e9bit<\/p>\n<p>Paiement en \u00e9sp\u00e8ces<\/p>\n<p>Virements bancaires<\/p>\n<p>portefeuilles \u00e9lectroniques<\/p>\n<p>Les autres<\/p>\n<h2>Conseils sur les paiements hors ligne, mobiles et en ligne au Nigeria<\/h2>\n<h3>Cartes cadeaux<\/h3>\n<p>Les cartes-cadeaux sont la technique la plus connue pour effectuer des paiements sur Internet sur les plateformes\/sites qui les prennent en charge. Ils ne sont valables que pour ces plateformes\/sites qui les \u00e9mettent.<\/p>","protected":false},"excerpt":{"rendered":"<p>How to pay for things in Nigeria Looking for the best way to pay for things in Nigeria? Here are payment methods in Nigeria and how to make online payments in Nigeria. What is the best way to pay for things in Nigeria? Offline, mobile and online payments in Nigeria Cash was long King in [&hellip;]<\/p>\n","protected":false},"author":1,"featured_media":19964,"parent":0,"menu_order":0,"comment_status":"open","ping_status":"closed","template":"template-home-modern.php","meta":{"footnotes":""},"class_list":["post-10685","page","type-page","status-publish","has-post-thumbnail","hentry"],"yoast_head":"<!-- This site is optimized with the Yoast SEO plugin v27.2 - https:\/\/yoast.com\/product\/yoast-seo-wordpress\/ -->\n<title>Payment methods in Nigeria and how to make online payments<\/title>\n<meta name=\"description\" content=\"Looking for the best way to pay for things in Nigeria? Here are payment methods in Nigeria and how to make online payments in Nigeria safe\" \/>\n<meta name=\"robots\" content=\"index, follow, max-snippet:-1, max-image-preview:large, max-video-preview:-1\" \/>\n<link rel=\"canonical\" href=\"https:\/\/tiketi.com\/fr-fr\/pay-for-things-online-payment-methods-in-nigeria\/\" \/>\n<meta property=\"og:locale\" content=\"fr_FR\" \/>\n<meta property=\"og:type\" content=\"article\" \/>\n<meta property=\"og:title\" content=\"Payment methods in Nigeria and how to make online payments\" \/>\n<meta property=\"og:description\" content=\"Looking for the best way to pay for things in Nigeria? Here are payment methods in Nigeria and how to make online payments in Nigeria safe\" \/>\n<meta property=\"og:url\" content=\"https:\/\/tiketi.com\/fr-fr\/pay-for-things-online-payment-methods-in-nigeria\/\" \/>\n<meta property=\"og:site_name\" content=\"Tiketi.com\" \/>\n<meta property=\"article:publisher\" content=\"https:\/\/www.facebook.com\/TiketiCom\/\" \/>\n<meta property=\"article:modified_time\" content=\"2023-02-17T08:12:15+00:00\" \/>\n<meta property=\"og:image\" content=\"https:\/\/tiketi.com\/wp-content\/uploads\/2019\/05\/paymnet-ecommerce-shopping-3082813_.jpg\" \/>\n\t<meta property=\"og:image:width\" content=\"1200\" \/>\n\t<meta property=\"og:image:height\" content=\"200\" \/>\n\t<meta property=\"og:image:type\" content=\"image\/jpeg\" \/>\n<meta name=\"twitter:card\" content=\"summary_large_image\" \/>\n<meta name=\"twitter:label1\" content=\"Dur\u00e9e de lecture estim\u00e9e\" \/>\n\t<meta name=\"twitter:data1\" content=\"3 minutes\" \/>\n<script type=\"application\/ld+json\" class=\"yoast-schema-graph\">{\"@context\":\"https:\/\/schema.org\",\"@graph\":[{\"@type\":\"WebPage\",\"@id\":\"https:\/\/tiketi.com\/pay-for-things-online-payment-methods-in-nigeria\/\",\"url\":\"https:\/\/tiketi.com\/pay-for-things-online-payment-methods-in-nigeria\/\",\"name\":\"Payment methods in Nigeria and how to make online payments\",\"isPartOf\":{\"@id\":\"https:\/\/tiketi.com\/#website\"},\"primaryImageOfPage\":{\"@id\":\"https:\/\/tiketi.com\/pay-for-things-online-payment-methods-in-nigeria\/#primaryimage\"},\"image\":{\"@id\":\"https:\/\/tiketi.com\/pay-for-things-online-payment-methods-in-nigeria\/#primaryimage\"},\"thumbnailUrl\":\"https:\/\/tiketi.com\/wp-content\/uploads\/2019\/05\/paymnet-ecommerce-shopping-3082813_.jpg\",\"datePublished\":\"2022-01-19T11:53:40+00:00\",\"dateModified\":\"2023-02-17T08:12:15+00:00\",\"description\":\"Looking for the best way to pay for things in Nigeria? Here are payment methods in Nigeria and how to make online payments in Nigeria safe\",\"breadcrumb\":{\"@id\":\"https:\/\/tiketi.com\/pay-for-things-online-payment-methods-in-nigeria\/#breadcrumb\"},\"inLanguage\":\"fr-FR\",\"potentialAction\":[{\"@type\":\"ReadAction\",\"target\":[\"https:\/\/tiketi.com\/pay-for-things-online-payment-methods-in-nigeria\/\"]}]},{\"@type\":\"ImageObject\",\"inLanguage\":\"fr-FR\",\"@id\":\"https:\/\/tiketi.com\/pay-for-things-online-payment-methods-in-nigeria\/#primaryimage\",\"url\":\"https:\/\/tiketi.com\/wp-content\/uploads\/2019\/05\/paymnet-ecommerce-shopping-3082813_.jpg\",\"contentUrl\":\"https:\/\/tiketi.com\/wp-content\/uploads\/2019\/05\/paymnet-ecommerce-shopping-3082813_.jpg\",\"width\":1200,\"height\":200,\"caption\":\"How to pay for things\"},{\"@type\":\"BreadcrumbList\",\"@id\":\"https:\/\/tiketi.com\/pay-for-things-online-payment-methods-in-nigeria\/#breadcrumb\",\"itemListElement\":[{\"@type\":\"ListItem\",\"position\":1,\"name\":\"Home\",\"item\":\"https:\/\/tiketi.com\/\"},{\"@type\":\"ListItem\",\"position\":2,\"name\":\"Payment methods in Nigeria and how to make online payments\"}]},{\"@type\":\"WebSite\",\"@id\":\"https:\/\/tiketi.com\/#website\",\"url\":\"https:\/\/tiketi.com\/\",\"name\":\"Flight & Bus Tickets, Tour Packages & Activitites - Tiketi.com\",\"description\":\"Flight &amp; Bus Tickets, Tours, Activitites\",\"publisher\":{\"@id\":\"https:\/\/tiketi.com\/#organization\"},\"potentialAction\":[{\"@type\":\"SearchAction\",\"target\":{\"@type\":\"EntryPoint\",\"urlTemplate\":\"https:\/\/tiketi.com\/?s={search_term_string}\"},\"query-input\":{\"@type\":\"PropertyValueSpecification\",\"valueRequired\":true,\"valueName\":\"search_term_string\"}}],\"inLanguage\":\"fr-FR\"},{\"@type\":\"Organization\",\"@id\":\"https:\/\/tiketi.com\/#organization\",\"name\":\"Tiketi.com\",\"alternateName\":\"Tiketi\",\"url\":\"https:\/\/tiketi.com\/\",\"logo\":{\"@type\":\"ImageObject\",\"inLanguage\":\"fr-FR\",\"@id\":\"https:\/\/tiketi.com\/#\/schema\/logo\/image\/\",\"url\":\"https:\/\/tiketi.com\/wp-content\/uploads\/2019\/05\/tiketi-logo-696.png\",\"contentUrl\":\"https:\/\/tiketi.com\/wp-content\/uploads\/2019\/05\/tiketi-logo-696.png\",\"width\":696,\"height\":696,\"caption\":\"Tiketi.com\"},\"image\":{\"@id\":\"https:\/\/tiketi.com\/#\/schema\/logo\/image\/\"},\"sameAs\":[\"https:\/\/www.facebook.com\/TiketiCom\/\"]}]}<\/script>\n<!-- \/ Yoast SEO plugin. -->","yoast_head_json":{"title":"Modes de paiement au Nigeria et comment effectuer des paiements en ligne","description":"Vous cherchez le meilleur moyen de payer vos achats au Nigeria ? Voici les m\u00e9thodes de paiement au Nigeria et comment effectuer des paiements en ligne au Nigeria en toute s\u00e9curit\u00e9","robots":{"index":"index","follow":"follow","max-snippet":"max-snippet:-1","max-image-preview":"max-image-preview:large","max-video-preview":"max-video-preview:-1"},"canonical":"https:\/\/tiketi.com\/fr-fr\/pay-for-things-online-payment-methods-in-nigeria\/","og_locale":"fr_FR","og_type":"article","og_title":"Payment methods in Nigeria and how to make online payments","og_description":"Looking for the best way to pay for things in Nigeria? Here are payment methods in Nigeria and how to make online payments in Nigeria safe","og_url":"https:\/\/tiketi.com\/fr-fr\/pay-for-things-online-payment-methods-in-nigeria\/","og_site_name":"Tiketi.com","article_publisher":"https:\/\/www.facebook.com\/TiketiCom\/","article_modified_time":"2023-02-17T08:12:15+00:00","og_image":[{"width":1200,"height":200,"url":"https:\/\/tiketi.com\/wp-content\/uploads\/2019\/05\/paymnet-ecommerce-shopping-3082813_.jpg","type":"image\/jpeg"}],"twitter_card":"summary_large_image","twitter_misc":{"Dur\u00e9e de lecture estim\u00e9e":"3 minutes"},"schema":{"@context":"https:\/\/schema.org","@graph":[{"@type":"WebPage","@id":"https:\/\/tiketi.com\/pay-for-things-online-payment-methods-in-nigeria\/","url":"https:\/\/tiketi.com\/pay-for-things-online-payment-methods-in-nigeria\/","name":"Modes de paiement au Nigeria et comment effectuer des paiements en ligne","isPartOf":{"@id":"https:\/\/tiketi.com\/#website"},"primaryImageOfPage":{"@id":"https:\/\/tiketi.com\/pay-for-things-online-payment-methods-in-nigeria\/#primaryimage"},"image":{"@id":"https:\/\/tiketi.com\/pay-for-things-online-payment-methods-in-nigeria\/#primaryimage"},"thumbnailUrl":"https:\/\/tiketi.com\/wp-content\/uploads\/2019\/05\/paymnet-ecommerce-shopping-3082813_.jpg","datePublished":"2022-01-19T11:53:40+00:00","dateModified":"2023-02-17T08:12:15+00:00","description":"Vous cherchez le meilleur moyen de payer vos achats au Nigeria ? Voici les m\u00e9thodes de paiement au Nigeria et comment effectuer des paiements en ligne au Nigeria en toute s\u00e9curit\u00e9","breadcrumb":{"@id":"https:\/\/tiketi.com\/pay-for-things-online-payment-methods-in-nigeria\/#breadcrumb"},"inLanguage":"fr-FR","potentialAction":[{"@type":"ReadAction","target":["https:\/\/tiketi.com\/pay-for-things-online-payment-methods-in-nigeria\/"]}]},{"@type":"ImageObject","inLanguage":"fr-FR","@id":"https:\/\/tiketi.com\/pay-for-things-online-payment-methods-in-nigeria\/#primaryimage","url":"https:\/\/tiketi.com\/wp-content\/uploads\/2019\/05\/paymnet-ecommerce-shopping-3082813_.jpg","contentUrl":"https:\/\/tiketi.com\/wp-content\/uploads\/2019\/05\/paymnet-ecommerce-shopping-3082813_.jpg","width":1200,"height":200,"caption":"How to pay for things"},{"@type":"BreadcrumbList","@id":"https:\/\/tiketi.com\/pay-for-things-online-payment-methods-in-nigeria\/#breadcrumb","itemListElement":[{"@type":"ListItem","position":1,"name":"Home","item":"https:\/\/tiketi.com\/"},{"@type":"ListItem","position":2,"name":"Payment methods in Nigeria and how to make online payments"}]},{"@type":"WebSite","@id":"https:\/\/tiketi.com\/#website","url":"https:\/\/tiketi.com\/","name":"Billets d&#039;avion et de bus, forfaits touristiques et activit\u00e9s - Tiketi.com","description":"Billets d&#039;avion et de bus, Tours, Activit\u00e9s","publisher":{"@id":"https:\/\/tiketi.com\/#organization"},"potentialAction":[{"@type":"SearchAction","target":{"@type":"EntryPoint","urlTemplate":"https:\/\/tiketi.com\/?s={search_term_string}"},"query-input":{"@type":"PropertyValueSpecification","valueRequired":true,"valueName":"search_term_string"}}],"inLanguage":"fr-FR"},{"@type":"Organization","@id":"https:\/\/tiketi.com\/#organization","name":"Tiketi.com","alternateName":"Tiketi","url":"https:\/\/tiketi.com\/","logo":{"@type":"ImageObject","inLanguage":"fr-FR","@id":"https:\/\/tiketi.com\/#\/schema\/logo\/image\/","url":"https:\/\/tiketi.com\/wp-content\/uploads\/2019\/05\/tiketi-logo-696.png","contentUrl":"https:\/\/tiketi.com\/wp-content\/uploads\/2019\/05\/tiketi-logo-696.png","width":696,"height":696,"caption":"Tiketi.com"},"image":{"@id":"https:\/\/tiketi.com\/#\/schema\/logo\/image\/"},"sameAs":["https:\/\/www.facebook.com\/TiketiCom\/"]}]}},"_links":{"self":[{"href":"https:\/\/tiketi.com\/fr-fr\/wp-json\/wp\/v2\/pages\/10685","targetHints":{"allow":["GET"]}}],"collection":[{"href":"https:\/\/tiketi.com\/fr-fr\/wp-json\/wp\/v2\/pages"}],"about":[{"href":"https:\/\/tiketi.com\/fr-fr\/wp-json\/wp\/v2\/types\/page"}],"author":[{"embeddable":true,"href":"https:\/\/tiketi.com\/fr-fr\/wp-json\/wp\/v2\/users\/1"}],"replies":[{"embeddable":true,"href":"https:\/\/tiketi.com\/fr-fr\/wp-json\/wp\/v2\/comments?post=10685"}],"version-history":[{"count":0,"href":"https:\/\/tiketi.com\/fr-fr\/wp-json\/wp\/v2\/pages\/10685\/revisions"}],"wp:featuredmedia":[{"embeddable":true,"href":"https:\/\/tiketi.com\/fr-fr\/wp-json\/wp\/v2\/media\/19964"}],"wp:attachment":[{"href":"https:\/\/tiketi.com\/fr-fr\/wp-json\/wp\/v2\/media?parent=10685"}],"curies":[{"name":"wp","href":"https:\/\/api.w.org\/{rel}","templated":true}]}}