{"id":10686,"date":"2022-01-19T12:53:40","date_gmt":"2022-01-19T11:53:40","guid":{"rendered":"https:\/\/new.tiketi.com\/how-to-pay-for-things-in-morocco-and-safe-online-payment-methods\/"},"modified":"2022-07-14T13:02:09","modified_gmt":"2022-07-14T12:02:09","slug":"pay-for-things-online-payment-methods-in-morocco","status":"publish","type":"page","link":"https:\/\/tiketi.com\/fr-fr\/pay-for-things-online-payment-methods-in-morocco\/","title":{"rendered":"Modes de paiement au Maroc et comment effectuer des paiements en ligne"},"content":{"rendered":"<p><strong>Un d:\u00a0<\/strong><\/p>\n<p><strong><a href=\"https:\/\/fiymo.com\/register\" target=\"_blank\" rel=\"noopener\"><\/a><\/strong><\/p>\n<h2>Comment payer pour des choses au Maroc<\/h2>\n<h3>Vous cherchez le meilleur moyen de payer vos achats au Maroc ?<\/h3>\n<p>Voici les m\u00e9thodes de paiement au Maroc et comment effectuer des paiements en ligne au Maroc. Quelle est la meilleure fa\u00e7on de payer les choses au Maroc ?<\/p>\n<h2>Paiements hors ligne, mobiles et en ligne au Maroc<\/h2>\n<h3>La meilleure fa\u00e7on de payer pour les choses au Maroc<\/h3>\n<h3>Banques et guichets automatiques<\/h3>\n<p>Les banques et les distributeurs automatiques de billets se trouvent dans toute la ville, mais les meilleurs endroits pour les trouver sont dans le Gueliz de la ville, la place cl\u00e9 Jemaa el-Fnaa, la partie fra\u00eeche de Marrakech.<\/p>\n<h3>Comment payer<\/h3>\n<p>Le meilleur moyen d&#039;\u00e9conomiser sur les commissions est de payer autant que possible avec votre carte de cr\u00e9dit. Si vous payez par carte, le taux de change est tr\u00e8s faible, selon l&#039;\u00e9metteur de la carte, les frais les plus \u00e9lev\u00e9s sont de 1 %.<\/p>\n<h3>Utiliser des ch\u00e8ques de voyage<\/h3>\n<p>Les ch\u00e8ques de voyage ne sont pas largement accept\u00e9s au Maroc. Vous aurez du mal \u00e0 trouver une banque qui les remplacera pour vous, et les frais qui s&#039;appliquent peuvent \u00eatre assez \u00e9lev\u00e9s. Si vous en avez et que vous devez faire un \u00e9change quel qu&#039;en soit le co\u00fbt, un grand h\u00f4tel pourrait \u00eatre en mesure de vous aider.<\/p>\n<p>C&#039;est probablement la meilleure m\u00e9thode de paiement de remplacement pour ce voyage, comme une combinaison de retraits aux guichets automatiques et de paiements par carte de d\u00e9bit.<\/p>\n<h3>Modes de paiement au Maroc avec cartes de cr\u00e9dit<\/h3>\n<p>Les cartes de cr\u00e9dit sont de plus en plus accept\u00e9es dans les restaurants et h\u00f4tels touristiques haut de gamme et milieu de gamme et \u00e9galement comme moyens de paiement en ligne pr\u00e9f\u00e9r\u00e9s au Maroc. Les cartes de d\u00e9bit et de cr\u00e9dit ne sont pas largement utilis\u00e9es en dehors des villes et des stations touristiques du Maroc. Quoi qu&#039;il en soit, dans les \u00e9tablissements haut de gamme, vous ne devriez pas avoir de probl\u00e8me pour payer avec votre carte, car l&#039;American Express n&#039;est g\u00e9n\u00e9ralement pas accept\u00e9e. Partout ailleurs, il est pr\u00e9f\u00e9rable d&#039;emporter de l&#039;argent liquide au cas o\u00f9 vous rencontreriez un d\u00e9taillant qui ne peut pas accepter les paiements par carte.<\/p>\n<p>Si vous \u00eates bloqu\u00e9, utilisez l&#039;un des localisateurs de guichets automatiques dans la section suivante pour trouver un guichet automatique bancaire \u00e0 proximit\u00e9 pour retirer de l&#039;argent.<\/p>\n<h3>Paiements en ligne au Maroc<\/h3>\n<p>Paiement en \u00e9sp\u00e8ces<br \/>\nCartes domestiques<br \/>\nCarte de cr\u00e9dit internationale<br \/>\nCartes de d\u00e9bit<br \/>\nportefeuilles \u00e9lectroniques<br \/>\nVirements bancaires<\/p>\n<h2>Conseils sur les paiements hors ligne, mobiles et en ligne au Maroc<\/h2>\n<p>La monnaie officielle du Maroc est le Dirham marocain, con\u00e7u par MAD ou Dhs. Le type pluriel de Dirham est darahim, bien qu&#039;en anglais &quot;dirhams&quot; soit largement accept\u00e9.<\/p>\n<p>Le Maroc a les billets suivants : 200dhs, 100dhs, 50dhs et 20dhs.<\/p>\n<h3>\u00c9change de devises au Maroc<\/h3>\n<p>Vous pouvez \u00e9changer vos livres ou vos dollars contre des dirhams \u00e0 l&#039;a\u00e9roport lorsque vous atterrissez ou au bureau de change ou \u00e0 l&#039;h\u00f4tel \u00e0 votre emplacement. Essayez de rejeter l&#039;a\u00e9roport si possible car les tarifs sont g\u00e9n\u00e9ralement bien pires. Assurez-vous de conserver votre re\u00e7u de transaction pour \u00e9changer les billets restants.<\/p>\n<p>Un excellent choix consiste \u00e0 retirer de l&#039;argent \u00e0 un guichet automatique. Utilisation d&#039;une carte de voyage pr\u00e9pay\u00e9e. La carte pr\u00e9pay\u00e9e signifie que vous ne retirez que ce dont vous avez besoin, ce qui vous permet d&#039;\u00e9changer des notes \u00e0 la fin.<\/p>","protected":false},"excerpt":{"rendered":"<p>Ad:\u00a0 How to pay for things in Morocco Looking for the best way to pay for things in Morocco? Here are payment methods in Morocco and how to make online payments in Morocco. What is the best way to pay for things in Morocco? Offline, mobile and online payments in Morocco Best way to pay [&hellip;]<\/p>\n","protected":false},"author":1,"featured_media":19964,"parent":0,"menu_order":0,"comment_status":"open","ping_status":"closed","template":"template-home-modern.php","meta":{"footnotes":""},"class_list":["post-10686","page","type-page","status-publish","has-post-thumbnail","hentry"],"yoast_head":"<!-- This site is optimized with the Yoast SEO plugin v27.2 - https:\/\/yoast.com\/product\/yoast-seo-wordpress\/ -->\n<title>Payment methods in Morocco and how to make online payments<\/title>\n<meta name=\"description\" content=\"Looking for the best way to pay for things in Morocco? Here are payment methods in Morocco and how to make online payments in Morocco safe\" \/>\n<meta name=\"robots\" content=\"index, follow, max-snippet:-1, max-image-preview:large, max-video-preview:-1\" \/>\n<link rel=\"canonical\" href=\"https:\/\/tiketi.com\/fr-fr\/pay-for-things-online-payment-methods-in-morocco\/\" \/>\n<meta property=\"og:locale\" content=\"fr_FR\" \/>\n<meta property=\"og:type\" content=\"article\" \/>\n<meta property=\"og:title\" content=\"Payment methods in Morocco and how to make online payments\" \/>\n<meta property=\"og:description\" content=\"Looking for the best way to pay for things in Morocco? Here are payment methods in Morocco and how to make online payments in Morocco safe\" \/>\n<meta property=\"og:url\" content=\"https:\/\/tiketi.com\/fr-fr\/pay-for-things-online-payment-methods-in-morocco\/\" \/>\n<meta property=\"og:site_name\" content=\"Tiketi.com\" \/>\n<meta property=\"article:publisher\" content=\"https:\/\/www.facebook.com\/TiketiCom\/\" \/>\n<meta property=\"article:modified_time\" content=\"2022-07-14T12:02:09+00:00\" \/>\n<meta property=\"og:image\" content=\"https:\/\/tiketi.com\/wp-content\/uploads\/2019\/05\/paymnet-ecommerce-shopping-3082813_.jpg\" \/>\n\t<meta property=\"og:image:width\" content=\"1200\" \/>\n\t<meta property=\"og:image:height\" content=\"200\" \/>\n\t<meta property=\"og:image:type\" content=\"image\/jpeg\" \/>\n<meta name=\"twitter:card\" content=\"summary_large_image\" \/>\n<meta name=\"twitter:label1\" content=\"Dur\u00e9e de lecture estim\u00e9e\" \/>\n\t<meta name=\"twitter:data1\" content=\"3 minutes\" \/>\n<script type=\"application\/ld+json\" class=\"yoast-schema-graph\">{\"@context\":\"https:\/\/schema.org\",\"@graph\":[{\"@type\":\"WebPage\",\"@id\":\"https:\/\/tiketi.com\/en-gb\/pay-for-things-online-payment-methods-in-morocco\/\",\"url\":\"https:\/\/tiketi.com\/en-gb\/pay-for-things-online-payment-methods-in-morocco\/\",\"name\":\"Payment methods in Morocco and how to make online payments\",\"isPartOf\":{\"@id\":\"https:\/\/tiketi.com\/#website\"},\"primaryImageOfPage\":{\"@id\":\"https:\/\/tiketi.com\/en-gb\/pay-for-things-online-payment-methods-in-morocco\/#primaryimage\"},\"image\":{\"@id\":\"https:\/\/tiketi.com\/en-gb\/pay-for-things-online-payment-methods-in-morocco\/#primaryimage\"},\"thumbnailUrl\":\"https:\/\/tiketi.com\/wp-content\/uploads\/2019\/05\/paymnet-ecommerce-shopping-3082813_.jpg\",\"datePublished\":\"2022-01-19T11:53:40+00:00\",\"dateModified\":\"2022-07-14T12:02:09+00:00\",\"description\":\"Looking for the best way to pay for things in Morocco? Here are payment methods in Morocco and how to make online payments in Morocco safe\",\"breadcrumb\":{\"@id\":\"https:\/\/tiketi.com\/en-gb\/pay-for-things-online-payment-methods-in-morocco\/#breadcrumb\"},\"inLanguage\":\"fr-FR\",\"potentialAction\":[{\"@type\":\"ReadAction\",\"target\":[\"https:\/\/tiketi.com\/en-gb\/pay-for-things-online-payment-methods-in-morocco\/\"]}]},{\"@type\":\"ImageObject\",\"inLanguage\":\"fr-FR\",\"@id\":\"https:\/\/tiketi.com\/en-gb\/pay-for-things-online-payment-methods-in-morocco\/#primaryimage\",\"url\":\"https:\/\/tiketi.com\/wp-content\/uploads\/2019\/05\/paymnet-ecommerce-shopping-3082813_.jpg\",\"contentUrl\":\"https:\/\/tiketi.com\/wp-content\/uploads\/2019\/05\/paymnet-ecommerce-shopping-3082813_.jpg\",\"width\":1200,\"height\":200,\"caption\":\"How to pay for things\"},{\"@type\":\"BreadcrumbList\",\"@id\":\"https:\/\/tiketi.com\/en-gb\/pay-for-things-online-payment-methods-in-morocco\/#breadcrumb\",\"itemListElement\":[{\"@type\":\"ListItem\",\"position\":1,\"name\":\"Home\",\"item\":\"https:\/\/tiketi.com\/\"},{\"@type\":\"ListItem\",\"position\":2,\"name\":\"Payment methods in Morocco and how to make online payments\"}]},{\"@type\":\"WebSite\",\"@id\":\"https:\/\/tiketi.com\/#website\",\"url\":\"https:\/\/tiketi.com\/\",\"name\":\"Flight & Bus Tickets, Tour Packages & Activitites - Tiketi.com\",\"description\":\"Flight &amp; Bus Tickets, Tours, Activitites\",\"publisher\":{\"@id\":\"https:\/\/tiketi.com\/#organization\"},\"potentialAction\":[{\"@type\":\"SearchAction\",\"target\":{\"@type\":\"EntryPoint\",\"urlTemplate\":\"https:\/\/tiketi.com\/?s={search_term_string}\"},\"query-input\":{\"@type\":\"PropertyValueSpecification\",\"valueRequired\":true,\"valueName\":\"search_term_string\"}}],\"inLanguage\":\"fr-FR\"},{\"@type\":\"Organization\",\"@id\":\"https:\/\/tiketi.com\/#organization\",\"name\":\"Tiketi.com\",\"alternateName\":\"Tiketi\",\"url\":\"https:\/\/tiketi.com\/\",\"logo\":{\"@type\":\"ImageObject\",\"inLanguage\":\"fr-FR\",\"@id\":\"https:\/\/tiketi.com\/#\/schema\/logo\/image\/\",\"url\":\"https:\/\/tiketi.com\/wp-content\/uploads\/2019\/05\/tiketi-logo-696.png\",\"contentUrl\":\"https:\/\/tiketi.com\/wp-content\/uploads\/2019\/05\/tiketi-logo-696.png\",\"width\":696,\"height\":696,\"caption\":\"Tiketi.com\"},\"image\":{\"@id\":\"https:\/\/tiketi.com\/#\/schema\/logo\/image\/\"},\"sameAs\":[\"https:\/\/www.facebook.com\/TiketiCom\/\"]}]}<\/script>\n<!-- \/ Yoast SEO plugin. -->","yoast_head_json":{"title":"Modes de paiement au Maroc et comment effectuer des paiements en ligne","description":"Vous cherchez le meilleur moyen de payer vos achats au Maroc ? Voici les m\u00e9thodes de paiement au Maroc et comment effectuer des paiements en ligne au Maroc en toute s\u00e9curit\u00e9","robots":{"index":"index","follow":"follow","max-snippet":"max-snippet:-1","max-image-preview":"max-image-preview:large","max-video-preview":"max-video-preview:-1"},"canonical":"https:\/\/tiketi.com\/fr-fr\/pay-for-things-online-payment-methods-in-morocco\/","og_locale":"fr_FR","og_type":"article","og_title":"Payment methods in Morocco and how to make online payments","og_description":"Looking for the best way to pay for things in Morocco? Here are payment methods in Morocco and how to make online payments in Morocco safe","og_url":"https:\/\/tiketi.com\/fr-fr\/pay-for-things-online-payment-methods-in-morocco\/","og_site_name":"Tiketi.com","article_publisher":"https:\/\/www.facebook.com\/TiketiCom\/","article_modified_time":"2022-07-14T12:02:09+00:00","og_image":[{"width":1200,"height":200,"url":"https:\/\/tiketi.com\/wp-content\/uploads\/2019\/05\/paymnet-ecommerce-shopping-3082813_.jpg","type":"image\/jpeg"}],"twitter_card":"summary_large_image","twitter_misc":{"Dur\u00e9e de lecture estim\u00e9e":"3 minutes"},"schema":{"@context":"https:\/\/schema.org","@graph":[{"@type":"WebPage","@id":"https:\/\/tiketi.com\/en-gb\/pay-for-things-online-payment-methods-in-morocco\/","url":"https:\/\/tiketi.com\/en-gb\/pay-for-things-online-payment-methods-in-morocco\/","name":"Modes de paiement au Maroc et comment effectuer des paiements en ligne","isPartOf":{"@id":"https:\/\/tiketi.com\/#website"},"primaryImageOfPage":{"@id":"https:\/\/tiketi.com\/en-gb\/pay-for-things-online-payment-methods-in-morocco\/#primaryimage"},"image":{"@id":"https:\/\/tiketi.com\/en-gb\/pay-for-things-online-payment-methods-in-morocco\/#primaryimage"},"thumbnailUrl":"https:\/\/tiketi.com\/wp-content\/uploads\/2019\/05\/paymnet-ecommerce-shopping-3082813_.jpg","datePublished":"2022-01-19T11:53:40+00:00","dateModified":"2022-07-14T12:02:09+00:00","description":"Vous cherchez le meilleur moyen de payer vos achats au Maroc ? Voici les m\u00e9thodes de paiement au Maroc et comment effectuer des paiements en ligne au Maroc en toute s\u00e9curit\u00e9","breadcrumb":{"@id":"https:\/\/tiketi.com\/en-gb\/pay-for-things-online-payment-methods-in-morocco\/#breadcrumb"},"inLanguage":"fr-FR","potentialAction":[{"@type":"ReadAction","target":["https:\/\/tiketi.com\/en-gb\/pay-for-things-online-payment-methods-in-morocco\/"]}]},{"@type":"ImageObject","inLanguage":"fr-FR","@id":"https:\/\/tiketi.com\/en-gb\/pay-for-things-online-payment-methods-in-morocco\/#primaryimage","url":"https:\/\/tiketi.com\/wp-content\/uploads\/2019\/05\/paymnet-ecommerce-shopping-3082813_.jpg","contentUrl":"https:\/\/tiketi.com\/wp-content\/uploads\/2019\/05\/paymnet-ecommerce-shopping-3082813_.jpg","width":1200,"height":200,"caption":"How to pay for things"},{"@type":"BreadcrumbList","@id":"https:\/\/tiketi.com\/en-gb\/pay-for-things-online-payment-methods-in-morocco\/#breadcrumb","itemListElement":[{"@type":"ListItem","position":1,"name":"Home","item":"https:\/\/tiketi.com\/"},{"@type":"ListItem","position":2,"name":"Payment methods in Morocco and how to make online payments"}]},{"@type":"WebSite","@id":"https:\/\/tiketi.com\/#website","url":"https:\/\/tiketi.com\/","name":"Billets d&#039;avion et de bus, forfaits touristiques et activit\u00e9s - Tiketi.com","description":"Billets d&#039;avion et de bus, Tours, Activit\u00e9s","publisher":{"@id":"https:\/\/tiketi.com\/#organization"},"potentialAction":[{"@type":"SearchAction","target":{"@type":"EntryPoint","urlTemplate":"https:\/\/tiketi.com\/?s={search_term_string}"},"query-input":{"@type":"PropertyValueSpecification","valueRequired":true,"valueName":"search_term_string"}}],"inLanguage":"fr-FR"},{"@type":"Organization","@id":"https:\/\/tiketi.com\/#organization","name":"Tiketi.com","alternateName":"Tiketi","url":"https:\/\/tiketi.com\/","logo":{"@type":"ImageObject","inLanguage":"fr-FR","@id":"https:\/\/tiketi.com\/#\/schema\/logo\/image\/","url":"https:\/\/tiketi.com\/wp-content\/uploads\/2019\/05\/tiketi-logo-696.png","contentUrl":"https:\/\/tiketi.com\/wp-content\/uploads\/2019\/05\/tiketi-logo-696.png","width":696,"height":696,"caption":"Tiketi.com"},"image":{"@id":"https:\/\/tiketi.com\/#\/schema\/logo\/image\/"},"sameAs":["https:\/\/www.facebook.com\/TiketiCom\/"]}]}},"_links":{"self":[{"href":"https:\/\/tiketi.com\/fr-fr\/wp-json\/wp\/v2\/pages\/10686","targetHints":{"allow":["GET"]}}],"collection":[{"href":"https:\/\/tiketi.com\/fr-fr\/wp-json\/wp\/v2\/pages"}],"about":[{"href":"https:\/\/tiketi.com\/fr-fr\/wp-json\/wp\/v2\/types\/page"}],"author":[{"embeddable":true,"href":"https:\/\/tiketi.com\/fr-fr\/wp-json\/wp\/v2\/users\/1"}],"replies":[{"embeddable":true,"href":"https:\/\/tiketi.com\/fr-fr\/wp-json\/wp\/v2\/comments?post=10686"}],"version-history":[{"count":0,"href":"https:\/\/tiketi.com\/fr-fr\/wp-json\/wp\/v2\/pages\/10686\/revisions"}],"wp:featuredmedia":[{"embeddable":true,"href":"https:\/\/tiketi.com\/fr-fr\/wp-json\/wp\/v2\/media\/19964"}],"wp:attachment":[{"href":"https:\/\/tiketi.com\/fr-fr\/wp-json\/wp\/v2\/media?parent=10686"}],"curies":[{"name":"wp","href":"https:\/\/api.w.org\/{rel}","templated":true}]}}