{"id":10687,"date":"2022-01-19T12:53:40","date_gmt":"2022-01-19T11:53:40","guid":{"rendered":"https:\/\/new.tiketi.com\/how-to-pay-for-things-in-kenya-and-safe-online-payment-methods\/"},"modified":"2022-07-14T13:02:10","modified_gmt":"2022-07-14T12:02:10","slug":"pay-for-things-online-payment-methods-in-kenya","status":"publish","type":"page","link":"https:\/\/tiketi.com\/fr-fr\/pay-for-things-online-payment-methods-in-kenya\/","title":{"rendered":"M\u00e9thodes de paiement au Kenya et comment effectuer des paiements en ligne"},"content":{"rendered":"<p><strong>Un d:\u00a0<\/strong><\/p>\n<p><strong><a href=\"https:\/\/fiymo.com\/register\" target=\"_blank\" rel=\"noopener\"><\/a><\/strong><\/p>\n<h2>Comment payer pour des choses au Kenya<\/h2>\n<h3>Vous cherchez le meilleur moyen de payer vos achats au Kenya ?<\/h3>\n<p>Voici les m\u00e9thodes de paiement au Kenya et comment effectuer des paiements en ligne au Kenya. Quelle est la meilleure fa\u00e7on de payer pour les choses au Kenya ?<\/p>\n<h2>Paiements hors ligne, mobiles et en ligne au Kenya<\/h2>\n<h3>La meilleure fa\u00e7on de payer pour des choses au Kenya<\/h3>\n<p>\u2022 Lorsque vous magasinez au Kenya, l&#039;argent comptant est essentiel. Habituellement, chaque endroit accepte les esp\u00e8ces. Ayez toujours de petites factures (Kash 50, 200 et 500) pour de petites d\u00e9penses.<br \/>\n\u2022 Vous pouvez \u00e9galement payer en utilisant une plate-forme de paiement mobile telle que M-Pesa. M-pesa est la plateforme d&#039;argent mobile la plus utilis\u00e9e au Kenya. Vous aurez besoin de M-Pesa pour tout au Kenya : acheter des biens, payer des factures, envoyer de l&#039;argent, retirer de l&#039;argent, etc. Le meilleur moyen de payer pour des choses au Maroc est M-PESA, un moyen rapide, peu co\u00fbteux et s\u00fbr de recevoir, transf\u00e9rer , payer et stocker de l&#039;argent. M-Pesa fonctionne num\u00e9riquement tr\u00e8s rapidement, ce qui signifie que votre famille et vos amis, travaillant en voyage au Kenya, obtiendront de l&#039;argent plus rapidement qu&#039;un virement bancaire traditionnel.<br \/>\n\u2022 Tout ce dont vous avez besoin est une carte SIM Safaricom pour votre passeport. Inscription gratuite dans n&#039;importe quel point de vente. Une fois votre carte SIM enregistr\u00e9e, vous pouvez impliquer l&#039;activation de votre M-pesa.<br \/>\n\u2022 Comment ajouter de l&#039;argent sur votre compte M-pesa : Vous pouvez soit retirer de l&#039;argent de votre compte bancaire sur votre compte M-pesa, soit d\u00e9poser de l&#039;argent directement sur votre compte Mpesa. Vous devez toujours avoir votre passeport pour pouvoir obtenir des services aupr\u00e8s des agents Mpesa.<br \/>\n\u2022 Comment payer des choses au Kenya : Mpesa est parfait puisque vous le trouverez \u00e0 peu pr\u00e8s partout au Kenya, y compris dans les r\u00e9gions les plus rurales du Kenya.<br \/>\n\u2022 Les achats sur les plateformes en ligne seront accessibles avec M-Pesa comme l&#039;une des options de paiement lors de l&#039;utilisation de leur carte d&#039;achat sur le site. Une fois que les clients auront choisi M-pesa, ils saisiront ensuite leurs num\u00e9ros de t\u00e9l\u00e9phone portable et recevront ensuite une invite sur leur t\u00e9l\u00e9phone pour saisir leur code PIN M-pesa pour terminer le paiement.<br \/>\n\u2022 Les utilisateurs de plates-formes en ligne choisissant M-PESA comme passerelle de paiement verront leur co\u00fbt total indiqu\u00e9 en shillings kenyans avec les frais Lipa M-PESA Paybill standard utilis\u00e9s pour chaque transaction.<\/p>\n<h3>Modes de paiement au Kenya avec cartes de cr\u00e9dit<\/h3>\n<p>\u2022 Les cartes de cr\u00e9dit sont accept\u00e9es dans la plupart des restaurants haut de gamme, des restaurants, des h\u00f4tels, des supermarch\u00e9s et des entreprises, des stations-service et \u00e9galement comme m\u00e9thodes de paiement en ligne pr\u00e9f\u00e9r\u00e9es au Kenya. En dehors de Mombasa et de Nairobi, tr\u00e8s peu d&#039;endroits acceptent les paiements par carte de cr\u00e9dit. Vous ne trouverez pas non plus de guichets automatiques en dehors des villes.<br \/>\n\u2022 Cartes de cr\u00e9dit les plus accept\u00e9es au Kenya\u00a0: American Express\u00a0: les cartes Visa et Master sont \u00e9galement accept\u00e9es dans les magasins et pour les paiements en ligne au Kenya.<\/p>\n<h2>Conseils sur les paiements hors ligne, mobiles et en ligne au Kenya<\/h2>\n<p><strong>Mon conseil<\/strong><\/p>\n<p>Ayez toujours un peu d&#039;argent \u00e0 port\u00e9e de main pour obtenir un compte M-pesa. Ne transportez pas beaucoup d&#039;argent liquide car le vol \u00e0 la tire est g\u00e9n\u00e9ral au Kenya.<\/p>","protected":false},"excerpt":{"rendered":"<p>Ad:\u00a0 How to pay for things in Kenya Looking for the best way to pay for things in Kenya? Here are payment methods in Kenya and how to make online payments in Kenya. What is the best way to pay for things in Kenya? Offline, mobile and online payments in Kenya Best way to pay [&hellip;]<\/p>\n","protected":false},"author":1,"featured_media":19964,"parent":0,"menu_order":0,"comment_status":"open","ping_status":"closed","template":"template-home-modern.php","meta":{"footnotes":""},"class_list":["post-10687","page","type-page","status-publish","has-post-thumbnail","hentry"],"yoast_head":"<!-- This site is optimized with the Yoast SEO plugin v27.5 - https:\/\/yoast.com\/product\/yoast-seo-wordpress\/ -->\n<title>Payment methods in Kenya and how to make online payments<\/title>\n<meta name=\"description\" content=\"Looking for the best way to pay for things in Kenya? Here are payment methods in Kenya and how to make online payments in Kenya safe\" \/>\n<meta name=\"robots\" content=\"index, follow, max-snippet:-1, max-image-preview:large, max-video-preview:-1\" \/>\n<link rel=\"canonical\" href=\"https:\/\/tiketi.com\/fr-fr\/pay-for-things-online-payment-methods-in-kenya\/\" \/>\n<meta property=\"og:locale\" content=\"fr_FR\" \/>\n<meta property=\"og:type\" content=\"article\" \/>\n<meta property=\"og:title\" content=\"Payment methods in Kenya and how to make online payments\" \/>\n<meta property=\"og:description\" content=\"Looking for the best way to pay for things in Kenya? Here are payment methods in Kenya and how to make online payments in Kenya safe\" \/>\n<meta property=\"og:url\" content=\"https:\/\/tiketi.com\/fr-fr\/pay-for-things-online-payment-methods-in-kenya\/\" \/>\n<meta property=\"og:site_name\" content=\"Tiketi.com\" \/>\n<meta property=\"article:publisher\" content=\"https:\/\/www.facebook.com\/TiketiCom\/\" \/>\n<meta property=\"article:modified_time\" content=\"2022-07-14T12:02:10+00:00\" \/>\n<meta property=\"og:image\" content=\"https:\/\/tiketi.com\/wp-content\/uploads\/2019\/05\/paymnet-ecommerce-shopping-3082813_.jpg\" \/>\n\t<meta property=\"og:image:width\" content=\"1200\" \/>\n\t<meta property=\"og:image:height\" content=\"200\" \/>\n\t<meta property=\"og:image:type\" content=\"image\/jpeg\" \/>\n<meta name=\"twitter:card\" content=\"summary_large_image\" \/>\n<meta name=\"twitter:label1\" content=\"Dur\u00e9e de lecture estim\u00e9e\" \/>\n\t<meta name=\"twitter:data1\" content=\"3 minutes\" \/>\n<script type=\"application\/ld+json\" class=\"yoast-schema-graph\">{\"@context\":\"https:\\\/\\\/schema.org\",\"@graph\":[{\"@type\":\"WebPage\",\"@id\":\"https:\\\/\\\/tiketi.com\\\/pay-for-things-online-payment-methods-in-kenya\\\/\",\"url\":\"https:\\\/\\\/tiketi.com\\\/pay-for-things-online-payment-methods-in-kenya\\\/\",\"name\":\"Payment methods in Kenya and how to make online payments\",\"isPartOf\":{\"@id\":\"https:\\\/\\\/tiketi.com\\\/#website\"},\"primaryImageOfPage\":{\"@id\":\"https:\\\/\\\/tiketi.com\\\/pay-for-things-online-payment-methods-in-kenya\\\/#primaryimage\"},\"image\":{\"@id\":\"https:\\\/\\\/tiketi.com\\\/pay-for-things-online-payment-methods-in-kenya\\\/#primaryimage\"},\"thumbnailUrl\":\"https:\\\/\\\/tiketi.com\\\/wp-content\\\/uploads\\\/2019\\\/05\\\/paymnet-ecommerce-shopping-3082813_.jpg\",\"datePublished\":\"2022-01-19T11:53:40+00:00\",\"dateModified\":\"2022-07-14T12:02:10+00:00\",\"description\":\"Looking for the best way to pay for things in Kenya? Here are payment methods in Kenya and how to make online payments in Kenya safe\",\"breadcrumb\":{\"@id\":\"https:\\\/\\\/tiketi.com\\\/pay-for-things-online-payment-methods-in-kenya\\\/#breadcrumb\"},\"inLanguage\":\"fr-FR\",\"potentialAction\":[{\"@type\":\"ReadAction\",\"target\":[\"https:\\\/\\\/tiketi.com\\\/pay-for-things-online-payment-methods-in-kenya\\\/\"]}]},{\"@type\":\"ImageObject\",\"inLanguage\":\"fr-FR\",\"@id\":\"https:\\\/\\\/tiketi.com\\\/pay-for-things-online-payment-methods-in-kenya\\\/#primaryimage\",\"url\":\"https:\\\/\\\/tiketi.com\\\/wp-content\\\/uploads\\\/2019\\\/05\\\/paymnet-ecommerce-shopping-3082813_.jpg\",\"contentUrl\":\"https:\\\/\\\/tiketi.com\\\/wp-content\\\/uploads\\\/2019\\\/05\\\/paymnet-ecommerce-shopping-3082813_.jpg\",\"width\":1200,\"height\":200,\"caption\":\"How to pay for things\"},{\"@type\":\"BreadcrumbList\",\"@id\":\"https:\\\/\\\/tiketi.com\\\/pay-for-things-online-payment-methods-in-kenya\\\/#breadcrumb\",\"itemListElement\":[{\"@type\":\"ListItem\",\"position\":1,\"name\":\"Home\",\"item\":\"https:\\\/\\\/tiketi.com\\\/\"},{\"@type\":\"ListItem\",\"position\":2,\"name\":\"Payment methods in Kenya and how to make online payments\"}]},{\"@type\":\"WebSite\",\"@id\":\"https:\\\/\\\/tiketi.com\\\/#website\",\"url\":\"https:\\\/\\\/tiketi.com\\\/\",\"name\":\"Flight & Bus Tickets, Tour Packages & Activitites - Tiketi.com\",\"description\":\"Flight &amp; Bus Tickets, Tours, Activitites\",\"publisher\":{\"@id\":\"https:\\\/\\\/tiketi.com\\\/#organization\"},\"potentialAction\":[{\"@type\":\"SearchAction\",\"target\":{\"@type\":\"EntryPoint\",\"urlTemplate\":\"https:\\\/\\\/tiketi.com\\\/?s={search_term_string}\"},\"query-input\":{\"@type\":\"PropertyValueSpecification\",\"valueRequired\":true,\"valueName\":\"search_term_string\"}}],\"inLanguage\":\"fr-FR\"},{\"@type\":\"Organization\",\"@id\":\"https:\\\/\\\/tiketi.com\\\/#organization\",\"name\":\"Tiketi.com\",\"alternateName\":\"Tiketi\",\"url\":\"https:\\\/\\\/tiketi.com\\\/\",\"logo\":{\"@type\":\"ImageObject\",\"inLanguage\":\"fr-FR\",\"@id\":\"https:\\\/\\\/tiketi.com\\\/#\\\/schema\\\/logo\\\/image\\\/\",\"url\":\"https:\\\/\\\/tiketi.com\\\/wp-content\\\/uploads\\\/2019\\\/05\\\/tiketi-logo-696.png\",\"contentUrl\":\"https:\\\/\\\/tiketi.com\\\/wp-content\\\/uploads\\\/2019\\\/05\\\/tiketi-logo-696.png\",\"width\":696,\"height\":696,\"caption\":\"Tiketi.com\"},\"image\":{\"@id\":\"https:\\\/\\\/tiketi.com\\\/#\\\/schema\\\/logo\\\/image\\\/\"},\"sameAs\":[\"https:\\\/\\\/www.facebook.com\\\/TiketiCom\\\/\"]}]}<\/script>\n<!-- \/ Yoast SEO plugin. -->","yoast_head_json":{"title":"M\u00e9thodes de paiement au Kenya et comment effectuer des paiements en ligne","description":"Vous cherchez le meilleur moyen de payer vos achats au Kenya ? Voici les m\u00e9thodes de paiement au Kenya et comment effectuer des paiements en ligne au Kenya en toute s\u00e9curit\u00e9","robots":{"index":"index","follow":"follow","max-snippet":"max-snippet:-1","max-image-preview":"max-image-preview:large","max-video-preview":"max-video-preview:-1"},"canonical":"https:\/\/tiketi.com\/fr-fr\/pay-for-things-online-payment-methods-in-kenya\/","og_locale":"fr_FR","og_type":"article","og_title":"Payment methods in Kenya and how to make online payments","og_description":"Looking for the best way to pay for things in Kenya? Here are payment methods in Kenya and how to make online payments in Kenya safe","og_url":"https:\/\/tiketi.com\/fr-fr\/pay-for-things-online-payment-methods-in-kenya\/","og_site_name":"Tiketi.com","article_publisher":"https:\/\/www.facebook.com\/TiketiCom\/","article_modified_time":"2022-07-14T12:02:10+00:00","og_image":[{"width":1200,"height":200,"url":"https:\/\/tiketi.com\/wp-content\/uploads\/2019\/05\/paymnet-ecommerce-shopping-3082813_.jpg","type":"image\/jpeg"}],"twitter_card":"summary_large_image","twitter_misc":{"Dur\u00e9e de lecture estim\u00e9e":"3 minutes"},"schema":{"@context":"https:\/\/schema.org","@graph":[{"@type":"WebPage","@id":"https:\/\/tiketi.com\/pay-for-things-online-payment-methods-in-kenya\/","url":"https:\/\/tiketi.com\/pay-for-things-online-payment-methods-in-kenya\/","name":"M\u00e9thodes de paiement au Kenya et comment effectuer des paiements en ligne","isPartOf":{"@id":"https:\/\/tiketi.com\/#website"},"primaryImageOfPage":{"@id":"https:\/\/tiketi.com\/pay-for-things-online-payment-methods-in-kenya\/#primaryimage"},"image":{"@id":"https:\/\/tiketi.com\/pay-for-things-online-payment-methods-in-kenya\/#primaryimage"},"thumbnailUrl":"https:\/\/tiketi.com\/wp-content\/uploads\/2019\/05\/paymnet-ecommerce-shopping-3082813_.jpg","datePublished":"2022-01-19T11:53:40+00:00","dateModified":"2022-07-14T12:02:10+00:00","description":"Vous cherchez le meilleur moyen de payer vos achats au Kenya ? Voici les m\u00e9thodes de paiement au Kenya et comment effectuer des paiements en ligne au Kenya en toute s\u00e9curit\u00e9","breadcrumb":{"@id":"https:\/\/tiketi.com\/pay-for-things-online-payment-methods-in-kenya\/#breadcrumb"},"inLanguage":"fr-FR","potentialAction":[{"@type":"ReadAction","target":["https:\/\/tiketi.com\/pay-for-things-online-payment-methods-in-kenya\/"]}]},{"@type":"ImageObject","inLanguage":"fr-FR","@id":"https:\/\/tiketi.com\/pay-for-things-online-payment-methods-in-kenya\/#primaryimage","url":"https:\/\/tiketi.com\/wp-content\/uploads\/2019\/05\/paymnet-ecommerce-shopping-3082813_.jpg","contentUrl":"https:\/\/tiketi.com\/wp-content\/uploads\/2019\/05\/paymnet-ecommerce-shopping-3082813_.jpg","width":1200,"height":200,"caption":"How to pay for things"},{"@type":"BreadcrumbList","@id":"https:\/\/tiketi.com\/pay-for-things-online-payment-methods-in-kenya\/#breadcrumb","itemListElement":[{"@type":"ListItem","position":1,"name":"Home","item":"https:\/\/tiketi.com\/"},{"@type":"ListItem","position":2,"name":"Payment methods in Kenya and how to make online payments"}]},{"@type":"WebSite","@id":"https:\/\/tiketi.com\/#website","url":"https:\/\/tiketi.com\/","name":"Billets d&#039;avion et de bus, forfaits touristiques et activit\u00e9s - Tiketi.com","description":"Billets d&#039;avion et de bus, Tours, Activit\u00e9s","publisher":{"@id":"https:\/\/tiketi.com\/#organization"},"potentialAction":[{"@type":"SearchAction","target":{"@type":"EntryPoint","urlTemplate":"https:\/\/tiketi.com\/?s={search_term_string}"},"query-input":{"@type":"PropertyValueSpecification","valueRequired":true,"valueName":"search_term_string"}}],"inLanguage":"fr-FR"},{"@type":"Organization","@id":"https:\/\/tiketi.com\/#organization","name":"Tiketi.com","alternateName":"Tiketi","url":"https:\/\/tiketi.com\/","logo":{"@type":"ImageObject","inLanguage":"fr-FR","@id":"https:\/\/tiketi.com\/#\/schema\/logo\/image\/","url":"https:\/\/tiketi.com\/wp-content\/uploads\/2019\/05\/tiketi-logo-696.png","contentUrl":"https:\/\/tiketi.com\/wp-content\/uploads\/2019\/05\/tiketi-logo-696.png","width":696,"height":696,"caption":"Tiketi.com"},"image":{"@id":"https:\/\/tiketi.com\/#\/schema\/logo\/image\/"},"sameAs":["https:\/\/www.facebook.com\/TiketiCom\/"]}]}},"_links":{"self":[{"href":"https:\/\/tiketi.com\/fr-fr\/wp-json\/wp\/v2\/pages\/10687","targetHints":{"allow":["GET"]}}],"collection":[{"href":"https:\/\/tiketi.com\/fr-fr\/wp-json\/wp\/v2\/pages"}],"about":[{"href":"https:\/\/tiketi.com\/fr-fr\/wp-json\/wp\/v2\/types\/page"}],"author":[{"embeddable":true,"href":"https:\/\/tiketi.com\/fr-fr\/wp-json\/wp\/v2\/users\/1"}],"replies":[{"embeddable":true,"href":"https:\/\/tiketi.com\/fr-fr\/wp-json\/wp\/v2\/comments?post=10687"}],"version-history":[{"count":0,"href":"https:\/\/tiketi.com\/fr-fr\/wp-json\/wp\/v2\/pages\/10687\/revisions"}],"wp:featuredmedia":[{"embeddable":true,"href":"https:\/\/tiketi.com\/fr-fr\/wp-json\/wp\/v2\/media\/19964"}],"wp:attachment":[{"href":"https:\/\/tiketi.com\/fr-fr\/wp-json\/wp\/v2\/media?parent=10687"}],"curies":[{"name":"wp","href":"https:\/\/api.w.org\/{rel}","templated":true}]}}