{"id":10689,"date":"2022-01-19T12:53:42","date_gmt":"2022-01-19T11:53:42","guid":{"rendered":"https:\/\/new.tiketi.com\/how-to-pay-for-things-in-rwanda-and-safe-online-payment-methods\/"},"modified":"2022-07-14T13:02:10","modified_gmt":"2022-07-14T12:02:10","slug":"pay-for-things-online-payment-methods-in-rwanda","status":"publish","type":"page","link":"https:\/\/tiketi.com\/fr-fr\/pay-for-things-online-payment-methods-in-rwanda\/","title":{"rendered":"Modes de paiement au Rwanda et comment effectuer des paiements en ligne"},"content":{"rendered":"<p><strong>Un d:\u00a0<\/strong><\/p>\n<p><strong><a href=\"https:\/\/fiymo.com\/register\" target=\"_blank\" rel=\"noopener\"><\/a><\/strong><\/p>\n<h2>Comment payer pour des choses au Rwanda<\/h2>\n<h3>Vous cherchez le meilleur moyen de payer vos achats au Rwanda ?<\/h3>\n<p>Voici les m\u00e9thodes de paiement au Rwanda et comment effectuer des paiements en ligne au Rwanda. Quelle est la meilleure fa\u00e7on de payer pour les choses au Rwanda ?<\/p>\n<h2>Paiements hors ligne, mobiles et en ligne au Rwanda<\/h2>\n<h3>Comment payer des choses au Rwanda avec des cartes de cr\u00e9dit<\/h3>\n<p>Les cartes de cr\u00e9dit sont de plus en plus accept\u00e9es dans les restaurants et h\u00f4tels touristiques haut de gamme et milieu de gamme, ainsi que comme m\u00e9thodes de paiement en ligne pr\u00e9f\u00e9r\u00e9es au Rwanda. Le bureau du Centre d&#039;information sur le tourisme du Rwanda \u00e0 Kigali les accepte \u00e9galement, tout comme les bureaux des parcs nationaux (les lignes via des lignes sont parfois en panne \u00e0 ceux-ci).<\/p>\n<h3>distributeurs automatiques de billets<\/h3>\n<p>Les banques de toutes les villes et villages ont des guichets automatiques, mais toutes ne fonctionnent pas avec des cartes de cr\u00e9dit \u00e9trang\u00e8res. Les exceptions notables sont la GT Bank, la Bank of Kigali et Ecobank, qui fonctionnent avec MasterCard et Visa.<\/p>\n<h3>Esp\u00e8ces<\/h3>\n<p>Les banques de tout le pays peuvent \u00e9changer des euros et des dollars am\u00e9ricains, m\u00eame si elles peuvent \u00eatre extr\u00eamement lentes \u00e0 le faire. La plupart des gens utilisent plut\u00f4t les bureaux de change de Kigali et d&#039;autres grandes villes, et c&#039;est assez s\u00fbr. Les bureaux de change offrent \u00e9galement des taux l\u00e9g\u00e8rement excellents.<\/p>\n<p>Le Rwanda, comme d&#039;autres nations africaines, est tr\u00e8s particulier sur les notes qu&#039;il acceptera ou non. Tout ce qui semble froiss\u00e9, jug\u00e9 trop sale ou fatigu\u00e9 ne sera pas accept\u00e9. Les d\u00e9nominations de $50 et\/ou $100 sont pr\u00e9f\u00e9r\u00e9es.<\/p>\n<p>Si vous apportez des dollars am\u00e9ricains, notez que vous n&#039;aurez pas vraiment besoin de les remplacer, car la plupart des activit\u00e9s peuvent \u00eatre pay\u00e9es en dollars am\u00e9ricains et presque tous les h\u00f4tels acceptent les dollars am\u00e9ricains.<\/p>\n<h3>Ch\u00e8ques voyage<\/h3>\n<p>N&#039;utilisez que ceux d&#039;American Express. Tous les autres, vous aurez du mal \u00e0 obtenir de l&#039;argent ou pas d&#039;argent du tout. Vous paierez des frais pour les \u00e9changer en esp\u00e8ces. De plus, malgr\u00e9 les conseils d&#039;American Express, vous aurez besoin d&#039;une preuve d&#039;achat et d&#039;un passeport pour v\u00e9rifier la propri\u00e9t\u00e9 des ch\u00e8ques que vous souhaitez encaisser. Vous b\u00e9n\u00e9ficierez \u00e9galement d&#039;un taux de change inf\u00e9rieur \u00e0 celui de Cash.<\/p>\n<p>Le nombre limit\u00e9 de banques \u00e0 Rawana accepte les ch\u00e8ques de voyage. C&#039;est la meilleure fa\u00e7on de payer pour les choses au Rwanda.<\/p>\n<h3>Transferts d&#039;argent<\/h3>\n<p>Le mieux est d&#039;utiliser WorldRemit, Money Gram ou Western Union puisque vous obtiendrez l&#039;argent. Banque \u00e0 banque prend beaucoup plus de temps et est plus difficile \u00e0 obtenir. Les transferts d&#039;argent tels que Western Union seront pay\u00e9s en tissus rwandais. WorldRemit est en fait votre meilleur pari, il co\u00fbte certainement moins cher que Western Union.<\/p>\n<p>Vous pouvez maintenant utiliser WorldRemit ou Western Union et envoyer de l&#039;argent directement \u00e0 quelqu&#039;un utilisant un t\u00e9l\u00e9phone MTN au Rwanda et ils ont obtenu et obtenu l&#039;argent d&#039;un agent au Rwanda. Le meilleur moyen de vous envoyer de l&#039;argent est d&#039;utiliser WorldRemit.<\/p>\n<h2>M\u00e9thodes de paiement hors ligne et en ligne au Rwanda - conseils pour les nouveaux visiteurs\/touristes<\/h2>\n<p>L&#039;unit\u00e9 mon\u00e9taire est le fran rwandais. Il est divis\u00e9 en cent centimes. Les billets sont disponibles en coupures RFr100, RFr500, RFr5000 et RFr10 000. Les pi\u00e8ces sont disponibles en RFr50, RFr20 et RFr10.<\/p>","protected":false},"excerpt":{"rendered":"<p>Ad:\u00a0 How to pay for things in Rwanda Looking for the best way to pay for things in Rwanda? Here are payment methods in Rwanda and how to make online payments in Rwanda. What is the best way to pay for things in Rwanda? Offline, mobile and online payments in Rwanda How to pay for [&hellip;]<\/p>\n","protected":false},"author":1,"featured_media":19964,"parent":0,"menu_order":0,"comment_status":"open","ping_status":"closed","template":"template-home-modern.php","meta":{"footnotes":""},"class_list":["post-10689","page","type-page","status-publish","has-post-thumbnail","hentry"],"yoast_head":"<!-- This site is optimized with the Yoast SEO plugin v27.3 - https:\/\/yoast.com\/product\/yoast-seo-wordpress\/ -->\n<title>Payment methods in Rwanda and how to make online payments<\/title>\n<meta name=\"description\" content=\"Looking for the best way to pay for things in Rwanda? Here are payment methods in Rwanda and how to make online payments in Rwanda safe\" \/>\n<meta name=\"robots\" content=\"index, follow, max-snippet:-1, max-image-preview:large, max-video-preview:-1\" \/>\n<link rel=\"canonical\" href=\"https:\/\/tiketi.com\/fr-fr\/pay-for-things-online-payment-methods-in-rwanda\/\" \/>\n<meta property=\"og:locale\" content=\"fr_FR\" \/>\n<meta property=\"og:type\" content=\"article\" \/>\n<meta property=\"og:title\" content=\"Payment methods in Rwanda and how to make online payments\" \/>\n<meta property=\"og:description\" content=\"Looking for the best way to pay for things in Rwanda? Here are payment methods in Rwanda and how to make online payments in Rwanda safe\" \/>\n<meta property=\"og:url\" content=\"https:\/\/tiketi.com\/fr-fr\/pay-for-things-online-payment-methods-in-rwanda\/\" \/>\n<meta property=\"og:site_name\" content=\"Tiketi.com\" \/>\n<meta property=\"article:publisher\" content=\"https:\/\/www.facebook.com\/TiketiCom\/\" \/>\n<meta property=\"article:modified_time\" content=\"2022-07-14T12:02:10+00:00\" \/>\n<meta property=\"og:image\" content=\"https:\/\/tiketi.com\/wp-content\/uploads\/2019\/05\/paymnet-ecommerce-shopping-3082813_.jpg\" \/>\n\t<meta property=\"og:image:width\" content=\"1200\" \/>\n\t<meta property=\"og:image:height\" content=\"200\" \/>\n\t<meta property=\"og:image:type\" content=\"image\/jpeg\" \/>\n<meta name=\"twitter:card\" content=\"summary_large_image\" \/>\n<meta name=\"twitter:label1\" content=\"Dur\u00e9e de lecture estim\u00e9e\" \/>\n\t<meta name=\"twitter:data1\" content=\"3 minutes\" \/>\n<script type=\"application\/ld+json\" class=\"yoast-schema-graph\">{\"@context\":\"https:\\\/\\\/schema.org\",\"@graph\":[{\"@type\":\"WebPage\",\"@id\":\"https:\\\/\\\/tiketi.com\\\/pay-for-things-online-payment-methods-in-rwanda\\\/\",\"url\":\"https:\\\/\\\/tiketi.com\\\/pay-for-things-online-payment-methods-in-rwanda\\\/\",\"name\":\"Payment methods in Rwanda and how to make online payments\",\"isPartOf\":{\"@id\":\"https:\\\/\\\/tiketi.com\\\/#website\"},\"primaryImageOfPage\":{\"@id\":\"https:\\\/\\\/tiketi.com\\\/pay-for-things-online-payment-methods-in-rwanda\\\/#primaryimage\"},\"image\":{\"@id\":\"https:\\\/\\\/tiketi.com\\\/pay-for-things-online-payment-methods-in-rwanda\\\/#primaryimage\"},\"thumbnailUrl\":\"https:\\\/\\\/tiketi.com\\\/wp-content\\\/uploads\\\/2019\\\/05\\\/paymnet-ecommerce-shopping-3082813_.jpg\",\"datePublished\":\"2022-01-19T11:53:42+00:00\",\"dateModified\":\"2022-07-14T12:02:10+00:00\",\"description\":\"Looking for the best way to pay for things in Rwanda? Here are payment methods in Rwanda and how to make online payments in Rwanda safe\",\"breadcrumb\":{\"@id\":\"https:\\\/\\\/tiketi.com\\\/pay-for-things-online-payment-methods-in-rwanda\\\/#breadcrumb\"},\"inLanguage\":\"fr-FR\",\"potentialAction\":[{\"@type\":\"ReadAction\",\"target\":[\"https:\\\/\\\/tiketi.com\\\/pay-for-things-online-payment-methods-in-rwanda\\\/\"]}]},{\"@type\":\"ImageObject\",\"inLanguage\":\"fr-FR\",\"@id\":\"https:\\\/\\\/tiketi.com\\\/pay-for-things-online-payment-methods-in-rwanda\\\/#primaryimage\",\"url\":\"https:\\\/\\\/tiketi.com\\\/wp-content\\\/uploads\\\/2019\\\/05\\\/paymnet-ecommerce-shopping-3082813_.jpg\",\"contentUrl\":\"https:\\\/\\\/tiketi.com\\\/wp-content\\\/uploads\\\/2019\\\/05\\\/paymnet-ecommerce-shopping-3082813_.jpg\",\"width\":1200,\"height\":200,\"caption\":\"How to pay for things\"},{\"@type\":\"BreadcrumbList\",\"@id\":\"https:\\\/\\\/tiketi.com\\\/pay-for-things-online-payment-methods-in-rwanda\\\/#breadcrumb\",\"itemListElement\":[{\"@type\":\"ListItem\",\"position\":1,\"name\":\"Home\",\"item\":\"https:\\\/\\\/tiketi.com\\\/\"},{\"@type\":\"ListItem\",\"position\":2,\"name\":\"Payment methods in Rwanda and how to make online payments\"}]},{\"@type\":\"WebSite\",\"@id\":\"https:\\\/\\\/tiketi.com\\\/#website\",\"url\":\"https:\\\/\\\/tiketi.com\\\/\",\"name\":\"Flight & Bus Tickets, Tour Packages & Activitites - Tiketi.com\",\"description\":\"Flight &amp; Bus Tickets, Tours, Activitites\",\"publisher\":{\"@id\":\"https:\\\/\\\/tiketi.com\\\/#organization\"},\"potentialAction\":[{\"@type\":\"SearchAction\",\"target\":{\"@type\":\"EntryPoint\",\"urlTemplate\":\"https:\\\/\\\/tiketi.com\\\/?s={search_term_string}\"},\"query-input\":{\"@type\":\"PropertyValueSpecification\",\"valueRequired\":true,\"valueName\":\"search_term_string\"}}],\"inLanguage\":\"fr-FR\"},{\"@type\":\"Organization\",\"@id\":\"https:\\\/\\\/tiketi.com\\\/#organization\",\"name\":\"Tiketi.com\",\"alternateName\":\"Tiketi\",\"url\":\"https:\\\/\\\/tiketi.com\\\/\",\"logo\":{\"@type\":\"ImageObject\",\"inLanguage\":\"fr-FR\",\"@id\":\"https:\\\/\\\/tiketi.com\\\/#\\\/schema\\\/logo\\\/image\\\/\",\"url\":\"https:\\\/\\\/tiketi.com\\\/wp-content\\\/uploads\\\/2019\\\/05\\\/tiketi-logo-696.png\",\"contentUrl\":\"https:\\\/\\\/tiketi.com\\\/wp-content\\\/uploads\\\/2019\\\/05\\\/tiketi-logo-696.png\",\"width\":696,\"height\":696,\"caption\":\"Tiketi.com\"},\"image\":{\"@id\":\"https:\\\/\\\/tiketi.com\\\/#\\\/schema\\\/logo\\\/image\\\/\"},\"sameAs\":[\"https:\\\/\\\/www.facebook.com\\\/TiketiCom\\\/\"]}]}<\/script>\n<!-- \/ Yoast SEO plugin. -->","yoast_head_json":{"title":"Modes de paiement au Rwanda et comment effectuer des paiements en ligne","description":"Vous cherchez le meilleur moyen de payer vos achats au Rwanda ? Voici les m\u00e9thodes de paiement au Rwanda et comment effectuer des paiements en ligne au Rwanda en toute s\u00e9curit\u00e9","robots":{"index":"index","follow":"follow","max-snippet":"max-snippet:-1","max-image-preview":"max-image-preview:large","max-video-preview":"max-video-preview:-1"},"canonical":"https:\/\/tiketi.com\/fr-fr\/pay-for-things-online-payment-methods-in-rwanda\/","og_locale":"fr_FR","og_type":"article","og_title":"Payment methods in Rwanda and how to make online payments","og_description":"Looking for the best way to pay for things in Rwanda? Here are payment methods in Rwanda and how to make online payments in Rwanda safe","og_url":"https:\/\/tiketi.com\/fr-fr\/pay-for-things-online-payment-methods-in-rwanda\/","og_site_name":"Tiketi.com","article_publisher":"https:\/\/www.facebook.com\/TiketiCom\/","article_modified_time":"2022-07-14T12:02:10+00:00","og_image":[{"width":1200,"height":200,"url":"https:\/\/tiketi.com\/wp-content\/uploads\/2019\/05\/paymnet-ecommerce-shopping-3082813_.jpg","type":"image\/jpeg"}],"twitter_card":"summary_large_image","twitter_misc":{"Dur\u00e9e de lecture estim\u00e9e":"3 minutes"},"schema":{"@context":"https:\/\/schema.org","@graph":[{"@type":"WebPage","@id":"https:\/\/tiketi.com\/pay-for-things-online-payment-methods-in-rwanda\/","url":"https:\/\/tiketi.com\/pay-for-things-online-payment-methods-in-rwanda\/","name":"Modes de paiement au Rwanda et comment effectuer des paiements en ligne","isPartOf":{"@id":"https:\/\/tiketi.com\/#website"},"primaryImageOfPage":{"@id":"https:\/\/tiketi.com\/pay-for-things-online-payment-methods-in-rwanda\/#primaryimage"},"image":{"@id":"https:\/\/tiketi.com\/pay-for-things-online-payment-methods-in-rwanda\/#primaryimage"},"thumbnailUrl":"https:\/\/tiketi.com\/wp-content\/uploads\/2019\/05\/paymnet-ecommerce-shopping-3082813_.jpg","datePublished":"2022-01-19T11:53:42+00:00","dateModified":"2022-07-14T12:02:10+00:00","description":"Vous cherchez le meilleur moyen de payer vos achats au Rwanda ? Voici les m\u00e9thodes de paiement au Rwanda et comment effectuer des paiements en ligne au Rwanda en toute s\u00e9curit\u00e9","breadcrumb":{"@id":"https:\/\/tiketi.com\/pay-for-things-online-payment-methods-in-rwanda\/#breadcrumb"},"inLanguage":"fr-FR","potentialAction":[{"@type":"ReadAction","target":["https:\/\/tiketi.com\/pay-for-things-online-payment-methods-in-rwanda\/"]}]},{"@type":"ImageObject","inLanguage":"fr-FR","@id":"https:\/\/tiketi.com\/pay-for-things-online-payment-methods-in-rwanda\/#primaryimage","url":"https:\/\/tiketi.com\/wp-content\/uploads\/2019\/05\/paymnet-ecommerce-shopping-3082813_.jpg","contentUrl":"https:\/\/tiketi.com\/wp-content\/uploads\/2019\/05\/paymnet-ecommerce-shopping-3082813_.jpg","width":1200,"height":200,"caption":"How to pay for things"},{"@type":"BreadcrumbList","@id":"https:\/\/tiketi.com\/pay-for-things-online-payment-methods-in-rwanda\/#breadcrumb","itemListElement":[{"@type":"ListItem","position":1,"name":"Home","item":"https:\/\/tiketi.com\/"},{"@type":"ListItem","position":2,"name":"Payment methods in Rwanda and how to make online payments"}]},{"@type":"WebSite","@id":"https:\/\/tiketi.com\/#website","url":"https:\/\/tiketi.com\/","name":"Billets d&#039;avion et de bus, forfaits touristiques et activit\u00e9s - Tiketi.com","description":"Billets d&#039;avion et de bus, Tours, Activit\u00e9s","publisher":{"@id":"https:\/\/tiketi.com\/#organization"},"potentialAction":[{"@type":"SearchAction","target":{"@type":"EntryPoint","urlTemplate":"https:\/\/tiketi.com\/?s={search_term_string}"},"query-input":{"@type":"PropertyValueSpecification","valueRequired":true,"valueName":"search_term_string"}}],"inLanguage":"fr-FR"},{"@type":"Organization","@id":"https:\/\/tiketi.com\/#organization","name":"Tiketi.com","alternateName":"Tiketi","url":"https:\/\/tiketi.com\/","logo":{"@type":"ImageObject","inLanguage":"fr-FR","@id":"https:\/\/tiketi.com\/#\/schema\/logo\/image\/","url":"https:\/\/tiketi.com\/wp-content\/uploads\/2019\/05\/tiketi-logo-696.png","contentUrl":"https:\/\/tiketi.com\/wp-content\/uploads\/2019\/05\/tiketi-logo-696.png","width":696,"height":696,"caption":"Tiketi.com"},"image":{"@id":"https:\/\/tiketi.com\/#\/schema\/logo\/image\/"},"sameAs":["https:\/\/www.facebook.com\/TiketiCom\/"]}]}},"_links":{"self":[{"href":"https:\/\/tiketi.com\/fr-fr\/wp-json\/wp\/v2\/pages\/10689","targetHints":{"allow":["GET"]}}],"collection":[{"href":"https:\/\/tiketi.com\/fr-fr\/wp-json\/wp\/v2\/pages"}],"about":[{"href":"https:\/\/tiketi.com\/fr-fr\/wp-json\/wp\/v2\/types\/page"}],"author":[{"embeddable":true,"href":"https:\/\/tiketi.com\/fr-fr\/wp-json\/wp\/v2\/users\/1"}],"replies":[{"embeddable":true,"href":"https:\/\/tiketi.com\/fr-fr\/wp-json\/wp\/v2\/comments?post=10689"}],"version-history":[{"count":0,"href":"https:\/\/tiketi.com\/fr-fr\/wp-json\/wp\/v2\/pages\/10689\/revisions"}],"wp:featuredmedia":[{"embeddable":true,"href":"https:\/\/tiketi.com\/fr-fr\/wp-json\/wp\/v2\/media\/19964"}],"wp:attachment":[{"href":"https:\/\/tiketi.com\/fr-fr\/wp-json\/wp\/v2\/media?parent=10689"}],"curies":[{"name":"wp","href":"https:\/\/api.w.org\/{rel}","templated":true}]}}