{"id":10690,"date":"2022-01-19T12:53:42","date_gmt":"2022-01-19T11:53:42","guid":{"rendered":"https:\/\/new.tiketi.com\/how-to-pay-for-things-in-tanzania-and-safe-online-payment-methods\/"},"modified":"2023-06-22T17:15:23","modified_gmt":"2023-06-22T16:15:23","slug":"in-tanzania","status":"publish","type":"page","link":"https:\/\/tiketi.com\/fr-fr\/payment-methods\/in-tanzania\/","title":{"rendered":"M\u00e9thodes de paiement hors ligne et en ligne en Tanzanie"},"content":{"rendered":"<h2>Comment payer pour des choses en Tanzanie<\/h2>\n<p>Quels sont les meilleurs moyens de paiement en Tanzanie ? Voici comment payer des choses en Tanzanie et les m\u00e9thodes de paiement en ligne les plus s\u00e9curis\u00e9es en Tanzanie.<\/p>\n<h2>M\u00e9thodes de paiement hors ligne, mobiles et en ligne en Tanzanie<\/h2>\n<h3>Cartes de cr\u00e9dit<\/h3>\n<p>Les cartes de cr\u00e9dit sont de plus en plus accept\u00e9es dans les restaurants et h\u00f4tels touristiques haut de gamme et milieu de gamme, ainsi que comme moyen de paiement en ligne pr\u00e9f\u00e9r\u00e9 en Tanzanie. Apportez une carte Visa ou MasterCard. Ceux-ci sont indispensables pour retirer de l&#039;argent aux guichets automatiques. Le visa est le plus largement accept\u00e9. Une MasterCard ou Visa est \u00e9galement n\u00e9cessaire pour payer les frais de parc dans la plupart des parcs nationaux. Certains h\u00f4tels, boutiques et voyagistes haut de gamme acceptent les paiements par carte de cr\u00e9dit, g\u00e9n\u00e9ralement avec une commission moyenne de 5 \u00e0 10 %. Quoi qu&#039;il en soit, beaucoup ne le font pas, pour toujours confirmer \u00e0 l&#039;avance.<\/p>\n<h3>Banques &amp; bureau de change<\/h3>\n<p>Si vous venez d&#039;un pays qui n&#039;utilise pas le dollar am\u00e9ricain, il est simple de convertir votre devise locale en USD \u00e0 votre arriv\u00e9e en Tanzanie.<\/p>\n<p>Les devises peuvent \u00eatre \u00e9chang\u00e9es dans les banques de devises des a\u00e9roports, les bureaux et dans certains grands h\u00f4tels.<\/p>\n<p>Les banques en Tanzanie fonctionnent de 9h00 \u00e0 16h00 du lundi au vendredi. Les temps d&#039;attente et le temps de traitement sont tr\u00e8s \u00e9lev\u00e9s, nous leur conseillons donc d&#039;\u00e9changer de l&#039;argent \u00e0 l&#039;a\u00e9roport ou d&#039;apporter de l&#039;argent suppl\u00e9mentaire pour \u00e9viter les longs temps d&#039;attente.<\/p>\n<p>Si vous avez besoin d&#039;aide pour vous rendre \u00e0 la banque, informez-en votre professionnel du safari avant votre arriv\u00e9e. De cette fa\u00e7on, ils seront en mesure de s&#039;assurer que vous avez le temps de vous rendre dans une banque avant de partir pour votre safari.<\/p>\n<h3>Visa partout<\/h3>\n<p>L&#039;option la plus s\u00fbre et la meilleure est d&#039;avoir Visa avec vous, Mastercard est accept\u00e9e sur certains guichets automatiques, tandis que les retraits avec Visa sont toujours possibles. Les cartes Maestro Cirrus sont \u00e9galement acceptables, mais v\u00e9rifiez aupr\u00e8s de votre banque pour vous assurer que vous serez en mesure d&#039;utiliser les guichets automatiques pour le meilleur moyen de payer vos achats en Tanzanie. Avant le d\u00e9part, les voyageurs am\u00e9ricains doivent g\u00e9n\u00e9ralement informer la banque de leurs futurs retraits en Afrique. Assurez-vous d&#039;informer la banque que vous avez l&#039;intention d&#039;utiliser des guichets automatiques en Tanzanie. Sinon, la banque pourrait bloquer votre carte en raison de mesures de s\u00e9curit\u00e9.<\/p>\n<h3>Ch\u00e8ques de voyage<\/h3>\n<p>Les ch\u00e8ques de voyage ne sont accept\u00e9s nulle part en Tanzanie. Si vous utilisez des ch\u00e8ques de voyage pour d&#039;autres parties de votre circuit en Afrique, ils ne seront malheureusement d&#039;aucune utilit\u00e9 en Tanzanie.<\/p>\n<h3>Mode de paiement en ligne et mobile money en Tanzanie<\/h3>\n<p>Cartes de cr\u00e9dit et de d\u00e9bit<\/p>\n<p>Paiement en \u00e9sp\u00e8ces<\/p>\n<p>Virements bancaires<\/p>\n<p>portefeuilles \u00e9lectroniques<\/p>\n<p>Argent mobile (M-Pesa, Airtel Money, etc.)<\/p>\n<h3>Meilleur syst\u00e8me de paiement \u00e9lectronique en Tanzanie<\/h3>\n<p>Flutterwave<br \/>\nGroupe DPO<br \/>\n2paiement<br \/>\nBitpay<br \/>\nPayU<br \/>\nDusuPay<br \/>\nTigo<br \/>\nPay Pal<\/p>\n<h2>Conseils sur la devise, le dollar am\u00e9ricain, l&#039;euro et le mode de paiement mobile en Tanzanie<\/h2>\n<p>La monnaie tanzanienne est le shilling tanzanien. Les 2 premi\u00e8res choses que vous devez savoir sur les questions d&#039;argent en Tanzanie sont de ne pas apporter de ch\u00e8ques de s\u00e9jour avec vous, car ils ne sont plus accept\u00e9s. Et la prochaine chose, apportez des billets en dollars am\u00e9ricains. La Tanzanie aime les dollars. Les dollars sont largement accept\u00e9s, parfois m\u00eame pr\u00e9f\u00e9r\u00e9s \u00e0 la monnaie locale. Les euros sont corrects mais pas autant que les dollars. Les m\u00e9thodes de paiement par mobile money en Tanzanie sont tr\u00e8s courantes.<\/p>","protected":false},"excerpt":{"rendered":"<p>How to pay for things in Tanzania What are the best payment method in Tanzania? Here&#8217;s how to pay for things in Tanzania and the most secure online payment methods in Tanzania. Offline, mobile and online payment methods in Tanzania Credit cards Credit cards are increasingly accepted at top-end and midrange tourist restaurants and hotels [&hellip;]<\/p>\n","protected":false},"author":1,"featured_media":19964,"parent":28343,"menu_order":0,"comment_status":"open","ping_status":"closed","template":"template-home-modern.php","meta":{"footnotes":""},"class_list":["post-10690","page","type-page","status-publish","has-post-thumbnail","hentry"],"yoast_head":"<!-- This site is optimized with the Yoast SEO plugin v27.3 - https:\/\/yoast.com\/product\/yoast-seo-wordpress\/ -->\n<title>Offline and online payment methods in Tanzania<\/title>\n<meta name=\"description\" content=\"Looking for the best way to pay for things in Tanzania? Here are the best offline, mobile and online payment methods in Tanzania\" \/>\n<meta name=\"robots\" content=\"index, follow, max-snippet:-1, max-image-preview:large, max-video-preview:-1\" \/>\n<link rel=\"canonical\" href=\"https:\/\/tiketi.com\/fr-fr\/payment-methods\/in-tanzania\/\" \/>\n<meta property=\"og:locale\" content=\"fr_FR\" \/>\n<meta property=\"og:type\" content=\"article\" \/>\n<meta property=\"og:title\" content=\"Offline and online payment methods in Tanzania\" \/>\n<meta property=\"og:description\" content=\"Looking for the best way to pay for things in Tanzania? Here are the best offline, mobile and online payment methods in Tanzania\" \/>\n<meta property=\"og:url\" content=\"https:\/\/tiketi.com\/fr-fr\/payment-methods\/in-tanzania\/\" \/>\n<meta property=\"og:site_name\" content=\"Tiketi.com\" \/>\n<meta property=\"article:publisher\" content=\"https:\/\/www.facebook.com\/TiketiCom\/\" \/>\n<meta property=\"article:modified_time\" content=\"2023-06-22T16:15:23+00:00\" \/>\n<meta property=\"og:image\" content=\"https:\/\/tiketi.com\/wp-content\/uploads\/2019\/05\/paymnet-ecommerce-shopping-3082813_.jpg\" \/>\n\t<meta property=\"og:image:width\" content=\"1200\" \/>\n\t<meta property=\"og:image:height\" content=\"200\" \/>\n\t<meta property=\"og:image:type\" content=\"image\/jpeg\" \/>\n<meta name=\"twitter:card\" content=\"summary_large_image\" \/>\n<meta name=\"twitter:label1\" content=\"Dur\u00e9e de lecture estim\u00e9e\" \/>\n\t<meta name=\"twitter:data1\" content=\"3 minutes\" \/>\n<script type=\"application\/ld+json\" class=\"yoast-schema-graph\">{\"@context\":\"https:\\\/\\\/schema.org\",\"@graph\":[{\"@type\":\"WebPage\",\"@id\":\"https:\\\/\\\/tiketi.com\\\/payment-methods\\\/in-tanzania\\\/\",\"url\":\"https:\\\/\\\/tiketi.com\\\/payment-methods\\\/in-tanzania\\\/\",\"name\":\"Offline and online payment methods in Tanzania\",\"isPartOf\":{\"@id\":\"https:\\\/\\\/tiketi.com\\\/#website\"},\"primaryImageOfPage\":{\"@id\":\"https:\\\/\\\/tiketi.com\\\/payment-methods\\\/in-tanzania\\\/#primaryimage\"},\"image\":{\"@id\":\"https:\\\/\\\/tiketi.com\\\/payment-methods\\\/in-tanzania\\\/#primaryimage\"},\"thumbnailUrl\":\"https:\\\/\\\/tiketi.com\\\/wp-content\\\/uploads\\\/2019\\\/05\\\/paymnet-ecommerce-shopping-3082813_.jpg\",\"datePublished\":\"2022-01-19T11:53:42+00:00\",\"dateModified\":\"2023-06-22T16:15:23+00:00\",\"description\":\"Looking for the best way to pay for things in Tanzania? Here are the best offline, mobile and online payment methods in Tanzania\",\"breadcrumb\":{\"@id\":\"https:\\\/\\\/tiketi.com\\\/payment-methods\\\/in-tanzania\\\/#breadcrumb\"},\"inLanguage\":\"fr-FR\",\"potentialAction\":[{\"@type\":\"ReadAction\",\"target\":[\"https:\\\/\\\/tiketi.com\\\/payment-methods\\\/in-tanzania\\\/\"]}]},{\"@type\":\"ImageObject\",\"inLanguage\":\"fr-FR\",\"@id\":\"https:\\\/\\\/tiketi.com\\\/payment-methods\\\/in-tanzania\\\/#primaryimage\",\"url\":\"https:\\\/\\\/tiketi.com\\\/wp-content\\\/uploads\\\/2019\\\/05\\\/paymnet-ecommerce-shopping-3082813_.jpg\",\"contentUrl\":\"https:\\\/\\\/tiketi.com\\\/wp-content\\\/uploads\\\/2019\\\/05\\\/paymnet-ecommerce-shopping-3082813_.jpg\",\"width\":1200,\"height\":200,\"caption\":\"How to pay for things\"},{\"@type\":\"BreadcrumbList\",\"@id\":\"https:\\\/\\\/tiketi.com\\\/payment-methods\\\/in-tanzania\\\/#breadcrumb\",\"itemListElement\":[{\"@type\":\"ListItem\",\"position\":1,\"name\":\"Home\",\"item\":\"https:\\\/\\\/tiketi.com\\\/\"},{\"@type\":\"ListItem\",\"position\":2,\"name\":\"Payment Methods\",\"item\":\"https:\\\/\\\/tiketi.com\\\/payment-methods\\\/\"},{\"@type\":\"ListItem\",\"position\":3,\"name\":\"Offline and online payment methods in Tanzania\"}]},{\"@type\":\"WebSite\",\"@id\":\"https:\\\/\\\/tiketi.com\\\/#website\",\"url\":\"https:\\\/\\\/tiketi.com\\\/\",\"name\":\"Flight & Bus Tickets, Tour Packages & Activitites - Tiketi.com\",\"description\":\"Flight &amp; Bus Tickets, Tours, Activitites\",\"publisher\":{\"@id\":\"https:\\\/\\\/tiketi.com\\\/#organization\"},\"potentialAction\":[{\"@type\":\"SearchAction\",\"target\":{\"@type\":\"EntryPoint\",\"urlTemplate\":\"https:\\\/\\\/tiketi.com\\\/?s={search_term_string}\"},\"query-input\":{\"@type\":\"PropertyValueSpecification\",\"valueRequired\":true,\"valueName\":\"search_term_string\"}}],\"inLanguage\":\"fr-FR\"},{\"@type\":\"Organization\",\"@id\":\"https:\\\/\\\/tiketi.com\\\/#organization\",\"name\":\"Tiketi.com\",\"alternateName\":\"Tiketi\",\"url\":\"https:\\\/\\\/tiketi.com\\\/\",\"logo\":{\"@type\":\"ImageObject\",\"inLanguage\":\"fr-FR\",\"@id\":\"https:\\\/\\\/tiketi.com\\\/#\\\/schema\\\/logo\\\/image\\\/\",\"url\":\"https:\\\/\\\/tiketi.com\\\/wp-content\\\/uploads\\\/2019\\\/05\\\/tiketi-logo-696.png\",\"contentUrl\":\"https:\\\/\\\/tiketi.com\\\/wp-content\\\/uploads\\\/2019\\\/05\\\/tiketi-logo-696.png\",\"width\":696,\"height\":696,\"caption\":\"Tiketi.com\"},\"image\":{\"@id\":\"https:\\\/\\\/tiketi.com\\\/#\\\/schema\\\/logo\\\/image\\\/\"},\"sameAs\":[\"https:\\\/\\\/www.facebook.com\\\/TiketiCom\\\/\"]}]}<\/script>\n<!-- \/ Yoast SEO plugin. -->","yoast_head_json":{"title":"M\u00e9thodes de paiement hors ligne et en ligne en Tanzanie","description":"Vous cherchez le meilleur moyen de payer pour des choses en Tanzanie ? Voici les meilleures m\u00e9thodes de paiement hors ligne, mobiles et en ligne en Tanzanie","robots":{"index":"index","follow":"follow","max-snippet":"max-snippet:-1","max-image-preview":"max-image-preview:large","max-video-preview":"max-video-preview:-1"},"canonical":"https:\/\/tiketi.com\/fr-fr\/payment-methods\/in-tanzania\/","og_locale":"fr_FR","og_type":"article","og_title":"Offline and online payment methods in Tanzania","og_description":"Looking for the best way to pay for things in Tanzania? Here are the best offline, mobile and online payment methods in Tanzania","og_url":"https:\/\/tiketi.com\/fr-fr\/payment-methods\/in-tanzania\/","og_site_name":"Tiketi.com","article_publisher":"https:\/\/www.facebook.com\/TiketiCom\/","article_modified_time":"2023-06-22T16:15:23+00:00","og_image":[{"width":1200,"height":200,"url":"https:\/\/tiketi.com\/wp-content\/uploads\/2019\/05\/paymnet-ecommerce-shopping-3082813_.jpg","type":"image\/jpeg"}],"twitter_card":"summary_large_image","twitter_misc":{"Dur\u00e9e de lecture estim\u00e9e":"3 minutes"},"schema":{"@context":"https:\/\/schema.org","@graph":[{"@type":"WebPage","@id":"https:\/\/tiketi.com\/payment-methods\/in-tanzania\/","url":"https:\/\/tiketi.com\/payment-methods\/in-tanzania\/","name":"M\u00e9thodes de paiement hors ligne et en ligne en Tanzanie","isPartOf":{"@id":"https:\/\/tiketi.com\/#website"},"primaryImageOfPage":{"@id":"https:\/\/tiketi.com\/payment-methods\/in-tanzania\/#primaryimage"},"image":{"@id":"https:\/\/tiketi.com\/payment-methods\/in-tanzania\/#primaryimage"},"thumbnailUrl":"https:\/\/tiketi.com\/wp-content\/uploads\/2019\/05\/paymnet-ecommerce-shopping-3082813_.jpg","datePublished":"2022-01-19T11:53:42+00:00","dateModified":"2023-06-22T16:15:23+00:00","description":"Vous cherchez le meilleur moyen de payer pour des choses en Tanzanie ? Voici les meilleures m\u00e9thodes de paiement hors ligne, mobiles et en ligne en Tanzanie","breadcrumb":{"@id":"https:\/\/tiketi.com\/payment-methods\/in-tanzania\/#breadcrumb"},"inLanguage":"fr-FR","potentialAction":[{"@type":"ReadAction","target":["https:\/\/tiketi.com\/payment-methods\/in-tanzania\/"]}]},{"@type":"ImageObject","inLanguage":"fr-FR","@id":"https:\/\/tiketi.com\/payment-methods\/in-tanzania\/#primaryimage","url":"https:\/\/tiketi.com\/wp-content\/uploads\/2019\/05\/paymnet-ecommerce-shopping-3082813_.jpg","contentUrl":"https:\/\/tiketi.com\/wp-content\/uploads\/2019\/05\/paymnet-ecommerce-shopping-3082813_.jpg","width":1200,"height":200,"caption":"How to pay for things"},{"@type":"BreadcrumbList","@id":"https:\/\/tiketi.com\/payment-methods\/in-tanzania\/#breadcrumb","itemListElement":[{"@type":"ListItem","position":1,"name":"Home","item":"https:\/\/tiketi.com\/"},{"@type":"ListItem","position":2,"name":"Payment Methods","item":"https:\/\/tiketi.com\/payment-methods\/"},{"@type":"ListItem","position":3,"name":"Offline and online payment methods in Tanzania"}]},{"@type":"WebSite","@id":"https:\/\/tiketi.com\/#website","url":"https:\/\/tiketi.com\/","name":"Billets d&#039;avion et de bus, forfaits touristiques et activit\u00e9s - Tiketi.com","description":"Billets d&#039;avion et de bus, Tours, Activit\u00e9s","publisher":{"@id":"https:\/\/tiketi.com\/#organization"},"potentialAction":[{"@type":"SearchAction","target":{"@type":"EntryPoint","urlTemplate":"https:\/\/tiketi.com\/?s={search_term_string}"},"query-input":{"@type":"PropertyValueSpecification","valueRequired":true,"valueName":"search_term_string"}}],"inLanguage":"fr-FR"},{"@type":"Organization","@id":"https:\/\/tiketi.com\/#organization","name":"Tiketi.com","alternateName":"Tiketi","url":"https:\/\/tiketi.com\/","logo":{"@type":"ImageObject","inLanguage":"fr-FR","@id":"https:\/\/tiketi.com\/#\/schema\/logo\/image\/","url":"https:\/\/tiketi.com\/wp-content\/uploads\/2019\/05\/tiketi-logo-696.png","contentUrl":"https:\/\/tiketi.com\/wp-content\/uploads\/2019\/05\/tiketi-logo-696.png","width":696,"height":696,"caption":"Tiketi.com"},"image":{"@id":"https:\/\/tiketi.com\/#\/schema\/logo\/image\/"},"sameAs":["https:\/\/www.facebook.com\/TiketiCom\/"]}]}},"_links":{"self":[{"href":"https:\/\/tiketi.com\/fr-fr\/wp-json\/wp\/v2\/pages\/10690","targetHints":{"allow":["GET"]}}],"collection":[{"href":"https:\/\/tiketi.com\/fr-fr\/wp-json\/wp\/v2\/pages"}],"about":[{"href":"https:\/\/tiketi.com\/fr-fr\/wp-json\/wp\/v2\/types\/page"}],"author":[{"embeddable":true,"href":"https:\/\/tiketi.com\/fr-fr\/wp-json\/wp\/v2\/users\/1"}],"replies":[{"embeddable":true,"href":"https:\/\/tiketi.com\/fr-fr\/wp-json\/wp\/v2\/comments?post=10690"}],"version-history":[{"count":0,"href":"https:\/\/tiketi.com\/fr-fr\/wp-json\/wp\/v2\/pages\/10690\/revisions"}],"up":[{"embeddable":true,"href":"https:\/\/tiketi.com\/fr-fr\/wp-json\/wp\/v2\/pages\/28343"}],"wp:featuredmedia":[{"embeddable":true,"href":"https:\/\/tiketi.com\/fr-fr\/wp-json\/wp\/v2\/media\/19964"}],"wp:attachment":[{"href":"https:\/\/tiketi.com\/fr-fr\/wp-json\/wp\/v2\/media?parent=10690"}],"curies":[{"name":"wp","href":"https:\/\/api.w.org\/{rel}","templated":true}]}}