{"id":10691,"date":"2022-01-19T12:53:42","date_gmt":"2022-01-19T11:53:42","guid":{"rendered":"https:\/\/new.tiketi.com\/cheap-flights-from-mwanza-to-mbeya\/"},"modified":"2022-04-04T09:17:52","modified_gmt":"2022-04-04T08:17:52","slug":"cheap-flights-from-mbeya-to-mwanza","status":"publish","type":"page","link":"https:\/\/tiketi.com\/fr-fr\/cheap-flights-from-mbeya-to-mwanza\/","title":{"rendered":"Vols \u00e0 bas prix de Mwanza \u00e0 Mbeya"},"content":{"rendered":"<h2>Vous \u00eates \u00e0 la recherche de billets d&#039;avion pas chers de Mwanza \u00e0 Mbeya ou d&#039;offres de derni\u00e8re minute ?<\/h2>\n<h3>Recherchez, comparez et r\u00e9servez en ligne maintenant un billet d&#039;avion pas cher entre Mwanza (MWZ) et Mbeya (MBI).<\/h3>\n<p>R\u00e9servez en ligne des vols \u00e0 bas prix de Mwanza \u00e0 Mbeya et \u00e9conomisez de l&#039;argent sur les billets d&#039;avion. Mbeya est une ville tanzanienne situ\u00e9e dans la partie sud-ouest du pays, \u00e0 environ 830 km au sud-ouest de Dar es Salaam, et la plus grande ville de Tanzanie. Mbeya est la porte d&#039;entr\u00e9e de nombreuses r\u00e9serves de chasse et parcs nationaux du pays, comme la r\u00e9serve de chasse de Kipengere Mpanga, le parc national du plateau de Kitulo, la r\u00e9serve de chasse d&#039;Usungu et la r\u00e9serve de chasse d&#039;Uwanda. Comparez les prix et obtenez le tarif le plus bas sur les billets d&#039;avion de Mwanza \u00e0 Mbeya gr\u00e2ce \u00e0 des offres exceptionnelles sur la r\u00e9servation de billets en ligne de vols de Mwanza \u00e0 Mbeya.<\/p>\n<h2>FAQ sur les vols \u00e0 bas prix de Mwanza \u00e0 Mbeya<\/h2>\n<h3>Quel est le moyen le plus rapide pour se rendre de Mwanza \u00e0 Mbeya ?<\/h3>\n<p>Le moyen le plus rapide pour se rendre de Mwanza \u00e0 Mbeya est de prendre un avion, dure 8h 1m et co\u00fbte $170 \u2013 $410.<\/p>\n<h3>Quelle est la dur\u00e9e du vol Mwanza-Mbeya ?<\/h3>\n<p>Il n&#039;y a pas de vol direct depuis l&#039;a\u00e9roport de Mwanza jusqu&#039;\u00e0 l&#039;a\u00e9roport de Mbeya. Le vol le plus rapide dure 7h 10m et comporte une escale.<\/p>\n<h3>Quelle est la distance de vol entre Mwanza et Mbeya?<\/h3>\n<p>Il y a 722 km de Mwanza et Mbeya.<\/p>\n<h3>Quel est le meilleur moment pour r\u00e9server un billet d&#039;avion de Mwanza \u00e0 Mbeya ?<\/h3>\n<p>D&#039;apr\u00e8s les recherches, les mois les plus connus pour r\u00e9server un billet d&#039;avion pas cher de Mwanza \u00e0 Mbeya sont f\u00e9vrier, octobre et juin.<\/p>\n<h3>Quels a\u00e9roports ont des vols entre Mbeya et Mwanza ?<\/h3>\n<p>La route principale entre Mbeya et Mwanza est : Dar es Salaam \u00e0 Mbeya. Cet itin\u00e9raire est couvert par les compagnies a\u00e9riennes suivantes :<br \/>\n\u2022 Syst\u00e8mes Hahn Air<br \/>\n\u2022 Air Tanzanie<\/p>\n<h3>Quelles sont les compagnies a\u00e9riennes les plus c\u00e9l\u00e8bres avec les vols Mwanza - Mbeya ?<\/h3>\n<p>La compagnie a\u00e9rienne avec des vols directs au d\u00e9part de Mwanza vers Mbeya est Air Tanzania.<\/p>\n<h2>Conseils sur les vols Mwanza - Mbeya<\/h2>\n<p>L&#039;a\u00e9roport de Mbeya est l&#039;a\u00e9roport desservant Mbeya, situ\u00e9 \u00e0 environ trois kilom\u00e8tres du centre de la ville. Cet a\u00e9roport relie Mbeya \u00e0 Dar es Salaam et Zanzibar. Un autre a\u00e9roport de la place est l&#039;a\u00e9roport international de Songwe, situ\u00e9 \u00e0 environ 25 kilom\u00e8tres au sud-ouest de la ville de Mbeya. Il g\u00e8re plus de vols que Mbeya.<\/p>","protected":false},"excerpt":{"rendered":"<p>Looking for cheap airline ticket from Mwanza to Mbeya\u00a0or last minute deals? Search, compare and book cheap airline ticket from Mwanza (MWZ) to Mbeya (MBI) online now. Book cheap flights from Mwanza to Mbeya online and save money on airfare. Mbeya is a Tanzanian city placed in the southwestern part of the country, approximately 830 [&hellip;]<\/p>\n","protected":false},"author":1,"featured_media":14041,"parent":0,"menu_order":0,"comment_status":"open","ping_status":"closed","template":"template-home-modern.php","meta":{"footnotes":""},"class_list":["post-10691","page","type-page","status-publish","has-post-thumbnail","hentry"],"yoast_head":"<!-- This site is optimized with the Yoast SEO plugin v27.3 - https:\/\/yoast.com\/product\/yoast-seo-wordpress\/ -->\n<title>Cheap Flights from Mwanza to Mbeya<\/title>\n<meta name=\"description\" content=\"Looking for cheap flights from\u00a0Mwanza to Mbeya? Search, compare and book cheap airline ticket from Mwanza to Mbeya online\" \/>\n<meta name=\"robots\" content=\"index, follow, max-snippet:-1, max-image-preview:large, max-video-preview:-1\" \/>\n<link rel=\"canonical\" href=\"https:\/\/tiketi.com\/fr-fr\/cheap-flights-from-mbeya-to-mwanza\/\" \/>\n<meta property=\"og:locale\" content=\"fr_FR\" \/>\n<meta property=\"og:type\" content=\"article\" \/>\n<meta property=\"og:title\" content=\"Cheap Flights from Mwanza to Mbeya\" \/>\n<meta property=\"og:description\" content=\"Looking for cheap flights from\u00a0Mwanza to Mbeya? Search, compare and book cheap airline ticket from Mwanza to Mbeya online\" \/>\n<meta property=\"og:url\" content=\"https:\/\/tiketi.com\/fr-fr\/cheap-flights-from-mbeya-to-mwanza\/\" \/>\n<meta property=\"og:site_name\" content=\"Tiketi.com\" \/>\n<meta property=\"article:publisher\" content=\"https:\/\/www.facebook.com\/TiketiCom\/\" \/>\n<meta property=\"article:modified_time\" content=\"2022-04-04T08:17:52+00:00\" \/>\n<meta property=\"og:image\" content=\"https:\/\/tiketi.com\/wp-content\/uploads\/2022\/01\/flight-ticket-booking-sorasak-KxCJXXGsv9I-unsplas.jpg\" \/>\n\t<meta property=\"og:image:width\" content=\"1200\" \/>\n\t<meta property=\"og:image:height\" content=\"240\" \/>\n\t<meta property=\"og:image:type\" content=\"image\/jpeg\" \/>\n<meta name=\"twitter:card\" content=\"summary_large_image\" \/>\n<meta name=\"twitter:label1\" content=\"Dur\u00e9e de lecture estim\u00e9e\" \/>\n\t<meta name=\"twitter:data1\" content=\"2 minutes\" \/>\n<script type=\"application\/ld+json\" class=\"yoast-schema-graph\">{\"@context\":\"https:\\\/\\\/schema.org\",\"@graph\":[{\"@type\":\"WebPage\",\"@id\":\"https:\\\/\\\/tiketi.com\\\/cheap-flights-from-mbeya-to-mwanza\\\/\",\"url\":\"https:\\\/\\\/tiketi.com\\\/cheap-flights-from-mbeya-to-mwanza\\\/\",\"name\":\"Cheap Flights from Mwanza to Mbeya\",\"isPartOf\":{\"@id\":\"https:\\\/\\\/tiketi.com\\\/#website\"},\"primaryImageOfPage\":{\"@id\":\"https:\\\/\\\/tiketi.com\\\/cheap-flights-from-mbeya-to-mwanza\\\/#primaryimage\"},\"image\":{\"@id\":\"https:\\\/\\\/tiketi.com\\\/cheap-flights-from-mbeya-to-mwanza\\\/#primaryimage\"},\"thumbnailUrl\":\"https:\\\/\\\/tiketi.com\\\/wp-content\\\/uploads\\\/2022\\\/01\\\/flight-ticket-booking-sorasak-KxCJXXGsv9I-unsplas.jpg\",\"datePublished\":\"2022-01-19T11:53:42+00:00\",\"dateModified\":\"2022-04-04T08:17:52+00:00\",\"description\":\"Looking for cheap flights from\u00a0Mwanza to Mbeya? Search, compare and book cheap airline ticket from Mwanza to Mbeya online\",\"breadcrumb\":{\"@id\":\"https:\\\/\\\/tiketi.com\\\/cheap-flights-from-mbeya-to-mwanza\\\/#breadcrumb\"},\"inLanguage\":\"fr-FR\",\"potentialAction\":[{\"@type\":\"ReadAction\",\"target\":[\"https:\\\/\\\/tiketi.com\\\/cheap-flights-from-mbeya-to-mwanza\\\/\"]}]},{\"@type\":\"ImageObject\",\"inLanguage\":\"fr-FR\",\"@id\":\"https:\\\/\\\/tiketi.com\\\/cheap-flights-from-mbeya-to-mwanza\\\/#primaryimage\",\"url\":\"https:\\\/\\\/tiketi.com\\\/wp-content\\\/uploads\\\/2022\\\/01\\\/flight-ticket-booking-sorasak-KxCJXXGsv9I-unsplas.jpg\",\"contentUrl\":\"https:\\\/\\\/tiketi.com\\\/wp-content\\\/uploads\\\/2022\\\/01\\\/flight-ticket-booking-sorasak-KxCJXXGsv9I-unsplas.jpg\",\"width\":1200,\"height\":240,\"caption\":\"Online flight ticket booking\"},{\"@type\":\"BreadcrumbList\",\"@id\":\"https:\\\/\\\/tiketi.com\\\/cheap-flights-from-mbeya-to-mwanza\\\/#breadcrumb\",\"itemListElement\":[{\"@type\":\"ListItem\",\"position\":1,\"name\":\"Home\",\"item\":\"https:\\\/\\\/tiketi.com\\\/\"},{\"@type\":\"ListItem\",\"position\":2,\"name\":\"Cheap Flights from Mwanza to Mbeya\"}]},{\"@type\":\"WebSite\",\"@id\":\"https:\\\/\\\/tiketi.com\\\/#website\",\"url\":\"https:\\\/\\\/tiketi.com\\\/\",\"name\":\"Flight & Bus Tickets, Tour Packages & Activitites - Tiketi.com\",\"description\":\"Flight &amp; Bus Tickets, Tours, Activitites\",\"publisher\":{\"@id\":\"https:\\\/\\\/tiketi.com\\\/#organization\"},\"potentialAction\":[{\"@type\":\"SearchAction\",\"target\":{\"@type\":\"EntryPoint\",\"urlTemplate\":\"https:\\\/\\\/tiketi.com\\\/?s={search_term_string}\"},\"query-input\":{\"@type\":\"PropertyValueSpecification\",\"valueRequired\":true,\"valueName\":\"search_term_string\"}}],\"inLanguage\":\"fr-FR\"},{\"@type\":\"Organization\",\"@id\":\"https:\\\/\\\/tiketi.com\\\/#organization\",\"name\":\"Tiketi.com\",\"alternateName\":\"Tiketi\",\"url\":\"https:\\\/\\\/tiketi.com\\\/\",\"logo\":{\"@type\":\"ImageObject\",\"inLanguage\":\"fr-FR\",\"@id\":\"https:\\\/\\\/tiketi.com\\\/#\\\/schema\\\/logo\\\/image\\\/\",\"url\":\"https:\\\/\\\/tiketi.com\\\/wp-content\\\/uploads\\\/2019\\\/05\\\/tiketi-logo-696.png\",\"contentUrl\":\"https:\\\/\\\/tiketi.com\\\/wp-content\\\/uploads\\\/2019\\\/05\\\/tiketi-logo-696.png\",\"width\":696,\"height\":696,\"caption\":\"Tiketi.com\"},\"image\":{\"@id\":\"https:\\\/\\\/tiketi.com\\\/#\\\/schema\\\/logo\\\/image\\\/\"},\"sameAs\":[\"https:\\\/\\\/www.facebook.com\\\/TiketiCom\\\/\"]}]}<\/script>\n<!-- \/ Yoast SEO plugin. -->","yoast_head_json":{"title":"Vols \u00e0 bas prix de Mwanza \u00e0 Mbeya","description":"Vous recherchez des vols \u00e0 bas prix de Mwanza vers Mbeya ? Recherchez, comparez et r\u00e9servez en ligne un billet d&#039;avion pas cher de Mwanza \u00e0 Mbeya","robots":{"index":"index","follow":"follow","max-snippet":"max-snippet:-1","max-image-preview":"max-image-preview:large","max-video-preview":"max-video-preview:-1"},"canonical":"https:\/\/tiketi.com\/fr-fr\/cheap-flights-from-mbeya-to-mwanza\/","og_locale":"fr_FR","og_type":"article","og_title":"Cheap Flights from Mwanza to Mbeya","og_description":"Looking for cheap flights from\u00a0Mwanza to Mbeya? Search, compare and book cheap airline ticket from Mwanza to Mbeya online","og_url":"https:\/\/tiketi.com\/fr-fr\/cheap-flights-from-mbeya-to-mwanza\/","og_site_name":"Tiketi.com","article_publisher":"https:\/\/www.facebook.com\/TiketiCom\/","article_modified_time":"2022-04-04T08:17:52+00:00","og_image":[{"width":1200,"height":240,"url":"https:\/\/tiketi.com\/wp-content\/uploads\/2022\/01\/flight-ticket-booking-sorasak-KxCJXXGsv9I-unsplas.jpg","type":"image\/jpeg"}],"twitter_card":"summary_large_image","twitter_misc":{"Dur\u00e9e de lecture estim\u00e9e":"2 minutes"},"schema":{"@context":"https:\/\/schema.org","@graph":[{"@type":"WebPage","@id":"https:\/\/tiketi.com\/cheap-flights-from-mbeya-to-mwanza\/","url":"https:\/\/tiketi.com\/cheap-flights-from-mbeya-to-mwanza\/","name":"Vols \u00e0 bas prix de Mwanza \u00e0 Mbeya","isPartOf":{"@id":"https:\/\/tiketi.com\/#website"},"primaryImageOfPage":{"@id":"https:\/\/tiketi.com\/cheap-flights-from-mbeya-to-mwanza\/#primaryimage"},"image":{"@id":"https:\/\/tiketi.com\/cheap-flights-from-mbeya-to-mwanza\/#primaryimage"},"thumbnailUrl":"https:\/\/tiketi.com\/wp-content\/uploads\/2022\/01\/flight-ticket-booking-sorasak-KxCJXXGsv9I-unsplas.jpg","datePublished":"2022-01-19T11:53:42+00:00","dateModified":"2022-04-04T08:17:52+00:00","description":"Vous recherchez des vols \u00e0 bas prix de Mwanza vers Mbeya ? Recherchez, comparez et r\u00e9servez en ligne un billet d&#039;avion pas cher de Mwanza \u00e0 Mbeya","breadcrumb":{"@id":"https:\/\/tiketi.com\/cheap-flights-from-mbeya-to-mwanza\/#breadcrumb"},"inLanguage":"fr-FR","potentialAction":[{"@type":"ReadAction","target":["https:\/\/tiketi.com\/cheap-flights-from-mbeya-to-mwanza\/"]}]},{"@type":"ImageObject","inLanguage":"fr-FR","@id":"https:\/\/tiketi.com\/cheap-flights-from-mbeya-to-mwanza\/#primaryimage","url":"https:\/\/tiketi.com\/wp-content\/uploads\/2022\/01\/flight-ticket-booking-sorasak-KxCJXXGsv9I-unsplas.jpg","contentUrl":"https:\/\/tiketi.com\/wp-content\/uploads\/2022\/01\/flight-ticket-booking-sorasak-KxCJXXGsv9I-unsplas.jpg","width":1200,"height":240,"caption":"Online flight ticket booking"},{"@type":"BreadcrumbList","@id":"https:\/\/tiketi.com\/cheap-flights-from-mbeya-to-mwanza\/#breadcrumb","itemListElement":[{"@type":"ListItem","position":1,"name":"Home","item":"https:\/\/tiketi.com\/"},{"@type":"ListItem","position":2,"name":"Cheap Flights from Mwanza to Mbeya"}]},{"@type":"WebSite","@id":"https:\/\/tiketi.com\/#website","url":"https:\/\/tiketi.com\/","name":"Billets d&#039;avion et de bus, forfaits touristiques et activit\u00e9s - Tiketi.com","description":"Billets d&#039;avion et de bus, Tours, Activit\u00e9s","publisher":{"@id":"https:\/\/tiketi.com\/#organization"},"potentialAction":[{"@type":"SearchAction","target":{"@type":"EntryPoint","urlTemplate":"https:\/\/tiketi.com\/?s={search_term_string}"},"query-input":{"@type":"PropertyValueSpecification","valueRequired":true,"valueName":"search_term_string"}}],"inLanguage":"fr-FR"},{"@type":"Organization","@id":"https:\/\/tiketi.com\/#organization","name":"Tiketi.com","alternateName":"Tiketi","url":"https:\/\/tiketi.com\/","logo":{"@type":"ImageObject","inLanguage":"fr-FR","@id":"https:\/\/tiketi.com\/#\/schema\/logo\/image\/","url":"https:\/\/tiketi.com\/wp-content\/uploads\/2019\/05\/tiketi-logo-696.png","contentUrl":"https:\/\/tiketi.com\/wp-content\/uploads\/2019\/05\/tiketi-logo-696.png","width":696,"height":696,"caption":"Tiketi.com"},"image":{"@id":"https:\/\/tiketi.com\/#\/schema\/logo\/image\/"},"sameAs":["https:\/\/www.facebook.com\/TiketiCom\/"]}]}},"_links":{"self":[{"href":"https:\/\/tiketi.com\/fr-fr\/wp-json\/wp\/v2\/pages\/10691","targetHints":{"allow":["GET"]}}],"collection":[{"href":"https:\/\/tiketi.com\/fr-fr\/wp-json\/wp\/v2\/pages"}],"about":[{"href":"https:\/\/tiketi.com\/fr-fr\/wp-json\/wp\/v2\/types\/page"}],"author":[{"embeddable":true,"href":"https:\/\/tiketi.com\/fr-fr\/wp-json\/wp\/v2\/users\/1"}],"replies":[{"embeddable":true,"href":"https:\/\/tiketi.com\/fr-fr\/wp-json\/wp\/v2\/comments?post=10691"}],"version-history":[{"count":0,"href":"https:\/\/tiketi.com\/fr-fr\/wp-json\/wp\/v2\/pages\/10691\/revisions"}],"wp:featuredmedia":[{"embeddable":true,"href":"https:\/\/tiketi.com\/fr-fr\/wp-json\/wp\/v2\/media\/14041"}],"wp:attachment":[{"href":"https:\/\/tiketi.com\/fr-fr\/wp-json\/wp\/v2\/media?parent=10691"}],"curies":[{"name":"wp","href":"https:\/\/api.w.org\/{rel}","templated":true}]}}