{"id":10692,"date":"2022-01-19T12:53:42","date_gmt":"2022-01-19T11:53:42","guid":{"rendered":"https:\/\/new.tiketi.com\/cheap-flights-from-mwanza-to-kilimanjaro\/"},"modified":"2022-04-01T14:13:53","modified_gmt":"2022-04-01T13:13:53","slug":"cheap-flights-from-mwanza-to-kilimanjaro","status":"publish","type":"page","link":"https:\/\/tiketi.com\/fr-fr\/cheap-flights-from-mwanza-to-kilimanjaro\/","title":{"rendered":"Vols \u00e0 bas prix de Mwanza \u00e0 Kilimandjaro"},"content":{"rendered":"<h2>Vous \u00eates \u00e0 la recherche de billets d&#039;avion pas chers de Mwanza \u00e0 Kilimandjaro ou d&#039;offres de derni\u00e8re minute ?<\/h2>\n<h3>Recherchez, comparez et r\u00e9servez en ligne maintenant des billets d&#039;avion pas chers entre Kilimandjaro (JRO) et Arusha (ARK).<\/h3>\n<p>R\u00e9servez en ligne des vols \u00e0 bas prix de Mwanza \u00e0 Kilimandjaro et \u00e9conomisez de l&#039;argent sur les billets d&#039;avion. Le mont Kilimandjaro, \u00e9galement appel\u00e9 le toit de l&#039;Afrique, est la plus haute montagne d&#039;Afrique et se trouve \u00e0 l&#039;int\u00e9rieur du parc national du Kilimandjaro en Tanzanie. C&#039;est aussi la plus haute montagne libre et isol\u00e9e de la plan\u00e8te. C&#039;est un volcan \u00e9teint avec 3 pics, \u00e0 savoir le pic Shira, le pic Mawenzi et le pic Kibo. Le pic Kibo est le plus haut \u00e0 5 895 m suivi de Mawenzi qui est \u00e0 5 150 m. Shira Peak, \u00e0 3963m est le plus bas. Kibo est entre Shira et Mawenzi. Comparez les prix et obtenez le tarif le plus bas sur les billets d&#039;avion de Mwanza \u00e0 Kilimandjaro gr\u00e2ce \u00e0 des offres exceptionnelles sur la r\u00e9servation de billets en ligne de vols de Mwanza \u00e0 Kilimandjaro.<\/p>\n<h2>FAQ sur les vols \u00e0 bas prix de Mwanza \u00e0 Kilimandjaro<\/h2>\n<h3>Quelle est la distance de vol entre Mwanza et Kilimandjaro?<\/h3>\n<p>La distance de vol entre Mwanza et Kilimandjaro est de 473 km.<\/p>\n<h3>Combien de temps dure un vol Mwanza-Kilimanjaro ?<\/h3>\n<p>Un vol aller simple sans escale entre Mwanza et le Kilimandjaro dure environ 1,3 heure.<\/p>\n<h3>Quelles compagnies a\u00e9riennes proposent des billets d&#039;avion pas chers de Mwanza vers Kilimandjaro ?<\/h3>\n<p>Actuellement, vous pouvez r\u00e9server un billet d&#039;avion de Mwanza au Kilimandjaro, avec Precision Air, Air Tanzanian, Airlink et Qatar Airways.<\/p>\n<h3>Combien de vols y a-t-il par semaine entre Mwanza et Mont Kilimandjaro ?<\/h3>\n<p>Il y a dix vols par semaine entre Mwanza et Kilimandjaro.<\/p>\n<p><strong>Informations sur l&#039;itin\u00e9raire\u00a0:<\/strong><\/p>\n<p>\u2022 Mwanza, Tanzanie est \u00e0 295 miles du parc national du Kilimandjaro.<br \/>\n\u2022 Il n&#039;y a qu&#039;un seul vol quotidien entre Mwanza et le parc national du Kilimandjaro.<br \/>\n\u2022 Deux vols sans escale op\u00e8rent de Mwanza, en Tanzanie, au parc national du Kilimandjaro<br \/>\n\u2022 Precision Air a le plus de vols continus entre la Tanzanie, Mwanza et le parc national du Kilimandjaro.<br \/>\n\u2022 Dar es Salaam, Tanzanie - Dar es Salaam Intl est le lien le plus c\u00e9l\u00e8bre pour un billet d&#039;avion \u00e0 escale de Mwanza au Kilimandjaro.<\/p>\n<h2>Conseils sur les vols Mwanza - Kilimandjaro<\/h2>\n<p>De nombreux visiteurs le visitent en raison de ses paysages remarquables, de ses vari\u00e9t\u00e9s infinies d&#039;attractions et de la plupart de sa flore et de sa faune particuli\u00e8res. Le mont Kenya a une couverture foresti\u00e8re \u00e9paisse, des vall\u00e9es \u00e9tonnantes, des pentes vallonn\u00e9es, des galeries et des falaises et des sommets enneig\u00e9s.<\/p>","protected":false},"excerpt":{"rendered":"<p>Looking for cheap airline ticket from Mwanza to Kilimanjaro\u00a0or last minute deals? Search, compare and book cheap airline ticket from\u00a0Kilimanjaro (JRO) to Arusha (ARK) online now. Book cheap flights from Mwanza to Kilimanjaro online and save money on airfare. Mt. Kilimanjaro, also referred to as the roof of Africa is the top mountain in Africa [&hellip;]<\/p>\n","protected":false},"author":1,"featured_media":14041,"parent":0,"menu_order":0,"comment_status":"open","ping_status":"closed","template":"template-home-modern.php","meta":{"footnotes":""},"class_list":["post-10692","page","type-page","status-publish","has-post-thumbnail","hentry"],"yoast_head":"<!-- This site is optimized with the Yoast SEO plugin v27.3 - https:\/\/yoast.com\/product\/yoast-seo-wordpress\/ -->\n<title>Cheap Flights from Mwanza to Kilimanjaro<\/title>\n<meta name=\"description\" content=\"Looking for cheap flights from\u00a0Mwanza to Kilimanjaro? Search, compare and book cheap airline ticket from Mwanza to Kilimanjaro online\" \/>\n<meta name=\"robots\" content=\"index, follow, max-snippet:-1, max-image-preview:large, max-video-preview:-1\" \/>\n<link rel=\"canonical\" href=\"https:\/\/tiketi.com\/fr-fr\/cheap-flights-from-mwanza-to-kilimanjaro\/\" \/>\n<meta property=\"og:locale\" content=\"fr_FR\" \/>\n<meta property=\"og:type\" content=\"article\" \/>\n<meta property=\"og:title\" content=\"Cheap Flights from Mwanza to Kilimanjaro\" \/>\n<meta property=\"og:description\" content=\"Looking for cheap flights from\u00a0Mwanza to Kilimanjaro? Search, compare and book cheap airline ticket from Mwanza to Kilimanjaro online\" \/>\n<meta property=\"og:url\" content=\"https:\/\/tiketi.com\/fr-fr\/cheap-flights-from-mwanza-to-kilimanjaro\/\" \/>\n<meta property=\"og:site_name\" content=\"Tiketi.com\" \/>\n<meta property=\"article:publisher\" content=\"https:\/\/www.facebook.com\/TiketiCom\/\" \/>\n<meta property=\"article:modified_time\" content=\"2022-04-01T13:13:53+00:00\" \/>\n<meta property=\"og:image\" content=\"https:\/\/tiketi.com\/wp-content\/uploads\/2022\/01\/flight-ticket-booking-sorasak-KxCJXXGsv9I-unsplas.jpg\" \/>\n\t<meta property=\"og:image:width\" content=\"1200\" \/>\n\t<meta property=\"og:image:height\" content=\"240\" \/>\n\t<meta property=\"og:image:type\" content=\"image\/jpeg\" \/>\n<meta name=\"twitter:card\" content=\"summary_large_image\" \/>\n<meta name=\"twitter:label1\" content=\"Dur\u00e9e de lecture estim\u00e9e\" \/>\n\t<meta name=\"twitter:data1\" content=\"2 minutes\" \/>\n<script type=\"application\/ld+json\" class=\"yoast-schema-graph\">{\"@context\":\"https:\\\/\\\/schema.org\",\"@graph\":[{\"@type\":\"WebPage\",\"@id\":\"https:\\\/\\\/tiketi.com\\\/cheap-flights-from-mwanza-to-kilimanjaro\\\/\",\"url\":\"https:\\\/\\\/tiketi.com\\\/cheap-flights-from-mwanza-to-kilimanjaro\\\/\",\"name\":\"Cheap Flights from Mwanza to Kilimanjaro\",\"isPartOf\":{\"@id\":\"https:\\\/\\\/tiketi.com\\\/#website\"},\"primaryImageOfPage\":{\"@id\":\"https:\\\/\\\/tiketi.com\\\/cheap-flights-from-mwanza-to-kilimanjaro\\\/#primaryimage\"},\"image\":{\"@id\":\"https:\\\/\\\/tiketi.com\\\/cheap-flights-from-mwanza-to-kilimanjaro\\\/#primaryimage\"},\"thumbnailUrl\":\"https:\\\/\\\/tiketi.com\\\/wp-content\\\/uploads\\\/2022\\\/01\\\/flight-ticket-booking-sorasak-KxCJXXGsv9I-unsplas.jpg\",\"datePublished\":\"2022-01-19T11:53:42+00:00\",\"dateModified\":\"2022-04-01T13:13:53+00:00\",\"description\":\"Looking for cheap flights from\u00a0Mwanza to Kilimanjaro? Search, compare and book cheap airline ticket from Mwanza to Kilimanjaro online\",\"breadcrumb\":{\"@id\":\"https:\\\/\\\/tiketi.com\\\/cheap-flights-from-mwanza-to-kilimanjaro\\\/#breadcrumb\"},\"inLanguage\":\"fr-FR\",\"potentialAction\":[{\"@type\":\"ReadAction\",\"target\":[\"https:\\\/\\\/tiketi.com\\\/cheap-flights-from-mwanza-to-kilimanjaro\\\/\"]}]},{\"@type\":\"ImageObject\",\"inLanguage\":\"fr-FR\",\"@id\":\"https:\\\/\\\/tiketi.com\\\/cheap-flights-from-mwanza-to-kilimanjaro\\\/#primaryimage\",\"url\":\"https:\\\/\\\/tiketi.com\\\/wp-content\\\/uploads\\\/2022\\\/01\\\/flight-ticket-booking-sorasak-KxCJXXGsv9I-unsplas.jpg\",\"contentUrl\":\"https:\\\/\\\/tiketi.com\\\/wp-content\\\/uploads\\\/2022\\\/01\\\/flight-ticket-booking-sorasak-KxCJXXGsv9I-unsplas.jpg\",\"width\":1200,\"height\":240,\"caption\":\"Online flight ticket booking\"},{\"@type\":\"BreadcrumbList\",\"@id\":\"https:\\\/\\\/tiketi.com\\\/cheap-flights-from-mwanza-to-kilimanjaro\\\/#breadcrumb\",\"itemListElement\":[{\"@type\":\"ListItem\",\"position\":1,\"name\":\"Home\",\"item\":\"https:\\\/\\\/tiketi.com\\\/\"},{\"@type\":\"ListItem\",\"position\":2,\"name\":\"Cheap Flights from Mwanza to Kilimanjaro\"}]},{\"@type\":\"WebSite\",\"@id\":\"https:\\\/\\\/tiketi.com\\\/#website\",\"url\":\"https:\\\/\\\/tiketi.com\\\/\",\"name\":\"Flight & Bus Tickets, Tour Packages & Activitites - Tiketi.com\",\"description\":\"Flight &amp; Bus Tickets, Tours, Activitites\",\"publisher\":{\"@id\":\"https:\\\/\\\/tiketi.com\\\/#organization\"},\"potentialAction\":[{\"@type\":\"SearchAction\",\"target\":{\"@type\":\"EntryPoint\",\"urlTemplate\":\"https:\\\/\\\/tiketi.com\\\/?s={search_term_string}\"},\"query-input\":{\"@type\":\"PropertyValueSpecification\",\"valueRequired\":true,\"valueName\":\"search_term_string\"}}],\"inLanguage\":\"fr-FR\"},{\"@type\":\"Organization\",\"@id\":\"https:\\\/\\\/tiketi.com\\\/#organization\",\"name\":\"Tiketi.com\",\"alternateName\":\"Tiketi\",\"url\":\"https:\\\/\\\/tiketi.com\\\/\",\"logo\":{\"@type\":\"ImageObject\",\"inLanguage\":\"fr-FR\",\"@id\":\"https:\\\/\\\/tiketi.com\\\/#\\\/schema\\\/logo\\\/image\\\/\",\"url\":\"https:\\\/\\\/tiketi.com\\\/wp-content\\\/uploads\\\/2019\\\/05\\\/tiketi-logo-696.png\",\"contentUrl\":\"https:\\\/\\\/tiketi.com\\\/wp-content\\\/uploads\\\/2019\\\/05\\\/tiketi-logo-696.png\",\"width\":696,\"height\":696,\"caption\":\"Tiketi.com\"},\"image\":{\"@id\":\"https:\\\/\\\/tiketi.com\\\/#\\\/schema\\\/logo\\\/image\\\/\"},\"sameAs\":[\"https:\\\/\\\/www.facebook.com\\\/TiketiCom\\\/\"]}]}<\/script>\n<!-- \/ Yoast SEO plugin. -->","yoast_head_json":{"title":"Vols \u00e0 bas prix de Mwanza \u00e0 Kilimandjaro","description":"Vous recherchez des vols \u00e0 bas prix de Mwanza vers Kilimandjaro ? Recherchez, comparez et r\u00e9servez en ligne un billet d&#039;avion pas cher de Mwanza \u00e0 Kilimandjaro","robots":{"index":"index","follow":"follow","max-snippet":"max-snippet:-1","max-image-preview":"max-image-preview:large","max-video-preview":"max-video-preview:-1"},"canonical":"https:\/\/tiketi.com\/fr-fr\/cheap-flights-from-mwanza-to-kilimanjaro\/","og_locale":"fr_FR","og_type":"article","og_title":"Cheap Flights from Mwanza to Kilimanjaro","og_description":"Looking for cheap flights from\u00a0Mwanza to Kilimanjaro? Search, compare and book cheap airline ticket from Mwanza to Kilimanjaro online","og_url":"https:\/\/tiketi.com\/fr-fr\/cheap-flights-from-mwanza-to-kilimanjaro\/","og_site_name":"Tiketi.com","article_publisher":"https:\/\/www.facebook.com\/TiketiCom\/","article_modified_time":"2022-04-01T13:13:53+00:00","og_image":[{"width":1200,"height":240,"url":"https:\/\/tiketi.com\/wp-content\/uploads\/2022\/01\/flight-ticket-booking-sorasak-KxCJXXGsv9I-unsplas.jpg","type":"image\/jpeg"}],"twitter_card":"summary_large_image","twitter_misc":{"Dur\u00e9e de lecture estim\u00e9e":"2 minutes"},"schema":{"@context":"https:\/\/schema.org","@graph":[{"@type":"WebPage","@id":"https:\/\/tiketi.com\/cheap-flights-from-mwanza-to-kilimanjaro\/","url":"https:\/\/tiketi.com\/cheap-flights-from-mwanza-to-kilimanjaro\/","name":"Vols \u00e0 bas prix de Mwanza \u00e0 Kilimandjaro","isPartOf":{"@id":"https:\/\/tiketi.com\/#website"},"primaryImageOfPage":{"@id":"https:\/\/tiketi.com\/cheap-flights-from-mwanza-to-kilimanjaro\/#primaryimage"},"image":{"@id":"https:\/\/tiketi.com\/cheap-flights-from-mwanza-to-kilimanjaro\/#primaryimage"},"thumbnailUrl":"https:\/\/tiketi.com\/wp-content\/uploads\/2022\/01\/flight-ticket-booking-sorasak-KxCJXXGsv9I-unsplas.jpg","datePublished":"2022-01-19T11:53:42+00:00","dateModified":"2022-04-01T13:13:53+00:00","description":"Vous recherchez des vols \u00e0 bas prix de Mwanza vers Kilimandjaro ? Recherchez, comparez et r\u00e9servez en ligne un billet d&#039;avion pas cher de Mwanza \u00e0 Kilimandjaro","breadcrumb":{"@id":"https:\/\/tiketi.com\/cheap-flights-from-mwanza-to-kilimanjaro\/#breadcrumb"},"inLanguage":"fr-FR","potentialAction":[{"@type":"ReadAction","target":["https:\/\/tiketi.com\/cheap-flights-from-mwanza-to-kilimanjaro\/"]}]},{"@type":"ImageObject","inLanguage":"fr-FR","@id":"https:\/\/tiketi.com\/cheap-flights-from-mwanza-to-kilimanjaro\/#primaryimage","url":"https:\/\/tiketi.com\/wp-content\/uploads\/2022\/01\/flight-ticket-booking-sorasak-KxCJXXGsv9I-unsplas.jpg","contentUrl":"https:\/\/tiketi.com\/wp-content\/uploads\/2022\/01\/flight-ticket-booking-sorasak-KxCJXXGsv9I-unsplas.jpg","width":1200,"height":240,"caption":"Online flight ticket booking"},{"@type":"BreadcrumbList","@id":"https:\/\/tiketi.com\/cheap-flights-from-mwanza-to-kilimanjaro\/#breadcrumb","itemListElement":[{"@type":"ListItem","position":1,"name":"Home","item":"https:\/\/tiketi.com\/"},{"@type":"ListItem","position":2,"name":"Cheap Flights from Mwanza to Kilimanjaro"}]},{"@type":"WebSite","@id":"https:\/\/tiketi.com\/#website","url":"https:\/\/tiketi.com\/","name":"Billets d&#039;avion et de bus, forfaits touristiques et activit\u00e9s - Tiketi.com","description":"Billets d&#039;avion et de bus, Tours, Activit\u00e9s","publisher":{"@id":"https:\/\/tiketi.com\/#organization"},"potentialAction":[{"@type":"SearchAction","target":{"@type":"EntryPoint","urlTemplate":"https:\/\/tiketi.com\/?s={search_term_string}"},"query-input":{"@type":"PropertyValueSpecification","valueRequired":true,"valueName":"search_term_string"}}],"inLanguage":"fr-FR"},{"@type":"Organization","@id":"https:\/\/tiketi.com\/#organization","name":"Tiketi.com","alternateName":"Tiketi","url":"https:\/\/tiketi.com\/","logo":{"@type":"ImageObject","inLanguage":"fr-FR","@id":"https:\/\/tiketi.com\/#\/schema\/logo\/image\/","url":"https:\/\/tiketi.com\/wp-content\/uploads\/2019\/05\/tiketi-logo-696.png","contentUrl":"https:\/\/tiketi.com\/wp-content\/uploads\/2019\/05\/tiketi-logo-696.png","width":696,"height":696,"caption":"Tiketi.com"},"image":{"@id":"https:\/\/tiketi.com\/#\/schema\/logo\/image\/"},"sameAs":["https:\/\/www.facebook.com\/TiketiCom\/"]}]}},"_links":{"self":[{"href":"https:\/\/tiketi.com\/fr-fr\/wp-json\/wp\/v2\/pages\/10692","targetHints":{"allow":["GET"]}}],"collection":[{"href":"https:\/\/tiketi.com\/fr-fr\/wp-json\/wp\/v2\/pages"}],"about":[{"href":"https:\/\/tiketi.com\/fr-fr\/wp-json\/wp\/v2\/types\/page"}],"author":[{"embeddable":true,"href":"https:\/\/tiketi.com\/fr-fr\/wp-json\/wp\/v2\/users\/1"}],"replies":[{"embeddable":true,"href":"https:\/\/tiketi.com\/fr-fr\/wp-json\/wp\/v2\/comments?post=10692"}],"version-history":[{"count":0,"href":"https:\/\/tiketi.com\/fr-fr\/wp-json\/wp\/v2\/pages\/10692\/revisions"}],"wp:featuredmedia":[{"embeddable":true,"href":"https:\/\/tiketi.com\/fr-fr\/wp-json\/wp\/v2\/media\/14041"}],"wp:attachment":[{"href":"https:\/\/tiketi.com\/fr-fr\/wp-json\/wp\/v2\/media?parent=10692"}],"curies":[{"name":"wp","href":"https:\/\/api.w.org\/{rel}","templated":true}]}}