{"id":10693,"date":"2022-01-19T12:53:42","date_gmt":"2022-01-19T11:53:42","guid":{"rendered":"https:\/\/new.tiketi.com\/cheap-flights-from-mwanza-to-kigoma\/"},"modified":"2022-04-01T14:01:20","modified_gmt":"2022-04-01T13:01:20","slug":"cheap-flights-from-mwanza-to-kigoma","status":"publish","type":"page","link":"https:\/\/tiketi.com\/fr-fr\/cheap-flights-from-mwanza-to-kigoma\/","title":{"rendered":"Vols bon march\u00e9 de Mwanza \u00e0 Kigoma"},"content":{"rendered":"<h2>Vous \u00eates \u00e0 la recherche de billets d&#039;avion pas chers de Mwanza \u00e0 Kigoma ou d&#039;offres de derni\u00e8re minute ?<\/h2>\n<h3>Recherchez, comparez et r\u00e9servez en ligne maintenant un billet d&#039;avion pas cher entre Mwanza (MWZ) et Kigoma (TKQ).<\/h3>\n<p>R\u00e9servez en ligne des vols \u00e0 bas prix de Mwanza \u00e0 Kigoma et \u00e9conomisez de l&#039;argent sur les billets d&#039;avion. Kigoma est une ville et un port lacustre du nord-ouest de la Tanzanie, sur les rives nord-est du lac Tanganyika et pr\u00e8s de la fronti\u00e8re avec le Burundi et la R\u00e9publique d\u00e9mocratique du Congo. Voici quelques id\u00e9es sur la fa\u00e7on de r\u00e9server des vols pas chers de Mwanza \u00e0 Kigoma :<\/p>\n<h2>FAQ sur les vols \u00e0 bas prix de Mwanza \u00e0 Kigoma<\/h2>\n<h3>Quelles compagnies a\u00e9riennes op\u00e8rent des vols entre Mwanza et Kigoma ?<\/h3>\n<p>Actuellement, vous pouvez voler entre Arusha et Kigoma avec Auric Air, Air Tanzania, Air Excel limited, Coastal Aviation, flightlink.<\/p>\n<h3>Quelle est la distance entre Mwanza a Kigoma?<\/h3>\n<p>La distance entre Mwanza et Kigoma est de 670 miles.<\/p>\n<h3>Combien de vols directs Mwanza-Kigoma ?<\/h3>\n<p>Il n&#039;y a qu&#039;un seul vol direct quotidien de Mwanza \u00e0 Kigoma.<\/p>\n<h3>Combien de vols hebdomadaires sont assur\u00e9s entre Mwanza et Kigoma\u00a0?<\/h3>\n<p>Il n&#039;y a qu&#039;un seul vol hebdomadaire de Mwanza \u00e0 Kigoma.<\/p>\n<h3>Quelle est la dur\u00e9e de vol moyenne pour un vol de Mwanza \u00e0 Kigoma ?<\/h3>\n<p>La dur\u00e9e de vol moyenne pour un vol direct de Mwanza \u00e0 Kigoma est de deux heures et dix minutes.<\/p>\n<h3>Quel est le prix d&#039;un billet d&#039;avion pour un trajet Mwanza-Kigoma ?<\/h3>\n<p>Le prix le plus bas est d&#039;environ $180, si vous r\u00e9servez \u00e0 l&#039;avance un billet d&#039;avion pas cher de Mwanza \u00e0 Kigoma.<\/p>\n<h3>Train ou vols Mwanza-Kigoma?<\/h3>\n<p>L&#039;excellent moyen de se rendre de Mwanza \u00e0 Kigoma est en avion, dure 2h et co\u00fbte. Alternativement, vous pouvez \u00e9galement prendre le train, qui ne co\u00fbte que $130 \u2013 $200 et dure 12h 19m.<\/p>\n<h2>Conseils sur les vols Mwanza - Kigoma<\/h2>\n<p>Kigoma est l&#039;un des ports les plus fr\u00e9quent\u00e9s du nord-est du lac Tanganyika, car historiquement, il n&#039;y avait qu&#039;un seul port qui avait une liaison ferroviaire fonctionnelle, une liaison directe avec le port oc\u00e9anique de Dar es Salaam. Le port de Kigoma dans la baie de Kigoma dispose d&#039;un quai de 200 m\u00e8tres et de nombreuses grues et est \u00e9quip\u00e9 pour la manutention des conteneurs maritimes. La ville est desservie par l&#039;a\u00e9roport de Kigoma qui a un service r\u00e9gulier vers Dar es Salaam et Bujumbura.<\/p>","protected":false},"excerpt":{"rendered":"<p>Looking for cheap airline ticket from Mwanza to Kigoma\u00a0or last minute deals? Search, compare and book cheap airline ticket from Mwanza (MWZ) to Kigoma (TKQ)\u00a0online now. Book cheap flights from Mwanza to Kigoma online and save money on airfare. Kigoma is a city and lake port in Tanzania northwestern, on the northeastern shores of Lake [&hellip;]<\/p>\n","protected":false},"author":1,"featured_media":14041,"parent":0,"menu_order":0,"comment_status":"open","ping_status":"closed","template":"template-home-modern.php","meta":{"footnotes":""},"class_list":["post-10693","page","type-page","status-publish","has-post-thumbnail","hentry"],"yoast_head":"<!-- This site is optimized with the Yoast SEO plugin v27.3 - https:\/\/yoast.com\/product\/yoast-seo-wordpress\/ -->\n<title>cheap flights from Mwanza to Kigoma<\/title>\n<meta name=\"description\" content=\"Looking for cheap flights from\u00a0Mwanza to Kigoma? Search, compare and book cheap airline ticket from Mwanza to Kigoma online\" \/>\n<meta name=\"robots\" content=\"index, follow, max-snippet:-1, max-image-preview:large, max-video-preview:-1\" \/>\n<link rel=\"canonical\" href=\"https:\/\/tiketi.com\/fr-fr\/cheap-flights-from-mwanza-to-kigoma\/\" \/>\n<meta property=\"og:locale\" content=\"fr_FR\" \/>\n<meta property=\"og:type\" content=\"article\" \/>\n<meta property=\"og:title\" content=\"cheap flights from Mwanza to Kigoma\" \/>\n<meta property=\"og:description\" content=\"Looking for cheap flights from\u00a0Mwanza to Kigoma? Search, compare and book cheap airline ticket from Mwanza to Kigoma online\" \/>\n<meta property=\"og:url\" content=\"https:\/\/tiketi.com\/fr-fr\/cheap-flights-from-mwanza-to-kigoma\/\" \/>\n<meta property=\"og:site_name\" content=\"Tiketi.com\" \/>\n<meta property=\"article:publisher\" content=\"https:\/\/www.facebook.com\/TiketiCom\/\" \/>\n<meta property=\"article:modified_time\" content=\"2022-04-01T13:01:20+00:00\" \/>\n<meta property=\"og:image\" content=\"https:\/\/tiketi.com\/wp-content\/uploads\/2022\/01\/flight-ticket-booking-sorasak-KxCJXXGsv9I-unsplas.jpg\" \/>\n\t<meta property=\"og:image:width\" content=\"1200\" \/>\n\t<meta property=\"og:image:height\" content=\"240\" \/>\n\t<meta property=\"og:image:type\" content=\"image\/jpeg\" \/>\n<meta name=\"twitter:card\" content=\"summary_large_image\" \/>\n<meta name=\"twitter:label1\" content=\"Dur\u00e9e de lecture estim\u00e9e\" \/>\n\t<meta name=\"twitter:data1\" content=\"2 minutes\" \/>\n<script type=\"application\/ld+json\" class=\"yoast-schema-graph\">{\"@context\":\"https:\\\/\\\/schema.org\",\"@graph\":[{\"@type\":\"WebPage\",\"@id\":\"https:\\\/\\\/tiketi.com\\\/cheap-flights-from-mwanza-to-kigoma\\\/\",\"url\":\"https:\\\/\\\/tiketi.com\\\/cheap-flights-from-mwanza-to-kigoma\\\/\",\"name\":\"cheap flights from Mwanza to Kigoma\",\"isPartOf\":{\"@id\":\"https:\\\/\\\/tiketi.com\\\/#website\"},\"primaryImageOfPage\":{\"@id\":\"https:\\\/\\\/tiketi.com\\\/cheap-flights-from-mwanza-to-kigoma\\\/#primaryimage\"},\"image\":{\"@id\":\"https:\\\/\\\/tiketi.com\\\/cheap-flights-from-mwanza-to-kigoma\\\/#primaryimage\"},\"thumbnailUrl\":\"https:\\\/\\\/tiketi.com\\\/wp-content\\\/uploads\\\/2022\\\/01\\\/flight-ticket-booking-sorasak-KxCJXXGsv9I-unsplas.jpg\",\"datePublished\":\"2022-01-19T11:53:42+00:00\",\"dateModified\":\"2022-04-01T13:01:20+00:00\",\"description\":\"Looking for cheap flights from\u00a0Mwanza to Kigoma? Search, compare and book cheap airline ticket from Mwanza to Kigoma online\",\"breadcrumb\":{\"@id\":\"https:\\\/\\\/tiketi.com\\\/cheap-flights-from-mwanza-to-kigoma\\\/#breadcrumb\"},\"inLanguage\":\"fr-FR\",\"potentialAction\":[{\"@type\":\"ReadAction\",\"target\":[\"https:\\\/\\\/tiketi.com\\\/cheap-flights-from-mwanza-to-kigoma\\\/\"]}]},{\"@type\":\"ImageObject\",\"inLanguage\":\"fr-FR\",\"@id\":\"https:\\\/\\\/tiketi.com\\\/cheap-flights-from-mwanza-to-kigoma\\\/#primaryimage\",\"url\":\"https:\\\/\\\/tiketi.com\\\/wp-content\\\/uploads\\\/2022\\\/01\\\/flight-ticket-booking-sorasak-KxCJXXGsv9I-unsplas.jpg\",\"contentUrl\":\"https:\\\/\\\/tiketi.com\\\/wp-content\\\/uploads\\\/2022\\\/01\\\/flight-ticket-booking-sorasak-KxCJXXGsv9I-unsplas.jpg\",\"width\":1200,\"height\":240,\"caption\":\"Online flight ticket booking\"},{\"@type\":\"BreadcrumbList\",\"@id\":\"https:\\\/\\\/tiketi.com\\\/cheap-flights-from-mwanza-to-kigoma\\\/#breadcrumb\",\"itemListElement\":[{\"@type\":\"ListItem\",\"position\":1,\"name\":\"Home\",\"item\":\"https:\\\/\\\/tiketi.com\\\/\"},{\"@type\":\"ListItem\",\"position\":2,\"name\":\"Cheap flights from Mwanza to Kigoma\"}]},{\"@type\":\"WebSite\",\"@id\":\"https:\\\/\\\/tiketi.com\\\/#website\",\"url\":\"https:\\\/\\\/tiketi.com\\\/\",\"name\":\"Flight & Bus Tickets, Tour Packages & Activitites - Tiketi.com\",\"description\":\"Flight &amp; Bus Tickets, Tours, Activitites\",\"publisher\":{\"@id\":\"https:\\\/\\\/tiketi.com\\\/#organization\"},\"potentialAction\":[{\"@type\":\"SearchAction\",\"target\":{\"@type\":\"EntryPoint\",\"urlTemplate\":\"https:\\\/\\\/tiketi.com\\\/?s={search_term_string}\"},\"query-input\":{\"@type\":\"PropertyValueSpecification\",\"valueRequired\":true,\"valueName\":\"search_term_string\"}}],\"inLanguage\":\"fr-FR\"},{\"@type\":\"Organization\",\"@id\":\"https:\\\/\\\/tiketi.com\\\/#organization\",\"name\":\"Tiketi.com\",\"alternateName\":\"Tiketi\",\"url\":\"https:\\\/\\\/tiketi.com\\\/\",\"logo\":{\"@type\":\"ImageObject\",\"inLanguage\":\"fr-FR\",\"@id\":\"https:\\\/\\\/tiketi.com\\\/#\\\/schema\\\/logo\\\/image\\\/\",\"url\":\"https:\\\/\\\/tiketi.com\\\/wp-content\\\/uploads\\\/2019\\\/05\\\/tiketi-logo-696.png\",\"contentUrl\":\"https:\\\/\\\/tiketi.com\\\/wp-content\\\/uploads\\\/2019\\\/05\\\/tiketi-logo-696.png\",\"width\":696,\"height\":696,\"caption\":\"Tiketi.com\"},\"image\":{\"@id\":\"https:\\\/\\\/tiketi.com\\\/#\\\/schema\\\/logo\\\/image\\\/\"},\"sameAs\":[\"https:\\\/\\\/www.facebook.com\\\/TiketiCom\\\/\"]}]}<\/script>\n<!-- \/ Yoast SEO plugin. -->","yoast_head_json":{"title":"vols pas chers de Mwanza \u00e0 Kigoma","description":"Vous recherchez des vols \u00e0 bas prix de Mwanza \u00e0 Kigoma ? Recherchez, comparez et r\u00e9servez en ligne un billet d&#039;avion pas cher de Mwanza \u00e0 Kigoma","robots":{"index":"index","follow":"follow","max-snippet":"max-snippet:-1","max-image-preview":"max-image-preview:large","max-video-preview":"max-video-preview:-1"},"canonical":"https:\/\/tiketi.com\/fr-fr\/cheap-flights-from-mwanza-to-kigoma\/","og_locale":"fr_FR","og_type":"article","og_title":"cheap flights from Mwanza to Kigoma","og_description":"Looking for cheap flights from\u00a0Mwanza to Kigoma? Search, compare and book cheap airline ticket from Mwanza to Kigoma online","og_url":"https:\/\/tiketi.com\/fr-fr\/cheap-flights-from-mwanza-to-kigoma\/","og_site_name":"Tiketi.com","article_publisher":"https:\/\/www.facebook.com\/TiketiCom\/","article_modified_time":"2022-04-01T13:01:20+00:00","og_image":[{"width":1200,"height":240,"url":"https:\/\/tiketi.com\/wp-content\/uploads\/2022\/01\/flight-ticket-booking-sorasak-KxCJXXGsv9I-unsplas.jpg","type":"image\/jpeg"}],"twitter_card":"summary_large_image","twitter_misc":{"Dur\u00e9e de lecture estim\u00e9e":"2 minutes"},"schema":{"@context":"https:\/\/schema.org","@graph":[{"@type":"WebPage","@id":"https:\/\/tiketi.com\/cheap-flights-from-mwanza-to-kigoma\/","url":"https:\/\/tiketi.com\/cheap-flights-from-mwanza-to-kigoma\/","name":"vols pas chers de Mwanza \u00e0 Kigoma","isPartOf":{"@id":"https:\/\/tiketi.com\/#website"},"primaryImageOfPage":{"@id":"https:\/\/tiketi.com\/cheap-flights-from-mwanza-to-kigoma\/#primaryimage"},"image":{"@id":"https:\/\/tiketi.com\/cheap-flights-from-mwanza-to-kigoma\/#primaryimage"},"thumbnailUrl":"https:\/\/tiketi.com\/wp-content\/uploads\/2022\/01\/flight-ticket-booking-sorasak-KxCJXXGsv9I-unsplas.jpg","datePublished":"2022-01-19T11:53:42+00:00","dateModified":"2022-04-01T13:01:20+00:00","description":"Vous recherchez des vols \u00e0 bas prix de Mwanza \u00e0 Kigoma ? Recherchez, comparez et r\u00e9servez en ligne un billet d&#039;avion pas cher de Mwanza \u00e0 Kigoma","breadcrumb":{"@id":"https:\/\/tiketi.com\/cheap-flights-from-mwanza-to-kigoma\/#breadcrumb"},"inLanguage":"fr-FR","potentialAction":[{"@type":"ReadAction","target":["https:\/\/tiketi.com\/cheap-flights-from-mwanza-to-kigoma\/"]}]},{"@type":"ImageObject","inLanguage":"fr-FR","@id":"https:\/\/tiketi.com\/cheap-flights-from-mwanza-to-kigoma\/#primaryimage","url":"https:\/\/tiketi.com\/wp-content\/uploads\/2022\/01\/flight-ticket-booking-sorasak-KxCJXXGsv9I-unsplas.jpg","contentUrl":"https:\/\/tiketi.com\/wp-content\/uploads\/2022\/01\/flight-ticket-booking-sorasak-KxCJXXGsv9I-unsplas.jpg","width":1200,"height":240,"caption":"Online flight ticket booking"},{"@type":"BreadcrumbList","@id":"https:\/\/tiketi.com\/cheap-flights-from-mwanza-to-kigoma\/#breadcrumb","itemListElement":[{"@type":"ListItem","position":1,"name":"Home","item":"https:\/\/tiketi.com\/"},{"@type":"ListItem","position":2,"name":"Cheap flights from Mwanza to Kigoma"}]},{"@type":"WebSite","@id":"https:\/\/tiketi.com\/#website","url":"https:\/\/tiketi.com\/","name":"Billets d&#039;avion et de bus, forfaits touristiques et activit\u00e9s - Tiketi.com","description":"Billets d&#039;avion et de bus, Tours, Activit\u00e9s","publisher":{"@id":"https:\/\/tiketi.com\/#organization"},"potentialAction":[{"@type":"SearchAction","target":{"@type":"EntryPoint","urlTemplate":"https:\/\/tiketi.com\/?s={search_term_string}"},"query-input":{"@type":"PropertyValueSpecification","valueRequired":true,"valueName":"search_term_string"}}],"inLanguage":"fr-FR"},{"@type":"Organization","@id":"https:\/\/tiketi.com\/#organization","name":"Tiketi.com","alternateName":"Tiketi","url":"https:\/\/tiketi.com\/","logo":{"@type":"ImageObject","inLanguage":"fr-FR","@id":"https:\/\/tiketi.com\/#\/schema\/logo\/image\/","url":"https:\/\/tiketi.com\/wp-content\/uploads\/2019\/05\/tiketi-logo-696.png","contentUrl":"https:\/\/tiketi.com\/wp-content\/uploads\/2019\/05\/tiketi-logo-696.png","width":696,"height":696,"caption":"Tiketi.com"},"image":{"@id":"https:\/\/tiketi.com\/#\/schema\/logo\/image\/"},"sameAs":["https:\/\/www.facebook.com\/TiketiCom\/"]}]}},"_links":{"self":[{"href":"https:\/\/tiketi.com\/fr-fr\/wp-json\/wp\/v2\/pages\/10693","targetHints":{"allow":["GET"]}}],"collection":[{"href":"https:\/\/tiketi.com\/fr-fr\/wp-json\/wp\/v2\/pages"}],"about":[{"href":"https:\/\/tiketi.com\/fr-fr\/wp-json\/wp\/v2\/types\/page"}],"author":[{"embeddable":true,"href":"https:\/\/tiketi.com\/fr-fr\/wp-json\/wp\/v2\/users\/1"}],"replies":[{"embeddable":true,"href":"https:\/\/tiketi.com\/fr-fr\/wp-json\/wp\/v2\/comments?post=10693"}],"version-history":[{"count":0,"href":"https:\/\/tiketi.com\/fr-fr\/wp-json\/wp\/v2\/pages\/10693\/revisions"}],"wp:featuredmedia":[{"embeddable":true,"href":"https:\/\/tiketi.com\/fr-fr\/wp-json\/wp\/v2\/media\/14041"}],"wp:attachment":[{"href":"https:\/\/tiketi.com\/fr-fr\/wp-json\/wp\/v2\/media?parent=10693"}],"curies":[{"name":"wp","href":"https:\/\/api.w.org\/{rel}","templated":true}]}}