{"id":10694,"date":"2022-01-19T12:53:42","date_gmt":"2022-01-19T11:53:42","guid":{"rendered":"https:\/\/new.tiketi.com\/cheap-flights-from-mwanza-to-bukoba\/"},"modified":"2022-04-01T13:16:50","modified_gmt":"2022-04-01T12:16:50","slug":"cheap-flights-from-mwanza-to-bukoba","status":"publish","type":"page","link":"https:\/\/tiketi.com\/fr-fr\/cheap-flights-from-mwanza-to-bukoba\/","title":{"rendered":"Vols \u00e0 bas prix de Mwanza \u00e0 Bukoba"},"content":{"rendered":"<h2>Vous recherchez un billet d&#039;avion pas cher de Mwanza \u00e0 Bukoba ou des offres de derni\u00e8re minute ?<\/h2>\n<h3>Recherchez, comparez et r\u00e9servez en ligne maintenant un billet d&#039;avion pas cher de Mwanza (MWZ) \u00e0 Bukoba (BKZ).<\/h3>\n<p>R\u00e9servez des vols pas chers de Mwanza \u00e0 Bukoba en ligne avec Tiketi.com pour les meilleures offres. Bukoba est une ville situ\u00e9e sur la rive ouest du lac Victoria, appartenant \u00e0 la r\u00e9gion de Kagera en Tanzanie. Il est situ\u00e9 dans la partie nord-ouest du pays et d\u00e9tient le deuxi\u00e8me plus grand port lacustre de Tanzanie. Comparez les prix et obtenez le tarif le plus bas sur les billets d&#039;avion de Mwanza \u00e0 Bukoba gr\u00e2ce \u00e0 des offres exceptionnelles sur la r\u00e9servation de billets en ligne de vols de Mwanza \u00e0 Bukoba.<\/p>\n<h2>FAQ sur les vols \u00e0 bas prix de Mwanza \u00e0 Bukoba<\/h2>\n<h3>Quelle est la distance entre Bukoba et Mwanza?<\/h3>\n<p>La distance moyenne entre Mwanza et Bukoba est de 175 kilom\u00e8tres. Votre vol partira de Mwanza, en Tanzanie et arrivera \u00e0 Bukoba.<\/p>\n<h3>Quelle est la dur\u00e9e des vols Mwanza-Bukoba ?<\/h3>\n<p>La dur\u00e9e moyenne d&#039;un vol entre Bukoba et Mwanza est d&#039;une heure.<\/p>\n<h3>Combien co\u00fbte un vol entre Bukoba et Mwanza ?<\/h3>\n<p>Le prix moyen d&#039;un billet d&#039;avion aller simple de Mwanza \u00e0 Bukoba est de 86 USD pour la classe \u00e9conomique.<\/p>\n<h3>Combien de vols de Mwanza \u00e0 Bukoba ?<\/h3>\n<p>Environ huit vols volent quotidiennement de Mwanza \u00e0 Bukoba. Certaines grandes compagnies a\u00e9riennes entre ces routes sont les compagnies a\u00e9riennes Mesa, Auric air et Precision Air.<\/p>\n<h3>Quel est le prix d&#039;un billet d&#039;avion pour un trajet Mwanza-Bukoba ?<\/h3>\n<p>Le prix d\u00e9pend du mois de d\u00e9part? Nous vous sugg\u00e9rons de r\u00e9server \u00e0 l&#039;avance les billets d&#039;avion en premi\u00e8re classe et en classe affaires. Ne mettez pas l&#039;achat de billets en classe \u00e9conomique en veilleuse. R\u00e9servez votre billet d&#039;avion pas cher de Mwanza \u00e0 Bukoba 2 \u00e0 4 mois \u00e0 l&#039;avance.<\/p>\n<h3>Quel est le jour le meilleur et le plus abordable pour r\u00e9server un billet d&#039;avion de Mwanza \u00e0 Bukoba ?<\/h3>\n<p>Les vols abordables sont accessibles le mercredi et le jeudi. Le prix est g\u00e9n\u00e9ralement plus \u00e9lev\u00e9 le week-end.<\/p>\n<h2>Conseils sur les vols Mwanza - Bukoba<\/h2>\n<p>Bukoba est le si\u00e8ge de la r\u00e9gion de Kagera et du district urbain de Bukoba, situ\u00e9 \u00e0 environ 990 km au nord-ouest de la ville d&#039;Arusha et \u00e0 1400 km au nord-ouest de Dar es Salaam, la capitale tanzanienne.<\/p>\n<p>Bukoba est c\u00e9l\u00e8bre pour sa plage de sable blanc, ses courts de tennis et sa piscine fr\u00e9quent\u00e9s toute l&#039;ann\u00e9e.<\/p>","protected":false},"excerpt":{"rendered":"<p>Looking for cheap airline ticket from Mwanza to Bukoba\u00a0or last minute deals? Search, compare and book cheap airline ticket from\u00a0Mwanza (MWZ) to Bukoba (BKZ) online now. Book cheap flights from Mwanza to Bukoba online with Tiketi.com for the best deals. Bukoba is town placed on the western shore of Victoria lake, belonging to the Kagera [&hellip;]<\/p>\n","protected":false},"author":1,"featured_media":14041,"parent":0,"menu_order":0,"comment_status":"open","ping_status":"closed","template":"template-home-modern.php","meta":{"footnotes":""},"class_list":["post-10694","page","type-page","status-publish","has-post-thumbnail","hentry"],"yoast_head":"<!-- This site is optimized with the Yoast SEO plugin v27.3 - https:\/\/yoast.com\/product\/yoast-seo-wordpress\/ -->\n<title>Cheap Flights from Mwanza to Bukoba<\/title>\n<meta name=\"description\" content=\"Looking for cheap flights from\u00a0Mwanza to Bukoba? Search, compare and book cheap airline ticket from Mwanza to Bukoba online\" \/>\n<meta name=\"robots\" content=\"index, follow, max-snippet:-1, max-image-preview:large, max-video-preview:-1\" \/>\n<link rel=\"canonical\" href=\"https:\/\/tiketi.com\/fr-fr\/cheap-flights-from-mwanza-to-bukoba\/\" \/>\n<meta property=\"og:locale\" content=\"fr_FR\" \/>\n<meta property=\"og:type\" content=\"article\" \/>\n<meta property=\"og:title\" content=\"Cheap Flights from Mwanza to Bukoba\" \/>\n<meta property=\"og:description\" content=\"Looking for cheap flights from\u00a0Mwanza to Bukoba? Search, compare and book cheap airline ticket from Mwanza to Bukoba online\" \/>\n<meta property=\"og:url\" content=\"https:\/\/tiketi.com\/fr-fr\/cheap-flights-from-mwanza-to-bukoba\/\" \/>\n<meta property=\"og:site_name\" content=\"Tiketi.com\" \/>\n<meta property=\"article:publisher\" content=\"https:\/\/www.facebook.com\/TiketiCom\/\" \/>\n<meta property=\"article:modified_time\" content=\"2022-04-01T12:16:50+00:00\" \/>\n<meta property=\"og:image\" content=\"https:\/\/tiketi.com\/wp-content\/uploads\/2022\/01\/flight-ticket-booking-sorasak-KxCJXXGsv9I-unsplas.jpg\" \/>\n\t<meta property=\"og:image:width\" content=\"1200\" \/>\n\t<meta property=\"og:image:height\" content=\"240\" \/>\n\t<meta property=\"og:image:type\" content=\"image\/jpeg\" \/>\n<meta name=\"twitter:card\" content=\"summary_large_image\" \/>\n<meta name=\"twitter:label1\" content=\"Dur\u00e9e de lecture estim\u00e9e\" \/>\n\t<meta name=\"twitter:data1\" content=\"2 minutes\" \/>\n<script type=\"application\/ld+json\" class=\"yoast-schema-graph\">{\"@context\":\"https:\\\/\\\/schema.org\",\"@graph\":[{\"@type\":\"WebPage\",\"@id\":\"https:\\\/\\\/tiketi.com\\\/sw\\\/cheap-flights-from-mwanza-to-bukoba\\\/\",\"url\":\"https:\\\/\\\/tiketi.com\\\/sw\\\/cheap-flights-from-mwanza-to-bukoba\\\/\",\"name\":\"Cheap Flights from Mwanza to Bukoba\",\"isPartOf\":{\"@id\":\"https:\\\/\\\/tiketi.com\\\/#website\"},\"primaryImageOfPage\":{\"@id\":\"https:\\\/\\\/tiketi.com\\\/sw\\\/cheap-flights-from-mwanza-to-bukoba\\\/#primaryimage\"},\"image\":{\"@id\":\"https:\\\/\\\/tiketi.com\\\/sw\\\/cheap-flights-from-mwanza-to-bukoba\\\/#primaryimage\"},\"thumbnailUrl\":\"https:\\\/\\\/tiketi.com\\\/wp-content\\\/uploads\\\/2022\\\/01\\\/flight-ticket-booking-sorasak-KxCJXXGsv9I-unsplas.jpg\",\"datePublished\":\"2022-01-19T11:53:42+00:00\",\"dateModified\":\"2022-04-01T12:16:50+00:00\",\"description\":\"Looking for cheap flights from\u00a0Mwanza to Bukoba? Search, compare and book cheap airline ticket from Mwanza to Bukoba online\",\"breadcrumb\":{\"@id\":\"https:\\\/\\\/tiketi.com\\\/sw\\\/cheap-flights-from-mwanza-to-bukoba\\\/#breadcrumb\"},\"inLanguage\":\"fr-FR\",\"potentialAction\":[{\"@type\":\"ReadAction\",\"target\":[\"https:\\\/\\\/tiketi.com\\\/sw\\\/cheap-flights-from-mwanza-to-bukoba\\\/\"]}]},{\"@type\":\"ImageObject\",\"inLanguage\":\"fr-FR\",\"@id\":\"https:\\\/\\\/tiketi.com\\\/sw\\\/cheap-flights-from-mwanza-to-bukoba\\\/#primaryimage\",\"url\":\"https:\\\/\\\/tiketi.com\\\/wp-content\\\/uploads\\\/2022\\\/01\\\/flight-ticket-booking-sorasak-KxCJXXGsv9I-unsplas.jpg\",\"contentUrl\":\"https:\\\/\\\/tiketi.com\\\/wp-content\\\/uploads\\\/2022\\\/01\\\/flight-ticket-booking-sorasak-KxCJXXGsv9I-unsplas.jpg\",\"width\":1200,\"height\":240,\"caption\":\"Online flight ticket booking\"},{\"@type\":\"BreadcrumbList\",\"@id\":\"https:\\\/\\\/tiketi.com\\\/sw\\\/cheap-flights-from-mwanza-to-bukoba\\\/#breadcrumb\",\"itemListElement\":[{\"@type\":\"ListItem\",\"position\":1,\"name\":\"Home\",\"item\":\"https:\\\/\\\/tiketi.com\\\/\"},{\"@type\":\"ListItem\",\"position\":2,\"name\":\"Cheap Flights from Mwanza to Bukoba\"}]},{\"@type\":\"WebSite\",\"@id\":\"https:\\\/\\\/tiketi.com\\\/#website\",\"url\":\"https:\\\/\\\/tiketi.com\\\/\",\"name\":\"Flight & Bus Tickets, Tour Packages & Activitites - Tiketi.com\",\"description\":\"Flight &amp; Bus Tickets, Tours, Activitites\",\"publisher\":{\"@id\":\"https:\\\/\\\/tiketi.com\\\/#organization\"},\"potentialAction\":[{\"@type\":\"SearchAction\",\"target\":{\"@type\":\"EntryPoint\",\"urlTemplate\":\"https:\\\/\\\/tiketi.com\\\/?s={search_term_string}\"},\"query-input\":{\"@type\":\"PropertyValueSpecification\",\"valueRequired\":true,\"valueName\":\"search_term_string\"}}],\"inLanguage\":\"fr-FR\"},{\"@type\":\"Organization\",\"@id\":\"https:\\\/\\\/tiketi.com\\\/#organization\",\"name\":\"Tiketi.com\",\"alternateName\":\"Tiketi\",\"url\":\"https:\\\/\\\/tiketi.com\\\/\",\"logo\":{\"@type\":\"ImageObject\",\"inLanguage\":\"fr-FR\",\"@id\":\"https:\\\/\\\/tiketi.com\\\/#\\\/schema\\\/logo\\\/image\\\/\",\"url\":\"https:\\\/\\\/tiketi.com\\\/wp-content\\\/uploads\\\/2019\\\/05\\\/tiketi-logo-696.png\",\"contentUrl\":\"https:\\\/\\\/tiketi.com\\\/wp-content\\\/uploads\\\/2019\\\/05\\\/tiketi-logo-696.png\",\"width\":696,\"height\":696,\"caption\":\"Tiketi.com\"},\"image\":{\"@id\":\"https:\\\/\\\/tiketi.com\\\/#\\\/schema\\\/logo\\\/image\\\/\"},\"sameAs\":[\"https:\\\/\\\/www.facebook.com\\\/TiketiCom\\\/\"]}]}<\/script>\n<!-- \/ Yoast SEO plugin. -->","yoast_head_json":{"title":"Vols \u00e0 bas prix de Mwanza \u00e0 Bukoba","description":"Vous recherchez des vols \u00e0 bas prix de Mwanza \u00e0 Bukoba ? Recherchez, comparez et r\u00e9servez en ligne un billet d&#039;avion pas cher de Mwanza \u00e0 Bukoba","robots":{"index":"index","follow":"follow","max-snippet":"max-snippet:-1","max-image-preview":"max-image-preview:large","max-video-preview":"max-video-preview:-1"},"canonical":"https:\/\/tiketi.com\/fr-fr\/cheap-flights-from-mwanza-to-bukoba\/","og_locale":"fr_FR","og_type":"article","og_title":"Cheap Flights from Mwanza to Bukoba","og_description":"Looking for cheap flights from\u00a0Mwanza to Bukoba? Search, compare and book cheap airline ticket from Mwanza to Bukoba online","og_url":"https:\/\/tiketi.com\/fr-fr\/cheap-flights-from-mwanza-to-bukoba\/","og_site_name":"Tiketi.com","article_publisher":"https:\/\/www.facebook.com\/TiketiCom\/","article_modified_time":"2022-04-01T12:16:50+00:00","og_image":[{"width":1200,"height":240,"url":"https:\/\/tiketi.com\/wp-content\/uploads\/2022\/01\/flight-ticket-booking-sorasak-KxCJXXGsv9I-unsplas.jpg","type":"image\/jpeg"}],"twitter_card":"summary_large_image","twitter_misc":{"Dur\u00e9e de lecture estim\u00e9e":"2 minutes"},"schema":{"@context":"https:\/\/schema.org","@graph":[{"@type":"WebPage","@id":"https:\/\/tiketi.com\/sw\/cheap-flights-from-mwanza-to-bukoba\/","url":"https:\/\/tiketi.com\/sw\/cheap-flights-from-mwanza-to-bukoba\/","name":"Vols \u00e0 bas prix de Mwanza \u00e0 Bukoba","isPartOf":{"@id":"https:\/\/tiketi.com\/#website"},"primaryImageOfPage":{"@id":"https:\/\/tiketi.com\/sw\/cheap-flights-from-mwanza-to-bukoba\/#primaryimage"},"image":{"@id":"https:\/\/tiketi.com\/sw\/cheap-flights-from-mwanza-to-bukoba\/#primaryimage"},"thumbnailUrl":"https:\/\/tiketi.com\/wp-content\/uploads\/2022\/01\/flight-ticket-booking-sorasak-KxCJXXGsv9I-unsplas.jpg","datePublished":"2022-01-19T11:53:42+00:00","dateModified":"2022-04-01T12:16:50+00:00","description":"Vous recherchez des vols \u00e0 bas prix de Mwanza \u00e0 Bukoba ? Recherchez, comparez et r\u00e9servez en ligne un billet d&#039;avion pas cher de Mwanza \u00e0 Bukoba","breadcrumb":{"@id":"https:\/\/tiketi.com\/sw\/cheap-flights-from-mwanza-to-bukoba\/#breadcrumb"},"inLanguage":"fr-FR","potentialAction":[{"@type":"ReadAction","target":["https:\/\/tiketi.com\/sw\/cheap-flights-from-mwanza-to-bukoba\/"]}]},{"@type":"ImageObject","inLanguage":"fr-FR","@id":"https:\/\/tiketi.com\/sw\/cheap-flights-from-mwanza-to-bukoba\/#primaryimage","url":"https:\/\/tiketi.com\/wp-content\/uploads\/2022\/01\/flight-ticket-booking-sorasak-KxCJXXGsv9I-unsplas.jpg","contentUrl":"https:\/\/tiketi.com\/wp-content\/uploads\/2022\/01\/flight-ticket-booking-sorasak-KxCJXXGsv9I-unsplas.jpg","width":1200,"height":240,"caption":"Online flight ticket booking"},{"@type":"BreadcrumbList","@id":"https:\/\/tiketi.com\/sw\/cheap-flights-from-mwanza-to-bukoba\/#breadcrumb","itemListElement":[{"@type":"ListItem","position":1,"name":"Home","item":"https:\/\/tiketi.com\/"},{"@type":"ListItem","position":2,"name":"Cheap Flights from Mwanza to Bukoba"}]},{"@type":"WebSite","@id":"https:\/\/tiketi.com\/#website","url":"https:\/\/tiketi.com\/","name":"Billets d&#039;avion et de bus, forfaits touristiques et activit\u00e9s - Tiketi.com","description":"Billets d&#039;avion et de bus, Tours, Activit\u00e9s","publisher":{"@id":"https:\/\/tiketi.com\/#organization"},"potentialAction":[{"@type":"SearchAction","target":{"@type":"EntryPoint","urlTemplate":"https:\/\/tiketi.com\/?s={search_term_string}"},"query-input":{"@type":"PropertyValueSpecification","valueRequired":true,"valueName":"search_term_string"}}],"inLanguage":"fr-FR"},{"@type":"Organization","@id":"https:\/\/tiketi.com\/#organization","name":"Tiketi.com","alternateName":"Tiketi","url":"https:\/\/tiketi.com\/","logo":{"@type":"ImageObject","inLanguage":"fr-FR","@id":"https:\/\/tiketi.com\/#\/schema\/logo\/image\/","url":"https:\/\/tiketi.com\/wp-content\/uploads\/2019\/05\/tiketi-logo-696.png","contentUrl":"https:\/\/tiketi.com\/wp-content\/uploads\/2019\/05\/tiketi-logo-696.png","width":696,"height":696,"caption":"Tiketi.com"},"image":{"@id":"https:\/\/tiketi.com\/#\/schema\/logo\/image\/"},"sameAs":["https:\/\/www.facebook.com\/TiketiCom\/"]}]}},"_links":{"self":[{"href":"https:\/\/tiketi.com\/fr-fr\/wp-json\/wp\/v2\/pages\/10694","targetHints":{"allow":["GET"]}}],"collection":[{"href":"https:\/\/tiketi.com\/fr-fr\/wp-json\/wp\/v2\/pages"}],"about":[{"href":"https:\/\/tiketi.com\/fr-fr\/wp-json\/wp\/v2\/types\/page"}],"author":[{"embeddable":true,"href":"https:\/\/tiketi.com\/fr-fr\/wp-json\/wp\/v2\/users\/1"}],"replies":[{"embeddable":true,"href":"https:\/\/tiketi.com\/fr-fr\/wp-json\/wp\/v2\/comments?post=10694"}],"version-history":[{"count":0,"href":"https:\/\/tiketi.com\/fr-fr\/wp-json\/wp\/v2\/pages\/10694\/revisions"}],"wp:featuredmedia":[{"embeddable":true,"href":"https:\/\/tiketi.com\/fr-fr\/wp-json\/wp\/v2\/media\/14041"}],"wp:attachment":[{"href":"https:\/\/tiketi.com\/fr-fr\/wp-json\/wp\/v2\/media?parent=10694"}],"curies":[{"name":"wp","href":"https:\/\/api.w.org\/{rel}","templated":true}]}}