{"id":10695,"date":"2022-01-19T12:53:42","date_gmt":"2022-01-19T11:53:42","guid":{"rendered":"https:\/\/new.tiketi.com\/cheap-flights-from-mwanza-to-arusha\/"},"modified":"2022-04-05T09:18:06","modified_gmt":"2022-04-05T08:18:06","slug":"cheap-flights-from-mwanza-to-arusha","status":"publish","type":"page","link":"https:\/\/tiketi.com\/fr-fr\/cheap-flights-from-mwanza-to-arusha\/","title":{"rendered":"Vols \u00e0 bas prix de Mwanza \u00e0 Arusha"},"content":{"rendered":"<h2>Vous \u00eates \u00e0 la recherche de billets d&#039;avion pas chers de Mwanza \u00e0 Arusha ou d&#039;offres de derni\u00e8re minute ?<\/h2>\n<h3>Recherchez, comparez et r\u00e9servez en ligne maintenant des billets d&#039;avion pas chers entre Kilimandjaro (JRO) et Arusha (ARK).<\/h3>\n<p>R\u00e9servez en ligne des vols \u00e0 bas prix de Mwanza \u00e0 Arusha et \u00e9conomisez de l&#039;argent sur les billets d&#039;avion. Bien que ce ne soit peut-\u00eatre pas la capitale de la Tanzanie, Arusha est la capitale incontest\u00e9e du safari en Tanzanie, sinon dans le monde. Une ville \u00e9tonnante qui sert de porte d&#039;entr\u00e9e \u00e0 des parcs l\u00e9gendaires tels que Serengeti et Ngorongoro, Arusha est un m\u00e9lange parfois vertigineux mais toujours charmant de styles, de cultures et de peuples que chaque amateur de safari traversera un jour. Desservie \u00e0 la fois par l&#039;a\u00e9roport du Kilimandjaro et l&#039;a\u00e9roport d&#039;Arusha, Arusha est le point de d\u00e9part et le point d&#039;arriv\u00e9e de la plupart des safaris en Tanzanie. Que vous soyez \u00e0 Arusha pour le plaisir ou pour les affaires, la ville offre une multitude d&#039;excursions et d&#039;excursions amusantes d&#039;une journ\u00e9e. Comparez les prix et obtenez le tarif le plus bas sur les billets d&#039;avion de Mwanza \u00e0 Arusha gr\u00e2ce \u00e0 des offres exceptionnelles sur la r\u00e9servation de billets en ligne de vols de Mwanza \u00e0 Arusha.<\/p>\n<h2>Voici quelques-unes des meilleures attractions d&#039;Arusha<\/h2>\n<h2>FAQ sur les vols \u00e0 bas prix de Mwanza \u00e0 Arusha<\/h2>\n<h3>Quelles compagnies a\u00e9riennes proposent des billets d&#039;avion pas chers de Mwanza \u00e0 Arusha ?<\/h3>\n<p>Actuellement, vous pouvez r\u00e9server un billet d&#039;avion de Mwanza \u00e0 Arusha avec Precision Air, Air Tanzania et Air Excel limited, Auric Air, aviation c\u00f4ti\u00e8re.<\/p>\n<h3>Combien de temps dure un vol Mwanza-Arusha ?<\/h3>\n<p>La dur\u00e9e moyenne d&#039;un vol Mwanza-Arusha est de 5 h 0 min.<\/p>\n<h3>Combien de compagnies a\u00e9riennes op\u00e8rent des vols directs entre Mwanza et Arusha ?<\/h3>\n<p>Aucune compagnie a\u00e9rienne ne vole directement depuis Arusha et Mwanza.<\/p>\n<h3>Quelle est la distance de vol entre Mwanza et Arusha?<\/h3>\n<p>Le vol moyen de Mwanza \u00e0 Arusha est \u00e9gal \u00e0 un peu plus de six cents kilom\u00e8tres et vous prendra environ six heures et trente minutes \u00e0 huit heures et trente minutes selon l&#039;a\u00e9roport hub que vous avez transf\u00e9r\u00e9 \u00e0 l&#039;a\u00e9roport de Mwanza.<\/p>\n<h2>Conseils sur les vols Mwanza - Arusha<\/h2>\n<p>Le transport a\u00e9rien est l&#039;un des itin\u00e9raires les plus parfaits parmi lesquels choisir. C&#039;est rapide, s\u00fbr et d\u00e9tendu. Toutes les grandes villes sont bien reli\u00e9es les unes aux autres par voie a\u00e9rienne. Et voyager entre eux est devenu une question de quelques heures seulement.<\/p>","protected":false},"excerpt":{"rendered":"<p>Looking for cheap airline ticket from Mwanza to Arusha\u00a0or last minute deals? Search, compare and book cheap airline ticket from\u00a0Kilimanjaro (JRO) to Arusha (ARK) online now. Book cheap flights from Mwanza to Arusha online and save money on airfare. While it may not be the Tanzania capital, Arusha is the undisputed safari Tanzania capital, if [&hellip;]<\/p>\n","protected":false},"author":1,"featured_media":14041,"parent":0,"menu_order":0,"comment_status":"open","ping_status":"closed","template":"template-home-modern.php","meta":{"footnotes":""},"class_list":["post-10695","page","type-page","status-publish","has-post-thumbnail","hentry"],"yoast_head":"<!-- This site is optimized with the Yoast SEO plugin v27.5 - https:\/\/yoast.com\/product\/yoast-seo-wordpress\/ -->\n<title>Cheap Flights from Mwanza to Arusha<\/title>\n<meta name=\"description\" content=\"Looking for cheap flights from\u00a0Mwanza to Arusha? Search, compare and book cheap airline ticket from Mwanza to Arusha online\" \/>\n<meta name=\"robots\" content=\"index, follow, max-snippet:-1, max-image-preview:large, max-video-preview:-1\" \/>\n<link rel=\"canonical\" href=\"https:\/\/tiketi.com\/fr-fr\/cheap-flights-from-mwanza-to-arusha\/\" \/>\n<meta property=\"og:locale\" content=\"fr_FR\" \/>\n<meta property=\"og:type\" content=\"article\" \/>\n<meta property=\"og:title\" content=\"Cheap Flights from Mwanza to Arusha\" \/>\n<meta property=\"og:description\" content=\"Looking for cheap flights from\u00a0Mwanza to Arusha? Search, compare and book cheap airline ticket from Mwanza to Arusha online\" \/>\n<meta property=\"og:url\" content=\"https:\/\/tiketi.com\/fr-fr\/cheap-flights-from-mwanza-to-arusha\/\" \/>\n<meta property=\"og:site_name\" content=\"Tiketi.com\" \/>\n<meta property=\"article:publisher\" content=\"https:\/\/www.facebook.com\/TiketiCom\/\" \/>\n<meta property=\"article:modified_time\" content=\"2022-04-05T08:18:06+00:00\" \/>\n<meta property=\"og:image\" content=\"https:\/\/tiketi.com\/wp-content\/uploads\/2022\/01\/flight-ticket-booking-sorasak-KxCJXXGsv9I-unsplas.jpg\" \/>\n\t<meta property=\"og:image:width\" content=\"1200\" \/>\n\t<meta property=\"og:image:height\" content=\"240\" \/>\n\t<meta property=\"og:image:type\" content=\"image\/jpeg\" \/>\n<meta name=\"twitter:card\" content=\"summary_large_image\" \/>\n<meta name=\"twitter:label1\" content=\"Dur\u00e9e de lecture estim\u00e9e\" \/>\n\t<meta name=\"twitter:data1\" content=\"2 minutes\" \/>\n<script type=\"application\/ld+json\" class=\"yoast-schema-graph\">{\"@context\":\"https:\\\/\\\/schema.org\",\"@graph\":[{\"@type\":\"WebPage\",\"@id\":\"https:\\\/\\\/tiketi.com\\\/cheap-flights-from-mwanza-to-arusha\\\/\",\"url\":\"https:\\\/\\\/tiketi.com\\\/cheap-flights-from-mwanza-to-arusha\\\/\",\"name\":\"Cheap Flights from Mwanza to Arusha\",\"isPartOf\":{\"@id\":\"https:\\\/\\\/tiketi.com\\\/#website\"},\"primaryImageOfPage\":{\"@id\":\"https:\\\/\\\/tiketi.com\\\/cheap-flights-from-mwanza-to-arusha\\\/#primaryimage\"},\"image\":{\"@id\":\"https:\\\/\\\/tiketi.com\\\/cheap-flights-from-mwanza-to-arusha\\\/#primaryimage\"},\"thumbnailUrl\":\"https:\\\/\\\/tiketi.com\\\/wp-content\\\/uploads\\\/2022\\\/01\\\/flight-ticket-booking-sorasak-KxCJXXGsv9I-unsplas.jpg\",\"datePublished\":\"2022-01-19T11:53:42+00:00\",\"dateModified\":\"2022-04-05T08:18:06+00:00\",\"description\":\"Looking for cheap flights from\u00a0Mwanza to Arusha? Search, compare and book cheap airline ticket from Mwanza to Arusha online\",\"breadcrumb\":{\"@id\":\"https:\\\/\\\/tiketi.com\\\/cheap-flights-from-mwanza-to-arusha\\\/#breadcrumb\"},\"inLanguage\":\"fr-FR\",\"potentialAction\":[{\"@type\":\"ReadAction\",\"target\":[\"https:\\\/\\\/tiketi.com\\\/cheap-flights-from-mwanza-to-arusha\\\/\"]}]},{\"@type\":\"ImageObject\",\"inLanguage\":\"fr-FR\",\"@id\":\"https:\\\/\\\/tiketi.com\\\/cheap-flights-from-mwanza-to-arusha\\\/#primaryimage\",\"url\":\"https:\\\/\\\/tiketi.com\\\/wp-content\\\/uploads\\\/2022\\\/01\\\/flight-ticket-booking-sorasak-KxCJXXGsv9I-unsplas.jpg\",\"contentUrl\":\"https:\\\/\\\/tiketi.com\\\/wp-content\\\/uploads\\\/2022\\\/01\\\/flight-ticket-booking-sorasak-KxCJXXGsv9I-unsplas.jpg\",\"width\":1200,\"height\":240,\"caption\":\"Online flight ticket booking\"},{\"@type\":\"BreadcrumbList\",\"@id\":\"https:\\\/\\\/tiketi.com\\\/cheap-flights-from-mwanza-to-arusha\\\/#breadcrumb\",\"itemListElement\":[{\"@type\":\"ListItem\",\"position\":1,\"name\":\"Home\",\"item\":\"https:\\\/\\\/tiketi.com\\\/\"},{\"@type\":\"ListItem\",\"position\":2,\"name\":\"Cheap Flights from Mwanza to Arusha\"}]},{\"@type\":\"WebSite\",\"@id\":\"https:\\\/\\\/tiketi.com\\\/#website\",\"url\":\"https:\\\/\\\/tiketi.com\\\/\",\"name\":\"Flight & Bus Tickets, Tour Packages & Activitites - Tiketi.com\",\"description\":\"Flight &amp; Bus Tickets, Tours, Activitites\",\"publisher\":{\"@id\":\"https:\\\/\\\/tiketi.com\\\/#organization\"},\"potentialAction\":[{\"@type\":\"SearchAction\",\"target\":{\"@type\":\"EntryPoint\",\"urlTemplate\":\"https:\\\/\\\/tiketi.com\\\/?s={search_term_string}\"},\"query-input\":{\"@type\":\"PropertyValueSpecification\",\"valueRequired\":true,\"valueName\":\"search_term_string\"}}],\"inLanguage\":\"fr-FR\"},{\"@type\":\"Organization\",\"@id\":\"https:\\\/\\\/tiketi.com\\\/#organization\",\"name\":\"Tiketi.com\",\"alternateName\":\"Tiketi\",\"url\":\"https:\\\/\\\/tiketi.com\\\/\",\"logo\":{\"@type\":\"ImageObject\",\"inLanguage\":\"fr-FR\",\"@id\":\"https:\\\/\\\/tiketi.com\\\/#\\\/schema\\\/logo\\\/image\\\/\",\"url\":\"https:\\\/\\\/tiketi.com\\\/wp-content\\\/uploads\\\/2019\\\/05\\\/tiketi-logo-696.png\",\"contentUrl\":\"https:\\\/\\\/tiketi.com\\\/wp-content\\\/uploads\\\/2019\\\/05\\\/tiketi-logo-696.png\",\"width\":696,\"height\":696,\"caption\":\"Tiketi.com\"},\"image\":{\"@id\":\"https:\\\/\\\/tiketi.com\\\/#\\\/schema\\\/logo\\\/image\\\/\"},\"sameAs\":[\"https:\\\/\\\/www.facebook.com\\\/TiketiCom\\\/\"]}]}<\/script>\n<!-- \/ Yoast SEO plugin. -->","yoast_head_json":{"title":"Vols \u00e0 bas prix de Mwanza \u00e0 Arusha","description":"Vous recherchez des vols \u00e0 bas prix de Mwanza vers Arusha ? Recherchez, comparez et r\u00e9servez en ligne un billet d&#039;avion pas cher de Mwanza \u00e0 Arusha","robots":{"index":"index","follow":"follow","max-snippet":"max-snippet:-1","max-image-preview":"max-image-preview:large","max-video-preview":"max-video-preview:-1"},"canonical":"https:\/\/tiketi.com\/fr-fr\/cheap-flights-from-mwanza-to-arusha\/","og_locale":"fr_FR","og_type":"article","og_title":"Cheap Flights from Mwanza to Arusha","og_description":"Looking for cheap flights from\u00a0Mwanza to Arusha? Search, compare and book cheap airline ticket from Mwanza to Arusha online","og_url":"https:\/\/tiketi.com\/fr-fr\/cheap-flights-from-mwanza-to-arusha\/","og_site_name":"Tiketi.com","article_publisher":"https:\/\/www.facebook.com\/TiketiCom\/","article_modified_time":"2022-04-05T08:18:06+00:00","og_image":[{"width":1200,"height":240,"url":"https:\/\/tiketi.com\/wp-content\/uploads\/2022\/01\/flight-ticket-booking-sorasak-KxCJXXGsv9I-unsplas.jpg","type":"image\/jpeg"}],"twitter_card":"summary_large_image","twitter_misc":{"Dur\u00e9e de lecture estim\u00e9e":"2 minutes"},"schema":{"@context":"https:\/\/schema.org","@graph":[{"@type":"WebPage","@id":"https:\/\/tiketi.com\/cheap-flights-from-mwanza-to-arusha\/","url":"https:\/\/tiketi.com\/cheap-flights-from-mwanza-to-arusha\/","name":"Vols \u00e0 bas prix de Mwanza \u00e0 Arusha","isPartOf":{"@id":"https:\/\/tiketi.com\/#website"},"primaryImageOfPage":{"@id":"https:\/\/tiketi.com\/cheap-flights-from-mwanza-to-arusha\/#primaryimage"},"image":{"@id":"https:\/\/tiketi.com\/cheap-flights-from-mwanza-to-arusha\/#primaryimage"},"thumbnailUrl":"https:\/\/tiketi.com\/wp-content\/uploads\/2022\/01\/flight-ticket-booking-sorasak-KxCJXXGsv9I-unsplas.jpg","datePublished":"2022-01-19T11:53:42+00:00","dateModified":"2022-04-05T08:18:06+00:00","description":"Vous recherchez des vols \u00e0 bas prix de Mwanza vers Arusha ? Recherchez, comparez et r\u00e9servez en ligne un billet d&#039;avion pas cher de Mwanza \u00e0 Arusha","breadcrumb":{"@id":"https:\/\/tiketi.com\/cheap-flights-from-mwanza-to-arusha\/#breadcrumb"},"inLanguage":"fr-FR","potentialAction":[{"@type":"ReadAction","target":["https:\/\/tiketi.com\/cheap-flights-from-mwanza-to-arusha\/"]}]},{"@type":"ImageObject","inLanguage":"fr-FR","@id":"https:\/\/tiketi.com\/cheap-flights-from-mwanza-to-arusha\/#primaryimage","url":"https:\/\/tiketi.com\/wp-content\/uploads\/2022\/01\/flight-ticket-booking-sorasak-KxCJXXGsv9I-unsplas.jpg","contentUrl":"https:\/\/tiketi.com\/wp-content\/uploads\/2022\/01\/flight-ticket-booking-sorasak-KxCJXXGsv9I-unsplas.jpg","width":1200,"height":240,"caption":"Online flight ticket booking"},{"@type":"BreadcrumbList","@id":"https:\/\/tiketi.com\/cheap-flights-from-mwanza-to-arusha\/#breadcrumb","itemListElement":[{"@type":"ListItem","position":1,"name":"Home","item":"https:\/\/tiketi.com\/"},{"@type":"ListItem","position":2,"name":"Cheap Flights from Mwanza to Arusha"}]},{"@type":"WebSite","@id":"https:\/\/tiketi.com\/#website","url":"https:\/\/tiketi.com\/","name":"Billets d&#039;avion et de bus, forfaits touristiques et activit\u00e9s - Tiketi.com","description":"Billets d&#039;avion et de bus, Tours, Activit\u00e9s","publisher":{"@id":"https:\/\/tiketi.com\/#organization"},"potentialAction":[{"@type":"SearchAction","target":{"@type":"EntryPoint","urlTemplate":"https:\/\/tiketi.com\/?s={search_term_string}"},"query-input":{"@type":"PropertyValueSpecification","valueRequired":true,"valueName":"search_term_string"}}],"inLanguage":"fr-FR"},{"@type":"Organization","@id":"https:\/\/tiketi.com\/#organization","name":"Tiketi.com","alternateName":"Tiketi","url":"https:\/\/tiketi.com\/","logo":{"@type":"ImageObject","inLanguage":"fr-FR","@id":"https:\/\/tiketi.com\/#\/schema\/logo\/image\/","url":"https:\/\/tiketi.com\/wp-content\/uploads\/2019\/05\/tiketi-logo-696.png","contentUrl":"https:\/\/tiketi.com\/wp-content\/uploads\/2019\/05\/tiketi-logo-696.png","width":696,"height":696,"caption":"Tiketi.com"},"image":{"@id":"https:\/\/tiketi.com\/#\/schema\/logo\/image\/"},"sameAs":["https:\/\/www.facebook.com\/TiketiCom\/"]}]}},"_links":{"self":[{"href":"https:\/\/tiketi.com\/fr-fr\/wp-json\/wp\/v2\/pages\/10695","targetHints":{"allow":["GET"]}}],"collection":[{"href":"https:\/\/tiketi.com\/fr-fr\/wp-json\/wp\/v2\/pages"}],"about":[{"href":"https:\/\/tiketi.com\/fr-fr\/wp-json\/wp\/v2\/types\/page"}],"author":[{"embeddable":true,"href":"https:\/\/tiketi.com\/fr-fr\/wp-json\/wp\/v2\/users\/1"}],"replies":[{"embeddable":true,"href":"https:\/\/tiketi.com\/fr-fr\/wp-json\/wp\/v2\/comments?post=10695"}],"version-history":[{"count":0,"href":"https:\/\/tiketi.com\/fr-fr\/wp-json\/wp\/v2\/pages\/10695\/revisions"}],"wp:featuredmedia":[{"embeddable":true,"href":"https:\/\/tiketi.com\/fr-fr\/wp-json\/wp\/v2\/media\/14041"}],"wp:attachment":[{"href":"https:\/\/tiketi.com\/fr-fr\/wp-json\/wp\/v2\/media?parent=10695"}],"curies":[{"name":"wp","href":"https:\/\/api.w.org\/{rel}","templated":true}]}}