{"id":10696,"date":"2022-01-19T12:53:42","date_gmt":"2022-01-19T11:53:42","guid":{"rendered":"https:\/\/new.tiketi.com\/cheap-flights-from-dodoma-to-mwanza\/"},"modified":"2022-09-16T10:59:11","modified_gmt":"2022-09-16T09:59:11","slug":"dar-es-salaam-to-mwanza-dar-mwz","status":"publish","type":"page","link":"https:\/\/tiketi.com\/fr-fr\/cheap-flights\/dar-es-salaam-to-mwanza-dar-mwz\/","title":{"rendered":"Vols \u00e0 bas prix de Dar es Salam \u00e0 Mwanza"},"content":{"rendered":"<h2>Vous recherchez un billet d&#039;avion pas cher de Dar es Salam \u00e0 Mwanza ou des offres de derni\u00e8re minute ?<\/h2>\n<h3>Recherchez, comparez et r\u00e9servez en ligne les billets d&#039;avion pas chers de Dar es Salaam (DAR) \u00e0 Mwanza (MWZ).<\/h3>\n<p>R\u00e9servez des vols pas chers de Dar es Salam \u00e0 Mwanza en ligne avec Tiketi.com pour les meilleures offres. M\u00eame ainsi, ce n&#039;est pas n\u00e9cessairement un \u00e9norme site touristique, mais il y a quelques meilleurs endroits \u00e0 Mwanza - la deuxi\u00e8me plus grande ville de Tanzanie. Et le plus grand lac d&#039;Afrique, le lac Victoria donne l&#039;impression d&#039;\u00eatre au bord de la mer. Mwanza est un endroit remarquable pour se promener le long des rives du lac Victoria et apprendre un peu d&#039;histoire. C&#039;est un meilleur endroit pour se d\u00e9tendre. C&#039;est le meilleur endroit pour se d\u00e9tendre. Voici quelques-unes des meilleures id\u00e9es pour r\u00e9server des vols de Dar es Salaam \u00e0 Mwanza :<\/p>\n<h2>Voici quelques-unes des meilleures attractions de Mwanza<\/h2>\n<h3>Lac Victoria<\/h3>\n<p>Une excursion en bateau sur le lac Victoria devrait \u00eatre un point culminant sur la liste de chaque personne \u00e0 Mwanza. Voir le lac et la r\u00e9gion voisine depuis le bateau vous donnera une excellente id\u00e9e de la vie autour du lac Mwanza. Il existe \u00e9galement de nombreuses fa\u00e7ons de se promener le long du rivage.<\/p>\n<h3>Ville de rock<\/h3>\n<p>Comme aucune autre ville de Tanzanie, Mwanza est entour\u00e9e de rochers et de collines. Ce n&#039;est pas par hasard que le surnom de Mwanza est \u00ab Rock City \u00bb. L&#039;un des rochers les plus populaires de la ville est Bismarck Rock.<\/p>\n<p>A en juger par le nom des rochers et des collines, on peut deviner les influences allemandes dans ce domaine, m\u00eame sans conna\u00eetre l&#039;histoire.<\/p>\n<h3>Parc national Saa Nane<\/h3>\n<p>Si vous interrogez les Tanzaniens sur les endroits \u00e0 visiter \u00e0 Mwanza, ils vous conseilleront tr\u00e8s probablement le parc national de Saa Nane. C&#039;est l&#039;\u00eele rocheuse qui abrite des singes et des impalas. Pour les non-ressortissants, la visite n&#039;est finalement pas extr\u00eamement abordable, mais de nombreux visiteurs d\u00e9cident de faire le tour.<\/p>\n<h2>FAQ sur les vols pas chers de Dar es Salam \u00e0 Mwanza<\/h2>\n<h3>Combien de vols directs de Dar es Salam \u00e0 Mwanza ?<\/h3>\n<p>Il y a un vol direct pas cher de Dar es Salaam \u00e0 Mwanza.<\/p>\n<h3>Quel est le meilleur moment pour r\u00e9server un billet d&#039;avion de Dar es Salam \u00e0 Mwanza ?<\/h3>\n<p>G\u00e9n\u00e9ralement, le meilleur moment pour r\u00e9server un billet d&#039;avion pas cher de Dar es Salaam \u00e0 Mwanza est de deux mois \u00e0 l&#039;avance. Et les jours abordables pour voler sont le mardi, le mercredi et le samedi. Le dimanche est le plus cher.<\/p>\n<h3>Quelle est la dur\u00e9e moyenne d&#039;un vol entre Dar es Salam et Mwanza ?<\/h3>\n<p>6 h 20 min est le temps de vol de Dar es Salaam \u00e0 Mwanza.<\/p>\n<h3>Combien co\u00fbte un billet d&#039;avion de Mwanza \u00e0 Dar es Salaam?<\/h3>\n<p>Il y a environ $203 pour un billet d&#039;avion de Dar es Salaam \u00e0 Mwanza.<\/p>\n<h3>Quelles sont les compagnies a\u00e9riennes les plus c\u00e9l\u00e8bres qui proposent des vols entre Dar es Salam et Mwanza ?<\/h3>\n<p>Precision Air est la compagnie a\u00e9rienne la plus c\u00e9l\u00e8bre pour le vol entre Dar es Salaam et Mwanza.<\/p>\n<h3>Quelle est la technique de transport des ions de l&#039;a\u00e9roport cl\u00e9 au centre-ville de Mwanza\u00a0?<\/h3>\n<p>La distance entre l&#039;a\u00e9roport de Mwanza et le centre-ville est d&#039;environ huit km, en taxi environ vingt minutes.<\/p>\n<h3>Quelle est la distance de Dar es Salam \u00e0 Mwanza ?<\/h3>\n<p>La distance des vols Mwanza de Dar es Salaam est de 851 kilom\u00e8tres.<\/p>\n<h3>Combien de temps dure le vol pas cher Dar es Salam - Mwanza ?<\/h3>\n<p>La dur\u00e9e moyenne d&#039;un vol entre Dar es Salaam et Mwanza est d&#039;une heure et quarante minutes.<\/p>\n<h3>Quelle est la fr\u00e9quence des vols directs de Dar es Salam \u00e0 Mwanza ?<\/h3>\n<p>Il y a vingt-neuf vols directs de Dar es Salaam \u00e0 Mwanza.<\/p>\n<h3>Quelles sont les compagnies a\u00e9riennes les plus c\u00e9l\u00e8bres de Dar es Salam proposant des billets d&#039;avion pas chers de Mwanza \u00e0 Dar es Salam ?<\/h3>\n<p>Air Tanzania offre 79% du billet d&#039;avion sans escale de Mwanza \u00e0 Dar es Salaam.<\/p>\n<h2>Billet d&#039;avion de Mwanza \u00e0 Dar es Salaam Conseils<\/h2>\n<p>\u2022 Dar es Salaam, Tanzanie est \u00e0 829 milles de Mwanza.<\/p>\n<p>\u2022 Il y a trois vols quotidiens de Dar es Salaam \u00e0 Mwanza.<\/p>\n<p>\u2022 Il y a six vols quotidiens entre Dar es Salaam et Mwanza.<\/p>\n<p>\u2022 Quatre vols sans escale op\u00e8rent de Dar es Salaam \u00e0 Mwanza.<\/p>\n<p>\u2022 Air Tanzania propose le plus de vols sans escale entre Mwanza et Dar es Salaam.<\/p>\n<p>\u2022 Kilimandjaro, Tanzanie \u2013 Kililmanjaro est le lien le plus c\u00e9l\u00e8bre pour les vols \u00e0 escale entre Mwanza et Dar es Salaam.<\/p>","protected":false},"excerpt":{"rendered":"<p>Looking for cheap airline ticket from Dar es Salaam to Mwanza or last minute deals? Search, compare and book cheap airline ticket from Dar es Salaam (DAR) to Mwanza (MWZ) online. Book cheap flights from Dar es Salaam to Mwanza online with Tiketi.com for the best deals. Even so, it is not necessarily a huge [&hellip;]<\/p>\n","protected":false},"author":1,"featured_media":22779,"parent":23264,"menu_order":0,"comment_status":"open","ping_status":"closed","template":"template-home-modern.php","meta":{"footnotes":""},"class_list":["post-10696","page","type-page","status-publish","has-post-thumbnail","hentry"],"yoast_head":"<!-- This site is optimized with the Yoast SEO plugin v27.3 - https:\/\/yoast.com\/product\/yoast-seo-wordpress\/ -->\n<title>Cheap Flights from Dodoma to Mwanza<\/title>\n<meta name=\"description\" content=\"Looking for cheap flights from\u00a0Dodoma to Mwanza? Search, compare and book cheap airline ticket from Dodoma to Mwanza online\" \/>\n<meta name=\"robots\" content=\"index, follow, max-snippet:-1, max-image-preview:large, max-video-preview:-1\" \/>\n<link rel=\"canonical\" href=\"https:\/\/tiketi.com\/fr-fr\/nauli-ndege\/dar-es-salaam-kwenda-mwanza-dar-mwz\/\" \/>\n<meta property=\"og:locale\" content=\"fr_FR\" \/>\n<meta property=\"og:type\" content=\"article\" \/>\n<meta property=\"og:title\" content=\"Cheap Flights from Dodoma to Mwanza\" \/>\n<meta property=\"og:description\" content=\"Looking for cheap flights from\u00a0Dodoma to Mwanza? Search, compare and book cheap airline ticket from Dodoma to Mwanza online\" \/>\n<meta property=\"og:url\" content=\"https:\/\/tiketi.com\/fr-fr\/nauli-ndege\/dar-es-salaam-kwenda-mwanza-dar-mwz\/\" \/>\n<meta property=\"og:site_name\" content=\"Tiketi.com\" \/>\n<meta property=\"article:publisher\" content=\"https:\/\/www.facebook.com\/TiketiCom\/\" \/>\n<meta property=\"article:modified_time\" content=\"2022-09-16T09:59:11+00:00\" \/>\n<meta property=\"og:image\" content=\"https:\/\/tiketi.com\/wp-content\/uploads\/2022\/04\/moses-londo-oNSInsqHNck-uns.jpg\" \/>\n\t<meta property=\"og:image:width\" content=\"1200\" \/>\n\t<meta property=\"og:image:height\" content=\"200\" \/>\n\t<meta property=\"og:image:type\" content=\"image\/jpeg\" \/>\n<meta name=\"twitter:card\" content=\"summary_large_image\" \/>\n<meta name=\"twitter:label1\" content=\"Dur\u00e9e de lecture estim\u00e9e\" \/>\n\t<meta name=\"twitter:data1\" content=\"4 minutes\" \/>\n<script type=\"application\/ld+json\" class=\"yoast-schema-graph\">{\"@context\":\"https:\\\/\\\/schema.org\",\"@graph\":[{\"@type\":\"WebPage\",\"@id\":\"https:\\\/\\\/tiketi.com\\\/sw\\\/nauli-ndege\\\/dar-es-salaam-kwenda-mwanza-dar-mwz\\\/\",\"url\":\"https:\\\/\\\/tiketi.com\\\/sw\\\/nauli-ndege\\\/dar-es-salaam-kwenda-mwanza-dar-mwz\\\/\",\"name\":\"Cheap Flights from Dodoma to Mwanza\",\"isPartOf\":{\"@id\":\"https:\\\/\\\/tiketi.com\\\/#website\"},\"primaryImageOfPage\":{\"@id\":\"https:\\\/\\\/tiketi.com\\\/sw\\\/nauli-ndege\\\/dar-es-salaam-kwenda-mwanza-dar-mwz\\\/#primaryimage\"},\"image\":{\"@id\":\"https:\\\/\\\/tiketi.com\\\/sw\\\/nauli-ndege\\\/dar-es-salaam-kwenda-mwanza-dar-mwz\\\/#primaryimage\"},\"thumbnailUrl\":\"https:\\\/\\\/tiketi.com\\\/wp-content\\\/uploads\\\/2022\\\/04\\\/moses-londo-oNSInsqHNck-uns.jpg\",\"datePublished\":\"2022-01-19T11:53:42+00:00\",\"dateModified\":\"2022-09-16T09:59:11+00:00\",\"description\":\"Looking for cheap flights from\u00a0Dodoma to Mwanza? Search, compare and book cheap airline ticket from Dodoma to Mwanza online\",\"breadcrumb\":{\"@id\":\"https:\\\/\\\/tiketi.com\\\/sw\\\/nauli-ndege\\\/dar-es-salaam-kwenda-mwanza-dar-mwz\\\/#breadcrumb\"},\"inLanguage\":\"fr-FR\",\"potentialAction\":[{\"@type\":\"ReadAction\",\"target\":[\"https:\\\/\\\/tiketi.com\\\/sw\\\/nauli-ndege\\\/dar-es-salaam-kwenda-mwanza-dar-mwz\\\/\"]}]},{\"@type\":\"ImageObject\",\"inLanguage\":\"fr-FR\",\"@id\":\"https:\\\/\\\/tiketi.com\\\/sw\\\/nauli-ndege\\\/dar-es-salaam-kwenda-mwanza-dar-mwz\\\/#primaryimage\",\"url\":\"https:\\\/\\\/tiketi.com\\\/wp-content\\\/uploads\\\/2022\\\/04\\\/moses-londo-oNSInsqHNck-uns.jpg\",\"contentUrl\":\"https:\\\/\\\/tiketi.com\\\/wp-content\\\/uploads\\\/2022\\\/04\\\/moses-londo-oNSInsqHNck-uns.jpg\",\"width\":1200,\"height\":200,\"caption\":\"Cheap Flights to Mwanza\"},{\"@type\":\"BreadcrumbList\",\"@id\":\"https:\\\/\\\/tiketi.com\\\/sw\\\/nauli-ndege\\\/dar-es-salaam-kwenda-mwanza-dar-mwz\\\/#breadcrumb\",\"itemListElement\":[{\"@type\":\"ListItem\",\"position\":1,\"name\":\"Home\",\"item\":\"https:\\\/\\\/tiketi.com\\\/\"},{\"@type\":\"ListItem\",\"position\":2,\"name\":\"Cheap Flights\",\"item\":\"https:\\\/\\\/tiketi.com\\\/cheap-flights\\\/\"},{\"@type\":\"ListItem\",\"position\":3,\"name\":\"Cheap Flights from Dar es Salaam to Mwanza\"}]},{\"@type\":\"WebSite\",\"@id\":\"https:\\\/\\\/tiketi.com\\\/#website\",\"url\":\"https:\\\/\\\/tiketi.com\\\/\",\"name\":\"Flight & Bus Tickets, Tour Packages & Activitites - Tiketi.com\",\"description\":\"Flight &amp; Bus Tickets, Tours, Activitites\",\"publisher\":{\"@id\":\"https:\\\/\\\/tiketi.com\\\/#organization\"},\"potentialAction\":[{\"@type\":\"SearchAction\",\"target\":{\"@type\":\"EntryPoint\",\"urlTemplate\":\"https:\\\/\\\/tiketi.com\\\/?s={search_term_string}\"},\"query-input\":{\"@type\":\"PropertyValueSpecification\",\"valueRequired\":true,\"valueName\":\"search_term_string\"}}],\"inLanguage\":\"fr-FR\"},{\"@type\":\"Organization\",\"@id\":\"https:\\\/\\\/tiketi.com\\\/#organization\",\"name\":\"Tiketi.com\",\"alternateName\":\"Tiketi\",\"url\":\"https:\\\/\\\/tiketi.com\\\/\",\"logo\":{\"@type\":\"ImageObject\",\"inLanguage\":\"fr-FR\",\"@id\":\"https:\\\/\\\/tiketi.com\\\/#\\\/schema\\\/logo\\\/image\\\/\",\"url\":\"https:\\\/\\\/tiketi.com\\\/wp-content\\\/uploads\\\/2019\\\/05\\\/tiketi-logo-696.png\",\"contentUrl\":\"https:\\\/\\\/tiketi.com\\\/wp-content\\\/uploads\\\/2019\\\/05\\\/tiketi-logo-696.png\",\"width\":696,\"height\":696,\"caption\":\"Tiketi.com\"},\"image\":{\"@id\":\"https:\\\/\\\/tiketi.com\\\/#\\\/schema\\\/logo\\\/image\\\/\"},\"sameAs\":[\"https:\\\/\\\/www.facebook.com\\\/TiketiCom\\\/\"]}]}<\/script>\n<!-- \/ Yoast SEO plugin. -->","yoast_head_json":{"title":"Vols \u00e0 bas prix de Dodoma \u00e0 Mwanza","description":"Vous recherchez des vols \u00e0 bas prix de Dodoma vers Mwanza ? Recherchez, comparez et r\u00e9servez en ligne un billet d&#039;avion pas cher de Dodoma \u00e0 Mwanza","robots":{"index":"index","follow":"follow","max-snippet":"max-snippet:-1","max-image-preview":"max-image-preview:large","max-video-preview":"max-video-preview:-1"},"canonical":"https:\/\/tiketi.com\/fr-fr\/nauli-ndege\/dar-es-salaam-kwenda-mwanza-dar-mwz\/","og_locale":"fr_FR","og_type":"article","og_title":"Cheap Flights from Dodoma to Mwanza","og_description":"Looking for cheap flights from\u00a0Dodoma to Mwanza? Search, compare and book cheap airline ticket from Dodoma to Mwanza online","og_url":"https:\/\/tiketi.com\/fr-fr\/nauli-ndege\/dar-es-salaam-kwenda-mwanza-dar-mwz\/","og_site_name":"Tiketi.com","article_publisher":"https:\/\/www.facebook.com\/TiketiCom\/","article_modified_time":"2022-09-16T09:59:11+00:00","og_image":[{"width":1200,"height":200,"url":"https:\/\/tiketi.com\/wp-content\/uploads\/2022\/04\/moses-londo-oNSInsqHNck-uns.jpg","type":"image\/jpeg"}],"twitter_card":"summary_large_image","twitter_misc":{"Dur\u00e9e de lecture estim\u00e9e":"4 minutes"},"schema":{"@context":"https:\/\/schema.org","@graph":[{"@type":"WebPage","@id":"https:\/\/tiketi.com\/sw\/nauli-ndege\/dar-es-salaam-kwenda-mwanza-dar-mwz\/","url":"https:\/\/tiketi.com\/sw\/nauli-ndege\/dar-es-salaam-kwenda-mwanza-dar-mwz\/","name":"Vols \u00e0 bas prix de Dodoma \u00e0 Mwanza","isPartOf":{"@id":"https:\/\/tiketi.com\/#website"},"primaryImageOfPage":{"@id":"https:\/\/tiketi.com\/sw\/nauli-ndege\/dar-es-salaam-kwenda-mwanza-dar-mwz\/#primaryimage"},"image":{"@id":"https:\/\/tiketi.com\/sw\/nauli-ndege\/dar-es-salaam-kwenda-mwanza-dar-mwz\/#primaryimage"},"thumbnailUrl":"https:\/\/tiketi.com\/wp-content\/uploads\/2022\/04\/moses-londo-oNSInsqHNck-uns.jpg","datePublished":"2022-01-19T11:53:42+00:00","dateModified":"2022-09-16T09:59:11+00:00","description":"Vous recherchez des vols \u00e0 bas prix de Dodoma vers Mwanza ? Recherchez, comparez et r\u00e9servez en ligne un billet d&#039;avion pas cher de Dodoma \u00e0 Mwanza","breadcrumb":{"@id":"https:\/\/tiketi.com\/sw\/nauli-ndege\/dar-es-salaam-kwenda-mwanza-dar-mwz\/#breadcrumb"},"inLanguage":"fr-FR","potentialAction":[{"@type":"ReadAction","target":["https:\/\/tiketi.com\/sw\/nauli-ndege\/dar-es-salaam-kwenda-mwanza-dar-mwz\/"]}]},{"@type":"ImageObject","inLanguage":"fr-FR","@id":"https:\/\/tiketi.com\/sw\/nauli-ndege\/dar-es-salaam-kwenda-mwanza-dar-mwz\/#primaryimage","url":"https:\/\/tiketi.com\/wp-content\/uploads\/2022\/04\/moses-londo-oNSInsqHNck-uns.jpg","contentUrl":"https:\/\/tiketi.com\/wp-content\/uploads\/2022\/04\/moses-londo-oNSInsqHNck-uns.jpg","width":1200,"height":200,"caption":"Cheap Flights to Mwanza"},{"@type":"BreadcrumbList","@id":"https:\/\/tiketi.com\/sw\/nauli-ndege\/dar-es-salaam-kwenda-mwanza-dar-mwz\/#breadcrumb","itemListElement":[{"@type":"ListItem","position":1,"name":"Home","item":"https:\/\/tiketi.com\/"},{"@type":"ListItem","position":2,"name":"Cheap Flights","item":"https:\/\/tiketi.com\/cheap-flights\/"},{"@type":"ListItem","position":3,"name":"Cheap Flights from Dar es Salaam to Mwanza"}]},{"@type":"WebSite","@id":"https:\/\/tiketi.com\/#website","url":"https:\/\/tiketi.com\/","name":"Billets d&#039;avion et de bus, forfaits touristiques et activit\u00e9s - Tiketi.com","description":"Billets d&#039;avion et de bus, Tours, Activit\u00e9s","publisher":{"@id":"https:\/\/tiketi.com\/#organization"},"potentialAction":[{"@type":"SearchAction","target":{"@type":"EntryPoint","urlTemplate":"https:\/\/tiketi.com\/?s={search_term_string}"},"query-input":{"@type":"PropertyValueSpecification","valueRequired":true,"valueName":"search_term_string"}}],"inLanguage":"fr-FR"},{"@type":"Organization","@id":"https:\/\/tiketi.com\/#organization","name":"Tiketi.com","alternateName":"Tiketi","url":"https:\/\/tiketi.com\/","logo":{"@type":"ImageObject","inLanguage":"fr-FR","@id":"https:\/\/tiketi.com\/#\/schema\/logo\/image\/","url":"https:\/\/tiketi.com\/wp-content\/uploads\/2019\/05\/tiketi-logo-696.png","contentUrl":"https:\/\/tiketi.com\/wp-content\/uploads\/2019\/05\/tiketi-logo-696.png","width":696,"height":696,"caption":"Tiketi.com"},"image":{"@id":"https:\/\/tiketi.com\/#\/schema\/logo\/image\/"},"sameAs":["https:\/\/www.facebook.com\/TiketiCom\/"]}]}},"_links":{"self":[{"href":"https:\/\/tiketi.com\/fr-fr\/wp-json\/wp\/v2\/pages\/10696","targetHints":{"allow":["GET"]}}],"collection":[{"href":"https:\/\/tiketi.com\/fr-fr\/wp-json\/wp\/v2\/pages"}],"about":[{"href":"https:\/\/tiketi.com\/fr-fr\/wp-json\/wp\/v2\/types\/page"}],"author":[{"embeddable":true,"href":"https:\/\/tiketi.com\/fr-fr\/wp-json\/wp\/v2\/users\/1"}],"replies":[{"embeddable":true,"href":"https:\/\/tiketi.com\/fr-fr\/wp-json\/wp\/v2\/comments?post=10696"}],"version-history":[{"count":0,"href":"https:\/\/tiketi.com\/fr-fr\/wp-json\/wp\/v2\/pages\/10696\/revisions"}],"up":[{"embeddable":true,"href":"https:\/\/tiketi.com\/fr-fr\/wp-json\/wp\/v2\/pages\/23264"}],"wp:featuredmedia":[{"embeddable":true,"href":"https:\/\/tiketi.com\/fr-fr\/wp-json\/wp\/v2\/media\/22779"}],"wp:attachment":[{"href":"https:\/\/tiketi.com\/fr-fr\/wp-json\/wp\/v2\/media?parent=10696"}],"curies":[{"name":"wp","href":"https:\/\/api.w.org\/{rel}","templated":true}]}}