{"id":10697,"date":"2022-01-19T12:53:42","date_gmt":"2022-01-19T11:53:42","guid":{"rendered":"https:\/\/new.tiketi.com\/cheap-flights-from-dodoma-to-zanzibar\/"},"modified":"2022-04-05T09:22:14","modified_gmt":"2022-04-05T08:22:14","slug":"cheap-flights-from-dodoma-to-zanzibar","status":"publish","type":"page","link":"https:\/\/tiketi.com\/fr-fr\/cheap-flights-from-dodoma-to-zanzibar\/","title":{"rendered":"Vols \u00e0 bas prix de Dodoma \u00e0 Zanzibar"},"content":{"rendered":"<h2>Vous recherchez un billet d&#039;avion pas cher de Dodoma \u00e0 Zanzibar ou des offres de derni\u00e8re minute ?<\/h2>\n<h3>Recherchez, comparez et r\u00e9servez en ligne maintenant des billets d&#039;avion pas chers entre Dodoma (DOD) et Zanzibar (ZNZ).<\/h3>\n<p>R\u00e9servez des vols pas chers de Dodoma \u00e0 Zanzibar en ligne avec Tiketi.com pour les meilleures offres. Zanzibar est peut-\u00eatre un lieu touristique africain assez nouveau, mais en mati\u00e8re d&#039;h\u00e9bergement, il a certainement beaucoup \u00e0 se vanter des lodges, des h\u00f4tels qui offrent un service standard peuvent \u00eatre trouv\u00e9s ici, du voyageur solitaire \u00e0 une famille de visiteurs, Zanzibar est s\u00fbr d&#039;avoir le meilleur lieu pour vous. Visitez Zanzibar gr\u00e2ce \u00e0 des offres exceptionnelles sur les billets d&#039;avion de Dodoma \u00e0 Zanzibar et volez de Dodoma \u00e0 Zanzibar \u00e0 bas prix. Voici quelques id\u00e9es sur la fa\u00e7on de r\u00e9server des vols abordables de Dodoma \u00e0 Zanzibar<\/p>\n<h2>FAQ sur les vols pas chers de Dodoma \u00e0 Zanzibar<\/h2>\n<h3>Combien de temps dure un vol Dodoma-Zanzibar ?<\/h3>\n<p>La dur\u00e9e moyenne d&#039;un vol entre Zanzibar et Dodoma est de 2 h 50 min.<\/p>\n<h3>Quel est le moyen abordable pour se rendre de Dodoma \u00e0 Zanzibar ?<\/h3>\n<p>Le moyen abordable de se rendre de Dodoma \u00e0 Zanzibar est en avion, dure 2h 50m et co\u00fbte $70 \u2013 $170.<\/p>\n<h3>Quelles compagnies volent de l&#039;a\u00e9roport de Dodoma \u00e0 l&#039;a\u00e9roport de Zanzibar ?<\/h3>\n<p>Air Tanzania et Precision Air proposent des vols de l&#039;a\u00e9roport de Dodoma \u00e0 l&#039;a\u00e9roport de Zanzibar.<\/p>\n<h3>Quel est le moyen le plus rapide pour se rendre de Dodoma \u00e0 Zanzibar ?<\/h3>\n<p>Le moyen le plus rapide pour se rendre de Dodoma \u00e0 Zanzibar est de prendre un avion ce qui co\u00fbte $70 \u2013 $170 et prend 2h 40m.<\/p>\n<h3>Quel est le meilleur jour pour r\u00e9server un billet d&#039;avion pas cher de Dodoma vers Zanzibar ?<\/h3>\n<p>Un billet d&#039;avion de Dodoma \u00e0 Zanzibar du lundi au jeudi sera plus g\u00e9n\u00e9ralement abordable que du vendredi au dimanche. Les prix des vols de nuit et des vols de liaison sont \u00e9galement g\u00e9n\u00e9ralement plus bas.<\/p>\n<h3>Quel est le meilleur mois pour un billet d&#039;avion de Dodoma \u00e0 Zanzibar ?<\/h3>\n<p>Les prix d\u00e9pendent de la date de d\u00e9part, car il y a des hautes et des basses saisons. La p\u00e9riode des mois chauds et les dates du Nouvel An sont les hautes saisons.<\/p>\n<h2>Conseils sur les vols Dodoma - Zanzibar<\/h2>\n<p>L&#039;une des meilleures attractions de Zanzibar serait les rives c\u00f4ti\u00e8res. Cette partie est simplement remarquable pour ses eaux claires et ses plages charmantes, principalement si vous arrivez \u00e0 Zanzibar par ferry o\u00f9 le tourisme c\u00f4tier pr\u00e9sente une vie marine abondante tandis que dans des endroits \u00e9loign\u00e9s comme Mangapwani, l&#039;atmosph\u00e8re est plus paisible et tranquille.<\/p>","protected":false},"excerpt":{"rendered":"<p>Looking for cheap airline ticket from Dodoma to Zanzibar\u00a0or last minute deals? Search, compare and book cheap airline ticket from Dodoma (DOD) to Zanzibar (ZNZ) online now. Book cheap flights from Dodoma to Zanzibar online with Tiketi.com for the best deals. Zanzibar may be pretty new African visitor place, but when it comes to lodging [&hellip;]<\/p>\n","protected":false},"author":1,"featured_media":17852,"parent":0,"menu_order":0,"comment_status":"open","ping_status":"closed","template":"template-home-modern.php","meta":{"footnotes":""},"class_list":["post-10697","page","type-page","status-publish","has-post-thumbnail","hentry"],"yoast_head":"<!-- This site is optimized with the Yoast SEO plugin v27.3 - https:\/\/yoast.com\/product\/yoast-seo-wordpress\/ -->\n<title>Cheap Flights from Dodoma to Zanzibar<\/title>\n<meta name=\"description\" content=\"Looking for cheap flights from\u00a0Dodoma to Zanzibar? Search, compare and book cheap airline ticket from Dodoma to Zanzibar online\" \/>\n<meta name=\"robots\" content=\"index, follow, max-snippet:-1, max-image-preview:large, max-video-preview:-1\" \/>\n<link rel=\"canonical\" href=\"https:\/\/tiketi.com\/fr-fr\/cheap-flights-from-dodoma-to-zanzibar\/\" \/>\n<meta property=\"og:locale\" content=\"fr_FR\" \/>\n<meta property=\"og:type\" content=\"article\" \/>\n<meta property=\"og:title\" content=\"Cheap Flights from Dodoma to Zanzibar\" \/>\n<meta property=\"og:description\" content=\"Looking for cheap flights from\u00a0Dodoma to Zanzibar? Search, compare and book cheap airline ticket from Dodoma to Zanzibar online\" \/>\n<meta property=\"og:url\" content=\"https:\/\/tiketi.com\/fr-fr\/cheap-flights-from-dodoma-to-zanzibar\/\" \/>\n<meta property=\"og:site_name\" content=\"Tiketi.com\" \/>\n<meta property=\"article:publisher\" content=\"https:\/\/www.facebook.com\/TiketiCom\/\" \/>\n<meta property=\"article:modified_time\" content=\"2022-04-05T08:22:14+00:00\" \/>\n<meta property=\"og:image\" content=\"https:\/\/tiketi.com\/wp-content\/uploads\/2019\/05\/zanzibar-humphrey-muleba-e6dRLBx6Kg8.jpg\" \/>\n\t<meta property=\"og:image:width\" content=\"1200\" \/>\n\t<meta property=\"og:image:height\" content=\"204\" \/>\n\t<meta property=\"og:image:type\" content=\"image\/jpeg\" \/>\n<meta name=\"twitter:card\" content=\"summary_large_image\" \/>\n<meta name=\"twitter:label1\" content=\"Dur\u00e9e de lecture estim\u00e9e\" \/>\n\t<meta name=\"twitter:data1\" content=\"2 minutes\" \/>\n<script type=\"application\/ld+json\" class=\"yoast-schema-graph\">{\"@context\":\"https:\\\/\\\/schema.org\",\"@graph\":[{\"@type\":\"WebPage\",\"@id\":\"https:\\\/\\\/tiketi.com\\\/sw\\\/cheap-flights-from-dodoma-to-zanzibar\\\/\",\"url\":\"https:\\\/\\\/tiketi.com\\\/sw\\\/cheap-flights-from-dodoma-to-zanzibar\\\/\",\"name\":\"Cheap Flights from Dodoma to Zanzibar\",\"isPartOf\":{\"@id\":\"https:\\\/\\\/tiketi.com\\\/#website\"},\"primaryImageOfPage\":{\"@id\":\"https:\\\/\\\/tiketi.com\\\/sw\\\/cheap-flights-from-dodoma-to-zanzibar\\\/#primaryimage\"},\"image\":{\"@id\":\"https:\\\/\\\/tiketi.com\\\/sw\\\/cheap-flights-from-dodoma-to-zanzibar\\\/#primaryimage\"},\"thumbnailUrl\":\"https:\\\/\\\/tiketi.com\\\/wp-content\\\/uploads\\\/2019\\\/05\\\/zanzibar-humphrey-muleba-e6dRLBx6Kg8.jpg\",\"datePublished\":\"2022-01-19T11:53:42+00:00\",\"dateModified\":\"2022-04-05T08:22:14+00:00\",\"description\":\"Looking for cheap flights from\u00a0Dodoma to Zanzibar? Search, compare and book cheap airline ticket from Dodoma to Zanzibar online\",\"breadcrumb\":{\"@id\":\"https:\\\/\\\/tiketi.com\\\/sw\\\/cheap-flights-from-dodoma-to-zanzibar\\\/#breadcrumb\"},\"inLanguage\":\"fr-FR\",\"potentialAction\":[{\"@type\":\"ReadAction\",\"target\":[\"https:\\\/\\\/tiketi.com\\\/sw\\\/cheap-flights-from-dodoma-to-zanzibar\\\/\"]}]},{\"@type\":\"ImageObject\",\"inLanguage\":\"fr-FR\",\"@id\":\"https:\\\/\\\/tiketi.com\\\/sw\\\/cheap-flights-from-dodoma-to-zanzibar\\\/#primaryimage\",\"url\":\"https:\\\/\\\/tiketi.com\\\/wp-content\\\/uploads\\\/2019\\\/05\\\/zanzibar-humphrey-muleba-e6dRLBx6Kg8.jpg\",\"contentUrl\":\"https:\\\/\\\/tiketi.com\\\/wp-content\\\/uploads\\\/2019\\\/05\\\/zanzibar-humphrey-muleba-e6dRLBx6Kg8.jpg\",\"width\":1200,\"height\":204,\"caption\":\"Cheap Flights to Zanzibar\"},{\"@type\":\"BreadcrumbList\",\"@id\":\"https:\\\/\\\/tiketi.com\\\/sw\\\/cheap-flights-from-dodoma-to-zanzibar\\\/#breadcrumb\",\"itemListElement\":[{\"@type\":\"ListItem\",\"position\":1,\"name\":\"Home\",\"item\":\"https:\\\/\\\/tiketi.com\\\/\"},{\"@type\":\"ListItem\",\"position\":2,\"name\":\"Cheap Flights from Dodoma to Zanzibar\"}]},{\"@type\":\"WebSite\",\"@id\":\"https:\\\/\\\/tiketi.com\\\/#website\",\"url\":\"https:\\\/\\\/tiketi.com\\\/\",\"name\":\"Flight & Bus Tickets, Tour Packages & Activitites - Tiketi.com\",\"description\":\"Flight &amp; Bus Tickets, Tours, Activitites\",\"publisher\":{\"@id\":\"https:\\\/\\\/tiketi.com\\\/#organization\"},\"potentialAction\":[{\"@type\":\"SearchAction\",\"target\":{\"@type\":\"EntryPoint\",\"urlTemplate\":\"https:\\\/\\\/tiketi.com\\\/?s={search_term_string}\"},\"query-input\":{\"@type\":\"PropertyValueSpecification\",\"valueRequired\":true,\"valueName\":\"search_term_string\"}}],\"inLanguage\":\"fr-FR\"},{\"@type\":\"Organization\",\"@id\":\"https:\\\/\\\/tiketi.com\\\/#organization\",\"name\":\"Tiketi.com\",\"alternateName\":\"Tiketi\",\"url\":\"https:\\\/\\\/tiketi.com\\\/\",\"logo\":{\"@type\":\"ImageObject\",\"inLanguage\":\"fr-FR\",\"@id\":\"https:\\\/\\\/tiketi.com\\\/#\\\/schema\\\/logo\\\/image\\\/\",\"url\":\"https:\\\/\\\/tiketi.com\\\/wp-content\\\/uploads\\\/2019\\\/05\\\/tiketi-logo-696.png\",\"contentUrl\":\"https:\\\/\\\/tiketi.com\\\/wp-content\\\/uploads\\\/2019\\\/05\\\/tiketi-logo-696.png\",\"width\":696,\"height\":696,\"caption\":\"Tiketi.com\"},\"image\":{\"@id\":\"https:\\\/\\\/tiketi.com\\\/#\\\/schema\\\/logo\\\/image\\\/\"},\"sameAs\":[\"https:\\\/\\\/www.facebook.com\\\/TiketiCom\\\/\"]}]}<\/script>\n<!-- \/ Yoast SEO plugin. -->","yoast_head_json":{"title":"Vols \u00e0 bas prix de Dodoma \u00e0 Zanzibar","description":"Vous recherchez des vols \u00e0 bas prix de Dodoma vers Zanzibar ? Recherchez, comparez et r\u00e9servez en ligne un billet d&#039;avion pas cher de Dodoma \u00e0 Zanzibar","robots":{"index":"index","follow":"follow","max-snippet":"max-snippet:-1","max-image-preview":"max-image-preview:large","max-video-preview":"max-video-preview:-1"},"canonical":"https:\/\/tiketi.com\/fr-fr\/cheap-flights-from-dodoma-to-zanzibar\/","og_locale":"fr_FR","og_type":"article","og_title":"Cheap Flights from Dodoma to Zanzibar","og_description":"Looking for cheap flights from\u00a0Dodoma to Zanzibar? Search, compare and book cheap airline ticket from Dodoma to Zanzibar online","og_url":"https:\/\/tiketi.com\/fr-fr\/cheap-flights-from-dodoma-to-zanzibar\/","og_site_name":"Tiketi.com","article_publisher":"https:\/\/www.facebook.com\/TiketiCom\/","article_modified_time":"2022-04-05T08:22:14+00:00","og_image":[{"width":1200,"height":204,"url":"https:\/\/tiketi.com\/wp-content\/uploads\/2019\/05\/zanzibar-humphrey-muleba-e6dRLBx6Kg8.jpg","type":"image\/jpeg"}],"twitter_card":"summary_large_image","twitter_misc":{"Dur\u00e9e de lecture estim\u00e9e":"2 minutes"},"schema":{"@context":"https:\/\/schema.org","@graph":[{"@type":"WebPage","@id":"https:\/\/tiketi.com\/sw\/cheap-flights-from-dodoma-to-zanzibar\/","url":"https:\/\/tiketi.com\/sw\/cheap-flights-from-dodoma-to-zanzibar\/","name":"Vols \u00e0 bas prix de Dodoma \u00e0 Zanzibar","isPartOf":{"@id":"https:\/\/tiketi.com\/#website"},"primaryImageOfPage":{"@id":"https:\/\/tiketi.com\/sw\/cheap-flights-from-dodoma-to-zanzibar\/#primaryimage"},"image":{"@id":"https:\/\/tiketi.com\/sw\/cheap-flights-from-dodoma-to-zanzibar\/#primaryimage"},"thumbnailUrl":"https:\/\/tiketi.com\/wp-content\/uploads\/2019\/05\/zanzibar-humphrey-muleba-e6dRLBx6Kg8.jpg","datePublished":"2022-01-19T11:53:42+00:00","dateModified":"2022-04-05T08:22:14+00:00","description":"Vous recherchez des vols \u00e0 bas prix de Dodoma vers Zanzibar ? Recherchez, comparez et r\u00e9servez en ligne un billet d&#039;avion pas cher de Dodoma \u00e0 Zanzibar","breadcrumb":{"@id":"https:\/\/tiketi.com\/sw\/cheap-flights-from-dodoma-to-zanzibar\/#breadcrumb"},"inLanguage":"fr-FR","potentialAction":[{"@type":"ReadAction","target":["https:\/\/tiketi.com\/sw\/cheap-flights-from-dodoma-to-zanzibar\/"]}]},{"@type":"ImageObject","inLanguage":"fr-FR","@id":"https:\/\/tiketi.com\/sw\/cheap-flights-from-dodoma-to-zanzibar\/#primaryimage","url":"https:\/\/tiketi.com\/wp-content\/uploads\/2019\/05\/zanzibar-humphrey-muleba-e6dRLBx6Kg8.jpg","contentUrl":"https:\/\/tiketi.com\/wp-content\/uploads\/2019\/05\/zanzibar-humphrey-muleba-e6dRLBx6Kg8.jpg","width":1200,"height":204,"caption":"Cheap Flights to Zanzibar"},{"@type":"BreadcrumbList","@id":"https:\/\/tiketi.com\/sw\/cheap-flights-from-dodoma-to-zanzibar\/#breadcrumb","itemListElement":[{"@type":"ListItem","position":1,"name":"Home","item":"https:\/\/tiketi.com\/"},{"@type":"ListItem","position":2,"name":"Cheap Flights from Dodoma to Zanzibar"}]},{"@type":"WebSite","@id":"https:\/\/tiketi.com\/#website","url":"https:\/\/tiketi.com\/","name":"Billets d&#039;avion et de bus, forfaits touristiques et activit\u00e9s - Tiketi.com","description":"Billets d&#039;avion et de bus, Tours, Activit\u00e9s","publisher":{"@id":"https:\/\/tiketi.com\/#organization"},"potentialAction":[{"@type":"SearchAction","target":{"@type":"EntryPoint","urlTemplate":"https:\/\/tiketi.com\/?s={search_term_string}"},"query-input":{"@type":"PropertyValueSpecification","valueRequired":true,"valueName":"search_term_string"}}],"inLanguage":"fr-FR"},{"@type":"Organization","@id":"https:\/\/tiketi.com\/#organization","name":"Tiketi.com","alternateName":"Tiketi","url":"https:\/\/tiketi.com\/","logo":{"@type":"ImageObject","inLanguage":"fr-FR","@id":"https:\/\/tiketi.com\/#\/schema\/logo\/image\/","url":"https:\/\/tiketi.com\/wp-content\/uploads\/2019\/05\/tiketi-logo-696.png","contentUrl":"https:\/\/tiketi.com\/wp-content\/uploads\/2019\/05\/tiketi-logo-696.png","width":696,"height":696,"caption":"Tiketi.com"},"image":{"@id":"https:\/\/tiketi.com\/#\/schema\/logo\/image\/"},"sameAs":["https:\/\/www.facebook.com\/TiketiCom\/"]}]}},"_links":{"self":[{"href":"https:\/\/tiketi.com\/fr-fr\/wp-json\/wp\/v2\/pages\/10697","targetHints":{"allow":["GET"]}}],"collection":[{"href":"https:\/\/tiketi.com\/fr-fr\/wp-json\/wp\/v2\/pages"}],"about":[{"href":"https:\/\/tiketi.com\/fr-fr\/wp-json\/wp\/v2\/types\/page"}],"author":[{"embeddable":true,"href":"https:\/\/tiketi.com\/fr-fr\/wp-json\/wp\/v2\/users\/1"}],"replies":[{"embeddable":true,"href":"https:\/\/tiketi.com\/fr-fr\/wp-json\/wp\/v2\/comments?post=10697"}],"version-history":[{"count":0,"href":"https:\/\/tiketi.com\/fr-fr\/wp-json\/wp\/v2\/pages\/10697\/revisions"}],"wp:featuredmedia":[{"embeddable":true,"href":"https:\/\/tiketi.com\/fr-fr\/wp-json\/wp\/v2\/media\/17852"}],"wp:attachment":[{"href":"https:\/\/tiketi.com\/fr-fr\/wp-json\/wp\/v2\/media?parent=10697"}],"curies":[{"name":"wp","href":"https:\/\/api.w.org\/{rel}","templated":true}]}}