{"id":10698,"date":"2022-01-19T12:53:42","date_gmt":"2022-01-19T11:53:42","guid":{"rendered":"https:\/\/new.tiketi.com\/cheap-flights-from-dodoma-to-arusha\/"},"modified":"2022-09-17T17:25:11","modified_gmt":"2022-09-17T16:25:11","slug":"dodoma-to-arusha-dod-ark","status":"publish","type":"page","link":"https:\/\/tiketi.com\/fr-fr\/cheap-flights\/dodoma-to-arusha-dod-ark\/","title":{"rendered":"Vols \u00e0 bas prix de Dodoma \u00e0 Arusha"},"content":{"rendered":"<h2>Vous recherchez un billet d&#039;avion pas cher de Dodoma \u00e0 Arusha ou des offres de derni\u00e8re minute ?<\/h2>\n<h3>Recherchez, comparez et r\u00e9servez en ligne maintenant un billet d&#039;avion pas cher de Dodoma (DOD) \u00e0 Arusha (ARK).<\/h3>\n<p>R\u00e9servez des vols pas chers de Dodoma \u00e0 Arusha en ligne avec Tiketi.com pour les meilleures offres. Avec pr\u00e8s d&#039;un demi-million d&#039;habitants, Arusha est l&#039;une des plus grandes villes du nord de la Tanzanie. Lieu de visite dynamique et centre d&#039;affaires r\u00e9gional, cette ville poss\u00e8de une nouvelle infrastructure assez parfaite si elle est associ\u00e9e \u00e0 d&#039;autres endroits en Tanzanie. Visitez Arusha gr\u00e2ce \u00e0 des offres exceptionnelles sur les billets d&#039;avion de Dodoma \u00e0 Arusha et volez de Dodoma \u00e0 Arusha \u00e0 bas prix. Voici quelques id\u00e9es sur la fa\u00e7on de r\u00e9server des vols de Dodoma \u00e0 Arusha :<\/p>\n<h2>FAQ sur les vols \u00e0 bas prix de Dodoma \u00e0 Arusha<\/h2>\n<h3>Quelle est la distance entre Dodoma a Arusha?<\/h3>\n<p>La distance de vol moyenne entre Dodoma et Arusha est d&#039;environ 400 kilom\u00e8tres et vous prendra environ trois heures et vingt minutes d&#039;un a\u00e9roport \u00e0 l&#039;autre.<\/p>\n<h3>Combien de temps faut-il pour se rendre de Dodoma \u00e0 Arusha ?<\/h3>\n<p>Un vol direct aller simple entre Dodoma et Arusha prend 3 heures et 20 minutes. Ceux qui souhaitent voyager sur cet itin\u00e9raire devront passer par l&#039;a\u00e9roport central de Dar es Salaam et obtenir un vol de liaison. Ce voyage peut prendre environ neuf heures. Des vols de correspondance sont assur\u00e9s sur cet itin\u00e9raire par Auric air.<\/p>\n<h3>Quel est le meilleur moment pour r\u00e9server un billet d&#039;avion de Dodoma \u00e0 Arusha ?<\/h3>\n<p>Le mois d&#039;ao\u00fbt est le meilleur mois pour r\u00e9server un billet d&#039;avion pas cher de Dodoma \u00e0 Arusha.<\/p>\n<h3>Combien d&#039;a\u00e9roports y a-t-il pr\u00e8s d&#039;Arusha ?<\/h3>\n<p>Il y a un grand nombre d&#039;a\u00e9roports dans et autour de la ville d&#039;Arusha. Le principal est Arusha et d&#039;autres a\u00e9roports \u00e0 proximit\u00e9 contiennent l&#039;international du Kilimandjaro, l&#039;international de Jomo Kenyatta, le lac Manyara et Amboseli.<\/p>\n<h2>Conseils sur les vols Dodoma - Arusha<\/h2>\n<p>La plupart des sites touristiques comme les h\u00f4tels de luxe, les march\u00e9s et les restaurants sont situ\u00e9s dans les parties orientale et centrale de la ville. Les zones ouest et sud sont principalement industrielles et r\u00e9sidentielles, bien que des auberges et des maisons d&#039;h\u00f4tes \u00e0 petit budget soient dispers\u00e9es dans toute la ville.<\/p>\n<p>Certains endroits qui valent la peine d&#039;\u00eatre visit\u00e9s \u00e0 Arusha contiennent la boutique d&#039;exp\u00e9rience Tanzanite, o\u00f9 vous pouvez acheter les merveilleuses pierres pr\u00e9cieuses \u00e0 un prix abordable, et le centre du patrimoine culturel, la plus grande boutique d&#039;artisanat local et un lieu d&#039;exposition.<\/p>","protected":false},"excerpt":{"rendered":"<p>Looking for cheap airline ticket from Dodoma to Arusha\u00a0or last minute deals? Search, compare and book cheap airline ticket from Dodoma (DOD) to Arusha (ARK) online now. Book cheap flights from Dodoma to Arusha online with Tiketi.com for the best deals. With almost half a million of population, Arusha is one of the biggest cities [&hellip;]<\/p>\n","protected":false},"author":1,"featured_media":14041,"parent":23264,"menu_order":0,"comment_status":"open","ping_status":"closed","template":"template-home-modern.php","meta":{"footnotes":""},"class_list":["post-10698","page","type-page","status-publish","has-post-thumbnail","hentry"],"yoast_head":"<!-- This site is optimized with the Yoast SEO plugin v27.3 - https:\/\/yoast.com\/product\/yoast-seo-wordpress\/ -->\n<title>Cheap Flights from Dodoma to Arusha<\/title>\n<meta name=\"description\" content=\"Looking for cheap flights from\u00a0Dodoma to Arusha? Search, compare and book cheap airline ticket from Dodoma to Arusha online\" \/>\n<meta name=\"robots\" content=\"index, follow, max-snippet:-1, max-image-preview:large, max-video-preview:-1\" \/>\n<link rel=\"canonical\" href=\"https:\/\/tiketi.com\/fr-fr\/cheap-flights\/dodoma-to-arusha-dod-ark\/\" \/>\n<meta property=\"og:locale\" content=\"fr_FR\" \/>\n<meta property=\"og:type\" content=\"article\" \/>\n<meta property=\"og:title\" content=\"Cheap Flights from Dodoma to Arusha\" \/>\n<meta property=\"og:description\" content=\"Looking for cheap flights from\u00a0Dodoma to Arusha? Search, compare and book cheap airline ticket from Dodoma to Arusha online\" \/>\n<meta property=\"og:url\" content=\"https:\/\/tiketi.com\/fr-fr\/cheap-flights\/dodoma-to-arusha-dod-ark\/\" \/>\n<meta property=\"og:site_name\" content=\"Tiketi.com\" \/>\n<meta property=\"article:publisher\" content=\"https:\/\/www.facebook.com\/TiketiCom\/\" \/>\n<meta property=\"article:modified_time\" content=\"2022-09-17T16:25:11+00:00\" \/>\n<meta property=\"og:image\" content=\"https:\/\/tiketi.com\/wp-content\/uploads\/2022\/01\/flight-ticket-booking-sorasak-KxCJXXGsv9I-unsplas.jpg\" \/>\n\t<meta property=\"og:image:width\" content=\"1200\" \/>\n\t<meta property=\"og:image:height\" content=\"240\" \/>\n\t<meta property=\"og:image:type\" content=\"image\/jpeg\" \/>\n<meta name=\"twitter:card\" content=\"summary_large_image\" \/>\n<meta name=\"twitter:label1\" content=\"Dur\u00e9e de lecture estim\u00e9e\" \/>\n\t<meta name=\"twitter:data1\" content=\"2 minutes\" \/>\n<script type=\"application\/ld+json\" class=\"yoast-schema-graph\">{\"@context\":\"https:\\\/\\\/schema.org\",\"@graph\":[{\"@type\":\"WebPage\",\"@id\":\"https:\\\/\\\/tiketi.com\\\/fr-fr\\\/cheap-flights\\\/dodoma-to-arusha-dod-ark\\\/\",\"url\":\"https:\\\/\\\/tiketi.com\\\/fr-fr\\\/cheap-flights\\\/dodoma-to-arusha-dod-ark\\\/\",\"name\":\"Cheap Flights from Dodoma to Arusha\",\"isPartOf\":{\"@id\":\"https:\\\/\\\/tiketi.com\\\/#website\"},\"primaryImageOfPage\":{\"@id\":\"https:\\\/\\\/tiketi.com\\\/fr-fr\\\/cheap-flights\\\/dodoma-to-arusha-dod-ark\\\/#primaryimage\"},\"image\":{\"@id\":\"https:\\\/\\\/tiketi.com\\\/fr-fr\\\/cheap-flights\\\/dodoma-to-arusha-dod-ark\\\/#primaryimage\"},\"thumbnailUrl\":\"https:\\\/\\\/tiketi.com\\\/wp-content\\\/uploads\\\/2022\\\/01\\\/flight-ticket-booking-sorasak-KxCJXXGsv9I-unsplas.jpg\",\"datePublished\":\"2022-01-19T11:53:42+00:00\",\"dateModified\":\"2022-09-17T16:25:11+00:00\",\"description\":\"Looking for cheap flights from\u00a0Dodoma to Arusha? Search, compare and book cheap airline ticket from Dodoma to Arusha online\",\"breadcrumb\":{\"@id\":\"https:\\\/\\\/tiketi.com\\\/fr-fr\\\/cheap-flights\\\/dodoma-to-arusha-dod-ark\\\/#breadcrumb\"},\"inLanguage\":\"fr-FR\",\"potentialAction\":[{\"@type\":\"ReadAction\",\"target\":[\"https:\\\/\\\/tiketi.com\\\/fr-fr\\\/cheap-flights\\\/dodoma-to-arusha-dod-ark\\\/\"]}]},{\"@type\":\"ImageObject\",\"inLanguage\":\"fr-FR\",\"@id\":\"https:\\\/\\\/tiketi.com\\\/fr-fr\\\/cheap-flights\\\/dodoma-to-arusha-dod-ark\\\/#primaryimage\",\"url\":\"https:\\\/\\\/tiketi.com\\\/wp-content\\\/uploads\\\/2022\\\/01\\\/flight-ticket-booking-sorasak-KxCJXXGsv9I-unsplas.jpg\",\"contentUrl\":\"https:\\\/\\\/tiketi.com\\\/wp-content\\\/uploads\\\/2022\\\/01\\\/flight-ticket-booking-sorasak-KxCJXXGsv9I-unsplas.jpg\",\"width\":1200,\"height\":240,\"caption\":\"Online flight ticket booking\"},{\"@type\":\"BreadcrumbList\",\"@id\":\"https:\\\/\\\/tiketi.com\\\/fr-fr\\\/cheap-flights\\\/dodoma-to-arusha-dod-ark\\\/#breadcrumb\",\"itemListElement\":[{\"@type\":\"ListItem\",\"position\":1,\"name\":\"Home\",\"item\":\"https:\\\/\\\/tiketi.com\\\/\"},{\"@type\":\"ListItem\",\"position\":2,\"name\":\"Cheap Flights\",\"item\":\"https:\\\/\\\/tiketi.com\\\/cheap-flights\\\/\"},{\"@type\":\"ListItem\",\"position\":3,\"name\":\"Cheap Flights from Dodoma to Arusha\"}]},{\"@type\":\"WebSite\",\"@id\":\"https:\\\/\\\/tiketi.com\\\/#website\",\"url\":\"https:\\\/\\\/tiketi.com\\\/\",\"name\":\"Flight & Bus Tickets, Tour Packages & Activitites - Tiketi.com\",\"description\":\"Flight &amp; Bus Tickets, Tours, Activitites\",\"publisher\":{\"@id\":\"https:\\\/\\\/tiketi.com\\\/#organization\"},\"potentialAction\":[{\"@type\":\"SearchAction\",\"target\":{\"@type\":\"EntryPoint\",\"urlTemplate\":\"https:\\\/\\\/tiketi.com\\\/?s={search_term_string}\"},\"query-input\":{\"@type\":\"PropertyValueSpecification\",\"valueRequired\":true,\"valueName\":\"search_term_string\"}}],\"inLanguage\":\"fr-FR\"},{\"@type\":\"Organization\",\"@id\":\"https:\\\/\\\/tiketi.com\\\/#organization\",\"name\":\"Tiketi.com\",\"alternateName\":\"Tiketi\",\"url\":\"https:\\\/\\\/tiketi.com\\\/\",\"logo\":{\"@type\":\"ImageObject\",\"inLanguage\":\"fr-FR\",\"@id\":\"https:\\\/\\\/tiketi.com\\\/#\\\/schema\\\/logo\\\/image\\\/\",\"url\":\"https:\\\/\\\/tiketi.com\\\/wp-content\\\/uploads\\\/2019\\\/05\\\/tiketi-logo-696.png\",\"contentUrl\":\"https:\\\/\\\/tiketi.com\\\/wp-content\\\/uploads\\\/2019\\\/05\\\/tiketi-logo-696.png\",\"width\":696,\"height\":696,\"caption\":\"Tiketi.com\"},\"image\":{\"@id\":\"https:\\\/\\\/tiketi.com\\\/#\\\/schema\\\/logo\\\/image\\\/\"},\"sameAs\":[\"https:\\\/\\\/www.facebook.com\\\/TiketiCom\\\/\"]}]}<\/script>\n<!-- \/ Yoast SEO plugin. -->","yoast_head_json":{"title":"Vols \u00e0 bas prix de Dodoma \u00e0 Arusha","description":"Vous recherchez des vols \u00e0 bas prix de Dodoma vers Arusha ? Recherchez, comparez et r\u00e9servez en ligne un billet d&#039;avion pas cher de Dodoma \u00e0 Arusha","robots":{"index":"index","follow":"follow","max-snippet":"max-snippet:-1","max-image-preview":"max-image-preview:large","max-video-preview":"max-video-preview:-1"},"canonical":"https:\/\/tiketi.com\/fr-fr\/cheap-flights\/dodoma-to-arusha-dod-ark\/","og_locale":"fr_FR","og_type":"article","og_title":"Cheap Flights from Dodoma to Arusha","og_description":"Looking for cheap flights from\u00a0Dodoma to Arusha? Search, compare and book cheap airline ticket from Dodoma to Arusha online","og_url":"https:\/\/tiketi.com\/fr-fr\/cheap-flights\/dodoma-to-arusha-dod-ark\/","og_site_name":"Tiketi.com","article_publisher":"https:\/\/www.facebook.com\/TiketiCom\/","article_modified_time":"2022-09-17T16:25:11+00:00","og_image":[{"width":1200,"height":240,"url":"https:\/\/tiketi.com\/wp-content\/uploads\/2022\/01\/flight-ticket-booking-sorasak-KxCJXXGsv9I-unsplas.jpg","type":"image\/jpeg"}],"twitter_card":"summary_large_image","twitter_misc":{"Dur\u00e9e de lecture estim\u00e9e":"2 minutes"},"schema":{"@context":"https:\/\/schema.org","@graph":[{"@type":"WebPage","@id":"https:\/\/tiketi.com\/fr-fr\/cheap-flights\/dodoma-to-arusha-dod-ark\/","url":"https:\/\/tiketi.com\/fr-fr\/cheap-flights\/dodoma-to-arusha-dod-ark\/","name":"Vols \u00e0 bas prix de Dodoma \u00e0 Arusha","isPartOf":{"@id":"https:\/\/tiketi.com\/#website"},"primaryImageOfPage":{"@id":"https:\/\/tiketi.com\/fr-fr\/cheap-flights\/dodoma-to-arusha-dod-ark\/#primaryimage"},"image":{"@id":"https:\/\/tiketi.com\/fr-fr\/cheap-flights\/dodoma-to-arusha-dod-ark\/#primaryimage"},"thumbnailUrl":"https:\/\/tiketi.com\/wp-content\/uploads\/2022\/01\/flight-ticket-booking-sorasak-KxCJXXGsv9I-unsplas.jpg","datePublished":"2022-01-19T11:53:42+00:00","dateModified":"2022-09-17T16:25:11+00:00","description":"Vous recherchez des vols \u00e0 bas prix de Dodoma vers Arusha ? Recherchez, comparez et r\u00e9servez en ligne un billet d&#039;avion pas cher de Dodoma \u00e0 Arusha","breadcrumb":{"@id":"https:\/\/tiketi.com\/fr-fr\/cheap-flights\/dodoma-to-arusha-dod-ark\/#breadcrumb"},"inLanguage":"fr-FR","potentialAction":[{"@type":"ReadAction","target":["https:\/\/tiketi.com\/fr-fr\/cheap-flights\/dodoma-to-arusha-dod-ark\/"]}]},{"@type":"ImageObject","inLanguage":"fr-FR","@id":"https:\/\/tiketi.com\/fr-fr\/cheap-flights\/dodoma-to-arusha-dod-ark\/#primaryimage","url":"https:\/\/tiketi.com\/wp-content\/uploads\/2022\/01\/flight-ticket-booking-sorasak-KxCJXXGsv9I-unsplas.jpg","contentUrl":"https:\/\/tiketi.com\/wp-content\/uploads\/2022\/01\/flight-ticket-booking-sorasak-KxCJXXGsv9I-unsplas.jpg","width":1200,"height":240,"caption":"Online flight ticket booking"},{"@type":"BreadcrumbList","@id":"https:\/\/tiketi.com\/fr-fr\/cheap-flights\/dodoma-to-arusha-dod-ark\/#breadcrumb","itemListElement":[{"@type":"ListItem","position":1,"name":"Home","item":"https:\/\/tiketi.com\/"},{"@type":"ListItem","position":2,"name":"Cheap Flights","item":"https:\/\/tiketi.com\/cheap-flights\/"},{"@type":"ListItem","position":3,"name":"Cheap Flights from Dodoma to Arusha"}]},{"@type":"WebSite","@id":"https:\/\/tiketi.com\/#website","url":"https:\/\/tiketi.com\/","name":"Billets d&#039;avion et de bus, forfaits touristiques et activit\u00e9s - Tiketi.com","description":"Billets d&#039;avion et de bus, Tours, Activit\u00e9s","publisher":{"@id":"https:\/\/tiketi.com\/#organization"},"potentialAction":[{"@type":"SearchAction","target":{"@type":"EntryPoint","urlTemplate":"https:\/\/tiketi.com\/?s={search_term_string}"},"query-input":{"@type":"PropertyValueSpecification","valueRequired":true,"valueName":"search_term_string"}}],"inLanguage":"fr-FR"},{"@type":"Organization","@id":"https:\/\/tiketi.com\/#organization","name":"Tiketi.com","alternateName":"Tiketi","url":"https:\/\/tiketi.com\/","logo":{"@type":"ImageObject","inLanguage":"fr-FR","@id":"https:\/\/tiketi.com\/#\/schema\/logo\/image\/","url":"https:\/\/tiketi.com\/wp-content\/uploads\/2019\/05\/tiketi-logo-696.png","contentUrl":"https:\/\/tiketi.com\/wp-content\/uploads\/2019\/05\/tiketi-logo-696.png","width":696,"height":696,"caption":"Tiketi.com"},"image":{"@id":"https:\/\/tiketi.com\/#\/schema\/logo\/image\/"},"sameAs":["https:\/\/www.facebook.com\/TiketiCom\/"]}]}},"_links":{"self":[{"href":"https:\/\/tiketi.com\/fr-fr\/wp-json\/wp\/v2\/pages\/10698","targetHints":{"allow":["GET"]}}],"collection":[{"href":"https:\/\/tiketi.com\/fr-fr\/wp-json\/wp\/v2\/pages"}],"about":[{"href":"https:\/\/tiketi.com\/fr-fr\/wp-json\/wp\/v2\/types\/page"}],"author":[{"embeddable":true,"href":"https:\/\/tiketi.com\/fr-fr\/wp-json\/wp\/v2\/users\/1"}],"replies":[{"embeddable":true,"href":"https:\/\/tiketi.com\/fr-fr\/wp-json\/wp\/v2\/comments?post=10698"}],"version-history":[{"count":0,"href":"https:\/\/tiketi.com\/fr-fr\/wp-json\/wp\/v2\/pages\/10698\/revisions"}],"up":[{"embeddable":true,"href":"https:\/\/tiketi.com\/fr-fr\/wp-json\/wp\/v2\/pages\/23264"}],"wp:featuredmedia":[{"embeddable":true,"href":"https:\/\/tiketi.com\/fr-fr\/wp-json\/wp\/v2\/media\/14041"}],"wp:attachment":[{"href":"https:\/\/tiketi.com\/fr-fr\/wp-json\/wp\/v2\/media?parent=10698"}],"curies":[{"name":"wp","href":"https:\/\/api.w.org\/{rel}","templated":true}]}}