{"id":10700,"date":"2022-01-19T12:53:42","date_gmt":"2022-01-19T11:53:42","guid":{"rendered":"https:\/\/new.tiketi.com\/cheap-flights-from-dar-es-salaam-to-china\/"},"modified":"2022-09-14T15:49:51","modified_gmt":"2022-09-14T14:49:51","slug":"dar-es-salaam-to-china","status":"publish","type":"page","link":"https:\/\/tiketi.com\/fr-fr\/cheap-flights\/dar-es-salaam-to-china\/","title":{"rendered":"Vols \u00e0 bas prix de Dar es Salam \u00e0 Chine"},"content":{"rendered":"<h2>Vous recherchez un billet d&#039;avion pas cher de Dar es Salam vers Chine ou des offres de derni\u00e8re minute ?<\/h2>\n<h3>Recherchez, comparez et r\u00e9servez en ligne maintenant un billet d&#039;avion pas cher de Dar es Salaam \u00e0 Chine.<\/h3>\n<p>R\u00e9servez en ligne des vols \u00e0 bas prix de Dar es Salam pour Chine et \u00e9conomisez du temps et de l&#039;argent. Pays le plus peupl\u00e9 de la plan\u00e8te, la Chine poss\u00e8de un patrimoine et une histoire riches. La Chine est l&#039;un des lieux touristiques les plus c\u00e9l\u00e8bres parmi les visiteurs internationaux. Le pays a d\u00e9sign\u00e9 quatre-vingt-dix-neuf villes comme villes culturelles et historiques populaires de niveau national prot\u00e9geant plus de 750 reliques culturelles. L&#039;UNESCO a reconnu 19 sites comme patrimoines naturels et culturels mondiaux. La Chine pourrait vraiment \u00eatre qualifi\u00e9e de pays des festivals puisque pr\u00e8s de quarante festivals sont c\u00e9l\u00e9br\u00e9s en Chine par divers groupes. Voici quelques id\u00e9es sur la fa\u00e7on de r\u00e9server un billet d&#039;avion de Dar es Salaam \u00e0 des vols en Chine\u00a0:<\/p>\n<h2>FAQ sur les vols pas chers de Dar es Salaam \u00e0 Chine<\/h2>\n<h3>Les vols Dar es Salaam vers la Chine sont-ils le moyen abordable de se rendre de Dar es Salaam vers la Chine ?<\/h3>\n<p>Le moyen abordable de se rendre de Dar es Salam \u00e0 Chine est en avion, un billet d&#039;avion pas cher de Dar es Salam \u00e0 Chine co\u00fbte $380 \u2013 $1,500 et prend 16h 20m.<\/p>\n<h3>Quel est le moyen le plus rapide pour se rendre de Dar es Salam \u00e0 Chine ?<\/h3>\n<p>Le moyen le plus rapide pour se rendre de Dar es Salam \u00e0 Chine est en avion, un billet d&#039;avion de Dar es Salam \u00e0 Chine co\u00fbte $380 \u2013 $1,500 et prend 16h 20m.<\/p>\n<h3>Quelle est la distance entre Dar es Salam a Chine?<\/h3>\n<p>La distance entre Chine et Dar es Salam est de 8570 km.<\/p>\n<h3>Air Tanzania dessert-elle la Chine ?<\/h3>\n<p>La compagnie Air Tanzania Limited est heureuse d&#039;annoncer l&#039;introduction du vol vers\/depuis Guangzhou, Chine \u00e0 compter du 20 mars 2021, le vol fonctionnera une fois par semaine tous les samedis de Dar es Salaam \u00e0 Guangzhou, Chine et reviendra le m\u00eame jour .<\/p>\n<h2>Conseils sur les vols Dar es Salaam - Chine<\/h2>\n<p>Avec le d\u00e9veloppement des services, des transports, de la restauration, de l&#039;h\u00e9bergement et des commerces, etc., la Chine est devenue l&#039;une des grandes destinations touristiques de la plan\u00e8te. La Chine poss\u00e8de l&#039;une des civilisations les plus anciennes et les plus continues du monde, compos\u00e9e de cultures et d&#039;\u00c9tats datant de plus de 6 000 ans.<\/p>","protected":false},"excerpt":{"rendered":"<p>Looking for cheap airline ticket from Dar es Salaam to China\u00a0or last minute deals? Search, compare and book cheap airline ticket from Dar es Salaam to China online now. Book cheap flights from Dar es Salaam to China online and save time and money. The most populated country in the planet, China has a rich [&hellip;]<\/p>\n","protected":false},"author":1,"featured_media":16735,"parent":23264,"menu_order":0,"comment_status":"open","ping_status":"closed","template":"template-home-modern.php","meta":{"footnotes":""},"class_list":["post-10700","page","type-page","status-publish","has-post-thumbnail","hentry"],"yoast_head":"<!-- This site is optimized with the Yoast SEO plugin v27.2 - https:\/\/yoast.com\/product\/yoast-seo-wordpress\/ -->\n<title>Cheap Flights from Dar es Salaam to China<\/title>\n<meta name=\"description\" content=\"Looking for cheap flights from\u00a0Dar es Salaam to China? Search, compare and book cheap airline ticket from Dar es Salaam to China online\" \/>\n<meta name=\"robots\" content=\"index, follow, max-snippet:-1, max-image-preview:large, max-video-preview:-1\" \/>\n<link rel=\"canonical\" href=\"https:\/\/tiketi.com\/fr-fr\/nauli-ndege\/dar-es-salaam-kwenda-china\/\" \/>\n<meta property=\"og:locale\" content=\"fr_FR\" \/>\n<meta property=\"og:type\" content=\"article\" \/>\n<meta property=\"og:title\" content=\"Cheap Flights from Dar es Salaam to China\" \/>\n<meta property=\"og:description\" content=\"Looking for cheap flights from\u00a0Dar es Salaam to China? Search, compare and book cheap airline ticket from Dar es Salaam to China online\" \/>\n<meta property=\"og:url\" content=\"https:\/\/tiketi.com\/fr-fr\/nauli-ndege\/dar-es-salaam-kwenda-china\/\" \/>\n<meta property=\"og:site_name\" content=\"Tiketi.com\" \/>\n<meta property=\"article:publisher\" content=\"https:\/\/www.facebook.com\/TiketiCom\/\" \/>\n<meta property=\"article:modified_time\" content=\"2022-09-14T14:49:51+00:00\" \/>\n<meta property=\"og:image\" content=\"https:\/\/tiketi.com\/wp-content\/uploads\/2022\/02\/guangzhou-2278478_1280.jpg\" \/>\n\t<meta property=\"og:image:width\" content=\"1280\" \/>\n\t<meta property=\"og:image:height\" content=\"243\" \/>\n\t<meta property=\"og:image:type\" content=\"image\/jpeg\" \/>\n<meta name=\"twitter:card\" content=\"summary_large_image\" \/>\n<meta name=\"twitter:label1\" content=\"Dur\u00e9e de lecture estim\u00e9e\" \/>\n\t<meta name=\"twitter:data1\" content=\"2 minutes\" \/>\n<script type=\"application\/ld+json\" class=\"yoast-schema-graph\">{\"@context\":\"https:\/\/schema.org\",\"@graph\":[{\"@type\":\"WebPage\",\"@id\":\"https:\/\/tiketi.com\/sw\/nauli-ndege\/dar-es-salaam-kwenda-china\/\",\"url\":\"https:\/\/tiketi.com\/sw\/nauli-ndege\/dar-es-salaam-kwenda-china\/\",\"name\":\"Cheap Flights from Dar es Salaam to China\",\"isPartOf\":{\"@id\":\"https:\/\/tiketi.com\/#website\"},\"primaryImageOfPage\":{\"@id\":\"https:\/\/tiketi.com\/sw\/nauli-ndege\/dar-es-salaam-kwenda-china\/#primaryimage\"},\"image\":{\"@id\":\"https:\/\/tiketi.com\/sw\/nauli-ndege\/dar-es-salaam-kwenda-china\/#primaryimage\"},\"thumbnailUrl\":\"https:\/\/tiketi.com\/wp-content\/uploads\/2022\/02\/guangzhou-2278478_1280.jpg\",\"datePublished\":\"2022-01-19T11:53:42+00:00\",\"dateModified\":\"2022-09-14T14:49:51+00:00\",\"description\":\"Looking for cheap flights from\u00a0Dar es Salaam to China? Search, compare and book cheap airline ticket from Dar es Salaam to China online\",\"breadcrumb\":{\"@id\":\"https:\/\/tiketi.com\/sw\/nauli-ndege\/dar-es-salaam-kwenda-china\/#breadcrumb\"},\"inLanguage\":\"fr-FR\",\"potentialAction\":[{\"@type\":\"ReadAction\",\"target\":[\"https:\/\/tiketi.com\/sw\/nauli-ndege\/dar-es-salaam-kwenda-china\/\"]}]},{\"@type\":\"ImageObject\",\"inLanguage\":\"fr-FR\",\"@id\":\"https:\/\/tiketi.com\/sw\/nauli-ndege\/dar-es-salaam-kwenda-china\/#primaryimage\",\"url\":\"https:\/\/tiketi.com\/wp-content\/uploads\/2022\/02\/guangzhou-2278478_1280.jpg\",\"contentUrl\":\"https:\/\/tiketi.com\/wp-content\/uploads\/2022\/02\/guangzhou-2278478_1280.jpg\",\"width\":1280,\"height\":243,\"caption\":\"Air Taxi in Guangzhou\"},{\"@type\":\"BreadcrumbList\",\"@id\":\"https:\/\/tiketi.com\/sw\/nauli-ndege\/dar-es-salaam-kwenda-china\/#breadcrumb\",\"itemListElement\":[{\"@type\":\"ListItem\",\"position\":1,\"name\":\"Home\",\"item\":\"https:\/\/tiketi.com\/\"},{\"@type\":\"ListItem\",\"position\":2,\"name\":\"Cheap Flights\",\"item\":\"https:\/\/tiketi.com\/cheap-flights\/\"},{\"@type\":\"ListItem\",\"position\":3,\"name\":\"Cheap Flights from Dar es Salaam to China\"}]},{\"@type\":\"WebSite\",\"@id\":\"https:\/\/tiketi.com\/#website\",\"url\":\"https:\/\/tiketi.com\/\",\"name\":\"Flight & Bus Tickets, Tour Packages & Activitites - Tiketi.com\",\"description\":\"Flight &amp; Bus Tickets, Tours, Activitites\",\"publisher\":{\"@id\":\"https:\/\/tiketi.com\/#organization\"},\"potentialAction\":[{\"@type\":\"SearchAction\",\"target\":{\"@type\":\"EntryPoint\",\"urlTemplate\":\"https:\/\/tiketi.com\/?s={search_term_string}\"},\"query-input\":{\"@type\":\"PropertyValueSpecification\",\"valueRequired\":true,\"valueName\":\"search_term_string\"}}],\"inLanguage\":\"fr-FR\"},{\"@type\":\"Organization\",\"@id\":\"https:\/\/tiketi.com\/#organization\",\"name\":\"Tiketi.com\",\"alternateName\":\"Tiketi\",\"url\":\"https:\/\/tiketi.com\/\",\"logo\":{\"@type\":\"ImageObject\",\"inLanguage\":\"fr-FR\",\"@id\":\"https:\/\/tiketi.com\/#\/schema\/logo\/image\/\",\"url\":\"https:\/\/tiketi.com\/wp-content\/uploads\/2019\/05\/tiketi-logo-696.png\",\"contentUrl\":\"https:\/\/tiketi.com\/wp-content\/uploads\/2019\/05\/tiketi-logo-696.png\",\"width\":696,\"height\":696,\"caption\":\"Tiketi.com\"},\"image\":{\"@id\":\"https:\/\/tiketi.com\/#\/schema\/logo\/image\/\"},\"sameAs\":[\"https:\/\/www.facebook.com\/TiketiCom\/\"]}]}<\/script>\n<!-- \/ Yoast SEO plugin. -->","yoast_head_json":{"title":"Vols \u00e0 bas prix de Dar es Salam \u00e0 Chine","description":"Vous recherchez des vols pas chers de Dar es Salaam \u00e0 Chine ? Recherchez, comparez et r\u00e9servez en ligne un billet d&#039;avion pas cher de Dar es Salam \u00e0 Chine","robots":{"index":"index","follow":"follow","max-snippet":"max-snippet:-1","max-image-preview":"max-image-preview:large","max-video-preview":"max-video-preview:-1"},"canonical":"https:\/\/tiketi.com\/fr-fr\/nauli-ndege\/dar-es-salaam-kwenda-china\/","og_locale":"fr_FR","og_type":"article","og_title":"Cheap Flights from Dar es Salaam to China","og_description":"Looking for cheap flights from\u00a0Dar es Salaam to China? Search, compare and book cheap airline ticket from Dar es Salaam to China online","og_url":"https:\/\/tiketi.com\/fr-fr\/nauli-ndege\/dar-es-salaam-kwenda-china\/","og_site_name":"Tiketi.com","article_publisher":"https:\/\/www.facebook.com\/TiketiCom\/","article_modified_time":"2022-09-14T14:49:51+00:00","og_image":[{"width":1280,"height":243,"url":"https:\/\/tiketi.com\/wp-content\/uploads\/2022\/02\/guangzhou-2278478_1280.jpg","type":"image\/jpeg"}],"twitter_card":"summary_large_image","twitter_misc":{"Dur\u00e9e de lecture estim\u00e9e":"2 minutes"},"schema":{"@context":"https:\/\/schema.org","@graph":[{"@type":"WebPage","@id":"https:\/\/tiketi.com\/sw\/nauli-ndege\/dar-es-salaam-kwenda-china\/","url":"https:\/\/tiketi.com\/sw\/nauli-ndege\/dar-es-salaam-kwenda-china\/","name":"Vols \u00e0 bas prix de Dar es Salam \u00e0 Chine","isPartOf":{"@id":"https:\/\/tiketi.com\/#website"},"primaryImageOfPage":{"@id":"https:\/\/tiketi.com\/sw\/nauli-ndege\/dar-es-salaam-kwenda-china\/#primaryimage"},"image":{"@id":"https:\/\/tiketi.com\/sw\/nauli-ndege\/dar-es-salaam-kwenda-china\/#primaryimage"},"thumbnailUrl":"https:\/\/tiketi.com\/wp-content\/uploads\/2022\/02\/guangzhou-2278478_1280.jpg","datePublished":"2022-01-19T11:53:42+00:00","dateModified":"2022-09-14T14:49:51+00:00","description":"Vous recherchez des vols pas chers de Dar es Salaam \u00e0 Chine ? Recherchez, comparez et r\u00e9servez en ligne un billet d&#039;avion pas cher de Dar es Salam \u00e0 Chine","breadcrumb":{"@id":"https:\/\/tiketi.com\/sw\/nauli-ndege\/dar-es-salaam-kwenda-china\/#breadcrumb"},"inLanguage":"fr-FR","potentialAction":[{"@type":"ReadAction","target":["https:\/\/tiketi.com\/sw\/nauli-ndege\/dar-es-salaam-kwenda-china\/"]}]},{"@type":"ImageObject","inLanguage":"fr-FR","@id":"https:\/\/tiketi.com\/sw\/nauli-ndege\/dar-es-salaam-kwenda-china\/#primaryimage","url":"https:\/\/tiketi.com\/wp-content\/uploads\/2022\/02\/guangzhou-2278478_1280.jpg","contentUrl":"https:\/\/tiketi.com\/wp-content\/uploads\/2022\/02\/guangzhou-2278478_1280.jpg","width":1280,"height":243,"caption":"Air Taxi in Guangzhou"},{"@type":"BreadcrumbList","@id":"https:\/\/tiketi.com\/sw\/nauli-ndege\/dar-es-salaam-kwenda-china\/#breadcrumb","itemListElement":[{"@type":"ListItem","position":1,"name":"Home","item":"https:\/\/tiketi.com\/"},{"@type":"ListItem","position":2,"name":"Cheap Flights","item":"https:\/\/tiketi.com\/cheap-flights\/"},{"@type":"ListItem","position":3,"name":"Cheap Flights from Dar es Salaam to China"}]},{"@type":"WebSite","@id":"https:\/\/tiketi.com\/#website","url":"https:\/\/tiketi.com\/","name":"Billets d&#039;avion et de bus, forfaits touristiques et activit\u00e9s - Tiketi.com","description":"Billets d&#039;avion et de bus, Tours, Activit\u00e9s","publisher":{"@id":"https:\/\/tiketi.com\/#organization"},"potentialAction":[{"@type":"SearchAction","target":{"@type":"EntryPoint","urlTemplate":"https:\/\/tiketi.com\/?s={search_term_string}"},"query-input":{"@type":"PropertyValueSpecification","valueRequired":true,"valueName":"search_term_string"}}],"inLanguage":"fr-FR"},{"@type":"Organization","@id":"https:\/\/tiketi.com\/#organization","name":"Tiketi.com","alternateName":"Tiketi","url":"https:\/\/tiketi.com\/","logo":{"@type":"ImageObject","inLanguage":"fr-FR","@id":"https:\/\/tiketi.com\/#\/schema\/logo\/image\/","url":"https:\/\/tiketi.com\/wp-content\/uploads\/2019\/05\/tiketi-logo-696.png","contentUrl":"https:\/\/tiketi.com\/wp-content\/uploads\/2019\/05\/tiketi-logo-696.png","width":696,"height":696,"caption":"Tiketi.com"},"image":{"@id":"https:\/\/tiketi.com\/#\/schema\/logo\/image\/"},"sameAs":["https:\/\/www.facebook.com\/TiketiCom\/"]}]}},"_links":{"self":[{"href":"https:\/\/tiketi.com\/fr-fr\/wp-json\/wp\/v2\/pages\/10700","targetHints":{"allow":["GET"]}}],"collection":[{"href":"https:\/\/tiketi.com\/fr-fr\/wp-json\/wp\/v2\/pages"}],"about":[{"href":"https:\/\/tiketi.com\/fr-fr\/wp-json\/wp\/v2\/types\/page"}],"author":[{"embeddable":true,"href":"https:\/\/tiketi.com\/fr-fr\/wp-json\/wp\/v2\/users\/1"}],"replies":[{"embeddable":true,"href":"https:\/\/tiketi.com\/fr-fr\/wp-json\/wp\/v2\/comments?post=10700"}],"version-history":[{"count":0,"href":"https:\/\/tiketi.com\/fr-fr\/wp-json\/wp\/v2\/pages\/10700\/revisions"}],"up":[{"embeddable":true,"href":"https:\/\/tiketi.com\/fr-fr\/wp-json\/wp\/v2\/pages\/23264"}],"wp:featuredmedia":[{"embeddable":true,"href":"https:\/\/tiketi.com\/fr-fr\/wp-json\/wp\/v2\/media\/16735"}],"wp:attachment":[{"href":"https:\/\/tiketi.com\/fr-fr\/wp-json\/wp\/v2\/media?parent=10700"}],"curies":[{"name":"wp","href":"https:\/\/api.w.org\/{rel}","templated":true}]}}