{"id":10701,"date":"2022-01-19T12:53:42","date_gmt":"2022-01-19T11:53:42","guid":{"rendered":"https:\/\/new.tiketi.com\/cheap-flights-from-dar-es-salaam-to-america\/"},"modified":"2022-09-14T14:42:22","modified_gmt":"2022-09-14T13:42:22","slug":"dar-es-salaam-to-america","status":"publish","type":"page","link":"https:\/\/tiketi.com\/fr-fr\/cheap-flights\/dar-es-salaam-to-america\/","title":{"rendered":"Vols pas chers de Dar es Salaam \u00e0 Am\u00e9rique"},"content":{"rendered":"<h2>Vous recherchez un billet d&#039;avion pas cher de Dar es Salaam vers l&#039;Am\u00e9rique ou des offres de derni\u00e8re minute ?<\/h2>\n<h3>Recherchez, comparez et r\u00e9servez en ligne maintenant un billet d&#039;avion pas cher de Dar es Salaam \u00e0 Am\u00e9rique.<\/h3>\n<p>R\u00e9servez en ligne des vols pas chers de Dar es Salaam \u00e0 Am\u00e9rique et gagnez du temps et de l&#039;argent. Les \u00c9tats-Unis d&#039;Am\u00e9rique sont le pays qui nous encourage tous. Les \u00e9tudiants sont attir\u00e9s par d&#039;excellents \u00e9tablissements d&#039;enseignement, les geeks du voyage sont attir\u00e9s par les lieux exotiques et, en bref, les gens aiment le merveilleux niveau de vie aux \u00c9tats-Unis. Les \u00c9tats-Unis sont l&#039;un des lieux de vacances les plus c\u00e9l\u00e8bres de la plan\u00e8te. Il existe de nombreux endroits qui sont comme un paradis pour les visiteurs. Vous pouvez visiter l&#039;Am\u00e9rique gr\u00e2ce \u00e0 des offres exceptionnelles sur les billets d&#039;avion pas chers de Dar es Salaam vers l&#039;Am\u00e9rique au meilleur prix et voler de Dar es Salaam vers l&#039;Am\u00e9rique \u00e0 bas prix. Voici quelques-unes des meilleures id\u00e9es pour r\u00e9server des billets d&#039;avion de Dar es Salaam vers l&#039;Am\u00e9rique :<\/p>\n<h2>FAQ sur les vols pas chers de Dar es Salaam \u00e0 Am\u00e9rique<\/h2>\n<h3>Dans quel a\u00e9roport atterrissez-vous pour les vols de Dar es Salaam vers l&#039;Am\u00e9rique\u00a0?<\/h3>\n<p>Dar es Salaam est l&#039;a\u00e9roport que vous emprunterez si vous r\u00e9servez un billet d&#039;avion de Dar es Salaam vers l&#039;Am\u00e9rique. Le trajet entre Dar es Salaam et le centre-ville de Dar es Salaam est \u00e0 seulement 10,5 km.<\/p>\n<h3>Puis-je trouver des vols de Dar es Salaam vers America pour moins de $700 ?<\/h3>\n<p>Oui, il existe de nombreux vols de Dar es Salaam vers l&#039;Am\u00e9rique pour moins de $700. Le vol abordable est sur Delta pour seulement $618, mais en moyenne, vous pouvez deviner de payer $670.<\/p>\n<h3>Y a-t-il des vols de derni\u00e8re minute accessibles depuis Dar es Salaam vers l&#039;Am\u00e9rique ?<\/h3>\n<p>Il y a actuellement vingt+ vols ouverts de Dar es Salaam vers l&#039;Am\u00e9rique dans les 7 prochains jours.<\/p>\n<h3>Quelle est la dur\u00e9e du vol de Dar es Salam \u00e0 Am\u00e9rique ?<\/h3>\n<p>Partir de Dar es Salaam vers l&#039;Am\u00e9rique vous prendra 18h 50m.<\/p>\n<h3>Quel est le prix du vol pas cher de Dar es Salaam vers l&#039;Am\u00e9rique ?<\/h3>\n<p>En moyenne, vous pouvez deviner qu&#039;il faut payer $1 970 pour un vol de Dar es Salaam vers l&#039;Am\u00e9rique. Le combat le moins cher dans l&#039;ensemble est $384 tandis que l&#039;itin\u00e9raire le plus c\u00e9l\u00e8bre est actuellement au prix de $618.<\/p>\n<h3>Quelles sont les compagnies a\u00e9riennes les plus c\u00e9l\u00e8bres qui proposent des vols de Dar es Salam aux \u00c9tats-Unis ?<\/h3>\n<p>Les compagnies a\u00e9riennes les plus c\u00e9l\u00e8bres volant de Dar es Salaam aux \u00c9tats-Unis sont Emirates, Delta et Ethiopian Air.<\/p>","protected":false},"excerpt":{"rendered":"<p>Looking for cheap airline ticket from Dar es Salaam to America\u00a0or last minute deals? Search, compare and book cheap airline ticket from Dar es Salaam to America online now. Book cheap flights from Dar es Salaam to America online and save time and money. United States of America is the country which encourages all of [&hellip;]<\/p>\n","protected":false},"author":1,"featured_media":14041,"parent":23264,"menu_order":0,"comment_status":"open","ping_status":"closed","template":"template-home-modern.php","meta":{"footnotes":""},"class_list":["post-10701","page","type-page","status-publish","has-post-thumbnail","hentry"],"yoast_head":"<!-- This site is optimized with the Yoast SEO plugin v27.5 - https:\/\/yoast.com\/product\/yoast-seo-wordpress\/ -->\n<title>Cheap Flights from Dar es Salaam to America<\/title>\n<meta name=\"description\" content=\"Looking for cheap flights from\u00a0Dar es Salaam to America? Search, compare and book cheap airline ticket from Dar es Salaam to America online\" \/>\n<meta name=\"robots\" content=\"index, follow, max-snippet:-1, max-image-preview:large, max-video-preview:-1\" \/>\n<link rel=\"canonical\" href=\"https:\/\/tiketi.com\/fr-fr\/nauli-ndege\/dar-es-salaam-kwenda-marekani\/\" \/>\n<meta property=\"og:locale\" content=\"fr_FR\" \/>\n<meta property=\"og:type\" content=\"article\" \/>\n<meta property=\"og:title\" content=\"Cheap Flights from Dar es Salaam to America\" \/>\n<meta property=\"og:description\" content=\"Looking for cheap flights from\u00a0Dar es Salaam to America? Search, compare and book cheap airline ticket from Dar es Salaam to America online\" \/>\n<meta property=\"og:url\" content=\"https:\/\/tiketi.com\/fr-fr\/nauli-ndege\/dar-es-salaam-kwenda-marekani\/\" \/>\n<meta property=\"og:site_name\" content=\"Tiketi.com\" \/>\n<meta property=\"article:publisher\" content=\"https:\/\/www.facebook.com\/TiketiCom\/\" \/>\n<meta property=\"article:modified_time\" content=\"2022-09-14T13:42:22+00:00\" \/>\n<meta property=\"og:image\" content=\"https:\/\/tiketi.com\/wp-content\/uploads\/2022\/01\/flight-ticket-booking-sorasak-KxCJXXGsv9I-unsplas.jpg\" \/>\n\t<meta property=\"og:image:width\" content=\"1200\" \/>\n\t<meta property=\"og:image:height\" content=\"240\" \/>\n\t<meta property=\"og:image:type\" content=\"image\/jpeg\" \/>\n<meta name=\"twitter:card\" content=\"summary_large_image\" \/>\n<meta name=\"twitter:label1\" content=\"Dur\u00e9e de lecture estim\u00e9e\" \/>\n\t<meta name=\"twitter:data1\" content=\"2 minutes\" \/>\n<script type=\"application\/ld+json\" class=\"yoast-schema-graph\">{\"@context\":\"https:\\\/\\\/schema.org\",\"@graph\":[{\"@type\":\"WebPage\",\"@id\":\"https:\\\/\\\/tiketi.com\\\/sw\\\/nauli-ndege\\\/dar-es-salaam-kwenda-marekani\\\/\",\"url\":\"https:\\\/\\\/tiketi.com\\\/sw\\\/nauli-ndege\\\/dar-es-salaam-kwenda-marekani\\\/\",\"name\":\"Cheap Flights from Dar es Salaam to America\",\"isPartOf\":{\"@id\":\"https:\\\/\\\/tiketi.com\\\/#website\"},\"primaryImageOfPage\":{\"@id\":\"https:\\\/\\\/tiketi.com\\\/sw\\\/nauli-ndege\\\/dar-es-salaam-kwenda-marekani\\\/#primaryimage\"},\"image\":{\"@id\":\"https:\\\/\\\/tiketi.com\\\/sw\\\/nauli-ndege\\\/dar-es-salaam-kwenda-marekani\\\/#primaryimage\"},\"thumbnailUrl\":\"https:\\\/\\\/tiketi.com\\\/wp-content\\\/uploads\\\/2022\\\/01\\\/flight-ticket-booking-sorasak-KxCJXXGsv9I-unsplas.jpg\",\"datePublished\":\"2022-01-19T11:53:42+00:00\",\"dateModified\":\"2022-09-14T13:42:22+00:00\",\"description\":\"Looking for cheap flights from\u00a0Dar es Salaam to America? Search, compare and book cheap airline ticket from Dar es Salaam to America online\",\"breadcrumb\":{\"@id\":\"https:\\\/\\\/tiketi.com\\\/sw\\\/nauli-ndege\\\/dar-es-salaam-kwenda-marekani\\\/#breadcrumb\"},\"inLanguage\":\"fr-FR\",\"potentialAction\":[{\"@type\":\"ReadAction\",\"target\":[\"https:\\\/\\\/tiketi.com\\\/sw\\\/nauli-ndege\\\/dar-es-salaam-kwenda-marekani\\\/\"]}]},{\"@type\":\"ImageObject\",\"inLanguage\":\"fr-FR\",\"@id\":\"https:\\\/\\\/tiketi.com\\\/sw\\\/nauli-ndege\\\/dar-es-salaam-kwenda-marekani\\\/#primaryimage\",\"url\":\"https:\\\/\\\/tiketi.com\\\/wp-content\\\/uploads\\\/2022\\\/01\\\/flight-ticket-booking-sorasak-KxCJXXGsv9I-unsplas.jpg\",\"contentUrl\":\"https:\\\/\\\/tiketi.com\\\/wp-content\\\/uploads\\\/2022\\\/01\\\/flight-ticket-booking-sorasak-KxCJXXGsv9I-unsplas.jpg\",\"width\":1200,\"height\":240,\"caption\":\"Online flight ticket booking\"},{\"@type\":\"BreadcrumbList\",\"@id\":\"https:\\\/\\\/tiketi.com\\\/sw\\\/nauli-ndege\\\/dar-es-salaam-kwenda-marekani\\\/#breadcrumb\",\"itemListElement\":[{\"@type\":\"ListItem\",\"position\":1,\"name\":\"Home\",\"item\":\"https:\\\/\\\/tiketi.com\\\/\"},{\"@type\":\"ListItem\",\"position\":2,\"name\":\"Cheap Flights\",\"item\":\"https:\\\/\\\/tiketi.com\\\/cheap-flights\\\/\"},{\"@type\":\"ListItem\",\"position\":3,\"name\":\"Cheap Flights from Dar es Salaam to America\"}]},{\"@type\":\"WebSite\",\"@id\":\"https:\\\/\\\/tiketi.com\\\/#website\",\"url\":\"https:\\\/\\\/tiketi.com\\\/\",\"name\":\"Flight & Bus Tickets, Tour Packages & Activitites - Tiketi.com\",\"description\":\"Flight &amp; Bus Tickets, Tours, Activitites\",\"publisher\":{\"@id\":\"https:\\\/\\\/tiketi.com\\\/#organization\"},\"potentialAction\":[{\"@type\":\"SearchAction\",\"target\":{\"@type\":\"EntryPoint\",\"urlTemplate\":\"https:\\\/\\\/tiketi.com\\\/?s={search_term_string}\"},\"query-input\":{\"@type\":\"PropertyValueSpecification\",\"valueRequired\":true,\"valueName\":\"search_term_string\"}}],\"inLanguage\":\"fr-FR\"},{\"@type\":\"Organization\",\"@id\":\"https:\\\/\\\/tiketi.com\\\/#organization\",\"name\":\"Tiketi.com\",\"alternateName\":\"Tiketi\",\"url\":\"https:\\\/\\\/tiketi.com\\\/\",\"logo\":{\"@type\":\"ImageObject\",\"inLanguage\":\"fr-FR\",\"@id\":\"https:\\\/\\\/tiketi.com\\\/#\\\/schema\\\/logo\\\/image\\\/\",\"url\":\"https:\\\/\\\/tiketi.com\\\/wp-content\\\/uploads\\\/2019\\\/05\\\/tiketi-logo-696.png\",\"contentUrl\":\"https:\\\/\\\/tiketi.com\\\/wp-content\\\/uploads\\\/2019\\\/05\\\/tiketi-logo-696.png\",\"width\":696,\"height\":696,\"caption\":\"Tiketi.com\"},\"image\":{\"@id\":\"https:\\\/\\\/tiketi.com\\\/#\\\/schema\\\/logo\\\/image\\\/\"},\"sameAs\":[\"https:\\\/\\\/www.facebook.com\\\/TiketiCom\\\/\"]}]}<\/script>\n<!-- \/ Yoast SEO plugin. -->","yoast_head_json":{"title":"Vols pas chers de Dar es Salaam \u00e0 Am\u00e9rique","description":"Vous recherchez des vols pas chers de Dar es Salaam \u00e0 Am\u00e9rique ? Recherchez, comparez et r\u00e9servez en ligne un billet d&#039;avion pas cher de Dar es Salaam \u00e0 Am\u00e9rique","robots":{"index":"index","follow":"follow","max-snippet":"max-snippet:-1","max-image-preview":"max-image-preview:large","max-video-preview":"max-video-preview:-1"},"canonical":"https:\/\/tiketi.com\/fr-fr\/nauli-ndege\/dar-es-salaam-kwenda-marekani\/","og_locale":"fr_FR","og_type":"article","og_title":"Cheap Flights from Dar es Salaam to America","og_description":"Looking for cheap flights from\u00a0Dar es Salaam to America? Search, compare and book cheap airline ticket from Dar es Salaam to America online","og_url":"https:\/\/tiketi.com\/fr-fr\/nauli-ndege\/dar-es-salaam-kwenda-marekani\/","og_site_name":"Tiketi.com","article_publisher":"https:\/\/www.facebook.com\/TiketiCom\/","article_modified_time":"2022-09-14T13:42:22+00:00","og_image":[{"width":1200,"height":240,"url":"https:\/\/tiketi.com\/wp-content\/uploads\/2022\/01\/flight-ticket-booking-sorasak-KxCJXXGsv9I-unsplas.jpg","type":"image\/jpeg"}],"twitter_card":"summary_large_image","twitter_misc":{"Dur\u00e9e de lecture estim\u00e9e":"2 minutes"},"schema":{"@context":"https:\/\/schema.org","@graph":[{"@type":"WebPage","@id":"https:\/\/tiketi.com\/sw\/nauli-ndege\/dar-es-salaam-kwenda-marekani\/","url":"https:\/\/tiketi.com\/sw\/nauli-ndege\/dar-es-salaam-kwenda-marekani\/","name":"Vols pas chers de Dar es Salaam \u00e0 Am\u00e9rique","isPartOf":{"@id":"https:\/\/tiketi.com\/#website"},"primaryImageOfPage":{"@id":"https:\/\/tiketi.com\/sw\/nauli-ndege\/dar-es-salaam-kwenda-marekani\/#primaryimage"},"image":{"@id":"https:\/\/tiketi.com\/sw\/nauli-ndege\/dar-es-salaam-kwenda-marekani\/#primaryimage"},"thumbnailUrl":"https:\/\/tiketi.com\/wp-content\/uploads\/2022\/01\/flight-ticket-booking-sorasak-KxCJXXGsv9I-unsplas.jpg","datePublished":"2022-01-19T11:53:42+00:00","dateModified":"2022-09-14T13:42:22+00:00","description":"Vous recherchez des vols pas chers de Dar es Salaam \u00e0 Am\u00e9rique ? Recherchez, comparez et r\u00e9servez en ligne un billet d&#039;avion pas cher de Dar es Salaam \u00e0 Am\u00e9rique","breadcrumb":{"@id":"https:\/\/tiketi.com\/sw\/nauli-ndege\/dar-es-salaam-kwenda-marekani\/#breadcrumb"},"inLanguage":"fr-FR","potentialAction":[{"@type":"ReadAction","target":["https:\/\/tiketi.com\/sw\/nauli-ndege\/dar-es-salaam-kwenda-marekani\/"]}]},{"@type":"ImageObject","inLanguage":"fr-FR","@id":"https:\/\/tiketi.com\/sw\/nauli-ndege\/dar-es-salaam-kwenda-marekani\/#primaryimage","url":"https:\/\/tiketi.com\/wp-content\/uploads\/2022\/01\/flight-ticket-booking-sorasak-KxCJXXGsv9I-unsplas.jpg","contentUrl":"https:\/\/tiketi.com\/wp-content\/uploads\/2022\/01\/flight-ticket-booking-sorasak-KxCJXXGsv9I-unsplas.jpg","width":1200,"height":240,"caption":"Online flight ticket booking"},{"@type":"BreadcrumbList","@id":"https:\/\/tiketi.com\/sw\/nauli-ndege\/dar-es-salaam-kwenda-marekani\/#breadcrumb","itemListElement":[{"@type":"ListItem","position":1,"name":"Home","item":"https:\/\/tiketi.com\/"},{"@type":"ListItem","position":2,"name":"Cheap Flights","item":"https:\/\/tiketi.com\/cheap-flights\/"},{"@type":"ListItem","position":3,"name":"Cheap Flights from Dar es Salaam to America"}]},{"@type":"WebSite","@id":"https:\/\/tiketi.com\/#website","url":"https:\/\/tiketi.com\/","name":"Billets d&#039;avion et de bus, forfaits touristiques et activit\u00e9s - Tiketi.com","description":"Billets d&#039;avion et de bus, Tours, Activit\u00e9s","publisher":{"@id":"https:\/\/tiketi.com\/#organization"},"potentialAction":[{"@type":"SearchAction","target":{"@type":"EntryPoint","urlTemplate":"https:\/\/tiketi.com\/?s={search_term_string}"},"query-input":{"@type":"PropertyValueSpecification","valueRequired":true,"valueName":"search_term_string"}}],"inLanguage":"fr-FR"},{"@type":"Organization","@id":"https:\/\/tiketi.com\/#organization","name":"Tiketi.com","alternateName":"Tiketi","url":"https:\/\/tiketi.com\/","logo":{"@type":"ImageObject","inLanguage":"fr-FR","@id":"https:\/\/tiketi.com\/#\/schema\/logo\/image\/","url":"https:\/\/tiketi.com\/wp-content\/uploads\/2019\/05\/tiketi-logo-696.png","contentUrl":"https:\/\/tiketi.com\/wp-content\/uploads\/2019\/05\/tiketi-logo-696.png","width":696,"height":696,"caption":"Tiketi.com"},"image":{"@id":"https:\/\/tiketi.com\/#\/schema\/logo\/image\/"},"sameAs":["https:\/\/www.facebook.com\/TiketiCom\/"]}]}},"_links":{"self":[{"href":"https:\/\/tiketi.com\/fr-fr\/wp-json\/wp\/v2\/pages\/10701","targetHints":{"allow":["GET"]}}],"collection":[{"href":"https:\/\/tiketi.com\/fr-fr\/wp-json\/wp\/v2\/pages"}],"about":[{"href":"https:\/\/tiketi.com\/fr-fr\/wp-json\/wp\/v2\/types\/page"}],"author":[{"embeddable":true,"href":"https:\/\/tiketi.com\/fr-fr\/wp-json\/wp\/v2\/users\/1"}],"replies":[{"embeddable":true,"href":"https:\/\/tiketi.com\/fr-fr\/wp-json\/wp\/v2\/comments?post=10701"}],"version-history":[{"count":0,"href":"https:\/\/tiketi.com\/fr-fr\/wp-json\/wp\/v2\/pages\/10701\/revisions"}],"up":[{"embeddable":true,"href":"https:\/\/tiketi.com\/fr-fr\/wp-json\/wp\/v2\/pages\/23264"}],"wp:featuredmedia":[{"embeddable":true,"href":"https:\/\/tiketi.com\/fr-fr\/wp-json\/wp\/v2\/media\/14041"}],"wp:attachment":[{"href":"https:\/\/tiketi.com\/fr-fr\/wp-json\/wp\/v2\/media?parent=10701"}],"curies":[{"name":"wp","href":"https:\/\/api.w.org\/{rel}","templated":true}]}}