{"id":10702,"date":"2022-01-19T12:53:42","date_gmt":"2022-01-19T11:53:42","guid":{"rendered":"https:\/\/new.tiketi.com\/cheap-flights-from-arusha-to-zanzibar\/"},"modified":"2022-02-07T12:48:33","modified_gmt":"2022-02-07T11:48:33","slug":"cheap-flights-from-arusha-to-zanzibar","status":"publish","type":"page","link":"https:\/\/tiketi.com\/fr-fr\/cheap-flights-from-arusha-to-zanzibar\/","title":{"rendered":"Vols pas chers de Arusha \u00e0 Zanzibar"},"content":{"rendered":"<h2>Vous cherchez un billet d&#039;avion pas cher \u00e0 partir de Arusha pour Zanzibar ou des offres de derni\u00e8re minute ?<\/h2>\n<h3>Recherchez, comparez et r\u00e9servez d\u00e8s maintenant un billet d&#039;avion pas cher de Arusha (ARK) \u00e0 Zanzibar (ZNZ).<\/h3>\n<p>R\u00e9servez des vols pas chers de Arusha \u00e0 Zanzibar en ligne avec Tiketi.com pour b\u00e9n\u00e9ficier des meilleures offres. L\u2019\u00eele paradisiaque de Zanzibar d\u00e9rive dans l\u2019oc\u00e9an Indien \u00e0 seulement vingt-cinq kilom\u00e8tres des c\u00f4tes sauvages de Tanzanie. Zanzibar regorge de sons et d\u2019images qui enflammeront l\u2019esprit de voyage de tout visiteur. Rempli de culture, de cuisine riche et vivant avec un int\u00e9r\u00eat historique, il y a tant de choses \u00e0 voir et \u00e0 faire. De l&#039;errance dans les \u00e9tals en bois dynamiques du march\u00e9 de Stone Town \u00e0 l&#039;allongement sur le sable blanc parfait. R\u00e9servez des vols d&#039;Arusha \u00e0 Zanzibar au prix le moins cher \u2013 obtenez des offres exceptionnelles sur votre billet d&#039;avion d&#039;Arusha \u00e0 Zanzibar en ligne. Allez-y et profitez d\u00e8s maintenant d&#039;offres incroyables sur les billets d&#039;avion d&#039;Arusha \u00e0 Zanzibar.<\/p>\n<p>Voici quelques id\u00e9es sur la fa\u00e7on de r\u00e9server des vols d\u2019Arusha \u00e0 Zanzibar.<\/p>\n<h2>FAQ sur les vols pas chers de Arusha \u00e0 Zanzibar<\/h2>\n<h3>Quelle est la distance de vol entre Zanzibar et Arusha ?<\/h3>\n<p>La distance de vol entre Zanzibar et Arusha est de 429 km.<\/p>\n<h3>Combien de temps dure un vol entre Arusha et Zanzibar ?<\/h3>\n<p>Un vol direct aller simple entre Zanzibar et Arusha prend environ 1h30.<\/p>\n<h3>Quels a\u00e9roports avoisinent Arusha ?<\/h3>\n<p>L\u2019a\u00e9roport cl\u00e9 d\u2019Arusha est Arusha. Il est \u00e9galement desservi par Arusha Kilimajaro International, Jomo Kenyatta International, Lake Manyara, Wilson et Amboseli.<\/p>\n<h3>Quelles compagnies a\u00e9riennes proposent des vols entre Zanzibar et Arusha ?<\/h3>\n<p>Actuellement, vous pouvez voyager entre Zanzibar et Arusha avec Precision Air, Air Excel limited, Coastal Aviation, Auric Air et Air Tanzanie.<\/p>\n<h3>Combien de compagnies a\u00e9riennes proposent des vols de Arusha \u00e0 Zanzibar ?<\/h3>\n<p>Six compagnies a\u00e9riennes proposent des vols d\u2019Arusha \u00e0 Zanzibar.<\/p>\n<h3>Quel est le meilleur jour pour r\u00e9server un billet d&#039;avion de Arusha \u00e0 Zanzibar ?<\/h3>\n<p>Mercredi et jeudi sont le meilleur moment pour r\u00e9server un billet d\u2019avion pas cher d\u2019Arusha \u00e0 Zanzibar.<\/p>\n<h2>Conseils pour les vols de Arusha \u00e0 Zanzibar<\/h2>\n<p>Zanzibar est mieux connue sous le nom d&#039;\u00cele aux \u00e9pices gr\u00e2ce \u00e0 l&#039;abondance du commerce des \u00e9pices au fil des si\u00e8cles. Aujourd&#039;hui, les visiteurs adorent la visite des \u00e9pices car ils ont la chance de voir comment les \u00e9pices sont cultiv\u00e9es sur cette \u00eele remarquable. Respirez le doux parfum enivrant des clous de girofle, des gousses de vanille et de la muscade terreuse lors de cette visite remarquable.<\/p>","protected":false},"excerpt":{"rendered":"<p>Looking for cheap airline ticket from Arusha to Zanzibar\u00a0or last minute deals? Search, compare and book cheap airline ticket from Arusha (ARK) to Zanzibar (ZNZ) online now. Book cheap flights from Arusha to Zanzibar online with Tiketi.com for the best deals. The paradise island of Zanzibar drifts in the Indian Ocean just twenty-five kilometers from [&hellip;]<\/p>\n","protected":false},"author":1,"featured_media":17852,"parent":0,"menu_order":0,"comment_status":"open","ping_status":"closed","template":"template-home-modern.php","meta":{"footnotes":""},"class_list":["post-10702","page","type-page","status-publish","has-post-thumbnail","hentry"],"yoast_head":"<!-- This site is optimized with the Yoast SEO plugin v27.2 - https:\/\/yoast.com\/product\/yoast-seo-wordpress\/ -->\n<title>Cheap Flights from Arusha to Zanzibar<\/title>\n<meta name=\"description\" content=\"Looking for great offers on Arusha to Zanzibar flights? Compare and book cheap flights from\u00a0Arusha to Zanzibar online now\" \/>\n<meta name=\"robots\" content=\"index, follow, max-snippet:-1, max-image-preview:large, max-video-preview:-1\" \/>\n<link rel=\"canonical\" href=\"https:\/\/tiketi.com\/fr-fr\/cheap-flights-from-arusha-to-zanzibar\/\" \/>\n<meta property=\"og:locale\" content=\"fr_FR\" \/>\n<meta property=\"og:type\" content=\"article\" \/>\n<meta property=\"og:title\" content=\"Cheap Flights from Arusha to Zanzibar\" \/>\n<meta property=\"og:description\" content=\"Looking for great offers on Arusha to Zanzibar flights? Compare and book cheap flights from\u00a0Arusha to Zanzibar online now\" \/>\n<meta property=\"og:url\" content=\"https:\/\/tiketi.com\/fr-fr\/cheap-flights-from-arusha-to-zanzibar\/\" \/>\n<meta property=\"og:site_name\" content=\"Tiketi.com\" \/>\n<meta property=\"article:publisher\" content=\"https:\/\/www.facebook.com\/TiketiCom\/\" \/>\n<meta property=\"article:modified_time\" content=\"2022-02-07T11:48:33+00:00\" \/>\n<meta property=\"og:image\" content=\"https:\/\/tiketi.com\/wp-content\/uploads\/2019\/05\/zanzibar-humphrey-muleba-e6dRLBx6Kg8.jpg\" \/>\n\t<meta property=\"og:image:width\" content=\"1200\" \/>\n\t<meta property=\"og:image:height\" content=\"204\" \/>\n\t<meta property=\"og:image:type\" content=\"image\/jpeg\" \/>\n<meta name=\"twitter:card\" content=\"summary_large_image\" \/>\n<meta name=\"twitter:label1\" content=\"Dur\u00e9e de lecture estim\u00e9e\" \/>\n\t<meta name=\"twitter:data1\" content=\"2 minutes\" \/>\n<script type=\"application\/ld+json\" class=\"yoast-schema-graph\">{\"@context\":\"https:\/\/schema.org\",\"@graph\":[{\"@type\":\"WebPage\",\"@id\":\"https:\/\/tiketi.com\/cheap-flights-from-arusha-to-zanzibar\/\",\"url\":\"https:\/\/tiketi.com\/cheap-flights-from-arusha-to-zanzibar\/\",\"name\":\"Cheap Flights from Arusha to Zanzibar\",\"isPartOf\":{\"@id\":\"https:\/\/tiketi.com\/#website\"},\"primaryImageOfPage\":{\"@id\":\"https:\/\/tiketi.com\/cheap-flights-from-arusha-to-zanzibar\/#primaryimage\"},\"image\":{\"@id\":\"https:\/\/tiketi.com\/cheap-flights-from-arusha-to-zanzibar\/#primaryimage\"},\"thumbnailUrl\":\"https:\/\/tiketi.com\/wp-content\/uploads\/2019\/05\/zanzibar-humphrey-muleba-e6dRLBx6Kg8.jpg\",\"datePublished\":\"2022-01-19T11:53:42+00:00\",\"dateModified\":\"2022-02-07T11:48:33+00:00\",\"description\":\"Looking for great offers on Arusha to Zanzibar flights? Compare and book cheap flights from\u00a0Arusha to Zanzibar online now\",\"breadcrumb\":{\"@id\":\"https:\/\/tiketi.com\/cheap-flights-from-arusha-to-zanzibar\/#breadcrumb\"},\"inLanguage\":\"fr-FR\",\"potentialAction\":[{\"@type\":\"ReadAction\",\"target\":[\"https:\/\/tiketi.com\/cheap-flights-from-arusha-to-zanzibar\/\"]}]},{\"@type\":\"ImageObject\",\"inLanguage\":\"fr-FR\",\"@id\":\"https:\/\/tiketi.com\/cheap-flights-from-arusha-to-zanzibar\/#primaryimage\",\"url\":\"https:\/\/tiketi.com\/wp-content\/uploads\/2019\/05\/zanzibar-humphrey-muleba-e6dRLBx6Kg8.jpg\",\"contentUrl\":\"https:\/\/tiketi.com\/wp-content\/uploads\/2019\/05\/zanzibar-humphrey-muleba-e6dRLBx6Kg8.jpg\",\"width\":1200,\"height\":204,\"caption\":\"Cheap Flights to Zanzibar\"},{\"@type\":\"BreadcrumbList\",\"@id\":\"https:\/\/tiketi.com\/cheap-flights-from-arusha-to-zanzibar\/#breadcrumb\",\"itemListElement\":[{\"@type\":\"ListItem\",\"position\":1,\"name\":\"Home\",\"item\":\"https:\/\/tiketi.com\/\"},{\"@type\":\"ListItem\",\"position\":2,\"name\":\"Cheap Flights from Arusha to Zanzibar\"}]},{\"@type\":\"WebSite\",\"@id\":\"https:\/\/tiketi.com\/#website\",\"url\":\"https:\/\/tiketi.com\/\",\"name\":\"Flight & Bus Tickets, Tour Packages & Activitites - Tiketi.com\",\"description\":\"Flight &amp; Bus Tickets, Tours, Activitites\",\"publisher\":{\"@id\":\"https:\/\/tiketi.com\/#organization\"},\"potentialAction\":[{\"@type\":\"SearchAction\",\"target\":{\"@type\":\"EntryPoint\",\"urlTemplate\":\"https:\/\/tiketi.com\/?s={search_term_string}\"},\"query-input\":{\"@type\":\"PropertyValueSpecification\",\"valueRequired\":true,\"valueName\":\"search_term_string\"}}],\"inLanguage\":\"fr-FR\"},{\"@type\":\"Organization\",\"@id\":\"https:\/\/tiketi.com\/#organization\",\"name\":\"Tiketi.com\",\"alternateName\":\"Tiketi\",\"url\":\"https:\/\/tiketi.com\/\",\"logo\":{\"@type\":\"ImageObject\",\"inLanguage\":\"fr-FR\",\"@id\":\"https:\/\/tiketi.com\/#\/schema\/logo\/image\/\",\"url\":\"https:\/\/tiketi.com\/wp-content\/uploads\/2019\/05\/tiketi-logo-696.png\",\"contentUrl\":\"https:\/\/tiketi.com\/wp-content\/uploads\/2019\/05\/tiketi-logo-696.png\",\"width\":696,\"height\":696,\"caption\":\"Tiketi.com\"},\"image\":{\"@id\":\"https:\/\/tiketi.com\/#\/schema\/logo\/image\/\"},\"sameAs\":[\"https:\/\/www.facebook.com\/TiketiCom\/\"]}]}<\/script>\n<!-- \/ Yoast SEO plugin. -->","yoast_head_json":{"title":"Vols pas chers de Arusha \u00e0 Zanzibar","description":"Vous recherchez des offres int\u00e9ressantes sur les vols de Arusha \u00e0 Zanzibar ? Comparez et r\u00e9servez des vols pas chers de Arusha \u00e0 Zanzibar en ligne maintenant.","robots":{"index":"index","follow":"follow","max-snippet":"max-snippet:-1","max-image-preview":"max-image-preview:large","max-video-preview":"max-video-preview:-1"},"canonical":"https:\/\/tiketi.com\/fr-fr\/cheap-flights-from-arusha-to-zanzibar\/","og_locale":"fr_FR","og_type":"article","og_title":"Cheap Flights from Arusha to Zanzibar","og_description":"Looking for great offers on Arusha to Zanzibar flights? Compare and book cheap flights from\u00a0Arusha to Zanzibar online now","og_url":"https:\/\/tiketi.com\/fr-fr\/cheap-flights-from-arusha-to-zanzibar\/","og_site_name":"Tiketi.com","article_publisher":"https:\/\/www.facebook.com\/TiketiCom\/","article_modified_time":"2022-02-07T11:48:33+00:00","og_image":[{"width":1200,"height":204,"url":"https:\/\/tiketi.com\/wp-content\/uploads\/2019\/05\/zanzibar-humphrey-muleba-e6dRLBx6Kg8.jpg","type":"image\/jpeg"}],"twitter_card":"summary_large_image","twitter_misc":{"Dur\u00e9e de lecture estim\u00e9e":"2 minutes"},"schema":{"@context":"https:\/\/schema.org","@graph":[{"@type":"WebPage","@id":"https:\/\/tiketi.com\/cheap-flights-from-arusha-to-zanzibar\/","url":"https:\/\/tiketi.com\/cheap-flights-from-arusha-to-zanzibar\/","name":"Vols pas chers de Arusha \u00e0 Zanzibar","isPartOf":{"@id":"https:\/\/tiketi.com\/#website"},"primaryImageOfPage":{"@id":"https:\/\/tiketi.com\/cheap-flights-from-arusha-to-zanzibar\/#primaryimage"},"image":{"@id":"https:\/\/tiketi.com\/cheap-flights-from-arusha-to-zanzibar\/#primaryimage"},"thumbnailUrl":"https:\/\/tiketi.com\/wp-content\/uploads\/2019\/05\/zanzibar-humphrey-muleba-e6dRLBx6Kg8.jpg","datePublished":"2022-01-19T11:53:42+00:00","dateModified":"2022-02-07T11:48:33+00:00","description":"Vous recherchez des offres int\u00e9ressantes sur les vols de Arusha \u00e0 Zanzibar ? Comparez et r\u00e9servez des vols pas chers de Arusha \u00e0 Zanzibar en ligne maintenant.","breadcrumb":{"@id":"https:\/\/tiketi.com\/cheap-flights-from-arusha-to-zanzibar\/#breadcrumb"},"inLanguage":"fr-FR","potentialAction":[{"@type":"ReadAction","target":["https:\/\/tiketi.com\/cheap-flights-from-arusha-to-zanzibar\/"]}]},{"@type":"ImageObject","inLanguage":"fr-FR","@id":"https:\/\/tiketi.com\/cheap-flights-from-arusha-to-zanzibar\/#primaryimage","url":"https:\/\/tiketi.com\/wp-content\/uploads\/2019\/05\/zanzibar-humphrey-muleba-e6dRLBx6Kg8.jpg","contentUrl":"https:\/\/tiketi.com\/wp-content\/uploads\/2019\/05\/zanzibar-humphrey-muleba-e6dRLBx6Kg8.jpg","width":1200,"height":204,"caption":"Cheap Flights to Zanzibar"},{"@type":"BreadcrumbList","@id":"https:\/\/tiketi.com\/cheap-flights-from-arusha-to-zanzibar\/#breadcrumb","itemListElement":[{"@type":"ListItem","position":1,"name":"Home","item":"https:\/\/tiketi.com\/"},{"@type":"ListItem","position":2,"name":"Cheap Flights from Arusha to Zanzibar"}]},{"@type":"WebSite","@id":"https:\/\/tiketi.com\/#website","url":"https:\/\/tiketi.com\/","name":"Billets d&#039;avion et de bus, forfaits touristiques et activit\u00e9s - Tiketi.com","description":"Billets d&#039;avion et de bus, Tours, Activit\u00e9s","publisher":{"@id":"https:\/\/tiketi.com\/#organization"},"potentialAction":[{"@type":"SearchAction","target":{"@type":"EntryPoint","urlTemplate":"https:\/\/tiketi.com\/?s={search_term_string}"},"query-input":{"@type":"PropertyValueSpecification","valueRequired":true,"valueName":"search_term_string"}}],"inLanguage":"fr-FR"},{"@type":"Organization","@id":"https:\/\/tiketi.com\/#organization","name":"Tiketi.com","alternateName":"Tiketi","url":"https:\/\/tiketi.com\/","logo":{"@type":"ImageObject","inLanguage":"fr-FR","@id":"https:\/\/tiketi.com\/#\/schema\/logo\/image\/","url":"https:\/\/tiketi.com\/wp-content\/uploads\/2019\/05\/tiketi-logo-696.png","contentUrl":"https:\/\/tiketi.com\/wp-content\/uploads\/2019\/05\/tiketi-logo-696.png","width":696,"height":696,"caption":"Tiketi.com"},"image":{"@id":"https:\/\/tiketi.com\/#\/schema\/logo\/image\/"},"sameAs":["https:\/\/www.facebook.com\/TiketiCom\/"]}]}},"_links":{"self":[{"href":"https:\/\/tiketi.com\/fr-fr\/wp-json\/wp\/v2\/pages\/10702","targetHints":{"allow":["GET"]}}],"collection":[{"href":"https:\/\/tiketi.com\/fr-fr\/wp-json\/wp\/v2\/pages"}],"about":[{"href":"https:\/\/tiketi.com\/fr-fr\/wp-json\/wp\/v2\/types\/page"}],"author":[{"embeddable":true,"href":"https:\/\/tiketi.com\/fr-fr\/wp-json\/wp\/v2\/users\/1"}],"replies":[{"embeddable":true,"href":"https:\/\/tiketi.com\/fr-fr\/wp-json\/wp\/v2\/comments?post=10702"}],"version-history":[{"count":0,"href":"https:\/\/tiketi.com\/fr-fr\/wp-json\/wp\/v2\/pages\/10702\/revisions"}],"wp:featuredmedia":[{"embeddable":true,"href":"https:\/\/tiketi.com\/fr-fr\/wp-json\/wp\/v2\/media\/17852"}],"wp:attachment":[{"href":"https:\/\/tiketi.com\/fr-fr\/wp-json\/wp\/v2\/media?parent=10702"}],"curies":[{"name":"wp","href":"https:\/\/api.w.org\/{rel}","templated":true}]}}