{"id":10703,"date":"2022-01-19T12:53:42","date_gmt":"2022-01-19T11:53:42","guid":{"rendered":"https:\/\/new.tiketi.com\/cheap-flights-from-arusha-to-mwanza\/"},"modified":"2022-09-14T13:41:53","modified_gmt":"2022-09-14T12:41:53","slug":"arusha-to-mwanza","status":"publish","type":"page","link":"https:\/\/tiketi.com\/fr-fr\/cheap-flights\/arusha-to-mwanza\/","title":{"rendered":"Vols \u00e0 bas prix de Arusha \u00e0 Mwanza"},"content":{"rendered":"<h2>Vous \u00eates \u00e0 la recherche de billets d&#039;avion pas chers Arusha - Mwanza ou d&#039;offres de derni\u00e8re minute ?<\/h2>\n<h3>Recherchez, comparez et r\u00e9servez en ligne maintenant un billet d&#039;avion pas cher de Arusha(ARK) \u00e0 Mwanza (MWZ).<\/h3>\n<p>R\u00e9servez des vols pas chers de Arusha \u00e0 Mwanza en ligne avec Tiketi.com pour les meilleures offres. Mwanza est une ville portuaire tanzanienne situ\u00e9e sur la rive sud du lac Victoria dans la partie nord-ouest du pays. Il est populairement connu sous le nom de Rock City, qui fait r\u00e9f\u00e9rence \u00e0 une grande formation rocheuse du c\u00f4t\u00e9 Mwanza du lac Victoria. Alors r\u00e9servez votre billet d&#039;avion d&#039;Arusha \u00e0 Mwanza en ligne. Allez-y et profitez d\u00e8s maintenant d&#039;offres incroyables sur les vols Arusha-Mwanza.<\/p>\n<h2>FAQ sur les vols \u00e0 bas prix de Arusha \u00e0 Mwanza<\/h2>\n<h3>Combien de temps dure un vol entre Arusha et Mwanza ?<\/h3>\n<p>Cinq heures, c&#039;est la dur\u00e9e moyenne d&#039;un vol d&#039;Arusha \u00e0 Mwanza.<\/p>\n<h3>Combien de compagnies a\u00e9riennes op\u00e8rent des vols directs entre Arusha et Mwanza ?<\/h3>\n<p>Aucune compagnie a\u00e9rienne n&#039;offre de vols directs entre Arusha et Mwanza.<\/p>\n<h3>Quelle est la distance entre les vols Arusha et Mwanza?<\/h3>\n<p>La distance entre arusha et Mwaza est d&#039;environ 430 km. Alors r\u00e9servez votre billet d&#039;avion d&#039;Arusha \u00e0 Mwanza maintenant.<\/p>\n<h3>Combien co\u00fbtent les vols pas chers Arusha-Mwanza ?<\/h3>\n<p>Le prix abordable enregistr\u00e9 ces quinze derniers jours pour un billet d&#039;avion Arusha Mwanza est de $180.<\/p>\n<h3>Quel est le jour le moins cher pour un billet d&#039;avion pas cher d&#039;Arusha \u00e0 Mwanza ?<\/h3>\n<p>Les vols abordables d&#039;Arusha \u00e0 Mwanza sont accessibles le jeudi et le mercredi. Le prix est g\u00e9n\u00e9ralement plus \u00e9lev\u00e9 le week-end.<\/p>\n<h3>Quelles sont les compagnies a\u00e9riennes les plus c\u00e9l\u00e8bres \u00e0 r\u00e9server pour les vols de Arusha \u00e0 Mwanza ?<\/h3>\n<p>Air Tanzania et Precision Air sont les compagnies a\u00e9riennes les plus connues pour r\u00e9server d&#039;Arusha \u00e0 Mwanza.<\/p>\n<h2>Conseils sur les vols Arusha - Mwanza<\/h2>\n<p>Situ\u00e9 \u00e0 environ 1 140 m\u00e8tres au-dessus du niveau de la mer, Mwanza b\u00e9n\u00e9ficie d&#039;un climat relaxant, d&#039;une brise fra\u00eeche et d&#039;une temp\u00e9rature mod\u00e9r\u00e9e toute l&#039;ann\u00e9e. Les activit\u00e9s agricoles et de p\u00eache jouent un r\u00f4le important dans l&#039;\u00e9conomie de Mwanza.<\/p>\n<p>Mwanza est bien reli\u00e9 au reste de la Tanzanie par les 3 grands modes de transport. L&#039;a\u00e9roport de Mwanza est situ\u00e9 pr\u00e8s de la rive du lac, \u00e0 une dizaine de kilom\u00e8tres du centre de la ville. Outre les sites tanzaniens, notamment Dar es Salaam, l&#039;a\u00e9roport relie \u00e9galement la ville \u00e0 Nairobi, la capitale du Kenya.<\/p>","protected":false},"excerpt":{"rendered":"<p>Looking for cheap airline ticket from Arusha to Mwanza&nbsp;or last minute deals? Search, compare and book cheap airline ticket from Arusha(ARK) to Mwanza (MWZ) online now. Book cheap flights from Arusha to Mwanza online with Tiketi.com for the best deals. Mwanza is a Tanzanian port city placed on the southern shore of Victoria lake in [&hellip;]<\/p>\n","protected":false},"author":1,"featured_media":14041,"parent":23264,"menu_order":0,"comment_status":"open","ping_status":"closed","template":"template-home-modern.php","meta":{"footnotes":""},"class_list":["post-10703","page","type-page","status-publish","has-post-thumbnail","hentry"],"yoast_head":"<!-- This site is optimized with the Yoast SEO plugin v27.3 - https:\/\/yoast.com\/product\/yoast-seo-wordpress\/ -->\n<title>Cheap Flights from Arusha to Mwanza<\/title>\n<meta name=\"description\" content=\"Looking for great offers on Arusha to Mwanza flights? Compare and book cheap flights from\u00a0Arusha to Mwanza online now\" \/>\n<meta name=\"robots\" content=\"index, follow, max-snippet:-1, max-image-preview:large, max-video-preview:-1\" \/>\n<link rel=\"canonical\" href=\"https:\/\/tiketi.com\/fr-fr\/nauli-ndege\/arusha-kwenda-mwanza\/\" \/>\n<meta property=\"og:locale\" content=\"fr_FR\" \/>\n<meta property=\"og:type\" content=\"article\" \/>\n<meta property=\"og:title\" content=\"Cheap Flights from Arusha to Mwanza\" \/>\n<meta property=\"og:description\" content=\"Looking for great offers on Arusha to Mwanza flights? Compare and book cheap flights from\u00a0Arusha to Mwanza online now\" \/>\n<meta property=\"og:url\" content=\"https:\/\/tiketi.com\/fr-fr\/nauli-ndege\/arusha-kwenda-mwanza\/\" \/>\n<meta property=\"og:site_name\" content=\"Tiketi.com\" \/>\n<meta property=\"article:publisher\" content=\"https:\/\/www.facebook.com\/TiketiCom\/\" \/>\n<meta property=\"article:modified_time\" content=\"2022-09-14T12:41:53+00:00\" \/>\n<meta property=\"og:image\" content=\"https:\/\/tiketi.com\/wp-content\/uploads\/2022\/01\/flight-ticket-booking-sorasak-KxCJXXGsv9I-unsplas.jpg\" \/>\n\t<meta property=\"og:image:width\" content=\"1200\" \/>\n\t<meta property=\"og:image:height\" content=\"240\" \/>\n\t<meta property=\"og:image:type\" content=\"image\/jpeg\" \/>\n<meta name=\"twitter:card\" content=\"summary_large_image\" \/>\n<meta name=\"twitter:label1\" content=\"Dur\u00e9e de lecture estim\u00e9e\" \/>\n\t<meta name=\"twitter:data1\" content=\"2 minutes\" \/>\n<script type=\"application\/ld+json\" class=\"yoast-schema-graph\">{\"@context\":\"https:\\\/\\\/schema.org\",\"@graph\":[{\"@type\":\"WebPage\",\"@id\":\"https:\\\/\\\/tiketi.com\\\/sw\\\/nauli-ndege\\\/arusha-kwenda-mwanza\\\/\",\"url\":\"https:\\\/\\\/tiketi.com\\\/sw\\\/nauli-ndege\\\/arusha-kwenda-mwanza\\\/\",\"name\":\"Cheap Flights from Arusha to Mwanza\",\"isPartOf\":{\"@id\":\"https:\\\/\\\/tiketi.com\\\/#website\"},\"primaryImageOfPage\":{\"@id\":\"https:\\\/\\\/tiketi.com\\\/sw\\\/nauli-ndege\\\/arusha-kwenda-mwanza\\\/#primaryimage\"},\"image\":{\"@id\":\"https:\\\/\\\/tiketi.com\\\/sw\\\/nauli-ndege\\\/arusha-kwenda-mwanza\\\/#primaryimage\"},\"thumbnailUrl\":\"https:\\\/\\\/tiketi.com\\\/wp-content\\\/uploads\\\/2022\\\/01\\\/flight-ticket-booking-sorasak-KxCJXXGsv9I-unsplas.jpg\",\"datePublished\":\"2022-01-19T11:53:42+00:00\",\"dateModified\":\"2022-09-14T12:41:53+00:00\",\"description\":\"Looking for great offers on Arusha to Mwanza flights? Compare and book cheap flights from\u00a0Arusha to Mwanza online now\",\"breadcrumb\":{\"@id\":\"https:\\\/\\\/tiketi.com\\\/sw\\\/nauli-ndege\\\/arusha-kwenda-mwanza\\\/#breadcrumb\"},\"inLanguage\":\"fr-FR\",\"potentialAction\":[{\"@type\":\"ReadAction\",\"target\":[\"https:\\\/\\\/tiketi.com\\\/sw\\\/nauli-ndege\\\/arusha-kwenda-mwanza\\\/\"]}]},{\"@type\":\"ImageObject\",\"inLanguage\":\"fr-FR\",\"@id\":\"https:\\\/\\\/tiketi.com\\\/sw\\\/nauli-ndege\\\/arusha-kwenda-mwanza\\\/#primaryimage\",\"url\":\"https:\\\/\\\/tiketi.com\\\/wp-content\\\/uploads\\\/2022\\\/01\\\/flight-ticket-booking-sorasak-KxCJXXGsv9I-unsplas.jpg\",\"contentUrl\":\"https:\\\/\\\/tiketi.com\\\/wp-content\\\/uploads\\\/2022\\\/01\\\/flight-ticket-booking-sorasak-KxCJXXGsv9I-unsplas.jpg\",\"width\":1200,\"height\":240,\"caption\":\"Online flight ticket booking\"},{\"@type\":\"BreadcrumbList\",\"@id\":\"https:\\\/\\\/tiketi.com\\\/sw\\\/nauli-ndege\\\/arusha-kwenda-mwanza\\\/#breadcrumb\",\"itemListElement\":[{\"@type\":\"ListItem\",\"position\":1,\"name\":\"Home\",\"item\":\"https:\\\/\\\/tiketi.com\\\/\"},{\"@type\":\"ListItem\",\"position\":2,\"name\":\"Cheap Flights\",\"item\":\"https:\\\/\\\/tiketi.com\\\/cheap-flights\\\/\"},{\"@type\":\"ListItem\",\"position\":3,\"name\":\"Cheap Flights from Arusha to Mwanza\"}]},{\"@type\":\"WebSite\",\"@id\":\"https:\\\/\\\/tiketi.com\\\/#website\",\"url\":\"https:\\\/\\\/tiketi.com\\\/\",\"name\":\"Flight & Bus Tickets, Tour Packages & Activitites - Tiketi.com\",\"description\":\"Flight &amp; Bus Tickets, Tours, Activitites\",\"publisher\":{\"@id\":\"https:\\\/\\\/tiketi.com\\\/#organization\"},\"potentialAction\":[{\"@type\":\"SearchAction\",\"target\":{\"@type\":\"EntryPoint\",\"urlTemplate\":\"https:\\\/\\\/tiketi.com\\\/?s={search_term_string}\"},\"query-input\":{\"@type\":\"PropertyValueSpecification\",\"valueRequired\":true,\"valueName\":\"search_term_string\"}}],\"inLanguage\":\"fr-FR\"},{\"@type\":\"Organization\",\"@id\":\"https:\\\/\\\/tiketi.com\\\/#organization\",\"name\":\"Tiketi.com\",\"alternateName\":\"Tiketi\",\"url\":\"https:\\\/\\\/tiketi.com\\\/\",\"logo\":{\"@type\":\"ImageObject\",\"inLanguage\":\"fr-FR\",\"@id\":\"https:\\\/\\\/tiketi.com\\\/#\\\/schema\\\/logo\\\/image\\\/\",\"url\":\"https:\\\/\\\/tiketi.com\\\/wp-content\\\/uploads\\\/2019\\\/05\\\/tiketi-logo-696.png\",\"contentUrl\":\"https:\\\/\\\/tiketi.com\\\/wp-content\\\/uploads\\\/2019\\\/05\\\/tiketi-logo-696.png\",\"width\":696,\"height\":696,\"caption\":\"Tiketi.com\"},\"image\":{\"@id\":\"https:\\\/\\\/tiketi.com\\\/#\\\/schema\\\/logo\\\/image\\\/\"},\"sameAs\":[\"https:\\\/\\\/www.facebook.com\\\/TiketiCom\\\/\"]}]}<\/script>\n<!-- \/ Yoast SEO plugin. -->","yoast_head_json":{"title":"Vols \u00e0 bas prix de Arusha \u00e0 Mwanza","description":"Vous recherchez des offres exceptionnelles sur les vols Arusha-Mwanza ? Comparez et r\u00e9servez d\u00e8s maintenant des vols \u00e0 bas prix de Arusha \u00e0 Mwanza","robots":{"index":"index","follow":"follow","max-snippet":"max-snippet:-1","max-image-preview":"max-image-preview:large","max-video-preview":"max-video-preview:-1"},"canonical":"https:\/\/tiketi.com\/fr-fr\/nauli-ndege\/arusha-kwenda-mwanza\/","og_locale":"fr_FR","og_type":"article","og_title":"Cheap Flights from Arusha to Mwanza","og_description":"Looking for great offers on Arusha to Mwanza flights? Compare and book cheap flights from\u00a0Arusha to Mwanza online now","og_url":"https:\/\/tiketi.com\/fr-fr\/nauli-ndege\/arusha-kwenda-mwanza\/","og_site_name":"Tiketi.com","article_publisher":"https:\/\/www.facebook.com\/TiketiCom\/","article_modified_time":"2022-09-14T12:41:53+00:00","og_image":[{"width":1200,"height":240,"url":"https:\/\/tiketi.com\/wp-content\/uploads\/2022\/01\/flight-ticket-booking-sorasak-KxCJXXGsv9I-unsplas.jpg","type":"image\/jpeg"}],"twitter_card":"summary_large_image","twitter_misc":{"Dur\u00e9e de lecture estim\u00e9e":"2 minutes"},"schema":{"@context":"https:\/\/schema.org","@graph":[{"@type":"WebPage","@id":"https:\/\/tiketi.com\/sw\/nauli-ndege\/arusha-kwenda-mwanza\/","url":"https:\/\/tiketi.com\/sw\/nauli-ndege\/arusha-kwenda-mwanza\/","name":"Vols \u00e0 bas prix de Arusha \u00e0 Mwanza","isPartOf":{"@id":"https:\/\/tiketi.com\/#website"},"primaryImageOfPage":{"@id":"https:\/\/tiketi.com\/sw\/nauli-ndege\/arusha-kwenda-mwanza\/#primaryimage"},"image":{"@id":"https:\/\/tiketi.com\/sw\/nauli-ndege\/arusha-kwenda-mwanza\/#primaryimage"},"thumbnailUrl":"https:\/\/tiketi.com\/wp-content\/uploads\/2022\/01\/flight-ticket-booking-sorasak-KxCJXXGsv9I-unsplas.jpg","datePublished":"2022-01-19T11:53:42+00:00","dateModified":"2022-09-14T12:41:53+00:00","description":"Vous recherchez des offres exceptionnelles sur les vols Arusha-Mwanza ? Comparez et r\u00e9servez d\u00e8s maintenant des vols \u00e0 bas prix de Arusha \u00e0 Mwanza","breadcrumb":{"@id":"https:\/\/tiketi.com\/sw\/nauli-ndege\/arusha-kwenda-mwanza\/#breadcrumb"},"inLanguage":"fr-FR","potentialAction":[{"@type":"ReadAction","target":["https:\/\/tiketi.com\/sw\/nauli-ndege\/arusha-kwenda-mwanza\/"]}]},{"@type":"ImageObject","inLanguage":"fr-FR","@id":"https:\/\/tiketi.com\/sw\/nauli-ndege\/arusha-kwenda-mwanza\/#primaryimage","url":"https:\/\/tiketi.com\/wp-content\/uploads\/2022\/01\/flight-ticket-booking-sorasak-KxCJXXGsv9I-unsplas.jpg","contentUrl":"https:\/\/tiketi.com\/wp-content\/uploads\/2022\/01\/flight-ticket-booking-sorasak-KxCJXXGsv9I-unsplas.jpg","width":1200,"height":240,"caption":"Online flight ticket booking"},{"@type":"BreadcrumbList","@id":"https:\/\/tiketi.com\/sw\/nauli-ndege\/arusha-kwenda-mwanza\/#breadcrumb","itemListElement":[{"@type":"ListItem","position":1,"name":"Home","item":"https:\/\/tiketi.com\/"},{"@type":"ListItem","position":2,"name":"Cheap Flights","item":"https:\/\/tiketi.com\/cheap-flights\/"},{"@type":"ListItem","position":3,"name":"Cheap Flights from Arusha to Mwanza"}]},{"@type":"WebSite","@id":"https:\/\/tiketi.com\/#website","url":"https:\/\/tiketi.com\/","name":"Billets d&#039;avion et de bus, forfaits touristiques et activit\u00e9s - Tiketi.com","description":"Billets d&#039;avion et de bus, Tours, Activit\u00e9s","publisher":{"@id":"https:\/\/tiketi.com\/#organization"},"potentialAction":[{"@type":"SearchAction","target":{"@type":"EntryPoint","urlTemplate":"https:\/\/tiketi.com\/?s={search_term_string}"},"query-input":{"@type":"PropertyValueSpecification","valueRequired":true,"valueName":"search_term_string"}}],"inLanguage":"fr-FR"},{"@type":"Organization","@id":"https:\/\/tiketi.com\/#organization","name":"Tiketi.com","alternateName":"Tiketi","url":"https:\/\/tiketi.com\/","logo":{"@type":"ImageObject","inLanguage":"fr-FR","@id":"https:\/\/tiketi.com\/#\/schema\/logo\/image\/","url":"https:\/\/tiketi.com\/wp-content\/uploads\/2019\/05\/tiketi-logo-696.png","contentUrl":"https:\/\/tiketi.com\/wp-content\/uploads\/2019\/05\/tiketi-logo-696.png","width":696,"height":696,"caption":"Tiketi.com"},"image":{"@id":"https:\/\/tiketi.com\/#\/schema\/logo\/image\/"},"sameAs":["https:\/\/www.facebook.com\/TiketiCom\/"]}]}},"_links":{"self":[{"href":"https:\/\/tiketi.com\/fr-fr\/wp-json\/wp\/v2\/pages\/10703","targetHints":{"allow":["GET"]}}],"collection":[{"href":"https:\/\/tiketi.com\/fr-fr\/wp-json\/wp\/v2\/pages"}],"about":[{"href":"https:\/\/tiketi.com\/fr-fr\/wp-json\/wp\/v2\/types\/page"}],"author":[{"embeddable":true,"href":"https:\/\/tiketi.com\/fr-fr\/wp-json\/wp\/v2\/users\/1"}],"replies":[{"embeddable":true,"href":"https:\/\/tiketi.com\/fr-fr\/wp-json\/wp\/v2\/comments?post=10703"}],"version-history":[{"count":0,"href":"https:\/\/tiketi.com\/fr-fr\/wp-json\/wp\/v2\/pages\/10703\/revisions"}],"up":[{"embeddable":true,"href":"https:\/\/tiketi.com\/fr-fr\/wp-json\/wp\/v2\/pages\/23264"}],"wp:featuredmedia":[{"embeddable":true,"href":"https:\/\/tiketi.com\/fr-fr\/wp-json\/wp\/v2\/media\/14041"}],"wp:attachment":[{"href":"https:\/\/tiketi.com\/fr-fr\/wp-json\/wp\/v2\/media?parent=10703"}],"curies":[{"name":"wp","href":"https:\/\/api.w.org\/{rel}","templated":true}]}}