{"id":10704,"date":"2022-01-19T12:53:42","date_gmt":"2022-01-19T11:53:42","guid":{"rendered":"https:\/\/new.tiketi.com\/cheap-flights-from-arusha-to-mbeya\/"},"modified":"2022-09-14T13:32:19","modified_gmt":"2022-09-14T12:32:19","slug":"arusha-to-mbeya","status":"publish","type":"page","link":"https:\/\/tiketi.com\/fr-fr\/cheap-flights\/arusha-to-mbeya\/","title":{"rendered":"Vols \u00e0 bas prix de Arusha \u00e0 Mbeya"},"content":{"rendered":"<h2>Vous \u00eates \u00e0 la recherche de billets d&#039;avion pas chers Arusha - Mbeya ou d&#039;offres de derni\u00e8re minute ?<\/h2>\n<h3>Recherchez, comparez et r\u00e9servez en ligne maintenant des billets d&#039;avion pas chers de Arusha \u00e0 Mbeya (ARK) \/ (MBI).<\/h3>\n<p>R\u00e9servez des vols pas chers de Arusha \u00e0 Mbeya en ligne avec Tiketi.com pour les meilleures offres. Mbeya est une ville situ\u00e9e au sud-ouest de la Tanzanie, en Afrique. La population urbaine de Mbeya n&#039;\u00e9tait que de 280 000 en 2008. Mbeya est la capitale de la r\u00e9gion rurale voisine de Mbeya. Mbeya est la principale grande agglom\u00e9ration urbaine rencontr\u00e9e lors d&#039;un voyage par voie terrestre depuis le pays voisin de la Zambie. Mbeya est situ\u00e9e \u00e0 une altitude de 1 700 m\u00e8tres et s&#039;\u00e9tend via une \u00e9troite vall\u00e9e montagneuse bord\u00e9e par un bol de hautes montagnes. La langue cl\u00e9 est le swahili familier et la langue anglaise est largement enseign\u00e9e \u00e0 l&#039;\u00e9cole. R\u00e9servez des vols de Arusha \u00e0 Mbeya au prix le plus bas \u2013 obtenez des offres exceptionnelles sur votre billet d&#039;avion de Arusha \u00e0 Mbeya en ligne. N&#039;h\u00e9sitez plus et profitez d\u00e8s maintenant d&#039;offres incroyables sur les billets d&#039;avion entre Arusha et Mbeya.<\/p>\n<p>Voici les id\u00e9es sur la fa\u00e7on de r\u00e9server des vols pas chers d&#039;Arusha \u00e0 Mbeya.<\/p>\n<h2>FAQ sur les vols \u00e0 bas prix de Arusha \u00e0 Mbeya<\/h2>\n<h3>Quelle est la distance de vol entre Arusha et Mbeya?<\/h3>\n<p>La distance entre Arusha et Mbeya est de 441 miles.<\/p>\n<h3>Quelles sont les compagnies a\u00e9riennes c\u00e9l\u00e8bres avec des vols Arusha - Mbeya ?<\/h3>\n<p>Les compagnies a\u00e9riennes avec des vols directs au d\u00e9part d&#039;Arusha vers Mbeya sont :<\/p>\n<p>\u2022 Air de pr\u00e9cision<br \/>\n\u2022 Air Aurique<\/p>\n<h3>Quelle est la journ\u00e9e abordable pour voler entre Arusha et Mbeya ?<\/h3>\n<p>Les vols les moins chers sont accessibles le jeudi et le mercredi. Les prix sont g\u00e9n\u00e9ralement plus \u00e9lev\u00e9s le week-end.<\/p>\n<h3>Quel est le prix d&#039;un billet d&#039;avion Arusha-Mbeya ?<\/h3>\n<p>Le billet d&#039;avion d&#039;Arusha \u00e0 Mbeya co\u00fbte environ $575.<\/p>\n<h3>Quel est le meilleur mois pour voyager de Arusha \u00e0 Mbeya ?<\/h3>\n<p>L&#039;excellente p\u00e9riode de l&#039;ann\u00e9e pour aller \u00e0 Mbeya en partant d&#039;Arusha d\u00e9pend de plusieurs facteurs de pr\u00e9f\u00e9rence comme le climat, la saison et le prix. En termes de popularit\u00e9, f\u00e9vrier est le meilleur mois pour les billets d&#039;avion en provenance de<\/p>\n<p>Arusha \u00e0 Mbeya. Il est \u00e9galement abordable d&#039;acheter un billet aller-retour plut\u00f4t qu&#039;un billet aller simple.<\/p>\n<h2>Conseils sur les vols Arusha - Mbeya<\/h2>\n<p>Mbeya est reli\u00e9e au reste de la Tanzanie par avion via l&#039;a\u00e9roport de Songwe qui a \u00e9t\u00e9 ouvert en d\u00e9cembre 2012. C&#039;est l&#039;un des 4 grands a\u00e9roports accessibles en Tanzanie. Fastjet et Auric air volent de Songwe \u00e0 Dar es Salaam.<\/p>","protected":false},"excerpt":{"rendered":"<p>Looking for cheap airline ticket from Arusha to Mbeya\u00a0or last minute deals? Search, compare and book cheap airline ticket from Arusha to Mbeya (ARK) \/ (MBI) online now. Book cheap flights from Arusha to Mbeya online with Tiketi.com for the best deals. Mbeya is a city placed in southwest Tanzania, Africa. Mbeya urban population was [&hellip;]<\/p>\n","protected":false},"author":1,"featured_media":14041,"parent":23264,"menu_order":0,"comment_status":"open","ping_status":"closed","template":"template-home-modern.php","meta":{"footnotes":""},"class_list":["post-10704","page","type-page","status-publish","has-post-thumbnail","hentry"],"yoast_head":"<!-- This site is optimized with the Yoast SEO plugin v27.3 - https:\/\/yoast.com\/product\/yoast-seo-wordpress\/ -->\n<title>Cheap Flights from Arusha to Mbeya<\/title>\n<meta name=\"description\" content=\"Looking for great offers on Arusha to Mbeya flights (ARK) \/ (MBI)? Compare and book cheap flights from\u00a0Arusha to Mbeya online now\" \/>\n<meta name=\"robots\" content=\"index, follow, max-snippet:-1, max-image-preview:large, max-video-preview:-1\" \/>\n<link rel=\"canonical\" href=\"https:\/\/tiketi.com\/fr-fr\/nauli-ndege\/arusha-kwenda-mbeya\/\" \/>\n<meta property=\"og:locale\" content=\"fr_FR\" \/>\n<meta property=\"og:type\" content=\"article\" \/>\n<meta property=\"og:title\" content=\"Cheap Flights from Arusha to Mbeya\" \/>\n<meta property=\"og:description\" content=\"Looking for great offers on Arusha to Mbeya flights (ARK) \/ (MBI)? Compare and book cheap flights from\u00a0Arusha to Mbeya online now\" \/>\n<meta property=\"og:url\" content=\"https:\/\/tiketi.com\/fr-fr\/nauli-ndege\/arusha-kwenda-mbeya\/\" \/>\n<meta property=\"og:site_name\" content=\"Tiketi.com\" \/>\n<meta property=\"article:publisher\" content=\"https:\/\/www.facebook.com\/TiketiCom\/\" \/>\n<meta property=\"article:modified_time\" content=\"2022-09-14T12:32:19+00:00\" \/>\n<meta property=\"og:image\" content=\"https:\/\/tiketi.com\/wp-content\/uploads\/2022\/01\/flight-ticket-booking-sorasak-KxCJXXGsv9I-unsplas.jpg\" \/>\n\t<meta property=\"og:image:width\" content=\"1200\" \/>\n\t<meta property=\"og:image:height\" content=\"240\" \/>\n\t<meta property=\"og:image:type\" content=\"image\/jpeg\" \/>\n<meta name=\"twitter:card\" content=\"summary_large_image\" \/>\n<meta name=\"twitter:label1\" content=\"Dur\u00e9e de lecture estim\u00e9e\" \/>\n\t<meta name=\"twitter:data1\" content=\"2 minutes\" \/>\n<script type=\"application\/ld+json\" class=\"yoast-schema-graph\">{\"@context\":\"https:\\\/\\\/schema.org\",\"@graph\":[{\"@type\":\"WebPage\",\"@id\":\"https:\\\/\\\/tiketi.com\\\/sw\\\/nauli-ndege\\\/arusha-kwenda-mbeya\\\/\",\"url\":\"https:\\\/\\\/tiketi.com\\\/sw\\\/nauli-ndege\\\/arusha-kwenda-mbeya\\\/\",\"name\":\"Cheap Flights from Arusha to Mbeya\",\"isPartOf\":{\"@id\":\"https:\\\/\\\/tiketi.com\\\/#website\"},\"primaryImageOfPage\":{\"@id\":\"https:\\\/\\\/tiketi.com\\\/sw\\\/nauli-ndege\\\/arusha-kwenda-mbeya\\\/#primaryimage\"},\"image\":{\"@id\":\"https:\\\/\\\/tiketi.com\\\/sw\\\/nauli-ndege\\\/arusha-kwenda-mbeya\\\/#primaryimage\"},\"thumbnailUrl\":\"https:\\\/\\\/tiketi.com\\\/wp-content\\\/uploads\\\/2022\\\/01\\\/flight-ticket-booking-sorasak-KxCJXXGsv9I-unsplas.jpg\",\"datePublished\":\"2022-01-19T11:53:42+00:00\",\"dateModified\":\"2022-09-14T12:32:19+00:00\",\"description\":\"Looking for great offers on Arusha to Mbeya flights (ARK) \\\/ (MBI)? Compare and book cheap flights from\u00a0Arusha to Mbeya online now\",\"breadcrumb\":{\"@id\":\"https:\\\/\\\/tiketi.com\\\/sw\\\/nauli-ndege\\\/arusha-kwenda-mbeya\\\/#breadcrumb\"},\"inLanguage\":\"fr-FR\",\"potentialAction\":[{\"@type\":\"ReadAction\",\"target\":[\"https:\\\/\\\/tiketi.com\\\/sw\\\/nauli-ndege\\\/arusha-kwenda-mbeya\\\/\"]}]},{\"@type\":\"ImageObject\",\"inLanguage\":\"fr-FR\",\"@id\":\"https:\\\/\\\/tiketi.com\\\/sw\\\/nauli-ndege\\\/arusha-kwenda-mbeya\\\/#primaryimage\",\"url\":\"https:\\\/\\\/tiketi.com\\\/wp-content\\\/uploads\\\/2022\\\/01\\\/flight-ticket-booking-sorasak-KxCJXXGsv9I-unsplas.jpg\",\"contentUrl\":\"https:\\\/\\\/tiketi.com\\\/wp-content\\\/uploads\\\/2022\\\/01\\\/flight-ticket-booking-sorasak-KxCJXXGsv9I-unsplas.jpg\",\"width\":1200,\"height\":240,\"caption\":\"Online flight ticket booking\"},{\"@type\":\"BreadcrumbList\",\"@id\":\"https:\\\/\\\/tiketi.com\\\/sw\\\/nauli-ndege\\\/arusha-kwenda-mbeya\\\/#breadcrumb\",\"itemListElement\":[{\"@type\":\"ListItem\",\"position\":1,\"name\":\"Home\",\"item\":\"https:\\\/\\\/tiketi.com\\\/\"},{\"@type\":\"ListItem\",\"position\":2,\"name\":\"Cheap Flights\",\"item\":\"https:\\\/\\\/tiketi.com\\\/cheap-flights\\\/\"},{\"@type\":\"ListItem\",\"position\":3,\"name\":\"Cheap Flights from Arusha to Mbeya\"}]},{\"@type\":\"WebSite\",\"@id\":\"https:\\\/\\\/tiketi.com\\\/#website\",\"url\":\"https:\\\/\\\/tiketi.com\\\/\",\"name\":\"Flight & Bus Tickets, Tour Packages & Activitites - Tiketi.com\",\"description\":\"Flight &amp; Bus Tickets, Tours, Activitites\",\"publisher\":{\"@id\":\"https:\\\/\\\/tiketi.com\\\/#organization\"},\"potentialAction\":[{\"@type\":\"SearchAction\",\"target\":{\"@type\":\"EntryPoint\",\"urlTemplate\":\"https:\\\/\\\/tiketi.com\\\/?s={search_term_string}\"},\"query-input\":{\"@type\":\"PropertyValueSpecification\",\"valueRequired\":true,\"valueName\":\"search_term_string\"}}],\"inLanguage\":\"fr-FR\"},{\"@type\":\"Organization\",\"@id\":\"https:\\\/\\\/tiketi.com\\\/#organization\",\"name\":\"Tiketi.com\",\"alternateName\":\"Tiketi\",\"url\":\"https:\\\/\\\/tiketi.com\\\/\",\"logo\":{\"@type\":\"ImageObject\",\"inLanguage\":\"fr-FR\",\"@id\":\"https:\\\/\\\/tiketi.com\\\/#\\\/schema\\\/logo\\\/image\\\/\",\"url\":\"https:\\\/\\\/tiketi.com\\\/wp-content\\\/uploads\\\/2019\\\/05\\\/tiketi-logo-696.png\",\"contentUrl\":\"https:\\\/\\\/tiketi.com\\\/wp-content\\\/uploads\\\/2019\\\/05\\\/tiketi-logo-696.png\",\"width\":696,\"height\":696,\"caption\":\"Tiketi.com\"},\"image\":{\"@id\":\"https:\\\/\\\/tiketi.com\\\/#\\\/schema\\\/logo\\\/image\\\/\"},\"sameAs\":[\"https:\\\/\\\/www.facebook.com\\\/TiketiCom\\\/\"]}]}<\/script>\n<!-- \/ Yoast SEO plugin. -->","yoast_head_json":{"title":"Vols \u00e0 bas prix de Arusha \u00e0 Mbeya","description":"Vous recherchez des offres exceptionnelles sur les vols Arusha - Mbeya (ARK) \/ (MBI) ? Comparez et r\u00e9servez d\u00e8s maintenant des vols \u00e0 bas prix de Arusha \u00e0 Mbeya","robots":{"index":"index","follow":"follow","max-snippet":"max-snippet:-1","max-image-preview":"max-image-preview:large","max-video-preview":"max-video-preview:-1"},"canonical":"https:\/\/tiketi.com\/fr-fr\/nauli-ndege\/arusha-kwenda-mbeya\/","og_locale":"fr_FR","og_type":"article","og_title":"Cheap Flights from Arusha to Mbeya","og_description":"Looking for great offers on Arusha to Mbeya flights (ARK) \/ (MBI)? Compare and book cheap flights from\u00a0Arusha to Mbeya online now","og_url":"https:\/\/tiketi.com\/fr-fr\/nauli-ndege\/arusha-kwenda-mbeya\/","og_site_name":"Tiketi.com","article_publisher":"https:\/\/www.facebook.com\/TiketiCom\/","article_modified_time":"2022-09-14T12:32:19+00:00","og_image":[{"width":1200,"height":240,"url":"https:\/\/tiketi.com\/wp-content\/uploads\/2022\/01\/flight-ticket-booking-sorasak-KxCJXXGsv9I-unsplas.jpg","type":"image\/jpeg"}],"twitter_card":"summary_large_image","twitter_misc":{"Dur\u00e9e de lecture estim\u00e9e":"2 minutes"},"schema":{"@context":"https:\/\/schema.org","@graph":[{"@type":"WebPage","@id":"https:\/\/tiketi.com\/sw\/nauli-ndege\/arusha-kwenda-mbeya\/","url":"https:\/\/tiketi.com\/sw\/nauli-ndege\/arusha-kwenda-mbeya\/","name":"Vols \u00e0 bas prix de Arusha \u00e0 Mbeya","isPartOf":{"@id":"https:\/\/tiketi.com\/#website"},"primaryImageOfPage":{"@id":"https:\/\/tiketi.com\/sw\/nauli-ndege\/arusha-kwenda-mbeya\/#primaryimage"},"image":{"@id":"https:\/\/tiketi.com\/sw\/nauli-ndege\/arusha-kwenda-mbeya\/#primaryimage"},"thumbnailUrl":"https:\/\/tiketi.com\/wp-content\/uploads\/2022\/01\/flight-ticket-booking-sorasak-KxCJXXGsv9I-unsplas.jpg","datePublished":"2022-01-19T11:53:42+00:00","dateModified":"2022-09-14T12:32:19+00:00","description":"Vous recherchez des offres exceptionnelles sur les vols Arusha - Mbeya (ARK) \/ (MBI) ? Comparez et r\u00e9servez d\u00e8s maintenant des vols \u00e0 bas prix de Arusha \u00e0 Mbeya","breadcrumb":{"@id":"https:\/\/tiketi.com\/sw\/nauli-ndege\/arusha-kwenda-mbeya\/#breadcrumb"},"inLanguage":"fr-FR","potentialAction":[{"@type":"ReadAction","target":["https:\/\/tiketi.com\/sw\/nauli-ndege\/arusha-kwenda-mbeya\/"]}]},{"@type":"ImageObject","inLanguage":"fr-FR","@id":"https:\/\/tiketi.com\/sw\/nauli-ndege\/arusha-kwenda-mbeya\/#primaryimage","url":"https:\/\/tiketi.com\/wp-content\/uploads\/2022\/01\/flight-ticket-booking-sorasak-KxCJXXGsv9I-unsplas.jpg","contentUrl":"https:\/\/tiketi.com\/wp-content\/uploads\/2022\/01\/flight-ticket-booking-sorasak-KxCJXXGsv9I-unsplas.jpg","width":1200,"height":240,"caption":"Online flight ticket booking"},{"@type":"BreadcrumbList","@id":"https:\/\/tiketi.com\/sw\/nauli-ndege\/arusha-kwenda-mbeya\/#breadcrumb","itemListElement":[{"@type":"ListItem","position":1,"name":"Home","item":"https:\/\/tiketi.com\/"},{"@type":"ListItem","position":2,"name":"Cheap Flights","item":"https:\/\/tiketi.com\/cheap-flights\/"},{"@type":"ListItem","position":3,"name":"Cheap Flights from Arusha to Mbeya"}]},{"@type":"WebSite","@id":"https:\/\/tiketi.com\/#website","url":"https:\/\/tiketi.com\/","name":"Billets d&#039;avion et de bus, forfaits touristiques et activit\u00e9s - Tiketi.com","description":"Billets d&#039;avion et de bus, Tours, Activit\u00e9s","publisher":{"@id":"https:\/\/tiketi.com\/#organization"},"potentialAction":[{"@type":"SearchAction","target":{"@type":"EntryPoint","urlTemplate":"https:\/\/tiketi.com\/?s={search_term_string}"},"query-input":{"@type":"PropertyValueSpecification","valueRequired":true,"valueName":"search_term_string"}}],"inLanguage":"fr-FR"},{"@type":"Organization","@id":"https:\/\/tiketi.com\/#organization","name":"Tiketi.com","alternateName":"Tiketi","url":"https:\/\/tiketi.com\/","logo":{"@type":"ImageObject","inLanguage":"fr-FR","@id":"https:\/\/tiketi.com\/#\/schema\/logo\/image\/","url":"https:\/\/tiketi.com\/wp-content\/uploads\/2019\/05\/tiketi-logo-696.png","contentUrl":"https:\/\/tiketi.com\/wp-content\/uploads\/2019\/05\/tiketi-logo-696.png","width":696,"height":696,"caption":"Tiketi.com"},"image":{"@id":"https:\/\/tiketi.com\/#\/schema\/logo\/image\/"},"sameAs":["https:\/\/www.facebook.com\/TiketiCom\/"]}]}},"_links":{"self":[{"href":"https:\/\/tiketi.com\/fr-fr\/wp-json\/wp\/v2\/pages\/10704","targetHints":{"allow":["GET"]}}],"collection":[{"href":"https:\/\/tiketi.com\/fr-fr\/wp-json\/wp\/v2\/pages"}],"about":[{"href":"https:\/\/tiketi.com\/fr-fr\/wp-json\/wp\/v2\/types\/page"}],"author":[{"embeddable":true,"href":"https:\/\/tiketi.com\/fr-fr\/wp-json\/wp\/v2\/users\/1"}],"replies":[{"embeddable":true,"href":"https:\/\/tiketi.com\/fr-fr\/wp-json\/wp\/v2\/comments?post=10704"}],"version-history":[{"count":0,"href":"https:\/\/tiketi.com\/fr-fr\/wp-json\/wp\/v2\/pages\/10704\/revisions"}],"up":[{"embeddable":true,"href":"https:\/\/tiketi.com\/fr-fr\/wp-json\/wp\/v2\/pages\/23264"}],"wp:featuredmedia":[{"embeddable":true,"href":"https:\/\/tiketi.com\/fr-fr\/wp-json\/wp\/v2\/media\/14041"}],"wp:attachment":[{"href":"https:\/\/tiketi.com\/fr-fr\/wp-json\/wp\/v2\/media?parent=10704"}],"curies":[{"name":"wp","href":"https:\/\/api.w.org\/{rel}","templated":true}]}}