{"id":10705,"date":"2022-01-19T12:53:42","date_gmt":"2022-01-19T11:53:42","guid":{"rendered":"https:\/\/new.tiketi.com\/cheap-flights-from-arusha-to-dodoma\/"},"modified":"2022-07-29T22:13:40","modified_gmt":"2022-07-29T21:13:40","slug":"cheap-flights-from-arusha-to-dodoma","status":"publish","type":"page","link":"https:\/\/tiketi.com\/fr-fr\/cheap-flights-from-arusha-to-dodoma\/","title":{"rendered":"Vols \u00e0 bas prix de Arusha \u00e0 Dodoma"},"content":{"rendered":"<div class=\"wpb-content-wrapper\"><div class=\"vc_row wpb_row st bg-holder\"><div class='container'><div class='row'>\n\t<div class=\"wpb_column column_container col-md-12\"><div class=\"vc_column-inner wpb_wrapper\">\n\t\t\t\n\t<div class=\"wpb_text_column wpb_content_element\" >\n\t\t<div class=\"wpb_wrapper\">\n\t\t\t<style>\n      @keyframes spinner {<br \/>        0% {<br \/>          transform: translate3d(-50%, -50%, 0) rotate(0deg);<br \/>        }<br \/>        100% {<br \/>          transform: translate3d(-50%, -50%, 0) rotate(360deg);<br \/>        }<br \/>      }<br \/>      .spin::before {<br \/>        animation: 1.5s linear infinite spinner;<br \/>        animation-play-state: inherit;<br \/>        border: solid 5px #cfd0d1;<br \/>        border-bottom-color: #1c87c9;<br \/>        border-radius: 50%;<br \/>        content: \"\";<br \/>        height: 40px;<br \/>        width: 40px;<br \/>        position: absolute;<br \/>        top: 50%;<br \/>        left: 50%;<br \/>        transform: translate3d(-50%, -50%, 0);<br \/>        will-change: transform;<br \/>      }<\/p>\n<p>      iframe {<br \/>        height: 100vh !important;<br \/>        width: 100%;<br \/>      }<\/p>\n<\/style>\n<div id=\"logs\">\u00a0<\/div>\n<p><iframe id=\"travelstartIframe-39daee2d-b6c4-4404-bbbc-efabeb5045db\" style=\"margin: 0px; padding: 0px; border: 0px; height: 0px; background-color: #fafafa;\" frameborder=\"0\" scrolling=\"auto\"><br \/><\/iframe><\/p>\n<div class=\"spin\">\u00a0<\/div>\n<p><img loading=\"lazy\" decoding=\"async\" style=\"position: absolute; visibility: hidden;\" src=\"https:\/\/travelstart.zwjlk6.net\/i\/1876953\/619152\/5446\" width=\"0\" height=\"0\" border=\"0\" \/><\/p>\n<p><noscript><a href=\"https:\/\/travelstart.zwjlk6.net\/c\/1226055\/1302577\/5446\">Travelstart<\/a><\/noscript><\/p>\n\n\t\t<\/div>\n\t<\/div>\n<\/div>\n\t<\/div> \n<\/div><!--End .row--><\/div><!--End .container--><\/div>\r\n\r\n<h2>Vous \u00eates \u00e0 la recherche de billets d&#039;avion pas chers Arusha - Dodoma ou d&#039;offres de derni\u00e8re minute ?<\/h2>\r\n<h3>Recherchez, comparez et r\u00e9servez en ligne maintenant un billet d&#039;avion pas cher de Arusha (ARK) \u00e0 Dodoma (DOD).<\/h3>\r\nR\u00e9servez des vols pas chers de Arusha \u00e0 Dodoma en ligne avec Tiketi.com pour les meilleures offres. Situ\u00e9e au c\u0153ur de la Tanzanie, Dodoma est la capitale politique officielle du pays et le si\u00e8ge de l&#039;administration du pays. Comparativement, il est petit et moins d\u00e9velopp\u00e9 que le centre d&#039;affaires du pays, Dar es Salaam. R\u00e9servez des vols de Arusha vers Dodoma au prix le plus bas \u2013 obtenez des offres avantageuses sur votre billet d&#039;avion de Arusha vers Dodoma en ligne. N&#039;h\u00e9sitez plus et profitez d\u00e8s maintenant d&#039;offres incroyables sur les billets d&#039;avion entre Arusha et Dodoma. Voici quelques-unes des meilleures id\u00e9es pour r\u00e9server des vols pas chers d&#039;Arusha \u00e0 Dodoma :\r\n<h2>FAQ sur les vols \u00e0 bas prix de Arusha \u00e0 Dodoma<\/h2>\r\n<h3>Les vols Arusha-Dodoma sont-ils le moyen le plus rapide pour se rendre d&#039;Arusha \u00e0 Dodoma ?<\/h3>\r\nLe moyen le plus rapide pour se rendre de Arusha \u00e0 Dodoma est avion qui co\u00fbte $120 \u2013 $330 et prend 7h 50m.\r\n<h3>Quelle est la distance entre Arusha et Dodoma?<\/h3>\r\nLa distance entre Arusha et Dodoma est de 329 km en vol.\r\n<h3>Quelle est la dur\u00e9e des vols Arusha-Dodoma ?<\/h3>\r\nIl n&#039;y a pas de vol direct depuis l&#039;a\u00e9roport de Kilimandjaro jusqu&#039;\u00e0 l&#039;a\u00e9roport de Dodoma. Le vol le plus rapide dure 7h et comporte une escale.\r\n<h3>Quelles compagnies a\u00e9riennes volent de Arusha \u00e0 l&#039;a\u00e9roport de Dodoma ?<\/h3>\r\nAir Tanzania, Qatar Airways et Precision Air proposent des vols de l&#039;a\u00e9roport de Kilimandjaro \u00e0 l&#039;a\u00e9roport de Dodoma.\r\n<h3>Quel est le meilleur jour pour acheter des billets d&#039;avion pas chers de Arusha \u00e0 Dodoma ?<\/h3>\r\nLes jours abordables pour obtenir des billets d&#039;avion pas chers d&#039;Arusha \u00e0 Dodoma sont le lundi, mardi, mercredi et jeudi.\r\n<h3>Quel est le meilleur mois pour voyager de Arusha \u00e0 Dodoma ?<\/h3>\r\nLe mois d&#039;ao\u00fbt est le meilleur mois pour voyager de Arusha \u00e0 Dodoma, alors r\u00e9servez vos billets d&#039;avion de Arusha \u00e0 Dodoma d\u00e8s maintenant.\r\n<h3>Combien de vols volent de Dodoma \u00e0 Arusha ?<\/h3>\r\nEn moyenne 3 vols op\u00e9rant quotidiennement de Dodoma \u00e0 Arusha.\r\n<h2>Conseils sur les vols Arusha - Dodoma<\/h2>\r\nDodoma reste un c\u0153ur pour la politique nationale. Situ\u00e9e \u00e0 l&#039;extr\u00e9mit\u00e9 orientale des hautes terres du sud, la ville de Dodoma est bord\u00e9e par une riche r\u00e9gion agricole et des paysages magnifiques. Dodoma a beaucoup d&#039;endroits et d&#039;\u00e9l\u00e9ments d&#039;int\u00e9r\u00eat \u00e0 conseiller au visiteur de passage. C&#039;est le c\u0153ur de l&#039;industrie viticole en pleine croissance en Tanzanie.<\/div>","protected":false},"excerpt":{"rendered":"<p>Looking for cheap airline ticket from Arusha to Dodoma\u00a0or last minute deals? Search, compare and book cheap airline ticket from Arusha (ARK) to Dodoma (DOD) online now. Book cheap flights from Arusha to Dodoma online with Tiketi.com for the best deals. Placed in the heartland of Tanzania, Dodoma is the country official political capital and [&hellip;]<\/p>\n","protected":false},"author":1,"featured_media":14041,"parent":0,"menu_order":0,"comment_status":"open","ping_status":"closed","template":"template-home-modern.php","meta":{"footnotes":""},"class_list":["post-10705","page","type-page","status-publish","has-post-thumbnail","hentry"],"yoast_head":"<!-- This site is optimized with the Yoast SEO plugin v27.3 - https:\/\/yoast.com\/product\/yoast-seo-wordpress\/ -->\n<title>Cheap Flights from Arusha to Dodoma<\/title>\n<meta name=\"description\" content=\"Looking for great offers on Arusha to Dodoma flights? Compare and book cheap flights from\u00a0Arusha to Dodoma online now\" \/>\n<meta name=\"robots\" content=\"index, follow, max-snippet:-1, max-image-preview:large, max-video-preview:-1\" \/>\n<link rel=\"canonical\" href=\"https:\/\/tiketi.com\/fr-fr\/cheap-flights-from-arusha-to-dodoma\/\" \/>\n<meta property=\"og:locale\" content=\"fr_FR\" \/>\n<meta property=\"og:type\" content=\"article\" \/>\n<meta property=\"og:title\" content=\"Cheap Flights from Arusha to Dodoma\" \/>\n<meta property=\"og:description\" content=\"Looking for great offers on Arusha to Dodoma flights? Compare and book cheap flights from\u00a0Arusha to Dodoma online now\" \/>\n<meta property=\"og:url\" content=\"https:\/\/tiketi.com\/fr-fr\/cheap-flights-from-arusha-to-dodoma\/\" \/>\n<meta property=\"og:site_name\" content=\"Tiketi.com\" \/>\n<meta property=\"article:publisher\" content=\"https:\/\/www.facebook.com\/TiketiCom\/\" \/>\n<meta property=\"article:modified_time\" content=\"2022-07-29T21:13:40+00:00\" \/>\n<meta property=\"og:image\" content=\"https:\/\/tiketi.com\/wp-content\/uploads\/2022\/01\/flight-ticket-booking-sorasak-KxCJXXGsv9I-unsplas.jpg\" \/>\n\t<meta property=\"og:image:width\" content=\"1200\" \/>\n\t<meta property=\"og:image:height\" content=\"240\" \/>\n\t<meta property=\"og:image:type\" content=\"image\/jpeg\" \/>\n<meta name=\"twitter:card\" content=\"summary_large_image\" \/>\n<meta name=\"twitter:label1\" content=\"Dur\u00e9e de lecture estim\u00e9e\" \/>\n\t<meta name=\"twitter:data1\" content=\"3 minutes\" \/>\n<script type=\"application\/ld+json\" class=\"yoast-schema-graph\">{\"@context\":\"https:\\\/\\\/schema.org\",\"@graph\":[{\"@type\":\"WebPage\",\"@id\":\"https:\\\/\\\/tiketi.com\\\/fr-fr\\\/cheap-flights-from-arusha-to-dodoma\\\/\",\"url\":\"https:\\\/\\\/tiketi.com\\\/fr-fr\\\/cheap-flights-from-arusha-to-dodoma\\\/\",\"name\":\"Cheap Flights from Arusha to Dodoma\",\"isPartOf\":{\"@id\":\"https:\\\/\\\/tiketi.com\\\/#website\"},\"primaryImageOfPage\":{\"@id\":\"https:\\\/\\\/tiketi.com\\\/fr-fr\\\/cheap-flights-from-arusha-to-dodoma\\\/#primaryimage\"},\"image\":{\"@id\":\"https:\\\/\\\/tiketi.com\\\/fr-fr\\\/cheap-flights-from-arusha-to-dodoma\\\/#primaryimage\"},\"thumbnailUrl\":\"https:\\\/\\\/tiketi.com\\\/wp-content\\\/uploads\\\/2022\\\/01\\\/flight-ticket-booking-sorasak-KxCJXXGsv9I-unsplas.jpg\",\"datePublished\":\"2022-01-19T11:53:42+00:00\",\"dateModified\":\"2022-07-29T21:13:40+00:00\",\"description\":\"Looking for great offers on Arusha to Dodoma flights? Compare and book cheap flights from\u00a0Arusha to Dodoma online now\",\"breadcrumb\":{\"@id\":\"https:\\\/\\\/tiketi.com\\\/fr-fr\\\/cheap-flights-from-arusha-to-dodoma\\\/#breadcrumb\"},\"inLanguage\":\"fr-FR\",\"potentialAction\":[{\"@type\":\"ReadAction\",\"target\":[\"https:\\\/\\\/tiketi.com\\\/fr-fr\\\/cheap-flights-from-arusha-to-dodoma\\\/\"]}]},{\"@type\":\"ImageObject\",\"inLanguage\":\"fr-FR\",\"@id\":\"https:\\\/\\\/tiketi.com\\\/fr-fr\\\/cheap-flights-from-arusha-to-dodoma\\\/#primaryimage\",\"url\":\"https:\\\/\\\/tiketi.com\\\/wp-content\\\/uploads\\\/2022\\\/01\\\/flight-ticket-booking-sorasak-KxCJXXGsv9I-unsplas.jpg\",\"contentUrl\":\"https:\\\/\\\/tiketi.com\\\/wp-content\\\/uploads\\\/2022\\\/01\\\/flight-ticket-booking-sorasak-KxCJXXGsv9I-unsplas.jpg\",\"width\":1200,\"height\":240,\"caption\":\"Online flight ticket booking\"},{\"@type\":\"BreadcrumbList\",\"@id\":\"https:\\\/\\\/tiketi.com\\\/fr-fr\\\/cheap-flights-from-arusha-to-dodoma\\\/#breadcrumb\",\"itemListElement\":[{\"@type\":\"ListItem\",\"position\":1,\"name\":\"Home\",\"item\":\"https:\\\/\\\/tiketi.com\\\/\"},{\"@type\":\"ListItem\",\"position\":2,\"name\":\"Cheap Flights from Arusha to Dodoma\"}]},{\"@type\":\"WebSite\",\"@id\":\"https:\\\/\\\/tiketi.com\\\/#website\",\"url\":\"https:\\\/\\\/tiketi.com\\\/\",\"name\":\"Flight & Bus Tickets, Tour Packages & Activitites - Tiketi.com\",\"description\":\"Flight &amp; Bus Tickets, Tours, Activitites\",\"publisher\":{\"@id\":\"https:\\\/\\\/tiketi.com\\\/#organization\"},\"potentialAction\":[{\"@type\":\"SearchAction\",\"target\":{\"@type\":\"EntryPoint\",\"urlTemplate\":\"https:\\\/\\\/tiketi.com\\\/?s={search_term_string}\"},\"query-input\":{\"@type\":\"PropertyValueSpecification\",\"valueRequired\":true,\"valueName\":\"search_term_string\"}}],\"inLanguage\":\"fr-FR\"},{\"@type\":\"Organization\",\"@id\":\"https:\\\/\\\/tiketi.com\\\/#organization\",\"name\":\"Tiketi.com\",\"alternateName\":\"Tiketi\",\"url\":\"https:\\\/\\\/tiketi.com\\\/\",\"logo\":{\"@type\":\"ImageObject\",\"inLanguage\":\"fr-FR\",\"@id\":\"https:\\\/\\\/tiketi.com\\\/#\\\/schema\\\/logo\\\/image\\\/\",\"url\":\"https:\\\/\\\/tiketi.com\\\/wp-content\\\/uploads\\\/2019\\\/05\\\/tiketi-logo-696.png\",\"contentUrl\":\"https:\\\/\\\/tiketi.com\\\/wp-content\\\/uploads\\\/2019\\\/05\\\/tiketi-logo-696.png\",\"width\":696,\"height\":696,\"caption\":\"Tiketi.com\"},\"image\":{\"@id\":\"https:\\\/\\\/tiketi.com\\\/#\\\/schema\\\/logo\\\/image\\\/\"},\"sameAs\":[\"https:\\\/\\\/www.facebook.com\\\/TiketiCom\\\/\"]}]}<\/script>\n<!-- \/ Yoast SEO plugin. -->","yoast_head_json":{"title":"Vols \u00e0 bas prix de Arusha \u00e0 Dodoma","description":"Vous recherchez des offres exceptionnelles sur les vols Arusha-Dodoma ? Comparez et r\u00e9servez d\u00e8s maintenant des vols \u00e0 bas prix de Arusha \u00e0 Dodoma","robots":{"index":"index","follow":"follow","max-snippet":"max-snippet:-1","max-image-preview":"max-image-preview:large","max-video-preview":"max-video-preview:-1"},"canonical":"https:\/\/tiketi.com\/fr-fr\/cheap-flights-from-arusha-to-dodoma\/","og_locale":"fr_FR","og_type":"article","og_title":"Cheap Flights from Arusha to Dodoma","og_description":"Looking for great offers on Arusha to Dodoma flights? Compare and book cheap flights from\u00a0Arusha to Dodoma online now","og_url":"https:\/\/tiketi.com\/fr-fr\/cheap-flights-from-arusha-to-dodoma\/","og_site_name":"Tiketi.com","article_publisher":"https:\/\/www.facebook.com\/TiketiCom\/","article_modified_time":"2022-07-29T21:13:40+00:00","og_image":[{"width":1200,"height":240,"url":"https:\/\/tiketi.com\/wp-content\/uploads\/2022\/01\/flight-ticket-booking-sorasak-KxCJXXGsv9I-unsplas.jpg","type":"image\/jpeg"}],"twitter_card":"summary_large_image","twitter_misc":{"Dur\u00e9e de lecture estim\u00e9e":"3 minutes"},"schema":{"@context":"https:\/\/schema.org","@graph":[{"@type":"WebPage","@id":"https:\/\/tiketi.com\/fr-fr\/cheap-flights-from-arusha-to-dodoma\/","url":"https:\/\/tiketi.com\/fr-fr\/cheap-flights-from-arusha-to-dodoma\/","name":"Vols \u00e0 bas prix de Arusha \u00e0 Dodoma","isPartOf":{"@id":"https:\/\/tiketi.com\/#website"},"primaryImageOfPage":{"@id":"https:\/\/tiketi.com\/fr-fr\/cheap-flights-from-arusha-to-dodoma\/#primaryimage"},"image":{"@id":"https:\/\/tiketi.com\/fr-fr\/cheap-flights-from-arusha-to-dodoma\/#primaryimage"},"thumbnailUrl":"https:\/\/tiketi.com\/wp-content\/uploads\/2022\/01\/flight-ticket-booking-sorasak-KxCJXXGsv9I-unsplas.jpg","datePublished":"2022-01-19T11:53:42+00:00","dateModified":"2022-07-29T21:13:40+00:00","description":"Vous recherchez des offres exceptionnelles sur les vols Arusha-Dodoma ? Comparez et r\u00e9servez d\u00e8s maintenant des vols \u00e0 bas prix de Arusha \u00e0 Dodoma","breadcrumb":{"@id":"https:\/\/tiketi.com\/fr-fr\/cheap-flights-from-arusha-to-dodoma\/#breadcrumb"},"inLanguage":"fr-FR","potentialAction":[{"@type":"ReadAction","target":["https:\/\/tiketi.com\/fr-fr\/cheap-flights-from-arusha-to-dodoma\/"]}]},{"@type":"ImageObject","inLanguage":"fr-FR","@id":"https:\/\/tiketi.com\/fr-fr\/cheap-flights-from-arusha-to-dodoma\/#primaryimage","url":"https:\/\/tiketi.com\/wp-content\/uploads\/2022\/01\/flight-ticket-booking-sorasak-KxCJXXGsv9I-unsplas.jpg","contentUrl":"https:\/\/tiketi.com\/wp-content\/uploads\/2022\/01\/flight-ticket-booking-sorasak-KxCJXXGsv9I-unsplas.jpg","width":1200,"height":240,"caption":"Online flight ticket booking"},{"@type":"BreadcrumbList","@id":"https:\/\/tiketi.com\/fr-fr\/cheap-flights-from-arusha-to-dodoma\/#breadcrumb","itemListElement":[{"@type":"ListItem","position":1,"name":"Home","item":"https:\/\/tiketi.com\/"},{"@type":"ListItem","position":2,"name":"Cheap Flights from Arusha to Dodoma"}]},{"@type":"WebSite","@id":"https:\/\/tiketi.com\/#website","url":"https:\/\/tiketi.com\/","name":"Billets d&#039;avion et de bus, forfaits touristiques et activit\u00e9s - Tiketi.com","description":"Billets d&#039;avion et de bus, Tours, Activit\u00e9s","publisher":{"@id":"https:\/\/tiketi.com\/#organization"},"potentialAction":[{"@type":"SearchAction","target":{"@type":"EntryPoint","urlTemplate":"https:\/\/tiketi.com\/?s={search_term_string}"},"query-input":{"@type":"PropertyValueSpecification","valueRequired":true,"valueName":"search_term_string"}}],"inLanguage":"fr-FR"},{"@type":"Organization","@id":"https:\/\/tiketi.com\/#organization","name":"Tiketi.com","alternateName":"Tiketi","url":"https:\/\/tiketi.com\/","logo":{"@type":"ImageObject","inLanguage":"fr-FR","@id":"https:\/\/tiketi.com\/#\/schema\/logo\/image\/","url":"https:\/\/tiketi.com\/wp-content\/uploads\/2019\/05\/tiketi-logo-696.png","contentUrl":"https:\/\/tiketi.com\/wp-content\/uploads\/2019\/05\/tiketi-logo-696.png","width":696,"height":696,"caption":"Tiketi.com"},"image":{"@id":"https:\/\/tiketi.com\/#\/schema\/logo\/image\/"},"sameAs":["https:\/\/www.facebook.com\/TiketiCom\/"]}]}},"_links":{"self":[{"href":"https:\/\/tiketi.com\/fr-fr\/wp-json\/wp\/v2\/pages\/10705","targetHints":{"allow":["GET"]}}],"collection":[{"href":"https:\/\/tiketi.com\/fr-fr\/wp-json\/wp\/v2\/pages"}],"about":[{"href":"https:\/\/tiketi.com\/fr-fr\/wp-json\/wp\/v2\/types\/page"}],"author":[{"embeddable":true,"href":"https:\/\/tiketi.com\/fr-fr\/wp-json\/wp\/v2\/users\/1"}],"replies":[{"embeddable":true,"href":"https:\/\/tiketi.com\/fr-fr\/wp-json\/wp\/v2\/comments?post=10705"}],"version-history":[{"count":0,"href":"https:\/\/tiketi.com\/fr-fr\/wp-json\/wp\/v2\/pages\/10705\/revisions"}],"wp:featuredmedia":[{"embeddable":true,"href":"https:\/\/tiketi.com\/fr-fr\/wp-json\/wp\/v2\/media\/14041"}],"wp:attachment":[{"href":"https:\/\/tiketi.com\/fr-fr\/wp-json\/wp\/v2\/media?parent=10705"}],"curies":[{"name":"wp","href":"https:\/\/api.w.org\/{rel}","templated":true}]}}