{"id":10706,"date":"2022-01-19T12:53:42","date_gmt":"2022-01-19T11:53:42","guid":{"rendered":"https:\/\/new.tiketi.com\/cheap-flights-from-arusha-to-dar-es-salaam\/"},"modified":"2022-02-07T12:22:31","modified_gmt":"2022-02-07T11:22:31","slug":"cheap-flights-from-arusha-to-dar-es-salaam","status":"publish","type":"page","link":"https:\/\/tiketi.com\/fr-fr\/cheap-flights-from-arusha-to-dar-es-salaam\/","title":{"rendered":"Vols \u00e0 bas prix de Arusha \u00e0 Dar es Salam"},"content":{"rendered":"<h2>Vous recherchez un billet d&#039;avion pas cher Arusha vers Dar es Salam ou des offres de derni\u00e8re minute ?<\/h2>\n<h3>Recherchez, comparez et r\u00e9servez en ligne maintenant un billet d&#039;avion pas cher entre Addis-Abeba (ADD) et Nairobi (NBO).<\/h3>\n<p>R\u00e9servez en ligne des vols \u00e0 bas prix de Arusha \u00e0 Dar es Salam et \u00e9conomisez du temps et de l&#039;argent. Avec une histoire \u00e9norme et mouvement\u00e9e, Dar es Salaam offre une multitude d&#039;attractions culturelles et historiques pour les vacanciers et autres visiteurs \u00e0 appr\u00e9cier lors de la visite de Dar es Salaam. Si vous prenez des vols pas chers d&#039;Arusha \u00e0 Dar es Salaam pour y passer le week-end, vous pourrez assister \u00e0 des danses tribales au mus\u00e9e du village. Obtenez des offres exceptionnelles sur votre billet d&#039;avion de Arusha \u00e0 Dar es Salaam en ligne. N&#039;h\u00e9sitez plus et profitez d\u00e8s maintenant d&#039;offres incroyables sur les billets d&#039;avion entre Arusha et Dar es Salaam.<\/p>\n<h2>FAQ sur les vols \u00e0 bas prix de Arusha \u00e0 Dar es Salam<\/h2>\n<h3>Combien de temps dure un vol entre Arusha et Dar es Salam ?<\/h3>\n<p>Un vol direct dure 1h 25m, couvrant une distance de 280 miles.<\/p>\n<h3>Combien de vols y a-t-il entre Dar es Salam et Arusha ?<\/h3>\n<p>Il y a 90 vols par semaine entre Dar es Salaam et Arusha, d&#039;une dur\u00e9e moyenne de douze jours.<\/p>\n<h3>Quelles compagnies a\u00e9riennes proposent des billets d&#039;avion pas chers entre Arusha et Dar es Salam ?<\/h3>\n<p>Precision Air et Air Tanzania proposent le billet d&#039;avion pas cher d&#039;Arusha \u00e0 Dar es Salaam.<\/p>\n<h3>Quel est le jour de la semaine le moins cher pour acheter des vols Arusha - Dar es Salam ?<\/h3>\n<p>Le jeudi est le jour le moins cher pour voyager en moyenne et le lundi est le plus cher. Volant de Dar es Salaam \u00e0 Arusha, les meilleures offres sont g\u00e9n\u00e9ralement trouv\u00e9es le vendredi, le dimanche \u00e9tant le plus cher.<\/p>\n<h3>Quels a\u00e9roports utiliserez-vous pour voyager entre Dar es Salam et Arusha ?<\/h3>\n<p>En partant d&#039;Arusha, vous utiliserez l&#039;a\u00e9roport d&#039;Arusha. Vous atterrirez \u00e0 Dar es Salaam, \u00e9galement appel\u00e9 a\u00e9roport de Dar es Salaam.<\/p>\n<h2>Conseils sur les vols Arusha - Dar es Salam<\/h2>\n<p>Vos vols Arusha-Dar es Salaam vous m\u00e8neront au centre \u00e9ducatif et culturel du pays. Le centre \u00e9ducatif le plus populaire de Tanzanie est l&#039;Universit\u00e9 de Dar es Salaam. En plus de cela, Dar es Salaam poss\u00e8de d&#039;autres attractions historiques et culturelles.<\/p>\n<p>Une visite au mus\u00e9e du village donne un aper\u00e7u du mode de vie et de la vie des tribus de Dar es Salaam. C&#039;est un mus\u00e9e sp\u00e9cial de ce type o\u00f9 l&#039;on prend un billet d&#039;avion d&#039;Arusha \u00e0 Dar es Salaam.<\/p>","protected":false},"excerpt":{"rendered":"<p>Looking for cheap airline ticket from Arusha to Dar es Salaam\u00a0or last minute deals? Search, compare and book cheap airline ticket from Addis Ababa (ADD) to Nairobi (NBO) online now. Book cheap flights from Arusha to Dar es Salaam online and save time and money. With a huge and turbulent history, Dar es Salaam provides [&hellip;]<\/p>\n","protected":false},"author":1,"featured_media":0,"parent":0,"menu_order":0,"comment_status":"open","ping_status":"closed","template":"template-home-modern.php","meta":{"footnotes":""},"class_list":["post-10706","page","type-page","status-publish","has-post-thumbnail","hentry"],"yoast_head":"<!-- This site is optimized with the Yoast SEO plugin v27.3 - https:\/\/yoast.com\/product\/yoast-seo-wordpress\/ -->\n<title>Cheap Flights from Arusha to Dar es Salaam<\/title>\n<meta name=\"description\" content=\"Looking for great offers on Arusha to Dar es Salaam flights? Compare and book cheap flights from\u00a0Arusha to Dar es Salaam online now\" \/>\n<meta name=\"robots\" content=\"index, follow, max-snippet:-1, max-image-preview:large, max-video-preview:-1\" \/>\n<link rel=\"canonical\" href=\"https:\/\/tiketi.com\/fr-fr\/cheap-flights-from-arusha-to-dar-es-salaam\/\" \/>\n<meta property=\"og:locale\" content=\"fr_FR\" \/>\n<meta property=\"og:type\" content=\"article\" \/>\n<meta property=\"og:title\" content=\"Cheap Flights from Arusha to Dar es Salaam\" \/>\n<meta property=\"og:description\" content=\"Looking for great offers on Arusha to Dar es Salaam flights? Compare and book cheap flights from\u00a0Arusha to Dar es Salaam online now\" \/>\n<meta property=\"og:url\" content=\"https:\/\/tiketi.com\/fr-fr\/cheap-flights-from-arusha-to-dar-es-salaam\/\" \/>\n<meta property=\"og:site_name\" content=\"Tiketi.com\" \/>\n<meta property=\"article:publisher\" content=\"https:\/\/www.facebook.com\/TiketiCom\/\" \/>\n<meta property=\"article:modified_time\" content=\"2022-02-07T11:22:31+00:00\" \/>\n<meta name=\"twitter:card\" content=\"summary_large_image\" \/>\n<meta name=\"twitter:label1\" content=\"Dur\u00e9e de lecture estim\u00e9e\" \/>\n\t<meta name=\"twitter:data1\" content=\"2 minutes\" \/>\n<script type=\"application\/ld+json\" class=\"yoast-schema-graph\">{\"@context\":\"https:\\\/\\\/schema.org\",\"@graph\":[{\"@type\":\"WebPage\",\"@id\":\"https:\\\/\\\/tiketi.com\\\/cheap-flights-from-arusha-to-dar-es-salaam\\\/\",\"url\":\"https:\\\/\\\/tiketi.com\\\/cheap-flights-from-arusha-to-dar-es-salaam\\\/\",\"name\":\"Cheap Flights from Arusha to Dar es Salaam\",\"isPartOf\":{\"@id\":\"https:\\\/\\\/tiketi.com\\\/#website\"},\"datePublished\":\"2022-01-19T11:53:42+00:00\",\"dateModified\":\"2022-02-07T11:22:31+00:00\",\"description\":\"Looking for great offers on Arusha to Dar es Salaam flights? Compare and book cheap flights from\u00a0Arusha to Dar es Salaam online now\",\"breadcrumb\":{\"@id\":\"https:\\\/\\\/tiketi.com\\\/cheap-flights-from-arusha-to-dar-es-salaam\\\/#breadcrumb\"},\"inLanguage\":\"fr-FR\",\"potentialAction\":[{\"@type\":\"ReadAction\",\"target\":[\"https:\\\/\\\/tiketi.com\\\/cheap-flights-from-arusha-to-dar-es-salaam\\\/\"]}]},{\"@type\":\"BreadcrumbList\",\"@id\":\"https:\\\/\\\/tiketi.com\\\/cheap-flights-from-arusha-to-dar-es-salaam\\\/#breadcrumb\",\"itemListElement\":[{\"@type\":\"ListItem\",\"position\":1,\"name\":\"Home\",\"item\":\"https:\\\/\\\/tiketi.com\\\/\"},{\"@type\":\"ListItem\",\"position\":2,\"name\":\"Cheap Flights from Arusha to Dar es Salaam\"}]},{\"@type\":\"WebSite\",\"@id\":\"https:\\\/\\\/tiketi.com\\\/#website\",\"url\":\"https:\\\/\\\/tiketi.com\\\/\",\"name\":\"Flight & Bus Tickets, Tour Packages & Activitites - Tiketi.com\",\"description\":\"Flight &amp; Bus Tickets, Tours, Activitites\",\"publisher\":{\"@id\":\"https:\\\/\\\/tiketi.com\\\/#organization\"},\"potentialAction\":[{\"@type\":\"SearchAction\",\"target\":{\"@type\":\"EntryPoint\",\"urlTemplate\":\"https:\\\/\\\/tiketi.com\\\/?s={search_term_string}\"},\"query-input\":{\"@type\":\"PropertyValueSpecification\",\"valueRequired\":true,\"valueName\":\"search_term_string\"}}],\"inLanguage\":\"fr-FR\"},{\"@type\":\"Organization\",\"@id\":\"https:\\\/\\\/tiketi.com\\\/#organization\",\"name\":\"Tiketi.com\",\"alternateName\":\"Tiketi\",\"url\":\"https:\\\/\\\/tiketi.com\\\/\",\"logo\":{\"@type\":\"ImageObject\",\"inLanguage\":\"fr-FR\",\"@id\":\"https:\\\/\\\/tiketi.com\\\/#\\\/schema\\\/logo\\\/image\\\/\",\"url\":\"https:\\\/\\\/tiketi.com\\\/wp-content\\\/uploads\\\/2019\\\/05\\\/tiketi-logo-696.png\",\"contentUrl\":\"https:\\\/\\\/tiketi.com\\\/wp-content\\\/uploads\\\/2019\\\/05\\\/tiketi-logo-696.png\",\"width\":696,\"height\":696,\"caption\":\"Tiketi.com\"},\"image\":{\"@id\":\"https:\\\/\\\/tiketi.com\\\/#\\\/schema\\\/logo\\\/image\\\/\"},\"sameAs\":[\"https:\\\/\\\/www.facebook.com\\\/TiketiCom\\\/\"]}]}<\/script>\n<!-- \/ Yoast SEO plugin. -->","yoast_head_json":{"title":"Vols \u00e0 bas prix de Arusha \u00e0 Dar es Salam","description":"Vous recherchez des offres exceptionnelles sur les vols Arusha-Dar es Salaam ? Comparez et r\u00e9servez d\u00e8s maintenant des vols \u00e0 bas prix de Arusha \u00e0 Dar es Salam","robots":{"index":"index","follow":"follow","max-snippet":"max-snippet:-1","max-image-preview":"max-image-preview:large","max-video-preview":"max-video-preview:-1"},"canonical":"https:\/\/tiketi.com\/fr-fr\/cheap-flights-from-arusha-to-dar-es-salaam\/","og_locale":"fr_FR","og_type":"article","og_title":"Cheap Flights from Arusha to Dar es Salaam","og_description":"Looking for great offers on Arusha to Dar es Salaam flights? Compare and book cheap flights from\u00a0Arusha to Dar es Salaam online now","og_url":"https:\/\/tiketi.com\/fr-fr\/cheap-flights-from-arusha-to-dar-es-salaam\/","og_site_name":"Tiketi.com","article_publisher":"https:\/\/www.facebook.com\/TiketiCom\/","article_modified_time":"2022-02-07T11:22:31+00:00","twitter_card":"summary_large_image","twitter_misc":{"Dur\u00e9e de lecture estim\u00e9e":"2 minutes"},"schema":{"@context":"https:\/\/schema.org","@graph":[{"@type":"WebPage","@id":"https:\/\/tiketi.com\/cheap-flights-from-arusha-to-dar-es-salaam\/","url":"https:\/\/tiketi.com\/cheap-flights-from-arusha-to-dar-es-salaam\/","name":"Vols \u00e0 bas prix de Arusha \u00e0 Dar es Salam","isPartOf":{"@id":"https:\/\/tiketi.com\/#website"},"datePublished":"2022-01-19T11:53:42+00:00","dateModified":"2022-02-07T11:22:31+00:00","description":"Vous recherchez des offres exceptionnelles sur les vols Arusha-Dar es Salaam ? Comparez et r\u00e9servez d\u00e8s maintenant des vols \u00e0 bas prix de Arusha \u00e0 Dar es Salam","breadcrumb":{"@id":"https:\/\/tiketi.com\/cheap-flights-from-arusha-to-dar-es-salaam\/#breadcrumb"},"inLanguage":"fr-FR","potentialAction":[{"@type":"ReadAction","target":["https:\/\/tiketi.com\/cheap-flights-from-arusha-to-dar-es-salaam\/"]}]},{"@type":"BreadcrumbList","@id":"https:\/\/tiketi.com\/cheap-flights-from-arusha-to-dar-es-salaam\/#breadcrumb","itemListElement":[{"@type":"ListItem","position":1,"name":"Home","item":"https:\/\/tiketi.com\/"},{"@type":"ListItem","position":2,"name":"Cheap Flights from Arusha to Dar es Salaam"}]},{"@type":"WebSite","@id":"https:\/\/tiketi.com\/#website","url":"https:\/\/tiketi.com\/","name":"Billets d&#039;avion et de bus, forfaits touristiques et activit\u00e9s - Tiketi.com","description":"Billets d&#039;avion et de bus, Tours, Activit\u00e9s","publisher":{"@id":"https:\/\/tiketi.com\/#organization"},"potentialAction":[{"@type":"SearchAction","target":{"@type":"EntryPoint","urlTemplate":"https:\/\/tiketi.com\/?s={search_term_string}"},"query-input":{"@type":"PropertyValueSpecification","valueRequired":true,"valueName":"search_term_string"}}],"inLanguage":"fr-FR"},{"@type":"Organization","@id":"https:\/\/tiketi.com\/#organization","name":"Tiketi.com","alternateName":"Tiketi","url":"https:\/\/tiketi.com\/","logo":{"@type":"ImageObject","inLanguage":"fr-FR","@id":"https:\/\/tiketi.com\/#\/schema\/logo\/image\/","url":"https:\/\/tiketi.com\/wp-content\/uploads\/2019\/05\/tiketi-logo-696.png","contentUrl":"https:\/\/tiketi.com\/wp-content\/uploads\/2019\/05\/tiketi-logo-696.png","width":696,"height":696,"caption":"Tiketi.com"},"image":{"@id":"https:\/\/tiketi.com\/#\/schema\/logo\/image\/"},"sameAs":["https:\/\/www.facebook.com\/TiketiCom\/"]}]}},"_links":{"self":[{"href":"https:\/\/tiketi.com\/fr-fr\/wp-json\/wp\/v2\/pages\/10706","targetHints":{"allow":["GET"]}}],"collection":[{"href":"https:\/\/tiketi.com\/fr-fr\/wp-json\/wp\/v2\/pages"}],"about":[{"href":"https:\/\/tiketi.com\/fr-fr\/wp-json\/wp\/v2\/types\/page"}],"author":[{"embeddable":true,"href":"https:\/\/tiketi.com\/fr-fr\/wp-json\/wp\/v2\/users\/1"}],"replies":[{"embeddable":true,"href":"https:\/\/tiketi.com\/fr-fr\/wp-json\/wp\/v2\/comments?post=10706"}],"version-history":[{"count":0,"href":"https:\/\/tiketi.com\/fr-fr\/wp-json\/wp\/v2\/pages\/10706\/revisions"}],"wp:attachment":[{"href":"https:\/\/tiketi.com\/fr-fr\/wp-json\/wp\/v2\/media?parent=10706"}],"curies":[{"name":"wp","href":"https:\/\/api.w.org\/{rel}","templated":true}]}}