{"id":10707,"date":"2022-01-19T12:53:42","date_gmt":"2022-01-19T11:53:42","guid":{"rendered":"https:\/\/new.tiketi.com\/ferry-service-on-lake-victoria-booking\/"},"modified":"2023-04-07T11:01:51","modified_gmt":"2023-04-07T10:01:51","slug":"ferry-service-on-lake-victoria-tickets","status":"publish","type":"page","link":"https:\/\/tiketi.com\/fr-fr\/ferry-service-on-lake-victoria-tickets\/","title":{"rendered":"R\u00e9servation en ligne du ferry du lac Victoria, tarifs, horaires, itin\u00e9raires"},"content":{"rendered":"<h2>Services de ferry bon march\u00e9 R\u00e9servation de billets en ligne sur le lac Victoria<\/h2>\n<h3>Faire des services de ferry bon march\u00e9 R\u00e9servation de billets en ligne sur le lac Victoria \u00e0 l&#039;avance en ligne <a href=\"https:\/\/tiketi.com\/fr-fr\/contact-us\/\" target=\"_blank\" rel=\"noopener\">maintenant &gt;&gt;<\/a><\/h3>\n<p>R\u00e9servation en ligne de ferry pas cher sur le lac Victoria, r\u00e9servation en ligne simplifi\u00e9e. Le lac Victoria occupe pr\u00e8s de 70 000 miles carr\u00e9s et est partag\u00e9 par les nations d&#039;Afrique de l&#039;Est que sont l&#039;Ouganda, le Kenya et la Tanzanie. La majeure partie de son eau provient de plusieurs rivi\u00e8res qui s&#039;y d\u00e9versent et des pr\u00e9cipitations. Le Nil Blanc est le seul fleuve qui quitte le lac et existe sur la rive nord \u00e0 Jinja en Ouganda, serpentant vers l&#039;\u00c9gypte et le Soudan avant de se jeter dans la mer M\u00e9diterran\u00e9e. Voici le guide sur les services de ferry pour la r\u00e9servation de billets en ligne sur le lac Victoria\u00a0:<\/p>\n<h2>R\u00e9servation en ligne du ferry du lac Victoria, tarifs, horaires, FAQ sur les itin\u00e9raires<\/h2>\n<h3>Comment prendre un ferry sur le lac Victoria ?<\/h3>\n<p>Il y a un ferry sur le lac Victoria qui relie Mwanza \u00e0 l&#039;Ouganda. Il y a un ferry r\u00e9gulier entre Bukoba et Mwanza, tous deux en Tanzanie.<\/p>\n<p><strong>Travers\u00e9es internationales en ferry\u00a0:<\/strong><\/p>\n<p>Mwanza \u00e0 Kisumu, Kenya<br \/>\nMwanza \u00e0 Entebbe, Ouganda<\/p>\n<h3>Quelle est l&#039;histoire et la situation actuelle des ferries du lac Victoria\u00a0?<\/h3>\n<p>Le premier ferry sur le lac Victoria a commenc\u00e9 \u00e0 fonctionner en 1900 \u00e0 l&#039;\u00e9poque coloniale britannique, depuis le port de Kisumu. Les bateaux \u00e0 vapeur d&#039;origine ont ensuite \u00e9t\u00e9 remplac\u00e9s par des bateaux \u00e0 moteur, dont certains naviguent encore sur le lac. Presque tous les ferries en service \u00e0 la fin du vingti\u00e8me si\u00e8cle l&#039;\u00e9taient il y a des d\u00e9cennies. En 2018, la plupart d&#039;entre eux \u00e9taient encore en activit\u00e9. Les nouveaux ferries construits au XXIe si\u00e8cle constituaient la majorit\u00e9 de tous les ferries sur le lac Victoria en 2018. Le nombre de ferries connus pour \u00eatre en activit\u00e9 en 2021 \u00e9tait d&#039;environ trente en Tanzanie, six au Kenya et 5 en Ouganda.<\/p>\n<h3>Quels sont les c\u00e9l\u00e8bres ferries op\u00e9rant sur le lac Victoria ?<\/h3>\n<p>Les ferries op\u00e9rant sur le lac Victoria sont en grande partie des ferries Ro-Pax assurant le transport simultan\u00e9 de v\u00e9hicules, de passagers et de marchandises.<\/p>\n<h2>Services de ferry bon march\u00e9 FAQ sur la r\u00e9servation de billets en ligne sur le lac Victoria<\/h2>\n<p>Les \u00eeles des lacs abritent \u00e9galement une grande population d&#039;aigles p\u00eacheurs, de martins-p\u00eacheurs pie et d&#039;autres esp\u00e8ces d&#039;oiseaux du Kenya. Si vous \u00eates un ornithologue amateur ou si vous aimez simplement observer de charmantes cr\u00e9atures, la for\u00eat de Lambwe est un endroit incroyable pour les trouver. \u00c0 environ une heure du lac Kenya, la grande for\u00eat est un lieu r\u00e9put\u00e9 pour les amoureux de la nature et de la faune.<\/p>","protected":false},"excerpt":{"rendered":"<p>Cheap Ferry Services Lake Victoria Online Ticket Booking Do cheap ferry services Lake Victoria online ticket booking in advance online now &gt;&gt; Cheap Lake Victoria ferry online booking online booking made easy. Lake Victoria takes up nearly 70,000 square miles and is shared by the East African nations of Uganda, Kenya, and Tanzania. Most of [&hellip;]<\/p>\n","protected":false},"author":1,"featured_media":16435,"parent":0,"menu_order":0,"comment_status":"open","ping_status":"closed","template":"template-home-modern.php","meta":{"footnotes":""},"class_list":["post-10707","page","type-page","status-publish","has-post-thumbnail","hentry"],"yoast_head":"<!-- This site is optimized with the Yoast SEO plugin v27.2 - https:\/\/yoast.com\/product\/yoast-seo-wordpress\/ -->\n<title>Ferry Lake Victoria Online Booking, Fares, schedule, Routes<\/title>\n<meta name=\"description\" content=\"Looking for Lake Victoria ferry online booking, fares, schedule, routes? Do cheap Lake Victoria online ticket booking and save time and money\" \/>\n<meta name=\"robots\" content=\"index, follow, max-snippet:-1, max-image-preview:large, max-video-preview:-1\" \/>\n<link rel=\"canonical\" href=\"https:\/\/tiketi.com\/fr-fr\/ferry-service-on-lake-victoria-tickets\/\" \/>\n<meta property=\"og:locale\" content=\"fr_FR\" \/>\n<meta property=\"og:type\" content=\"article\" \/>\n<meta property=\"og:title\" content=\"Ferry Lake Victoria Online Booking, Fares, schedule, Routes\" \/>\n<meta property=\"og:description\" content=\"Looking for Lake Victoria ferry online booking, fares, schedule, routes? Do cheap Lake Victoria online ticket booking and save time and money\" \/>\n<meta property=\"og:url\" content=\"https:\/\/tiketi.com\/fr-fr\/ferry-service-on-lake-victoria-tickets\/\" \/>\n<meta property=\"og:site_name\" content=\"Tiketi.com\" \/>\n<meta property=\"article:publisher\" content=\"https:\/\/www.facebook.com\/TiketiCom\/\" \/>\n<meta property=\"article:modified_time\" content=\"2023-04-07T10:01:51+00:00\" \/>\n<meta property=\"og:image\" content=\"https:\/\/tiketi.com\/wp-content\/uploads\/2022\/02\/ferry-cruise-ship-voyage-41.jpg\" \/>\n\t<meta property=\"og:image:width\" content=\"1200\" \/>\n\t<meta property=\"og:image:height\" content=\"200\" \/>\n\t<meta property=\"og:image:type\" content=\"image\/jpeg\" \/>\n<meta name=\"twitter:card\" content=\"summary_large_image\" \/>\n<meta name=\"twitter:label1\" content=\"Dur\u00e9e de lecture estim\u00e9e\" \/>\n\t<meta name=\"twitter:data1\" content=\"2 minutes\" \/>\n<script type=\"application\/ld+json\" class=\"yoast-schema-graph\">{\"@context\":\"https:\/\/schema.org\",\"@graph\":[{\"@type\":\"WebPage\",\"@id\":\"https:\/\/tiketi.com\/ferry-service-on-lake-victoria-tickets\/\",\"url\":\"https:\/\/tiketi.com\/ferry-service-on-lake-victoria-tickets\/\",\"name\":\"Ferry Lake Victoria Online Booking, Fares, schedule, Routes\",\"isPartOf\":{\"@id\":\"https:\/\/tiketi.com\/#website\"},\"primaryImageOfPage\":{\"@id\":\"https:\/\/tiketi.com\/ferry-service-on-lake-victoria-tickets\/#primaryimage\"},\"image\":{\"@id\":\"https:\/\/tiketi.com\/ferry-service-on-lake-victoria-tickets\/#primaryimage\"},\"thumbnailUrl\":\"https:\/\/tiketi.com\/wp-content\/uploads\/2022\/02\/ferry-cruise-ship-voyage-41.jpg\",\"datePublished\":\"2022-01-19T11:53:42+00:00\",\"dateModified\":\"2023-04-07T10:01:51+00:00\",\"description\":\"Looking for Lake Victoria ferry online booking, fares, schedule, routes? Do cheap Lake Victoria online ticket booking and save time and money\",\"breadcrumb\":{\"@id\":\"https:\/\/tiketi.com\/ferry-service-on-lake-victoria-tickets\/#breadcrumb\"},\"inLanguage\":\"fr-FR\",\"potentialAction\":[{\"@type\":\"ReadAction\",\"target\":[\"https:\/\/tiketi.com\/ferry-service-on-lake-victoria-tickets\/\"]}]},{\"@type\":\"ImageObject\",\"inLanguage\":\"fr-FR\",\"@id\":\"https:\/\/tiketi.com\/ferry-service-on-lake-victoria-tickets\/#primaryimage\",\"url\":\"https:\/\/tiketi.com\/wp-content\/uploads\/2022\/02\/ferry-cruise-ship-voyage-41.jpg\",\"contentUrl\":\"https:\/\/tiketi.com\/wp-content\/uploads\/2022\/02\/ferry-cruise-ship-voyage-41.jpg\",\"width\":1200,\"height\":200,\"caption\":\"Ferry Boat Tickets\"},{\"@type\":\"BreadcrumbList\",\"@id\":\"https:\/\/tiketi.com\/ferry-service-on-lake-victoria-tickets\/#breadcrumb\",\"itemListElement\":[{\"@type\":\"ListItem\",\"position\":1,\"name\":\"Home\",\"item\":\"https:\/\/tiketi.com\/\"},{\"@type\":\"ListItem\",\"position\":2,\"name\":\"Lake Victoria Ferry Online Booking, Fares, Schedule, Routes\"}]},{\"@type\":\"WebSite\",\"@id\":\"https:\/\/tiketi.com\/#website\",\"url\":\"https:\/\/tiketi.com\/\",\"name\":\"Flight & Bus Tickets, Tour Packages & Activitites - Tiketi.com\",\"description\":\"Flight &amp; Bus Tickets, Tours, Activitites\",\"publisher\":{\"@id\":\"https:\/\/tiketi.com\/#organization\"},\"potentialAction\":[{\"@type\":\"SearchAction\",\"target\":{\"@type\":\"EntryPoint\",\"urlTemplate\":\"https:\/\/tiketi.com\/?s={search_term_string}\"},\"query-input\":{\"@type\":\"PropertyValueSpecification\",\"valueRequired\":true,\"valueName\":\"search_term_string\"}}],\"inLanguage\":\"fr-FR\"},{\"@type\":\"Organization\",\"@id\":\"https:\/\/tiketi.com\/#organization\",\"name\":\"Tiketi.com\",\"alternateName\":\"Tiketi\",\"url\":\"https:\/\/tiketi.com\/\",\"logo\":{\"@type\":\"ImageObject\",\"inLanguage\":\"fr-FR\",\"@id\":\"https:\/\/tiketi.com\/#\/schema\/logo\/image\/\",\"url\":\"https:\/\/tiketi.com\/wp-content\/uploads\/2019\/05\/tiketi-logo-696.png\",\"contentUrl\":\"https:\/\/tiketi.com\/wp-content\/uploads\/2019\/05\/tiketi-logo-696.png\",\"width\":696,\"height\":696,\"caption\":\"Tiketi.com\"},\"image\":{\"@id\":\"https:\/\/tiketi.com\/#\/schema\/logo\/image\/\"},\"sameAs\":[\"https:\/\/www.facebook.com\/TiketiCom\/\"]}]}<\/script>\n<!-- \/ Yoast SEO plugin. -->","yoast_head_json":{"title":"Ferry Lake Victoria R\u00e9servation en ligne, tarifs, horaires, itin\u00e9raires","description":"Vous recherchez une r\u00e9servation en ligne, des tarifs, des horaires, des itin\u00e9raires pour le ferry du lac Victoria? Faites la r\u00e9servation de billets en ligne \u00e0 bas prix pour Lac Victoria et \u00e9conomisez du temps et de l&#039;argent","robots":{"index":"index","follow":"follow","max-snippet":"max-snippet:-1","max-image-preview":"max-image-preview:large","max-video-preview":"max-video-preview:-1"},"canonical":"https:\/\/tiketi.com\/fr-fr\/ferry-service-on-lake-victoria-tickets\/","og_locale":"fr_FR","og_type":"article","og_title":"Ferry Lake Victoria Online Booking, Fares, schedule, Routes","og_description":"Looking for Lake Victoria ferry online booking, fares, schedule, routes? Do cheap Lake Victoria online ticket booking and save time and money","og_url":"https:\/\/tiketi.com\/fr-fr\/ferry-service-on-lake-victoria-tickets\/","og_site_name":"Tiketi.com","article_publisher":"https:\/\/www.facebook.com\/TiketiCom\/","article_modified_time":"2023-04-07T10:01:51+00:00","og_image":[{"width":1200,"height":200,"url":"https:\/\/tiketi.com\/wp-content\/uploads\/2022\/02\/ferry-cruise-ship-voyage-41.jpg","type":"image\/jpeg"}],"twitter_card":"summary_large_image","twitter_misc":{"Dur\u00e9e de lecture estim\u00e9e":"2 minutes"},"schema":{"@context":"https:\/\/schema.org","@graph":[{"@type":"WebPage","@id":"https:\/\/tiketi.com\/ferry-service-on-lake-victoria-tickets\/","url":"https:\/\/tiketi.com\/ferry-service-on-lake-victoria-tickets\/","name":"Ferry Lake Victoria R\u00e9servation en ligne, tarifs, horaires, itin\u00e9raires","isPartOf":{"@id":"https:\/\/tiketi.com\/#website"},"primaryImageOfPage":{"@id":"https:\/\/tiketi.com\/ferry-service-on-lake-victoria-tickets\/#primaryimage"},"image":{"@id":"https:\/\/tiketi.com\/ferry-service-on-lake-victoria-tickets\/#primaryimage"},"thumbnailUrl":"https:\/\/tiketi.com\/wp-content\/uploads\/2022\/02\/ferry-cruise-ship-voyage-41.jpg","datePublished":"2022-01-19T11:53:42+00:00","dateModified":"2023-04-07T10:01:51+00:00","description":"Vous recherchez une r\u00e9servation en ligne, des tarifs, des horaires, des itin\u00e9raires pour le ferry du lac Victoria? Faites la r\u00e9servation de billets en ligne \u00e0 bas prix pour Lac Victoria et \u00e9conomisez du temps et de l&#039;argent","breadcrumb":{"@id":"https:\/\/tiketi.com\/ferry-service-on-lake-victoria-tickets\/#breadcrumb"},"inLanguage":"fr-FR","potentialAction":[{"@type":"ReadAction","target":["https:\/\/tiketi.com\/ferry-service-on-lake-victoria-tickets\/"]}]},{"@type":"ImageObject","inLanguage":"fr-FR","@id":"https:\/\/tiketi.com\/ferry-service-on-lake-victoria-tickets\/#primaryimage","url":"https:\/\/tiketi.com\/wp-content\/uploads\/2022\/02\/ferry-cruise-ship-voyage-41.jpg","contentUrl":"https:\/\/tiketi.com\/wp-content\/uploads\/2022\/02\/ferry-cruise-ship-voyage-41.jpg","width":1200,"height":200,"caption":"Ferry Boat Tickets"},{"@type":"BreadcrumbList","@id":"https:\/\/tiketi.com\/ferry-service-on-lake-victoria-tickets\/#breadcrumb","itemListElement":[{"@type":"ListItem","position":1,"name":"Home","item":"https:\/\/tiketi.com\/"},{"@type":"ListItem","position":2,"name":"Lake Victoria Ferry Online Booking, Fares, Schedule, Routes"}]},{"@type":"WebSite","@id":"https:\/\/tiketi.com\/#website","url":"https:\/\/tiketi.com\/","name":"Billets d&#039;avion et de bus, forfaits touristiques et activit\u00e9s - Tiketi.com","description":"Billets d&#039;avion et de bus, Tours, Activit\u00e9s","publisher":{"@id":"https:\/\/tiketi.com\/#organization"},"potentialAction":[{"@type":"SearchAction","target":{"@type":"EntryPoint","urlTemplate":"https:\/\/tiketi.com\/?s={search_term_string}"},"query-input":{"@type":"PropertyValueSpecification","valueRequired":true,"valueName":"search_term_string"}}],"inLanguage":"fr-FR"},{"@type":"Organization","@id":"https:\/\/tiketi.com\/#organization","name":"Tiketi.com","alternateName":"Tiketi","url":"https:\/\/tiketi.com\/","logo":{"@type":"ImageObject","inLanguage":"fr-FR","@id":"https:\/\/tiketi.com\/#\/schema\/logo\/image\/","url":"https:\/\/tiketi.com\/wp-content\/uploads\/2019\/05\/tiketi-logo-696.png","contentUrl":"https:\/\/tiketi.com\/wp-content\/uploads\/2019\/05\/tiketi-logo-696.png","width":696,"height":696,"caption":"Tiketi.com"},"image":{"@id":"https:\/\/tiketi.com\/#\/schema\/logo\/image\/"},"sameAs":["https:\/\/www.facebook.com\/TiketiCom\/"]}]}},"_links":{"self":[{"href":"https:\/\/tiketi.com\/fr-fr\/wp-json\/wp\/v2\/pages\/10707","targetHints":{"allow":["GET"]}}],"collection":[{"href":"https:\/\/tiketi.com\/fr-fr\/wp-json\/wp\/v2\/pages"}],"about":[{"href":"https:\/\/tiketi.com\/fr-fr\/wp-json\/wp\/v2\/types\/page"}],"author":[{"embeddable":true,"href":"https:\/\/tiketi.com\/fr-fr\/wp-json\/wp\/v2\/users\/1"}],"replies":[{"embeddable":true,"href":"https:\/\/tiketi.com\/fr-fr\/wp-json\/wp\/v2\/comments?post=10707"}],"version-history":[{"count":0,"href":"https:\/\/tiketi.com\/fr-fr\/wp-json\/wp\/v2\/pages\/10707\/revisions"}],"wp:featuredmedia":[{"embeddable":true,"href":"https:\/\/tiketi.com\/fr-fr\/wp-json\/wp\/v2\/media\/16435"}],"wp:attachment":[{"href":"https:\/\/tiketi.com\/fr-fr\/wp-json\/wp\/v2\/media?parent=10707"}],"curies":[{"name":"wp","href":"https:\/\/api.w.org\/{rel}","templated":true}]}}