{"id":10708,"date":"2022-01-19T12:53:42","date_gmt":"2022-01-19T11:53:42","guid":{"rendered":"https:\/\/new.tiketi.com\/ferry-mombasa-to-pemba-island-ticket-booking\/"},"modified":"2022-02-12T13:07:48","modified_gmt":"2022-02-12T12:07:48","slug":"ferry-mombasa-to-pemba-island-tickets","status":"publish","type":"page","link":"https:\/\/tiketi.com\/fr-fr\/ferry-mombasa-to-pemba-island-tickets\/","title":{"rendered":"Ferry Mombasa \u00e0 l&#039;\u00eele de Pemba R\u00e9servation de billets"},"content":{"rendered":"<h2>Ferry pas cher de Mombasa \u00e0 l&#039;\u00eele de Pemba R\u00e9servation en ligne, Tanzanie<\/h2>\n<h3>Voyagez de Mombasa \u00e0 l&#039;\u00eele de Pemba en bateau - r\u00e9servez votre billet de ferry pas cher \u00e0 l&#039;avance en ligne <a href=\"https:\/\/tiketi.com\/fr-fr\/contact-us\/\" target=\"_blank\" rel=\"noopener\">maintenant &gt;&gt;<\/a><\/h3>\n<p>La r\u00e9servation en ligne de billets de ferry de Mombasa \u00e0 l&#039;\u00eele de Pemba est simplifi\u00e9e. Surnomm\u00e9e l&#039;\u00eele verte, Pemba poss\u00e8de de nombreuses terres fertiles et un grand nombre de montagnes et de collines. Pendant la p\u00e9riode de domination arabe, Pemba \u00e9tait le c\u0153ur de l&#039;agriculture de nombreuses plantes qui \u00e9taient export\u00e9es vers de nombreuses r\u00e9gions. Jusqu&#039;\u00e0 aujourd&#039;hui, les visiteurs qui visitent la Tanzanie appr\u00e9cient les meilleurs et les plus savoureux l\u00e9gumes et fruits lors de leur visite sur l&#039;\u00eele. Voici le guide sur la fa\u00e7on de r\u00e9server le ferry de Mombasa \u00e0 l&#039;\u00eele de Pemba :<\/p>\n<h2>FAQ sur le ferry de Mombasa \u00e0 l&#039;\u00eele de Pemba<\/h2>\n<h3>Le ferry de Mombasa \u00e0 Pemba Island est-il le moyen abordable de se rendre de Mombasa \u00e0 Pemba Island ?<\/h3>\n<p>Le moyen abordable de se rendre de Mombasa \u00e0 Pemba est en ferry via Nairobi qui co\u00fbte $110 \u2013 $200 et prend 32h 10m.<\/p>\n<h3>Le transfert en bateau de Mombasa \u00e0 l&#039;\u00eele de Pemba est-il le moyen le plus rapide pour se rendre de Mombasa et de l&#039;\u00eele de Pemba ?<\/h3>\n<p>Le moyen le plus rapide pour se rendre de Mombasa \u00e0 Pemba est en avion et voiture ce qui co\u00fbte $110 \u2013 $300 et prend 5h 50m.<\/p>\n<h3>Quelle est la distance entre Mombasa et Pemba Island?<\/h3>\n<p>Il faut environ 750 km pour se rendre de Mombasa \u00e0 l&#039;\u00eele de Pemba.<\/p>\n<h3>Combien de temps faut-il pour se rendre de Mombasa \u00e0 Pemba ?<\/h3>\n<p>Il faut environ 5h 50 m pour aller de Mombasa \u00e0 Pemba Island.<\/p>\n<h3>Comment voyager de Mombasa \u00e0 Pemba sans v\u00e9hicule personnel ?<\/h3>\n<p>Le meilleur moyen pour se rendre de Mombasa \u00e0 Kenya Island sans v\u00e9hicule personnel est le ferry, ce qui dure 31h 10m et co\u00fbte $100 \u2013 $200.<\/p>\n<h2>FAQ sur le ferry de Mombasa \u00e0 l&#039;\u00eele de Pemba<\/h2>\n<p>L&#039;\u00eele de Pemba a toujours \u00e9t\u00e9 r\u00e9put\u00e9e ainsi que pour ses gu\u00e9risseurs et ses vaudous qui utilisent des approches traditionnelles et naturelles de la m\u00e9decine pour gu\u00e9rir de nombreuses maladies. C&#039;est une autre raison qui attire un certain nombre de visiteurs qui passent leurs vacances en Tanzanie pour explorer l&#039;\u00eele de Pemba.<\/p>","protected":false},"excerpt":{"rendered":"<p>Cheap Mombasa to Pemba Island Ferry Online Booking, Tanzania Travel Mombasa to Pemba Island by boat &#8211; book your cheap ferry ticket in advance online now &gt;&gt; Ferry Mombasa to Pemba Island tickets\u00a0online booking made easy.\u00a0Nicknamed as the green island, Pemba has lots of fertile lands and a big number of mountains and hills. During [&hellip;]<\/p>\n","protected":false},"author":1,"featured_media":16435,"parent":0,"menu_order":0,"comment_status":"open","ping_status":"closed","template":"template-home-modern.php","meta":{"footnotes":""},"class_list":["post-10708","page","type-page","status-publish","has-post-thumbnail","hentry"],"yoast_head":"<!-- This site is optimized with the Yoast SEO plugin v27.2 - https:\/\/yoast.com\/product\/yoast-seo-wordpress\/ -->\n<title>Ferry Mombasa to Pemba Island Ticket Booking<\/title>\n<meta name=\"description\" content=\"Looking for boat, ship, ferry Mombasa to Pemba Island tickets? Book cheap Mombasa to Pemba Island ferry tickets online now\" \/>\n<meta name=\"robots\" content=\"index, follow, max-snippet:-1, max-image-preview:large, max-video-preview:-1\" \/>\n<link rel=\"canonical\" href=\"https:\/\/tiketi.com\/fr-fr\/ferry-mombasa-to-pemba-island-tickets\/\" \/>\n<meta property=\"og:locale\" content=\"fr_FR\" \/>\n<meta property=\"og:type\" content=\"article\" \/>\n<meta property=\"og:title\" content=\"Ferry Mombasa to Pemba Island Ticket Booking\" \/>\n<meta property=\"og:description\" content=\"Looking for boat, ship, ferry Mombasa to Pemba Island tickets? Book cheap Mombasa to Pemba Island ferry tickets online now\" \/>\n<meta property=\"og:url\" content=\"https:\/\/tiketi.com\/fr-fr\/ferry-mombasa-to-pemba-island-tickets\/\" \/>\n<meta property=\"og:site_name\" content=\"Tiketi.com\" \/>\n<meta property=\"article:publisher\" content=\"https:\/\/www.facebook.com\/TiketiCom\/\" \/>\n<meta property=\"article:modified_time\" content=\"2022-02-12T12:07:48+00:00\" \/>\n<meta property=\"og:image\" content=\"https:\/\/tiketi.com\/wp-content\/uploads\/2022\/02\/ferry-cruise-ship-voyage-41.jpg\" \/>\n\t<meta property=\"og:image:width\" content=\"1200\" \/>\n\t<meta property=\"og:image:height\" content=\"200\" \/>\n\t<meta property=\"og:image:type\" content=\"image\/jpeg\" \/>\n<meta name=\"twitter:card\" content=\"summary_large_image\" \/>\n<meta name=\"twitter:label1\" content=\"Dur\u00e9e de lecture estim\u00e9e\" \/>\n\t<meta name=\"twitter:data1\" content=\"2 minutes\" \/>\n<script type=\"application\/ld+json\" class=\"yoast-schema-graph\">{\"@context\":\"https:\/\/schema.org\",\"@graph\":[{\"@type\":\"WebPage\",\"@id\":\"https:\/\/tiketi.com\/fr-fr\/ferry-mombasa-to-pemba-island-tickets\/\",\"url\":\"https:\/\/tiketi.com\/fr-fr\/ferry-mombasa-to-pemba-island-tickets\/\",\"name\":\"Ferry Mombasa to Pemba Island Ticket Booking\",\"isPartOf\":{\"@id\":\"https:\/\/tiketi.com\/#website\"},\"primaryImageOfPage\":{\"@id\":\"https:\/\/tiketi.com\/fr-fr\/ferry-mombasa-to-pemba-island-tickets\/#primaryimage\"},\"image\":{\"@id\":\"https:\/\/tiketi.com\/fr-fr\/ferry-mombasa-to-pemba-island-tickets\/#primaryimage\"},\"thumbnailUrl\":\"https:\/\/tiketi.com\/wp-content\/uploads\/2022\/02\/ferry-cruise-ship-voyage-41.jpg\",\"datePublished\":\"2022-01-19T11:53:42+00:00\",\"dateModified\":\"2022-02-12T12:07:48+00:00\",\"description\":\"Looking for boat, ship, ferry Mombasa to Pemba Island tickets? Book cheap Mombasa to Pemba Island ferry tickets online now\",\"breadcrumb\":{\"@id\":\"https:\/\/tiketi.com\/fr-fr\/ferry-mombasa-to-pemba-island-tickets\/#breadcrumb\"},\"inLanguage\":\"fr-FR\",\"potentialAction\":[{\"@type\":\"ReadAction\",\"target\":[\"https:\/\/tiketi.com\/fr-fr\/ferry-mombasa-to-pemba-island-tickets\/\"]}]},{\"@type\":\"ImageObject\",\"inLanguage\":\"fr-FR\",\"@id\":\"https:\/\/tiketi.com\/fr-fr\/ferry-mombasa-to-pemba-island-tickets\/#primaryimage\",\"url\":\"https:\/\/tiketi.com\/wp-content\/uploads\/2022\/02\/ferry-cruise-ship-voyage-41.jpg\",\"contentUrl\":\"https:\/\/tiketi.com\/wp-content\/uploads\/2022\/02\/ferry-cruise-ship-voyage-41.jpg\",\"width\":1200,\"height\":200,\"caption\":\"Ferry Boat Tickets\"},{\"@type\":\"BreadcrumbList\",\"@id\":\"https:\/\/tiketi.com\/fr-fr\/ferry-mombasa-to-pemba-island-tickets\/#breadcrumb\",\"itemListElement\":[{\"@type\":\"ListItem\",\"position\":1,\"name\":\"Home\",\"item\":\"https:\/\/tiketi.com\/\"},{\"@type\":\"ListItem\",\"position\":2,\"name\":\"Ferry Mombasa to Pemba Island Ticket Booking\"}]},{\"@type\":\"WebSite\",\"@id\":\"https:\/\/tiketi.com\/#website\",\"url\":\"https:\/\/tiketi.com\/\",\"name\":\"Flight & Bus Tickets, Tour Packages & Activitites - Tiketi.com\",\"description\":\"Flight &amp; Bus Tickets, Tours, Activitites\",\"publisher\":{\"@id\":\"https:\/\/tiketi.com\/#organization\"},\"potentialAction\":[{\"@type\":\"SearchAction\",\"target\":{\"@type\":\"EntryPoint\",\"urlTemplate\":\"https:\/\/tiketi.com\/?s={search_term_string}\"},\"query-input\":{\"@type\":\"PropertyValueSpecification\",\"valueRequired\":true,\"valueName\":\"search_term_string\"}}],\"inLanguage\":\"fr-FR\"},{\"@type\":\"Organization\",\"@id\":\"https:\/\/tiketi.com\/#organization\",\"name\":\"Tiketi.com\",\"alternateName\":\"Tiketi\",\"url\":\"https:\/\/tiketi.com\/\",\"logo\":{\"@type\":\"ImageObject\",\"inLanguage\":\"fr-FR\",\"@id\":\"https:\/\/tiketi.com\/#\/schema\/logo\/image\/\",\"url\":\"https:\/\/tiketi.com\/wp-content\/uploads\/2019\/05\/tiketi-logo-696.png\",\"contentUrl\":\"https:\/\/tiketi.com\/wp-content\/uploads\/2019\/05\/tiketi-logo-696.png\",\"width\":696,\"height\":696,\"caption\":\"Tiketi.com\"},\"image\":{\"@id\":\"https:\/\/tiketi.com\/#\/schema\/logo\/image\/\"},\"sameAs\":[\"https:\/\/www.facebook.com\/TiketiCom\/\"]}]}<\/script>\n<!-- \/ Yoast SEO plugin. -->","yoast_head_json":{"title":"Ferry Mombasa \u00e0 l&#039;\u00eele de Pemba R\u00e9servation de billets","description":"Vous cherchez des billets de bateau, bateau, ferry Mombasa \u00e0 Pemba Island ? R\u00e9servez vos billets de ferry de Mombasa \u00e0 Pemba Island en ligne d\u00e8s maintenant","robots":{"index":"index","follow":"follow","max-snippet":"max-snippet:-1","max-image-preview":"max-image-preview:large","max-video-preview":"max-video-preview:-1"},"canonical":"https:\/\/tiketi.com\/fr-fr\/ferry-mombasa-to-pemba-island-tickets\/","og_locale":"fr_FR","og_type":"article","og_title":"Ferry Mombasa to Pemba Island Ticket Booking","og_description":"Looking for boat, ship, ferry Mombasa to Pemba Island tickets? Book cheap Mombasa to Pemba Island ferry tickets online now","og_url":"https:\/\/tiketi.com\/fr-fr\/ferry-mombasa-to-pemba-island-tickets\/","og_site_name":"Tiketi.com","article_publisher":"https:\/\/www.facebook.com\/TiketiCom\/","article_modified_time":"2022-02-12T12:07:48+00:00","og_image":[{"width":1200,"height":200,"url":"https:\/\/tiketi.com\/wp-content\/uploads\/2022\/02\/ferry-cruise-ship-voyage-41.jpg","type":"image\/jpeg"}],"twitter_card":"summary_large_image","twitter_misc":{"Dur\u00e9e de lecture estim\u00e9e":"2 minutes"},"schema":{"@context":"https:\/\/schema.org","@graph":[{"@type":"WebPage","@id":"https:\/\/tiketi.com\/fr-fr\/ferry-mombasa-to-pemba-island-tickets\/","url":"https:\/\/tiketi.com\/fr-fr\/ferry-mombasa-to-pemba-island-tickets\/","name":"Ferry Mombasa \u00e0 l&#039;\u00eele de Pemba R\u00e9servation de billets","isPartOf":{"@id":"https:\/\/tiketi.com\/#website"},"primaryImageOfPage":{"@id":"https:\/\/tiketi.com\/fr-fr\/ferry-mombasa-to-pemba-island-tickets\/#primaryimage"},"image":{"@id":"https:\/\/tiketi.com\/fr-fr\/ferry-mombasa-to-pemba-island-tickets\/#primaryimage"},"thumbnailUrl":"https:\/\/tiketi.com\/wp-content\/uploads\/2022\/02\/ferry-cruise-ship-voyage-41.jpg","datePublished":"2022-01-19T11:53:42+00:00","dateModified":"2022-02-12T12:07:48+00:00","description":"Vous cherchez des billets de bateau, bateau, ferry Mombasa \u00e0 Pemba Island ? R\u00e9servez vos billets de ferry de Mombasa \u00e0 Pemba Island en ligne d\u00e8s maintenant","breadcrumb":{"@id":"https:\/\/tiketi.com\/fr-fr\/ferry-mombasa-to-pemba-island-tickets\/#breadcrumb"},"inLanguage":"fr-FR","potentialAction":[{"@type":"ReadAction","target":["https:\/\/tiketi.com\/fr-fr\/ferry-mombasa-to-pemba-island-tickets\/"]}]},{"@type":"ImageObject","inLanguage":"fr-FR","@id":"https:\/\/tiketi.com\/fr-fr\/ferry-mombasa-to-pemba-island-tickets\/#primaryimage","url":"https:\/\/tiketi.com\/wp-content\/uploads\/2022\/02\/ferry-cruise-ship-voyage-41.jpg","contentUrl":"https:\/\/tiketi.com\/wp-content\/uploads\/2022\/02\/ferry-cruise-ship-voyage-41.jpg","width":1200,"height":200,"caption":"Ferry Boat Tickets"},{"@type":"BreadcrumbList","@id":"https:\/\/tiketi.com\/fr-fr\/ferry-mombasa-to-pemba-island-tickets\/#breadcrumb","itemListElement":[{"@type":"ListItem","position":1,"name":"Home","item":"https:\/\/tiketi.com\/"},{"@type":"ListItem","position":2,"name":"Ferry Mombasa to Pemba Island Ticket Booking"}]},{"@type":"WebSite","@id":"https:\/\/tiketi.com\/#website","url":"https:\/\/tiketi.com\/","name":"Billets d&#039;avion et de bus, forfaits touristiques et activit\u00e9s - Tiketi.com","description":"Billets d&#039;avion et de bus, Tours, Activit\u00e9s","publisher":{"@id":"https:\/\/tiketi.com\/#organization"},"potentialAction":[{"@type":"SearchAction","target":{"@type":"EntryPoint","urlTemplate":"https:\/\/tiketi.com\/?s={search_term_string}"},"query-input":{"@type":"PropertyValueSpecification","valueRequired":true,"valueName":"search_term_string"}}],"inLanguage":"fr-FR"},{"@type":"Organization","@id":"https:\/\/tiketi.com\/#organization","name":"Tiketi.com","alternateName":"Tiketi","url":"https:\/\/tiketi.com\/","logo":{"@type":"ImageObject","inLanguage":"fr-FR","@id":"https:\/\/tiketi.com\/#\/schema\/logo\/image\/","url":"https:\/\/tiketi.com\/wp-content\/uploads\/2019\/05\/tiketi-logo-696.png","contentUrl":"https:\/\/tiketi.com\/wp-content\/uploads\/2019\/05\/tiketi-logo-696.png","width":696,"height":696,"caption":"Tiketi.com"},"image":{"@id":"https:\/\/tiketi.com\/#\/schema\/logo\/image\/"},"sameAs":["https:\/\/www.facebook.com\/TiketiCom\/"]}]}},"_links":{"self":[{"href":"https:\/\/tiketi.com\/fr-fr\/wp-json\/wp\/v2\/pages\/10708","targetHints":{"allow":["GET"]}}],"collection":[{"href":"https:\/\/tiketi.com\/fr-fr\/wp-json\/wp\/v2\/pages"}],"about":[{"href":"https:\/\/tiketi.com\/fr-fr\/wp-json\/wp\/v2\/types\/page"}],"author":[{"embeddable":true,"href":"https:\/\/tiketi.com\/fr-fr\/wp-json\/wp\/v2\/users\/1"}],"replies":[{"embeddable":true,"href":"https:\/\/tiketi.com\/fr-fr\/wp-json\/wp\/v2\/comments?post=10708"}],"version-history":[{"count":0,"href":"https:\/\/tiketi.com\/fr-fr\/wp-json\/wp\/v2\/pages\/10708\/revisions"}],"wp:featuredmedia":[{"embeddable":true,"href":"https:\/\/tiketi.com\/fr-fr\/wp-json\/wp\/v2\/media\/16435"}],"wp:attachment":[{"href":"https:\/\/tiketi.com\/fr-fr\/wp-json\/wp\/v2\/media?parent=10708"}],"curies":[{"name":"wp","href":"https:\/\/api.w.org\/{rel}","templated":true}]}}