{"id":10709,"date":"2022-01-19T12:53:43","date_gmt":"2022-01-19T11:53:43","guid":{"rendered":"https:\/\/new.tiketi.com\/ferry-mombasa-to-seychelles-ticket-booking\/"},"modified":"2022-02-12T13:13:24","modified_gmt":"2022-02-12T12:13:24","slug":"ferry-mombasa-to-seychelles-tickets","status":"publish","type":"page","link":"https:\/\/tiketi.com\/fr-fr\/ferry-mombasa-to-seychelles-tickets\/","title":{"rendered":"R\u00e9servation de billets de ferry de Mombasa aux Seychelles"},"content":{"rendered":"<h2>R\u00e9servation en ligne de ferry pas cher de Mombasa aux Seychelles, Tanzanie<\/h2>\n<h3><strong>&gt;&gt;<\/strong>\u00a0Voyagez de Mombasa aux Seychelles en bateau et r\u00e9servez votre billet de ferry pas cher \u00e0 l&#039;avance en ligne\u00a0<a href=\"https:\/\/tiketi.com\/fr-fr\/contact-us\/\" target=\"_blank\" rel=\"noopener\">maintenant &gt;&gt;<\/a><\/h3>\n<p>La r\u00e9servation en ligne de billets de ferry de Mombasa aux Seychelles en toute simplicit\u00e9. Les Seychelles sont un endroit extr\u00eamement c\u00e9l\u00e8bre pour les visiteurs de toute la plan\u00e8te, avec leurs plages de sable doux, leurs eaux turquoises et leur climat chaud, il n&#039;y a pas de surprise. Avec 115 \u00eeles composant l&#039;archipel, de toute fa\u00e7on, choisir laquelle rester peut \u00eatre d\u00e9licate. Voici le guide sur la fa\u00e7on de r\u00e9server un ferry de Mombasa aux Seychelles :<\/p>\n<h2>FAQ sur le ferry de Mombasa aux Seychelles<\/h2>\n<h3>Le transfert en bateau de Mombasa aux Seychelles est-il le moyen abordable de se rendre de Mombasa aux Seychelles ?<\/h3>\n<p>Le moyen abordable de se rendre de Mombasa \u00e0 Seychelles est en ferry qui co\u00fbte $59 - $80 et prend 6h 5m.<\/p>\n<h3>Le ferry Mombasa-Seychelles est-il le moyen le plus rapide pour se rendre de Mombasa aux Seychelles ?<\/h3>\n<p>Le moyen le plus rapide pour se rendre de Mombasa \u00e0 Seychelles est de prendre un ferry qui co\u00fbte $59 - $80 et prend 6h 5m.<\/p>\n<h3>Quelle est la distance entre Mombasa a Seychelles?<\/h3>\n<p>La distance entre Seychelles et Mombasa en ferry est de 1752 km.<\/p>\n<h3>Quelle est le d\u00e9calage horaire entre Seychelles et Mombasa ?<\/h3>\n<p>Les Seychelles sont 1 devant Mombasa. Il est actuellement 17h30 \u00e0 Mombasa et 18h30 aux Seychelles.<\/p>\n<h3>Quel est le voyage en bateau le plus c\u00e9l\u00e8bre entre Mombasa et les Seychelles ?<\/h3>\n<p>CatCocos est le voyage en bateau le plus c\u00e9l\u00e8bre entre Mombasa et les Seychelles.<\/p>\n<h3>Combien de temps faut-il pour se rendre de Mombasa \u00e0 Seychelles ?<\/h3>\n<p>Il faut environ 6h 5m pour se rendre de Mombasa \u00e0 Seychelles, temps de transfert inclus.<\/p>\n<h2>FAQ sur les ferries entre Mombasa et les Seychelles<\/h2>\n<p>Les trois \u00eeles cl\u00e9s sont La-Digue, Praslin et Mah\u00e9, chacune offrant certains des meilleurs h\u00f4tels des Seychelles ainsi que des commodit\u00e9s et des activit\u00e9s pour occuper chaque couple de jeunes mari\u00e9s et les familles occup\u00e9es. Mah\u00e9 est l&#039;\u00eele cl\u00e9 et aussi la plus c\u00e9l\u00e8bre, avec plus de soixante-dix plages incroyables \u00e0 appr\u00e9cier.<\/p>\n<p>Certains des sites c\u00e9l\u00e8bres ici contiennent le march\u00e9 de Victoria, le mus\u00e9e d&#039;histoire naturelle de Victoria, le parc marin national de St Anne et le jardin botanique du Mont Fleuri et bien d&#039;autres.<\/p>","protected":false},"excerpt":{"rendered":"<p>Cheap Mombasa to Seychelles Ferry Online Booking, Tanzania &gt;&gt;\u00a0Travel Mombasa to Seychelles by ship and book your cheap ferry ticket\u00a0in advance online\u00a0now &gt;&gt; Ferry Mombasa to Seychelles tickets\u00a0online booking made easy.\u00a0The Seychelles are a hugely famous place for visitors all over the planet, with their soft sand beaches, turquoise waters and hot climate, there is [&hellip;]<\/p>\n","protected":false},"author":1,"featured_media":16435,"parent":0,"menu_order":0,"comment_status":"open","ping_status":"closed","template":"template-home-modern.php","meta":{"footnotes":""},"class_list":["post-10709","page","type-page","status-publish","has-post-thumbnail","hentry"],"yoast_head":"<!-- This site is optimized with the Yoast SEO plugin v27.2 - https:\/\/yoast.com\/product\/yoast-seo-wordpress\/ -->\n<title>Ferry Mombasa to Seychelles Ticket Booking<\/title>\n<meta name=\"description\" content=\"Looking for boat, ship, ferry Mombasa to Seychelles Island tickets? Book cheap Mombasa to Seychelles ferry tickets online now\" \/>\n<meta name=\"robots\" content=\"index, follow, max-snippet:-1, max-image-preview:large, max-video-preview:-1\" \/>\n<link rel=\"canonical\" href=\"https:\/\/tiketi.com\/fr-fr\/ferry-mombasa-to-seychelles-tickets\/\" \/>\n<meta property=\"og:locale\" content=\"fr_FR\" \/>\n<meta property=\"og:type\" content=\"article\" \/>\n<meta property=\"og:title\" content=\"Ferry Mombasa to Seychelles Ticket Booking\" \/>\n<meta property=\"og:description\" content=\"Looking for boat, ship, ferry Mombasa to Seychelles Island tickets? Book cheap Mombasa to Seychelles ferry tickets online now\" \/>\n<meta property=\"og:url\" content=\"https:\/\/tiketi.com\/fr-fr\/ferry-mombasa-to-seychelles-tickets\/\" \/>\n<meta property=\"og:site_name\" content=\"Tiketi.com\" \/>\n<meta property=\"article:publisher\" content=\"https:\/\/www.facebook.com\/TiketiCom\/\" \/>\n<meta property=\"article:modified_time\" content=\"2022-02-12T12:13:24+00:00\" \/>\n<meta property=\"og:image\" content=\"https:\/\/tiketi.com\/wp-content\/uploads\/2022\/02\/ferry-cruise-ship-voyage-41.jpg\" \/>\n\t<meta property=\"og:image:width\" content=\"1200\" \/>\n\t<meta property=\"og:image:height\" content=\"200\" \/>\n\t<meta property=\"og:image:type\" content=\"image\/jpeg\" \/>\n<meta name=\"twitter:card\" content=\"summary_large_image\" \/>\n<meta name=\"twitter:label1\" content=\"Dur\u00e9e de lecture estim\u00e9e\" \/>\n\t<meta name=\"twitter:data1\" content=\"2 minutes\" \/>\n<script type=\"application\/ld+json\" class=\"yoast-schema-graph\">{\"@context\":\"https:\/\/schema.org\",\"@graph\":[{\"@type\":\"WebPage\",\"@id\":\"https:\/\/tiketi.com\/ferry-mombasa-to-seychelles-tickets\/\",\"url\":\"https:\/\/tiketi.com\/ferry-mombasa-to-seychelles-tickets\/\",\"name\":\"Ferry Mombasa to Seychelles Ticket Booking\",\"isPartOf\":{\"@id\":\"https:\/\/tiketi.com\/#website\"},\"primaryImageOfPage\":{\"@id\":\"https:\/\/tiketi.com\/ferry-mombasa-to-seychelles-tickets\/#primaryimage\"},\"image\":{\"@id\":\"https:\/\/tiketi.com\/ferry-mombasa-to-seychelles-tickets\/#primaryimage\"},\"thumbnailUrl\":\"https:\/\/tiketi.com\/wp-content\/uploads\/2022\/02\/ferry-cruise-ship-voyage-41.jpg\",\"datePublished\":\"2022-01-19T11:53:43+00:00\",\"dateModified\":\"2022-02-12T12:13:24+00:00\",\"description\":\"Looking for boat, ship, ferry Mombasa to Seychelles Island tickets? Book cheap Mombasa to Seychelles ferry tickets online now\",\"breadcrumb\":{\"@id\":\"https:\/\/tiketi.com\/ferry-mombasa-to-seychelles-tickets\/#breadcrumb\"},\"inLanguage\":\"fr-FR\",\"potentialAction\":[{\"@type\":\"ReadAction\",\"target\":[\"https:\/\/tiketi.com\/ferry-mombasa-to-seychelles-tickets\/\"]}]},{\"@type\":\"ImageObject\",\"inLanguage\":\"fr-FR\",\"@id\":\"https:\/\/tiketi.com\/ferry-mombasa-to-seychelles-tickets\/#primaryimage\",\"url\":\"https:\/\/tiketi.com\/wp-content\/uploads\/2022\/02\/ferry-cruise-ship-voyage-41.jpg\",\"contentUrl\":\"https:\/\/tiketi.com\/wp-content\/uploads\/2022\/02\/ferry-cruise-ship-voyage-41.jpg\",\"width\":1200,\"height\":200,\"caption\":\"Ferry Boat Tickets\"},{\"@type\":\"BreadcrumbList\",\"@id\":\"https:\/\/tiketi.com\/ferry-mombasa-to-seychelles-tickets\/#breadcrumb\",\"itemListElement\":[{\"@type\":\"ListItem\",\"position\":1,\"name\":\"Home\",\"item\":\"https:\/\/tiketi.com\/\"},{\"@type\":\"ListItem\",\"position\":2,\"name\":\"Ferry Mombasa to Seychelles Ticket Booking\"}]},{\"@type\":\"WebSite\",\"@id\":\"https:\/\/tiketi.com\/#website\",\"url\":\"https:\/\/tiketi.com\/\",\"name\":\"Flight & Bus Tickets, Tour Packages & Activitites - Tiketi.com\",\"description\":\"Flight &amp; Bus Tickets, Tours, Activitites\",\"publisher\":{\"@id\":\"https:\/\/tiketi.com\/#organization\"},\"potentialAction\":[{\"@type\":\"SearchAction\",\"target\":{\"@type\":\"EntryPoint\",\"urlTemplate\":\"https:\/\/tiketi.com\/?s={search_term_string}\"},\"query-input\":{\"@type\":\"PropertyValueSpecification\",\"valueRequired\":true,\"valueName\":\"search_term_string\"}}],\"inLanguage\":\"fr-FR\"},{\"@type\":\"Organization\",\"@id\":\"https:\/\/tiketi.com\/#organization\",\"name\":\"Tiketi.com\",\"alternateName\":\"Tiketi\",\"url\":\"https:\/\/tiketi.com\/\",\"logo\":{\"@type\":\"ImageObject\",\"inLanguage\":\"fr-FR\",\"@id\":\"https:\/\/tiketi.com\/#\/schema\/logo\/image\/\",\"url\":\"https:\/\/tiketi.com\/wp-content\/uploads\/2019\/05\/tiketi-logo-696.png\",\"contentUrl\":\"https:\/\/tiketi.com\/wp-content\/uploads\/2019\/05\/tiketi-logo-696.png\",\"width\":696,\"height\":696,\"caption\":\"Tiketi.com\"},\"image\":{\"@id\":\"https:\/\/tiketi.com\/#\/schema\/logo\/image\/\"},\"sameAs\":[\"https:\/\/www.facebook.com\/TiketiCom\/\"]}]}<\/script>\n<!-- \/ Yoast SEO plugin. -->","yoast_head_json":{"title":"R\u00e9servation de billets de ferry de Mombasa aux Seychelles","description":"Vous cherchez des billets de bateau, bateau, ferry Mombasa aux \u00eeles Seychelles ? R\u00e9servez vos billets de ferry de Mombasa aux Seychelles \u00e0 bas prix en ligne maintenant","robots":{"index":"index","follow":"follow","max-snippet":"max-snippet:-1","max-image-preview":"max-image-preview:large","max-video-preview":"max-video-preview:-1"},"canonical":"https:\/\/tiketi.com\/fr-fr\/ferry-mombasa-to-seychelles-tickets\/","og_locale":"fr_FR","og_type":"article","og_title":"Ferry Mombasa to Seychelles Ticket Booking","og_description":"Looking for boat, ship, ferry Mombasa to Seychelles Island tickets? Book cheap Mombasa to Seychelles ferry tickets online now","og_url":"https:\/\/tiketi.com\/fr-fr\/ferry-mombasa-to-seychelles-tickets\/","og_site_name":"Tiketi.com","article_publisher":"https:\/\/www.facebook.com\/TiketiCom\/","article_modified_time":"2022-02-12T12:13:24+00:00","og_image":[{"width":1200,"height":200,"url":"https:\/\/tiketi.com\/wp-content\/uploads\/2022\/02\/ferry-cruise-ship-voyage-41.jpg","type":"image\/jpeg"}],"twitter_card":"summary_large_image","twitter_misc":{"Dur\u00e9e de lecture estim\u00e9e":"2 minutes"},"schema":{"@context":"https:\/\/schema.org","@graph":[{"@type":"WebPage","@id":"https:\/\/tiketi.com\/ferry-mombasa-to-seychelles-tickets\/","url":"https:\/\/tiketi.com\/ferry-mombasa-to-seychelles-tickets\/","name":"R\u00e9servation de billets de ferry de Mombasa aux Seychelles","isPartOf":{"@id":"https:\/\/tiketi.com\/#website"},"primaryImageOfPage":{"@id":"https:\/\/tiketi.com\/ferry-mombasa-to-seychelles-tickets\/#primaryimage"},"image":{"@id":"https:\/\/tiketi.com\/ferry-mombasa-to-seychelles-tickets\/#primaryimage"},"thumbnailUrl":"https:\/\/tiketi.com\/wp-content\/uploads\/2022\/02\/ferry-cruise-ship-voyage-41.jpg","datePublished":"2022-01-19T11:53:43+00:00","dateModified":"2022-02-12T12:13:24+00:00","description":"Vous cherchez des billets de bateau, bateau, ferry Mombasa aux \u00eeles Seychelles ? R\u00e9servez vos billets de ferry de Mombasa aux Seychelles \u00e0 bas prix en ligne maintenant","breadcrumb":{"@id":"https:\/\/tiketi.com\/ferry-mombasa-to-seychelles-tickets\/#breadcrumb"},"inLanguage":"fr-FR","potentialAction":[{"@type":"ReadAction","target":["https:\/\/tiketi.com\/ferry-mombasa-to-seychelles-tickets\/"]}]},{"@type":"ImageObject","inLanguage":"fr-FR","@id":"https:\/\/tiketi.com\/ferry-mombasa-to-seychelles-tickets\/#primaryimage","url":"https:\/\/tiketi.com\/wp-content\/uploads\/2022\/02\/ferry-cruise-ship-voyage-41.jpg","contentUrl":"https:\/\/tiketi.com\/wp-content\/uploads\/2022\/02\/ferry-cruise-ship-voyage-41.jpg","width":1200,"height":200,"caption":"Ferry Boat Tickets"},{"@type":"BreadcrumbList","@id":"https:\/\/tiketi.com\/ferry-mombasa-to-seychelles-tickets\/#breadcrumb","itemListElement":[{"@type":"ListItem","position":1,"name":"Home","item":"https:\/\/tiketi.com\/"},{"@type":"ListItem","position":2,"name":"Ferry Mombasa to Seychelles Ticket Booking"}]},{"@type":"WebSite","@id":"https:\/\/tiketi.com\/#website","url":"https:\/\/tiketi.com\/","name":"Billets d&#039;avion et de bus, forfaits touristiques et activit\u00e9s - Tiketi.com","description":"Billets d&#039;avion et de bus, Tours, Activit\u00e9s","publisher":{"@id":"https:\/\/tiketi.com\/#organization"},"potentialAction":[{"@type":"SearchAction","target":{"@type":"EntryPoint","urlTemplate":"https:\/\/tiketi.com\/?s={search_term_string}"},"query-input":{"@type":"PropertyValueSpecification","valueRequired":true,"valueName":"search_term_string"}}],"inLanguage":"fr-FR"},{"@type":"Organization","@id":"https:\/\/tiketi.com\/#organization","name":"Tiketi.com","alternateName":"Tiketi","url":"https:\/\/tiketi.com\/","logo":{"@type":"ImageObject","inLanguage":"fr-FR","@id":"https:\/\/tiketi.com\/#\/schema\/logo\/image\/","url":"https:\/\/tiketi.com\/wp-content\/uploads\/2019\/05\/tiketi-logo-696.png","contentUrl":"https:\/\/tiketi.com\/wp-content\/uploads\/2019\/05\/tiketi-logo-696.png","width":696,"height":696,"caption":"Tiketi.com"},"image":{"@id":"https:\/\/tiketi.com\/#\/schema\/logo\/image\/"},"sameAs":["https:\/\/www.facebook.com\/TiketiCom\/"]}]}},"_links":{"self":[{"href":"https:\/\/tiketi.com\/fr-fr\/wp-json\/wp\/v2\/pages\/10709","targetHints":{"allow":["GET"]}}],"collection":[{"href":"https:\/\/tiketi.com\/fr-fr\/wp-json\/wp\/v2\/pages"}],"about":[{"href":"https:\/\/tiketi.com\/fr-fr\/wp-json\/wp\/v2\/types\/page"}],"author":[{"embeddable":true,"href":"https:\/\/tiketi.com\/fr-fr\/wp-json\/wp\/v2\/users\/1"}],"replies":[{"embeddable":true,"href":"https:\/\/tiketi.com\/fr-fr\/wp-json\/wp\/v2\/comments?post=10709"}],"version-history":[{"count":0,"href":"https:\/\/tiketi.com\/fr-fr\/wp-json\/wp\/v2\/pages\/10709\/revisions"}],"wp:featuredmedia":[{"embeddable":true,"href":"https:\/\/tiketi.com\/fr-fr\/wp-json\/wp\/v2\/media\/16435"}],"wp:attachment":[{"href":"https:\/\/tiketi.com\/fr-fr\/wp-json\/wp\/v2\/media?parent=10709"}],"curies":[{"name":"wp","href":"https:\/\/api.w.org\/{rel}","templated":true}]}}