{"id":10710,"date":"2022-01-19T12:53:43","date_gmt":"2022-01-19T11:53:43","guid":{"rendered":"https:\/\/new.tiketi.com\/port-bell-to-mwanza-ferry-ticket-booking\/"},"modified":"2023-02-22T17:19:03","modified_gmt":"2023-02-22T16:19:03","slug":"ferry-port-bell-to-mwanza","status":"publish","type":"page","link":"https:\/\/tiketi.com\/fr-fr\/ferry\/routes\/ferry-port-bell-to-mwanza\/","title":{"rendered":"R\u00e9servation de billets de ferry de Port Bell \u00e0 Mwanza"},"content":{"rendered":"<h2>R\u00e9servation en ligne de ferry bon march\u00e9 de Bell \u00e0 Mwanza<\/h2>\n<h3>Voyagez en ferry de Port Bell \u00e0 Mwanza en bateau et r\u00e9servez votre billet de ferry pas cher \u00e0 l&#039;avance en ligne.<\/h3>\n<p>La r\u00e9servation en ligne de billets de ferry de Port Bell \u00e0 Mwanza est simplifi\u00e9e. La ville de Mwanza est le grand port tanzanien sur le lac Victoria et un grand centre d&#039;activit\u00e9s \u00e9conomiques dans la r\u00e9gion. Le lac borde les voisins est-africains du pays - le Kenya au nord-est - l&#039;Ouganda au nord-ouest. Voici quelques id\u00e9es sur la fa\u00e7on de r\u00e9server le ferry de Mwanza \u00e0 Port Bell\u00a0:<\/p>\n<h2>FAQ sur le ferry de Port Bell \u00e0 Mwanza<\/h2>\n<h3>Les ferries de Port Bell \u00e0 Mwanza sont-ils le moyen abordable de se rendre de Port Bell \u00e0 Mwanza ?<\/h3>\n<p>Le moyen abordable de se rendre de Port Bell \u00e0 Mwanza est en ferry qui co\u00fbte $65 - $100 et prend 11h 25m.<\/p>\n<h3>Les ferries de Port Bell \u00e0 Mwanza sont-ils le moyen le plus rapide pour se rendre de Port Bell \u00e0 Mwanza ?<\/h3>\n<p>Le moyen le plus rapide pour se rendre de Port Bell \u00e0 Mwanza est de prendre un avion ce qui co\u00fbte $140 \u2013 $490 et prend 1h 50m.<\/p>\n<h3>Quelle est la distance entre Port Bell et Mwanza en ferry ?<\/h3>\n<p>La distance entre ferry Port Bell et Mwanza est de 315 km.<\/p>\n<h3>Combien de temps faut-il pour se rendre de Port bell \u00e0 Mwanza ?<\/h3>\n<p>Il faut environ 11h 25m pour aller de Port Bell \u00e0 Mwanza en ferry.<\/p>\n<h3>Puis-je conduire de Port Bell \u00e0 Mwanza ?<\/h3>\n<p>Oui, la distance en voiture de Port Bell et Mwanza est de 788 km. il faut environ 11h 25m pour conduire de Port Bell et Mwanza.<\/p>\n<h3>Quel est le ferry le plus c\u00e9l\u00e8bre de Port Bell \u00e0 Mwanza Company ?<\/h3>\n<p>Earthwise ferries est la compagnie de ferry la plus c\u00e9l\u00e8bre pour Port Bell \u00e0 Mwanza.<\/p>\n<h2>FAQ sur le ferry de Bell \u00e0 Mwanza<\/h2>\n<p>L&#039;exportation et le transport entre les nations sont une base de l&#039;\u00e9conomie de Mwanza. Autour de la ville de Mwanza, la terre est initialement consacr\u00e9e \u00e0 l&#039;entreprise agricole. Les plantations de coton, de th\u00e9 et de caf\u00e9 dans toute la r\u00e9gion produisent de gros volumes de cultures de rente qui passent par Mwanza pour se rendre au march\u00e9. Le port industriel et les rues anim\u00e9es de la ville en font un endroit anim\u00e9 et prosp\u00e8re \u00e0 explorer.<\/p>","protected":false},"excerpt":{"rendered":"<p>Cheap Ferry Port Bell to Mwanza Online Booking Travel Ferry Port Bell to Mwanza by boat and book your cheap ferry ticket in advance online. Port Bell to Mwanza ferry tickets online booking made easy. The city of Mwanza is the big Tanzanian port on Lake Victoria and a big center of economic activities in [&hellip;]<\/p>\n","protected":false},"author":1,"featured_media":16435,"parent":26809,"menu_order":0,"comment_status":"open","ping_status":"closed","template":"template-home-modern.php","meta":{"footnotes":""},"class_list":["post-10710","page","type-page","status-publish","has-post-thumbnail","hentry"],"yoast_head":"<!-- This site is optimized with the Yoast SEO plugin v27.3 - https:\/\/yoast.com\/product\/yoast-seo-wordpress\/ -->\n<title>Port Bell to Mwanza Ferry Ticket Booking<\/title>\n<meta name=\"description\" content=\"Looking for boat, ship, Port bell to Mwanza ferry tickets? Book cheap ferry Port bell to Mwanza tickets online now\" \/>\n<meta name=\"robots\" content=\"index, follow, max-snippet:-1, max-image-preview:large, max-video-preview:-1\" \/>\n<link rel=\"canonical\" href=\"https:\/\/tiketi.com\/fr-fr\/ferry\/routes\/ferry-port-bell-to-mwanza\/\" \/>\n<meta property=\"og:locale\" content=\"fr_FR\" \/>\n<meta property=\"og:type\" content=\"article\" \/>\n<meta property=\"og:title\" content=\"Port Bell to Mwanza Ferry Ticket Booking\" \/>\n<meta property=\"og:description\" content=\"Looking for boat, ship, Port bell to Mwanza ferry tickets? Book cheap ferry Port bell to Mwanza tickets online now\" \/>\n<meta property=\"og:url\" content=\"https:\/\/tiketi.com\/fr-fr\/ferry\/routes\/ferry-port-bell-to-mwanza\/\" \/>\n<meta property=\"og:site_name\" content=\"Tiketi.com\" \/>\n<meta property=\"article:publisher\" content=\"https:\/\/www.facebook.com\/TiketiCom\/\" \/>\n<meta property=\"article:modified_time\" content=\"2023-02-22T16:19:03+00:00\" \/>\n<meta property=\"og:image\" content=\"https:\/\/tiketi.com\/wp-content\/uploads\/2022\/02\/ferry-cruise-ship-voyage-41.jpg\" \/>\n\t<meta property=\"og:image:width\" content=\"1200\" \/>\n\t<meta property=\"og:image:height\" content=\"200\" \/>\n\t<meta property=\"og:image:type\" content=\"image\/jpeg\" \/>\n<meta name=\"twitter:card\" content=\"summary_large_image\" \/>\n<meta name=\"twitter:label1\" content=\"Dur\u00e9e de lecture estim\u00e9e\" \/>\n\t<meta name=\"twitter:data1\" content=\"2 minutes\" \/>\n<script type=\"application\/ld+json\" class=\"yoast-schema-graph\">{\"@context\":\"https:\\\/\\\/schema.org\",\"@graph\":[{\"@type\":\"WebPage\",\"@id\":\"https:\\\/\\\/tiketi.com\\\/ferry\\\/routes\\\/ferry-port-bell-to-mwanza\\\/\",\"url\":\"https:\\\/\\\/tiketi.com\\\/ferry\\\/routes\\\/ferry-port-bell-to-mwanza\\\/\",\"name\":\"Port Bell to Mwanza Ferry Ticket Booking\",\"isPartOf\":{\"@id\":\"https:\\\/\\\/tiketi.com\\\/#website\"},\"primaryImageOfPage\":{\"@id\":\"https:\\\/\\\/tiketi.com\\\/ferry\\\/routes\\\/ferry-port-bell-to-mwanza\\\/#primaryimage\"},\"image\":{\"@id\":\"https:\\\/\\\/tiketi.com\\\/ferry\\\/routes\\\/ferry-port-bell-to-mwanza\\\/#primaryimage\"},\"thumbnailUrl\":\"https:\\\/\\\/tiketi.com\\\/wp-content\\\/uploads\\\/2022\\\/02\\\/ferry-cruise-ship-voyage-41.jpg\",\"datePublished\":\"2022-01-19T11:53:43+00:00\",\"dateModified\":\"2023-02-22T16:19:03+00:00\",\"description\":\"Looking for boat, ship, Port bell to Mwanza ferry tickets? Book cheap ferry Port bell to Mwanza tickets online now\",\"breadcrumb\":{\"@id\":\"https:\\\/\\\/tiketi.com\\\/ferry\\\/routes\\\/ferry-port-bell-to-mwanza\\\/#breadcrumb\"},\"inLanguage\":\"fr-FR\",\"potentialAction\":[{\"@type\":\"ReadAction\",\"target\":[\"https:\\\/\\\/tiketi.com\\\/ferry\\\/routes\\\/ferry-port-bell-to-mwanza\\\/\"]}]},{\"@type\":\"ImageObject\",\"inLanguage\":\"fr-FR\",\"@id\":\"https:\\\/\\\/tiketi.com\\\/ferry\\\/routes\\\/ferry-port-bell-to-mwanza\\\/#primaryimage\",\"url\":\"https:\\\/\\\/tiketi.com\\\/wp-content\\\/uploads\\\/2022\\\/02\\\/ferry-cruise-ship-voyage-41.jpg\",\"contentUrl\":\"https:\\\/\\\/tiketi.com\\\/wp-content\\\/uploads\\\/2022\\\/02\\\/ferry-cruise-ship-voyage-41.jpg\",\"width\":1200,\"height\":200,\"caption\":\"Ferry Boat Tickets\"},{\"@type\":\"BreadcrumbList\",\"@id\":\"https:\\\/\\\/tiketi.com\\\/ferry\\\/routes\\\/ferry-port-bell-to-mwanza\\\/#breadcrumb\",\"itemListElement\":[{\"@type\":\"ListItem\",\"position\":1,\"name\":\"Home\",\"item\":\"https:\\\/\\\/tiketi.com\\\/\"},{\"@type\":\"ListItem\",\"position\":2,\"name\":\"Ferry\",\"item\":\"https:\\\/\\\/tiketi.com\\\/ferry\\\/\"},{\"@type\":\"ListItem\",\"position\":3,\"name\":\"Routes\",\"item\":\"https:\\\/\\\/tiketi.com\\\/ferry\\\/routes\\\/\"},{\"@type\":\"ListItem\",\"position\":4,\"name\":\"Port Bell to Mwanza Ferry Ticket Booking\"}]},{\"@type\":\"WebSite\",\"@id\":\"https:\\\/\\\/tiketi.com\\\/#website\",\"url\":\"https:\\\/\\\/tiketi.com\\\/\",\"name\":\"Flight & Bus Tickets, Tour Packages & Activitites - Tiketi.com\",\"description\":\"Flight &amp; Bus Tickets, Tours, Activitites\",\"publisher\":{\"@id\":\"https:\\\/\\\/tiketi.com\\\/#organization\"},\"potentialAction\":[{\"@type\":\"SearchAction\",\"target\":{\"@type\":\"EntryPoint\",\"urlTemplate\":\"https:\\\/\\\/tiketi.com\\\/?s={search_term_string}\"},\"query-input\":{\"@type\":\"PropertyValueSpecification\",\"valueRequired\":true,\"valueName\":\"search_term_string\"}}],\"inLanguage\":\"fr-FR\"},{\"@type\":\"Organization\",\"@id\":\"https:\\\/\\\/tiketi.com\\\/#organization\",\"name\":\"Tiketi.com\",\"alternateName\":\"Tiketi\",\"url\":\"https:\\\/\\\/tiketi.com\\\/\",\"logo\":{\"@type\":\"ImageObject\",\"inLanguage\":\"fr-FR\",\"@id\":\"https:\\\/\\\/tiketi.com\\\/#\\\/schema\\\/logo\\\/image\\\/\",\"url\":\"https:\\\/\\\/tiketi.com\\\/wp-content\\\/uploads\\\/2019\\\/05\\\/tiketi-logo-696.png\",\"contentUrl\":\"https:\\\/\\\/tiketi.com\\\/wp-content\\\/uploads\\\/2019\\\/05\\\/tiketi-logo-696.png\",\"width\":696,\"height\":696,\"caption\":\"Tiketi.com\"},\"image\":{\"@id\":\"https:\\\/\\\/tiketi.com\\\/#\\\/schema\\\/logo\\\/image\\\/\"},\"sameAs\":[\"https:\\\/\\\/www.facebook.com\\\/TiketiCom\\\/\"]}]}<\/script>\n<!-- \/ Yoast SEO plugin. -->","yoast_head_json":{"title":"R\u00e9servation de billets de ferry de Port Bell \u00e0 Mwanza","description":"Vous cherchez des billets de ferry pour un bateau, un bateau, la cloche du port et Mwanza ? R\u00e9servez des billets de ferry Port Bell \u00e0 Mwanza pas chers en ligne maintenant","robots":{"index":"index","follow":"follow","max-snippet":"max-snippet:-1","max-image-preview":"max-image-preview:large","max-video-preview":"max-video-preview:-1"},"canonical":"https:\/\/tiketi.com\/fr-fr\/ferry\/routes\/ferry-port-bell-to-mwanza\/","og_locale":"fr_FR","og_type":"article","og_title":"Port Bell to Mwanza Ferry Ticket Booking","og_description":"Looking for boat, ship, Port bell to Mwanza ferry tickets? Book cheap ferry Port bell to Mwanza tickets online now","og_url":"https:\/\/tiketi.com\/fr-fr\/ferry\/routes\/ferry-port-bell-to-mwanza\/","og_site_name":"Tiketi.com","article_publisher":"https:\/\/www.facebook.com\/TiketiCom\/","article_modified_time":"2023-02-22T16:19:03+00:00","og_image":[{"width":1200,"height":200,"url":"https:\/\/tiketi.com\/wp-content\/uploads\/2022\/02\/ferry-cruise-ship-voyage-41.jpg","type":"image\/jpeg"}],"twitter_card":"summary_large_image","twitter_misc":{"Dur\u00e9e de lecture estim\u00e9e":"2 minutes"},"schema":{"@context":"https:\/\/schema.org","@graph":[{"@type":"WebPage","@id":"https:\/\/tiketi.com\/ferry\/routes\/ferry-port-bell-to-mwanza\/","url":"https:\/\/tiketi.com\/ferry\/routes\/ferry-port-bell-to-mwanza\/","name":"R\u00e9servation de billets de ferry de Port Bell \u00e0 Mwanza","isPartOf":{"@id":"https:\/\/tiketi.com\/#website"},"primaryImageOfPage":{"@id":"https:\/\/tiketi.com\/ferry\/routes\/ferry-port-bell-to-mwanza\/#primaryimage"},"image":{"@id":"https:\/\/tiketi.com\/ferry\/routes\/ferry-port-bell-to-mwanza\/#primaryimage"},"thumbnailUrl":"https:\/\/tiketi.com\/wp-content\/uploads\/2022\/02\/ferry-cruise-ship-voyage-41.jpg","datePublished":"2022-01-19T11:53:43+00:00","dateModified":"2023-02-22T16:19:03+00:00","description":"Vous cherchez des billets de ferry pour un bateau, un bateau, la cloche du port et Mwanza ? R\u00e9servez des billets de ferry Port Bell \u00e0 Mwanza pas chers en ligne maintenant","breadcrumb":{"@id":"https:\/\/tiketi.com\/ferry\/routes\/ferry-port-bell-to-mwanza\/#breadcrumb"},"inLanguage":"fr-FR","potentialAction":[{"@type":"ReadAction","target":["https:\/\/tiketi.com\/ferry\/routes\/ferry-port-bell-to-mwanza\/"]}]},{"@type":"ImageObject","inLanguage":"fr-FR","@id":"https:\/\/tiketi.com\/ferry\/routes\/ferry-port-bell-to-mwanza\/#primaryimage","url":"https:\/\/tiketi.com\/wp-content\/uploads\/2022\/02\/ferry-cruise-ship-voyage-41.jpg","contentUrl":"https:\/\/tiketi.com\/wp-content\/uploads\/2022\/02\/ferry-cruise-ship-voyage-41.jpg","width":1200,"height":200,"caption":"Ferry Boat Tickets"},{"@type":"BreadcrumbList","@id":"https:\/\/tiketi.com\/ferry\/routes\/ferry-port-bell-to-mwanza\/#breadcrumb","itemListElement":[{"@type":"ListItem","position":1,"name":"Home","item":"https:\/\/tiketi.com\/"},{"@type":"ListItem","position":2,"name":"Ferry","item":"https:\/\/tiketi.com\/ferry\/"},{"@type":"ListItem","position":3,"name":"Routes","item":"https:\/\/tiketi.com\/ferry\/routes\/"},{"@type":"ListItem","position":4,"name":"Port Bell to Mwanza Ferry Ticket Booking"}]},{"@type":"WebSite","@id":"https:\/\/tiketi.com\/#website","url":"https:\/\/tiketi.com\/","name":"Billets d&#039;avion et de bus, forfaits touristiques et activit\u00e9s - Tiketi.com","description":"Billets d&#039;avion et de bus, Tours, Activit\u00e9s","publisher":{"@id":"https:\/\/tiketi.com\/#organization"},"potentialAction":[{"@type":"SearchAction","target":{"@type":"EntryPoint","urlTemplate":"https:\/\/tiketi.com\/?s={search_term_string}"},"query-input":{"@type":"PropertyValueSpecification","valueRequired":true,"valueName":"search_term_string"}}],"inLanguage":"fr-FR"},{"@type":"Organization","@id":"https:\/\/tiketi.com\/#organization","name":"Tiketi.com","alternateName":"Tiketi","url":"https:\/\/tiketi.com\/","logo":{"@type":"ImageObject","inLanguage":"fr-FR","@id":"https:\/\/tiketi.com\/#\/schema\/logo\/image\/","url":"https:\/\/tiketi.com\/wp-content\/uploads\/2019\/05\/tiketi-logo-696.png","contentUrl":"https:\/\/tiketi.com\/wp-content\/uploads\/2019\/05\/tiketi-logo-696.png","width":696,"height":696,"caption":"Tiketi.com"},"image":{"@id":"https:\/\/tiketi.com\/#\/schema\/logo\/image\/"},"sameAs":["https:\/\/www.facebook.com\/TiketiCom\/"]}]}},"_links":{"self":[{"href":"https:\/\/tiketi.com\/fr-fr\/wp-json\/wp\/v2\/pages\/10710","targetHints":{"allow":["GET"]}}],"collection":[{"href":"https:\/\/tiketi.com\/fr-fr\/wp-json\/wp\/v2\/pages"}],"about":[{"href":"https:\/\/tiketi.com\/fr-fr\/wp-json\/wp\/v2\/types\/page"}],"author":[{"embeddable":true,"href":"https:\/\/tiketi.com\/fr-fr\/wp-json\/wp\/v2\/users\/1"}],"replies":[{"embeddable":true,"href":"https:\/\/tiketi.com\/fr-fr\/wp-json\/wp\/v2\/comments?post=10710"}],"version-history":[{"count":0,"href":"https:\/\/tiketi.com\/fr-fr\/wp-json\/wp\/v2\/pages\/10710\/revisions"}],"up":[{"embeddable":true,"href":"https:\/\/tiketi.com\/fr-fr\/wp-json\/wp\/v2\/pages\/26809"}],"wp:featuredmedia":[{"embeddable":true,"href":"https:\/\/tiketi.com\/fr-fr\/wp-json\/wp\/v2\/media\/16435"}],"wp:attachment":[{"href":"https:\/\/tiketi.com\/fr-fr\/wp-json\/wp\/v2\/media?parent=10710"}],"curies":[{"name":"wp","href":"https:\/\/api.w.org\/{rel}","templated":true}]}}