{"id":10711,"date":"2022-01-19T12:53:43","date_gmt":"2022-01-19T11:53:43","guid":{"rendered":"https:\/\/new.tiketi.com\/zanzibar-fast-ferries-booking-ticket-booking\/"},"modified":"2022-02-23T14:29:54","modified_gmt":"2022-02-23T13:29:54","slug":"zanzibar-fast-ferries-booking","status":"publish","type":"page","link":"https:\/\/tiketi.com\/fr-fr\/zanzibar-fast-ferries-booking\/","title":{"rendered":"Zanzibar Fast Ferries R\u00e9servation en ligne"},"content":{"rendered":"<h2>R\u00e9servation en ligne de ferries rapides pas chers \u00e0 Zanzibar, Tanzanie<\/h2>\n<h3>R\u00e9servez vos ferries rapides pas chers Zanzibar Dar es Salaam \u00e0 l&#039;avance en ligne <a href=\"https:\/\/tiketi.com\/fr-fr\/contact-us\/\" target=\"_blank\" rel=\"noopener\">maintenant &gt;&gt;<\/a><\/h3>\n<p>Le ferry de Zanzibar fait d&#039;excellentes offres de vacances entre Dar es Salaam et Zanzibar en offrant un voyage extr\u00eamement relaxant et fiable. La r\u00e9servation en ligne des ferries rapides de Zanzibar se fait entre Dar es Salaam et Zanzibar et l&#039;\u00eele de Pemba, les ferries de Zanzibar mettent plus de deux heures pour atteindre Zanzibar depuis d&#039;autres endroits.<\/p>\n<h2>FAQ sur la r\u00e9servation en ligne de Zanzibar Fast Ferries<\/h2>\n<h3>Combien co\u00fbtent les ferries rapides de Zanzibar\u00a0?<\/h3>\n<p>Les prix des ferries rapides de Zanzibar pour le ferry entre Zanzibar et Dar es Salaam co\u00fbtent $30 \u00e0 $60.<\/p>\n<h3>Combien de temps cela prend-il avec les ferries rapides Zanzibar Dar es Salaam ?<\/h3>\n<p>Le trajet des ferries rapides Zanzibar Dar es Salaam dure environ deux heures et l&#039;apr\u00e8s-midi a tendance \u00e0 \u00eatre le moment le plus agit\u00e9 de la journ\u00e9e.<\/p>\n<h3>Quelle est la distance entre Dar es Salaam et Zanzibar en ferry ?<\/h3>\n<p>La distance totale entre Dar es Salaam et Zanzibar est d&#039;environ 93 km. Le ferry de Dar es Salaam \u00e0 Zanzibar prend 2 heures.<\/p>\n<h3>Quel est le meilleur moment pour visiter Zanzibar ?<\/h3>\n<p>Le meilleur moment pour visiter Zanzibar est pendant la saison s\u00e8che de l&#039;archipel, de juillet \u00e0 septembre, qui est une p\u00e9riode tr\u00e8s connue pour voyager. Quoi qu&#039;il en soit, il est pr\u00e9cieux de voyager la plupart des p\u00e9riodes de l&#039;ann\u00e9e, avec des temp\u00e9ratures douces entre 28 \u00b0 C et 35 \u00b0 C et un ensoleillement dans la pi\u00e8ce.<\/p>\n<h2>FAQ sur la r\u00e9servation en ligne de Fast Ferries Zanzibar<\/h2>\n<p>Visitez cette \u00eele avec les personnes que vous aimez le plus. Cet endroit est d\u00e9finitivement le meilleur pour les couples et les familles \u00e0 la recherche d&#039;une escapade relaxante loin de l&#039;agitation de la ville. Les diff\u00e9rents lieux et paysages incroyables de cette \u00eele charmante vous apporteront certainement une d\u00e9tente incomparable.<\/p>\n<p>Qu&#039;il s&#039;agisse d&#039;une journ\u00e9e de shopping ou de vacances, \u00e0 deux heures de ferry de Zanzibar \u00e0 Dar es Salaam ou vice versa. C&#039;est un moyen extr\u00eamement rapide et amusant avec des divertissements \u00e0 bord, venez sur la charmante \u00eele de Zanzibar et partez en vacances \u00e0 la plage.<\/p>","protected":false},"excerpt":{"rendered":"<p>Cheap Fast Ferries Zanzibar Online Booking, Tanzania Book your cheap fast ferries Zanzibar Dar es Salaam ticket in advance online now &gt;&gt; Zanzibar ferry makes excellent holidays deals between Dar es Salaam and Zanzibar by providing an extremely relax and reliable travel. Zanzibar fast ferries online booking are of between Dar es Salaam and Zanzibar [&hellip;]<\/p>\n","protected":false},"author":1,"featured_media":16435,"parent":0,"menu_order":0,"comment_status":"open","ping_status":"closed","template":"template-home-modern.php","meta":{"footnotes":""},"class_list":["post-10711","page","type-page","status-publish","has-post-thumbnail","hentry"],"yoast_head":"<!-- This site is optimized with the Yoast SEO plugin v27.5 - https:\/\/yoast.com\/product\/yoast-seo-wordpress\/ -->\n<title>Zanzibar Fast Ferries Booking Ticket Booking<\/title>\n<meta name=\"description\" content=\"Looking for Zanzibar Fast Ferries booking? Book cheap fast ferries Zanzibar Dar es Salaam online and save time and money\" \/>\n<meta name=\"robots\" content=\"index, follow, max-snippet:-1, max-image-preview:large, max-video-preview:-1\" \/>\n<link rel=\"canonical\" href=\"https:\/\/tiketi.com\/fr-fr\/zanzibar-fast-ferries-booking\/\" \/>\n<meta property=\"og:locale\" content=\"fr_FR\" \/>\n<meta property=\"og:type\" content=\"article\" \/>\n<meta property=\"og:title\" content=\"Zanzibar Fast Ferries Booking Ticket Booking\" \/>\n<meta property=\"og:description\" content=\"Looking for Zanzibar Fast Ferries booking? Book cheap fast ferries Zanzibar Dar es Salaam online and save time and money\" \/>\n<meta property=\"og:url\" content=\"https:\/\/tiketi.com\/fr-fr\/zanzibar-fast-ferries-booking\/\" \/>\n<meta property=\"og:site_name\" content=\"Tiketi.com\" \/>\n<meta property=\"article:publisher\" content=\"https:\/\/www.facebook.com\/TiketiCom\/\" \/>\n<meta property=\"article:modified_time\" content=\"2022-02-23T13:29:54+00:00\" \/>\n<meta property=\"og:image\" content=\"https:\/\/tiketi.com\/wp-content\/uploads\/2022\/02\/ferry-cruise-ship-voyage-41.jpg\" \/>\n\t<meta property=\"og:image:width\" content=\"1200\" \/>\n\t<meta property=\"og:image:height\" content=\"200\" \/>\n\t<meta property=\"og:image:type\" content=\"image\/jpeg\" \/>\n<meta name=\"twitter:card\" content=\"summary_large_image\" \/>\n<meta name=\"twitter:label1\" content=\"Dur\u00e9e de lecture estim\u00e9e\" \/>\n\t<meta name=\"twitter:data1\" content=\"2 minutes\" \/>\n<script type=\"application\/ld+json\" class=\"yoast-schema-graph\">{\"@context\":\"https:\\\/\\\/schema.org\",\"@graph\":[{\"@type\":\"WebPage\",\"@id\":\"https:\\\/\\\/tiketi.com\\\/fr-fr\\\/zanzibar-fast-ferries-booking\\\/\",\"url\":\"https:\\\/\\\/tiketi.com\\\/fr-fr\\\/zanzibar-fast-ferries-booking\\\/\",\"name\":\"Zanzibar Fast Ferries Booking Ticket Booking\",\"isPartOf\":{\"@id\":\"https:\\\/\\\/tiketi.com\\\/#website\"},\"primaryImageOfPage\":{\"@id\":\"https:\\\/\\\/tiketi.com\\\/fr-fr\\\/zanzibar-fast-ferries-booking\\\/#primaryimage\"},\"image\":{\"@id\":\"https:\\\/\\\/tiketi.com\\\/fr-fr\\\/zanzibar-fast-ferries-booking\\\/#primaryimage\"},\"thumbnailUrl\":\"https:\\\/\\\/tiketi.com\\\/wp-content\\\/uploads\\\/2022\\\/02\\\/ferry-cruise-ship-voyage-41.jpg\",\"datePublished\":\"2022-01-19T11:53:43+00:00\",\"dateModified\":\"2022-02-23T13:29:54+00:00\",\"description\":\"Looking for Zanzibar Fast Ferries booking? Book cheap fast ferries Zanzibar Dar es Salaam online and save time and money\",\"breadcrumb\":{\"@id\":\"https:\\\/\\\/tiketi.com\\\/fr-fr\\\/zanzibar-fast-ferries-booking\\\/#breadcrumb\"},\"inLanguage\":\"fr-FR\",\"potentialAction\":[{\"@type\":\"ReadAction\",\"target\":[\"https:\\\/\\\/tiketi.com\\\/fr-fr\\\/zanzibar-fast-ferries-booking\\\/\"]}]},{\"@type\":\"ImageObject\",\"inLanguage\":\"fr-FR\",\"@id\":\"https:\\\/\\\/tiketi.com\\\/fr-fr\\\/zanzibar-fast-ferries-booking\\\/#primaryimage\",\"url\":\"https:\\\/\\\/tiketi.com\\\/wp-content\\\/uploads\\\/2022\\\/02\\\/ferry-cruise-ship-voyage-41.jpg\",\"contentUrl\":\"https:\\\/\\\/tiketi.com\\\/wp-content\\\/uploads\\\/2022\\\/02\\\/ferry-cruise-ship-voyage-41.jpg\",\"width\":1200,\"height\":200,\"caption\":\"Ferry Boat Tickets\"},{\"@type\":\"BreadcrumbList\",\"@id\":\"https:\\\/\\\/tiketi.com\\\/fr-fr\\\/zanzibar-fast-ferries-booking\\\/#breadcrumb\",\"itemListElement\":[{\"@type\":\"ListItem\",\"position\":1,\"name\":\"Home\",\"item\":\"https:\\\/\\\/tiketi.com\\\/\"},{\"@type\":\"ListItem\",\"position\":2,\"name\":\"Zanzibar Fast Ferries Online Booking\"}]},{\"@type\":\"WebSite\",\"@id\":\"https:\\\/\\\/tiketi.com\\\/#website\",\"url\":\"https:\\\/\\\/tiketi.com\\\/\",\"name\":\"Flight & Bus Tickets, Tour Packages & Activitites - Tiketi.com\",\"description\":\"Flight &amp; Bus Tickets, Tours, Activitites\",\"publisher\":{\"@id\":\"https:\\\/\\\/tiketi.com\\\/#organization\"},\"potentialAction\":[{\"@type\":\"SearchAction\",\"target\":{\"@type\":\"EntryPoint\",\"urlTemplate\":\"https:\\\/\\\/tiketi.com\\\/?s={search_term_string}\"},\"query-input\":{\"@type\":\"PropertyValueSpecification\",\"valueRequired\":true,\"valueName\":\"search_term_string\"}}],\"inLanguage\":\"fr-FR\"},{\"@type\":\"Organization\",\"@id\":\"https:\\\/\\\/tiketi.com\\\/#organization\",\"name\":\"Tiketi.com\",\"alternateName\":\"Tiketi\",\"url\":\"https:\\\/\\\/tiketi.com\\\/\",\"logo\":{\"@type\":\"ImageObject\",\"inLanguage\":\"fr-FR\",\"@id\":\"https:\\\/\\\/tiketi.com\\\/#\\\/schema\\\/logo\\\/image\\\/\",\"url\":\"https:\\\/\\\/tiketi.com\\\/wp-content\\\/uploads\\\/2019\\\/05\\\/tiketi-logo-696.png\",\"contentUrl\":\"https:\\\/\\\/tiketi.com\\\/wp-content\\\/uploads\\\/2019\\\/05\\\/tiketi-logo-696.png\",\"width\":696,\"height\":696,\"caption\":\"Tiketi.com\"},\"image\":{\"@id\":\"https:\\\/\\\/tiketi.com\\\/#\\\/schema\\\/logo\\\/image\\\/\"},\"sameAs\":[\"https:\\\/\\\/www.facebook.com\\\/TiketiCom\\\/\"]}]}<\/script>\n<!-- \/ Yoast SEO plugin. -->","yoast_head_json":{"title":"Zanzibar Fast Ferries R\u00e9servation R\u00e9servation de billets","description":"Vous cherchez une r\u00e9servation Zanzibar Fast Ferries? R\u00e9servez en ligne des ferries rapides Zanzibar Dar es Salam et gagnez du temps et de l&#039;argent","robots":{"index":"index","follow":"follow","max-snippet":"max-snippet:-1","max-image-preview":"max-image-preview:large","max-video-preview":"max-video-preview:-1"},"canonical":"https:\/\/tiketi.com\/fr-fr\/zanzibar-fast-ferries-booking\/","og_locale":"fr_FR","og_type":"article","og_title":"Zanzibar Fast Ferries Booking Ticket Booking","og_description":"Looking for Zanzibar Fast Ferries booking? Book cheap fast ferries Zanzibar Dar es Salaam online and save time and money","og_url":"https:\/\/tiketi.com\/fr-fr\/zanzibar-fast-ferries-booking\/","og_site_name":"Tiketi.com","article_publisher":"https:\/\/www.facebook.com\/TiketiCom\/","article_modified_time":"2022-02-23T13:29:54+00:00","og_image":[{"width":1200,"height":200,"url":"https:\/\/tiketi.com\/wp-content\/uploads\/2022\/02\/ferry-cruise-ship-voyage-41.jpg","type":"image\/jpeg"}],"twitter_card":"summary_large_image","twitter_misc":{"Dur\u00e9e de lecture estim\u00e9e":"2 minutes"},"schema":{"@context":"https:\/\/schema.org","@graph":[{"@type":"WebPage","@id":"https:\/\/tiketi.com\/fr-fr\/zanzibar-fast-ferries-booking\/","url":"https:\/\/tiketi.com\/fr-fr\/zanzibar-fast-ferries-booking\/","name":"Zanzibar Fast Ferries R\u00e9servation R\u00e9servation de billets","isPartOf":{"@id":"https:\/\/tiketi.com\/#website"},"primaryImageOfPage":{"@id":"https:\/\/tiketi.com\/fr-fr\/zanzibar-fast-ferries-booking\/#primaryimage"},"image":{"@id":"https:\/\/tiketi.com\/fr-fr\/zanzibar-fast-ferries-booking\/#primaryimage"},"thumbnailUrl":"https:\/\/tiketi.com\/wp-content\/uploads\/2022\/02\/ferry-cruise-ship-voyage-41.jpg","datePublished":"2022-01-19T11:53:43+00:00","dateModified":"2022-02-23T13:29:54+00:00","description":"Vous cherchez une r\u00e9servation Zanzibar Fast Ferries? R\u00e9servez en ligne des ferries rapides Zanzibar Dar es Salam et gagnez du temps et de l&#039;argent","breadcrumb":{"@id":"https:\/\/tiketi.com\/fr-fr\/zanzibar-fast-ferries-booking\/#breadcrumb"},"inLanguage":"fr-FR","potentialAction":[{"@type":"ReadAction","target":["https:\/\/tiketi.com\/fr-fr\/zanzibar-fast-ferries-booking\/"]}]},{"@type":"ImageObject","inLanguage":"fr-FR","@id":"https:\/\/tiketi.com\/fr-fr\/zanzibar-fast-ferries-booking\/#primaryimage","url":"https:\/\/tiketi.com\/wp-content\/uploads\/2022\/02\/ferry-cruise-ship-voyage-41.jpg","contentUrl":"https:\/\/tiketi.com\/wp-content\/uploads\/2022\/02\/ferry-cruise-ship-voyage-41.jpg","width":1200,"height":200,"caption":"Ferry Boat Tickets"},{"@type":"BreadcrumbList","@id":"https:\/\/tiketi.com\/fr-fr\/zanzibar-fast-ferries-booking\/#breadcrumb","itemListElement":[{"@type":"ListItem","position":1,"name":"Home","item":"https:\/\/tiketi.com\/"},{"@type":"ListItem","position":2,"name":"Zanzibar Fast Ferries Online Booking"}]},{"@type":"WebSite","@id":"https:\/\/tiketi.com\/#website","url":"https:\/\/tiketi.com\/","name":"Billets d&#039;avion et de bus, forfaits touristiques et activit\u00e9s - Tiketi.com","description":"Billets d&#039;avion et de bus, Tours, Activit\u00e9s","publisher":{"@id":"https:\/\/tiketi.com\/#organization"},"potentialAction":[{"@type":"SearchAction","target":{"@type":"EntryPoint","urlTemplate":"https:\/\/tiketi.com\/?s={search_term_string}"},"query-input":{"@type":"PropertyValueSpecification","valueRequired":true,"valueName":"search_term_string"}}],"inLanguage":"fr-FR"},{"@type":"Organization","@id":"https:\/\/tiketi.com\/#organization","name":"Tiketi.com","alternateName":"Tiketi","url":"https:\/\/tiketi.com\/","logo":{"@type":"ImageObject","inLanguage":"fr-FR","@id":"https:\/\/tiketi.com\/#\/schema\/logo\/image\/","url":"https:\/\/tiketi.com\/wp-content\/uploads\/2019\/05\/tiketi-logo-696.png","contentUrl":"https:\/\/tiketi.com\/wp-content\/uploads\/2019\/05\/tiketi-logo-696.png","width":696,"height":696,"caption":"Tiketi.com"},"image":{"@id":"https:\/\/tiketi.com\/#\/schema\/logo\/image\/"},"sameAs":["https:\/\/www.facebook.com\/TiketiCom\/"]}]}},"_links":{"self":[{"href":"https:\/\/tiketi.com\/fr-fr\/wp-json\/wp\/v2\/pages\/10711","targetHints":{"allow":["GET"]}}],"collection":[{"href":"https:\/\/tiketi.com\/fr-fr\/wp-json\/wp\/v2\/pages"}],"about":[{"href":"https:\/\/tiketi.com\/fr-fr\/wp-json\/wp\/v2\/types\/page"}],"author":[{"embeddable":true,"href":"https:\/\/tiketi.com\/fr-fr\/wp-json\/wp\/v2\/users\/1"}],"replies":[{"embeddable":true,"href":"https:\/\/tiketi.com\/fr-fr\/wp-json\/wp\/v2\/comments?post=10711"}],"version-history":[{"count":0,"href":"https:\/\/tiketi.com\/fr-fr\/wp-json\/wp\/v2\/pages\/10711\/revisions"}],"wp:featuredmedia":[{"embeddable":true,"href":"https:\/\/tiketi.com\/fr-fr\/wp-json\/wp\/v2\/media\/16435"}],"wp:attachment":[{"href":"https:\/\/tiketi.com\/fr-fr\/wp-json\/wp\/v2\/media?parent=10711"}],"curies":[{"name":"wp","href":"https:\/\/api.w.org\/{rel}","templated":true}]}}