{"id":10712,"date":"2022-01-19T12:53:43","date_gmt":"2022-01-19T11:53:43","guid":{"rendered":"https:\/\/new.tiketi.com\/ferry-from-mombasa-to-dar-es-salaam-ticket-booking\/"},"modified":"2022-02-12T12:12:05","modified_gmt":"2022-02-12T11:12:05","slug":"ferry-to-mombasa-to-dar-es-salaam-tickets","status":"publish","type":"page","link":"https:\/\/tiketi.com\/fr-fr\/ferry-to-mombasa-to-dar-es-salaam-tickets\/","title":{"rendered":"R\u00e9servation de billets de ferry de Mombasa \u00e0 Dar es Salaam"},"content":{"rendered":"<h2>Ferry de Mombasa \u00e0 Dar es Salaam pas cher R\u00e9servation en ligne<\/h2>\n<h3>Voyagez de Mombasa \u00e0 Dar es Salaam en bateau et r\u00e9servez votre billet de ferry pas cher \u00e0 l&#039;avance en ligne.<\/h3>\n<p>La r\u00e9servation en ligne de billets de ferry de Mombasa \u00e0 Dar es Salaam est simplifi\u00e9e. L&#039;un des ports les plus actifs d&#039;Afrique de l&#039;Est, Dar es Salaam est la plus grande ville et le centre commercial de Tanzanie. Bien que &quot;Dar&quot;, comme on l&#039;appelle, manque d&#039;attractions touristiques typiques, il est appr\u00e9ci\u00e9 des visiteurs pour son cadre baln\u00e9aire; ambiance d\u00e9contract\u00e9e choquante et influences \u00e9clectiques, gr\u00e2ce \u00e0 sa combinaison de cultures arabe, africaine et indienne. Voici le guide sur la fa\u00e7on de r\u00e9server un ferry de Mombasa \u00e0 Dar es Salaam :<\/p>\n<h2>FAQ sur le ferry de Mombasa \u00e0 Dar es Salaam<\/h2>\n<h3>Le ferry Mombasa-Dar es Salaam est-il le moyen abordable de se rendre de Mombasa \u00e0 Dar es Salaam ?<\/h3>\n<p>Le moyen abordable de se rendre de Mombasa \u00e0 Dar es Salaam en ferry ne co\u00fbte que $40 et prend 2h.<\/p>\n<h3>Est-ce que Mombasa \u00e0 Dar es Salaam en bateau est le moyen le plus rapide pour se rendre de Mombasa \u00e0 Dar es Salaam ?<\/h3>\n<p>Le moyen le plus rapide pour se rendre de Mombasa \u00e0 Dar es Salam est de <u><a href=\"https:\/\/tiketi.com\/fr-fr\/flightst\/\" target=\"_blank\" rel=\"noopener\">voler<\/a><\/u> qui co\u00fbte $170 \u2013 $300 et dure 1h 10m.<\/p>\n<h3>Quelle est la distance entre Mombasa et Dar es Salam ?<\/h3>\n<p>La distance entre Mombasa et Dar es Salaam en bateau est de 311 km.<\/p>\n<h3>Comment voyager de Mombasa \u00e0 Dar es Salam sans v\u00e9hicule personnel ?<\/h3>\n<p>Le meilleur moyen pour se rendre de Mombasa \u00e0 Dar es Salam sans v\u00e9hicule personnel est de ferry, ce qui dure 2h et co\u00fbte $40.<\/p>\n<h3>Bus ou Mombasa \u00e0 Dar es Salaam en bateau<\/h3>\n<p>L&#039;excellent moyen de se rendre de Mombasa \u00e0 Dar es Salam est en bus, ce qui co\u00fbte $10 - $20, et dure 9h 15m. Alternativement, vous pouvez prendre le ferry, qui prend 2h et co\u00fbte $40.<\/p>\n<h2>FAQ sur le ferry de Mombasa \u00e0 Dar es Salaam<\/h2>\n<p>\u00c0 cheval sur certaines des routes maritimes les plus vitales de la plan\u00e8te, le port de Dar es Salaam est le port cl\u00e9 de la Tanzanie. Dans la partie nord du port se trouve le front de Kivukoni, avec un march\u00e9 aux poissons remarquable o\u00f9 les boutres naviguent tous les matins \u00e0 l&#039;aube pour d\u00e9charger les prises de nuit.<\/p>","protected":false},"excerpt":{"rendered":"<p>Cheap Mombasa to Dar es Salaam ferry Online Booking Travel Mombasa to Dar es Salaam by ship and book your cheap ferry ticket in advance online. Ferry from Mombasa to Dar es Salaam tickets\u00a0online booking made easy.\u00a0One of East Africa busiest ports, Dar es Salaam is Tanzania biggest city and commercial center. Though &#8220;Dar,&#8221; as [&hellip;]<\/p>\n","protected":false},"author":1,"featured_media":16435,"parent":0,"menu_order":0,"comment_status":"open","ping_status":"closed","template":"template-home-modern.php","meta":{"footnotes":""},"class_list":["post-10712","page","type-page","status-publish","has-post-thumbnail","hentry"],"yoast_head":"<!-- This site is optimized with the Yoast SEO plugin v27.2 - https:\/\/yoast.com\/product\/yoast-seo-wordpress\/ -->\n<title>Ferry from Mombasa to Dar es Salaam Ticket Booking<\/title>\n<meta name=\"description\" content=\"Looking for boat, ship, ferry from Mombasa to Dar es Salaam tickets? Travel Mombasa to Dar es Salaam by boat and book cheap tickets online now\" \/>\n<meta name=\"robots\" content=\"index, follow, max-snippet:-1, max-image-preview:large, max-video-preview:-1\" \/>\n<link rel=\"canonical\" href=\"https:\/\/tiketi.com\/fr-fr\/ferry-to-mombasa-to-dar-es-salaam-tickets\/\" \/>\n<meta property=\"og:locale\" content=\"fr_FR\" \/>\n<meta property=\"og:type\" content=\"article\" \/>\n<meta property=\"og:title\" content=\"Ferry from Mombasa to Dar es Salaam Ticket Booking\" \/>\n<meta property=\"og:description\" content=\"Looking for boat, ship, ferry from Mombasa to Dar es Salaam tickets? Travel Mombasa to Dar es Salaam by boat and book cheap tickets online now\" \/>\n<meta property=\"og:url\" content=\"https:\/\/tiketi.com\/fr-fr\/ferry-to-mombasa-to-dar-es-salaam-tickets\/\" \/>\n<meta property=\"og:site_name\" content=\"Tiketi.com\" \/>\n<meta property=\"article:publisher\" content=\"https:\/\/www.facebook.com\/TiketiCom\/\" \/>\n<meta property=\"article:modified_time\" content=\"2022-02-12T11:12:05+00:00\" \/>\n<meta property=\"og:image\" content=\"https:\/\/tiketi.com\/wp-content\/uploads\/2022\/02\/ferry-cruise-ship-voyage-41.jpg\" \/>\n\t<meta property=\"og:image:width\" content=\"1200\" \/>\n\t<meta property=\"og:image:height\" content=\"200\" \/>\n\t<meta property=\"og:image:type\" content=\"image\/jpeg\" \/>\n<meta name=\"twitter:card\" content=\"summary_large_image\" \/>\n<meta name=\"twitter:label1\" content=\"Dur\u00e9e de lecture estim\u00e9e\" \/>\n\t<meta name=\"twitter:data1\" content=\"2 minutes\" \/>\n<script type=\"application\/ld+json\" class=\"yoast-schema-graph\">{\"@context\":\"https:\/\/schema.org\",\"@graph\":[{\"@type\":\"WebPage\",\"@id\":\"https:\/\/tiketi.com\/ferry-to-mombasa-to-dar-es-salaam-tickets\/\",\"url\":\"https:\/\/tiketi.com\/ferry-to-mombasa-to-dar-es-salaam-tickets\/\",\"name\":\"Ferry from Mombasa to Dar es Salaam Ticket Booking\",\"isPartOf\":{\"@id\":\"https:\/\/tiketi.com\/#website\"},\"primaryImageOfPage\":{\"@id\":\"https:\/\/tiketi.com\/ferry-to-mombasa-to-dar-es-salaam-tickets\/#primaryimage\"},\"image\":{\"@id\":\"https:\/\/tiketi.com\/ferry-to-mombasa-to-dar-es-salaam-tickets\/#primaryimage\"},\"thumbnailUrl\":\"https:\/\/tiketi.com\/wp-content\/uploads\/2022\/02\/ferry-cruise-ship-voyage-41.jpg\",\"datePublished\":\"2022-01-19T11:53:43+00:00\",\"dateModified\":\"2022-02-12T11:12:05+00:00\",\"description\":\"Looking for boat, ship, ferry from Mombasa to Dar es Salaam tickets? Travel Mombasa to Dar es Salaam by boat and book cheap tickets online now\",\"breadcrumb\":{\"@id\":\"https:\/\/tiketi.com\/ferry-to-mombasa-to-dar-es-salaam-tickets\/#breadcrumb\"},\"inLanguage\":\"fr-FR\",\"potentialAction\":[{\"@type\":\"ReadAction\",\"target\":[\"https:\/\/tiketi.com\/ferry-to-mombasa-to-dar-es-salaam-tickets\/\"]}]},{\"@type\":\"ImageObject\",\"inLanguage\":\"fr-FR\",\"@id\":\"https:\/\/tiketi.com\/ferry-to-mombasa-to-dar-es-salaam-tickets\/#primaryimage\",\"url\":\"https:\/\/tiketi.com\/wp-content\/uploads\/2022\/02\/ferry-cruise-ship-voyage-41.jpg\",\"contentUrl\":\"https:\/\/tiketi.com\/wp-content\/uploads\/2022\/02\/ferry-cruise-ship-voyage-41.jpg\",\"width\":1200,\"height\":200,\"caption\":\"Ferry Boat Tickets\"},{\"@type\":\"BreadcrumbList\",\"@id\":\"https:\/\/tiketi.com\/ferry-to-mombasa-to-dar-es-salaam-tickets\/#breadcrumb\",\"itemListElement\":[{\"@type\":\"ListItem\",\"position\":1,\"name\":\"Home\",\"item\":\"https:\/\/tiketi.com\/\"},{\"@type\":\"ListItem\",\"position\":2,\"name\":\"Ferry from Mombasa to Dar es Salaam Ticket Booking\"}]},{\"@type\":\"WebSite\",\"@id\":\"https:\/\/tiketi.com\/#website\",\"url\":\"https:\/\/tiketi.com\/\",\"name\":\"Flight & Bus Tickets, Tour Packages & Activitites - Tiketi.com\",\"description\":\"Flight &amp; Bus Tickets, Tours, Activitites\",\"publisher\":{\"@id\":\"https:\/\/tiketi.com\/#organization\"},\"potentialAction\":[{\"@type\":\"SearchAction\",\"target\":{\"@type\":\"EntryPoint\",\"urlTemplate\":\"https:\/\/tiketi.com\/?s={search_term_string}\"},\"query-input\":{\"@type\":\"PropertyValueSpecification\",\"valueRequired\":true,\"valueName\":\"search_term_string\"}}],\"inLanguage\":\"fr-FR\"},{\"@type\":\"Organization\",\"@id\":\"https:\/\/tiketi.com\/#organization\",\"name\":\"Tiketi.com\",\"alternateName\":\"Tiketi\",\"url\":\"https:\/\/tiketi.com\/\",\"logo\":{\"@type\":\"ImageObject\",\"inLanguage\":\"fr-FR\",\"@id\":\"https:\/\/tiketi.com\/#\/schema\/logo\/image\/\",\"url\":\"https:\/\/tiketi.com\/wp-content\/uploads\/2019\/05\/tiketi-logo-696.png\",\"contentUrl\":\"https:\/\/tiketi.com\/wp-content\/uploads\/2019\/05\/tiketi-logo-696.png\",\"width\":696,\"height\":696,\"caption\":\"Tiketi.com\"},\"image\":{\"@id\":\"https:\/\/tiketi.com\/#\/schema\/logo\/image\/\"},\"sameAs\":[\"https:\/\/www.facebook.com\/TiketiCom\/\"]}]}<\/script>\n<!-- \/ Yoast SEO plugin. -->","yoast_head_json":{"title":"R\u00e9servation de billets de ferry de Mombasa \u00e0 Dar es Salaam","description":"Vous cherchez des billets de bateau, bateau, ferry de Mombasa \u00e0 Dar es Salaam ? Voyagez de Mombasa \u00e0 Dar es Salaam en bateau et r\u00e9servez des billets \u00e0 bas prix en ligne d\u00e8s maintenant","robots":{"index":"index","follow":"follow","max-snippet":"max-snippet:-1","max-image-preview":"max-image-preview:large","max-video-preview":"max-video-preview:-1"},"canonical":"https:\/\/tiketi.com\/fr-fr\/ferry-to-mombasa-to-dar-es-salaam-tickets\/","og_locale":"fr_FR","og_type":"article","og_title":"Ferry from Mombasa to Dar es Salaam Ticket Booking","og_description":"Looking for boat, ship, ferry from Mombasa to Dar es Salaam tickets? Travel Mombasa to Dar es Salaam by boat and book cheap tickets online now","og_url":"https:\/\/tiketi.com\/fr-fr\/ferry-to-mombasa-to-dar-es-salaam-tickets\/","og_site_name":"Tiketi.com","article_publisher":"https:\/\/www.facebook.com\/TiketiCom\/","article_modified_time":"2022-02-12T11:12:05+00:00","og_image":[{"width":1200,"height":200,"url":"https:\/\/tiketi.com\/wp-content\/uploads\/2022\/02\/ferry-cruise-ship-voyage-41.jpg","type":"image\/jpeg"}],"twitter_card":"summary_large_image","twitter_misc":{"Dur\u00e9e de lecture estim\u00e9e":"2 minutes"},"schema":{"@context":"https:\/\/schema.org","@graph":[{"@type":"WebPage","@id":"https:\/\/tiketi.com\/ferry-to-mombasa-to-dar-es-salaam-tickets\/","url":"https:\/\/tiketi.com\/ferry-to-mombasa-to-dar-es-salaam-tickets\/","name":"R\u00e9servation de billets de ferry de Mombasa \u00e0 Dar es Salaam","isPartOf":{"@id":"https:\/\/tiketi.com\/#website"},"primaryImageOfPage":{"@id":"https:\/\/tiketi.com\/ferry-to-mombasa-to-dar-es-salaam-tickets\/#primaryimage"},"image":{"@id":"https:\/\/tiketi.com\/ferry-to-mombasa-to-dar-es-salaam-tickets\/#primaryimage"},"thumbnailUrl":"https:\/\/tiketi.com\/wp-content\/uploads\/2022\/02\/ferry-cruise-ship-voyage-41.jpg","datePublished":"2022-01-19T11:53:43+00:00","dateModified":"2022-02-12T11:12:05+00:00","description":"Vous cherchez des billets de bateau, bateau, ferry de Mombasa \u00e0 Dar es Salaam ? Voyagez de Mombasa \u00e0 Dar es Salaam en bateau et r\u00e9servez des billets \u00e0 bas prix en ligne d\u00e8s maintenant","breadcrumb":{"@id":"https:\/\/tiketi.com\/ferry-to-mombasa-to-dar-es-salaam-tickets\/#breadcrumb"},"inLanguage":"fr-FR","potentialAction":[{"@type":"ReadAction","target":["https:\/\/tiketi.com\/ferry-to-mombasa-to-dar-es-salaam-tickets\/"]}]},{"@type":"ImageObject","inLanguage":"fr-FR","@id":"https:\/\/tiketi.com\/ferry-to-mombasa-to-dar-es-salaam-tickets\/#primaryimage","url":"https:\/\/tiketi.com\/wp-content\/uploads\/2022\/02\/ferry-cruise-ship-voyage-41.jpg","contentUrl":"https:\/\/tiketi.com\/wp-content\/uploads\/2022\/02\/ferry-cruise-ship-voyage-41.jpg","width":1200,"height":200,"caption":"Ferry Boat Tickets"},{"@type":"BreadcrumbList","@id":"https:\/\/tiketi.com\/ferry-to-mombasa-to-dar-es-salaam-tickets\/#breadcrumb","itemListElement":[{"@type":"ListItem","position":1,"name":"Home","item":"https:\/\/tiketi.com\/"},{"@type":"ListItem","position":2,"name":"Ferry from Mombasa to Dar es Salaam Ticket Booking"}]},{"@type":"WebSite","@id":"https:\/\/tiketi.com\/#website","url":"https:\/\/tiketi.com\/","name":"Billets d&#039;avion et de bus, forfaits touristiques et activit\u00e9s - Tiketi.com","description":"Billets d&#039;avion et de bus, Tours, Activit\u00e9s","publisher":{"@id":"https:\/\/tiketi.com\/#organization"},"potentialAction":[{"@type":"SearchAction","target":{"@type":"EntryPoint","urlTemplate":"https:\/\/tiketi.com\/?s={search_term_string}"},"query-input":{"@type":"PropertyValueSpecification","valueRequired":true,"valueName":"search_term_string"}}],"inLanguage":"fr-FR"},{"@type":"Organization","@id":"https:\/\/tiketi.com\/#organization","name":"Tiketi.com","alternateName":"Tiketi","url":"https:\/\/tiketi.com\/","logo":{"@type":"ImageObject","inLanguage":"fr-FR","@id":"https:\/\/tiketi.com\/#\/schema\/logo\/image\/","url":"https:\/\/tiketi.com\/wp-content\/uploads\/2019\/05\/tiketi-logo-696.png","contentUrl":"https:\/\/tiketi.com\/wp-content\/uploads\/2019\/05\/tiketi-logo-696.png","width":696,"height":696,"caption":"Tiketi.com"},"image":{"@id":"https:\/\/tiketi.com\/#\/schema\/logo\/image\/"},"sameAs":["https:\/\/www.facebook.com\/TiketiCom\/"]}]}},"_links":{"self":[{"href":"https:\/\/tiketi.com\/fr-fr\/wp-json\/wp\/v2\/pages\/10712","targetHints":{"allow":["GET"]}}],"collection":[{"href":"https:\/\/tiketi.com\/fr-fr\/wp-json\/wp\/v2\/pages"}],"about":[{"href":"https:\/\/tiketi.com\/fr-fr\/wp-json\/wp\/v2\/types\/page"}],"author":[{"embeddable":true,"href":"https:\/\/tiketi.com\/fr-fr\/wp-json\/wp\/v2\/users\/1"}],"replies":[{"embeddable":true,"href":"https:\/\/tiketi.com\/fr-fr\/wp-json\/wp\/v2\/comments?post=10712"}],"version-history":[{"count":0,"href":"https:\/\/tiketi.com\/fr-fr\/wp-json\/wp\/v2\/pages\/10712\/revisions"}],"wp:featuredmedia":[{"embeddable":true,"href":"https:\/\/tiketi.com\/fr-fr\/wp-json\/wp\/v2\/media\/16435"}],"wp:attachment":[{"href":"https:\/\/tiketi.com\/fr-fr\/wp-json\/wp\/v2\/media?parent=10712"}],"curies":[{"name":"wp","href":"https:\/\/api.w.org\/{rel}","templated":true}]}}