{"id":10713,"date":"2022-01-19T12:53:43","date_gmt":"2022-01-19T11:53:43","guid":{"rendered":"https:\/\/new.tiketi.com\/dar-es-salaam-air-taxi-booking-app-electric-flying-taxis\/"},"modified":"2023-12-16T15:20:00","modified_gmt":"2023-12-16T14:20:00","slug":"dar-es-salaam","status":"publish","type":"page","link":"https:\/\/tiketi.com\/fr-fr\/volants\/taxi-aerien\/dar-es-salaam\/","title":{"rendered":"Taxi a\u00e9rien \u00e0 Dar es Salaam R\u00e9servation - Itin\u00e9raires de vol, horaires et tarifs"},"content":{"rendered":"<h2 class=\"wp-block-heading\" id=\"electric-dar-es-salaam-air-taxi-booking-app\">Application de r\u00e9servation de taxi a\u00e9rien pas cher \u00e0 Dar es Salaam<\/h2>\r\n\r\n\r\n\r\n<p>Le service d&#039;application de r\u00e9servation en ligne de taxi a\u00e9rien \u00e9lectrique \u00e0 Dar es Salaam permet aux utilisateurs de r\u00e9server un taxi volant \u00e9lectrique \u00e0 Dar es Salaam, en Tanzanie. Les taxis a\u00e9riens autonomes \u00e0 Dar es Salaam permettent de voyager pas cher et rapidement en Tanzanie. Dar es Salaam est une charmante ville situ\u00e9e en Tanzanie avec une diversit\u00e9 dans de nombreuses parties de sa r\u00e9gion. Il y a une magnifique tour de l&#039;horloge plac\u00e9e au milieu d&#039;un boulevard qui est calme et qui est choisie par de nombreuses personnes pour une promenade nocturne avec des amis ou on peut profiter de la solitude de cet endroit tout seul et ressentir la paix \u00e0 l&#039;int\u00e9rieur. Les rues sont bord\u00e9es d&#039;arbres et il y a suffisamment de lumi\u00e8re dans les rues m\u00eame pendant la nuit. Comme pour tant d&#039;autres choses, vous pourrez cr\u00e9er \u00e0 tout moment et n&#039;importe o\u00f9 l&#039;application de r\u00e9servation de taxi a\u00e9rien Dar es Salaam par drone pour votre vol en taxi a\u00e9rien \u00e9lectrique.<\/p>\r\n<h2>Voici quelques-uns des avantages du taxi volant \u00e9lectrique \u00e0 Dar es Salaam, en Tanzanie :<\/h2>\r\n\r\n\r\n\r\n<h3 class=\"wp-block-heading\" id=\"electric-air-taxis-in-dar-es-salaam-vertical-take-off-and-landing\">Taxis a\u00e9riens \u00e9lectriques \u00e0 Dar es Salaam \u00e0 d\u00e9collage et atterrissage verticaux<\/h3>\r\n\r\n\r\n\r\n<p>L&#039;avantage initial d&#039;un taxi volant \u00e9lectrique \u00e0 voilure tournante de Dar es Salaam est sa capacit\u00e9 de d\u00e9collage et d&#039;atterrissage vertical. Pourquoi est-ce un avantage\u00a0? Parce qu&#039;il supprime le besoin d&#039;une piste. Comme Wired l&#039;a r\u00e9cemment not\u00e9, la technologie VTOL signifie que les avions peuvent th\u00e9oriquement d\u00e9coller et atterrir presque n&#039;importe o\u00f9, ce qui les rend beaucoup plus flexibles.<\/p>\r\n\r\n\r\n\r\n<h3 class=\"wp-block-heading\" id=\"autonomous-air-taxis-in-dar-es-salaam-are-ease-of-control\">Les taxis a\u00e9riens autonomes \u00e0 Dar es Salaam sont faciles \u00e0 contr\u00f4ler<\/h3>\r\n\r\n\r\n\r\n<p>Un autre avantage des taxis volants \u00e9lectriques \u00e0 Dar es Salaam est la facilit\u00e9 de contr\u00f4le. Un h\u00e9licopt\u00e8re peut tr\u00e8s bien planer sur place, ce qui permet de naviguer en toute s\u00e9curit\u00e9 dans une atmosph\u00e8re urbaine o\u00f9 vous devrez peut-\u00eatre vous arr\u00eater \u00e0 de nombreux points de cheminement et o\u00f9 les vitesses doivent \u00eatre continuellement modul\u00e9es pour r\u00e9pondre aux situations ext\u00e9rieures.<\/p>\r\n\r\n\r\n\r\n<h3 class=\"wp-block-heading\" id=\"electric-air-in-dar-es-salaam-are-high-speed-public-transport\">L&#039;air \u00e9lectrique \u00e0 Dar es Salaam est un transport public \u00e0 grande vitesse<\/h3>\r\n\r\n\r\n\r\n<p>Le meilleur avantage des taxis drones \u00e9lectriques \u00e0 Dar es Salaam est sa grande vitesse. C&#039;est le mode de transport le plus rapide \u00e0 l&#039;avenir et c&#039;est donc le moyen le plus parfait o\u00f9 le temps est un facteur vital. Un taxi volant \u00e9lectrique \u00e0 Dar es Salaam v\u00e9hicule tout \u00e9lectrique avec une vitesse de croisi\u00e8re de 150 \u00e0 200 miles par heure, une altitude de croisi\u00e8re de 1 000 \u00e0 2 000 pieds et capable de faire des trajets jusqu&#039;\u00e0 soixante miles sur une seule charge.<\/p>\r\n<h3>Combien co\u00fbtera un taxi volant \u00e9lectrique \u00e0 Dar es Salaam ?<\/h3>\r\n\r\n\r\n\r\n<p>Au d\u00e9part, les taxis a\u00e9riens \u00e0 Dar es Salaam co\u00fbteront environ $5,73 par passager-mile. Le prix du taxi drone \u00e0 Dar es Salaam chutera ensuite \u00e0 $1,85 par mile passager avant d&#039;atteindre finalement le tarif incroyable du client de $0,44 par mile. Vous pouvez facilement r\u00e9server un taxi a\u00e9rien via des taxis volants \u00e9lectriques dans l&#039;application Dar es Salaam.<\/p>\r\n\r\n\r\n\r\n<h2 class=\"wp-block-heading\" id=\"advantages-of-electric-dar-es-salaam-air-taxi-booking-app\">Avantages de l&#039;application de r\u00e9servation de taxi a\u00e9rien \u00e9lectrique Dar es Salaam<\/h2>\r\n\r\n\r\n\r\n<p>Parmi ses autres avantages, la r\u00e9servation en ligne de drones taxis \u00e9lectriques \u00e0 Dar es Salaam, en Tanzanie, pourrait fournir un boom \u00e9conomique en augmentant le nombre de personnes se dirigeant vers des lieux de loisirs et de tourisme qui ne sont pas \u00e0 proximit\u00e9 des grands a\u00e9roports.<\/p>\r\n\r\n\r\n\r\n<h3 class=\"wp-block-heading\" id=\"would-drone-air-taxi-in-dar-es-salaam-online-booking-app-be-used-to-book-a-electric-air-taxi-flight\">L&#039;application de r\u00e9servation en ligne de taxi a\u00e9rien par drone \u00e0 Dar es Salaam serait-elle utilis\u00e9e pour r\u00e9server un vol de taxi a\u00e9rien \u00e9lectrique\u00a0?<\/h3>\r\n\r\n\r\n\r\n<p>Oui, les clients peuvent utiliser en toute transparence l&#039;application de r\u00e9servation de taxi a\u00e9rien \u00e9lectrique \u00e0 Dar es Salaam en ligne pour trouver le meilleur itin\u00e9raire et r\u00e9server un taxi volant \u00e9lectrique \u00e0 Dar es Salaam \u00e0 tout moment et n&#039;importe o\u00f9.<\/p>","protected":false},"excerpt":{"rendered":"<p>Cheap Dar es Salaam air taxi booking app Electric air taxi\u00a0in\u00a0Dar es Salaam online booking\u00a0app service enable users to book electric flying taxi in Dar es Salaam, Tanzania. Autonomous air taxis in Dar es Salaam makes possible to travel cheap and fast in Tanzania. Dar es Salaam is a charming city placed in Tanzania with [&hellip;]<\/p>\n","protected":false},"author":1,"featured_media":30064,"parent":25621,"menu_order":0,"comment_status":"open","ping_status":"closed","template":"template-home-modern.php","meta":{"footnotes":""},"class_list":["post-10713","page","type-page","status-publish","has-post-thumbnail","hentry"],"yoast_head":"<!-- This site is optimized with the Yoast SEO plugin v27.2 - https:\/\/yoast.com\/product\/yoast-seo-wordpress\/ -->\n<title>Air Taxi in Dar es Salaam - Flying Routes, Schedule &amp; Fares<\/title>\n<meta name=\"description\" content=\"Looking for drone air taxi in Dar es Salaam online booking app, routes, schedule &amp; fares? Compare air taxis flight tickets and book cheap flying taxi in Dar es Salaam\" \/>\n<meta name=\"robots\" content=\"index, follow, max-snippet:-1, max-image-preview:large, max-video-preview:-1\" \/>\n<link rel=\"canonical\" href=\"https:\/\/tiketi.com\/fr-fr\/volants\/taxi-aerien\/dar-es-salaam\/\" \/>\n<meta property=\"og:locale\" content=\"fr_FR\" \/>\n<meta property=\"og:type\" content=\"article\" \/>\n<meta property=\"og:title\" content=\"Air Taxi in Dar es Salaam - Flying Routes, Schedule &amp; Fares\" \/>\n<meta property=\"og:description\" content=\"Looking for drone air taxi in Dar es Salaam online booking app, routes, schedule &amp; fares? Compare air taxis flight tickets and book cheap flying taxi in Dar es Salaam\" \/>\n<meta property=\"og:url\" content=\"https:\/\/tiketi.com\/fr-fr\/volants\/taxi-aerien\/dar-es-salaam\/\" \/>\n<meta property=\"og:site_name\" content=\"Tiketi.com\" \/>\n<meta property=\"article:publisher\" content=\"https:\/\/www.facebook.com\/TiketiCom\/\" \/>\n<meta property=\"article:modified_time\" content=\"2023-12-16T14:20:00+00:00\" \/>\n<meta property=\"og:image\" content=\"https:\/\/tiketi.com\/wp-content\/uploads\/2021\/06\/destination-dar-es-salaam-moses-londo-1bubgYf5zeY-uns.jpg\" \/>\n\t<meta property=\"og:image:width\" content=\"1200\" \/>\n\t<meta property=\"og:image:height\" content=\"400\" \/>\n\t<meta property=\"og:image:type\" content=\"image\/jpeg\" \/>\n<meta name=\"twitter:card\" content=\"summary_large_image\" \/>\n<meta name=\"twitter:label1\" content=\"Dur\u00e9e de lecture estim\u00e9e\" \/>\n\t<meta name=\"twitter:data1\" content=\"3 minutes\" \/>\n<script type=\"application\/ld+json\" class=\"yoast-schema-graph\">{\"@context\":\"https:\/\/schema.org\",\"@graph\":[{\"@type\":\"WebPage\",\"@id\":\"https:\/\/tiketi.com\/flying\/air-taxi\/dar-es-salaam\/\",\"url\":\"https:\/\/tiketi.com\/flying\/air-taxi\/dar-es-salaam\/\",\"name\":\"Air Taxi in Dar es Salaam - Flying Routes, Schedule & Fares\",\"isPartOf\":{\"@id\":\"https:\/\/tiketi.com\/#website\"},\"primaryImageOfPage\":{\"@id\":\"https:\/\/tiketi.com\/flying\/air-taxi\/dar-es-salaam\/#primaryimage\"},\"image\":{\"@id\":\"https:\/\/tiketi.com\/flying\/air-taxi\/dar-es-salaam\/#primaryimage\"},\"thumbnailUrl\":\"https:\/\/tiketi.com\/wp-content\/uploads\/2021\/06\/destination-dar-es-salaam-moses-londo-1bubgYf5zeY-uns.jpg\",\"datePublished\":\"2022-01-19T11:53:43+00:00\",\"dateModified\":\"2023-12-16T14:20:00+00:00\",\"description\":\"Looking for drone air taxi in Dar es Salaam online booking app, routes, schedule & fares? Compare air taxis flight tickets and book cheap flying taxi in Dar es Salaam\",\"breadcrumb\":{\"@id\":\"https:\/\/tiketi.com\/flying\/air-taxi\/dar-es-salaam\/#breadcrumb\"},\"inLanguage\":\"fr-FR\",\"potentialAction\":[{\"@type\":\"ReadAction\",\"target\":[\"https:\/\/tiketi.com\/flying\/air-taxi\/dar-es-salaam\/\"]}]},{\"@type\":\"ImageObject\",\"inLanguage\":\"fr-FR\",\"@id\":\"https:\/\/tiketi.com\/flying\/air-taxi\/dar-es-salaam\/#primaryimage\",\"url\":\"https:\/\/tiketi.com\/wp-content\/uploads\/2021\/06\/destination-dar-es-salaam-moses-londo-1bubgYf5zeY-uns.jpg\",\"contentUrl\":\"https:\/\/tiketi.com\/wp-content\/uploads\/2021\/06\/destination-dar-es-salaam-moses-londo-1bubgYf5zeY-uns.jpg\",\"width\":1200,\"height\":400,\"caption\":\"Best Tourist Destinations in Dar es Salaam Travel Guide\"},{\"@type\":\"BreadcrumbList\",\"@id\":\"https:\/\/tiketi.com\/flying\/air-taxi\/dar-es-salaam\/#breadcrumb\",\"itemListElement\":[{\"@type\":\"ListItem\",\"position\":1,\"name\":\"Home\",\"item\":\"https:\/\/tiketi.com\/\"},{\"@type\":\"ListItem\",\"position\":2,\"name\":\"Flying\",\"item\":\"https:\/\/tiketi.com\/fr-fr\/volants\/\"},{\"@type\":\"ListItem\",\"position\":3,\"name\":\"Air Taxi\",\"item\":\"https:\/\/tiketi.com\/flying\/air-taxi\/\"},{\"@type\":\"ListItem\",\"position\":4,\"name\":\"Air Taxi in Dar es Salaam Booking &#8211; Flying Routes, Schedule &#038; Fares\"}]},{\"@type\":\"WebSite\",\"@id\":\"https:\/\/tiketi.com\/#website\",\"url\":\"https:\/\/tiketi.com\/\",\"name\":\"Flight & Bus Tickets, Tour Packages & Activitites - Tiketi.com\",\"description\":\"Flight &amp; Bus Tickets, Tours, Activitites\",\"publisher\":{\"@id\":\"https:\/\/tiketi.com\/#organization\"},\"potentialAction\":[{\"@type\":\"SearchAction\",\"target\":{\"@type\":\"EntryPoint\",\"urlTemplate\":\"https:\/\/tiketi.com\/?s={search_term_string}\"},\"query-input\":{\"@type\":\"PropertyValueSpecification\",\"valueRequired\":true,\"valueName\":\"search_term_string\"}}],\"inLanguage\":\"fr-FR\"},{\"@type\":\"Organization\",\"@id\":\"https:\/\/tiketi.com\/#organization\",\"name\":\"Tiketi.com\",\"alternateName\":\"Tiketi\",\"url\":\"https:\/\/tiketi.com\/\",\"logo\":{\"@type\":\"ImageObject\",\"inLanguage\":\"fr-FR\",\"@id\":\"https:\/\/tiketi.com\/#\/schema\/logo\/image\/\",\"url\":\"https:\/\/tiketi.com\/wp-content\/uploads\/2019\/05\/tiketi-logo-696.png\",\"contentUrl\":\"https:\/\/tiketi.com\/wp-content\/uploads\/2019\/05\/tiketi-logo-696.png\",\"width\":696,\"height\":696,\"caption\":\"Tiketi.com\"},\"image\":{\"@id\":\"https:\/\/tiketi.com\/#\/schema\/logo\/image\/\"},\"sameAs\":[\"https:\/\/www.facebook.com\/TiketiCom\/\"]}]}<\/script>\n<!-- \/ Yoast SEO plugin. -->","yoast_head_json":{"title":"Taxi a\u00e9rien \u00e0 Dar es Salaam - Itin\u00e9raires de vol, horaires et tarifs","description":"Vous recherchez une application de r\u00e9servation en ligne de taxi a\u00e9rien drone \u00e0 Dar es Salaam, des itin\u00e9raires, des horaires et des tarifs? Comparez les billets d&#039;avion des taxis a\u00e9riens et r\u00e9servez un taxi volant pas cher \u00e0 Dar es Salam","robots":{"index":"index","follow":"follow","max-snippet":"max-snippet:-1","max-image-preview":"max-image-preview:large","max-video-preview":"max-video-preview:-1"},"canonical":"https:\/\/tiketi.com\/fr-fr\/volants\/taxi-aerien\/dar-es-salaam\/","og_locale":"fr_FR","og_type":"article","og_title":"Air Taxi in Dar es Salaam - Flying Routes, Schedule & Fares","og_description":"Looking for drone air taxi in Dar es Salaam online booking app, routes, schedule & fares? Compare air taxis flight tickets and book cheap flying taxi in Dar es Salaam","og_url":"https:\/\/tiketi.com\/fr-fr\/volants\/taxi-aerien\/dar-es-salaam\/","og_site_name":"Tiketi.com","article_publisher":"https:\/\/www.facebook.com\/TiketiCom\/","article_modified_time":"2023-12-16T14:20:00+00:00","og_image":[{"width":1200,"height":400,"url":"https:\/\/tiketi.com\/wp-content\/uploads\/2021\/06\/destination-dar-es-salaam-moses-londo-1bubgYf5zeY-uns.jpg","type":"image\/jpeg"}],"twitter_card":"summary_large_image","twitter_misc":{"Dur\u00e9e de lecture estim\u00e9e":"3 minutes"},"schema":{"@context":"https:\/\/schema.org","@graph":[{"@type":"WebPage","@id":"https:\/\/tiketi.com\/flying\/air-taxi\/dar-es-salaam\/","url":"https:\/\/tiketi.com\/flying\/air-taxi\/dar-es-salaam\/","name":"Taxi a\u00e9rien \u00e0 Dar es Salaam - Itin\u00e9raires de vol, horaires et tarifs","isPartOf":{"@id":"https:\/\/tiketi.com\/#website"},"primaryImageOfPage":{"@id":"https:\/\/tiketi.com\/flying\/air-taxi\/dar-es-salaam\/#primaryimage"},"image":{"@id":"https:\/\/tiketi.com\/flying\/air-taxi\/dar-es-salaam\/#primaryimage"},"thumbnailUrl":"https:\/\/tiketi.com\/wp-content\/uploads\/2021\/06\/destination-dar-es-salaam-moses-londo-1bubgYf5zeY-uns.jpg","datePublished":"2022-01-19T11:53:43+00:00","dateModified":"2023-12-16T14:20:00+00:00","description":"Vous recherchez une application de r\u00e9servation en ligne de taxi a\u00e9rien drone \u00e0 Dar es Salaam, des itin\u00e9raires, des horaires et des tarifs? Comparez les billets d&#039;avion des taxis a\u00e9riens et r\u00e9servez un taxi volant pas cher \u00e0 Dar es Salam","breadcrumb":{"@id":"https:\/\/tiketi.com\/flying\/air-taxi\/dar-es-salaam\/#breadcrumb"},"inLanguage":"fr-FR","potentialAction":[{"@type":"ReadAction","target":["https:\/\/tiketi.com\/flying\/air-taxi\/dar-es-salaam\/"]}]},{"@type":"ImageObject","inLanguage":"fr-FR","@id":"https:\/\/tiketi.com\/flying\/air-taxi\/dar-es-salaam\/#primaryimage","url":"https:\/\/tiketi.com\/wp-content\/uploads\/2021\/06\/destination-dar-es-salaam-moses-londo-1bubgYf5zeY-uns.jpg","contentUrl":"https:\/\/tiketi.com\/wp-content\/uploads\/2021\/06\/destination-dar-es-salaam-moses-londo-1bubgYf5zeY-uns.jpg","width":1200,"height":400,"caption":"Best Tourist Destinations in Dar es Salaam Travel Guide"},{"@type":"BreadcrumbList","@id":"https:\/\/tiketi.com\/flying\/air-taxi\/dar-es-salaam\/#breadcrumb","itemListElement":[{"@type":"ListItem","position":1,"name":"Home","item":"https:\/\/tiketi.com\/"},{"@type":"ListItem","position":2,"name":"Flying","item":"https:\/\/tiketi.com\/fr-fr\/volants\/"},{"@type":"ListItem","position":3,"name":"Air Taxi","item":"https:\/\/tiketi.com\/flying\/air-taxi\/"},{"@type":"ListItem","position":4,"name":"Air Taxi in Dar es Salaam Booking &#8211; Flying Routes, Schedule &#038; Fares"}]},{"@type":"WebSite","@id":"https:\/\/tiketi.com\/#website","url":"https:\/\/tiketi.com\/","name":"Billets d&#039;avion et de bus, forfaits touristiques et activit\u00e9s - Tiketi.com","description":"Billets d&#039;avion et de bus, Tours, Activit\u00e9s","publisher":{"@id":"https:\/\/tiketi.com\/#organization"},"potentialAction":[{"@type":"SearchAction","target":{"@type":"EntryPoint","urlTemplate":"https:\/\/tiketi.com\/?s={search_term_string}"},"query-input":{"@type":"PropertyValueSpecification","valueRequired":true,"valueName":"search_term_string"}}],"inLanguage":"fr-FR"},{"@type":"Organization","@id":"https:\/\/tiketi.com\/#organization","name":"Tiketi.com","alternateName":"Tiketi","url":"https:\/\/tiketi.com\/","logo":{"@type":"ImageObject","inLanguage":"fr-FR","@id":"https:\/\/tiketi.com\/#\/schema\/logo\/image\/","url":"https:\/\/tiketi.com\/wp-content\/uploads\/2019\/05\/tiketi-logo-696.png","contentUrl":"https:\/\/tiketi.com\/wp-content\/uploads\/2019\/05\/tiketi-logo-696.png","width":696,"height":696,"caption":"Tiketi.com"},"image":{"@id":"https:\/\/tiketi.com\/#\/schema\/logo\/image\/"},"sameAs":["https:\/\/www.facebook.com\/TiketiCom\/"]}]}},"_links":{"self":[{"href":"https:\/\/tiketi.com\/fr-fr\/wp-json\/wp\/v2\/pages\/10713","targetHints":{"allow":["GET"]}}],"collection":[{"href":"https:\/\/tiketi.com\/fr-fr\/wp-json\/wp\/v2\/pages"}],"about":[{"href":"https:\/\/tiketi.com\/fr-fr\/wp-json\/wp\/v2\/types\/page"}],"author":[{"embeddable":true,"href":"https:\/\/tiketi.com\/fr-fr\/wp-json\/wp\/v2\/users\/1"}],"replies":[{"embeddable":true,"href":"https:\/\/tiketi.com\/fr-fr\/wp-json\/wp\/v2\/comments?post=10713"}],"version-history":[{"count":0,"href":"https:\/\/tiketi.com\/fr-fr\/wp-json\/wp\/v2\/pages\/10713\/revisions"}],"up":[{"embeddable":true,"href":"https:\/\/tiketi.com\/fr-fr\/wp-json\/wp\/v2\/pages\/25621"}],"wp:featuredmedia":[{"embeddable":true,"href":"https:\/\/tiketi.com\/fr-fr\/wp-json\/wp\/v2\/media\/30064"}],"wp:attachment":[{"href":"https:\/\/tiketi.com\/fr-fr\/wp-json\/wp\/v2\/media?parent=10713"}],"curies":[{"name":"wp","href":"https:\/\/api.w.org\/{rel}","templated":true}]}}