{"id":10715,"date":"2022-01-19T12:53:43","date_gmt":"2022-01-19T11:53:43","guid":{"rendered":"https:\/\/new.tiketi.com\/usa-air-taxi-booking-app-electric-flying-taxis\/"},"modified":"2025-07-22T10:52:03","modified_gmt":"2025-07-22T09:52:03","slug":"usa","status":"publish","type":"page","link":"https:\/\/tiketi.com\/fr-fr\/volants\/taxi-aerien\/usa\/","title":{"rendered":"Fly Over United States\u2019s Roads \u2013 Easy Air Taxi USA Online Bookings"},"content":{"rendered":"<h2>Book a Flying Taxi in United States (USA) \u2013 Fast, Green, and Affordable Urban Travel<\/h2>\r\n<p>The Cheap air taxi in United States (USA) online booking app allows users to easily reserve helicopter and flying taxi flight tickets. Air taxis in United States (USA) make it possible to travel quickly and affordably across the city.<span style=\"font-size: 16px;\"> Just a few years ago, the idea of hailing an air taxi via smartphone app, like a car from Lyft or Uber, they have it whisk you over populated city streets, dropping you at your place a few minutes later, sounded like real science fiction. But what was once considered ridiculous is edging closer to reality, as firms little and big, old and new, race to be the first. Startups like Lilium are competing against aviation giants like Airbus and Boeing, as well as car makers like Aston Martin and Audi. Just like many other services, you&#8217;ll be able to make a United States (USA) air taxi booking anytime, anywhere, through the app for your electric air taxi flight.<\/span><\/p>\r\n<h2>Pourquoi choisir un taxi volant ?<\/h2>\r\n<ul>\r\n<li><strong>Gagnez du temps<\/strong> \u2013 What would take 30\u201360 minutes by car can now be done in under 10 minutes by air.<\/li>\r\n<li><strong>\u00c9cologique et silencieux<\/strong> \u2013 Our electric aircraft are up to 100x quieter than traditional helicopters and produce zero emissions, making them an environmentally friendly choice.<\/li>\r\n<li><strong>S\u00e9curit\u00e9 certifi\u00e9e<\/strong> \u2013 All flights are piloted by certified professionals and adhere to the highest safety standards, with multiple redundancies to ensure a secure and reliable journey.<\/li>\r\n<li><strong>Le luxe sans effort<\/strong> \u2013 Skip the hassle of city traffic\u2014simply book, relax, and enjoy the ride.<\/li>\r\n<\/ul>\r\n<h2>Comment fonctionne notre service de taxi a\u00e9rien ?<\/h2>\r\n<p>R\u00e9server votre taxi a\u00e9rien est aussi simple que de r\u00e9server une course\u00a0:<\/p>\r\n<ol>\r\n<li><strong>Ouvrez le <a href=\"https:\/\/tiketi.com\/fr-fr\/download-tiketi-app\/\" target=\"_blank\" rel=\"noopener\">Application Tiketi<\/a> ou site Web<\/strong><\/li>\r\n<li><strong>Choisissez votre d\u00e9part<\/strong> from one of the USA\u2019s many vertiports (e.g., John F. Kennedy International Airport, Los Angeles International Airport, Downtown Chicago)<\/li>\r\n<li><strong>Choisissez votre avion<\/strong> \u2013 Choisissez un \u00e9l\u00e9gant taxi a\u00e9rien tout \u00e9lectrique \u00e0 2 ou 4 places<\/li>\r\n<li><strong>Confirmer et partir<\/strong> \u2013 Votre vol est r\u00e9serv\u00e9 en temps r\u00e9el et votre point d&#039;embarquement est pr\u00eat quand vous l&#039;\u00eates.<\/li>\r\n<\/ol>\r\n<p>In just minutes, you\u2019ll be airborne\u2014gliding over the landmarks and skylines of America\u2019s greatest cities, bypassing the traffic below.<\/p>\r\n<h2>Flying Taxi Routes in USA &#8211; High-Flying Connections<\/h2>\r\n<p>Across the United States, our aerial transport network is rapidly expanding, with high-demand routes already being developed:<\/p>\r\n<ul>\r\n<li><strong>John F. Kennedy Airport \u2192 Manhattan<\/strong> \u2013 ~10 minutes (vs. 45\u201360 minutes by car)<\/li>\r\n<li><strong>Los Angeles \u2192 Santa Monica<\/strong> \u2013 ~6\u20138 minutes<\/li>\r\n<\/ul>\r\n<p>Les itin\u00e9raires futurs comprennent\u00a0:<\/p>\r\n<ul>\r\n<li><strong>San Francisco \u2192 Oakland<\/strong> (~15 minutes)<\/li>\r\n<li><strong>Miami \u2192 Fort Lauderdale<\/strong> (~20 minutes)<\/li>\r\n<li><strong>Chicago \u2192 O&#8217;Hare Airport<\/strong> (~20 minutes)<\/li>\r\n<\/ul>\r\n<p>With strong support from US aviation authorities, we expect these air taxi routes to become operational within the next few years.<\/p>\r\n<h2>Options de tarification et de r\u00e9servation des taxis volants<\/h2>\r\n<p>Our pricing is designed to offer excellent value while maintaining high standards of comfort and convenience:<\/p>\r\n<ul>\r\n<li><strong>Tarifs actuels\u00a0:<\/strong> ~$6.50 per passenger-mile (with prices expected to decrease to ~$3.00 as demand grows)<\/li>\r\n<li><strong>Exemple:<\/strong> John F. Kennedy Airport to Manhattan (~12 miles) = $75\u2013$150, comparable to premium ride services.<\/li>\r\n<\/ul>\r\n<p>\u00c0 venir:<\/p>\r\n<ul>\r\n<li><strong>Plans de transport en commun<\/strong><\/li>\r\n<li><strong>forfaits de groupe et d&#039;entreprise<\/strong><\/li>\r\n<li><strong>Remises sur volume<\/strong><\/li>\r\n<\/ul>\r\n<p>Booking is simple through our app, website, or with our concierge service. Need additional services like a child seat, ground transportation, or a private car for your destination? We\u2019ve got you covered.<\/p>\r\n<h2>Qui est \u00e0 l&#039;avant-garde ?<\/h2>\r\n<p>The innovators bringing aerial mobility to the USA include:<\/p>\r\n<ul>\r\n<li><strong>Joby Aviation + United Airlines :<\/strong> Launching 200 mph eVTOL flights from major US airports, with pricing similar to premium ride-sharing services.<\/li>\r\n<li><strong>Vertical Aerospace (\u00c9tats-Unis) :<\/strong> Certifying its VX4 aircraft for 2028 flights, with expected fares as low as $150.<\/li>\r\n<li><strong>Skyports :<\/strong> Developing vertiports and charging hubs across key US cities, including New York, Los Angeles, and Chicago.<\/li>\r\n<li><strong>US Government:<\/strong> Providing regulatory support and infrastructure investments to develop safe, sustainable aerial mobility solutions across the country.<\/li>\r\n<\/ul>\r\n<h2>Foire aux questions<\/h2>\r\n<h3>Pourquoi prendre un taxi a\u00e9rien ?<\/h3>\r\n<p>From New York to Los Angeles, San Francisco to Miami, America\u2019s iconic cities are becoming more and more gridlocked. With sprawling urban landscapes, ever-expanding populations, and construction projects constantly underway, navigating these cities\u2019 congested streets can feel like a daily struggle. Why waste hours sitting in traffic when you could bypass it entirely? Our eVTOL (electric vertical takeoff and landing) air taxis offer a revolutionary, faster, and more luxurious way to travel, allowing you to soar over the hustle and bustle of the city.<br \/>It\u2019s not just about getting there faster; it\u2019s about transforming the way you experience urban travel\u2014smooth, efficient, and stress-free.<\/p>\r\n<h3>Est-ce s\u00fbr?<\/h3>\r\n<p>Oui. Tous les vols sont pilot\u00e9s par des professionnels certifi\u00e9s et respectent les normes de s\u00e9curit\u00e9 les plus strictes, avec de multiples syst\u00e8mes de s\u00e9curit\u00e9 redondants int\u00e9gr\u00e9s.<\/p>\r\n<h3>Les vols peuvent-ils \u00eatre assur\u00e9s par mauvais temps\u00a0?<\/h3>\r\n<p>Votre s\u00e9curit\u00e9 est notre priorit\u00e9 absolue. En cas d&#039;intemp\u00e9ries, nous vous en informerons imm\u00e9diatement et vous aiderons \u00e0 reporter votre r\u00e9servation ou \u00e0 obtenir un remboursement int\u00e9gral.<\/p>\r\n<h3>Puis-je apporter des bagages ?<\/h3>\r\n<p>Les bagages \u00e0 main sont les bienvenus. Pour les objets plus volumineux, nous organiserons leur transport terrestre jusqu&#039;\u00e0 votre destination.<\/p>\r\n<p><!-- \/wp:post-content -->\r\n\r\n<!-- wp:heading --><\/p>\r\n<h2>Voici quelques-uns des avantages du taxi volant \u00e9lectrique aux USA<\/h2>\r\n<p><!-- \/wp:heading -->\r\n\r\n<!-- wp:heading {\"level\":3} \/-->\r\n\r\n<!-- wp:paragraph --><\/p>\r\n<h3>Do electric flying taxis in the U.S. require a low amount of fuel?<\/h3>\r\n<p>Les taxis volants \u00e9lectriques aux \u00c9tats-Unis consomment peu de carburant, ils sont donc assez \u00e9conomes en carburant, vous n&#039;aurez jamais \u00e0 faire face aux embouteillages lorsque vous voyagez en voiture a\u00e9rienne, cent pour cent des v\u00e9hicules automatis\u00e9s les rendent simples \u00e0 utiliser, certaines voitures impliquent syst\u00e8mes sans fil et liaison satellite GPS \u00e0 part enti\u00e8re aussi, les humains ont un probl\u00e8me avec l&#039;aspect de la plong\u00e9e en 2 dimensions, ce probl\u00e8me pourrait \u00eatre r\u00e9solu gr\u00e2ce \u00e0 l&#039;utilisation de v\u00e9hicules autonomes et autonomes.<\/p>\r\n<p><!-- \/wp:paragraph -->\r\n\r\n<!-- wp:heading {\"level\":3} --><\/p>\r\n<h3>Are electric flying taxis in the USA fully automated systems?<\/h3>\r\n<p><!-- \/wp:heading -->\r\n\r\n<!-- wp:paragraph --><\/p>\r\n<p>L&#039;id\u00e9e d&#039;un taxi volant \u00e9lectrique aux \u00c9tats-Unis d\u00e9pend d&#039;un syst\u00e8me enti\u00e8rement automatique qui peut \u00eatre utilis\u00e9 par presque n&#039;importe qui, m\u00eame ceux qui savent d\u00e9j\u00e0 quelque chose sur la conduite du v\u00e9hicule ou le plan peuvent \u00e9galement le conduire, il y a quelques gadgets de sortie install\u00e9s dans le v\u00e9hicule qui peut \u00eatre utilis\u00e9 pour op\u00e9rer n&#039;importe quel type de commande au v\u00e9hicule, ce v\u00e9hicule enti\u00e8rement automatis\u00e9 vous aidera \u00e0 vous rendre chez vous en un rien de temps.<\/p>\r\n<p><!-- \/wp:paragraph -->\r\n\r\n<!-- wp:heading {\"level\":3} --><\/p>\r\n<h3>Are autonomous air taxis in the USA safe to operate?<\/h3>\r\n<p><!-- \/wp:heading -->\r\n\r\n<!-- wp:paragraph --><\/p>\r\n<p>L&#039;air est plus s\u00fbr que la conduite. Il y aura de nouvelles r\u00e8gles, une formation suppl\u00e9mentaire \u00e0 la conduite et \u00e0 l&#039;air, la voiture a\u00e9rienne devrait \u00eatre capable d&#039;un fonctionnement fiable, s\u00fbr et respectueux de l&#039;environnement \u00e0 la fois sur les routes publiques et dans les airs, elle peut voler sans pilote professionnel aux commandes et elle devrait \u00eatre venue avec un achat et des frais de fonctionnement abordables.<\/p>\r\n<p><!-- \/wp:paragraph -->\r\n\r\n<!-- wp:heading {\"level\":3} --><\/p>\r\n<h3>Do electric air taxis in the US use GPS satellite connections?<\/h3>\r\n<p><!-- \/wp:heading -->\r\n\r\n<!-- wp:paragraph --><\/p>\r\n<p>Les voitures a\u00e9riennes \u00e9lectriques peuvent se transformer en avions et vice versa, le support de navigation qui sera stipul\u00e9 par ce v\u00e9hicule est g\u00e9r\u00e9 par des satellites GPS ainsi que des services cellulaires. Ainsi, les chauffeurs doivent monter dans le v\u00e9hicule et allumer le courant apr\u00e8s avoir entr\u00e9 l&#039;adresse ou le num\u00e9ro de t\u00e9l\u00e9phone du lieu, le reste du travail est effectu\u00e9 par les taxis a\u00e9riens aux \u00c9tats-Unis m\u00eame.<\/p>\r\n<h3>Combien co\u00fbtera un taxi volant \u00e9lectrique aux \u00c9tats-Unis\u00a0?<\/h3>\r\n<p><!-- \/wp:paragraph -->\r\n\r\n<!-- wp:paragraph --><\/p>\r\n<p>Au d\u00e9part, les drones taxis a\u00e9riens aux \u00c9tats-Unis co\u00fbteront environ $5,73 par passager-mile. Le tarif des taxis volants \u00e9lectriques aux \u00c9tats-Unis chutera ensuite \u00e0 $1,85 par mile passager avant de finalement atteindre le taux incroyable de $0,44 par mile. Vous pouvez facilement r\u00e9server des billets d&#039;avion en taxi a\u00e9rien via des taxis volants \u00e9lectriques dans l&#039;application am\u00e9ricaine.<\/p>\r\n<p><!-- \/wp:paragraph -->\r\n\r\n<!-- wp:heading --><\/p>\r\n<h3 id=\"advantages-of-electric-dubai-air-taxi-booking-app\" class=\"wp-block-heading\">What are the advantages of electric USA\u00a0 air taxi booking app?<\/h3>\r\n<p><!-- \/wp:heading -->\r\n\r\n<!-- wp:paragraph --><\/p>\r\n<p>Parmi ses autres avantages, la r\u00e9servation en ligne de taxi drone aux \u00c9tats-Unis pourrait fournir un boom \u00e9conomique en augmentant le nombre de personnes se dirigeant vers des lieux de loisirs et de tourisme qui ne sont pas \u00e0 proximit\u00e9 des grands a\u00e9roports.<\/p>\r\n<p><!-- \/wp:paragraph -->\r\n\r\n<!-- wp:heading {\"level\":3} --><\/p>\r\n<h3>Can a drone air taxi online booking app in the USA be used to book electric air taxi flight tickets?<\/h3>\r\n<p><!-- \/wp:heading -->\r\n\r\n<!-- wp:paragraph --><\/p>\r\n<p>Oui, les clients peuvent utiliser en toute transparence l&#039;application de r\u00e9servation de taxi a\u00e9rien \u00e9lectrique am\u00e9ricain en ligne pour trouver le meilleur itin\u00e9raire et r\u00e9server un taxi \u00e9lectrique volant \u00e0 Paris \u00e0 tout moment et n&#039;importe o\u00f9.<\/p>\r\n<h2>Autres vols populaires en taxi a\u00e9rien<\/h2>\r\n<table border=\"0\" cellspacing=\"1\" cellpadding=\"1\">\r\n<tbody>\r\n<tr>\r\n<td>Bon march\u00e9 <a href=\"https:\/\/tiketi.com\/fr-fr\/volants\/taxi-aerien\/new-york-nyc\/\" target=\"_blank\" rel=\"noopener\">taxi a\u00e9rien \u00e0 New York<\/a><\/td>\r\n<td style=\"width: 30px;\">\u00a0<\/td>\r\n<td>Bon march\u00e9 <a href=\"https:\/\/tiketi.com\/fr-fr\/volants\/taxi-aerien\/miami\/\" target=\"_blank\" rel=\"noopener\">taxi a\u00e9rien \u00e0 Miami<\/a><\/td>\r\n<td style=\"width: 30px;\">\u00a0<\/td>\r\n<td>Bon march\u00e9 <a href=\"https:\/\/tiketi.com\/fr-fr\/volants\/taxi-aerien\/los-angeles\/\" target=\"_blank\" rel=\"noopener\">taxi a\u00e9rien \u00e0 Los Angeles<\/a><\/td>\r\n<\/tr>\r\n<tr>\r\n<td>Bon march\u00e9 <a href=\"https:\/\/tiketi.com\/fr-fr\/volants\/taxi-aerien\/san-francisco\/\" target=\"_blank\" rel=\"noopener\">taxi a\u00e9rien \u00e0 San Francisco<\/a><\/td>\r\n<td style=\"width: 30px;\">\u00a0<\/td>\r\n<td>Bon march\u00e9 <a href=\"https:\/\/tiketi.com\/fr-fr\/volants\/taxi-aerien\/philadelphia\/\" target=\"_blank\" rel=\"noopener\">taxi a\u00e9rien \u00e0 Philadelphie<\/a><\/td>\r\n<td style=\"width: 30px;\">\u00a0<\/td>\r\n<td>Bon march\u00e9 <a href=\"https:\/\/tiketi.com\/fr-fr\/volants\/taxi-aerien\/washington-dc\/\" target=\"_blank\" rel=\"noopener\">taxi a\u00e9rien \u00e0 Washington DC<\/a><\/td>\r\n<\/tr>\r\n<tr>\r\n<td>Bon march\u00e9 <a href=\"https:\/\/tiketi.com\/fr-fr\/volants\/taxi-aerien\/las-vegas\/\" target=\"_blank\" rel=\"noopener\">air taxi in Las Vegas<\/a><\/td>\r\n<td style=\"width: 30px;\">\u00a0<\/td>\r\n<td>Bon march\u00e9 <a href=\"https:\/\/tiketi.com\/fr-fr\/volants\/taxi-aerien\/california\/\" target=\"_blank\" rel=\"noopener\">taxi a\u00e9rien en Californie<\/a><\/td>\r\n<td style=\"width: 30px;\">\u00a0<\/td>\r\n<td>Bon march\u00e9 <a href=\"https:\/\/tiketi.com\/fr-fr\/volants\/taxi-aerien\/florida\/\" target=\"_blank\" rel=\"noopener\">taxi a\u00e9rien en Floride<\/a><\/td>\r\n<\/tr>\r\n<\/tbody>\r\n<\/table>\r\n<p><!-- \/wp:paragraph --><\/p>\r\n<p>&nbsp;<\/p>\r\n<p>&nbsp;<\/p>\r\n<p>&nbsp;<\/p>","protected":false},"excerpt":{"rendered":"<p>Book a Flying Taxi in United States (USA) \u2013 Fast, Green, and Affordable Urban Travel The Cheap air taxi in United States (USA) online booking app allows users to easily reserve helicopter and flying taxi flight tickets. Air taxis in United States (USA) make it possible to travel quickly and affordably across the city. Just [&hellip;]<\/p>\n","protected":false},"author":1,"featured_media":15770,"parent":25621,"menu_order":0,"comment_status":"closed","ping_status":"closed","template":"template-home-modern.php","meta":{"footnotes":""},"class_list":["post-10715","page","type-page","status-publish","has-post-thumbnail","hentry"],"yoast_head":"<!-- This site is optimized with the Yoast SEO plugin v27.2 - https:\/\/yoast.com\/product\/yoast-seo-wordpress\/ -->\n<title>Book an Air Taxi in USA Online | Cheap Flying Taxi Fares<\/title>\n<meta name=\"description\" content=\"Book an air taxi in United States (USA) online with our app. Compare routes, fares, &amp; flight tickets for air taxis, &amp; find affordable flying taxi options\" \/>\n<meta name=\"robots\" content=\"index, follow, max-snippet:-1, max-image-preview:large, max-video-preview:-1\" \/>\n<link rel=\"canonical\" href=\"https:\/\/tiketi.com\/fr-fr\/volants\/taxi-aerien\/usa\/\" \/>\n<meta property=\"og:locale\" content=\"fr_FR\" \/>\n<meta property=\"og:type\" content=\"article\" \/>\n<meta property=\"og:title\" content=\"Book an Air Taxi in USA Online | Cheap Flying Taxi Fares\" \/>\n<meta property=\"og:description\" content=\"Book an air taxi in United States (USA) online with our app. Compare routes, fares, &amp; flight tickets for air taxis, &amp; find affordable flying taxi options\" \/>\n<meta property=\"og:url\" content=\"https:\/\/tiketi.com\/fr-fr\/volants\/taxi-aerien\/usa\/\" \/>\n<meta property=\"og:site_name\" content=\"Tiketi.com\" \/>\n<meta property=\"article:publisher\" content=\"https:\/\/www.facebook.com\/TiketiCom\/\" \/>\n<meta property=\"article:modified_time\" content=\"2025-07-22T09:52:03+00:00\" \/>\n<meta property=\"og:image\" content=\"https:\/\/tiketi.com\/wp-content\/uploads\/2019\/05\/new-york-4957752_1280.jpg\" \/>\n\t<meta property=\"og:image:width\" content=\"1200\" \/>\n\t<meta property=\"og:image:height\" content=\"204\" \/>\n\t<meta property=\"og:image:type\" content=\"image\/jpeg\" \/>\n<meta name=\"twitter:card\" content=\"summary_large_image\" \/>\n<meta name=\"twitter:label1\" content=\"Dur\u00e9e de lecture estim\u00e9e\" \/>\n\t<meta name=\"twitter:data1\" content=\"7 minutes\" \/>\n<script type=\"application\/ld+json\" class=\"yoast-schema-graph\">{\"@context\":\"https:\/\/schema.org\",\"@graph\":[{\"@type\":\"WebPage\",\"@id\":\"https:\/\/tiketi.com\/flying\/air-taxi\/usa\/\",\"url\":\"https:\/\/tiketi.com\/flying\/air-taxi\/usa\/\",\"name\":\"Book an Air Taxi in USA Online | Cheap Flying Taxi Fares\",\"isPartOf\":{\"@id\":\"https:\/\/tiketi.com\/#website\"},\"primaryImageOfPage\":{\"@id\":\"https:\/\/tiketi.com\/flying\/air-taxi\/usa\/#primaryimage\"},\"image\":{\"@id\":\"https:\/\/tiketi.com\/flying\/air-taxi\/usa\/#primaryimage\"},\"thumbnailUrl\":\"https:\/\/tiketi.com\/wp-content\/uploads\/2019\/05\/new-york-4957752_1280.jpg\",\"datePublished\":\"2022-01-19T11:53:43+00:00\",\"dateModified\":\"2025-07-22T09:52:03+00:00\",\"description\":\"Book an air taxi in United States (USA) online with our app. Compare routes, fares, & flight tickets for air taxis, & find affordable flying taxi options\",\"breadcrumb\":{\"@id\":\"https:\/\/tiketi.com\/flying\/air-taxi\/usa\/#breadcrumb\"},\"inLanguage\":\"fr-FR\",\"potentialAction\":[{\"@type\":\"ReadAction\",\"target\":[\"https:\/\/tiketi.com\/flying\/air-taxi\/usa\/\"]}]},{\"@type\":\"ImageObject\",\"inLanguage\":\"fr-FR\",\"@id\":\"https:\/\/tiketi.com\/flying\/air-taxi\/usa\/#primaryimage\",\"url\":\"https:\/\/tiketi.com\/wp-content\/uploads\/2019\/05\/new-york-4957752_1280.jpg\",\"contentUrl\":\"https:\/\/tiketi.com\/wp-content\/uploads\/2019\/05\/new-york-4957752_1280.jpg\",\"width\":1200,\"height\":204,\"caption\":\"Air Taxi in New York\"},{\"@type\":\"BreadcrumbList\",\"@id\":\"https:\/\/tiketi.com\/flying\/air-taxi\/usa\/#breadcrumb\",\"itemListElement\":[{\"@type\":\"ListItem\",\"position\":1,\"name\":\"Home\",\"item\":\"https:\/\/tiketi.com\/\"},{\"@type\":\"ListItem\",\"position\":2,\"name\":\"Flying\",\"item\":\"https:\/\/tiketi.com\/fr-fr\/volants\/\"},{\"@type\":\"ListItem\",\"position\":3,\"name\":\"Air Taxi\",\"item\":\"https:\/\/tiketi.com\/flying\/air-taxi\/\"},{\"@type\":\"ListItem\",\"position\":4,\"name\":\"Fly Over United States\u2019s Roads \u2013 Easy Air Taxi USA Online Bookings\"}]},{\"@type\":\"WebSite\",\"@id\":\"https:\/\/tiketi.com\/#website\",\"url\":\"https:\/\/tiketi.com\/\",\"name\":\"Flight & Bus Tickets, Tour Packages & Activitites - Tiketi.com\",\"description\":\"Flight &amp; Bus Tickets, Tours, Activitites\",\"publisher\":{\"@id\":\"https:\/\/tiketi.com\/#organization\"},\"potentialAction\":[{\"@type\":\"SearchAction\",\"target\":{\"@type\":\"EntryPoint\",\"urlTemplate\":\"https:\/\/tiketi.com\/?s={search_term_string}\"},\"query-input\":{\"@type\":\"PropertyValueSpecification\",\"valueRequired\":true,\"valueName\":\"search_term_string\"}}],\"inLanguage\":\"fr-FR\"},{\"@type\":\"Organization\",\"@id\":\"https:\/\/tiketi.com\/#organization\",\"name\":\"Tiketi.com\",\"alternateName\":\"Tiketi\",\"url\":\"https:\/\/tiketi.com\/\",\"logo\":{\"@type\":\"ImageObject\",\"inLanguage\":\"fr-FR\",\"@id\":\"https:\/\/tiketi.com\/#\/schema\/logo\/image\/\",\"url\":\"https:\/\/tiketi.com\/wp-content\/uploads\/2019\/05\/tiketi-logo-696.png\",\"contentUrl\":\"https:\/\/tiketi.com\/wp-content\/uploads\/2019\/05\/tiketi-logo-696.png\",\"width\":696,\"height\":696,\"caption\":\"Tiketi.com\"},\"image\":{\"@id\":\"https:\/\/tiketi.com\/#\/schema\/logo\/image\/\"},\"sameAs\":[\"https:\/\/www.facebook.com\/TiketiCom\/\"]}]}<\/script>\n<!-- \/ Yoast SEO plugin. -->","yoast_head_json":{"title":"Book an Air Taxi in USA Online | Cheap Flying Taxi Fares","description":"Book an air taxi in United States (USA) online with our app. Compare routes, fares, & flight tickets for air taxis, & find affordable flying taxi options","robots":{"index":"index","follow":"follow","max-snippet":"max-snippet:-1","max-image-preview":"max-image-preview:large","max-video-preview":"max-video-preview:-1"},"canonical":"https:\/\/tiketi.com\/fr-fr\/volants\/taxi-aerien\/usa\/","og_locale":"fr_FR","og_type":"article","og_title":"Book an Air Taxi in USA Online | Cheap Flying Taxi Fares","og_description":"Book an air taxi in United States (USA) online with our app. Compare routes, fares, & flight tickets for air taxis, & find affordable flying taxi options","og_url":"https:\/\/tiketi.com\/fr-fr\/volants\/taxi-aerien\/usa\/","og_site_name":"Tiketi.com","article_publisher":"https:\/\/www.facebook.com\/TiketiCom\/","article_modified_time":"2025-07-22T09:52:03+00:00","og_image":[{"width":1200,"height":204,"url":"https:\/\/tiketi.com\/wp-content\/uploads\/2019\/05\/new-york-4957752_1280.jpg","type":"image\/jpeg"}],"twitter_card":"summary_large_image","twitter_misc":{"Dur\u00e9e de lecture estim\u00e9e":"7 minutes"},"schema":{"@context":"https:\/\/schema.org","@graph":[{"@type":"WebPage","@id":"https:\/\/tiketi.com\/flying\/air-taxi\/usa\/","url":"https:\/\/tiketi.com\/flying\/air-taxi\/usa\/","name":"Book an Air Taxi in USA Online | Cheap Flying Taxi Fares","isPartOf":{"@id":"https:\/\/tiketi.com\/#website"},"primaryImageOfPage":{"@id":"https:\/\/tiketi.com\/flying\/air-taxi\/usa\/#primaryimage"},"image":{"@id":"https:\/\/tiketi.com\/flying\/air-taxi\/usa\/#primaryimage"},"thumbnailUrl":"https:\/\/tiketi.com\/wp-content\/uploads\/2019\/05\/new-york-4957752_1280.jpg","datePublished":"2022-01-19T11:53:43+00:00","dateModified":"2025-07-22T09:52:03+00:00","description":"Book an air taxi in United States (USA) online with our app. Compare routes, fares, & flight tickets for air taxis, & find affordable flying taxi options","breadcrumb":{"@id":"https:\/\/tiketi.com\/flying\/air-taxi\/usa\/#breadcrumb"},"inLanguage":"fr-FR","potentialAction":[{"@type":"ReadAction","target":["https:\/\/tiketi.com\/flying\/air-taxi\/usa\/"]}]},{"@type":"ImageObject","inLanguage":"fr-FR","@id":"https:\/\/tiketi.com\/flying\/air-taxi\/usa\/#primaryimage","url":"https:\/\/tiketi.com\/wp-content\/uploads\/2019\/05\/new-york-4957752_1280.jpg","contentUrl":"https:\/\/tiketi.com\/wp-content\/uploads\/2019\/05\/new-york-4957752_1280.jpg","width":1200,"height":204,"caption":"Air Taxi in New York"},{"@type":"BreadcrumbList","@id":"https:\/\/tiketi.com\/flying\/air-taxi\/usa\/#breadcrumb","itemListElement":[{"@type":"ListItem","position":1,"name":"Home","item":"https:\/\/tiketi.com\/"},{"@type":"ListItem","position":2,"name":"Flying","item":"https:\/\/tiketi.com\/fr-fr\/volants\/"},{"@type":"ListItem","position":3,"name":"Air Taxi","item":"https:\/\/tiketi.com\/flying\/air-taxi\/"},{"@type":"ListItem","position":4,"name":"Fly Over United States\u2019s Roads \u2013 Easy Air Taxi USA Online Bookings"}]},{"@type":"WebSite","@id":"https:\/\/tiketi.com\/#website","url":"https:\/\/tiketi.com\/","name":"Billets d&#039;avion et de bus, forfaits touristiques et activit\u00e9s - Tiketi.com","description":"Billets d&#039;avion et de bus, Tours, Activit\u00e9s","publisher":{"@id":"https:\/\/tiketi.com\/#organization"},"potentialAction":[{"@type":"SearchAction","target":{"@type":"EntryPoint","urlTemplate":"https:\/\/tiketi.com\/?s={search_term_string}"},"query-input":{"@type":"PropertyValueSpecification","valueRequired":true,"valueName":"search_term_string"}}],"inLanguage":"fr-FR"},{"@type":"Organization","@id":"https:\/\/tiketi.com\/#organization","name":"Tiketi.com","alternateName":"Tiketi","url":"https:\/\/tiketi.com\/","logo":{"@type":"ImageObject","inLanguage":"fr-FR","@id":"https:\/\/tiketi.com\/#\/schema\/logo\/image\/","url":"https:\/\/tiketi.com\/wp-content\/uploads\/2019\/05\/tiketi-logo-696.png","contentUrl":"https:\/\/tiketi.com\/wp-content\/uploads\/2019\/05\/tiketi-logo-696.png","width":696,"height":696,"caption":"Tiketi.com"},"image":{"@id":"https:\/\/tiketi.com\/#\/schema\/logo\/image\/"},"sameAs":["https:\/\/www.facebook.com\/TiketiCom\/"]}]}},"_links":{"self":[{"href":"https:\/\/tiketi.com\/fr-fr\/wp-json\/wp\/v2\/pages\/10715","targetHints":{"allow":["GET"]}}],"collection":[{"href":"https:\/\/tiketi.com\/fr-fr\/wp-json\/wp\/v2\/pages"}],"about":[{"href":"https:\/\/tiketi.com\/fr-fr\/wp-json\/wp\/v2\/types\/page"}],"author":[{"embeddable":true,"href":"https:\/\/tiketi.com\/fr-fr\/wp-json\/wp\/v2\/users\/1"}],"replies":[{"embeddable":true,"href":"https:\/\/tiketi.com\/fr-fr\/wp-json\/wp\/v2\/comments?post=10715"}],"version-history":[{"count":6,"href":"https:\/\/tiketi.com\/fr-fr\/wp-json\/wp\/v2\/pages\/10715\/revisions"}],"predecessor-version":[{"id":32084,"href":"https:\/\/tiketi.com\/fr-fr\/wp-json\/wp\/v2\/pages\/10715\/revisions\/32084"}],"up":[{"embeddable":true,"href":"https:\/\/tiketi.com\/fr-fr\/wp-json\/wp\/v2\/pages\/25621"}],"wp:featuredmedia":[{"embeddable":true,"href":"https:\/\/tiketi.com\/fr-fr\/wp-json\/wp\/v2\/media\/15770"}],"wp:attachment":[{"href":"https:\/\/tiketi.com\/fr-fr\/wp-json\/wp\/v2\/media?parent=10715"}],"curies":[{"name":"wp","href":"https:\/\/api.w.org\/{rel}","templated":true}]}}