{"id":10716,"date":"2022-01-19T12:53:43","date_gmt":"2022-01-19T11:53:43","guid":{"rendered":"https:\/\/new.tiketi.com\/uk-air-taxi-booking-app-electric-flying-taxis\/"},"modified":"2025-10-16T18:36:17","modified_gmt":"2025-10-16T16:36:17","slug":"uk-united-kingdom","status":"publish","type":"page","link":"https:\/\/tiketi.com\/fr-fr\/volants\/taxi-aerien\/uk-united-kingdom\/","title":{"rendered":"Taxi a\u00e9rien au Royaume-Uni R\u00e9servation - Itin\u00e9raires de vol, horaires et tarifs\u00a0"},"content":{"rendered":"<h2 class=\"wp-block-heading\">Book a Flying Taxi in United Kingdom (UK) \u2013 Safe, Fast, Eco-Friendly, and Affordable Urban Travel<\/h2>\r\n\r\n\r\n\r\n<p>Electric\u00a0 air taxi in UK online booking app service will enable users to book electric flying taxi in UK, launching in major cities and metropolitan areas in United Kingdom (UK) soon. Autonomous air taxis in UK makes possible to travel cheap and fast in The United Kingdom of Great Britain. History buffs, culture vultures, thrill-seekers, and shopaholics alike will find something to keep them entertained with the carefully picked collection of activities and attractions from all over the UK. From breweries, national parks, steam railway attractions, hiking trails, theme parks, animal attractions and more, Britain Finest attractions and activities have carefully picked these attractions to make sure that they can provide a big range of standard things to do and view that the full family can easily enjoy through air taxis in United Kingdom. As with so many other things you will be able to make anytime and anywhere drone UK air taxi booking for your electric air taxi flight.<\/p>\r\n\r\n\r\n\r\n<h2 class=\"wp-block-heading\">Here are some of the advantages of electric flying taxi\u00a0in UK<\/h2>\r\n\r\n\r\n\r\n<h3 class=\"wp-block-heading\">Do air taxis in UK vertical take-off and land?<\/h3>\r\n\r\n\r\n\r\n<p>L&#039;avantage initial d&#039;une voilure tournante est sa capacit\u00e9 de d\u00e9collage et d&#039;atterrissage vertical. Pourquoi est-ce un avantage\u00a0? Parce qu&#039;il supprime le besoin d&#039;une piste. Comme Wired l&#039;a r\u00e9cemment not\u00e9, la technologie VTOL signifie que les avions peuvent th\u00e9oriquement d\u00e9coller et atterrir presque n&#039;importe o\u00f9, ce qui les rend beaucoup plus flexibles.<\/p>\r\n\r\n\r\n\r\n<h3 class=\"wp-block-heading\">Are drone flying taxi in UK ease of control?<\/h3>\r\n\r\n\r\n\r\n<p>Another advantage is ease of control. A air taxi can hover in place quite rightly, which makes it safe to navigate an urban atmosphere where you might need to stop at many waypoints, and where speeds need to be continually modulated to respond to external situations.<\/p>\r\n\r\n\r\n\r\n\r\n\r\n<h3 class=\"wp-block-heading\">How electric air taxis in UK flights comfortable?<\/h3>\r\n\r\n\r\n\r\n<p>Eighty percent less affected by self-stabilizing and turbulence in guests: you will be eager to fly more than even before. Even those who do not generally like airplane will be happy to jump onboard. When other planes are grounded, you are still in the air through air taxis in UK app.<\/p>\r\n<h3>How much will an electric flying\u00a0taxis in UK cost?<\/h3>\r\n\r\n\r\n\r\n<p>Au d\u00e9part, les taxis a\u00e9riens au Royaume-Uni co\u00fbteront environ $5,73 par passager-mile. Le tarif des taxis volants \u00e9lectriques au Royaume-Uni chutera ensuite \u00e0 $1,85 par mile passager avant de finalement toucher le client incroyable taxi volant au tarif britannique de $0,44 par mile. Vous pouvez facilement r\u00e9server un taxi a\u00e9rien via un taxi drone \u00e9lectrique dans l&#039;application britannique.<\/p>\r\n\r\n\r\n\r\n<h3 class=\"wp-block-heading\">What are the advantages of UK air taxi online booking app?<\/h3>\r\n\r\n\r\n\r\n<p>Parmi ses autres avantages, la r\u00e9servation en ligne de taxi drone au Royaume-Uni pourrait g\u00e9n\u00e9rer un boom \u00e9conomique en augmentant le nombre de personnes se dirigeant vers des lieux de loisirs et de tourisme qui ne sont pas \u00e0 proximit\u00e9 des grands a\u00e9roports.<\/p>\r\n\r\n\r\n\r\n<h3 class=\"wp-block-heading\">Can the UK online booking app be used to reserve air taxi flight tickets?<\/h3>\r\n\r\n\r\n\r\n<p>Oui, les clients peuvent utiliser de mani\u00e8re transparente l&#039;application de r\u00e9servation de taxi a\u00e9rien \u00e9lectrique britannique en ligne pour trouver le meilleur itin\u00e9raire et r\u00e9server un taxi volant avec drone \u00e0 Paris \u00e0 tout moment et n&#039;importe o\u00f9.<\/p>\r\n<h2>Autres vols populaires en taxi a\u00e9rien<\/h2>\r\n<table border=\"0\" cellspacing=\"1\" cellpadding=\"1\">\r\n<tbody>\r\n<tr>\r\n<td>Bon march\u00e9 <a href=\"https:\/\/tiketi.com\/fr-fr\/volants\/taxi-aerien\/london\/\" target=\"_blank\" rel=\"noopener\">taxi a\u00e9rien \u00e0 Londres<\/a><\/td>\r\n<td style=\"width: 30px;\">\u00a0<\/td>\r\n<td>Bon march\u00e9 <a href=\"https:\/\/tiketi.com\/fr-fr\/flying\/air-taxi\/birmingham\/\" target=\"_blank\" rel=\"noopener\">air taxi in Birmingham<\/a><\/td>\r\n<td style=\"width: 30px;\">\u00a0<\/td>\r\n<td>Bon march\u00e9 <a href=\"https:\/\/tiketi.com\/fr-fr\/flying\/air-taxi\/manchester\/\" target=\"_blank\" rel=\"noopener\">air taxi in Manchester<\/a><\/td>\r\n<\/tr>\r\n<tr>\r\n<td>Bon march\u00e9 <a href=\"https:\/\/tiketi.com\/fr-fr\/flying\/air-taxi\/liverpool\/\" target=\"_blank\" rel=\"noopener\">air taxi in Liverpool<\/a><\/td>\r\n<td style=\"width: 30px;\">\u00a0<\/td>\r\n<td>Bon march\u00e9 <a href=\"https:\/\/tiketi.com\/fr-fr\/flying\/air-taxi\/cambridge\/\" target=\"_blank\" rel=\"noopener\">air taxi in Cambridge<\/a><\/td>\r\n<td style=\"width: 30px;\">\u00a0<\/td>\r\n<td>Bon march\u00e9 <a href=\"https:\/\/tiketi.com\/fr-fr\/flying\/air-taxi\/oxford\/\" target=\"_blank\" rel=\"noopener\">air taxi in Oxford<\/a><\/td>\r\n<\/tr>\r\n<tr>\r\n<td>Bon march\u00e9 <a href=\"https:\/\/tiketi.com\/fr-fr\/air-taxi\/oxford\/to-cambridge\/\" target=\"_blank\" rel=\"noopener\">air taxi from Oxford to Cambridge<\/a><\/td>\r\n<td style=\"width: 30px;\">\u00a0<\/td>\r\n<td>Bon march\u00e9 <a href=\"https:\/\/tiketi.com\/fr-fr\/flying\/air-taxi\/cambridge\/london-heathrow\/\" target=\"_blank\" rel=\"noopener\">air taxi from Cambridge to London<\/a><\/td>\r\n<td style=\"width: 30px;\">\u00a0<\/td>\r\n<td>Bon march\u00e9 <a href=\"https:\/\/tiketi.com\/fr-fr\/volants\/taxi-aerien\/new-york-nyc\/\" target=\"_blank\" rel=\"noopener\">taxi a\u00e9rien \u00e0 New York<\/a><\/td>\r\n<\/tr>\r\n<\/tbody>\r\n<\/table>\r\n<p>&nbsp;<\/p>\r\n<p>&nbsp;<\/p>","protected":false},"excerpt":{"rendered":"<p>Book a Flying Taxi in United Kingdom (UK) \u2013 Safe, Fast, Eco-Friendly, and Affordable Urban Travel Electric\u00a0 air taxi in UK online booking app service will enable users to book electric flying taxi in UK, launching in major cities and metropolitan areas in United Kingdom (UK) soon. Autonomous air taxis in UK makes possible to [&hellip;]<\/p>\n","protected":false},"author":1,"featured_media":14237,"parent":25621,"menu_order":0,"comment_status":"closed","ping_status":"closed","template":"template-home-modern.php","meta":{"footnotes":""},"class_list":["post-10716","page","type-page","status-publish","has-post-thumbnail","hentry"],"yoast_head":"<!-- This site is optimized with the Yoast SEO plugin v27.2 - https:\/\/yoast.com\/product\/yoast-seo-wordpress\/ -->\n<title>Air Taxi in UK Online Booking - Electric Flying Taxis<\/title>\n<meta name=\"description\" content=\"Looking for drone air taxi in UK online booking app, routes, schedule &amp; fares? Compare air taxis and book your cheap flying taxi in United Kingdom of Great Britain\" \/>\n<meta name=\"robots\" content=\"index, follow, max-snippet:-1, max-image-preview:large, max-video-preview:-1\" \/>\n<link rel=\"canonical\" href=\"https:\/\/tiketi.com\/fr-fr\/volants\/taxi-aerien\/uk-united-kingdom\/\" \/>\n<meta property=\"og:locale\" content=\"fr_FR\" \/>\n<meta property=\"og:type\" content=\"article\" \/>\n<meta property=\"og:title\" content=\"Air Taxi in UK Online Booking - Electric Flying Taxis\" \/>\n<meta property=\"og:description\" content=\"Looking for drone air taxi in UK online booking app, routes, schedule &amp; fares? Compare air taxis and book your cheap flying taxi in United Kingdom of Great Britain\" \/>\n<meta property=\"og:url\" content=\"https:\/\/tiketi.com\/fr-fr\/volants\/taxi-aerien\/uk-united-kingdom\/\" \/>\n<meta property=\"og:site_name\" content=\"Tiketi.com\" \/>\n<meta property=\"article:publisher\" content=\"https:\/\/www.facebook.com\/TiketiCom\/\" \/>\n<meta property=\"article:modified_time\" content=\"2025-10-16T16:36:17+00:00\" \/>\n<meta property=\"og:image\" content=\"https:\/\/tiketi.com\/wp-content\/uploads\/2022\/01\/london-big-ben-2393098_1280.jpg\" \/>\n\t<meta property=\"og:image:width\" content=\"1200\" \/>\n\t<meta property=\"og:image:height\" content=\"248\" \/>\n\t<meta property=\"og:image:type\" content=\"image\/jpeg\" \/>\n<meta name=\"twitter:card\" content=\"summary_large_image\" \/>\n<meta name=\"twitter:label1\" content=\"Dur\u00e9e de lecture estim\u00e9e\" \/>\n\t<meta name=\"twitter:data1\" content=\"3 minutes\" \/>\n<script type=\"application\/ld+json\" class=\"yoast-schema-graph\">{\"@context\":\"https:\/\/schema.org\",\"@graph\":[{\"@type\":\"WebPage\",\"@id\":\"https:\/\/tiketi.com\/flying\/air-taxi\/uk-united-kingdom\/\",\"url\":\"https:\/\/tiketi.com\/flying\/air-taxi\/uk-united-kingdom\/\",\"name\":\"Air Taxi in UK Online Booking - Electric Flying Taxis\",\"isPartOf\":{\"@id\":\"https:\/\/tiketi.com\/#website\"},\"primaryImageOfPage\":{\"@id\":\"https:\/\/tiketi.com\/flying\/air-taxi\/uk-united-kingdom\/#primaryimage\"},\"image\":{\"@id\":\"https:\/\/tiketi.com\/flying\/air-taxi\/uk-united-kingdom\/#primaryimage\"},\"thumbnailUrl\":\"https:\/\/tiketi.com\/wp-content\/uploads\/2022\/01\/london-big-ben-2393098_1280.jpg\",\"datePublished\":\"2022-01-19T11:53:43+00:00\",\"dateModified\":\"2025-10-16T16:36:17+00:00\",\"description\":\"Looking for drone air taxi in UK online booking app, routes, schedule & fares? Compare air taxis and book your cheap flying taxi in United Kingdom of Great Britain\",\"breadcrumb\":{\"@id\":\"https:\/\/tiketi.com\/flying\/air-taxi\/uk-united-kingdom\/#breadcrumb\"},\"inLanguage\":\"fr-FR\",\"potentialAction\":[{\"@type\":\"ReadAction\",\"target\":[\"https:\/\/tiketi.com\/flying\/air-taxi\/uk-united-kingdom\/\"]}]},{\"@type\":\"ImageObject\",\"inLanguage\":\"fr-FR\",\"@id\":\"https:\/\/tiketi.com\/flying\/air-taxi\/uk-united-kingdom\/#primaryimage\",\"url\":\"https:\/\/tiketi.com\/wp-content\/uploads\/2022\/01\/london-big-ben-2393098_1280.jpg\",\"contentUrl\":\"https:\/\/tiketi.com\/wp-content\/uploads\/2022\/01\/london-big-ben-2393098_1280.jpg\",\"width\":1200,\"height\":248,\"caption\":\"Air Taxi in London\"},{\"@type\":\"BreadcrumbList\",\"@id\":\"https:\/\/tiketi.com\/flying\/air-taxi\/uk-united-kingdom\/#breadcrumb\",\"itemListElement\":[{\"@type\":\"ListItem\",\"position\":1,\"name\":\"Home\",\"item\":\"https:\/\/tiketi.com\/\"},{\"@type\":\"ListItem\",\"position\":2,\"name\":\"Flying\",\"item\":\"https:\/\/tiketi.com\/fr-fr\/volants\/\"},{\"@type\":\"ListItem\",\"position\":3,\"name\":\"Air Taxi\",\"item\":\"https:\/\/tiketi.com\/flying\/air-taxi\/\"},{\"@type\":\"ListItem\",\"position\":4,\"name\":\"Air Taxi in UK Booking\u00a0\u2013 Flying Routes, Schedule &#038; Fares\u00a0\"}]},{\"@type\":\"WebSite\",\"@id\":\"https:\/\/tiketi.com\/#website\",\"url\":\"https:\/\/tiketi.com\/\",\"name\":\"Flight & Bus Tickets, Tour Packages & Activitites - Tiketi.com\",\"description\":\"Flight &amp; Bus Tickets, Tours, Activitites\",\"publisher\":{\"@id\":\"https:\/\/tiketi.com\/#organization\"},\"potentialAction\":[{\"@type\":\"SearchAction\",\"target\":{\"@type\":\"EntryPoint\",\"urlTemplate\":\"https:\/\/tiketi.com\/?s={search_term_string}\"},\"query-input\":{\"@type\":\"PropertyValueSpecification\",\"valueRequired\":true,\"valueName\":\"search_term_string\"}}],\"inLanguage\":\"fr-FR\"},{\"@type\":\"Organization\",\"@id\":\"https:\/\/tiketi.com\/#organization\",\"name\":\"Tiketi.com\",\"alternateName\":\"Tiketi\",\"url\":\"https:\/\/tiketi.com\/\",\"logo\":{\"@type\":\"ImageObject\",\"inLanguage\":\"fr-FR\",\"@id\":\"https:\/\/tiketi.com\/#\/schema\/logo\/image\/\",\"url\":\"https:\/\/tiketi.com\/wp-content\/uploads\/2019\/05\/tiketi-logo-696.png\",\"contentUrl\":\"https:\/\/tiketi.com\/wp-content\/uploads\/2019\/05\/tiketi-logo-696.png\",\"width\":696,\"height\":696,\"caption\":\"Tiketi.com\"},\"image\":{\"@id\":\"https:\/\/tiketi.com\/#\/schema\/logo\/image\/\"},\"sameAs\":[\"https:\/\/www.facebook.com\/TiketiCom\/\"]}]}<\/script>\n<!-- \/ Yoast SEO plugin. -->","yoast_head_json":{"title":"Taxi a\u00e9rien au Royaume-Uni R\u00e9servation en ligne - Taxis volants \u00e9lectriques","description":"Vous recherchez un taxi a\u00e9rien drone au Royaume-Uni, une application de r\u00e9servation en ligne, des itin\u00e9raires, des horaires et des tarifs\u00a0? Comparez les taxis a\u00e9riens et r\u00e9servez votre taxi volant pas cher en Royaume-Uni","robots":{"index":"index","follow":"follow","max-snippet":"max-snippet:-1","max-image-preview":"max-image-preview:large","max-video-preview":"max-video-preview:-1"},"canonical":"https:\/\/tiketi.com\/fr-fr\/volants\/taxi-aerien\/uk-united-kingdom\/","og_locale":"fr_FR","og_type":"article","og_title":"Air Taxi in UK Online Booking - Electric Flying Taxis","og_description":"Looking for drone air taxi in UK online booking app, routes, schedule & fares? Compare air taxis and book your cheap flying taxi in United Kingdom of Great Britain","og_url":"https:\/\/tiketi.com\/fr-fr\/volants\/taxi-aerien\/uk-united-kingdom\/","og_site_name":"Tiketi.com","article_publisher":"https:\/\/www.facebook.com\/TiketiCom\/","article_modified_time":"2025-10-16T16:36:17+00:00","og_image":[{"width":1200,"height":248,"url":"https:\/\/tiketi.com\/wp-content\/uploads\/2022\/01\/london-big-ben-2393098_1280.jpg","type":"image\/jpeg"}],"twitter_card":"summary_large_image","twitter_misc":{"Dur\u00e9e de lecture estim\u00e9e":"3 minutes"},"schema":{"@context":"https:\/\/schema.org","@graph":[{"@type":"WebPage","@id":"https:\/\/tiketi.com\/flying\/air-taxi\/uk-united-kingdom\/","url":"https:\/\/tiketi.com\/flying\/air-taxi\/uk-united-kingdom\/","name":"Taxi a\u00e9rien au Royaume-Uni R\u00e9servation en ligne - Taxis volants \u00e9lectriques","isPartOf":{"@id":"https:\/\/tiketi.com\/#website"},"primaryImageOfPage":{"@id":"https:\/\/tiketi.com\/flying\/air-taxi\/uk-united-kingdom\/#primaryimage"},"image":{"@id":"https:\/\/tiketi.com\/flying\/air-taxi\/uk-united-kingdom\/#primaryimage"},"thumbnailUrl":"https:\/\/tiketi.com\/wp-content\/uploads\/2022\/01\/london-big-ben-2393098_1280.jpg","datePublished":"2022-01-19T11:53:43+00:00","dateModified":"2025-10-16T16:36:17+00:00","description":"Vous recherchez un taxi a\u00e9rien drone au Royaume-Uni, une application de r\u00e9servation en ligne, des itin\u00e9raires, des horaires et des tarifs\u00a0? Comparez les taxis a\u00e9riens et r\u00e9servez votre taxi volant pas cher en Royaume-Uni","breadcrumb":{"@id":"https:\/\/tiketi.com\/flying\/air-taxi\/uk-united-kingdom\/#breadcrumb"},"inLanguage":"fr-FR","potentialAction":[{"@type":"ReadAction","target":["https:\/\/tiketi.com\/flying\/air-taxi\/uk-united-kingdom\/"]}]},{"@type":"ImageObject","inLanguage":"fr-FR","@id":"https:\/\/tiketi.com\/flying\/air-taxi\/uk-united-kingdom\/#primaryimage","url":"https:\/\/tiketi.com\/wp-content\/uploads\/2022\/01\/london-big-ben-2393098_1280.jpg","contentUrl":"https:\/\/tiketi.com\/wp-content\/uploads\/2022\/01\/london-big-ben-2393098_1280.jpg","width":1200,"height":248,"caption":"Air Taxi in London"},{"@type":"BreadcrumbList","@id":"https:\/\/tiketi.com\/flying\/air-taxi\/uk-united-kingdom\/#breadcrumb","itemListElement":[{"@type":"ListItem","position":1,"name":"Home","item":"https:\/\/tiketi.com\/"},{"@type":"ListItem","position":2,"name":"Flying","item":"https:\/\/tiketi.com\/fr-fr\/volants\/"},{"@type":"ListItem","position":3,"name":"Air Taxi","item":"https:\/\/tiketi.com\/flying\/air-taxi\/"},{"@type":"ListItem","position":4,"name":"Air Taxi in UK Booking\u00a0\u2013 Flying Routes, Schedule &#038; Fares\u00a0"}]},{"@type":"WebSite","@id":"https:\/\/tiketi.com\/#website","url":"https:\/\/tiketi.com\/","name":"Billets d&#039;avion et de bus, forfaits touristiques et activit\u00e9s - Tiketi.com","description":"Billets d&#039;avion et de bus, Tours, Activit\u00e9s","publisher":{"@id":"https:\/\/tiketi.com\/#organization"},"potentialAction":[{"@type":"SearchAction","target":{"@type":"EntryPoint","urlTemplate":"https:\/\/tiketi.com\/?s={search_term_string}"},"query-input":{"@type":"PropertyValueSpecification","valueRequired":true,"valueName":"search_term_string"}}],"inLanguage":"fr-FR"},{"@type":"Organization","@id":"https:\/\/tiketi.com\/#organization","name":"Tiketi.com","alternateName":"Tiketi","url":"https:\/\/tiketi.com\/","logo":{"@type":"ImageObject","inLanguage":"fr-FR","@id":"https:\/\/tiketi.com\/#\/schema\/logo\/image\/","url":"https:\/\/tiketi.com\/wp-content\/uploads\/2019\/05\/tiketi-logo-696.png","contentUrl":"https:\/\/tiketi.com\/wp-content\/uploads\/2019\/05\/tiketi-logo-696.png","width":696,"height":696,"caption":"Tiketi.com"},"image":{"@id":"https:\/\/tiketi.com\/#\/schema\/logo\/image\/"},"sameAs":["https:\/\/www.facebook.com\/TiketiCom\/"]}]}},"_links":{"self":[{"href":"https:\/\/tiketi.com\/fr-fr\/wp-json\/wp\/v2\/pages\/10716","targetHints":{"allow":["GET"]}}],"collection":[{"href":"https:\/\/tiketi.com\/fr-fr\/wp-json\/wp\/v2\/pages"}],"about":[{"href":"https:\/\/tiketi.com\/fr-fr\/wp-json\/wp\/v2\/types\/page"}],"author":[{"embeddable":true,"href":"https:\/\/tiketi.com\/fr-fr\/wp-json\/wp\/v2\/users\/1"}],"replies":[{"embeddable":true,"href":"https:\/\/tiketi.com\/fr-fr\/wp-json\/wp\/v2\/comments?post=10716"}],"version-history":[{"count":4,"href":"https:\/\/tiketi.com\/fr-fr\/wp-json\/wp\/v2\/pages\/10716\/revisions"}],"predecessor-version":[{"id":34561,"href":"https:\/\/tiketi.com\/fr-fr\/wp-json\/wp\/v2\/pages\/10716\/revisions\/34561"}],"up":[{"embeddable":true,"href":"https:\/\/tiketi.com\/fr-fr\/wp-json\/wp\/v2\/pages\/25621"}],"wp:featuredmedia":[{"embeddable":true,"href":"https:\/\/tiketi.com\/fr-fr\/wp-json\/wp\/v2\/media\/14237"}],"wp:attachment":[{"href":"https:\/\/tiketi.com\/fr-fr\/wp-json\/wp\/v2\/media?parent=10716"}],"curies":[{"name":"wp","href":"https:\/\/api.w.org\/{rel}","templated":true}]}}