{"id":10717,"date":"2022-01-19T12:53:43","date_gmt":"2022-01-19T11:53:43","guid":{"rendered":"https:\/\/new.tiketi.com\/turkey-air-taxi-booking-app-electric-flying-taxis\/"},"modified":"2022-11-21T11:34:04","modified_gmt":"2022-11-21T10:34:04","slug":"turkey","status":"publish","type":"page","link":"https:\/\/tiketi.com\/fr-fr\/volants\/taxi-aerien\/turkey\/","title":{"rendered":"Taxi a\u00e9rien en Turquie R\u00e9servation - Itin\u00e9raires de vol, horaires et tarifs"},"content":{"rendered":"<h2 class=\"wp-block-heading\">Application de r\u00e9servation de taxi a\u00e9rien Electric Turkey<\/h2>\n\n\n\n<p>Le service d&#039;application de r\u00e9servation en ligne de taxi a\u00e9rien \u00e9lectrique en Turquie permet aux utilisateurs de r\u00e9server un taxi volant \u00e9lectrique en Turquie, qui sera bient\u00f4t lanc\u00e9 dans les grandes villes et les zones m\u00e9tropolitaines (Ankara, \u0130zmir, etc.) en Turquie. Les taxis a\u00e9riens autonomes en Turquie permettent de voyager pas cher et rapidement en Turquie. Ancr\u00e9e dans l&#039;histoire avec un paysage qui englobe des plages et de magnifiques montagnes, la Turquie a servi de porte d&#039;entr\u00e9e entre l&#039;Asie et l&#039;Europe pendant 1 000 ans. Le fait d&#039;\u00eatre un lieu de commerce et d&#039;\u00e9change de cultures a fait de la Turquie un pays riche en diversit\u00e9. Point de rencontre entre l&#039;Orient et l&#039;Occident, la richesse culturelle et le souffle des influenceurs ont quitt\u00e9 son march\u00e9 et sont apparus dans le paysage culinaire app\u00e9tissant du pays, ainsi que dans les innombrables monuments religieux et sites arch\u00e9ologiques. Comme pour tant d&#039;autres choses, vous pourrez faire \u00e0 tout moment et n&#039;importe o\u00f9 la r\u00e9servation d&#039;un taxi a\u00e9rien par drone en Turquie pour votre vol en taxi a\u00e9rien \u00e9lectrique.<\/p>\n\n\n\n<h2 class=\"wp-block-heading\">Voici quelques-uns des meilleurs avantages du taxi volant \u00e9lectrique en Turquie<\/h2>\n\n\n\n<h3 class=\"wp-block-heading\">Les taxis a\u00e9riens \u00e9lectriques en Turquie sont-ils bons pour l&#039;environnement ?<\/h3>\n\n\n\n<p>Lorsqu&#039;ils ont examin\u00e9 les \u00e9missions de gaz \u00e0 effet de serre par passager pour un circuit d&#039;une centaine de kilom\u00e8tres (environ soixante miles), ils ont constat\u00e9 que les taxis volants en Turquie \u00e9taient 52 % plus propres que la voiture ordinaire et 6 % plus propres que la voiture \u00e9lectrique.<\/p>\n\n\n\n<h3 class=\"wp-block-heading\">Quelles sont les caract\u00e9ristiques du taxi volant \u00e9lectrique en Turquie ?<\/h3>\n\n\n\n<p>Pour peu que les avions commerciaux, la plupart sont con\u00e7us avec des rotors au lieu d&#039;ailes, ce qui permet un atterrissage et un d\u00e9collage verticaux. Les moteurs d&#039;inclinaison, par exemple, permettent une efficacit\u00e9 en vol vers l&#039;avant sur de plus longues distances, tandis que les multirotors sont con\u00e7us pour r\u00e9duire le bruit dans les taxis a\u00e9riens en vol stationnaire en Turquie.<\/p>\n\n\n\n<h3 class=\"wp-block-heading\">Les taxis a\u00e9riens autonomes en Turquie sont-ils l\u00e9gaux ?<\/h3>\n\n\n\n<p>De toute fa\u00e7on, les taxis volants \u00e9lectriques en Turquie ne sont peut-\u00eatre pas aussi loin qu&#039;autrefois. Au moins 2 entreprises, Teerafugia et AeroMobile, ont d\u00e9velopp\u00e9 des v\u00e9hicules qui peuvent prendre leur envol, sont homologu\u00e9s pour la rue et peuvent tenir dans un garage pour un seul v\u00e9hicule.<\/p>\n\n\n\n<h3 class=\"wp-block-heading\">Le taxi volant \u00e9lectrique en Turquie volera-t-il \u00e0 l&#039;avenir ?<\/h3>\n\n\n\n<p><p>Les taxis volants \u00e9lectriques en Turquie sont g\u00e9n\u00e9ralement utilis\u00e9s pour d\u00e9crire \u00e0 quoi ressemblerait l&#039;avenir et il semble que l&#039;avenir soit d\u00e9j\u00e0 l\u00e0 car les v\u00e9hicules a\u00e9riens seront bient\u00f4t une r\u00e9alit\u00e9. La FAA a donn\u00e9 un clin d&#039;\u0153il au v\u00e9hicule a\u00e9rien hybride au sol qui peut planer \u00e0 une vitesse de cent mph.<\/p><h3>Combien co\u00fbtera un taxi volant \u00e9lectrique en Turquie ?<\/h3><\/p>\n\n\n\n<p>Au d\u00e9part, les taxis a\u00e9riens en Turquie co\u00fbteront environ $5,73 par passager-mile. Le prix du taxi drone en Turquie chutera ensuite \u00e0 $1,85 par mile passager avant d&#039;atteindre finalement le tarif incroyable du client de $0,44 par mile. Vous pouvez facilement r\u00e9server un taxi a\u00e9rien via des taxis volants \u00e9lectriques dans l&#039;application Turquie.<\/p>\n\n\n\n<h2 class=\"wp-block-heading\">Avantages de l&#039;application de r\u00e9servation de taxi a\u00e9rien \u00e9lectrique en Turquie<\/h2>\n\n\n\n<p>Parmi ses autres avantages, la r\u00e9servation en ligne de taxi drone en Turquie pourrait fournir un boom \u00e9conomique en augmentant le nombre de personnes se dirigeant vers des lieux de loisirs et de tourisme qui ne sont pas \u00e0 proximit\u00e9 des grands a\u00e9roports.<\/p>\n\n\n\n<h3 class=\"wp-block-heading\">L&#039;application de r\u00e9servation en ligne de taxi a\u00e9rien par drone en Turquie serait-elle utilis\u00e9e pour r\u00e9server un vol de taxi a\u00e9rien \u00e9lectrique\u00a0?<\/h3>\n\n\n\n<p>Oui, les clients peuvent utiliser de mani\u00e8re transparente l&#039;application de r\u00e9servation de taxi a\u00e9rien \u00e9lectrique en Turquie pour trouver le meilleur itin\u00e9raire et r\u00e9server un taxi \u00e9lectrique drone en Turquie \u00e0 tout moment et n&#039;importe o\u00f9.<\/p>","protected":false},"excerpt":{"rendered":"<p>Electric Turkey air taxi booking app Electric air taxi in Turkey online booking app service enable users to book electric flying taxi in Turkey, launching in major cities and metropolitan areas (Ankara, \u0130zmir, etc) in Turkey soon. Autonomous air taxis in Turkey makes possible to travel cheap and fast in Turkey. Steeped in history with [&hellip;]<\/p>\n","protected":false},"author":1,"featured_media":20118,"parent":25621,"menu_order":0,"comment_status":"open","ping_status":"closed","template":"template-home-modern.php","meta":{"footnotes":""},"class_list":["post-10717","page","type-page","status-publish","has-post-thumbnail","hentry"],"yoast_head":"<!-- This site is optimized with the Yoast SEO plugin v27.3 - https:\/\/yoast.com\/product\/yoast-seo-wordpress\/ -->\n<title>Air Taxi in Turkey Booking - Flying Routes, Schedule &amp; Fares<\/title>\n<meta name=\"description\" content=\"Looking for drone air taxi in Turkey online booking app, routes, schedule &amp; fares? Compare air taxis and book your cheap flying taxi in Turkey\" \/>\n<meta name=\"robots\" content=\"index, follow, max-snippet:-1, max-image-preview:large, max-video-preview:-1\" \/>\n<link rel=\"canonical\" href=\"https:\/\/tiketi.com\/fr-fr\/volants\/taxi-aerien\/turkey\/\" \/>\n<meta property=\"og:locale\" content=\"fr_FR\" \/>\n<meta property=\"og:type\" content=\"article\" \/>\n<meta property=\"og:title\" content=\"Air Taxi in Turkey Booking - Flying Routes, Schedule &amp; Fares\" \/>\n<meta property=\"og:description\" content=\"Looking for drone air taxi in Turkey online booking app, routes, schedule &amp; fares? Compare air taxis and book your cheap flying taxi in Turkey\" \/>\n<meta property=\"og:url\" content=\"https:\/\/tiketi.com\/fr-fr\/volants\/taxi-aerien\/turkey\/\" \/>\n<meta property=\"og:site_name\" content=\"Tiketi.com\" \/>\n<meta property=\"article:publisher\" content=\"https:\/\/www.facebook.com\/TiketiCom\/\" \/>\n<meta property=\"article:modified_time\" content=\"2022-11-21T10:34:04+00:00\" \/>\n<meta property=\"og:image\" content=\"https:\/\/tiketi.com\/wp-content\/uploads\/2019\/05\/istanbul-908534_1280.jpg\" \/>\n\t<meta property=\"og:image:width\" content=\"1200\" \/>\n\t<meta property=\"og:image:height\" content=\"200\" \/>\n\t<meta property=\"og:image:type\" content=\"image\/jpeg\" \/>\n<meta name=\"twitter:card\" content=\"summary_large_image\" \/>\n<meta name=\"twitter:label1\" content=\"Dur\u00e9e de lecture estim\u00e9e\" \/>\n\t<meta name=\"twitter:data1\" content=\"3 minutes\" \/>\n<script type=\"application\/ld+json\" class=\"yoast-schema-graph\">{\"@context\":\"https:\\\/\\\/schema.org\",\"@graph\":[{\"@type\":\"WebPage\",\"@id\":\"https:\\\/\\\/tiketi.com\\\/flying\\\/air-taxi\\\/turkey\\\/\",\"url\":\"https:\\\/\\\/tiketi.com\\\/flying\\\/air-taxi\\\/turkey\\\/\",\"name\":\"Air Taxi in Turkey Booking - Flying Routes, Schedule & Fares\",\"isPartOf\":{\"@id\":\"https:\\\/\\\/tiketi.com\\\/#website\"},\"primaryImageOfPage\":{\"@id\":\"https:\\\/\\\/tiketi.com\\\/flying\\\/air-taxi\\\/turkey\\\/#primaryimage\"},\"image\":{\"@id\":\"https:\\\/\\\/tiketi.com\\\/flying\\\/air-taxi\\\/turkey\\\/#primaryimage\"},\"thumbnailUrl\":\"https:\\\/\\\/tiketi.com\\\/wp-content\\\/uploads\\\/2019\\\/05\\\/istanbul-908534_1280.jpg\",\"datePublished\":\"2022-01-19T11:53:43+00:00\",\"dateModified\":\"2022-11-21T10:34:04+00:00\",\"description\":\"Looking for drone air taxi in Turkey online booking app, routes, schedule & fares? Compare air taxis and book your cheap flying taxi in Turkey\",\"breadcrumb\":{\"@id\":\"https:\\\/\\\/tiketi.com\\\/flying\\\/air-taxi\\\/turkey\\\/#breadcrumb\"},\"inLanguage\":\"fr-FR\",\"potentialAction\":[{\"@type\":\"ReadAction\",\"target\":[\"https:\\\/\\\/tiketi.com\\\/flying\\\/air-taxi\\\/turkey\\\/\"]}]},{\"@type\":\"ImageObject\",\"inLanguage\":\"fr-FR\",\"@id\":\"https:\\\/\\\/tiketi.com\\\/flying\\\/air-taxi\\\/turkey\\\/#primaryimage\",\"url\":\"https:\\\/\\\/tiketi.com\\\/wp-content\\\/uploads\\\/2019\\\/05\\\/istanbul-908534_1280.jpg\",\"contentUrl\":\"https:\\\/\\\/tiketi.com\\\/wp-content\\\/uploads\\\/2019\\\/05\\\/istanbul-908534_1280.jpg\",\"width\":1200,\"height\":200,\"caption\":\"Air Taxi in Istanbul Online Booking\"},{\"@type\":\"BreadcrumbList\",\"@id\":\"https:\\\/\\\/tiketi.com\\\/flying\\\/air-taxi\\\/turkey\\\/#breadcrumb\",\"itemListElement\":[{\"@type\":\"ListItem\",\"position\":1,\"name\":\"Home\",\"item\":\"https:\\\/\\\/tiketi.com\\\/\"},{\"@type\":\"ListItem\",\"position\":2,\"name\":\"Flying\",\"item\":\"https:\\\/\\\/tiketi.com\\\/fr-fr\\\/volants\\\/\"},{\"@type\":\"ListItem\",\"position\":3,\"name\":\"Air Taxi\",\"item\":\"https:\\\/\\\/tiketi.com\\\/flying\\\/air-taxi\\\/\"},{\"@type\":\"ListItem\",\"position\":4,\"name\":\"Air Taxi in Turkey Booking \u2013 Flying Routes, Schedule &#038; Fares\"}]},{\"@type\":\"WebSite\",\"@id\":\"https:\\\/\\\/tiketi.com\\\/#website\",\"url\":\"https:\\\/\\\/tiketi.com\\\/\",\"name\":\"Flight & Bus Tickets, Tour Packages & Activitites - Tiketi.com\",\"description\":\"Flight &amp; Bus Tickets, Tours, Activitites\",\"publisher\":{\"@id\":\"https:\\\/\\\/tiketi.com\\\/#organization\"},\"potentialAction\":[{\"@type\":\"SearchAction\",\"target\":{\"@type\":\"EntryPoint\",\"urlTemplate\":\"https:\\\/\\\/tiketi.com\\\/?s={search_term_string}\"},\"query-input\":{\"@type\":\"PropertyValueSpecification\",\"valueRequired\":true,\"valueName\":\"search_term_string\"}}],\"inLanguage\":\"fr-FR\"},{\"@type\":\"Organization\",\"@id\":\"https:\\\/\\\/tiketi.com\\\/#organization\",\"name\":\"Tiketi.com\",\"alternateName\":\"Tiketi\",\"url\":\"https:\\\/\\\/tiketi.com\\\/\",\"logo\":{\"@type\":\"ImageObject\",\"inLanguage\":\"fr-FR\",\"@id\":\"https:\\\/\\\/tiketi.com\\\/#\\\/schema\\\/logo\\\/image\\\/\",\"url\":\"https:\\\/\\\/tiketi.com\\\/wp-content\\\/uploads\\\/2019\\\/05\\\/tiketi-logo-696.png\",\"contentUrl\":\"https:\\\/\\\/tiketi.com\\\/wp-content\\\/uploads\\\/2019\\\/05\\\/tiketi-logo-696.png\",\"width\":696,\"height\":696,\"caption\":\"Tiketi.com\"},\"image\":{\"@id\":\"https:\\\/\\\/tiketi.com\\\/#\\\/schema\\\/logo\\\/image\\\/\"},\"sameAs\":[\"https:\\\/\\\/www.facebook.com\\\/TiketiCom\\\/\"]}]}<\/script>\n<!-- \/ Yoast SEO plugin. -->","yoast_head_json":{"title":"Taxi a\u00e9rien en Turquie R\u00e9servation - Itin\u00e9raires de vol, horaires et tarifs","description":"Vous recherchez une application de r\u00e9servation en ligne de taxi a\u00e9rien drone en Turquie, des itin\u00e9raires, des horaires et des tarifs\u00a0? Comparez les taxis a\u00e9riens et r\u00e9servez votre taxi volant pas cher en Turquie","robots":{"index":"index","follow":"follow","max-snippet":"max-snippet:-1","max-image-preview":"max-image-preview:large","max-video-preview":"max-video-preview:-1"},"canonical":"https:\/\/tiketi.com\/fr-fr\/volants\/taxi-aerien\/turkey\/","og_locale":"fr_FR","og_type":"article","og_title":"Air Taxi in Turkey Booking - Flying Routes, Schedule & Fares","og_description":"Looking for drone air taxi in Turkey online booking app, routes, schedule & fares? Compare air taxis and book your cheap flying taxi in Turkey","og_url":"https:\/\/tiketi.com\/fr-fr\/volants\/taxi-aerien\/turkey\/","og_site_name":"Tiketi.com","article_publisher":"https:\/\/www.facebook.com\/TiketiCom\/","article_modified_time":"2022-11-21T10:34:04+00:00","og_image":[{"width":1200,"height":200,"url":"https:\/\/tiketi.com\/wp-content\/uploads\/2019\/05\/istanbul-908534_1280.jpg","type":"image\/jpeg"}],"twitter_card":"summary_large_image","twitter_misc":{"Dur\u00e9e de lecture estim\u00e9e":"3 minutes"},"schema":{"@context":"https:\/\/schema.org","@graph":[{"@type":"WebPage","@id":"https:\/\/tiketi.com\/flying\/air-taxi\/turkey\/","url":"https:\/\/tiketi.com\/flying\/air-taxi\/turkey\/","name":"Taxi a\u00e9rien en Turquie R\u00e9servation - Itin\u00e9raires de vol, horaires et tarifs","isPartOf":{"@id":"https:\/\/tiketi.com\/#website"},"primaryImageOfPage":{"@id":"https:\/\/tiketi.com\/flying\/air-taxi\/turkey\/#primaryimage"},"image":{"@id":"https:\/\/tiketi.com\/flying\/air-taxi\/turkey\/#primaryimage"},"thumbnailUrl":"https:\/\/tiketi.com\/wp-content\/uploads\/2019\/05\/istanbul-908534_1280.jpg","datePublished":"2022-01-19T11:53:43+00:00","dateModified":"2022-11-21T10:34:04+00:00","description":"Vous recherchez une application de r\u00e9servation en ligne de taxi a\u00e9rien drone en Turquie, des itin\u00e9raires, des horaires et des tarifs\u00a0? Comparez les taxis a\u00e9riens et r\u00e9servez votre taxi volant pas cher en Turquie","breadcrumb":{"@id":"https:\/\/tiketi.com\/flying\/air-taxi\/turkey\/#breadcrumb"},"inLanguage":"fr-FR","potentialAction":[{"@type":"ReadAction","target":["https:\/\/tiketi.com\/flying\/air-taxi\/turkey\/"]}]},{"@type":"ImageObject","inLanguage":"fr-FR","@id":"https:\/\/tiketi.com\/flying\/air-taxi\/turkey\/#primaryimage","url":"https:\/\/tiketi.com\/wp-content\/uploads\/2019\/05\/istanbul-908534_1280.jpg","contentUrl":"https:\/\/tiketi.com\/wp-content\/uploads\/2019\/05\/istanbul-908534_1280.jpg","width":1200,"height":200,"caption":"Air Taxi in Istanbul Online Booking"},{"@type":"BreadcrumbList","@id":"https:\/\/tiketi.com\/flying\/air-taxi\/turkey\/#breadcrumb","itemListElement":[{"@type":"ListItem","position":1,"name":"Home","item":"https:\/\/tiketi.com\/"},{"@type":"ListItem","position":2,"name":"Flying","item":"https:\/\/tiketi.com\/fr-fr\/volants\/"},{"@type":"ListItem","position":3,"name":"Air Taxi","item":"https:\/\/tiketi.com\/flying\/air-taxi\/"},{"@type":"ListItem","position":4,"name":"Air Taxi in Turkey Booking \u2013 Flying Routes, Schedule &#038; Fares"}]},{"@type":"WebSite","@id":"https:\/\/tiketi.com\/#website","url":"https:\/\/tiketi.com\/","name":"Billets d&#039;avion et de bus, forfaits touristiques et activit\u00e9s - Tiketi.com","description":"Billets d&#039;avion et de bus, Tours, Activit\u00e9s","publisher":{"@id":"https:\/\/tiketi.com\/#organization"},"potentialAction":[{"@type":"SearchAction","target":{"@type":"EntryPoint","urlTemplate":"https:\/\/tiketi.com\/?s={search_term_string}"},"query-input":{"@type":"PropertyValueSpecification","valueRequired":true,"valueName":"search_term_string"}}],"inLanguage":"fr-FR"},{"@type":"Organization","@id":"https:\/\/tiketi.com\/#organization","name":"Tiketi.com","alternateName":"Tiketi","url":"https:\/\/tiketi.com\/","logo":{"@type":"ImageObject","inLanguage":"fr-FR","@id":"https:\/\/tiketi.com\/#\/schema\/logo\/image\/","url":"https:\/\/tiketi.com\/wp-content\/uploads\/2019\/05\/tiketi-logo-696.png","contentUrl":"https:\/\/tiketi.com\/wp-content\/uploads\/2019\/05\/tiketi-logo-696.png","width":696,"height":696,"caption":"Tiketi.com"},"image":{"@id":"https:\/\/tiketi.com\/#\/schema\/logo\/image\/"},"sameAs":["https:\/\/www.facebook.com\/TiketiCom\/"]}]}},"_links":{"self":[{"href":"https:\/\/tiketi.com\/fr-fr\/wp-json\/wp\/v2\/pages\/10717","targetHints":{"allow":["GET"]}}],"collection":[{"href":"https:\/\/tiketi.com\/fr-fr\/wp-json\/wp\/v2\/pages"}],"about":[{"href":"https:\/\/tiketi.com\/fr-fr\/wp-json\/wp\/v2\/types\/page"}],"author":[{"embeddable":true,"href":"https:\/\/tiketi.com\/fr-fr\/wp-json\/wp\/v2\/users\/1"}],"replies":[{"embeddable":true,"href":"https:\/\/tiketi.com\/fr-fr\/wp-json\/wp\/v2\/comments?post=10717"}],"version-history":[{"count":0,"href":"https:\/\/tiketi.com\/fr-fr\/wp-json\/wp\/v2\/pages\/10717\/revisions"}],"up":[{"embeddable":true,"href":"https:\/\/tiketi.com\/fr-fr\/wp-json\/wp\/v2\/pages\/25621"}],"wp:featuredmedia":[{"embeddable":true,"href":"https:\/\/tiketi.com\/fr-fr\/wp-json\/wp\/v2\/media\/20118"}],"wp:attachment":[{"href":"https:\/\/tiketi.com\/fr-fr\/wp-json\/wp\/v2\/media?parent=10717"}],"curies":[{"name":"wp","href":"https:\/\/api.w.org\/{rel}","templated":true}]}}